{"id":1033,"date":"2014-10-27T15:47:44","date_gmt":"2014-10-27T15:47:44","guid":{"rendered":"http:\/\/irprout.it\/?page_id=1033"},"modified":"2024-09-04T12:26:20","modified_gmt":"2024-09-04T11:26:20","slug":"donazioni","status":"publish","type":"page","link":"https:\/\/irprout.it\/?page_id=1033","title":{"rendered":"Donazioni e 5&#215;1000"},"content":{"rendered":"<div class=\"wpb-content-wrapper\"><p>[vc_row][vc_column width=&#8221;1\/2&#8243;][vc_column_text css=&#8221;&#8221;]<strong><span style=\"color: #ffffff; font-family: arial, helvetica, sans-serif; background-color: #99cc00; font-size: 28pt;\">&nbsp;Fai una donazione&nbsp;<br \/>\n<\/span><\/strong><span style=\"font-family: arial, helvetica, sans-serif; font-size: 14pt;\">all&#8217;Istituto di Ricerca PROUT <\/span><span style=\"font-size: 14pt; line-height: 1.4em;\">per le attivit\u00e0 e i progetti.&nbsp;<\/span><\/p>\n<div>\n<div><span style=\"font-size: 15px;\">Per effettuare&nbsp;una donazione detraibile dalla vostra dichiarazione:<br \/>\n<\/span><\/div>\n<p><span style=\"font-size: 15px;\"><strong>bonifico bancario<\/strong>, di cui conserverete la ricevuta. <\/span><\/p>\n<\/div>\n<p><span style=\"font-family: arial, helvetica, sans-serif; color: #000000; background-color: #99cc00; font-size: 12pt;\">&nbsp;intestato a: <\/span><span style=\"font-family: arial, helvetica, sans-serif; color: #000000; font-size: 12pt;\">&nbsp;IRP-ISTITUTO DI RICERCA PROUT<br \/>\n<\/span><span style=\"font-family: arial, helvetica, sans-serif; color: #000000; background-color: #99cc00; font-size: 12pt;\">&nbsp;Codice IBAN: <\/span><strong><span style=\"font-size: 12pt;\">&nbsp;IT94O0501812800000016905994<br \/>\n<\/span><\/strong><span style=\"font-family: arial, helvetica, sans-serif; color: #000000; background-color: #99cc00; font-size: 12pt;\">&nbsp;presso: <\/span><span style=\"font-size: 12pt; color: #000000; font-family: arial, helvetica, sans-serif; line-height: 1.4em;\">&nbsp;Banca Etica &#8211; Salsomaggiore Terme<br \/>\n<\/span><span style=\"background-color: #99cc00;\">Causale del bonifico:<br \/>\n<\/span><b style=\"font-family: arial, helvetica, sans-serif; font-size: 12pt;\">Erogazione liberale a favore di: <span class=\"il\">IRP<\/span> &#8211; Istituto di Ricerca PROUT<br \/>\n<\/b><b style=\"font-family: arial, helvetica, sans-serif; font-size: 12pt;\"><span class=\"il\">Codice F<\/span><span class=\"il\">iscale<\/span> <span style=\"color: #ff0000;\">91041990341<\/span><\/b><\/p>\n<p><span style=\"background-color: #99cc00;\"><span style=\"background-color: #008080; color: #ffffff;\">&nbsp; Sostegno al Notiziario &#8220;Il NeoUmanista&#8221;:&nbsp;&nbsp;<\/span><br \/>\nCausale del bonifico:<br \/>\n<\/span><b style=\"font-family: arial, helvetica, sans-serif; font-size: 12pt;\">Sostegno a favore del Notiziario &#8220;Il NeoUmanista&#8221;<\/b>[\/vc_column_text][\/vc_column][vc_column width=&#8221;1\/2&#8243;][vc_column_text]<span style=\"font-size: 28pt; background-color: #ff0000;\"><strong><span style=\"color: #ffffff; font-family: arial, helvetica, sans-serif;\">&nbsp;5 x 1000<br \/>\n<\/span><\/strong><\/span><span style=\"font-family: tahoma, arial, helvetica, sans-serif; font-size: 12pt;\">Nella dichiarazione dei redditi, qualunque sia il vostro reddito, basta inserire nella casella di destinazione del 5 per mille:<\/span><\/p>\n<div>\n<div><span style=\"font-family: arial, helvetica, sans-serif; font-size: 12pt; color: #ffffff; background-color: #ff0000;\">&nbsp;Codice Fiscale&nbsp;<\/span><br \/>\n<span style=\"font-family: arial, helvetica, sans-serif; font-size: 14pt; background-color: #ffffff;\"><b>91041990341<\/b><\/span><\/div>\n<p><span style=\"font-size: 12pt;\"><span style=\"font-family: tahoma, arial, helvetica, sans-serif;\">Non verr\u00e0 operata in questo caso alcuna detrazione o caricato alcun addebito a voi, il vostro nominativo rester\u00e0 segreto.<\/span><\/span><\/p>\n<\/div>\n<p>[\/vc_column_text][\/vc_column][\/vc_row][vc_row][vc_column][vc_column_text css=&#8221;.vc_custom_1646234138124{margin-top: -25px !important;background-color: #b8d9f9 !important;}&#8221;]<\/p>\n<p style=\"text-align: center;\"><span style=\"font-family: tahoma, arial, helvetica, sans-serif; font-size: 12pt;\">Verranno indicate e rendicontate le spese sul sito.<\/span><\/p>\n<p>[\/vc_column_text][vc_separator color=&#8221;blue&#8221; style=&#8221;shadow&#8221; border_width=&#8221;4&#8243; css=&#8221;.vc_custom_1646234093483{margin-top: -20px !important;}&#8221;][\/vc_column][\/vc_row][vc_row][vc_column width=&#8221;2\/4&#8243;][vc_column_text css=&#8221;.vc_custom_1684518291702{padding-top: 10px !important;padding-right: 10px !important;padding-bottom: 10px !important;padding-left: 10px !important;background-color: #f4e38b !important;}&#8221;]<span style=\"color: #e62222;\"><strong>Carissimi\/e tutti\/e, grazie a coloro che ci hanno devoluto il 5 x 1000.<\/strong><\/span><\/p>\n<p>Con il vostro contributo la nostra associazione ha acquistato un bio-trituratore e un rasaerba che fa il <em>mulching (sottile sminuzzamento)<\/em>. Con questi due attrezzi tutti gli scarti di potature e sfalcio vengono macinati e messi a compostare, recuperando cos\u00ec tutta la materia organica che arricchisce il terreno. Niente pi\u00f9 fal\u00f2 di rami secchi, foglie ed erbe.<\/p>\n<p>Per chi gi\u00e0 ci d\u00e0 il proprio contributo e per i nuovi donatori, ricordiamo che il nostro codice fiscale va inserito nella dichiarazione dei redditi alla voce <strong>5 x 1000.<\/strong> Vi ringraziamo fin d&#8217;ora.<\/p>\n<p>IRP-Istituto di Ricerca Prout-APS, codice fiscale: 91041990341[\/vc_column_text][\/vc_column][vc_column width=&#8221;1\/4&#8243;][vc_single_image image=&#8221;6285&#8243; img_size=&#8221;full&#8221; style=&#8221;vc_box_border&#8221; border_color=&#8221;chino&#8221;][\/vc_column][vc_column width=&#8221;1\/4&#8243;][vc_single_image image=&#8221;6284&#8243; img_size=&#8221;full&#8221; style=&#8221;vc_box_border&#8221; border_color=&#8221;chino&#8221;][\/vc_column][\/vc_row]<\/p>\n<\/div>","protected":false},"excerpt":{"rendered":"<p>[vc_row][vc_column width=&#8221;1\/2&#8243;][vc_column_text css=&#8221;&#8221;]&nbsp;Fai una donazione&nbsp; all&#8217;Istituto di Ricerca PROUT per le attivit\u00e0 e i progetti.&nbsp; Per effettuare&nbsp;una donazione detraibile dalla vostra dichiarazione: bonifico bancario, di cui conserverete la ricevuta. &nbsp;intestato a: &nbsp;IRP-ISTITUTO DI RICERCA PROUT &nbsp;Codice IBAN: &nbsp;IT94O0501812800000016905994 &nbsp;presso: &nbsp;Banca Etica &#8211; Salsomaggiore Terme Causale del bonifico: Erogazione liberale a <span class=\"excerpt-dots\">&hellip;<\/span> <a class=\"more-link\" href=\"https:\/\/irprout.it\/?page_id=1033\"><span class=\"more-msg\">Continua a leggere<\/span><\/a><\/p>\n","protected":false},"author":3,"featured_media":0,"parent":0,"menu_order":0,"comment_status":"closed","ping_status":"closed","template":"","meta":{"ngg_post_thumbnail":0,"footnotes":""},"class_list":["post-1033","page","type-page","status-publish","hentry"],"yoast_head":"<!-- This site is optimized with the Yoast SEO plugin v26.6 - https:\/\/yoast.com\/wordpress\/plugins\/seo\/ -->\n<title>Donazioni e 5x1000 - Istituto di Ricerca Prout<\/title>\n<meta name=\"robots\" content=\"index, follow, max-snippet:-1, max-image-preview:large, max-video-preview:-1\" \/>\n<link rel=\"canonical\" href=\"https:\/\/irprout.it\/?page_id=1033\" \/>\n<meta property=\"og:locale\" content=\"it_IT\" \/>\n<meta property=\"og:type\" content=\"article\" \/>\n<meta property=\"og:title\" content=\"Donazioni e 5x1000 - Istituto di Ricerca Prout\" \/>\n<meta property=\"og:description\" content=\"[vc_row][vc_column width=&#8221;1\/2&#8243;][vc_column_text css=&#8221;&#8221;]&nbsp;Fai una donazione&nbsp; all&#8217;Istituto di Ricerca PROUT per le attivit\u00e0 e i progetti.&nbsp; Per effettuare&nbsp;una donazione detraibile dalla vostra dichiarazione: bonifico bancario, di cui conserverete la ricevuta. &nbsp;intestato a: &nbsp;IRP-ISTITUTO DI RICERCA PROUT &nbsp;Codice IBAN: &nbsp;IT94O0501812800000016905994 &nbsp;presso: &nbsp;Banca Etica &#8211; Salsomaggiore Terme Causale del bonifico: Erogazione liberale a &hellip; Continua a leggere\" \/>\n<meta property=\"og:url\" content=\"https:\/\/irprout.it\/?page_id=1033\" \/>\n<meta property=\"og:site_name\" content=\"Istituto di Ricerca Prout\" \/>\n<meta property=\"article:modified_time\" content=\"2024-09-04T11:26:20+00:00\" \/>\n<meta name=\"twitter:label1\" content=\"Tempo di lettura stimato\" \/>\n\t<meta name=\"twitter:data1\" content=\"2 minuti\" \/>\n<script type=\"application\/ld+json\" class=\"yoast-schema-graph\">{\"@context\":\"https:\/\/schema.org\",\"@graph\":[{\"@type\":\"WebPage\",\"@id\":\"https:\/\/irprout.it\/?page_id=1033\",\"url\":\"https:\/\/irprout.it\/?page_id=1033\",\"name\":\"Donazioni e 5x1000 - Istituto di Ricerca Prout\",\"isPartOf\":{\"@id\":\"https:\/\/irprout.it\/#website\"},\"datePublished\":\"2014-10-27T15:47:44+00:00\",\"dateModified\":\"2024-09-04T11:26:20+00:00\",\"breadcrumb\":{\"@id\":\"https:\/\/irprout.it\/?page_id=1033#breadcrumb\"},\"inLanguage\":\"it-IT\",\"potentialAction\":[{\"@type\":\"ReadAction\",\"target\":[\"https:\/\/irprout.it\/?page_id=1033\"]}]},{\"@type\":\"BreadcrumbList\",\"@id\":\"https:\/\/irprout.it\/?page_id=1033#breadcrumb\",\"itemListElement\":[{\"@type\":\"ListItem\",\"position\":1,\"name\":\"Home\",\"item\":\"https:\/\/irprout.it\/\"},{\"@type\":\"ListItem\",\"position\":2,\"name\":\"Donazioni e 5&#215;1000\"}]},{\"@type\":\"WebSite\",\"@id\":\"https:\/\/irprout.it\/#website\",\"url\":\"https:\/\/irprout.it\/\",\"name\":\"Istituto di Ricerca Prout\",\"description\":\"Istituto di Ricerca Prout\",\"publisher\":{\"@id\":\"https:\/\/irprout.it\/#organization\"},\"potentialAction\":[{\"@type\":\"SearchAction\",\"target\":{\"@type\":\"EntryPoint\",\"urlTemplate\":\"https:\/\/irprout.it\/?s={search_term_string}\"},\"query-input\":{\"@type\":\"PropertyValueSpecification\",\"valueRequired\":true,\"valueName\":\"search_term_string\"}}],\"inLanguage\":\"it-IT\"},{\"@type\":\"Organization\",\"@id\":\"https:\/\/irprout.it\/#organization\",\"name\":\"Istituto di Ricerca Prout\",\"url\":\"https:\/\/irprout.it\/\",\"logo\":{\"@type\":\"ImageObject\",\"inLanguage\":\"it-IT\",\"@id\":\"https:\/\/irprout.it\/#\/schema\/logo\/image\/\",\"url\":\"http:\/\/irprout.it\/wp-content\/uploads\/2014\/10\/logo_IRP_albero300Cor.jpg\",\"contentUrl\":\"http:\/\/irprout.it\/wp-content\/uploads\/2014\/10\/logo_IRP_albero300Cor.jpg\",\"width\":303,\"height\":304,\"caption\":\"Istituto di Ricerca Prout\"},\"image\":{\"@id\":\"https:\/\/irprout.it\/#\/schema\/logo\/image\/\"}}]}<\/script>\n<!-- \/ Yoast SEO plugin. -->","yoast_head_json":{"title":"Donazioni e 5x1000 - Istituto di Ricerca Prout","robots":{"index":"index","follow":"follow","max-snippet":"max-snippet:-1","max-image-preview":"max-image-preview:large","max-video-preview":"max-video-preview:-1"},"canonical":"https:\/\/irprout.it\/?page_id=1033","og_locale":"it_IT","og_type":"article","og_title":"Donazioni e 5x1000 - Istituto di Ricerca Prout","og_description":"[vc_row][vc_column width=&#8221;1\/2&#8243;][vc_column_text css=&#8221;&#8221;]&nbsp;Fai una donazione&nbsp; all&#8217;Istituto di Ricerca PROUT per le attivit\u00e0 e i progetti.&nbsp; Per effettuare&nbsp;una donazione detraibile dalla vostra dichiarazione: bonifico bancario, di cui conserverete la ricevuta. &nbsp;intestato a: &nbsp;IRP-ISTITUTO DI RICERCA PROUT &nbsp;Codice IBAN: &nbsp;IT94O0501812800000016905994 &nbsp;presso: &nbsp;Banca Etica &#8211; Salsomaggiore Terme Causale del bonifico: Erogazione liberale a &hellip; Continua a leggere","og_url":"https:\/\/irprout.it\/?page_id=1033","og_site_name":"Istituto di Ricerca Prout","article_modified_time":"2024-09-04T11:26:20+00:00","twitter_misc":{"Tempo di lettura stimato":"2 minuti"},"schema":{"@context":"https:\/\/schema.org","@graph":[{"@type":"WebPage","@id":"https:\/\/irprout.it\/?page_id=1033","url":"https:\/\/irprout.it\/?page_id=1033","name":"Donazioni e 5x1000 - Istituto di Ricerca Prout","isPartOf":{"@id":"https:\/\/irprout.it\/#website"},"datePublished":"2014-10-27T15:47:44+00:00","dateModified":"2024-09-04T11:26:20+00:00","breadcrumb":{"@id":"https:\/\/irprout.it\/?page_id=1033#breadcrumb"},"inLanguage":"it-IT","potentialAction":[{"@type":"ReadAction","target":["https:\/\/irprout.it\/?page_id=1033"]}]},{"@type":"BreadcrumbList","@id":"https:\/\/irprout.it\/?page_id=1033#breadcrumb","itemListElement":[{"@type":"ListItem","position":1,"name":"Home","item":"https:\/\/irprout.it\/"},{"@type":"ListItem","position":2,"name":"Donazioni e 5&#215;1000"}]},{"@type":"WebSite","@id":"https:\/\/irprout.it\/#website","url":"https:\/\/irprout.it\/","name":"Istituto di Ricerca Prout","description":"Istituto di Ricerca Prout","publisher":{"@id":"https:\/\/irprout.it\/#organization"},"potentialAction":[{"@type":"SearchAction","target":{"@type":"EntryPoint","urlTemplate":"https:\/\/irprout.it\/?s={search_term_string}"},"query-input":{"@type":"PropertyValueSpecification","valueRequired":true,"valueName":"search_term_string"}}],"inLanguage":"it-IT"},{"@type":"Organization","@id":"https:\/\/irprout.it\/#organization","name":"Istituto di Ricerca Prout","url":"https:\/\/irprout.it\/","logo":{"@type":"ImageObject","inLanguage":"it-IT","@id":"https:\/\/irprout.it\/#\/schema\/logo\/image\/","url":"http:\/\/irprout.it\/wp-content\/uploads\/2014\/10\/logo_IRP_albero300Cor.jpg","contentUrl":"http:\/\/irprout.it\/wp-content\/uploads\/2014\/10\/logo_IRP_albero300Cor.jpg","width":303,"height":304,"caption":"Istituto di Ricerca Prout"},"image":{"@id":"https:\/\/irprout.it\/#\/schema\/logo\/image\/"}}]}},"_links":{"self":[{"href":"https:\/\/irprout.it\/index.php?rest_route=\/wp\/v2\/pages\/1033","targetHints":{"allow":["GET"]}}],"collection":[{"href":"https:\/\/irprout.it\/index.php?rest_route=\/wp\/v2\/pages"}],"about":[{"href":"https:\/\/irprout.it\/index.php?rest_route=\/wp\/v2\/types\/page"}],"author":[{"embeddable":true,"href":"https:\/\/irprout.it\/index.php?rest_route=\/wp\/v2\/users\/3"}],"replies":[{"embeddable":true,"href":"https:\/\/irprout.it\/index.php?rest_route=%2Fwp%2Fv2%2Fcomments&post=1033"}],"version-history":[{"count":15,"href":"https:\/\/irprout.it\/index.php?rest_route=\/wp\/v2\/pages\/1033\/revisions"}],"predecessor-version":[{"id":7113,"href":"https:\/\/irprout.it\/index.php?rest_route=\/wp\/v2\/pages\/1033\/revisions\/7113"}],"wp:attachment":[{"href":"https:\/\/irprout.it\/index.php?rest_route=%2Fwp%2Fv2%2Fmedia&parent=1033"}],"curies":[{"name":"wp","href":"https:\/\/api.w.org\/{rel}","templated":true}]}}