{"id":1051,"date":"2014-10-28T18:54:42","date_gmt":"2014-10-28T18:54:42","guid":{"rendered":"http:\/\/irprout.it\/?page_id=1051"},"modified":"2015-02-21T14:03:33","modified_gmt":"2015-02-21T13:03:33","slug":"lavoro","status":"publish","type":"page","link":"https:\/\/irprout.it\/?page_id=1051","title":{"rendered":"LAVORO"},"content":{"rendered":"<p><span style=\"font-size: 28pt;\"><strong><span style=\"font-family: arial, helvetica, sans-serif;\"><span style=\"color: #ffffff; background-color: #993366;\"><img decoding=\"async\" class=\"alignnone  wp-image-2494 alignright lazyload\" data-src=\"https:\/\/irprout.it\/wp-content\/uploads\/2014\/11\/LAVORO_OLIO-300x195.jpg\" alt=\"LAVORO_OLIO\" width=\"379\" height=\"258\" src=\"data:image\/svg+xml;base64,PHN2ZyB3aWR0aD0iMSIgaGVpZ2h0PSIxIiB4bWxucz0iaHR0cDovL3d3dy53My5vcmcvMjAwMC9zdmciPjwvc3ZnPg==\" style=\"--smush-placeholder-width: 379px; --smush-placeholder-aspect-ratio: 379\/258;\" \/><\/span><\/span><\/strong><\/span><\/p>\n<p><span style=\"font-size: 28pt;\"><strong><span style=\"font-family: arial, helvetica, sans-serif;\"><span style=\"color: #ffffff; background-color: #993366;\">\u00a0lavoro\u00a0<\/span><\/span><\/strong><\/span><\/p>\n<p><span style=\"color: #000000; font-family: arial, helvetica, sans-serif; font-size: 14pt;\">Il PROUT si distingue perch\u00e9 appoggia sempre le popolazioni sfruttate, senza distinzione di razza, nazione, religione, ecc, e si oppone sempre a tutti i tipi di sfruttamento.<\/span><\/p>\n<p><span style=\"background-color: #99cc00; font-size: 16pt;\"><span style=\"color: #000000; font-family: arial, helvetica, sans-serif;\">La povert\u00e0 \u00e8 il problema principale nel mondo d&#8217;oggi,<\/span>e PROUT mette al primo posto l\u2019opposizione allo <strong>sfruttamento economico<\/strong>, poich\u00e9 incide sulla vita e l&#8217;esistenza delle persone.<\/span><\/p>\n<p><span style=\"font-family: arial, helvetica, sans-serif;\">Al fine di sradicare lo sfruttamento e costruire una societ\u00e0 giusta e benevola, dovrebbero essere tenuti in considerazione i seguenti sei obiettivi:<\/span><\/p>\n<p style=\"text-align: left;\"><span style=\"color: #ffffff; font-family: arial, helvetica, sans-serif; background-color: #993366; font-size: 18pt;\"><strong>\u00a01. 100% di occupazione per la popolazione locale\u00a0<\/strong><\/span><\/p>\n<p><span style=\"font-family: arial, helvetica, sans-serif;\"><strong><a href=\"https:\/\/irprout.it\/wp-content\/uploads\/2014\/10\/lavoro_intell_bn.jpg\"><img decoding=\"async\" class=\"wp-image-1057 alignright lazyload\" data-src=\"https:\/\/irprout.it\/wp-content\/uploads\/2014\/10\/lavoro_intell_bn.jpg\" alt=\"lavoro_intell_bn\" width=\"324\" height=\"210\" data-srcset=\"https:\/\/irprout.it\/wp-content\/uploads\/2014\/10\/lavoro_intell_bn.jpg 368w, https:\/\/irprout.it\/wp-content\/uploads\/2014\/10\/lavoro_intell_bn-300x193.jpg 300w\" data-sizes=\"(max-width: 324px) 100vw, 324px\" src=\"data:image\/svg+xml;base64,PHN2ZyB3aWR0aD0iMSIgaGVpZ2h0PSIxIiB4bWxucz0iaHR0cDovL3d3dy53My5vcmcvMjAwMC9zdmciPjwvc3ZnPg==\" style=\"--smush-placeholder-width: 324px; --smush-placeholder-aspect-ratio: 324\/210;\" \/><\/a>E&#8217; necessario\u00a0arrivare al 100% di occupazione per la popolazione locale.<\/strong><\/span><br \/>\n<span style=\"font-family: arial, helvetica, sans-serif;\"> Il diritto fondamentale di tutte le persone \u00e8 di avere garantite le minime necessit\u00e0 per l&#8217;esistenza, che includono per lo meno: alimenti, vestiario, alloggio, istruzione e cure mediche. Questo diritto fondamentale dovrebbe essere realizzato attraverso il 100% di occupazione garantita, non attraverso i sussidi o il razionamento.<\/span><\/p>\n<p style=\"text-align: left;\"><strong><span style=\"color: #ffffff; font-family: arial, helvetica, sans-serif;\"><span style=\"color: #993366;\"><span style=\"font-size: 14pt; background-color: #993366; color: #ffffff;\">\u00a0Definizione di\u00a0Popolazione locale\u00a0<\/span>\u00a0<\/span><\/span><\/strong><\/p>\n<p><span style=\"font-family: arial, helvetica, sans-serif; color: #000000;\"><strong>E&#8217; l&#8217;insieme di coloro che hanno unito i propri interessi socio-economici individuali con gli interessi socio-economici del gruppo socio-economico in cui vivono.<\/strong><\/span><br \/>\n<span style=\"font-family: arial, helvetica, sans-serif; color: #000000;\"> <em>(Vale a dire persone che contribuiscono a pieno titolo allo sviluppo locale)<\/em><\/span><\/p>\n<p><span style=\"font-family: arial, helvetica, sans-serif;\"><strong>La considerazione\u00a0primaria (criterio) \u00e8 se le persone hanno fuso i propri interessi individuali con la\u00a0propria unit\u00e0 socio-economica, indipendentemente dal colore, credo, razza, lingua madre, luogo di nascita, ecc.<br \/>\n<\/strong><em>(Qui viene ribaltata la nozione di cittadinanza del tipo IUS-Soli o IUS-Sanguinis, vale a dire se si \u00e8 nati nel paese o se si \u00e8 discendenti di cittadini locali. Viene stabilito un altro parametro: \u00e8 cittadino locale chi contribuisce al benessere della popolazione locale, perch\u00e9 ha i medesimi interessi socio-economici&#8230;)<\/em><\/span><\/p>\n<p><span style=\"font-family: arial, helvetica, sans-serif;\"><strong>Coloro che traggono il proprio sostentamento in una determinata unit\u00e0 socio-economica, ma spendono i loro guadagni in un&#8217;altra unit\u00e0 socio-economica devono essere considerati come estranei o persone non locali,<\/strong> poich\u00e9 questa pratica non \u00e8 conforme agli interessi del gruppo socio-economico in cui essi\u00a0lavorano. Il risultato \u00e8 il \u2018drenaggio di capitale\u2019 necessario per il continuo avanzamento di tale unit\u00e0 e mina il suo sviluppo economico.<\/span><\/p>\n<p style=\"text-align: left;\"><span style=\"color: #993366; font-family: arial, helvetica, sans-serif; font-size: 14pt;\"><strong>\u00a0<span style=\"background-color: #993366; color: #ffffff;\">\u00a0Chiusura delle BORSE mondiali (mercati speculativi)\u00a0<\/span>\u00a0<\/strong><\/span><\/p>\n<p><span style=\"font-family: arial, helvetica, sans-serif;\"><a href=\"https:\/\/irprout.it\/wp-content\/uploads\/2014\/10\/indici_borsa.jpg\"><img decoding=\"async\" class=\"wp-image-1059 alignright lazyload\" data-src=\"https:\/\/irprout.it\/wp-content\/uploads\/2014\/10\/indici_borsa.jpg\" alt=\"indici_borsa\" width=\"324\" height=\"225\" src=\"data:image\/svg+xml;base64,PHN2ZyB3aWR0aD0iMSIgaGVpZ2h0PSIxIiB4bWxucz0iaHR0cDovL3d3dy53My5vcmcvMjAwMC9zdmciPjwvc3ZnPg==\" style=\"--smush-placeholder-width: 324px; --smush-placeholder-aspect-ratio: 324\/225;\" \/><\/a>I capitalisti, nella loro forma singolare o collettiva, sono gli sfruttatori pi\u00f9 perniciosi di oggi. In tutto il mondo sfruttano le economie locali e drenano la loro ricchezza. In quasi tutti i casi i profitti che ne derivano vengono spesi al di fuori dell&#8217;area locale e trasferiti agli azionisti esterni e aziende di controllo.<\/span><\/p>\n<p><span style=\"font-family: arial, helvetica, sans-serif;\"><strong>Una misura essenziale per controllare questo sfruttamento economico \u00e8 che i mercati speculativi in tutti i paesi del mondo debbano essere chiusi immediatamente.<\/strong><\/span><\/p>\n<p><span style=\"font-family: arial, helvetica, sans-serif; font-size: 14pt; background-color: #99cc00;\"><span style=\"color: #333333;\">Per creare il 100% di occupazione tra la popolazione locale, PROUT appoggia\u00a0una pianificazione economica a breve e a lungo termine.<\/span><\/span><\/p>\n<p style=\"text-align: left;\"><span style=\"color: #ffffff; background-color: #993366; font-size: 14pt;\"><strong>\u00a0Piani a breve termine\u00a0<\/strong><\/span><\/p>\n<p><span style=\"font-family: arial, helvetica, sans-serif;\"><strong>Nei piani a breve termine troviamo: creazione\u00a0immediata di industrie ad alta intensit\u00e0 di manodopera<\/strong>, con il principio di fornire i requisiti minimi collettivi dell\u2019esistenza, o rendere pi\u00f9 produttive quelle gi\u00e0 presenti. Il principio su cui queste industrie si basano dovrebbe essere la <strong>motivazione di consumo,\u00a0<\/strong><strong>non di profitto.<\/strong><\/span><\/p>\n<p><span style=\"font-family: arial, helvetica, sans-serif;\"><em>(Motivazione di CONSUMO, significa che il profitto dell&#8217;attivit\u00e0 in questione deve essere razionale e la produzione orientata a soddisfare le reali esigenze della popolazione. Spesso la produzione di beni anche voluttuari \u00e8 sponsorizzata dalla pubblicit\u00e0 per indurre dei bisogni artificiali, solo per motivazioni di profitto.<\/em><\/span><br \/>\n<span style=\"font-family: arial, helvetica, sans-serif;\"> <em>Dovremmo sapere che un paese pu\u00f2 sopravvivere se risponde alla domanda interna e ha\u00a0un 10-15% di esportazioni)<\/em><\/span><\/p>\n<p><span style=\"color: #ffffff; font-family: arial, helvetica, sans-serif; background-color: #993366; font-size: 14pt;\"><strong>\u00a0Piani a lungo termine\u00a0<\/strong><\/span><\/p>\n<p><span style=\"font-family: arial, helvetica, sans-serif;\">Sviluppo di <strong>industrie ad alta intensit\u00e0 di capitale<\/strong>, per aumentare la capacit\u00e0 produttiva dell\u2019unit\u00e0 socio-economica.<\/span><\/p>\n<p><span style=\"font-size: 14pt;\"><strong><span style=\"font-family: arial, helvetica, sans-serif; color: #993366;\">Struttura\u00a0economica<\/span><\/strong><\/span><\/p>\n<p><span style=\"font-family: arial, helvetica, sans-serif; font-size: 10pt;\">Il PROUT sostiene una struttura economica a tre livelli: <strong>imprese private di piccola scala<\/strong>, <strong>cooperative<\/strong> di medie dimensioni e <strong>industrie chiave<\/strong> su larga scala gestite dall\u2019Amministrazione locale pi\u00f9 vicina.<\/span><\/p>\n<p><span style=\"font-family: arial, helvetica, sans-serif; font-size: 10pt;\">Tale struttura economica dovrebbe porre le sue radici sui principi di:<\/span><\/p>\n<ul style=\"text-align: left;\">\n<li><span style=\"font-family: arial, helvetica, sans-serif; color: #993366; font-size: 10pt;\"><strong>Autosufficienza economica,<\/strong><\/span><\/li>\n<li><span style=\"font-family: arial, helvetica, sans-serif; color: #993366; font-size: 10pt;\"><strong>Massima utilizzazione,<\/strong><\/span><\/li>\n<li><span style=\"font-family: arial, helvetica, sans-serif; color: #993366; font-size: 10pt;\"><strong>Distribuzione razionale,<\/strong><\/span><\/li>\n<li><span style=\"font-family: arial, helvetica, sans-serif; color: #993366; font-size: 10pt;\"><strong>Decentramento produttivo<\/strong><\/span><\/li>\n<li><span style=\"font-family: arial, helvetica, sans-serif; color: #993366; font-size: 10pt;\"><strong>Razionalizzazione e aumento progressivo del tenore di vita di tutte le persone.<\/strong><\/span><\/li>\n<\/ul>\n<p><span style=\"font-family: arial, helvetica, sans-serif;\">Attraverso la creazione costante di nuove industrie, di nuovi prodotti e nuove tecniche di produzione che incorporano le pi\u00f9 recenti scoperte scientifiche, si pu\u00f2 aumentare la vitalit\u00e0 economica. Come parte del piano economico a lungo termine, pu\u00f2 essere progressivamente ridotto l&#8217;orario di lavoro per mantenere la piena occupazione.<\/span><\/p>\n<p><span style=\"font-family: arial, helvetica, sans-serif;\"><em>(Da notare che l&#8217;Autosufficienza Economica, opposta alla attuale Globalizzazione Economica, \u00e8 fattore essenziale per la piena occupazione).<\/em><\/span><\/p>\n<p style=\"text-align: left;\"><span style=\"color: #993366; font-family: arial, helvetica, sans-serif; font-size: 14pt;\"><strong>Surplus e deficit di lavoro<\/strong><\/span><\/p>\n<p><span style=\"font-family: arial, helvetica, sans-serif;\"><a href=\"https:\/\/irprout.it\/wp-content\/uploads\/2014\/10\/lavoro_manuale.jpg\"><img decoding=\"async\" class=\"wp-image-1058 alignright lazyload\" data-src=\"https:\/\/irprout.it\/wp-content\/uploads\/2014\/10\/lavoro_manuale.jpg\" alt=\"lavoro_manuale\" width=\"324\" height=\"217\" data-srcset=\"https:\/\/irprout.it\/wp-content\/uploads\/2014\/10\/lavoro_manuale.jpg 400w, https:\/\/irprout.it\/wp-content\/uploads\/2014\/10\/lavoro_manuale-300x200.jpg 300w\" data-sizes=\"(max-width: 324px) 100vw, 324px\" src=\"data:image\/svg+xml;base64,PHN2ZyB3aWR0aD0iMSIgaGVpZ2h0PSIxIiB4bWxucz0iaHR0cDovL3d3dy53My5vcmcvMjAwMC9zdmciPjwvc3ZnPg==\" style=\"--smush-placeholder-width: 324px; --smush-placeholder-aspect-ratio: 324\/217;\" \/><\/a>Inoltre, per risolvere il problema della disoccupazione sia a breve che a lungo termine si dovrebbero <strong>comprendere accuratamente le tendenze al surplus o al deficit di lavoro manuale e intellettuale<\/strong>. <em>(Vale a dire le previsioni di aumento\u00a0della manodopera specializzata, o di lavoratori intellettuali sfornati dalla scuola, etc.)<\/em>.<\/span><\/p>\n<p style=\"text-align: left;\"><span style=\"color: #993366; font-family: arial, helvetica, sans-serif; font-size: 14pt;\"><strong>Programmi di riqualificazione<\/strong><\/span><\/p>\n<p><span style=\"font-family: arial, helvetica, sans-serif;\">Nei\u00a0casi in cui esiste un deficit di manodopera per un settore in espansione, i <strong>programmi di riqualificazione<\/strong> possono dotare i lavoratori delle competenze necessarie per l&#8217;occupazione.<\/span><\/p>\n<p style=\"text-align: left;\"><span style=\"font-family: arial, helvetica, sans-serif; color: #993366; font-size: 14pt;\"><strong>Sviluppo Rurale<\/strong><\/span><\/p>\n<p><span style=\"font-family: arial, helvetica, sans-serif;\"><strong>Un altro modo per aiutare a risolvere la disoccupazione, in particolare nelle comunit\u00e0 rurali, \u00e8 l&#8217;utilizzo delle <span style=\"color: #993366;\">piante che favoriscono l\u2019autosufficienza economica<\/span>.<\/strong><\/span><\/p>\n<p><span style=\"font-family: arial, helvetica, sans-serif;\">Tutte le unit\u00e0 socio-economiche hanno la potenzialit\u00e0 di aumentare le variet\u00e0 di piante e colture, abbinando adeguatamente le stesse con le caratteristiche del suolo, la topografia e le condizioni climatiche, ecc.<\/span><\/p>\n<p><span style=\"font-family: arial, helvetica, sans-serif;\">Il <strong>rimboschimento<\/strong> pu\u00f2 recuperare regioni aride e semi-aride, e alcune piante uniche come la felce (Puranica), che ha la capacit\u00e0 di attrarre le nuvole, pu\u00f2 aiutare radicalmente a trasformare le precipitazioni e le condizioni meteorologiche di una regione. Le industrie Agro- e Agrico-alimentari, <em>(Agrico-alimentari: aziende che producono macchinari e attrezzature pre-raccolto)<\/em>, che utilizzano il potenziale produttivo di colture e piante diverse, possono aiutare a risolvere la disoccupazione rurale, con la creazione di una serie di beni e servizi. <strong>Ci sono molte dimensioni di questo rivoluzionario programma di razionalizzazione dell\u2019utilizzo delle piante, che \u00e8 anche espressione concreta degli ideali di Neo-Umanesimo.<\/strong><\/span><\/p>\n<p><span style=\"font-family: arial, helvetica, sans-serif; font-size: 14pt; background-color: #99cc00; color: #000000;\">Per risolvere questo e altri pressanti problemi socio-economici, sarebbe doveroso lanciare in tutto il mondo dei movimenti popolari basati sull&#8217;idea\u00a0di\u00a0anti-sfruttamento e su sentimenti universali. Tali movimenti dovrebbero opporsi ad ogni forma di sfruttamento economico, psichico, culturale e psico-economico. Inoltre dovrebbero intraprendere adeguati programmi pratici per migliorare il benessere della popolazione a 360 gradi.<\/span><\/p>\n<p style=\"text-align: left;\"><span style=\"color: #993366; background-color: #e6e6e6; font-size: 14pt;\"><strong>\u00a0Gli altri 5 punti\u00a0<\/strong><\/span><\/p>\n<ul style=\"text-align: left;\">\n<li><span style=\"color: #ffffff; font-family: arial, helvetica, sans-serif; background-color: #993366; font-size: 14pt;\"><strong>\u00a0Massimo sviluppo industriale\u00a0<\/strong><\/span><\/li>\n<li><span style=\"color: #ffffff; font-family: arial, helvetica, sans-serif; background-color: #993366; font-size: 14pt;\"><strong>\u00a0Evitare l&#8217;Importazione di prodotti di primaria necessit\u00e0\u00a0<\/strong><\/span><\/li>\n<li><span style=\"color: #ffffff; font-family: arial, helvetica, sans-serif; background-color: #993366; font-size: 14pt;\"><strong>\u00a0La lingua locale come strumento di istruzione\u00a0<\/strong><\/span><\/li>\n<li><span style=\"color: #ffffff; font-family: arial, helvetica, sans-serif; background-color: #993366; font-size: 14pt;\"><strong>\u00a0La lingua locale come principale mezzo di comunicazione\u00a0<\/strong><\/span><\/li>\n<li><span style=\"color: #ffffff; font-family: arial, helvetica, sans-serif; background-color: #993366; font-size: 14pt;\"><strong>\u00a0Valutare le necessit\u00e0 e richieste socio-economiche locali\u00a0<\/strong><\/span><\/li>\n<\/ul>\n<p><span style=\"font-family: arial, helvetica, sans-serif;\">Opuscolo: Socio-Economic Movements<\/span><\/p>\n","protected":false},"excerpt":{"rendered":"<p>\u00a0lavoro\u00a0 Il PROUT si distingue perch\u00e9 appoggia sempre le popolazioni sfruttate, senza distinzione di razza, nazione, religione, ecc, e si oppone sempre a tutti i tipi di sfruttamento. La povert\u00e0 \u00e8 il problema principale nel mondo d&#8217;oggi,e PROUT mette al primo posto l\u2019opposizione allo sfruttamento economico, poich\u00e9 incide sulla vita <span class=\"excerpt-dots\">&hellip;<\/span> <a class=\"more-link\" href=\"https:\/\/irprout.it\/?page_id=1051\"><span class=\"more-msg\">Continua a leggere<\/span><\/a><\/p>\n","protected":false},"author":3,"featured_media":0,"parent":41,"menu_order":0,"comment_status":"closed","ping_status":"closed","template":"","meta":{"ngg_post_thumbnail":0,"footnotes":""},"class_list":["post-1051","page","type-page","status-publish","hentry"],"yoast_head":"<!-- This site is optimized with the Yoast SEO plugin v26.6 - https:\/\/yoast.com\/wordpress\/plugins\/seo\/ -->\n<title>LAVORO - Istituto di Ricerca Prout<\/title>\n<meta name=\"robots\" content=\"index, follow, max-snippet:-1, max-image-preview:large, max-video-preview:-1\" \/>\n<link rel=\"canonical\" href=\"https:\/\/irprout.it\/?page_id=1051\" \/>\n<meta property=\"og:locale\" content=\"it_IT\" \/>\n<meta property=\"og:type\" content=\"article\" \/>\n<meta property=\"og:title\" content=\"LAVORO - Istituto di Ricerca Prout\" \/>\n<meta property=\"og:description\" content=\"\u00a0lavoro\u00a0 Il PROUT si distingue perch\u00e9 appoggia sempre le popolazioni sfruttate, senza distinzione di razza, nazione, religione, ecc, e si oppone sempre a tutti i tipi di sfruttamento. La povert\u00e0 \u00e8 il problema principale nel mondo d&#8217;oggi,e PROUT mette al primo posto l\u2019opposizione allo sfruttamento economico, poich\u00e9 incide sulla vita &hellip; Continua a leggere\" \/>\n<meta property=\"og:url\" content=\"https:\/\/irprout.it\/?page_id=1051\" \/>\n<meta property=\"og:site_name\" content=\"Istituto di Ricerca Prout\" \/>\n<meta property=\"article:modified_time\" content=\"2015-02-21T13:03:33+00:00\" \/>\n<meta property=\"og:image\" content=\"http:\/\/irprout.it\/wp-content\/uploads\/2014\/11\/LAVORO_OLIO-300x195.jpg\" \/>\n<meta name=\"twitter:label1\" content=\"Tempo di lettura stimato\" \/>\n\t<meta name=\"twitter:data1\" content=\"5 minuti\" \/>\n<script type=\"application\/ld+json\" class=\"yoast-schema-graph\">{\"@context\":\"https:\/\/schema.org\",\"@graph\":[{\"@type\":\"WebPage\",\"@id\":\"https:\/\/irprout.it\/?page_id=1051\",\"url\":\"https:\/\/irprout.it\/?page_id=1051\",\"name\":\"LAVORO - Istituto di Ricerca Prout\",\"isPartOf\":{\"@id\":\"https:\/\/irprout.it\/#website\"},\"primaryImageOfPage\":{\"@id\":\"https:\/\/irprout.it\/?page_id=1051#primaryimage\"},\"image\":{\"@id\":\"https:\/\/irprout.it\/?page_id=1051#primaryimage\"},\"thumbnailUrl\":\"http:\/\/irprout.it\/wp-content\/uploads\/2014\/11\/LAVORO_OLIO-300x195.jpg\",\"datePublished\":\"2014-10-28T18:54:42+00:00\",\"dateModified\":\"2015-02-21T13:03:33+00:00\",\"breadcrumb\":{\"@id\":\"https:\/\/irprout.it\/?page_id=1051#breadcrumb\"},\"inLanguage\":\"it-IT\",\"potentialAction\":[{\"@type\":\"ReadAction\",\"target\":[\"https:\/\/irprout.it\/?page_id=1051\"]}]},{\"@type\":\"ImageObject\",\"inLanguage\":\"it-IT\",\"@id\":\"https:\/\/irprout.it\/?page_id=1051#primaryimage\",\"url\":\"https:\/\/irprout.it\/wp-content\/uploads\/2014\/11\/LAVORO_OLIO.jpg\",\"contentUrl\":\"https:\/\/irprout.it\/wp-content\/uploads\/2014\/11\/LAVORO_OLIO.jpg\",\"width\":952,\"height\":619},{\"@type\":\"BreadcrumbList\",\"@id\":\"https:\/\/irprout.it\/?page_id=1051#breadcrumb\",\"itemListElement\":[{\"@type\":\"ListItem\",\"position\":1,\"name\":\"Home\",\"item\":\"https:\/\/irprout.it\/\"},{\"@type\":\"ListItem\",\"position\":2,\"name\":\"TEMI\",\"item\":\"https:\/\/irprout.it\/?page_id=119\"},{\"@type\":\"ListItem\",\"position\":3,\"name\":\"PROUT: SISTEMA ECONOMICO INTEGRATO\",\"item\":\"https:\/\/irprout.it\/?page_id=41\"},{\"@type\":\"ListItem\",\"position\":4,\"name\":\"LAVORO\"}]},{\"@type\":\"WebSite\",\"@id\":\"https:\/\/irprout.it\/#website\",\"url\":\"https:\/\/irprout.it\/\",\"name\":\"Istituto di Ricerca Prout\",\"description\":\"Istituto di Ricerca Prout\",\"publisher\":{\"@id\":\"https:\/\/irprout.it\/#organization\"},\"potentialAction\":[{\"@type\":\"SearchAction\",\"target\":{\"@type\":\"EntryPoint\",\"urlTemplate\":\"https:\/\/irprout.it\/?s={search_term_string}\"},\"query-input\":{\"@type\":\"PropertyValueSpecification\",\"valueRequired\":true,\"valueName\":\"search_term_string\"}}],\"inLanguage\":\"it-IT\"},{\"@type\":\"Organization\",\"@id\":\"https:\/\/irprout.it\/#organization\",\"name\":\"Istituto di Ricerca Prout\",\"url\":\"https:\/\/irprout.it\/\",\"logo\":{\"@type\":\"ImageObject\",\"inLanguage\":\"it-IT\",\"@id\":\"https:\/\/irprout.it\/#\/schema\/logo\/image\/\",\"url\":\"http:\/\/irprout.it\/wp-content\/uploads\/2014\/10\/logo_IRP_albero300Cor.jpg\",\"contentUrl\":\"http:\/\/irprout.it\/wp-content\/uploads\/2014\/10\/logo_IRP_albero300Cor.jpg\",\"width\":303,\"height\":304,\"caption\":\"Istituto di Ricerca Prout\"},\"image\":{\"@id\":\"https:\/\/irprout.it\/#\/schema\/logo\/image\/\"}}]}<\/script>\n<!-- \/ Yoast SEO plugin. -->","yoast_head_json":{"title":"LAVORO - Istituto di Ricerca Prout","robots":{"index":"index","follow":"follow","max-snippet":"max-snippet:-1","max-image-preview":"max-image-preview:large","max-video-preview":"max-video-preview:-1"},"canonical":"https:\/\/irprout.it\/?page_id=1051","og_locale":"it_IT","og_type":"article","og_title":"LAVORO - Istituto di Ricerca Prout","og_description":"\u00a0lavoro\u00a0 Il PROUT si distingue perch\u00e9 appoggia sempre le popolazioni sfruttate, senza distinzione di razza, nazione, religione, ecc, e si oppone sempre a tutti i tipi di sfruttamento. La povert\u00e0 \u00e8 il problema principale nel mondo d&#8217;oggi,e PROUT mette al primo posto l\u2019opposizione allo sfruttamento economico, poich\u00e9 incide sulla vita &hellip; Continua a leggere","og_url":"https:\/\/irprout.it\/?page_id=1051","og_site_name":"Istituto di Ricerca Prout","article_modified_time":"2015-02-21T13:03:33+00:00","og_image":[{"url":"http:\/\/irprout.it\/wp-content\/uploads\/2014\/11\/LAVORO_OLIO-300x195.jpg","type":"","width":"","height":""}],"twitter_misc":{"Tempo di lettura stimato":"5 minuti"},"schema":{"@context":"https:\/\/schema.org","@graph":[{"@type":"WebPage","@id":"https:\/\/irprout.it\/?page_id=1051","url":"https:\/\/irprout.it\/?page_id=1051","name":"LAVORO - Istituto di Ricerca Prout","isPartOf":{"@id":"https:\/\/irprout.it\/#website"},"primaryImageOfPage":{"@id":"https:\/\/irprout.it\/?page_id=1051#primaryimage"},"image":{"@id":"https:\/\/irprout.it\/?page_id=1051#primaryimage"},"thumbnailUrl":"http:\/\/irprout.it\/wp-content\/uploads\/2014\/11\/LAVORO_OLIO-300x195.jpg","datePublished":"2014-10-28T18:54:42+00:00","dateModified":"2015-02-21T13:03:33+00:00","breadcrumb":{"@id":"https:\/\/irprout.it\/?page_id=1051#breadcrumb"},"inLanguage":"it-IT","potentialAction":[{"@type":"ReadAction","target":["https:\/\/irprout.it\/?page_id=1051"]}]},{"@type":"ImageObject","inLanguage":"it-IT","@id":"https:\/\/irprout.it\/?page_id=1051#primaryimage","url":"https:\/\/irprout.it\/wp-content\/uploads\/2014\/11\/LAVORO_OLIO.jpg","contentUrl":"https:\/\/irprout.it\/wp-content\/uploads\/2014\/11\/LAVORO_OLIO.jpg","width":952,"height":619},{"@type":"BreadcrumbList","@id":"https:\/\/irprout.it\/?page_id=1051#breadcrumb","itemListElement":[{"@type":"ListItem","position":1,"name":"Home","item":"https:\/\/irprout.it\/"},{"@type":"ListItem","position":2,"name":"TEMI","item":"https:\/\/irprout.it\/?page_id=119"},{"@type":"ListItem","position":3,"name":"PROUT: SISTEMA ECONOMICO INTEGRATO","item":"https:\/\/irprout.it\/?page_id=41"},{"@type":"ListItem","position":4,"name":"LAVORO"}]},{"@type":"WebSite","@id":"https:\/\/irprout.it\/#website","url":"https:\/\/irprout.it\/","name":"Istituto di Ricerca Prout","description":"Istituto di Ricerca Prout","publisher":{"@id":"https:\/\/irprout.it\/#organization"},"potentialAction":[{"@type":"SearchAction","target":{"@type":"EntryPoint","urlTemplate":"https:\/\/irprout.it\/?s={search_term_string}"},"query-input":{"@type":"PropertyValueSpecification","valueRequired":true,"valueName":"search_term_string"}}],"inLanguage":"it-IT"},{"@type":"Organization","@id":"https:\/\/irprout.it\/#organization","name":"Istituto di Ricerca Prout","url":"https:\/\/irprout.it\/","logo":{"@type":"ImageObject","inLanguage":"it-IT","@id":"https:\/\/irprout.it\/#\/schema\/logo\/image\/","url":"http:\/\/irprout.it\/wp-content\/uploads\/2014\/10\/logo_IRP_albero300Cor.jpg","contentUrl":"http:\/\/irprout.it\/wp-content\/uploads\/2014\/10\/logo_IRP_albero300Cor.jpg","width":303,"height":304,"caption":"Istituto di Ricerca Prout"},"image":{"@id":"https:\/\/irprout.it\/#\/schema\/logo\/image\/"}}]}},"_links":{"self":[{"href":"https:\/\/irprout.it\/index.php?rest_route=\/wp\/v2\/pages\/1051","targetHints":{"allow":["GET"]}}],"collection":[{"href":"https:\/\/irprout.it\/index.php?rest_route=\/wp\/v2\/pages"}],"about":[{"href":"https:\/\/irprout.it\/index.php?rest_route=\/wp\/v2\/types\/page"}],"author":[{"embeddable":true,"href":"https:\/\/irprout.it\/index.php?rest_route=\/wp\/v2\/users\/3"}],"replies":[{"embeddable":true,"href":"https:\/\/irprout.it\/index.php?rest_route=%2Fwp%2Fv2%2Fcomments&post=1051"}],"version-history":[{"count":42,"href":"https:\/\/irprout.it\/index.php?rest_route=\/wp\/v2\/pages\/1051\/revisions"}],"predecessor-version":[{"id":2746,"href":"https:\/\/irprout.it\/index.php?rest_route=\/wp\/v2\/pages\/1051\/revisions\/2746"}],"up":[{"embeddable":true,"href":"https:\/\/irprout.it\/index.php?rest_route=\/wp\/v2\/pages\/41"}],"wp:attachment":[{"href":"https:\/\/irprout.it\/index.php?rest_route=%2Fwp%2Fv2%2Fmedia&parent=1051"}],"curies":[{"name":"wp","href":"https:\/\/api.w.org\/{rel}","templated":true}]}}