{"id":1096,"date":"2014-10-29T19:04:27","date_gmt":"2014-10-29T19:04:27","guid":{"rendered":"http:\/\/irprout.it\/?page_id=1096"},"modified":"2014-10-30T18:20:41","modified_gmt":"2014-10-30T18:20:41","slug":"luigi-secco-presentazione-metodo","status":"publish","type":"page","link":"https:\/\/irprout.it\/?page_id=1096","title":{"rendered":"LUIGI SECCO: presentazione Metodo"},"content":{"rendered":"<h2 style=\"text-align: center;\"><span style=\"color: #993300;\"><strong>Si parla per Sillabe, si Scrivere per Lettere<\/strong><\/span><\/h2>\n<p style=\"text-align: center;\"><em><span style=\"font-size: 12pt;\">Il Metodo del Maestro Meneghello per la letto-scrittura<\/span><\/em><\/p>\n<p>&nbsp;<\/p>\n<hr \/>\n<p style=\"text-align: center;\"><strong><em>Il lavoro di Giovanni Meneghello si presenta come una vera \u00a0novit\u00e0 nel campo della ricerca pedagogico-educativa. La sua pubblicazione e divulgazione consente di mettere a profitto del pubblico interessato un nuovo patrimonio scientifico, costituito dalla &#8220;scoperta&#8221; di un metodo che, a buon diritto, si deve ascrivere tra le conquiste della ricerca teorica, pratica e didattica.<\/em><\/strong><\/p>\n<hr \/>\n<p>PRESENTAZIONE<br \/>\n<strong>del Prof. Luigi Secco<br \/>\nal Convegno Infinitamente<\/strong><\/p>\n<p>Le innovazioni pedagogico-educative hanno sempre a monte l&#8217;intuizione creativa di persone geniali appassionate nel sovvenire alle nuove generazioni, non solo nella normalit\u00e0 dei soggetti in via di sviluppo, ma anche nei soggetti con particolari difficolt\u00e0. Taluni hanno speso una vita intera per offrire i migliori risultati del loro studio e furono tenaci, anche se non sempre debitamente considerati. Genialit\u00e0 e passione sono state premiate magari in ritardo ma con riconoscimenti entrati nella storia.<\/p>\n<p>Tra l&#8217;impegno di queste persone ed il frutto delle loro ricerche \u00e8 certamente da collocare il contributo innovativo del Maestro Giovanni Meneghello: ha intuito la validit\u00e0 di un metodo, l&#8217;ha perfezionato nel corso di diversi anni ed ora lo presenta in un volume con il titolo &#8220;Si parla per sillabe, si scrive per lettere: significativa innovazione nell&#8217;apprendimento della letto-scrittura&#8221;.<\/p>\n<p>Meneghello prende per guida di riferimento una acuta analisi psicologica delle capacit\u00e0 di apprendimento del bambino nella loro scaturigine e nel loro progressivo dischiudersi con interventi mirati ad offrire adeguati stimoli e contenuti. L&#8217;A. precisa in forma sintetica ma grandemente incisiva: &#8220;L&#8217;intento di questa nuova metodologia \u00e8 di &#8220;ricondurre&#8221; anche l&#8217;apprendimento del linguaggio alfabetico ad essere rispondente all&#8217;organizzazione propria del cervello&#8230; Essa capovolge i procedimenti ed i processi finora suggeriti e, riconoscendo la preminenza naturale e filogenetica del linguaggio parlato su quello alfabetico, organizza una originale messa in corrispondenza fono-grafica che viene compiuta esclusivamente per sillabe &#8211; foniche e grafiche &#8211; globali. E&#8217; cos\u00ec favorita da subito l&#8217;instaurazione del meccanismo cerebrale della capacit\u00e0 corticale del linguaggio alfabetico per impulsi sillabici unitari \u00a0in precisa corrispondenza con quelli della capacit\u00e0 del linguaggio parlato, che porta direttamente ad una competenza di letto-scrittura per sillabe globali&#8221;.<\/p>\n<p>La madre e la maestra dovranno costruire la loro competenza prendendo in considerazione l&#8217;apporto della natura, osservando in concreto i singoli casi, ed avvalendosi delle indicazioni del cammino metodologico: si dovr\u00e0 far conto sui piccoli passi progressivi senza fretta di scavalcare i tempi della natura, la cui scansione \u00e8 interna al metodo.<\/p>\n<p>E&#8217; un metodo, meticolosamente descritto e documentato, in cui le leggi di natura hanno piena esaltazione, contro ogni costume acritico e al di l\u00e0 di ogni preteso &#8220;buon senso&#8221;, sovente considerato lo spazio della fantasia dell&#8217;educatore.<\/p>\n<p>A corredo della validit\u00e0 del metodo, l&#8217;A. dispone di notevoli conferme, testimoniate da genitori e maestre che hanno correttamente recepito e intelligentemente applicato il metodo. Questo va rilevato in particolare perch\u00e9 le applicazioni didattiche non possono essere n\u00e9 capite n\u00e9 correttamente applicate isolandole dalla teoria che le sostiene. Siamo, pertanto, di fronte alla necessit\u00e0 di una adeguata &#8220;formazione&#8221; che pu\u00f2 essere acquisita attraverso \u00a0un \u00a0approfondito studio ed in particolare \u00a0attraverso uno specifico corso di aggiornamento: entrambe vie idonee a qualificare questa moderna &#8220;professionalit\u00e0&#8221;.<\/p>\n<p><strong>Ritengo che le mamme e le maestre che vorranno conoscere e adottare questo sistema, faranno un grande dono ai loro pi\u00f9 piccoli, i quali hanno diritto di aprirsi alla vita di comunicazione con l&#8217;utilizzo saggio delle loro risorse.\u00a0<\/strong><\/p>\n<p><strong>Prof. Luigi Secco *<\/strong><\/p>\n<p><em>* Gi\u00e0 Professore Ordinario di Pedagogia nelle Universit\u00e0 di Padova e Verona e preside della Facolt\u00e0 di Lettere e filosofia dell&#8217;Universit\u00e0 di Verona. E&#8217; professore emerito. Ha avviato scambi per lo studio della Pedagogia Interculturale con le Universit\u00e0 di Catania, Palermo, Friburgo (Germania),Salonicco e Florina (Grecia), Southampton (Inghilterra). Collabora col Centro Studi Interculturali dell&#8217;Universit\u00e0 di Verona.<\/em><\/p>\n","protected":false},"excerpt":{"rendered":"<p>Si parla per Sillabe, si Scrivere per Lettere Il Metodo del Maestro Meneghello per la letto-scrittura &nbsp; Il lavoro di Giovanni Meneghello si presenta come una vera \u00a0novit\u00e0 nel campo della ricerca pedagogico-educativa. La sua pubblicazione e divulgazione consente di mettere a profitto del pubblico interessato un nuovo patrimonio scientifico, <span class=\"excerpt-dots\">&hellip;<\/span> <a class=\"more-link\" href=\"https:\/\/irprout.it\/?page_id=1096\"><span class=\"more-msg\">Continua a leggere<\/span><\/a><\/p>\n","protected":false},"author":3,"featured_media":0,"parent":0,"menu_order":0,"comment_status":"closed","ping_status":"closed","template":"","meta":{"ngg_post_thumbnail":0,"footnotes":""},"class_list":["post-1096","page","type-page","status-publish","hentry"],"yoast_head":"<!-- This site is optimized with the Yoast SEO plugin v26.6 - https:\/\/yoast.com\/wordpress\/plugins\/seo\/ -->\n<title>LUIGI SECCO: presentazione Metodo - Istituto di Ricerca Prout<\/title>\n<meta name=\"robots\" content=\"index, follow, max-snippet:-1, max-image-preview:large, max-video-preview:-1\" \/>\n<link rel=\"canonical\" href=\"https:\/\/irprout.it\/?page_id=1096\" \/>\n<meta property=\"og:locale\" content=\"it_IT\" \/>\n<meta property=\"og:type\" content=\"article\" \/>\n<meta property=\"og:title\" content=\"LUIGI SECCO: presentazione Metodo - Istituto di Ricerca Prout\" \/>\n<meta property=\"og:description\" content=\"Si parla per Sillabe, si Scrivere per Lettere Il Metodo del Maestro Meneghello per la letto-scrittura &nbsp; Il lavoro di Giovanni Meneghello si presenta come una vera \u00a0novit\u00e0 nel campo della ricerca pedagogico-educativa. La sua pubblicazione e divulgazione consente di mettere a profitto del pubblico interessato un nuovo patrimonio scientifico, &hellip; Continua a leggere\" \/>\n<meta property=\"og:url\" content=\"https:\/\/irprout.it\/?page_id=1096\" \/>\n<meta property=\"og:site_name\" content=\"Istituto di Ricerca Prout\" \/>\n<meta property=\"article:modified_time\" content=\"2014-10-30T18:20:41+00:00\" \/>\n<meta name=\"twitter:label1\" content=\"Tempo di lettura stimato\" \/>\n\t<meta name=\"twitter:data1\" content=\"3 minuti\" \/>\n<script type=\"application\/ld+json\" class=\"yoast-schema-graph\">{\"@context\":\"https:\/\/schema.org\",\"@graph\":[{\"@type\":\"WebPage\",\"@id\":\"https:\/\/irprout.it\/?page_id=1096\",\"url\":\"https:\/\/irprout.it\/?page_id=1096\",\"name\":\"LUIGI SECCO: presentazione Metodo - Istituto di Ricerca Prout\",\"isPartOf\":{\"@id\":\"https:\/\/irprout.it\/#website\"},\"datePublished\":\"2014-10-29T19:04:27+00:00\",\"dateModified\":\"2014-10-30T18:20:41+00:00\",\"breadcrumb\":{\"@id\":\"https:\/\/irprout.it\/?page_id=1096#breadcrumb\"},\"inLanguage\":\"it-IT\",\"potentialAction\":[{\"@type\":\"ReadAction\",\"target\":[\"https:\/\/irprout.it\/?page_id=1096\"]}]},{\"@type\":\"BreadcrumbList\",\"@id\":\"https:\/\/irprout.it\/?page_id=1096#breadcrumb\",\"itemListElement\":[{\"@type\":\"ListItem\",\"position\":1,\"name\":\"Home\",\"item\":\"https:\/\/irprout.it\/\"},{\"@type\":\"ListItem\",\"position\":2,\"name\":\"LUIGI SECCO: presentazione Metodo\"}]},{\"@type\":\"WebSite\",\"@id\":\"https:\/\/irprout.it\/#website\",\"url\":\"https:\/\/irprout.it\/\",\"name\":\"Istituto di Ricerca Prout\",\"description\":\"Istituto di Ricerca Prout\",\"publisher\":{\"@id\":\"https:\/\/irprout.it\/#organization\"},\"potentialAction\":[{\"@type\":\"SearchAction\",\"target\":{\"@type\":\"EntryPoint\",\"urlTemplate\":\"https:\/\/irprout.it\/?s={search_term_string}\"},\"query-input\":{\"@type\":\"PropertyValueSpecification\",\"valueRequired\":true,\"valueName\":\"search_term_string\"}}],\"inLanguage\":\"it-IT\"},{\"@type\":\"Organization\",\"@id\":\"https:\/\/irprout.it\/#organization\",\"name\":\"Istituto di Ricerca Prout\",\"url\":\"https:\/\/irprout.it\/\",\"logo\":{\"@type\":\"ImageObject\",\"inLanguage\":\"it-IT\",\"@id\":\"https:\/\/irprout.it\/#\/schema\/logo\/image\/\",\"url\":\"http:\/\/irprout.it\/wp-content\/uploads\/2014\/10\/logo_IRP_albero300Cor.jpg\",\"contentUrl\":\"http:\/\/irprout.it\/wp-content\/uploads\/2014\/10\/logo_IRP_albero300Cor.jpg\",\"width\":303,\"height\":304,\"caption\":\"Istituto di Ricerca Prout\"},\"image\":{\"@id\":\"https:\/\/irprout.it\/#\/schema\/logo\/image\/\"}}]}<\/script>\n<!-- \/ Yoast SEO plugin. -->","yoast_head_json":{"title":"LUIGI SECCO: presentazione Metodo - Istituto di Ricerca Prout","robots":{"index":"index","follow":"follow","max-snippet":"max-snippet:-1","max-image-preview":"max-image-preview:large","max-video-preview":"max-video-preview:-1"},"canonical":"https:\/\/irprout.it\/?page_id=1096","og_locale":"it_IT","og_type":"article","og_title":"LUIGI SECCO: presentazione Metodo - Istituto di Ricerca Prout","og_description":"Si parla per Sillabe, si Scrivere per Lettere Il Metodo del Maestro Meneghello per la letto-scrittura &nbsp; Il lavoro di Giovanni Meneghello si presenta come una vera \u00a0novit\u00e0 nel campo della ricerca pedagogico-educativa. La sua pubblicazione e divulgazione consente di mettere a profitto del pubblico interessato un nuovo patrimonio scientifico, &hellip; Continua a leggere","og_url":"https:\/\/irprout.it\/?page_id=1096","og_site_name":"Istituto di Ricerca Prout","article_modified_time":"2014-10-30T18:20:41+00:00","twitter_misc":{"Tempo di lettura stimato":"3 minuti"},"schema":{"@context":"https:\/\/schema.org","@graph":[{"@type":"WebPage","@id":"https:\/\/irprout.it\/?page_id=1096","url":"https:\/\/irprout.it\/?page_id=1096","name":"LUIGI SECCO: presentazione Metodo - Istituto di Ricerca Prout","isPartOf":{"@id":"https:\/\/irprout.it\/#website"},"datePublished":"2014-10-29T19:04:27+00:00","dateModified":"2014-10-30T18:20:41+00:00","breadcrumb":{"@id":"https:\/\/irprout.it\/?page_id=1096#breadcrumb"},"inLanguage":"it-IT","potentialAction":[{"@type":"ReadAction","target":["https:\/\/irprout.it\/?page_id=1096"]}]},{"@type":"BreadcrumbList","@id":"https:\/\/irprout.it\/?page_id=1096#breadcrumb","itemListElement":[{"@type":"ListItem","position":1,"name":"Home","item":"https:\/\/irprout.it\/"},{"@type":"ListItem","position":2,"name":"LUIGI SECCO: presentazione Metodo"}]},{"@type":"WebSite","@id":"https:\/\/irprout.it\/#website","url":"https:\/\/irprout.it\/","name":"Istituto di Ricerca Prout","description":"Istituto di Ricerca Prout","publisher":{"@id":"https:\/\/irprout.it\/#organization"},"potentialAction":[{"@type":"SearchAction","target":{"@type":"EntryPoint","urlTemplate":"https:\/\/irprout.it\/?s={search_term_string}"},"query-input":{"@type":"PropertyValueSpecification","valueRequired":true,"valueName":"search_term_string"}}],"inLanguage":"it-IT"},{"@type":"Organization","@id":"https:\/\/irprout.it\/#organization","name":"Istituto di Ricerca Prout","url":"https:\/\/irprout.it\/","logo":{"@type":"ImageObject","inLanguage":"it-IT","@id":"https:\/\/irprout.it\/#\/schema\/logo\/image\/","url":"http:\/\/irprout.it\/wp-content\/uploads\/2014\/10\/logo_IRP_albero300Cor.jpg","contentUrl":"http:\/\/irprout.it\/wp-content\/uploads\/2014\/10\/logo_IRP_albero300Cor.jpg","width":303,"height":304,"caption":"Istituto di Ricerca Prout"},"image":{"@id":"https:\/\/irprout.it\/#\/schema\/logo\/image\/"}}]}},"_links":{"self":[{"href":"https:\/\/irprout.it\/index.php?rest_route=\/wp\/v2\/pages\/1096","targetHints":{"allow":["GET"]}}],"collection":[{"href":"https:\/\/irprout.it\/index.php?rest_route=\/wp\/v2\/pages"}],"about":[{"href":"https:\/\/irprout.it\/index.php?rest_route=\/wp\/v2\/types\/page"}],"author":[{"embeddable":true,"href":"https:\/\/irprout.it\/index.php?rest_route=\/wp\/v2\/users\/3"}],"replies":[{"embeddable":true,"href":"https:\/\/irprout.it\/index.php?rest_route=%2Fwp%2Fv2%2Fcomments&post=1096"}],"version-history":[{"count":4,"href":"https:\/\/irprout.it\/index.php?rest_route=\/wp\/v2\/pages\/1096\/revisions"}],"predecessor-version":[{"id":1166,"href":"https:\/\/irprout.it\/index.php?rest_route=\/wp\/v2\/pages\/1096\/revisions\/1166"}],"wp:attachment":[{"href":"https:\/\/irprout.it\/index.php?rest_route=%2Fwp%2Fv2%2Fmedia&parent=1096"}],"curies":[{"name":"wp","href":"https:\/\/api.w.org\/{rel}","templated":true}]}}