{"id":1121,"date":"2014-10-30T16:51:05","date_gmt":"2014-10-30T16:51:05","guid":{"rendered":"http:\/\/irprout.it\/?page_id=1121"},"modified":"2015-05-18T08:39:32","modified_gmt":"2015-05-18T07:39:32","slug":"riforma-agraria","status":"publish","type":"page","link":"https:\/\/irprout.it\/?page_id=1121","title":{"rendered":"RIFORMA AGRARIA"},"content":{"rendered":"<p style=\"text-align: left;\"><strong><span style=\"color: #ffffff; font-size: 28pt; font-family: arial, helvetica, sans-serif; background-color: #ff6600;\">\u00a0riforma agraria in 5 mosse\u00a0<\/span><\/strong><\/p>\n<p style=\"text-align: left;\"><span style=\"color: #000000; font-size: 14pt; background-color: #99cc00;\"><span style=\"font-family: tahoma, arial, helvetica, sans-serif;\">Ad oggi non \u00e8 stata\u00a0adeguatamente\u00a0sviluppata la\u00a0struttura dell&#8217;agricoltura.\u00a0Secondo il PROUT, <strong>all&#8217;agricoltura dovrebbe essere attribuito lo status di<\/strong> &#8216;<strong>industria<\/strong>&#8216;.<\/span><\/span><br \/>\n<span style=\"color: #000000; font-size: 14pt; background-color: #99cc00;\"> <span style=\"font-family: tahoma, arial, helvetica, sans-serif;\">Nell&#8217;industria i costi delle materie prime, il costo del lavoro, gli interessi sui prestiti, gli ammortamenti, i costi di manutenzione, il profitto, il tasso di produttivit\u00e0, ecc., sono fissi e inclusi nel calcolo dei costi. In agricoltura ci\u00f2\u00a0non \u00e8 stato fatto, cos\u00ec produrre, di solito \u00e8 diventato antieconomico.\u00a0<\/span><\/span><\/p>\n<p>&nbsp;<\/p>\n<p><img decoding=\"async\" class=\"aligncenter size-full wp-image-1363 lazyload\" data-src=\"https:\/\/irprout.it\/wp-content\/uploads\/2014\/10\/costi-agricoltura-industria.jpg\" alt=\"costi-agricoltura-industria\" width=\"644\" height=\"239\" data-srcset=\"https:\/\/irprout.it\/wp-content\/uploads\/2014\/10\/costi-agricoltura-industria.jpg 644w, https:\/\/irprout.it\/wp-content\/uploads\/2014\/10\/costi-agricoltura-industria-300x111.jpg 300w, https:\/\/irprout.it\/wp-content\/uploads\/2014\/10\/costi-agricoltura-industria-500x185.jpg 500w\" data-sizes=\"(max-width: 644px) 100vw, 644px\" src=\"data:image\/svg+xml;base64,PHN2ZyB3aWR0aD0iMSIgaGVpZ2h0PSIxIiB4bWxucz0iaHR0cDovL3d3dy53My5vcmcvMjAwMC9zdmciPjwvc3ZnPg==\" style=\"--smush-placeholder-width: 644px; --smush-placeholder-aspect-ratio: 644\/239;\" \/><\/p>\n<h3><strong>Gli agricoltori sono costretti a vendere i loro prodotti a prezzi bassi a causa delle circostanze di mercato. Ci\u00f2\u00a0\u00e8 noto come un &#8220;distress sale&#8221;.<br \/>\n<span style=\"color: #000000; font-size: 12pt; background-color: #99cc00;\">Se l&#8217;agricoltura \u00e8 trattata come un&#8217;industria,\u00a0tutte le condizioni dell&#8217;industria\u00a0dovrebbero applicarsi all&#8217;agricoltura e quando questo si verificher\u00e0, gli agricoltori non saranno pi\u00f9 trascurati<\/span><span style=\"font-size: 12pt; font-family: arial, helvetica, sans-serif;\"><span style=\"color: #000000; background-color: #99cc00;\">,<\/span><span style=\"color: #000000; background-color: #99cc00;\"> non ci sar\u00e0 alcuna differenziazione nel metodo di sviluppo e di calcolo dei costi di\u00a0agricoltura e industria.<\/span><\/span><\/strong><\/h3>\n<p>&nbsp;<\/p>\n<h3><span style=\"color: #ffffff; font-size: 16pt; font-family: arial, helvetica, sans-serif; background-color: #ff6600;\"><strong>\u00a0Situazione Italiana\u00a0<\/strong><\/span><\/h3>\n<hr \/>\n<ul>\n<li><strong>Il 95% delle propriet\u00e0 ha un&#8217;estensione dai 5 ai 10 ettari<\/strong> (ISTAT).<br \/>\nIn queste condizioni \u00e8 quasi impossibile una sufficiente meccanizzazione, un&#8217;adeguato livello di produzione e di reddito.<\/li>\n<li><strong>Importazione massiccia di prodotti agricoli<\/strong> dall&#8217;estero hanno distrutto il tessuto produttivo locale<\/li>\n<li><strong>Mancata pianificazione delle produzioni<\/strong> crea surplus di prodotti e calo dei prezzi alla produzione<\/li>\n<li><strong>Mancato stoccaggio delle produzioni agricole<\/strong>, crea dipendenza da altri paesi<\/li>\n<li><strong>Prezzi alla produzione da strozzinaggio<\/strong> da parte della grande distribuzione, verso i produttori locali<\/li>\n<\/ul>\n<p>&nbsp;<\/p>\n<hr \/>\n<h3><span style=\"color: #ffffff; font-size: 16pt; font-family: arial, helvetica, sans-serif; background-color: #ff6600;\">\u00a0Riforma Agraria Proutista\u00a0<\/span><\/h3>\n<h3><span style=\"color: #000000; font-size: 12pt; font-family: arial, helvetica, sans-serif; background-color: #99cc00;\"><span style=\"color: #ffffff; background-color: #000000;\">\u00a01 Passo:<\/span> Determinazione delle\u00a0Aree Agricole Economicamente Sostenibili<\/span><\/h3>\n<p>Sarkar ha posto una condizione per la ripresa dell&#8217;Agricoltura: che si <strong>definiscano le AREE ECONOMICHE,<\/strong> ovvero aree agricole sostenibili dal punto di vista economico, dove l&#8217;output sia superiore all&#8217;input. La loro estensione va oltre i confini delle singole propriet\u00e0 agricole e sono definite in base alla fertilit\u00e0 del suolo, piovosit\u00e0, clima, altitudine etc. Certo le aree agricole collinari saranno pi\u00f9 estese di quelle in pianura a causa della minore produttivit\u00e0, o fertilit\u00e0.<\/p>\n<p><img decoding=\"async\" class=\"aligncenter size-full wp-image-1364 lazyload\" data-src=\"https:\/\/irprout.it\/wp-content\/uploads\/2014\/10\/area_ec_sostenibile.jpg\" alt=\"area_ec_sostenibile\" width=\"676\" height=\"261\" data-srcset=\"https:\/\/irprout.it\/wp-content\/uploads\/2014\/10\/area_ec_sostenibile.jpg 676w, https:\/\/irprout.it\/wp-content\/uploads\/2014\/10\/area_ec_sostenibile-300x115.jpg 300w, https:\/\/irprout.it\/wp-content\/uploads\/2014\/10\/area_ec_sostenibile-500x193.jpg 500w\" data-sizes=\"(max-width: 676px) 100vw, 676px\" src=\"data:image\/svg+xml;base64,PHN2ZyB3aWR0aD0iMSIgaGVpZ2h0PSIxIiB4bWxucz0iaHR0cDovL3d3dy53My5vcmcvMjAwMC9zdmciPjwvc3ZnPg==\" style=\"--smush-placeholder-width: 676px; --smush-placeholder-aspect-ratio: 676\/261;\" \/><\/p>\n<p>Le piccole propriet\u00e0 sono anacronistiche e non permettono una buona utilizzazione dei terreni.<\/p>\n<h3><span style=\"color: #ffffff; background-color: #000000;\">\u00a02. Passo:<span style=\"color: #000000; background-color: #99cc00;\"> Associazione delle terre di diversi agricoltori.<\/span><\/span><\/h3>\n<p>I proprietari degli appezzamenti agricoli, rimangono proprietari delle terre, che decidono di mettere i comune, eventualmente vi lavorano in associazione con gli altri proprietari dei terreni agricoli.<\/p>\n<p><strong>Un Esempio, se 10 agricoltori\u00a0lavorano in comune le loro terre:<\/strong><\/p>\n<ul>\n<li>Si aumenter\u00e0 la superficie arabile poich\u00e9 le aree dei confini potranno essere eliminate<\/li>\n<li>Ci sar\u00e0 necessit\u00e0 di 1 solo trattore e di altri macchinari invece di 10 per il lavoro nell&#8217;area economicamente sostenibile.<\/li>\n<li>Si potranno avere prezzi migliori per fertilizzanti e concimi per quantit\u00e0 maggiori.<\/li>\n<li>Si avr\u00e0 maggiore peso nella contrattazione del prezzo dei prodotti agricoli,\u00a0essendo un&#8217;associazione di agricoltori<\/li>\n<li>Il lavoro collettivo risulter\u00e0 pi\u00f9 efficiente per le diverse capacit\u00e0 e competenze dei diversi agricoltori<\/li>\n<\/ul>\n<p>Nel processo di associazione delle terre, il suggerimento \u00e8 di partire con le terre incolte e aggregare quelle gi\u00e0 utilizzate.<\/p>\n<p><strong><span style=\"font-size: 12pt; font-family: arial, helvetica, sans-serif; color: #ffffff; background-color: #000000;\">\u00a03. Passo:<\/span><span style=\"color: #000000; font-size: 12pt; font-family: arial, helvetica, sans-serif; background-color: #99cc00;\"> Suddivisione del reddito\u00a0<\/span><\/strong><\/p>\n<p><strong>Sarkar propone che la suddivisione del reddito da produzione e attivit\u00e0 agricola<\/strong> sia cos\u00ec suddiviso:<\/p>\n<ul>\n<li>50% suddiviso in proporzione al terreno conferito all&#8217;associazione degli agricoltori o cooperativa<\/li>\n<li>50% suddiviso in base al lavoro effettuato da ciascun associato<\/li>\n<li>Se un associato non lavoro avr\u00e0 la sola rendita del terreno messo in comune.<\/li>\n<\/ul>\n<p>&nbsp;<\/p>\n<h3><span style=\"font-size: 12pt; font-family: arial, helvetica, sans-serif; color: #ffffff; background-color: #000000;\">\u00a04. Passo:<span style=\"color: #000000; background-color: #99cc00;\"> Agricoltura integrata\u00a0<\/span><\/span><\/h3>\n<p>Per un reddito pi\u00f9 sicuro e maggiore utilizzazione delle potenzialit\u00e0 della terra, il PROUT propone la produzione integrata, dove pi\u00f9 attivit\u00e0 possono conferire maggiore sicurezza all&#8217;associazione o cooperativa agricola.<\/p>\n<p><a href=\"https:\/\/irprout.it\/wp-content\/uploads\/2014\/10\/agric-integrata.gif\"><img decoding=\"async\" class=\"aligncenter  wp-image-1370 lazyload\" data-src=\"https:\/\/irprout.it\/wp-content\/uploads\/2014\/10\/agric-integrata.gif\" alt=\"agric-integrata\" width=\"526\" height=\"393\" src=\"data:image\/svg+xml;base64,PHN2ZyB3aWR0aD0iMSIgaGVpZ2h0PSIxIiB4bWxucz0iaHR0cDovL3d3dy53My5vcmcvMjAwMC9zdmciPjwvc3ZnPg==\" style=\"--smush-placeholder-width: 526px; --smush-placeholder-aspect-ratio: 526\/393;\" \/><\/a><\/p>\n<p>&nbsp;<\/p>\n<p>Se una associazione agricola applica l&#8217;<strong>agricoltura integrata<\/strong>, nel caso di calamit\u00e0 che colpiscono un settore di produzione, si mantiene un adeguato livello di reddito con le altre produzioni.<\/p>\n<p>Inoltre <strong>sar\u00e0 possibile realizzare dei centri di ricerca<\/strong>, per le colture, sugli abbinamenti delle piante per migliorare la quantit\u00e0 prodotta, fitofarmaci naturali etc., \u00a0poich\u00e9 le dimensioni dell&#8217;azienda agricola lo permettono.<\/p>\n<p><strong><span style=\"color: #000000; font-size: 12pt; font-family: arial, helvetica, sans-serif; background-color: #99cc00;\"><span style=\"color: #ffffff; background-color: #000000;\">\u00a05. Passo:<\/span> Conferimento diretto alle Cooperative di consumo\u00a0<\/span><\/strong><\/p>\n<p>Per evitare il collo di bottiglia della grande distribuzione, che se da un lato permette la commercializzazione dei prodotti su tutto il territorio nazionale, non permette agli agricoltori un&#8217;adeguata sopravvivenza, sar\u00e0 necessario <strong>organizzare delle vere cooperative di distribuzione<\/strong> dei prodotti agricoli, per un mercato gi\u00e0 pronto ad assorbire la produzione locale.<\/p>\n<p><strong>Dal produttore al consumatore, a prezzi ragionevoli e razionali.<\/strong><\/p>\n<hr \/>\n<h3><img decoding=\"async\" class=\"alignleft  wp-image-1379 lazyload\" data-src=\"https:\/\/irprout.it\/wp-content\/uploads\/2014\/10\/cesto_verdure.jpg\" alt=\"cesto_verdure\" width=\"132\" height=\"110\" src=\"data:image\/svg+xml;base64,PHN2ZyB3aWR0aD0iMSIgaGVpZ2h0PSIxIiB4bWxucz0iaHR0cDovL3d3dy53My5vcmcvMjAwMC9zdmciPjwvc3ZnPg==\" style=\"--smush-placeholder-width: 132px; --smush-placeholder-aspect-ratio: 132\/110;\" \/><span style=\"color: #ffffff; background-color: #000000;\">Progetto:<\/span><span style=\"color: #ffffff; background-color: #ff6600;\"> Filiera Corta e Prodotti Agricoli Controllati\u00a0<\/span><\/h3>\n<p>IRP propone di\u00a0sensibilizzare la popolazione al consumo di prodotti locali, aggiungendo un serio controllo sulla qualit\u00e0 (via NRM &#8211; Risonanza Magnetica Nucleare, una sorta di carta di identit\u00e0 del prodotto), e una proposta di controllo funzionale della nostra alimentazione.<br \/>\nElemento chiave nella prevenzione alla salute.<\/p>\n<hr \/>\n<p><span style=\"background-color: #c9c7c7;\"><strong>\u00a0Alcuni articoli sulla Riforma Agraria\u00a0<\/strong><\/span><\/p>\n<p><span style=\"color: #000000; font-size: 14pt; font-family: tahoma, arial, helvetica, sans-serif; background-color: #99cc00;\">\u00a0<a style=\"color: #000000; background-color: #99cc00;\" href=\"https:\/\/irprout.it\/wp-content\/uploads\/2014\/10\/Cooperative-Agricole_1.pdf\" target=\"_blank\">Cooperative Agricole: Un programma quinquennale<br \/>\n<\/a>\u00a0<a href=\"https:\/\/irprout.it\/wp-content\/uploads\/2014\/10\/Ecologia-Proutista-e-Sviluppo-Economico.pdf\" target=\"_blank\">Ecologia Proutista e Sviluppo Economico &#8211; Ravi Batra<\/a>\u00a0<\/span><\/p>\n","protected":false},"excerpt":{"rendered":"<p>\u00a0riforma agraria in 5 mosse\u00a0 Ad oggi non \u00e8 stata\u00a0adeguatamente\u00a0sviluppata la\u00a0struttura dell&#8217;agricoltura.\u00a0Secondo il PROUT, all&#8217;agricoltura dovrebbe essere attribuito lo status di &#8216;industria&#8216;. Nell&#8217;industria i costi delle materie prime, il costo del lavoro, gli interessi sui prestiti, gli ammortamenti, i costi di manutenzione, il profitto, il tasso di produttivit\u00e0, ecc., sono <span class=\"excerpt-dots\">&hellip;<\/span> <a class=\"more-link\" href=\"https:\/\/irprout.it\/?page_id=1121\"><span class=\"more-msg\">Continua a leggere<\/span><\/a><\/p>\n","protected":false},"author":3,"featured_media":0,"parent":0,"menu_order":0,"comment_status":"closed","ping_status":"closed","template":"","meta":{"ngg_post_thumbnail":0,"footnotes":""},"class_list":["post-1121","page","type-page","status-publish","hentry"],"yoast_head":"<!-- This site is optimized with the Yoast SEO plugin v26.6 - https:\/\/yoast.com\/wordpress\/plugins\/seo\/ -->\n<title>RIFORMA AGRARIA - Istituto di Ricerca Prout<\/title>\n<meta name=\"robots\" content=\"index, follow, max-snippet:-1, max-image-preview:large, max-video-preview:-1\" \/>\n<link rel=\"canonical\" href=\"https:\/\/irprout.it\/?page_id=1121\" \/>\n<meta property=\"og:locale\" content=\"it_IT\" \/>\n<meta property=\"og:type\" content=\"article\" \/>\n<meta property=\"og:title\" content=\"RIFORMA AGRARIA - Istituto di Ricerca Prout\" \/>\n<meta property=\"og:description\" content=\"\u00a0riforma agraria in 5 mosse\u00a0 Ad oggi non \u00e8 stata\u00a0adeguatamente\u00a0sviluppata la\u00a0struttura dell&#8217;agricoltura.\u00a0Secondo il PROUT, all&#8217;agricoltura dovrebbe essere attribuito lo status di &#8216;industria&#8216;. Nell&#8217;industria i costi delle materie prime, il costo del lavoro, gli interessi sui prestiti, gli ammortamenti, i costi di manutenzione, il profitto, il tasso di produttivit\u00e0, ecc., sono &hellip; Continua a leggere\" \/>\n<meta property=\"og:url\" content=\"https:\/\/irprout.it\/?page_id=1121\" \/>\n<meta property=\"og:site_name\" content=\"Istituto di Ricerca Prout\" \/>\n<meta property=\"article:modified_time\" content=\"2015-05-18T07:39:32+00:00\" \/>\n<meta property=\"og:image\" content=\"http:\/\/irprout.it\/wp-content\/uploads\/2014\/10\/costi-agricoltura-industria.jpg\" \/>\n<meta name=\"twitter:label1\" content=\"Tempo di lettura stimato\" \/>\n\t<meta name=\"twitter:data1\" content=\"4 minuti\" \/>\n<script type=\"application\/ld+json\" class=\"yoast-schema-graph\">{\"@context\":\"https:\/\/schema.org\",\"@graph\":[{\"@type\":\"WebPage\",\"@id\":\"https:\/\/irprout.it\/?page_id=1121\",\"url\":\"https:\/\/irprout.it\/?page_id=1121\",\"name\":\"RIFORMA AGRARIA - Istituto di Ricerca Prout\",\"isPartOf\":{\"@id\":\"https:\/\/irprout.it\/#website\"},\"primaryImageOfPage\":{\"@id\":\"https:\/\/irprout.it\/?page_id=1121#primaryimage\"},\"image\":{\"@id\":\"https:\/\/irprout.it\/?page_id=1121#primaryimage\"},\"thumbnailUrl\":\"http:\/\/irprout.it\/wp-content\/uploads\/2014\/10\/costi-agricoltura-industria.jpg\",\"datePublished\":\"2014-10-30T16:51:05+00:00\",\"dateModified\":\"2015-05-18T07:39:32+00:00\",\"breadcrumb\":{\"@id\":\"https:\/\/irprout.it\/?page_id=1121#breadcrumb\"},\"inLanguage\":\"it-IT\",\"potentialAction\":[{\"@type\":\"ReadAction\",\"target\":[\"https:\/\/irprout.it\/?page_id=1121\"]}]},{\"@type\":\"ImageObject\",\"inLanguage\":\"it-IT\",\"@id\":\"https:\/\/irprout.it\/?page_id=1121#primaryimage\",\"url\":\"https:\/\/irprout.it\/wp-content\/uploads\/2014\/10\/costi-agricoltura-industria.jpg\",\"contentUrl\":\"https:\/\/irprout.it\/wp-content\/uploads\/2014\/10\/costi-agricoltura-industria.jpg\",\"width\":644,\"height\":239},{\"@type\":\"BreadcrumbList\",\"@id\":\"https:\/\/irprout.it\/?page_id=1121#breadcrumb\",\"itemListElement\":[{\"@type\":\"ListItem\",\"position\":1,\"name\":\"Home\",\"item\":\"https:\/\/irprout.it\/\"},{\"@type\":\"ListItem\",\"position\":2,\"name\":\"RIFORMA AGRARIA\"}]},{\"@type\":\"WebSite\",\"@id\":\"https:\/\/irprout.it\/#website\",\"url\":\"https:\/\/irprout.it\/\",\"name\":\"Istituto di Ricerca Prout\",\"description\":\"Istituto di Ricerca Prout\",\"publisher\":{\"@id\":\"https:\/\/irprout.it\/#organization\"},\"potentialAction\":[{\"@type\":\"SearchAction\",\"target\":{\"@type\":\"EntryPoint\",\"urlTemplate\":\"https:\/\/irprout.it\/?s={search_term_string}\"},\"query-input\":{\"@type\":\"PropertyValueSpecification\",\"valueRequired\":true,\"valueName\":\"search_term_string\"}}],\"inLanguage\":\"it-IT\"},{\"@type\":\"Organization\",\"@id\":\"https:\/\/irprout.it\/#organization\",\"name\":\"Istituto di Ricerca Prout\",\"url\":\"https:\/\/irprout.it\/\",\"logo\":{\"@type\":\"ImageObject\",\"inLanguage\":\"it-IT\",\"@id\":\"https:\/\/irprout.it\/#\/schema\/logo\/image\/\",\"url\":\"http:\/\/irprout.it\/wp-content\/uploads\/2014\/10\/logo_IRP_albero300Cor.jpg\",\"contentUrl\":\"http:\/\/irprout.it\/wp-content\/uploads\/2014\/10\/logo_IRP_albero300Cor.jpg\",\"width\":303,\"height\":304,\"caption\":\"Istituto di Ricerca Prout\"},\"image\":{\"@id\":\"https:\/\/irprout.it\/#\/schema\/logo\/image\/\"}}]}<\/script>\n<!-- \/ Yoast SEO plugin. -->","yoast_head_json":{"title":"RIFORMA AGRARIA - Istituto di Ricerca Prout","robots":{"index":"index","follow":"follow","max-snippet":"max-snippet:-1","max-image-preview":"max-image-preview:large","max-video-preview":"max-video-preview:-1"},"canonical":"https:\/\/irprout.it\/?page_id=1121","og_locale":"it_IT","og_type":"article","og_title":"RIFORMA AGRARIA - Istituto di Ricerca Prout","og_description":"\u00a0riforma agraria in 5 mosse\u00a0 Ad oggi non \u00e8 stata\u00a0adeguatamente\u00a0sviluppata la\u00a0struttura dell&#8217;agricoltura.\u00a0Secondo il PROUT, all&#8217;agricoltura dovrebbe essere attribuito lo status di &#8216;industria&#8216;. Nell&#8217;industria i costi delle materie prime, il costo del lavoro, gli interessi sui prestiti, gli ammortamenti, i costi di manutenzione, il profitto, il tasso di produttivit\u00e0, ecc., sono &hellip; Continua a leggere","og_url":"https:\/\/irprout.it\/?page_id=1121","og_site_name":"Istituto di Ricerca Prout","article_modified_time":"2015-05-18T07:39:32+00:00","og_image":[{"url":"http:\/\/irprout.it\/wp-content\/uploads\/2014\/10\/costi-agricoltura-industria.jpg","type":"","width":"","height":""}],"twitter_misc":{"Tempo di lettura stimato":"4 minuti"},"schema":{"@context":"https:\/\/schema.org","@graph":[{"@type":"WebPage","@id":"https:\/\/irprout.it\/?page_id=1121","url":"https:\/\/irprout.it\/?page_id=1121","name":"RIFORMA AGRARIA - Istituto di Ricerca Prout","isPartOf":{"@id":"https:\/\/irprout.it\/#website"},"primaryImageOfPage":{"@id":"https:\/\/irprout.it\/?page_id=1121#primaryimage"},"image":{"@id":"https:\/\/irprout.it\/?page_id=1121#primaryimage"},"thumbnailUrl":"http:\/\/irprout.it\/wp-content\/uploads\/2014\/10\/costi-agricoltura-industria.jpg","datePublished":"2014-10-30T16:51:05+00:00","dateModified":"2015-05-18T07:39:32+00:00","breadcrumb":{"@id":"https:\/\/irprout.it\/?page_id=1121#breadcrumb"},"inLanguage":"it-IT","potentialAction":[{"@type":"ReadAction","target":["https:\/\/irprout.it\/?page_id=1121"]}]},{"@type":"ImageObject","inLanguage":"it-IT","@id":"https:\/\/irprout.it\/?page_id=1121#primaryimage","url":"https:\/\/irprout.it\/wp-content\/uploads\/2014\/10\/costi-agricoltura-industria.jpg","contentUrl":"https:\/\/irprout.it\/wp-content\/uploads\/2014\/10\/costi-agricoltura-industria.jpg","width":644,"height":239},{"@type":"BreadcrumbList","@id":"https:\/\/irprout.it\/?page_id=1121#breadcrumb","itemListElement":[{"@type":"ListItem","position":1,"name":"Home","item":"https:\/\/irprout.it\/"},{"@type":"ListItem","position":2,"name":"RIFORMA AGRARIA"}]},{"@type":"WebSite","@id":"https:\/\/irprout.it\/#website","url":"https:\/\/irprout.it\/","name":"Istituto di Ricerca Prout","description":"Istituto di Ricerca Prout","publisher":{"@id":"https:\/\/irprout.it\/#organization"},"potentialAction":[{"@type":"SearchAction","target":{"@type":"EntryPoint","urlTemplate":"https:\/\/irprout.it\/?s={search_term_string}"},"query-input":{"@type":"PropertyValueSpecification","valueRequired":true,"valueName":"search_term_string"}}],"inLanguage":"it-IT"},{"@type":"Organization","@id":"https:\/\/irprout.it\/#organization","name":"Istituto di Ricerca Prout","url":"https:\/\/irprout.it\/","logo":{"@type":"ImageObject","inLanguage":"it-IT","@id":"https:\/\/irprout.it\/#\/schema\/logo\/image\/","url":"http:\/\/irprout.it\/wp-content\/uploads\/2014\/10\/logo_IRP_albero300Cor.jpg","contentUrl":"http:\/\/irprout.it\/wp-content\/uploads\/2014\/10\/logo_IRP_albero300Cor.jpg","width":303,"height":304,"caption":"Istituto di Ricerca Prout"},"image":{"@id":"https:\/\/irprout.it\/#\/schema\/logo\/image\/"}}]}},"_links":{"self":[{"href":"https:\/\/irprout.it\/index.php?rest_route=\/wp\/v2\/pages\/1121","targetHints":{"allow":["GET"]}}],"collection":[{"href":"https:\/\/irprout.it\/index.php?rest_route=\/wp\/v2\/pages"}],"about":[{"href":"https:\/\/irprout.it\/index.php?rest_route=\/wp\/v2\/types\/page"}],"author":[{"embeddable":true,"href":"https:\/\/irprout.it\/index.php?rest_route=\/wp\/v2\/users\/3"}],"replies":[{"embeddable":true,"href":"https:\/\/irprout.it\/index.php?rest_route=%2Fwp%2Fv2%2Fcomments&post=1121"}],"version-history":[{"count":28,"href":"https:\/\/irprout.it\/index.php?rest_route=\/wp\/v2\/pages\/1121\/revisions"}],"predecessor-version":[{"id":3002,"href":"https:\/\/irprout.it\/index.php?rest_route=\/wp\/v2\/pages\/1121\/revisions\/3002"}],"wp:attachment":[{"href":"https:\/\/irprout.it\/index.php?rest_route=%2Fwp%2Fv2%2Fmedia&parent=1121"}],"curies":[{"name":"wp","href":"https:\/\/api.w.org\/{rel}","templated":true}]}}