{"id":1132,"date":"2014-10-30T17:14:07","date_gmt":"2014-10-30T17:14:07","guid":{"rendered":"http:\/\/irprout.it\/?page_id=1132"},"modified":"2014-10-30T18:02:03","modified_gmt":"2014-10-30T18:02:03","slug":"metodo-didattico-ls-e-matematica","status":"publish","type":"page","link":"https:\/\/irprout.it\/?page_id=1132","title":{"rendered":"METODO DIDATTICO LS E MATEMATICA"},"content":{"rendered":"<h2 style=\"text-align: center;\"><span style=\"color: #993300;\"><strong>I Metodi Didattici Meneghello per l&#8217;Infanzia, le Materne e le scuole Elementari sono due.<\/strong><\/span><\/h2>\n<hr \/>\n<p style=\"text-align: center;\"><em><span style=\"font-size: 12pt; font-family: tahoma, arial, helvetica, sans-serif;\">Metodi ideati dal maestro Giovanni Meneghello, di Verona, sono in grado di sviluppare le potenzialit\u00e0 mentali degli alunni, generare competenza specifica, prevenire le cosiddette Disfunzioni Specifiche dell&#8217;Apprendimento (DSA)<\/span><\/em><\/p>\n<p style=\"text-align: center;\"><em><span style=\"font-size: 12pt; font-family: tahoma, arial, helvetica, sans-serif;\">La maestra Rosana Furlan, moglie del maestro Meneghello, ha applicato e sperimentato per oltre 30 anni, queste metodologie, nelle scuole elementari del Friuli e poi per cinque cicli, nella scuola elementare di Mizzole (VR).<\/span><\/em><\/p>\n<hr \/>\n<p><span style=\"color: #3366ff;\"><strong><img decoding=\"async\" class=\"alignright size-full wp-image-1146 lazyload\" data-src=\"https:\/\/irprout.it\/wp-content\/uploads\/2014\/10\/gioco_meneghello_pic.jpg\" alt=\"gioco_meneghello_pic\" width=\"150\" height=\"80\" src=\"data:image\/svg+xml;base64,PHN2ZyB3aWR0aD0iMSIgaGVpZ2h0PSIxIiB4bWxucz0iaHR0cDovL3d3dy53My5vcmcvMjAwMC9zdmciPjwvc3ZnPg==\" style=\"--smush-placeholder-width: 150px; --smush-placeholder-aspect-ratio: 150\/80;\" \/>Metodo Sillabico-Globale<br \/>\n<\/strong><\/span><em>per apprendimento della Letto-Scrittura<\/em><\/p>\n<p>Un procedimento sistematico e progressivo, coadiuvato da centinaia di giochi, che alleviano il lavoro dell&#8217;insegnante e rendono piacevole il lavoro degli studenti.<\/p>\n<hr \/>\n<p style=\"text-align: left;\"><strong><span style=\"color: #3366ff;\"><img decoding=\"async\" class=\"alignright size-full wp-image-1148 lazyload\" data-src=\"https:\/\/irprout.it\/wp-content\/uploads\/2014\/10\/matematica_26c_picc1.jpg\" alt=\"matematica_26c_picc\" width=\"150\" height=\"90\" src=\"data:image\/svg+xml;base64,PHN2ZyB3aWR0aD0iMSIgaGVpZ2h0PSIxIiB4bWxucz0iaHR0cDovL3d3dy53My5vcmcvMjAwMC9zdmciPjwvc3ZnPg==\" style=\"--smush-placeholder-width: 150px; --smush-placeholder-aspect-ratio: 150\/90;\" \/>Matematica Creativa<br \/>\n<\/span><\/strong><em>per l&#8217;apprendimento veloce e sicuro della Matematica.<\/em><\/p>\n<p>Medoto sistemico coadiuvato da oltre 100 giochi con i regoli e i numeri di matematica combinatoria, lavoro con i simboli, le espressioni frazionarie etc.<\/p>\n<hr \/>\n<p>&nbsp;<\/p>\n<div align=\"center\">\n<table class=\"Testo9\" border=\"0\" cellspacing=\"0\" cellpadding=\"0\" bgcolor=\"#ffffff\">\n<tbody>\n<tr>\n<td colspan=\"2\" rowspan=\"11\" valign=\"top\"><span class=\"Testo14TNR\"><span style=\"color: #990000;\"><strong>Giochi per la Letto-Scrittura\u00a0<\/strong><\/span><\/span>A corredo del Metodo Didattico per l&#8217;apprendimento della<span style=\"color: #990000;\"> Letto-Scrittura<span style=\"color: #666666;\">, ideato e sperimentato per circa 40 anni in molte scuole e da moltissimi insegnanti nelFriuli, in Veneto e nel bresciano, il maestro Meneghello ha ideato moltissimi giochi, perch\u00e8 l&#8217;apprendimento fin dalla tenera eta, alle materne e alle scuole elementari, possa risultare piacevole.<\/span><\/span><\/p>\n<p>Sono circa 200 i giochi cartonati<br \/>\nIl gioco didattico per eccellenza \u00e8 stato realizzato di materiale plastico<span style=\"color: #cc0000;\">, circa 35 anni fa:<\/span><\/p>\n<p>&nbsp;<\/p>\n<p><img decoding=\"async\" class=\"aligncenter size-full wp-image-1138 lazyload\" data-src=\"https:\/\/irprout.it\/wp-content\/uploads\/2014\/10\/gioco_meneghello.jpg\" alt=\"gioco_meneghello\" width=\"427\" height=\"229\" data-srcset=\"https:\/\/irprout.it\/wp-content\/uploads\/2014\/10\/gioco_meneghello.jpg 427w, https:\/\/irprout.it\/wp-content\/uploads\/2014\/10\/gioco_meneghello-300x160.jpg 300w\" data-sizes=\"(max-width: 427px) 100vw, 427px\" src=\"data:image\/svg+xml;base64,PHN2ZyB3aWR0aD0iMSIgaGVpZ2h0PSIxIiB4bWxucz0iaHR0cDovL3d3dy53My5vcmcvMjAwMC9zdmciPjwvc3ZnPg==\" style=\"--smush-placeholder-width: 427px; --smush-placeholder-aspect-ratio: 427\/229;\" \/><\/td>\n<\/tr>\n<\/tbody>\n<\/table>\n<p>&nbsp;<\/p>\n<div align=\"center\">\n<table class=\"Testo9\" border=\"0\" cellspacing=\"0\" cellpadding=\"0\" bgcolor=\"#ffffff\">\n<tbody>\n<tr>\n<td colspan=\"2\" rowspan=\"11\" valign=\"top\"><strong><span style=\"color: #993300;\">Giochi per la Matematica Creativa\u00a0<\/span><\/strong>Il Maestro Meneghello ha portato a Verona, dal Friuli, nel lontano 1976, i Regoli Colorati del Cuisinaire.<strong>Dai regoli ai Numeri<\/strong><br \/>\nIl suo metodo consta di centinaia di esercizi progressivi, sotto forma di giochi didattici, realizzati con i regoli e alla successiva loro applicazione ai numeri.<br \/>\nTutto \u00e8 raccolto in un libro di circa 300 pagine, in via di produzione.Il risultato \u00e8 la possibilit\u00e0 di realizzare, da parte degli\/lle alunni\/e del primo ciclo, <strong>ESPRESSIONI FRAZIONARIE, lunghe pagine, con le dovute parentesi<\/strong>.<strong>La dispensa estiva di matematica consta di 72 esercizi\/giochi, solo sul numero 12&#8230;<\/strong><\/p>\n<p><span style=\"color: #993300;\">Un esempio, di espressioni frazionarie del 1\u00b0 ciclo:<\/span><\/p>\n<p>&nbsp;<\/p>\n<p><img decoding=\"async\" class=\"alignleft  wp-image-1139 lazyload\" data-src=\"https:\/\/irprout.it\/wp-content\/uploads\/2014\/10\/matematica_26.jpg\" alt=\"matematica_26\" width=\"379\" height=\"393\" data-srcset=\"https:\/\/irprout.it\/wp-content\/uploads\/2014\/10\/matematica_26.jpg 397w, https:\/\/irprout.it\/wp-content\/uploads\/2014\/10\/matematica_26-288x300.jpg 288w\" data-sizes=\"(max-width: 379px) 100vw, 379px\" src=\"data:image\/svg+xml;base64,PHN2ZyB3aWR0aD0iMSIgaGVpZ2h0PSIxIiB4bWxucz0iaHR0cDovL3d3dy53My5vcmcvMjAwMC9zdmciPjwvc3ZnPg==\" style=\"--smush-placeholder-width: 379px; --smush-placeholder-aspect-ratio: 379\/393;\" \/><img decoding=\"async\" class=\"alignleft  wp-image-1143 lazyload\" data-src=\"https:\/\/irprout.it\/wp-content\/uploads\/2014\/10\/regoli.jpg\" alt=\"regoli\" width=\"202\" height=\"323\" src=\"data:image\/svg+xml;base64,PHN2ZyB3aWR0aD0iMSIgaGVpZ2h0PSIxIiB4bWxucz0iaHR0cDovL3d3dy53My5vcmcvMjAwMC9zdmciPjwvc3ZnPg==\" style=\"--smush-placeholder-width: 202px; --smush-placeholder-aspect-ratio: 202\/323;\" \/><\/td>\n<\/tr>\n<\/tbody>\n<\/table>\n<\/div>\n<p>&nbsp;<\/p>\n<\/div>\n","protected":false},"excerpt":{"rendered":"<p>I Metodi Didattici Meneghello per l&#8217;Infanzia, le Materne e le scuole Elementari sono due. Metodi ideati dal maestro Giovanni Meneghello, di Verona, sono in grado di sviluppare le potenzialit\u00e0 mentali degli alunni, generare competenza specifica, prevenire le cosiddette Disfunzioni Specifiche dell&#8217;Apprendimento (DSA) La maestra Rosana Furlan, moglie del maestro Meneghello, <span class=\"excerpt-dots\">&hellip;<\/span> <a class=\"more-link\" href=\"https:\/\/irprout.it\/?page_id=1132\"><span class=\"more-msg\">Continua a leggere<\/span><\/a><\/p>\n","protected":false},"author":3,"featured_media":0,"parent":0,"menu_order":0,"comment_status":"closed","ping_status":"closed","template":"","meta":{"ngg_post_thumbnail":0,"footnotes":""},"class_list":["post-1132","page","type-page","status-publish","hentry"],"yoast_head":"<!-- This site is optimized with the Yoast SEO plugin v26.6 - https:\/\/yoast.com\/wordpress\/plugins\/seo\/ -->\n<title>METODO DIDATTICO LS E MATEMATICA - Istituto di Ricerca Prout<\/title>\n<meta name=\"robots\" content=\"index, follow, max-snippet:-1, max-image-preview:large, max-video-preview:-1\" \/>\n<link rel=\"canonical\" href=\"https:\/\/irprout.it\/?page_id=1132\" \/>\n<meta property=\"og:locale\" content=\"it_IT\" \/>\n<meta property=\"og:type\" content=\"article\" \/>\n<meta property=\"og:title\" content=\"METODO DIDATTICO LS E MATEMATICA - Istituto di Ricerca Prout\" \/>\n<meta property=\"og:description\" content=\"I Metodi Didattici Meneghello per l&#8217;Infanzia, le Materne e le scuole Elementari sono due. Metodi ideati dal maestro Giovanni Meneghello, di Verona, sono in grado di sviluppare le potenzialit\u00e0 mentali degli alunni, generare competenza specifica, prevenire le cosiddette Disfunzioni Specifiche dell&#8217;Apprendimento (DSA) La maestra Rosana Furlan, moglie del maestro Meneghello, &hellip; Continua a leggere\" \/>\n<meta property=\"og:url\" content=\"https:\/\/irprout.it\/?page_id=1132\" \/>\n<meta property=\"og:site_name\" content=\"Istituto di Ricerca Prout\" \/>\n<meta property=\"article:modified_time\" content=\"2014-10-30T18:02:03+00:00\" \/>\n<meta property=\"og:image\" content=\"http:\/\/irprout.it\/wp-content\/uploads\/2014\/10\/gioco_meneghello_pic.jpg\" \/>\n<meta name=\"twitter:label1\" content=\"Tempo di lettura stimato\" \/>\n\t<meta name=\"twitter:data1\" content=\"2 minuti\" \/>\n<script type=\"application\/ld+json\" class=\"yoast-schema-graph\">{\"@context\":\"https:\/\/schema.org\",\"@graph\":[{\"@type\":\"WebPage\",\"@id\":\"https:\/\/irprout.it\/?page_id=1132\",\"url\":\"https:\/\/irprout.it\/?page_id=1132\",\"name\":\"METODO DIDATTICO LS E MATEMATICA - Istituto di Ricerca Prout\",\"isPartOf\":{\"@id\":\"https:\/\/irprout.it\/#website\"},\"primaryImageOfPage\":{\"@id\":\"https:\/\/irprout.it\/?page_id=1132#primaryimage\"},\"image\":{\"@id\":\"https:\/\/irprout.it\/?page_id=1132#primaryimage\"},\"thumbnailUrl\":\"http:\/\/irprout.it\/wp-content\/uploads\/2014\/10\/gioco_meneghello_pic.jpg\",\"datePublished\":\"2014-10-30T17:14:07+00:00\",\"dateModified\":\"2014-10-30T18:02:03+00:00\",\"breadcrumb\":{\"@id\":\"https:\/\/irprout.it\/?page_id=1132#breadcrumb\"},\"inLanguage\":\"it-IT\",\"potentialAction\":[{\"@type\":\"ReadAction\",\"target\":[\"https:\/\/irprout.it\/?page_id=1132\"]}]},{\"@type\":\"ImageObject\",\"inLanguage\":\"it-IT\",\"@id\":\"https:\/\/irprout.it\/?page_id=1132#primaryimage\",\"url\":\"https:\/\/irprout.it\/wp-content\/uploads\/2014\/10\/gioco_meneghello_pic.jpg\",\"contentUrl\":\"https:\/\/irprout.it\/wp-content\/uploads\/2014\/10\/gioco_meneghello_pic.jpg\",\"width\":150,\"height\":80},{\"@type\":\"BreadcrumbList\",\"@id\":\"https:\/\/irprout.it\/?page_id=1132#breadcrumb\",\"itemListElement\":[{\"@type\":\"ListItem\",\"position\":1,\"name\":\"Home\",\"item\":\"https:\/\/irprout.it\/\"},{\"@type\":\"ListItem\",\"position\":2,\"name\":\"METODO DIDATTICO LS E MATEMATICA\"}]},{\"@type\":\"WebSite\",\"@id\":\"https:\/\/irprout.it\/#website\",\"url\":\"https:\/\/irprout.it\/\",\"name\":\"Istituto di Ricerca Prout\",\"description\":\"Istituto di Ricerca Prout\",\"publisher\":{\"@id\":\"https:\/\/irprout.it\/#organization\"},\"potentialAction\":[{\"@type\":\"SearchAction\",\"target\":{\"@type\":\"EntryPoint\",\"urlTemplate\":\"https:\/\/irprout.it\/?s={search_term_string}\"},\"query-input\":{\"@type\":\"PropertyValueSpecification\",\"valueRequired\":true,\"valueName\":\"search_term_string\"}}],\"inLanguage\":\"it-IT\"},{\"@type\":\"Organization\",\"@id\":\"https:\/\/irprout.it\/#organization\",\"name\":\"Istituto di Ricerca Prout\",\"url\":\"https:\/\/irprout.it\/\",\"logo\":{\"@type\":\"ImageObject\",\"inLanguage\":\"it-IT\",\"@id\":\"https:\/\/irprout.it\/#\/schema\/logo\/image\/\",\"url\":\"http:\/\/irprout.it\/wp-content\/uploads\/2014\/10\/logo_IRP_albero300Cor.jpg\",\"contentUrl\":\"http:\/\/irprout.it\/wp-content\/uploads\/2014\/10\/logo_IRP_albero300Cor.jpg\",\"width\":303,\"height\":304,\"caption\":\"Istituto di Ricerca Prout\"},\"image\":{\"@id\":\"https:\/\/irprout.it\/#\/schema\/logo\/image\/\"}}]}<\/script>\n<!-- \/ Yoast SEO plugin. -->","yoast_head_json":{"title":"METODO DIDATTICO LS E MATEMATICA - Istituto di Ricerca Prout","robots":{"index":"index","follow":"follow","max-snippet":"max-snippet:-1","max-image-preview":"max-image-preview:large","max-video-preview":"max-video-preview:-1"},"canonical":"https:\/\/irprout.it\/?page_id=1132","og_locale":"it_IT","og_type":"article","og_title":"METODO DIDATTICO LS E MATEMATICA - Istituto di Ricerca Prout","og_description":"I Metodi Didattici Meneghello per l&#8217;Infanzia, le Materne e le scuole Elementari sono due. Metodi ideati dal maestro Giovanni Meneghello, di Verona, sono in grado di sviluppare le potenzialit\u00e0 mentali degli alunni, generare competenza specifica, prevenire le cosiddette Disfunzioni Specifiche dell&#8217;Apprendimento (DSA) La maestra Rosana Furlan, moglie del maestro Meneghello, &hellip; Continua a leggere","og_url":"https:\/\/irprout.it\/?page_id=1132","og_site_name":"Istituto di Ricerca Prout","article_modified_time":"2014-10-30T18:02:03+00:00","og_image":[{"url":"http:\/\/irprout.it\/wp-content\/uploads\/2014\/10\/gioco_meneghello_pic.jpg","type":"","width":"","height":""}],"twitter_misc":{"Tempo di lettura stimato":"2 minuti"},"schema":{"@context":"https:\/\/schema.org","@graph":[{"@type":"WebPage","@id":"https:\/\/irprout.it\/?page_id=1132","url":"https:\/\/irprout.it\/?page_id=1132","name":"METODO DIDATTICO LS E MATEMATICA - Istituto di Ricerca Prout","isPartOf":{"@id":"https:\/\/irprout.it\/#website"},"primaryImageOfPage":{"@id":"https:\/\/irprout.it\/?page_id=1132#primaryimage"},"image":{"@id":"https:\/\/irprout.it\/?page_id=1132#primaryimage"},"thumbnailUrl":"http:\/\/irprout.it\/wp-content\/uploads\/2014\/10\/gioco_meneghello_pic.jpg","datePublished":"2014-10-30T17:14:07+00:00","dateModified":"2014-10-30T18:02:03+00:00","breadcrumb":{"@id":"https:\/\/irprout.it\/?page_id=1132#breadcrumb"},"inLanguage":"it-IT","potentialAction":[{"@type":"ReadAction","target":["https:\/\/irprout.it\/?page_id=1132"]}]},{"@type":"ImageObject","inLanguage":"it-IT","@id":"https:\/\/irprout.it\/?page_id=1132#primaryimage","url":"https:\/\/irprout.it\/wp-content\/uploads\/2014\/10\/gioco_meneghello_pic.jpg","contentUrl":"https:\/\/irprout.it\/wp-content\/uploads\/2014\/10\/gioco_meneghello_pic.jpg","width":150,"height":80},{"@type":"BreadcrumbList","@id":"https:\/\/irprout.it\/?page_id=1132#breadcrumb","itemListElement":[{"@type":"ListItem","position":1,"name":"Home","item":"https:\/\/irprout.it\/"},{"@type":"ListItem","position":2,"name":"METODO DIDATTICO LS E MATEMATICA"}]},{"@type":"WebSite","@id":"https:\/\/irprout.it\/#website","url":"https:\/\/irprout.it\/","name":"Istituto di Ricerca Prout","description":"Istituto di Ricerca Prout","publisher":{"@id":"https:\/\/irprout.it\/#organization"},"potentialAction":[{"@type":"SearchAction","target":{"@type":"EntryPoint","urlTemplate":"https:\/\/irprout.it\/?s={search_term_string}"},"query-input":{"@type":"PropertyValueSpecification","valueRequired":true,"valueName":"search_term_string"}}],"inLanguage":"it-IT"},{"@type":"Organization","@id":"https:\/\/irprout.it\/#organization","name":"Istituto di Ricerca Prout","url":"https:\/\/irprout.it\/","logo":{"@type":"ImageObject","inLanguage":"it-IT","@id":"https:\/\/irprout.it\/#\/schema\/logo\/image\/","url":"http:\/\/irprout.it\/wp-content\/uploads\/2014\/10\/logo_IRP_albero300Cor.jpg","contentUrl":"http:\/\/irprout.it\/wp-content\/uploads\/2014\/10\/logo_IRP_albero300Cor.jpg","width":303,"height":304,"caption":"Istituto di Ricerca Prout"},"image":{"@id":"https:\/\/irprout.it\/#\/schema\/logo\/image\/"}}]}},"_links":{"self":[{"href":"https:\/\/irprout.it\/index.php?rest_route=\/wp\/v2\/pages\/1132","targetHints":{"allow":["GET"]}}],"collection":[{"href":"https:\/\/irprout.it\/index.php?rest_route=\/wp\/v2\/pages"}],"about":[{"href":"https:\/\/irprout.it\/index.php?rest_route=\/wp\/v2\/types\/page"}],"author":[{"embeddable":true,"href":"https:\/\/irprout.it\/index.php?rest_route=\/wp\/v2\/users\/3"}],"replies":[{"embeddable":true,"href":"https:\/\/irprout.it\/index.php?rest_route=%2Fwp%2Fv2%2Fcomments&post=1132"}],"version-history":[{"count":22,"href":"https:\/\/irprout.it\/index.php?rest_route=\/wp\/v2\/pages\/1132\/revisions"}],"predecessor-version":[{"id":1160,"href":"https:\/\/irprout.it\/index.php?rest_route=\/wp\/v2\/pages\/1132\/revisions\/1160"}],"wp:attachment":[{"href":"https:\/\/irprout.it\/index.php?rest_route=%2Fwp%2Fv2%2Fmedia&parent=1132"}],"curies":[{"name":"wp","href":"https:\/\/api.w.org\/{rel}","templated":true}]}}