{"id":1539,"date":"2014-11-14T23:57:18","date_gmt":"2014-11-14T23:57:18","guid":{"rendered":"http:\/\/irprout.it\/?page_id=1539"},"modified":"2020-04-21T09:17:09","modified_gmt":"2020-04-21T08:17:09","slug":"il-ciclo-sociale","status":"publish","type":"page","link":"https:\/\/irprout.it\/?page_id=1539","title":{"rendered":"EVOLUZIONE SOCIALE"},"content":{"rendered":"<p style=\"text-align: left;\"><span style=\"font-size: 28pt; background-color: #333399; color: #ffffff;\"><strong>&nbsp;evoluzione sociale&nbsp;<span style=\"color: #ffffff; font-family: arial, helvetica, sans-serif; background-color: #99cc00; font-size: 28pt;\"><img decoding=\"async\" class=\"wp-image-2636 alignright lazyload\" data-src=\"https:\/\/irprout.it\/wp-content\/uploads\/2014\/10\/ALBERO.jpg\" alt=\"ALBERO\" width=\"308\" height=\"324\" src=\"data:image\/svg+xml;base64,PHN2ZyB3aWR0aD0iMSIgaGVpZ2h0PSIxIiB4bWxucz0iaHR0cDovL3d3dy53My5vcmcvMjAwMC9zdmciPjwvc3ZnPg==\" style=\"--smush-placeholder-width: 308px; --smush-placeholder-aspect-ratio: 308\/324;\"><\/span><\/strong><\/span><\/p>\n<p style=\"text-align: left;\"><strong><span style=\"font-size: 24pt; color: #000000;\">Teoria dei Cicli Sociali<\/span><\/strong><\/p>\n<p style=\"text-align: left;\"><span style=\"font-family: arial, helvetica, sans-serif; color: #ffffff; background-color: #333399; font-size: 12pt;\">&nbsp;di P.R. Sarkar&nbsp;<\/span><\/p>\n<p style=\"text-align: left;\"><span style=\"font-size: 14pt;\"><span style=\"font-family: arial, helvetica, sans-serif; color: #000000;\">Sarkar ha dipanato la matassa che nascondeva all&#8217;indagine umana, le ragioni ultime dell&#8217;evoluzione della storia e del suo andamento ciclico abbastanza regolare, con la teoria dei&nbsp;<strong>Cicli Sociali<\/strong><\/span><span style=\"font-family: arial, helvetica, sans-serif; color: #000000;\">.<\/span> <\/span><\/p>\n<p style=\"text-align: left;\"><span style=\"font-family: arial, helvetica, sans-serif; color: #000000; background-color: #99cc00; font-size: 16pt;\">L&#8217;evoluzione della Storia&nbsp;ha una direzione a spirale, non ritorna mai sui suoi passi, e delle figure abbastanza ripetitive che dipendono fortemente dalla psicologia collettiva, piuttosto che dai rapporti economici, come ipotizzato da Marx.<\/span><\/p>\n<p style=\"text-align: left;\"><span style=\"background-color: #333399; color: #ffffff; font-size: 18pt;\"><strong><span style=\"font-family: arial, helvetica, sans-serif;\">&nbsp;Le quattro psicologie collettive fondamentali&nbsp;<\/span><\/strong><\/span><\/p>\n<p style=\"text-align: left;\"><span style=\"font-family: arial, helvetica, sans-serif; color: #000000;\"><strong>Sarkar asserisce che l&#8217;essere umano \u00e8 pi\u00f9 mentale che fisico<\/strong>, e la sua definizione di &#8216;<strong>classe sociale<\/strong>&#8216; \u00e8 fondata sulla psicologia individuale o di gruppo, a differenza di quanto esposto da Marx che ipotizzava&nbsp;2 classi sociali, in base alla condizione economica dei rispettivi gruppi: Proletariato e Borghesia.<\/span><\/p>\n<p><span style=\"font-family: arial, helvetica, sans-serif; color: #000000;\">P.R. Sarkar identifica, tra tutte le sfaccettature delle variazioni nella psicologia collettiva, <strong>4 gruppi fondamentali di mentalit\u00e0 o classi psicologiche<\/strong>:<\/span><\/p>\n<p><span style=\"font-family: arial, helvetica, sans-serif; color: #000000;\"><strong><img decoding=\"async\" class=\"wp-image-2069 alignleft lazyload\" data-src=\"https:\/\/irprout.it\/wp-content\/uploads\/2014\/11\/psicologie3.gif\" alt=\"psicologie3\" width=\"303\" height=\"325\" src=\"data:image\/svg+xml;base64,PHN2ZyB3aWR0aD0iMSIgaGVpZ2h0PSIxIiB4bWxucz0iaHR0cDovL3d3dy53My5vcmcvMjAwMC9zdmciPjwvc3ZnPg==\" style=\"--smush-placeholder-width: 303px; --smush-placeholder-aspect-ratio: 303\/325;\"><\/strong><\/span><\/p>\n<p>&nbsp;<\/p>\n<p><span style=\"font-family: arial, helvetica, sans-serif; color: #000000;\"><span style=\"background-color: #000000; color: #ffffff;\"><strong>&nbsp;La psicologia&nbsp;del &#8216;lavoratore&#8217;.&nbsp;<\/strong><\/span> Egli\/ella si accontenta del lavoro, famiglia, salario&nbsp;e non ha aspirazioni filosofiche. La sua mente dipende dall&#8217;ambiente. Non riesce a influenzare l&#8217;ambiente circostante.<\/span><\/p>\n<p style=\"text-align: left;\"><span style=\"font-family: arial, helvetica, sans-serif; color: #000000;\"><span style=\"color: #ffffff; background-color: #ff0000;\"><strong>&nbsp;La psicologia&nbsp;del &#8216;Guerriero&#8217;<\/strong>.&nbsp;<\/span> Affronta le difficolt\u00e0 imposte dalla natura con l&#8217;uso della forza fisica, il coraggio, l&#8217;onore. In questa classe psicologica troviamo gli avventurieri, gli sportivi, i militari &#8230;<\/span><\/p>\n<p style=\"text-align: left;\"><span style=\"font-family: arial, helvetica, sans-serif; color: #000000;\"><span style=\"color: #ffffff; background-color: #75a3d1;\"><strong>&nbsp;La psicologia&nbsp;dell&#8217; &#8216;Intellettuale&#8217;.&nbsp;<\/strong><\/span> Affronta le difficolt\u00e0 imposte dalla natura con l&#8217;uso dell&#8217;intelletto. In questa classe troviamo scienziati, insegnanti, artisti, monaci, studenti&#8230;<\/span><\/p>\n<p style=\"text-align: left;\"><span style=\"font-family: arial, helvetica, sans-serif; color: #000000;\"><span style=\"background-color: #ffff00;\"><strong>&nbsp;La psicologia&nbsp;dell&#8217; &#8216;Affarista&#8217;.&nbsp;<\/strong><\/span> Non vogliono godere degli oggetti materiali, ma trovano soddisfazione al pensiero di accumularli. Troviamo gli affaristi, commercianti, banchieri, ecc.<\/span><\/p>\n<p style=\"text-align: left;\"><span style=\"font-family: arial, helvetica, sans-serif; color: #000000;\"><strong>Una persona pu\u00f2 possedere una&nbsp;o pi\u00f9 di queste psicologie<\/strong>, come ad esempio un guerriero-poeta, per\u00f2 prevale sempre una e soltanto una delle psicologie elencate.<\/span><\/p>\n<p style=\"text-align: left;\"><span style=\"font-family: arial, helvetica, sans-serif; color: #000000;\"><strong>Non sempre un certo tipo di lavoro identifica una classe psicologica:<\/strong> un ingegnere per mancanza di opportunit\u00e0 pu\u00f2 fare come lavoro lo spazzino, non per questo pu\u00f2 essere considerato un lavoratore manuale, mantiene la sua caratteristica di intellettuale al servizio momentaneo di un&#8217;occupazione manuale.<\/span><\/p>\n<p style=\"text-align: left;\"><span style=\"font-family: arial, helvetica, sans-serif; color: #000000;\"><strong>Il gruppo psicologico, collettivamente, \u00e8 in grado di segnare un&#8217;epoca storica<\/strong> e Sarkar ha esposto la sua<strong> teoria dei cicli sociali<\/strong>, affermando che una di queste classi, in modo ciclico, domina l&#8217;arena della storia, e con una sequenza precisa.<\/span><\/p>\n<p style=\"text-align: left;\"><span style=\"font-family: arial, helvetica, sans-serif; color: #000000;\"><img decoding=\"async\" class=\"aligncenter wp-image-1545 lazyload\" data-src=\"https:\/\/irprout.it\/wp-content\/uploads\/2014\/11\/ciclo_sociale2.gif\" alt=\"ciclo_sociale2\" width=\"308\" height=\"246\" src=\"data:image\/svg+xml;base64,PHN2ZyB3aWR0aD0iMSIgaGVpZ2h0PSIxIiB4bWxucz0iaHR0cDovL3d3dy53My5vcmcvMjAwMC9zdmciPjwvc3ZnPg==\" style=\"--smush-placeholder-width: 308px; --smush-placeholder-aspect-ratio: 308\/246;\"><\/span><\/p>\n<p style=\"text-align: left;\"><span style=\"font-family: arial, helvetica, sans-serif; color: #000000;\"><strong>Si passa dalla fase primitiva<\/strong> considerata <em>dei lavoratori<\/em>, alla fase dei <em>guerrieri<\/em> quando capotrib\u00f9 diventa l&#8217;uomo pi\u00f9 forte del clan. Poi diventa re e imperatore. Ma il ministro del re o dell&#8217;imperatore o l&#8217;ecclesiastico di turno controlla,&nbsp;con il suo intelletto pi\u00f9 arguto, la vita e le gesta del sovrano. Si passa con l&#8217;avvento della Chiesa al dominio incontrastato degli <em>intellettuali. <\/em>Con la rivoluzione industriale lo scettro passa di mano ai gestori del denaro gli <em>affaristi<\/em> o accumulatori.<\/span><\/p>\n<p style=\"text-align: left;\"><span style=\"font-family: arial, helvetica, sans-serif; color: #000000;\">Ognuna di queste ere sociali porta con s\u00e9 strutture e modalit\u00e0 proprie: architettura, codici sociali, rapporti interpersonali, dogmatismi, obiettivi, ideali, costumi, giustizia, economia, istituzioni etc.<\/span><\/p>\n<p style=\"text-align: left;\"><span style=\"font-family: arial, helvetica, sans-serif; color: #000000;\">Sarkar fa notare come i guerrieri sottomettano la truppa, i militari composti lavoratori, come gli intellettuali dominino sui guerrieri che dominano, a loro volta, sui lavoratori\/soldati e come gli affaristi sfruttano tutte le classi sociali per i propri interessi economici. <strong>Quindi la storia \u00e8 una sequenza di continuo sfruttamento della classe dominante nei confronti di tutte le altre classi sociali<\/strong>.<\/span><\/p>\n<p style=\"text-align: left;\"><span style=\"font-family: arial, helvetica, sans-serif; color: #000000;\"><strong>Il passaggio da un&#8217;et\u00e0 all&#8217;altra pu\u00f2 avvenire attraverso un cambiamento naturale, l&#8217;evoluzione o una rivoluzione<\/strong>. Il cambiamento naturale o evoluzione pu\u00f2 portare un cambiamento dall&#8217;epoca marziale&nbsp;all&#8217;era degli&nbsp;intellettuali, e dall&#8217;epoca &#8216;vipra&#8217; Intellettuali all&#8217;epoca vaeshya, ma per eliminare sfruttamento degli affaristi, \u00e8 assolutamente essenziale l&#8217;applicazione di una forza tremenda.<\/span><\/p>\n<p style=\"text-align: left;\"><span style=\"font-family: arial, helvetica, sans-serif; color: #000000;\"><strong>Nel momento culminante dello sfruttamento capitalista avviene una rivoluzione popolare<\/strong>, realizzata da tutte le <strong>persone scontente o sfruttate<\/strong> appartenenti a tutte le classi sociali eccetto la&nbsp;dominante, definite da Sarkar <em>&#8216;Vikuddha Shudra&#8217;, o &#8216;lavoratori scontenti&#8217;,<\/em>&nbsp;che porta il ciclo dopo un breve periodo di caos, chiamato<em> era dei lavoratori<\/em>, nelle mani della classe successiva nella sequenza del ciclo: i guerrieri. Non sar\u00e0 un governo militare ma gestito da una mentalit\u00e0 militare come nel caso di <em>Dwight David Eisenhower<\/em>, s\u00ec militare di carriera, ma presidente degli Stati Uniti.<\/span><\/p>\n<p style=\"text-align: left;\"><span style=\"font-family: arial, helvetica, sans-serif; color: #000000;\"><img decoding=\"async\" class=\"aligncenter size-full wp-image-1551 lazyload\" data-src=\"https:\/\/irprout.it\/wp-content\/uploads\/2014\/11\/ciclo_soc_evoluzione_st_p.jpg\" alt=\"ciclo_soc_evoluzione_st_p\" width=\"700\" height=\"418\" data-srcset=\"https:\/\/irprout.it\/wp-content\/uploads\/2014\/11\/ciclo_soc_evoluzione_st_p.jpg 700w, https:\/\/irprout.it\/wp-content\/uploads\/2014\/11\/ciclo_soc_evoluzione_st_p-300x179.jpg 300w, https:\/\/irprout.it\/wp-content\/uploads\/2014\/11\/ciclo_soc_evoluzione_st_p-500x298.jpg 500w\" data-sizes=\"(max-width: 700px) 100vw, 700px\" src=\"data:image\/svg+xml;base64,PHN2ZyB3aWR0aD0iMSIgaGVpZ2h0PSIxIiB4bWxucz0iaHR0cDovL3d3dy53My5vcmcvMjAwMC9zdmciPjwvc3ZnPg==\" style=\"--smush-placeholder-width: 700px; --smush-placeholder-aspect-ratio: 700\/418;\" \/><\/span><\/p>\n<p>&nbsp;<\/p>\n<p style=\"text-align: left;\"><span style=\"font-size: 18pt;\"><strong><span style=\"color: #ffffff; font-family: arial, helvetica, sans-serif; background-color: #333399;\">&nbsp;Leadership&nbsp;<\/span><\/strong><\/span><\/p>\n<p style=\"text-align: left;\"><span style=\"font-family: arial, helvetica, sans-serif; color: #000000;\"><strong>Sulla base della teoria dei cicli sociali, Sarkar formula la sua idea di LEADER sociale.<\/strong> Osservando il fatto che una classe sociale opprime e sfrutta le altre classi sociali senza remore e che l&#8217;andamento di ogni era o civilt\u00e0 sviluppa la sua tesi, le sue potenzialit\u00e0, raggiunge l&#8217;apice dello splendore per poi decadere e nel momento di decadenza lo sfruttamento delle classi sociali diventa massimo, ha promosso una figura che potr\u00e0 essere in grado di controllare il ciclo sociale minimizzando gli effetti perniciosi della decadenza della civilt\u00e0 stessa.<\/span><\/p>\n<p style=\"text-align: left;\"><span style=\"font-family: arial, helvetica, sans-serif; color: #000000;\">Considerando&nbsp;la&nbsp;psicologia individuale, Sarkar ha ipotizzato l&#8217;emergere di<strong> figure che non appartengono a nessuna di queste classi sociali<\/strong>, ma che sommano&nbsp;in s\u00e9 tutte le capacit\u00e0 delle 4 classi sociali fondamentali. <strong>Queste persone sono dei grandi lavoratori manuali, dei coraggiosi condottieri, dei fini intellettuali e dei bravi affaristi<\/strong>, allo stesso tempo. Delle persone fondamentalmente moraliste e di elevata spiritualit\u00e0, qualit\u00e0 necessaria per incarnare tutte le capacit\u00e0 delle diverse psicologie sociali.<\/span><\/p>\n<p style=\"text-align: left;\"><span style=\"font-family: arial, helvetica, sans-serif; color: #000000;\"><img decoding=\"async\" class=\"aligncenter wp-image-1556 lazyload\" data-src=\"https:\/\/irprout.it\/wp-content\/uploads\/2014\/11\/ciclo_sadvipra2.gif\" alt=\"ciclo_sadvipra2\" width=\"308\" height=\"253\" src=\"data:image\/svg+xml;base64,PHN2ZyB3aWR0aD0iMSIgaGVpZ2h0PSIxIiB4bWxucz0iaHR0cDovL3d3dy53My5vcmcvMjAwMC9zdmciPjwvc3ZnPg==\" style=\"--smush-placeholder-width: 308px; --smush-placeholder-aspect-ratio: 308\/253;\"><\/span><\/p>\n<p style=\"text-align: left;\"><span style=\"font-family: arial, helvetica, sans-serif; color: #000000;\"><strong>Sarkar le definisce con un temine della lingua sanscrita &#8216;SadVipra&#8217; o buoni intellettuali.<\/strong>&nbsp;Esse si collocano al centro del ciclo sociale per controllarne l&#8217;andamento. Infatti quando si verificano i primi indizi di decadenza di un&#8217;era, il tessuto socio-economico si frantuma, la conflittualit\u00e0 sociale aumenta, le istituzioni&nbsp;perdono la solidariet\u00e0 strutturale, allora questi Sadvipra iniziano l&#8217;educazione delle masse, la formazione per una presa di coscienza al fine di terminare il dominio di questa classe sociale a favore della successiva nel ciclo sociale.<\/span><\/p>\n<p style=\"text-align: left;\"><span style=\"font-family: arial, helvetica, sans-serif; color: #000000;\"><strong>Da notare che, i Sadvipra, non sono figure politiche, ma del popolo<\/strong>. <strong>Non aspirano alle cariche amministrative,<\/strong>&nbsp;politiche o economiche, ma hanno il compito naturale di &#8216;ente morale di controllo&#8217; della giustizia sociale, economica e mirano al benessere di tutti\/e, senza distinzione. Essi provengono da ogni settore della societ\u00e0: educazione, sport, sanit\u00e0, arte e letteratura, economia, esercito, giustizia, ecc. Sono al centro di controllo del ciclo sociale, con l&#8217;obiettivo di portare tutti verso l&#8217;emancipazione, un compito arduo e permanente. Il loro lavoro perci\u00f2 non ha fine e per questa ragione non <em>possono permettersi di&nbsp;riposare<\/em>.<\/span><\/p>\n<p>&nbsp;<\/p>\n<p style=\"text-align: left;\"><span style=\"color: #333399; font-family: arial, helvetica, sans-serif;\"><strong>Un bel libro per le scuole elementari e medie, una sintesi delle psicologie collettive e dell&#8217;andamento del CICLO SOCIALE, dell&#8217;evoluzione storica, tutto a vignette.&nbsp;<\/strong><\/span><\/p>\n<p style=\"text-align: left;\"><span style=\"font-family: arial, helvetica, sans-serif; color: #000000;\"><img decoding=\"async\" class=\"alignleft size-full wp-image-425 lazyload\" data-src=\"https:\/\/irprout.it\/wp-content\/uploads\/2014\/09\/books-ES.jpg\" alt=\"books-ES\" width=\"126\" height=\"170\" src=\"data:image\/svg+xml;base64,PHN2ZyB3aWR0aD0iMSIgaGVpZ2h0PSIxIiB4bWxucz0iaHR0cDovL3d3dy53My5vcmcvMjAwMC9zdmciPjwvc3ZnPg==\" style=\"--smush-placeholder-width: 126px; --smush-placeholder-aspect-ratio: 126\/170;\"><\/span><\/p>\n<p style=\"text-align: left;\"><span style=\"font-size: 18pt; font-family: arial, helvetica, sans-serif; color: #999999;\">L&#8217;Evoluzione della Storia<\/span><\/p>\n<p style=\"text-align: left;\"><span style=\"font-family: arial, helvetica, sans-serif; color: #ffffff; background-color: #333399; font-size: 12pt;\"><span style=\"color: #999999;\">&nbsp;secondo<\/span> P.R. Sarkar&nbsp;<\/span><\/p>\n<p style=\"text-align: left;\"><span style=\"font-family: arial, helvetica, sans-serif; color: #000000;\">&nbsp;<\/span><\/p>\n<p style=\"text-align: left;\"><span style=\"font-family: arial, helvetica, sans-serif; color: #000000;\">&nbsp;<\/span><\/p>\n<p style=\"text-align: left;\"><span style=\"font-family: arial, helvetica, sans-serif; color: #000000;\">&nbsp;<\/span><\/p>\n","protected":false},"excerpt":{"rendered":"<p>&nbsp;evoluzione sociale&nbsp; Teoria dei Cicli Sociali &nbsp;di P.R. Sarkar&nbsp; Sarkar ha dipanato la matassa che nascondeva all&#8217;indagine umana, le ragioni ultime dell&#8217;evoluzione della storia e del suo andamento ciclico abbastanza regolare, con la teoria dei&nbsp;Cicli Sociali. L&#8217;evoluzione della Storia&nbsp;ha una direzione a spirale, non ritorna mai sui suoi passi, e <span class=\"excerpt-dots\">&hellip;<\/span> <a class=\"more-link\" href=\"https:\/\/irprout.it\/?page_id=1539\"><span class=\"more-msg\">Continua a leggere<\/span><\/a><\/p>\n","protected":false},"author":3,"featured_media":2069,"parent":0,"menu_order":0,"comment_status":"closed","ping_status":"closed","template":"","meta":{"ngg_post_thumbnail":0,"footnotes":""},"class_list":["post-1539","page","type-page","status-publish","has-post-thumbnail","hentry"],"yoast_head":"<!-- This site is optimized with the Yoast SEO plugin v26.6 - https:\/\/yoast.com\/wordpress\/plugins\/seo\/ -->\n<title>EVOLUZIONE SOCIALE - Istituto di Ricerca Prout<\/title>\n<meta name=\"robots\" content=\"index, follow, max-snippet:-1, max-image-preview:large, max-video-preview:-1\" \/>\n<link rel=\"canonical\" href=\"https:\/\/irprout.it\/?page_id=1539\" \/>\n<meta property=\"og:locale\" content=\"it_IT\" \/>\n<meta property=\"og:type\" content=\"article\" \/>\n<meta property=\"og:title\" content=\"EVOLUZIONE SOCIALE - Istituto di Ricerca Prout\" \/>\n<meta property=\"og:description\" content=\"&nbsp;evoluzione sociale&nbsp; Teoria dei Cicli Sociali &nbsp;di P.R. Sarkar&nbsp; Sarkar ha dipanato la matassa che nascondeva all&#8217;indagine umana, le ragioni ultime dell&#8217;evoluzione della storia e del suo andamento ciclico abbastanza regolare, con la teoria dei&nbsp;Cicli Sociali. L&#8217;evoluzione della Storia&nbsp;ha una direzione a spirale, non ritorna mai sui suoi passi, e &hellip; Continua a leggere\" \/>\n<meta property=\"og:url\" content=\"https:\/\/irprout.it\/?page_id=1539\" \/>\n<meta property=\"og:site_name\" content=\"Istituto di Ricerca Prout\" \/>\n<meta property=\"article:modified_time\" content=\"2020-04-21T08:17:09+00:00\" \/>\n<meta property=\"og:image\" content=\"https:\/\/irprout.it\/wp-content\/uploads\/2014\/11\/psicologie3.gif\" \/>\n\t<meta property=\"og:image:width\" content=\"300\" \/>\n\t<meta property=\"og:image:height\" content=\"327\" \/>\n\t<meta property=\"og:image:type\" content=\"image\/gif\" \/>\n<meta name=\"twitter:label1\" content=\"Tempo di lettura stimato\" \/>\n\t<meta name=\"twitter:data1\" content=\"5 minuti\" \/>\n<script type=\"application\/ld+json\" class=\"yoast-schema-graph\">{\"@context\":\"https:\/\/schema.org\",\"@graph\":[{\"@type\":\"WebPage\",\"@id\":\"https:\/\/irprout.it\/?page_id=1539\",\"url\":\"https:\/\/irprout.it\/?page_id=1539\",\"name\":\"EVOLUZIONE SOCIALE - Istituto di Ricerca Prout\",\"isPartOf\":{\"@id\":\"https:\/\/irprout.it\/#website\"},\"primaryImageOfPage\":{\"@id\":\"https:\/\/irprout.it\/?page_id=1539#primaryimage\"},\"image\":{\"@id\":\"https:\/\/irprout.it\/?page_id=1539#primaryimage\"},\"thumbnailUrl\":\"https:\/\/irprout.it\/wp-content\/uploads\/2014\/11\/psicologie3.gif\",\"datePublished\":\"2014-11-14T23:57:18+00:00\",\"dateModified\":\"2020-04-21T08:17:09+00:00\",\"breadcrumb\":{\"@id\":\"https:\/\/irprout.it\/?page_id=1539#breadcrumb\"},\"inLanguage\":\"it-IT\",\"potentialAction\":[{\"@type\":\"ReadAction\",\"target\":[\"https:\/\/irprout.it\/?page_id=1539\"]}]},{\"@type\":\"ImageObject\",\"inLanguage\":\"it-IT\",\"@id\":\"https:\/\/irprout.it\/?page_id=1539#primaryimage\",\"url\":\"https:\/\/irprout.it\/wp-content\/uploads\/2014\/11\/psicologie3.gif\",\"contentUrl\":\"https:\/\/irprout.it\/wp-content\/uploads\/2014\/11\/psicologie3.gif\",\"width\":300,\"height\":327},{\"@type\":\"BreadcrumbList\",\"@id\":\"https:\/\/irprout.it\/?page_id=1539#breadcrumb\",\"itemListElement\":[{\"@type\":\"ListItem\",\"position\":1,\"name\":\"Home\",\"item\":\"https:\/\/irprout.it\/\"},{\"@type\":\"ListItem\",\"position\":2,\"name\":\"EVOLUZIONE SOCIALE\"}]},{\"@type\":\"WebSite\",\"@id\":\"https:\/\/irprout.it\/#website\",\"url\":\"https:\/\/irprout.it\/\",\"name\":\"Istituto di Ricerca Prout\",\"description\":\"Istituto di Ricerca Prout\",\"publisher\":{\"@id\":\"https:\/\/irprout.it\/#organization\"},\"potentialAction\":[{\"@type\":\"SearchAction\",\"target\":{\"@type\":\"EntryPoint\",\"urlTemplate\":\"https:\/\/irprout.it\/?s={search_term_string}\"},\"query-input\":{\"@type\":\"PropertyValueSpecification\",\"valueRequired\":true,\"valueName\":\"search_term_string\"}}],\"inLanguage\":\"it-IT\"},{\"@type\":\"Organization\",\"@id\":\"https:\/\/irprout.it\/#organization\",\"name\":\"Istituto di Ricerca Prout\",\"url\":\"https:\/\/irprout.it\/\",\"logo\":{\"@type\":\"ImageObject\",\"inLanguage\":\"it-IT\",\"@id\":\"https:\/\/irprout.it\/#\/schema\/logo\/image\/\",\"url\":\"http:\/\/irprout.it\/wp-content\/uploads\/2014\/10\/logo_IRP_albero300Cor.jpg\",\"contentUrl\":\"http:\/\/irprout.it\/wp-content\/uploads\/2014\/10\/logo_IRP_albero300Cor.jpg\",\"width\":303,\"height\":304,\"caption\":\"Istituto di Ricerca Prout\"},\"image\":{\"@id\":\"https:\/\/irprout.it\/#\/schema\/logo\/image\/\"}}]}<\/script>\n<!-- \/ Yoast SEO plugin. -->","yoast_head_json":{"title":"EVOLUZIONE SOCIALE - Istituto di Ricerca Prout","robots":{"index":"index","follow":"follow","max-snippet":"max-snippet:-1","max-image-preview":"max-image-preview:large","max-video-preview":"max-video-preview:-1"},"canonical":"https:\/\/irprout.it\/?page_id=1539","og_locale":"it_IT","og_type":"article","og_title":"EVOLUZIONE SOCIALE - Istituto di Ricerca Prout","og_description":"&nbsp;evoluzione sociale&nbsp; Teoria dei Cicli Sociali &nbsp;di P.R. Sarkar&nbsp; Sarkar ha dipanato la matassa che nascondeva all&#8217;indagine umana, le ragioni ultime dell&#8217;evoluzione della storia e del suo andamento ciclico abbastanza regolare, con la teoria dei&nbsp;Cicli Sociali. L&#8217;evoluzione della Storia&nbsp;ha una direzione a spirale, non ritorna mai sui suoi passi, e &hellip; Continua a leggere","og_url":"https:\/\/irprout.it\/?page_id=1539","og_site_name":"Istituto di Ricerca Prout","article_modified_time":"2020-04-21T08:17:09+00:00","og_image":[{"width":300,"height":327,"url":"https:\/\/irprout.it\/wp-content\/uploads\/2014\/11\/psicologie3.gif","type":"image\/gif"}],"twitter_misc":{"Tempo di lettura stimato":"5 minuti"},"schema":{"@context":"https:\/\/schema.org","@graph":[{"@type":"WebPage","@id":"https:\/\/irprout.it\/?page_id=1539","url":"https:\/\/irprout.it\/?page_id=1539","name":"EVOLUZIONE SOCIALE - Istituto di Ricerca Prout","isPartOf":{"@id":"https:\/\/irprout.it\/#website"},"primaryImageOfPage":{"@id":"https:\/\/irprout.it\/?page_id=1539#primaryimage"},"image":{"@id":"https:\/\/irprout.it\/?page_id=1539#primaryimage"},"thumbnailUrl":"https:\/\/irprout.it\/wp-content\/uploads\/2014\/11\/psicologie3.gif","datePublished":"2014-11-14T23:57:18+00:00","dateModified":"2020-04-21T08:17:09+00:00","breadcrumb":{"@id":"https:\/\/irprout.it\/?page_id=1539#breadcrumb"},"inLanguage":"it-IT","potentialAction":[{"@type":"ReadAction","target":["https:\/\/irprout.it\/?page_id=1539"]}]},{"@type":"ImageObject","inLanguage":"it-IT","@id":"https:\/\/irprout.it\/?page_id=1539#primaryimage","url":"https:\/\/irprout.it\/wp-content\/uploads\/2014\/11\/psicologie3.gif","contentUrl":"https:\/\/irprout.it\/wp-content\/uploads\/2014\/11\/psicologie3.gif","width":300,"height":327},{"@type":"BreadcrumbList","@id":"https:\/\/irprout.it\/?page_id=1539#breadcrumb","itemListElement":[{"@type":"ListItem","position":1,"name":"Home","item":"https:\/\/irprout.it\/"},{"@type":"ListItem","position":2,"name":"EVOLUZIONE SOCIALE"}]},{"@type":"WebSite","@id":"https:\/\/irprout.it\/#website","url":"https:\/\/irprout.it\/","name":"Istituto di Ricerca Prout","description":"Istituto di Ricerca Prout","publisher":{"@id":"https:\/\/irprout.it\/#organization"},"potentialAction":[{"@type":"SearchAction","target":{"@type":"EntryPoint","urlTemplate":"https:\/\/irprout.it\/?s={search_term_string}"},"query-input":{"@type":"PropertyValueSpecification","valueRequired":true,"valueName":"search_term_string"}}],"inLanguage":"it-IT"},{"@type":"Organization","@id":"https:\/\/irprout.it\/#organization","name":"Istituto di Ricerca Prout","url":"https:\/\/irprout.it\/","logo":{"@type":"ImageObject","inLanguage":"it-IT","@id":"https:\/\/irprout.it\/#\/schema\/logo\/image\/","url":"http:\/\/irprout.it\/wp-content\/uploads\/2014\/10\/logo_IRP_albero300Cor.jpg","contentUrl":"http:\/\/irprout.it\/wp-content\/uploads\/2014\/10\/logo_IRP_albero300Cor.jpg","width":303,"height":304,"caption":"Istituto di Ricerca Prout"},"image":{"@id":"https:\/\/irprout.it\/#\/schema\/logo\/image\/"}}]}},"_links":{"self":[{"href":"https:\/\/irprout.it\/index.php?rest_route=\/wp\/v2\/pages\/1539","targetHints":{"allow":["GET"]}}],"collection":[{"href":"https:\/\/irprout.it\/index.php?rest_route=\/wp\/v2\/pages"}],"about":[{"href":"https:\/\/irprout.it\/index.php?rest_route=\/wp\/v2\/types\/page"}],"author":[{"embeddable":true,"href":"https:\/\/irprout.it\/index.php?rest_route=\/wp\/v2\/users\/3"}],"replies":[{"embeddable":true,"href":"https:\/\/irprout.it\/index.php?rest_route=%2Fwp%2Fv2%2Fcomments&post=1539"}],"version-history":[{"count":47,"href":"https:\/\/irprout.it\/index.php?rest_route=\/wp\/v2\/pages\/1539\/revisions"}],"predecessor-version":[{"id":5601,"href":"https:\/\/irprout.it\/index.php?rest_route=\/wp\/v2\/pages\/1539\/revisions\/5601"}],"wp:featuredmedia":[{"embeddable":true,"href":"https:\/\/irprout.it\/index.php?rest_route=\/wp\/v2\/media\/2069"}],"wp:attachment":[{"href":"https:\/\/irprout.it\/index.php?rest_route=%2Fwp%2Fv2%2Fmedia&parent=1539"}],"curies":[{"name":"wp","href":"https:\/\/api.w.org\/{rel}","templated":true}]}}