{"id":1940,"date":"2014-12-05T16:40:39","date_gmt":"2014-12-05T16:40:39","guid":{"rendered":"http:\/\/irprout.it\/?page_id=1940"},"modified":"2014-12-05T17:06:08","modified_gmt":"2014-12-05T17:06:08","slug":"classi-sociali-2","status":"publish","type":"page","link":"https:\/\/irprout.it\/?page_id=1940","title":{"rendered":"classi sociali 2"},"content":{"rendered":"<h2>Classi sociali, cicli storici e leader<\/h2>\n<hr \/>\n<p><em>Leader significa \u2018guida\u2019. Colui o colei che guida la societ\u00e0 dalla attuale situazione socio-economico-culturale-spirituale verso un miglioramento delle condizioni di vita materiali, intellettuali o spirituali, \u00e8 definito dalla stessa popolazione leader della societ\u00e0. Per comprendere la collocazione di tali leader \u00e8 necessario analizzare\u00a0il ruolo della psicologia individuale e collettiva nella evoluzione storica.<\/em><\/p>\n<hr \/>\n<p><strong>La definizione di \u2018classi sociali\u2019 ipotizzata\u00a0da Marx, di proletariato e di borghesia, sembra avere un\u2019accezione limitata.<\/strong> Soprattutto per il fatto che essa non dimostrava i caratteri soggettivi degli individui che componevano il variopinto mondo sociale, ma solo i loro ruoli lavorativi ed espressioni oggettive.<\/p>\n<p><strong>P.R. Sarkar con la \u2018Teoria del Ciclo Sociale\u2019 offre una nuova visione delle classi sociali,<\/strong>basate non sul lavoro svolto, ma sui prevalenti caratteri psicologici soggettivi. Per la prima volta nella storia l\u2019analisi dei motivi profondi che muovono gli esseri umani, risulta essere cos\u00ec illuminante da far sperare in una possibile previsione della evoluzione e delle dinamiche dei periodi storici.<\/p>\n<p><strong>Sarkar individua 4 classi psicologiche prevalenti e definisce il loro ambito:<\/strong><\/p>\n<p><a href=\"https:\/\/irprout.it\/wp-content\/uploads\/2014\/11\/psicologie1.gif\"><img decoding=\"async\" class=\"alignleft  wp-image-1544 lazyload\" data-src=\"https:\/\/irprout.it\/wp-content\/uploads\/2014\/11\/psicologie1.gif\" alt=\"psicologie1\" width=\"253\" height=\"253\" src=\"data:image\/svg+xml;base64,PHN2ZyB3aWR0aD0iMSIgaGVpZ2h0PSIxIiB4bWxucz0iaHR0cDovL3d3dy53My5vcmcvMjAwMC9zdmciPjwvc3ZnPg==\" style=\"--smush-placeholder-width: 253px; --smush-placeholder-aspect-ratio: 253\/253;\" \/><\/a><\/p>\n<p><b>Egli\/ella si accontenta del lavoro, famiglia, salario\u00a0e non ha aspirazioni filosofiche<\/b>. La sua mente dipende dall\u2019ambiente. Non riesce a influenzare l\u2019ambiente circostante.<\/p>\n<p><b>Affronta le difficolt\u00e0 imposte dalla natura con l\u2019uso della forza fisica<\/b>, il coraggio, l\u2019onore. In questa classe psicologica troviamo gli avventurieri, gli sportivi, i militari<\/p>\n<p><b>Affronta le difficolt\u00e0 imposte dalla natura con l\u2019uso dell\u2019intelletto<\/b>. In questa classe troviamo scienziati, insegnanti, artisti, monaci, studenti\u2026<\/p>\n<p><b>Soddisfano <\/b><b>le proprie esigenze con lo scambio dei beni<\/b>. L\u2019accumulazione \u00e8 una distorsione di questa psicologia. Troviamo gli affaristi, commercianti, banchieri, ecc.<\/p>\n<p>Sulla base di queste psicologie individuali, Sarkar dimostra come queste dominino in modo ciclico\u00a0la scena sociale e informano tutte le attivit\u00e0 e i connotati di una civilt\u00e0. La psicologia individuale diventa in un certo periodo storico collettiva.<\/p>\n<p>Queste epoche, come per\u00a0i <strong>corsi e ricorsi<\/strong> di Giambattista Vico, sono ricorsive.<\/p>\n<p><strong>Si passa da un\u2019epoca tribale caotica,\u00a0cosiddetta dei lavoratori, ad un organizzazione della comunit\u00e0 grazie alla predominanza di un capo trib\u00f9<\/strong> che si distingue per le sue capacit\u00e0 fisiche e coraggio. Questi capi trib\u00f9 diventano poi re e monarchi, imperatori.<\/p>\n<p><strong>Con la decadenza degli imperi, fa capolino la figura del ministro,<\/strong> degli intellettuali che prendono il controllo dell\u2019operato dell\u2019imperatore. Ricordiamo la lotta\u00a0tra potere temporale e divino che sfoci\u00f2 nel consolidamento del potere degli intellettuali, che avevano al loro servizio i guerrieri che controllavano la truppa.<\/p>\n<p><strong>Con la rivoluzione industriale\u00a0si passa al predominio degli affaristi<\/strong> e in quest\u2019epoca il dominio dei capitalisti ha raggiunto l\u2019apice dello sfruttamento.<\/p>\n<p>Quindi possiamo fare un\u2019escursus storico, passando <strong>dall\u2019epoca romana<\/strong> (mentalit\u00e0 guerriera) che ha\u00a0sviluppato strutture sociali, infrastrutture, codici sociali, architettura, visione sociale propria etc. all\u2019epoca del <strong>predominio della Chiesa<\/strong> di seguito alla\u00a0caduta dell\u2019Impero Romano d\u2019Occidente e grazie al duro lavoro dei primi cristiani che hanno creato un\u2019antitesi con l\u2019ideale della\u00a0fratellanza contrapposta alla visione della schiavit\u00f9, con l\u2019amore contrapposto alla violenza cruda etc.<\/p>\n<p><strong>Con la Rivoluzione Industriale i dettami religiosi e i dogmi vengono meno, si instaura la concezione scientifica, e la religione viene relegata in una nicchia particolare.<\/strong> I rapporti economici hanno la predominanza. C\u2019\u00e8 da notare che il predominio di una classe sociale porta inevitabilmente allo sfruttamento di questa verso tutte le altre classi sociali.<\/p>\n<p><strong>Nell\u2019epoca degli affaristi, dei capitalisti lo sfruttamento risulta massimo verso tutte le tre classi sociali<\/strong>: intellettuali che sono asserviti al soldo dei capitalisti, dei guerrieri che obbediscono ai dettami degli intellettuali e della truppa, dei lavoratori che obbediscono ai guerrieri, militari e agli intellettuali rispettivamente.<\/p>\n<p>La teoria del \u2018ciclo sociale\u2019 \u00e8 sintetizzata qui sotto:<\/p>\n","protected":false},"excerpt":{"rendered":"<p>Classi sociali, cicli storici e leader Leader significa \u2018guida\u2019. Colui o colei che guida la societ\u00e0 dalla attuale situazione socio-economico-culturale-spirituale verso un miglioramento delle condizioni di vita materiali, intellettuali o spirituali, \u00e8 definito dalla stessa popolazione leader della societ\u00e0. Per comprendere la collocazione di tali leader \u00e8 necessario analizzare\u00a0il ruolo <span class=\"excerpt-dots\">&hellip;<\/span> <a class=\"more-link\" href=\"https:\/\/irprout.it\/?page_id=1940\"><span class=\"more-msg\">Continua a leggere<\/span><\/a><\/p>\n","protected":false},"author":3,"featured_media":0,"parent":0,"menu_order":0,"comment_status":"closed","ping_status":"closed","template":"","meta":{"ngg_post_thumbnail":0,"footnotes":""},"class_list":["post-1940","page","type-page","status-publish","hentry"],"yoast_head":"<!-- This site is optimized with the Yoast SEO plugin v26.6 - https:\/\/yoast.com\/wordpress\/plugins\/seo\/ -->\n<title>classi sociali 2 - Istituto di Ricerca Prout<\/title>\n<meta name=\"robots\" content=\"index, follow, max-snippet:-1, max-image-preview:large, max-video-preview:-1\" \/>\n<link rel=\"canonical\" href=\"https:\/\/irprout.it\/?page_id=1940\" \/>\n<meta property=\"og:locale\" content=\"it_IT\" \/>\n<meta property=\"og:type\" content=\"article\" \/>\n<meta property=\"og:title\" content=\"classi sociali 2 - Istituto di Ricerca Prout\" \/>\n<meta property=\"og:description\" content=\"Classi sociali, cicli storici e leader Leader significa \u2018guida\u2019. Colui o colei che guida la societ\u00e0 dalla attuale situazione socio-economico-culturale-spirituale verso un miglioramento delle condizioni di vita materiali, intellettuali o spirituali, \u00e8 definito dalla stessa popolazione leader della societ\u00e0. Per comprendere la collocazione di tali leader \u00e8 necessario analizzare\u00a0il ruolo &hellip; Continua a leggere\" \/>\n<meta property=\"og:url\" content=\"https:\/\/irprout.it\/?page_id=1940\" \/>\n<meta property=\"og:site_name\" content=\"Istituto di Ricerca Prout\" \/>\n<meta property=\"article:modified_time\" content=\"2014-12-05T17:06:08+00:00\" \/>\n<meta property=\"og:image\" content=\"http:\/\/irprout.it\/wp-content\/uploads\/2014\/11\/psicologie1.gif\" \/>\n<meta name=\"twitter:label1\" content=\"Tempo di lettura stimato\" \/>\n\t<meta name=\"twitter:data1\" content=\"3 minuti\" \/>\n<script type=\"application\/ld+json\" class=\"yoast-schema-graph\">{\"@context\":\"https:\/\/schema.org\",\"@graph\":[{\"@type\":\"WebPage\",\"@id\":\"https:\/\/irprout.it\/?page_id=1940\",\"url\":\"https:\/\/irprout.it\/?page_id=1940\",\"name\":\"classi sociali 2 - Istituto di Ricerca Prout\",\"isPartOf\":{\"@id\":\"https:\/\/irprout.it\/#website\"},\"primaryImageOfPage\":{\"@id\":\"https:\/\/irprout.it\/?page_id=1940#primaryimage\"},\"image\":{\"@id\":\"https:\/\/irprout.it\/?page_id=1940#primaryimage\"},\"thumbnailUrl\":\"http:\/\/irprout.it\/wp-content\/uploads\/2014\/11\/psicologie1.gif\",\"datePublished\":\"2014-12-05T16:40:39+00:00\",\"dateModified\":\"2014-12-05T17:06:08+00:00\",\"breadcrumb\":{\"@id\":\"https:\/\/irprout.it\/?page_id=1940#breadcrumb\"},\"inLanguage\":\"it-IT\",\"potentialAction\":[{\"@type\":\"ReadAction\",\"target\":[\"https:\/\/irprout.it\/?page_id=1940\"]}]},{\"@type\":\"ImageObject\",\"inLanguage\":\"it-IT\",\"@id\":\"https:\/\/irprout.it\/?page_id=1940#primaryimage\",\"url\":\"https:\/\/irprout.it\/wp-content\/uploads\/2014\/11\/psicologie1.gif\",\"contentUrl\":\"https:\/\/irprout.it\/wp-content\/uploads\/2014\/11\/psicologie1.gif\",\"width\":340,\"height\":340},{\"@type\":\"BreadcrumbList\",\"@id\":\"https:\/\/irprout.it\/?page_id=1940#breadcrumb\",\"itemListElement\":[{\"@type\":\"ListItem\",\"position\":1,\"name\":\"Home\",\"item\":\"https:\/\/irprout.it\/\"},{\"@type\":\"ListItem\",\"position\":2,\"name\":\"classi sociali 2\"}]},{\"@type\":\"WebSite\",\"@id\":\"https:\/\/irprout.it\/#website\",\"url\":\"https:\/\/irprout.it\/\",\"name\":\"Istituto di Ricerca Prout\",\"description\":\"Istituto di Ricerca Prout\",\"publisher\":{\"@id\":\"https:\/\/irprout.it\/#organization\"},\"potentialAction\":[{\"@type\":\"SearchAction\",\"target\":{\"@type\":\"EntryPoint\",\"urlTemplate\":\"https:\/\/irprout.it\/?s={search_term_string}\"},\"query-input\":{\"@type\":\"PropertyValueSpecification\",\"valueRequired\":true,\"valueName\":\"search_term_string\"}}],\"inLanguage\":\"it-IT\"},{\"@type\":\"Organization\",\"@id\":\"https:\/\/irprout.it\/#organization\",\"name\":\"Istituto di Ricerca Prout\",\"url\":\"https:\/\/irprout.it\/\",\"logo\":{\"@type\":\"ImageObject\",\"inLanguage\":\"it-IT\",\"@id\":\"https:\/\/irprout.it\/#\/schema\/logo\/image\/\",\"url\":\"http:\/\/irprout.it\/wp-content\/uploads\/2014\/10\/logo_IRP_albero300Cor.jpg\",\"contentUrl\":\"http:\/\/irprout.it\/wp-content\/uploads\/2014\/10\/logo_IRP_albero300Cor.jpg\",\"width\":303,\"height\":304,\"caption\":\"Istituto di Ricerca Prout\"},\"image\":{\"@id\":\"https:\/\/irprout.it\/#\/schema\/logo\/image\/\"}}]}<\/script>\n<!-- \/ Yoast SEO plugin. -->","yoast_head_json":{"title":"classi sociali 2 - Istituto di Ricerca Prout","robots":{"index":"index","follow":"follow","max-snippet":"max-snippet:-1","max-image-preview":"max-image-preview:large","max-video-preview":"max-video-preview:-1"},"canonical":"https:\/\/irprout.it\/?page_id=1940","og_locale":"it_IT","og_type":"article","og_title":"classi sociali 2 - Istituto di Ricerca Prout","og_description":"Classi sociali, cicli storici e leader Leader significa \u2018guida\u2019. Colui o colei che guida la societ\u00e0 dalla attuale situazione socio-economico-culturale-spirituale verso un miglioramento delle condizioni di vita materiali, intellettuali o spirituali, \u00e8 definito dalla stessa popolazione leader della societ\u00e0. Per comprendere la collocazione di tali leader \u00e8 necessario analizzare\u00a0il ruolo &hellip; Continua a leggere","og_url":"https:\/\/irprout.it\/?page_id=1940","og_site_name":"Istituto di Ricerca Prout","article_modified_time":"2014-12-05T17:06:08+00:00","og_image":[{"url":"http:\/\/irprout.it\/wp-content\/uploads\/2014\/11\/psicologie1.gif","type":"","width":"","height":""}],"twitter_misc":{"Tempo di lettura stimato":"3 minuti"},"schema":{"@context":"https:\/\/schema.org","@graph":[{"@type":"WebPage","@id":"https:\/\/irprout.it\/?page_id=1940","url":"https:\/\/irprout.it\/?page_id=1940","name":"classi sociali 2 - Istituto di Ricerca Prout","isPartOf":{"@id":"https:\/\/irprout.it\/#website"},"primaryImageOfPage":{"@id":"https:\/\/irprout.it\/?page_id=1940#primaryimage"},"image":{"@id":"https:\/\/irprout.it\/?page_id=1940#primaryimage"},"thumbnailUrl":"http:\/\/irprout.it\/wp-content\/uploads\/2014\/11\/psicologie1.gif","datePublished":"2014-12-05T16:40:39+00:00","dateModified":"2014-12-05T17:06:08+00:00","breadcrumb":{"@id":"https:\/\/irprout.it\/?page_id=1940#breadcrumb"},"inLanguage":"it-IT","potentialAction":[{"@type":"ReadAction","target":["https:\/\/irprout.it\/?page_id=1940"]}]},{"@type":"ImageObject","inLanguage":"it-IT","@id":"https:\/\/irprout.it\/?page_id=1940#primaryimage","url":"https:\/\/irprout.it\/wp-content\/uploads\/2014\/11\/psicologie1.gif","contentUrl":"https:\/\/irprout.it\/wp-content\/uploads\/2014\/11\/psicologie1.gif","width":340,"height":340},{"@type":"BreadcrumbList","@id":"https:\/\/irprout.it\/?page_id=1940#breadcrumb","itemListElement":[{"@type":"ListItem","position":1,"name":"Home","item":"https:\/\/irprout.it\/"},{"@type":"ListItem","position":2,"name":"classi sociali 2"}]},{"@type":"WebSite","@id":"https:\/\/irprout.it\/#website","url":"https:\/\/irprout.it\/","name":"Istituto di Ricerca Prout","description":"Istituto di Ricerca Prout","publisher":{"@id":"https:\/\/irprout.it\/#organization"},"potentialAction":[{"@type":"SearchAction","target":{"@type":"EntryPoint","urlTemplate":"https:\/\/irprout.it\/?s={search_term_string}"},"query-input":{"@type":"PropertyValueSpecification","valueRequired":true,"valueName":"search_term_string"}}],"inLanguage":"it-IT"},{"@type":"Organization","@id":"https:\/\/irprout.it\/#organization","name":"Istituto di Ricerca Prout","url":"https:\/\/irprout.it\/","logo":{"@type":"ImageObject","inLanguage":"it-IT","@id":"https:\/\/irprout.it\/#\/schema\/logo\/image\/","url":"http:\/\/irprout.it\/wp-content\/uploads\/2014\/10\/logo_IRP_albero300Cor.jpg","contentUrl":"http:\/\/irprout.it\/wp-content\/uploads\/2014\/10\/logo_IRP_albero300Cor.jpg","width":303,"height":304,"caption":"Istituto di Ricerca Prout"},"image":{"@id":"https:\/\/irprout.it\/#\/schema\/logo\/image\/"}}]}},"_links":{"self":[{"href":"https:\/\/irprout.it\/index.php?rest_route=\/wp\/v2\/pages\/1940","targetHints":{"allow":["GET"]}}],"collection":[{"href":"https:\/\/irprout.it\/index.php?rest_route=\/wp\/v2\/pages"}],"about":[{"href":"https:\/\/irprout.it\/index.php?rest_route=\/wp\/v2\/types\/page"}],"author":[{"embeddable":true,"href":"https:\/\/irprout.it\/index.php?rest_route=\/wp\/v2\/users\/3"}],"replies":[{"embeddable":true,"href":"https:\/\/irprout.it\/index.php?rest_route=%2Fwp%2Fv2%2Fcomments&post=1940"}],"version-history":[{"count":1,"href":"https:\/\/irprout.it\/index.php?rest_route=\/wp\/v2\/pages\/1940\/revisions"}],"predecessor-version":[{"id":1941,"href":"https:\/\/irprout.it\/index.php?rest_route=\/wp\/v2\/pages\/1940\/revisions\/1941"}],"wp:attachment":[{"href":"https:\/\/irprout.it\/index.php?rest_route=%2Fwp%2Fv2%2Fmedia&parent=1940"}],"curies":[{"name":"wp","href":"https:\/\/api.w.org\/{rel}","templated":true}]}}