{"id":2176,"date":"2014-12-27T14:33:41","date_gmt":"2014-12-27T13:33:41","guid":{"rendered":"http:\/\/irprout.it\/?page_id=2176"},"modified":"2015-01-09T21:28:47","modified_gmt":"2015-01-09T20:28:47","slug":"libri-en","status":"publish","type":"page","link":"https:\/\/irprout.it\/?page_id=2176","title":{"rendered":"LIBRI EN"},"content":{"rendered":"<p style=\"text-align: center;\"><span style=\"font-size: 12pt; color: #3366ff;\"><strong>\u00a0Vi sono molti libri in lingua inglese o spagnola, non tradotti.<br \/>\nNe elenchiamo alcuni.<\/strong><\/span><\/p>\n<p>&nbsp;<\/p>\n<hr \/>\n<h2 dir=\"ltr\"><a href=\"http:\/\/www.amazon.co.uk\/Viable-Utopian-Ideas-Shaping-Better\/dp\/0765611058\" target=\"_blank\"><br \/>\n<img decoding=\"async\" class=\"alignleft  wp-image-2228 lazyload\" data-src=\"https:\/\/irprout.it\/wp-content\/uploads\/2014\/12\/viable_utopian_ideas.jpg\" alt=\"viable_utopian_ideas\" width=\"167\" height=\"250\" src=\"data:image\/svg+xml;base64,PHN2ZyB3aWR0aD0iMSIgaGVpZ2h0PSIxIiB4bWxucz0iaHR0cDovL3d3dy53My5vcmcvMjAwMC9zdmciPjwvc3ZnPg==\" style=\"--smush-placeholder-width: 167px; --smush-placeholder-aspect-ratio: 167\/250;\" \/>Viable Utopian Ideas: Shaping a Better World<\/a><\/h2>\n<p>a cura di Arthur B. Shostak<br \/>\n<a class=\"fl\" href=\"https:\/\/www.google.it\/search?newwindow=1&amp;rlz=1C1RNKA_enIT510IT513&amp;espv=2&amp;q=princeton+university&amp;stick=H4sIAAAAAAAAAGOovnz8BQMDgykHnxCXfq6-QXpWckVWkRIHiG1alWOgJZ2dbKVfkJpfkJMKpIqK8_OsUlNKkxNLMvPzbh3fyx4Ql90uUc8RtitxsdhpCfYIABnvWcdSAAAA&amp;sa=X&amp;ei=H7SeVJ-XMcvyUoy0g6gL&amp;ved=0CJgBEJsTKAEwEw\">Universit\u00e0 di Princeton<\/a>, <a class=\"fl\" href=\"https:\/\/www.google.it\/search?newwindow=1&amp;rlz=1C1RNKA_enIT510IT513&amp;espv=2&amp;q=cornell+university&amp;stick=H4sIAAAAAAAAAGOovnz8BQMDgykHnxCXfq6-QXpWckVWkRIHiG1YblymJZ2dbKVfkJpfkJMKpIqK8_OsUlNKkxNLMvPzNqidWM3z31FkP2929DmjU_LSBc4dAMJ6In1SAAAA&amp;sa=X&amp;ei=H7SeVJ-XMcvyUoy0g6gL&amp;ved=0CJkBEJsTKAIwEw\">Cornell University<\/a><\/p>\n<p>Proutista. Un contributo di 40 autori, che parlano della loro visione del futuro\u00a0prossimo venturo, compresa la teoria economica PROUT.<br \/>\nSulla scia dell&#8217;attacco al World Trade Center, gli scandali societari, e di altri shock devastanti, \u00e8 naturale cercare qualche lezione pratica nella letteratura utopica.<br \/>\nIn questa collezione di articoli noti sociologi rinnovano l&#8217;invito a sviluppare un ordine sociale altruista. Essi affrontano una vasta gamma di argomenti, cercano idee utopiche vitali che possono essere applicate alle societ\u00e0 di oggi. <em>(Amazon)<\/em><\/p>\n<hr \/>\n<h2><a href=\"http:\/\/anandamargabooks.com\/portfolio\/the-awakening-of-women\/\" target=\"_blank\"><img decoding=\"async\" class=\"alignleft  wp-image-2224 lazyload\" data-src=\"https:\/\/irprout.it\/wp-content\/uploads\/2014\/12\/theawakening-of-W.jpg\" alt=\"theawakening-of-W\" width=\"169\" height=\"254\" src=\"data:image\/svg+xml;base64,PHN2ZyB3aWR0aD0iMSIgaGVpZ2h0PSIxIiB4bWxucz0iaHR0cDovL3d3dy53My5vcmcvMjAwMC9zdmciPjwvc3ZnPg==\" style=\"--smush-placeholder-width: 169px; --smush-placeholder-aspect-ratio: 169\/254;\" \/>The Awakening of Women<br \/>\n<\/a><\/h2>\n<p>di Shrii Prabhat Rainjan Sarkar<\/p>\n<p><strong>Il risveglio della Donna.<\/strong> In tutta la sua vita, l&#8217;autore \u00e8 rimasto\u00a0profondamente preoccupato per le condizioni della donna nella societ\u00e0. Ha sostenuto l&#8217;emancipazione delle donne dai vincoli del dogma e dell&#8217;ignoranza. Come fondatore e presidente dell&#8217;Ass. Ananda Marga, ha gettato le basi di una societ\u00e0 che accorda agli uomini e alle donne uguale dignit\u00e0 e responsabilit\u00e0. Questo libro \u00e8 una raccolta di tutti i suoi discorsi e commenti sui ruoli sociali e spirituali delle donne.<\/p>\n<p>pp. 364, brossura ISBN: 81-7252-093-X<br \/>\nPer informazioni click sul titolo o la copertina.<\/p>\n<p>&nbsp;<\/p>\n<hr \/>\n<h2>\n<img decoding=\"async\" class=\"alignleft  wp-image-2375 lazyload\" data-src=\"https:\/\/irprout.it\/wp-content\/uploads\/2014\/12\/GATT-Krta_p.jpg\" alt=\"GATT-Krta_p\" width=\"177\" height=\"254\" src=\"data:image\/svg+xml;base64,PHN2ZyB3aWR0aD0iMSIgaGVpZ2h0PSIxIiB4bWxucz0iaHR0cDovL3d3dy53My5vcmcvMjAwMC9zdmciPjwvc3ZnPg==\" style=\"--smush-placeholder-width: 177px; --smush-placeholder-aspect-ratio: 177\/254;\" \/>GATT and its Impact on the Indian Economy<\/h2>\n<p>di Ac. Krtashivananda Avt.<\/p>\n<p><strong>GATT e il suo Impatto sull&#8217;Economia Indiana<\/strong>. L&#8217;autore percorre la storia della creazione\u00a0del WTO (Organizzazione Mondiale del Commercio) e dei suoi tre trattati fondamentali. Regole istituite all&#8217;inizio dai paesi emergenti per bilanciare i prezzi di prodotti da loro esportati. In seguito regole modificate e imposte dagli USA e accettate integralmente, salvo qualche piccola modifica, da circa 104 paesi. L&#8217;autore inoltre elenca l&#8217;impatto dei trattati di &#8216;libero scambio&#8217;, creati per favorire i settori in cui gli USA sono pi\u00f9 forti, sulla economia dell&#8217;India, essendo egli stesso di origine indiana. E si pu\u00f2 chiaramente vedere che \u00e8 stato l&#8217;inizia di una debacle per molte delle economie in via di sviluppo. Ma non solo, anche per la nostra.<\/p>\n<hr \/>\n<p>&nbsp;<\/p>\n<p>&nbsp;<\/p>\n<p>&nbsp;<\/p>\n","protected":false},"excerpt":{"rendered":"<p>\u00a0Vi sono molti libri in lingua inglese o spagnola, non tradotti. Ne elenchiamo alcuni. &nbsp; Viable Utopian Ideas: Shaping a Better World a cura di Arthur B. Shostak Universit\u00e0 di Princeton, Cornell University Proutista. Un contributo di 40 autori, che parlano della loro visione del futuro\u00a0prossimo venturo, compresa la teoria <span class=\"excerpt-dots\">&hellip;<\/span> <a class=\"more-link\" href=\"https:\/\/irprout.it\/?page_id=2176\"><span class=\"more-msg\">Continua a leggere<\/span><\/a><\/p>\n","protected":false},"author":3,"featured_media":0,"parent":0,"menu_order":0,"comment_status":"closed","ping_status":"closed","template":"","meta":{"ngg_post_thumbnail":0,"footnotes":""},"class_list":["post-2176","page","type-page","status-publish","hentry"],"yoast_head":"<!-- This site is optimized with the Yoast SEO plugin v26.6 - https:\/\/yoast.com\/wordpress\/plugins\/seo\/ -->\n<title>LIBRI EN - Istituto di Ricerca Prout<\/title>\n<meta name=\"robots\" content=\"index, follow, max-snippet:-1, max-image-preview:large, max-video-preview:-1\" \/>\n<link rel=\"canonical\" href=\"https:\/\/irprout.it\/?page_id=2176\" \/>\n<meta property=\"og:locale\" content=\"it_IT\" \/>\n<meta property=\"og:type\" content=\"article\" \/>\n<meta property=\"og:title\" content=\"LIBRI EN - Istituto di Ricerca Prout\" \/>\n<meta property=\"og:description\" content=\"\u00a0Vi sono molti libri in lingua inglese o spagnola, non tradotti. Ne elenchiamo alcuni. &nbsp; Viable Utopian Ideas: Shaping a Better World a cura di Arthur B. Shostak Universit\u00e0 di Princeton, Cornell University Proutista. Un contributo di 40 autori, che parlano della loro visione del futuro\u00a0prossimo venturo, compresa la teoria &hellip; Continua a leggere\" \/>\n<meta property=\"og:url\" content=\"https:\/\/irprout.it\/?page_id=2176\" \/>\n<meta property=\"og:site_name\" content=\"Istituto di Ricerca Prout\" \/>\n<meta property=\"article:modified_time\" content=\"2015-01-09T20:28:47+00:00\" \/>\n<meta property=\"og:image\" content=\"http:\/\/irprout.it\/wp-content\/uploads\/2014\/12\/viable_utopian_ideas.jpg\" \/>\n<meta name=\"twitter:label1\" content=\"Tempo di lettura stimato\" \/>\n\t<meta name=\"twitter:data1\" content=\"2 minuti\" \/>\n<script type=\"application\/ld+json\" class=\"yoast-schema-graph\">{\"@context\":\"https:\/\/schema.org\",\"@graph\":[{\"@type\":\"WebPage\",\"@id\":\"https:\/\/irprout.it\/?page_id=2176\",\"url\":\"https:\/\/irprout.it\/?page_id=2176\",\"name\":\"LIBRI EN - Istituto di Ricerca Prout\",\"isPartOf\":{\"@id\":\"https:\/\/irprout.it\/#website\"},\"primaryImageOfPage\":{\"@id\":\"https:\/\/irprout.it\/?page_id=2176#primaryimage\"},\"image\":{\"@id\":\"https:\/\/irprout.it\/?page_id=2176#primaryimage\"},\"thumbnailUrl\":\"http:\/\/irprout.it\/wp-content\/uploads\/2014\/12\/viable_utopian_ideas.jpg\",\"datePublished\":\"2014-12-27T13:33:41+00:00\",\"dateModified\":\"2015-01-09T20:28:47+00:00\",\"breadcrumb\":{\"@id\":\"https:\/\/irprout.it\/?page_id=2176#breadcrumb\"},\"inLanguage\":\"it-IT\",\"potentialAction\":[{\"@type\":\"ReadAction\",\"target\":[\"https:\/\/irprout.it\/?page_id=2176\"]}]},{\"@type\":\"ImageObject\",\"inLanguage\":\"it-IT\",\"@id\":\"https:\/\/irprout.it\/?page_id=2176#primaryimage\",\"url\":\"https:\/\/irprout.it\/wp-content\/uploads\/2014\/12\/viable_utopian_ideas.jpg\",\"contentUrl\":\"https:\/\/irprout.it\/wp-content\/uploads\/2014\/12\/viable_utopian_ideas.jpg\",\"width\":185,\"height\":278},{\"@type\":\"BreadcrumbList\",\"@id\":\"https:\/\/irprout.it\/?page_id=2176#breadcrumb\",\"itemListElement\":[{\"@type\":\"ListItem\",\"position\":1,\"name\":\"Home\",\"item\":\"https:\/\/irprout.it\/\"},{\"@type\":\"ListItem\",\"position\":2,\"name\":\"LIBRI EN\"}]},{\"@type\":\"WebSite\",\"@id\":\"https:\/\/irprout.it\/#website\",\"url\":\"https:\/\/irprout.it\/\",\"name\":\"Istituto di Ricerca Prout\",\"description\":\"Istituto di Ricerca Prout\",\"publisher\":{\"@id\":\"https:\/\/irprout.it\/#organization\"},\"potentialAction\":[{\"@type\":\"SearchAction\",\"target\":{\"@type\":\"EntryPoint\",\"urlTemplate\":\"https:\/\/irprout.it\/?s={search_term_string}\"},\"query-input\":{\"@type\":\"PropertyValueSpecification\",\"valueRequired\":true,\"valueName\":\"search_term_string\"}}],\"inLanguage\":\"it-IT\"},{\"@type\":\"Organization\",\"@id\":\"https:\/\/irprout.it\/#organization\",\"name\":\"Istituto di Ricerca Prout\",\"url\":\"https:\/\/irprout.it\/\",\"logo\":{\"@type\":\"ImageObject\",\"inLanguage\":\"it-IT\",\"@id\":\"https:\/\/irprout.it\/#\/schema\/logo\/image\/\",\"url\":\"http:\/\/irprout.it\/wp-content\/uploads\/2014\/10\/logo_IRP_albero300Cor.jpg\",\"contentUrl\":\"http:\/\/irprout.it\/wp-content\/uploads\/2014\/10\/logo_IRP_albero300Cor.jpg\",\"width\":303,\"height\":304,\"caption\":\"Istituto di Ricerca Prout\"},\"image\":{\"@id\":\"https:\/\/irprout.it\/#\/schema\/logo\/image\/\"}}]}<\/script>\n<!-- \/ Yoast SEO plugin. -->","yoast_head_json":{"title":"LIBRI EN - Istituto di Ricerca Prout","robots":{"index":"index","follow":"follow","max-snippet":"max-snippet:-1","max-image-preview":"max-image-preview:large","max-video-preview":"max-video-preview:-1"},"canonical":"https:\/\/irprout.it\/?page_id=2176","og_locale":"it_IT","og_type":"article","og_title":"LIBRI EN - Istituto di Ricerca Prout","og_description":"\u00a0Vi sono molti libri in lingua inglese o spagnola, non tradotti. Ne elenchiamo alcuni. &nbsp; Viable Utopian Ideas: Shaping a Better World a cura di Arthur B. Shostak Universit\u00e0 di Princeton, Cornell University Proutista. Un contributo di 40 autori, che parlano della loro visione del futuro\u00a0prossimo venturo, compresa la teoria &hellip; Continua a leggere","og_url":"https:\/\/irprout.it\/?page_id=2176","og_site_name":"Istituto di Ricerca Prout","article_modified_time":"2015-01-09T20:28:47+00:00","og_image":[{"url":"http:\/\/irprout.it\/wp-content\/uploads\/2014\/12\/viable_utopian_ideas.jpg","type":"","width":"","height":""}],"twitter_misc":{"Tempo di lettura stimato":"2 minuti"},"schema":{"@context":"https:\/\/schema.org","@graph":[{"@type":"WebPage","@id":"https:\/\/irprout.it\/?page_id=2176","url":"https:\/\/irprout.it\/?page_id=2176","name":"LIBRI EN - Istituto di Ricerca Prout","isPartOf":{"@id":"https:\/\/irprout.it\/#website"},"primaryImageOfPage":{"@id":"https:\/\/irprout.it\/?page_id=2176#primaryimage"},"image":{"@id":"https:\/\/irprout.it\/?page_id=2176#primaryimage"},"thumbnailUrl":"http:\/\/irprout.it\/wp-content\/uploads\/2014\/12\/viable_utopian_ideas.jpg","datePublished":"2014-12-27T13:33:41+00:00","dateModified":"2015-01-09T20:28:47+00:00","breadcrumb":{"@id":"https:\/\/irprout.it\/?page_id=2176#breadcrumb"},"inLanguage":"it-IT","potentialAction":[{"@type":"ReadAction","target":["https:\/\/irprout.it\/?page_id=2176"]}]},{"@type":"ImageObject","inLanguage":"it-IT","@id":"https:\/\/irprout.it\/?page_id=2176#primaryimage","url":"https:\/\/irprout.it\/wp-content\/uploads\/2014\/12\/viable_utopian_ideas.jpg","contentUrl":"https:\/\/irprout.it\/wp-content\/uploads\/2014\/12\/viable_utopian_ideas.jpg","width":185,"height":278},{"@type":"BreadcrumbList","@id":"https:\/\/irprout.it\/?page_id=2176#breadcrumb","itemListElement":[{"@type":"ListItem","position":1,"name":"Home","item":"https:\/\/irprout.it\/"},{"@type":"ListItem","position":2,"name":"LIBRI EN"}]},{"@type":"WebSite","@id":"https:\/\/irprout.it\/#website","url":"https:\/\/irprout.it\/","name":"Istituto di Ricerca Prout","description":"Istituto di Ricerca Prout","publisher":{"@id":"https:\/\/irprout.it\/#organization"},"potentialAction":[{"@type":"SearchAction","target":{"@type":"EntryPoint","urlTemplate":"https:\/\/irprout.it\/?s={search_term_string}"},"query-input":{"@type":"PropertyValueSpecification","valueRequired":true,"valueName":"search_term_string"}}],"inLanguage":"it-IT"},{"@type":"Organization","@id":"https:\/\/irprout.it\/#organization","name":"Istituto di Ricerca Prout","url":"https:\/\/irprout.it\/","logo":{"@type":"ImageObject","inLanguage":"it-IT","@id":"https:\/\/irprout.it\/#\/schema\/logo\/image\/","url":"http:\/\/irprout.it\/wp-content\/uploads\/2014\/10\/logo_IRP_albero300Cor.jpg","contentUrl":"http:\/\/irprout.it\/wp-content\/uploads\/2014\/10\/logo_IRP_albero300Cor.jpg","width":303,"height":304,"caption":"Istituto di Ricerca Prout"},"image":{"@id":"https:\/\/irprout.it\/#\/schema\/logo\/image\/"}}]}},"_links":{"self":[{"href":"https:\/\/irprout.it\/index.php?rest_route=\/wp\/v2\/pages\/2176","targetHints":{"allow":["GET"]}}],"collection":[{"href":"https:\/\/irprout.it\/index.php?rest_route=\/wp\/v2\/pages"}],"about":[{"href":"https:\/\/irprout.it\/index.php?rest_route=\/wp\/v2\/types\/page"}],"author":[{"embeddable":true,"href":"https:\/\/irprout.it\/index.php?rest_route=\/wp\/v2\/users\/3"}],"replies":[{"embeddable":true,"href":"https:\/\/irprout.it\/index.php?rest_route=%2Fwp%2Fv2%2Fcomments&post=2176"}],"version-history":[{"count":14,"href":"https:\/\/irprout.it\/index.php?rest_route=\/wp\/v2\/pages\/2176\/revisions"}],"predecessor-version":[{"id":2376,"href":"https:\/\/irprout.it\/index.php?rest_route=\/wp\/v2\/pages\/2176\/revisions\/2376"}],"wp:attachment":[{"href":"https:\/\/irprout.it\/index.php?rest_route=%2Fwp%2Fv2%2Fmedia&parent=2176"}],"curies":[{"name":"wp","href":"https:\/\/api.w.org\/{rel}","templated":true}]}}