{"id":2382,"date":"2015-01-10T14:02:12","date_gmt":"2015-01-10T13:02:12","guid":{"rendered":"http:\/\/irprout.it\/?page_id=2382"},"modified":"2020-02-18T23:30:08","modified_gmt":"2020-02-18T22:30:08","slug":"federazione-studenti-proutisti","status":"publish","type":"page","link":"https:\/\/irprout.it\/?page_id=2382","title":{"rendered":"FEDERAZIONE UNIVERSALE STUDENTI PROUTISTI"},"content":{"rendered":"<p><span style=\"background-color: #3366ff; color: #ffffff;\"><strong><span style=\"font-size: 18pt; background-color: #3366ff;\">&nbsp;FEDERAZIONE UNIVERSALE STUDENTI PROUTISTI&nbsp;<\/span><\/strong><\/span><\/p>\n<hr>\n<p style=\"text-align: center;\"><span style=\"font-family: tahoma, arial, helvetica, sans-serif; font-size: 12pt;\"><em>U.P.S.F. (Universal Proutist Student Federation) ha lo scopo di riunire tutti gli studenti moralisti del mondo. L&#8217;obiettivo principale di U.P.S.F. \u00e8 di promuovere e realizzare una formazione libera, di qualit\u00e0, dalla scuola elementare fino all&#8217;universit\u00e0. Per ogni studente dovrebbe essere garantito un lavoro, dopo aver terminato gli studi, in base alla propria specifica formazione.<\/em><\/span><\/p>\n<hr>\n<p><img decoding=\"async\" class=\"alignleft size-full wp-image-2438 lazyload\" data-src=\"https:\/\/irprout.it\/wp-content\/uploads\/2015\/01\/Federazione_studenti.jpg\" alt=\"Federazione_studenti\" width=\"700\" height=\"281\" data-srcset=\"https:\/\/irprout.it\/wp-content\/uploads\/2015\/01\/Federazione_studenti.jpg 700w, https:\/\/irprout.it\/wp-content\/uploads\/2015\/01\/Federazione_studenti-300x120.jpg 300w, https:\/\/irprout.it\/wp-content\/uploads\/2015\/01\/Federazione_studenti-500x201.jpg 500w\" data-sizes=\"(max-width: 700px) 100vw, 700px\" src=\"data:image\/svg+xml;base64,PHN2ZyB3aWR0aD0iMSIgaGVpZ2h0PSIxIiB4bWxucz0iaHR0cDovL3d3dy53My5vcmcvMjAwMC9zdmciPjwvc3ZnPg==\" style=\"--smush-placeholder-width: 700px; --smush-placeholder-aspect-ratio: 700\/281;\" \/><\/p>\n<p>Alcuni aspetti degli scopi della <strong>Federazione Universale degli Studenti Proutisti:<\/strong><\/p>\n<ul>\n<li><strong>L&#8217;istruzione deve essere indipendente dalla politica<\/strong><\/li>\n<li>L&#8217;istruzione dovrebbe essere controllata da <strong>organismi&nbsp;composti da educatori<\/strong>.<\/li>\n<li>La lingua locale e la lingua franca prevalente dovrebbero essere adottate come mezzi di istruzione, <strong>al fine di preservare la cultura locale<\/strong> di ogni studente e collegarlo\/a con lo sviluppo in atto&nbsp;nel mondo.<\/li>\n<li>Gli studenti\/esse dovrebbero avere <strong>accesso a libri e materiale didattico gratuiti<\/strong> in modo da poter concentrarsi sui propri studi.<\/li>\n<li>Il PROUT \u00e8 una teoria socio-economica basata sui valori fondamentali dell&#8217;esistenza umana, mira a garantire a tutti le necessit\u00e0 basilari per l&#8217;esistenza e favorire l&#8217;espansione della conoscenza.<\/li>\n<\/ul>\n<p><strong><a href=\"http:\/\/www.prout.it\" target=\"_blank\" rel=\"noopener noreferrer\">Proutist Universal<\/a>,&nbsp;<\/strong> \u00e8 una organizzazione socio-culturale no-profit e non governativa (ONG), riconosciuta dall&#8217;ONU, fondata nel 1959 in India. Ha filiali in&nbsp;tutto il mondo, \u00e8 presente in 120 paesi, lavora attivamente il 42 paesi.<\/p>\n","protected":false},"excerpt":{"rendered":"<p>&nbsp;FEDERAZIONE UNIVERSALE STUDENTI PROUTISTI&nbsp; U.P.S.F. (Universal Proutist Student Federation) ha lo scopo di riunire tutti gli studenti moralisti del mondo. L&#8217;obiettivo principale di U.P.S.F. \u00e8 di promuovere e realizzare una formazione libera, di qualit\u00e0, dalla scuola elementare fino all&#8217;universit\u00e0. Per ogni studente dovrebbe essere garantito un lavoro, dopo aver terminato <span class=\"excerpt-dots\">&hellip;<\/span> <a class=\"more-link\" href=\"https:\/\/irprout.it\/?page_id=2382\"><span class=\"more-msg\">Continua a leggere<\/span><\/a><\/p>\n","protected":false},"author":3,"featured_media":0,"parent":0,"menu_order":0,"comment_status":"closed","ping_status":"closed","template":"","meta":{"ngg_post_thumbnail":0,"footnotes":""},"class_list":["post-2382","page","type-page","status-publish","hentry"],"yoast_head":"<!-- This site is optimized with the Yoast SEO plugin v26.6 - https:\/\/yoast.com\/wordpress\/plugins\/seo\/ -->\n<title>FEDERAZIONE UNIVERSALE STUDENTI PROUTISTI - Istituto di Ricerca Prout<\/title>\n<meta name=\"robots\" content=\"index, follow, max-snippet:-1, max-image-preview:large, max-video-preview:-1\" \/>\n<link rel=\"canonical\" href=\"https:\/\/irprout.it\/?page_id=2382\" \/>\n<meta property=\"og:locale\" content=\"it_IT\" \/>\n<meta property=\"og:type\" content=\"article\" \/>\n<meta property=\"og:title\" content=\"FEDERAZIONE UNIVERSALE STUDENTI PROUTISTI - Istituto di Ricerca Prout\" \/>\n<meta property=\"og:description\" content=\"&nbsp;FEDERAZIONE UNIVERSALE STUDENTI PROUTISTI&nbsp; U.P.S.F. (Universal Proutist Student Federation) ha lo scopo di riunire tutti gli studenti moralisti del mondo. L&#8217;obiettivo principale di U.P.S.F. \u00e8 di promuovere e realizzare una formazione libera, di qualit\u00e0, dalla scuola elementare fino all&#8217;universit\u00e0. Per ogni studente dovrebbe essere garantito un lavoro, dopo aver terminato &hellip; Continua a leggere\" \/>\n<meta property=\"og:url\" content=\"https:\/\/irprout.it\/?page_id=2382\" \/>\n<meta property=\"og:site_name\" content=\"Istituto di Ricerca Prout\" \/>\n<meta property=\"article:modified_time\" content=\"2020-02-18T22:30:08+00:00\" \/>\n<meta property=\"og:image\" content=\"http:\/\/irprout.it\/wp-content\/uploads\/2015\/01\/Federazione_studenti.jpg\" \/>\n<meta name=\"twitter:label1\" content=\"Tempo di lettura stimato\" \/>\n\t<meta name=\"twitter:data1\" content=\"1 minuto\" \/>\n<script type=\"application\/ld+json\" class=\"yoast-schema-graph\">{\"@context\":\"https:\/\/schema.org\",\"@graph\":[{\"@type\":\"WebPage\",\"@id\":\"https:\/\/irprout.it\/?page_id=2382\",\"url\":\"https:\/\/irprout.it\/?page_id=2382\",\"name\":\"FEDERAZIONE UNIVERSALE STUDENTI PROUTISTI - Istituto di Ricerca Prout\",\"isPartOf\":{\"@id\":\"https:\/\/irprout.it\/#website\"},\"primaryImageOfPage\":{\"@id\":\"https:\/\/irprout.it\/?page_id=2382#primaryimage\"},\"image\":{\"@id\":\"https:\/\/irprout.it\/?page_id=2382#primaryimage\"},\"thumbnailUrl\":\"http:\/\/irprout.it\/wp-content\/uploads\/2015\/01\/Federazione_studenti.jpg\",\"datePublished\":\"2015-01-10T13:02:12+00:00\",\"dateModified\":\"2020-02-18T22:30:08+00:00\",\"breadcrumb\":{\"@id\":\"https:\/\/irprout.it\/?page_id=2382#breadcrumb\"},\"inLanguage\":\"it-IT\",\"potentialAction\":[{\"@type\":\"ReadAction\",\"target\":[\"https:\/\/irprout.it\/?page_id=2382\"]}]},{\"@type\":\"ImageObject\",\"inLanguage\":\"it-IT\",\"@id\":\"https:\/\/irprout.it\/?page_id=2382#primaryimage\",\"url\":\"http:\/\/irprout.it\/wp-content\/uploads\/2015\/01\/Federazione_studenti.jpg\",\"contentUrl\":\"http:\/\/irprout.it\/wp-content\/uploads\/2015\/01\/Federazione_studenti.jpg\"},{\"@type\":\"BreadcrumbList\",\"@id\":\"https:\/\/irprout.it\/?page_id=2382#breadcrumb\",\"itemListElement\":[{\"@type\":\"ListItem\",\"position\":1,\"name\":\"Home\",\"item\":\"https:\/\/irprout.it\/\"},{\"@type\":\"ListItem\",\"position\":2,\"name\":\"FEDERAZIONE UNIVERSALE STUDENTI PROUTISTI\"}]},{\"@type\":\"WebSite\",\"@id\":\"https:\/\/irprout.it\/#website\",\"url\":\"https:\/\/irprout.it\/\",\"name\":\"Istituto di Ricerca Prout\",\"description\":\"Istituto di Ricerca Prout\",\"publisher\":{\"@id\":\"https:\/\/irprout.it\/#organization\"},\"potentialAction\":[{\"@type\":\"SearchAction\",\"target\":{\"@type\":\"EntryPoint\",\"urlTemplate\":\"https:\/\/irprout.it\/?s={search_term_string}\"},\"query-input\":{\"@type\":\"PropertyValueSpecification\",\"valueRequired\":true,\"valueName\":\"search_term_string\"}}],\"inLanguage\":\"it-IT\"},{\"@type\":\"Organization\",\"@id\":\"https:\/\/irprout.it\/#organization\",\"name\":\"Istituto di Ricerca Prout\",\"url\":\"https:\/\/irprout.it\/\",\"logo\":{\"@type\":\"ImageObject\",\"inLanguage\":\"it-IT\",\"@id\":\"https:\/\/irprout.it\/#\/schema\/logo\/image\/\",\"url\":\"http:\/\/irprout.it\/wp-content\/uploads\/2014\/10\/logo_IRP_albero300Cor.jpg\",\"contentUrl\":\"http:\/\/irprout.it\/wp-content\/uploads\/2014\/10\/logo_IRP_albero300Cor.jpg\",\"width\":303,\"height\":304,\"caption\":\"Istituto di Ricerca Prout\"},\"image\":{\"@id\":\"https:\/\/irprout.it\/#\/schema\/logo\/image\/\"}}]}<\/script>\n<!-- \/ Yoast SEO plugin. -->","yoast_head_json":{"title":"FEDERAZIONE UNIVERSALE STUDENTI PROUTISTI - Istituto di Ricerca Prout","robots":{"index":"index","follow":"follow","max-snippet":"max-snippet:-1","max-image-preview":"max-image-preview:large","max-video-preview":"max-video-preview:-1"},"canonical":"https:\/\/irprout.it\/?page_id=2382","og_locale":"it_IT","og_type":"article","og_title":"FEDERAZIONE UNIVERSALE STUDENTI PROUTISTI - Istituto di Ricerca Prout","og_description":"&nbsp;FEDERAZIONE UNIVERSALE STUDENTI PROUTISTI&nbsp; U.P.S.F. (Universal Proutist Student Federation) ha lo scopo di riunire tutti gli studenti moralisti del mondo. L&#8217;obiettivo principale di U.P.S.F. \u00e8 di promuovere e realizzare una formazione libera, di qualit\u00e0, dalla scuola elementare fino all&#8217;universit\u00e0. Per ogni studente dovrebbe essere garantito un lavoro, dopo aver terminato &hellip; Continua a leggere","og_url":"https:\/\/irprout.it\/?page_id=2382","og_site_name":"Istituto di Ricerca Prout","article_modified_time":"2020-02-18T22:30:08+00:00","og_image":[{"url":"http:\/\/irprout.it\/wp-content\/uploads\/2015\/01\/Federazione_studenti.jpg","type":"","width":"","height":""}],"twitter_misc":{"Tempo di lettura stimato":"1 minuto"},"schema":{"@context":"https:\/\/schema.org","@graph":[{"@type":"WebPage","@id":"https:\/\/irprout.it\/?page_id=2382","url":"https:\/\/irprout.it\/?page_id=2382","name":"FEDERAZIONE UNIVERSALE STUDENTI PROUTISTI - Istituto di Ricerca Prout","isPartOf":{"@id":"https:\/\/irprout.it\/#website"},"primaryImageOfPage":{"@id":"https:\/\/irprout.it\/?page_id=2382#primaryimage"},"image":{"@id":"https:\/\/irprout.it\/?page_id=2382#primaryimage"},"thumbnailUrl":"http:\/\/irprout.it\/wp-content\/uploads\/2015\/01\/Federazione_studenti.jpg","datePublished":"2015-01-10T13:02:12+00:00","dateModified":"2020-02-18T22:30:08+00:00","breadcrumb":{"@id":"https:\/\/irprout.it\/?page_id=2382#breadcrumb"},"inLanguage":"it-IT","potentialAction":[{"@type":"ReadAction","target":["https:\/\/irprout.it\/?page_id=2382"]}]},{"@type":"ImageObject","inLanguage":"it-IT","@id":"https:\/\/irprout.it\/?page_id=2382#primaryimage","url":"http:\/\/irprout.it\/wp-content\/uploads\/2015\/01\/Federazione_studenti.jpg","contentUrl":"http:\/\/irprout.it\/wp-content\/uploads\/2015\/01\/Federazione_studenti.jpg"},{"@type":"BreadcrumbList","@id":"https:\/\/irprout.it\/?page_id=2382#breadcrumb","itemListElement":[{"@type":"ListItem","position":1,"name":"Home","item":"https:\/\/irprout.it\/"},{"@type":"ListItem","position":2,"name":"FEDERAZIONE UNIVERSALE STUDENTI PROUTISTI"}]},{"@type":"WebSite","@id":"https:\/\/irprout.it\/#website","url":"https:\/\/irprout.it\/","name":"Istituto di Ricerca Prout","description":"Istituto di Ricerca Prout","publisher":{"@id":"https:\/\/irprout.it\/#organization"},"potentialAction":[{"@type":"SearchAction","target":{"@type":"EntryPoint","urlTemplate":"https:\/\/irprout.it\/?s={search_term_string}"},"query-input":{"@type":"PropertyValueSpecification","valueRequired":true,"valueName":"search_term_string"}}],"inLanguage":"it-IT"},{"@type":"Organization","@id":"https:\/\/irprout.it\/#organization","name":"Istituto di Ricerca Prout","url":"https:\/\/irprout.it\/","logo":{"@type":"ImageObject","inLanguage":"it-IT","@id":"https:\/\/irprout.it\/#\/schema\/logo\/image\/","url":"http:\/\/irprout.it\/wp-content\/uploads\/2014\/10\/logo_IRP_albero300Cor.jpg","contentUrl":"http:\/\/irprout.it\/wp-content\/uploads\/2014\/10\/logo_IRP_albero300Cor.jpg","width":303,"height":304,"caption":"Istituto di Ricerca Prout"},"image":{"@id":"https:\/\/irprout.it\/#\/schema\/logo\/image\/"}}]}},"_links":{"self":[{"href":"https:\/\/irprout.it\/index.php?rest_route=\/wp\/v2\/pages\/2382","targetHints":{"allow":["GET"]}}],"collection":[{"href":"https:\/\/irprout.it\/index.php?rest_route=\/wp\/v2\/pages"}],"about":[{"href":"https:\/\/irprout.it\/index.php?rest_route=\/wp\/v2\/types\/page"}],"author":[{"embeddable":true,"href":"https:\/\/irprout.it\/index.php?rest_route=\/wp\/v2\/users\/3"}],"replies":[{"embeddable":true,"href":"https:\/\/irprout.it\/index.php?rest_route=%2Fwp%2Fv2%2Fcomments&post=2382"}],"version-history":[{"count":12,"href":"https:\/\/irprout.it\/index.php?rest_route=\/wp\/v2\/pages\/2382\/revisions"}],"predecessor-version":[{"id":5169,"href":"https:\/\/irprout.it\/index.php?rest_route=\/wp\/v2\/pages\/2382\/revisions\/5169"}],"wp:attachment":[{"href":"https:\/\/irprout.it\/index.php?rest_route=%2Fwp%2Fv2%2Fmedia&parent=2382"}],"curies":[{"name":"wp","href":"https:\/\/api.w.org\/{rel}","templated":true}]}}