{"id":3011,"date":"2015-05-21T16:08:49","date_gmt":"2015-05-21T15:08:49","guid":{"rendered":"http:\/\/irprout.it\/?page_id=3011"},"modified":"2015-05-21T16:17:31","modified_gmt":"2015-05-21T15:17:31","slug":"cooperazione-coordinata-il-prout-spiegato-in-poche-parole","status":"publish","type":"page","link":"https:\/\/irprout.it\/?page_id=3011","title":{"rendered":"Cooperazione Coordinata &#8211; il PROUT spiegato in poche parole"},"content":{"rendered":"<p>&nbsp;<\/p>\n<p><span style=\"font-size: 32pt; color: #ffffff; background-color: #ff6600;\"><strong>\u00a0Cooperazione Coordinata\u00a0<\/strong><\/span><\/p>\n<p><em>di P.R. Sarkar<\/em><\/p>\n<p><span style=\"font-size: 12pt; background-color: #cfcfcf;\"><img decoding=\"async\" class=\"alignright  wp-image-2494 lazyload\" data-src=\"https:\/\/irprout.it\/wp-content\/uploads\/2014\/11\/LAVORO_OLIO.jpg\" alt=\"LAVORO_OLIO\" width=\"355\" height=\"232\" data-srcset=\"https:\/\/irprout.it\/wp-content\/uploads\/2014\/11\/LAVORO_OLIO.jpg 952w, https:\/\/irprout.it\/wp-content\/uploads\/2014\/11\/LAVORO_OLIO-300x195.jpg 300w, https:\/\/irprout.it\/wp-content\/uploads\/2014\/11\/LAVORO_OLIO-461x300.jpg 461w\" data-sizes=\"(max-width: 355px) 100vw, 355px\" src=\"data:image\/svg+xml;base64,PHN2ZyB3aWR0aD0iMSIgaGVpZ2h0PSIxIiB4bWxucz0iaHR0cDovL3d3dy53My5vcmcvMjAwMC9zdmciPjwvc3ZnPg==\" style=\"--smush-placeholder-width: 355px; --smush-placeholder-aspect-ratio: 355\/232;\" \/><span style=\"font-size: 14pt; background-color: #d4d2d2;\">&#8220;Operare&#8221; significa realizzare\u00a0qualcosa con qualsiasi mezzo o supporto&#8221;. Supponiamo che si operi su una macchina utensile. Se questo tipo di operazione viene eseguita con un impegno collettivo, allora \u00e8 chiamata &#8220;cooperazione&#8221;. Si parla di cooperazione, se qualcosa \u00e8 fatto con <strong>parit\u00e0 di diritti<\/strong>, <strong>pari prestigio umano<\/strong> e <strong>parit\u00e0 nella legittimazione ad agire<\/strong>. In ogni campo della vita collettiva ci dovrebbe essere <strong>cooperazione tra i membri della societ\u00e0<\/strong>. <\/span><\/span><\/p>\n<p><span style=\"font-size: 14pt; background-color: #99cc00;\">Dove questa cooperazione \u00e8 tra esseri umani liberi, ognuno con pari diritti e rispetto reciproco e dove ognuno lavora per il benessere degli altri, si parla di\u00a0&#8220;<strong><em>cooperazione coordinata&#8221;<\/em><\/strong>. Dove le persone fanno qualcosa individualmente o collettivamente, ma si pongono sotto il controllo di altri individui, allora si parla di <strong><em>&#8220;cooperazione subordinata<\/em><\/strong>&#8220;. In ogni strato della vita umana, dobbiamo fare tutto in\u00a0<strong>cooperazione coordinata<\/strong> ed <strong><em>evitare<\/em><\/strong> sempre la <strong><em>cooperazione subordinata<\/em><\/strong>.<\/span><\/p>\n<p><span style=\"font-size: 10pt; background-color: #ffffff;\">Oggi nel mondo sono ancora diversi i sistemi socio-economici in voga, ma <strong>nessuno di questi sistemi \u00e8 basato sulla cooperazione coordinata<\/strong>. Anzi, in questi sistemi i rapporti sociali si basano principalmente sulla cooperazione subordinata, con la <strong>conseguente degenerazione del tessuto morale della societ\u00e0<\/strong>.<\/span><\/p>\n<p>Ad esempio, in alcuni paesi vi \u00e8 una palese <strong>mancanza di parit\u00e0 razziale<\/strong> e non vi \u00e8 <strong>cooperazione coordinata tra i diversi gruppi etnici<\/strong>. Questa mancanza di adeguato equilibrio e peso, nella vita sociale, sta causando lo sgretolamento dell&#8217;intera struttura sociale.<\/p>\n<p>Anche nei paesi che seguono il sistema della <strong>Comune<\/strong> vi \u00e8 mancanza di cooperazione coordinata. Nel sistema della Comune la societ\u00e0 si riduce ad un semplice <strong>strumento di produzione-distribuzione<\/strong> in un sistema di controllo irreggimentato. Invece di aumentare la produzione, il sistema della Comune forza la diminuzione della produzione. Le conseguenze possono essere viste in quasi tutti i paesi comunisti: <strong>carenza di cibo<\/strong>. I paesi capitalisti come l&#8217;Australia, il Canada e gli Stati Uniti vendono le loro granaglie all\u2019Unione Sovietica [1988] e alla Cina. Inoltre, i lavoratori in una Comune non si sentono parte integrante del proprio lavoro, n\u00e9 hanno la libert\u00e0 di esprimere tutte le loro potenzialit\u00e0. Tale sistema, soffocante e meccanico, favorisce una visione materialistica e produce una leadership atea.<\/p>\n<p>Nel sistema della Comune non c&#8217;\u00e8 propriet\u00e0 personale. Senza un sentimento di propriet\u00e0 personale le persone non lavorano duramente o non si curano affatto di alcuna propriet\u00e0. Se gli agricoltori sentono di avere il\u00a0<strong>diritto di usufrutto permanente della terra<\/strong>\u00a0daranno dei risultati produttivi migliori. Tale sentimento \u00e8 soppresso nel sistema della Comune, con conseguente minore produzione e oppressione psichica.<\/p>\n<p><strong>Le persone intelligenti sono costrette a fare un lavoro che non \u00e8 adatto per loro<\/strong> e sono pagate con lo stesso salario dei lavoratori comuni. Non esiste un sistema di incentivazione e non \u00e8 incoraggiata l&#8217;iniziativa individuale di persone meritevoli; per questo, naturalmente, la gente non lavora sodo. <strong>Un tale sistema non potr\u00e0 mai risolvere i problemi economici della societ\u00e0<\/strong>, sia in agricoltura sia nell&#8217;industria. Piuttosto, potr\u00e0 solo aggravare i problemi esistenti e creare problemi sociali nuovi.<\/p>\n<p>I sistemi di produzione e di distribuzione del sistema della Comune sono fondamentalmente difettosi, sfruttano e sono anti-umani. <strong>Il sistema della Comune si basa sulla cooperazione subordinata<\/strong> &#8211; i rapporti sono quelli di supervisore e supervisionato o padrone e servo. Tali rapporti sono dannosi per il progresso umano e ritardano ogni possibilit\u00e0 di movimento progressista. Sono contrari alle necessit\u00e0 della mente umana.<\/p>\n<p><span style=\"font-size: 14pt; font-family: tahoma, arial, helvetica, sans-serif; background-color: #99cc00;\">Il Prout [Teoria dell\u2019Utilizzazione Progressiva] sostiene la realizzazione del <strong>sistema cooperativo<\/strong>, perch\u00e9 il suo spirito innato \u00e8 quello di <strong>cooperazione coordinata<\/strong>. Solo il sistema cooperativo pu\u00f2 garantire un salutare progresso integrato dell&#8217;umanit\u00e0, pu\u00f2 realizzare la completa ed eterna unit\u00e0 tra la razza umana.<\/span><\/p>\n<p>Realizzando il sistema cooperativo la gente dovrebbe ottenere risultati \u2018pi\u00f9 dolci\u2019. Il Prout lancia gli slogan: &#8220;Vogliamo le Cooperative, non le Comuni&#8221; e, &#8220;Non siamo schiavi delle Comuni&#8221;.<\/p>\n<p>18 FEBBRAIO 1988, Calcutta<br \/>\n<em>Prout in a Nutshell, n. 14<\/em><\/p>\n","protected":false},"excerpt":{"rendered":"<p>&nbsp; \u00a0Cooperazione Coordinata\u00a0 di P.R. Sarkar &#8220;Operare&#8221; significa realizzare\u00a0qualcosa con qualsiasi mezzo o supporto&#8221;. Supponiamo che si operi su una macchina utensile. Se questo tipo di operazione viene eseguita con un impegno collettivo, allora \u00e8 chiamata &#8220;cooperazione&#8221;. Si parla di cooperazione, se qualcosa \u00e8 fatto con parit\u00e0 di diritti, pari <span class=\"excerpt-dots\">&hellip;<\/span> <a class=\"more-link\" href=\"https:\/\/irprout.it\/?page_id=3011\"><span class=\"more-msg\">Continua a leggere<\/span><\/a><\/p>\n","protected":false},"author":3,"featured_media":0,"parent":0,"menu_order":0,"comment_status":"closed","ping_status":"closed","template":"","meta":{"ngg_post_thumbnail":0,"footnotes":""},"class_list":["post-3011","page","type-page","status-publish","hentry"],"yoast_head":"<!-- This site is optimized with the Yoast SEO plugin v26.6 - https:\/\/yoast.com\/wordpress\/plugins\/seo\/ -->\n<title>Cooperazione Coordinata - il PROUT spiegato in poche parole - Istituto di Ricerca Prout<\/title>\n<meta name=\"robots\" content=\"index, follow, max-snippet:-1, max-image-preview:large, max-video-preview:-1\" \/>\n<link rel=\"canonical\" href=\"https:\/\/irprout.it\/?page_id=3011\" \/>\n<meta property=\"og:locale\" content=\"it_IT\" \/>\n<meta property=\"og:type\" content=\"article\" \/>\n<meta property=\"og:title\" content=\"Cooperazione Coordinata - il PROUT spiegato in poche parole - Istituto di Ricerca Prout\" \/>\n<meta property=\"og:description\" content=\"&nbsp; \u00a0Cooperazione Coordinata\u00a0 di P.R. Sarkar &#8220;Operare&#8221; significa realizzare\u00a0qualcosa con qualsiasi mezzo o supporto&#8221;. Supponiamo che si operi su una macchina utensile. Se questo tipo di operazione viene eseguita con un impegno collettivo, allora \u00e8 chiamata &#8220;cooperazione&#8221;. Si parla di cooperazione, se qualcosa \u00e8 fatto con parit\u00e0 di diritti, pari &hellip; Continua a leggere\" \/>\n<meta property=\"og:url\" content=\"https:\/\/irprout.it\/?page_id=3011\" \/>\n<meta property=\"og:site_name\" content=\"Istituto di Ricerca Prout\" \/>\n<meta property=\"article:modified_time\" content=\"2015-05-21T15:17:31+00:00\" \/>\n<meta property=\"og:image\" content=\"http:\/\/irprout.it\/wp-content\/uploads\/2014\/11\/LAVORO_OLIO.jpg\" \/>\n<meta name=\"twitter:label1\" content=\"Tempo di lettura stimato\" \/>\n\t<meta name=\"twitter:data1\" content=\"3 minuti\" \/>\n<script type=\"application\/ld+json\" class=\"yoast-schema-graph\">{\"@context\":\"https:\/\/schema.org\",\"@graph\":[{\"@type\":\"WebPage\",\"@id\":\"https:\/\/irprout.it\/?page_id=3011\",\"url\":\"https:\/\/irprout.it\/?page_id=3011\",\"name\":\"Cooperazione Coordinata - il PROUT spiegato in poche parole - Istituto di Ricerca Prout\",\"isPartOf\":{\"@id\":\"https:\/\/irprout.it\/#website\"},\"primaryImageOfPage\":{\"@id\":\"https:\/\/irprout.it\/?page_id=3011#primaryimage\"},\"image\":{\"@id\":\"https:\/\/irprout.it\/?page_id=3011#primaryimage\"},\"thumbnailUrl\":\"http:\/\/irprout.it\/wp-content\/uploads\/2014\/11\/LAVORO_OLIO.jpg\",\"datePublished\":\"2015-05-21T15:08:49+00:00\",\"dateModified\":\"2015-05-21T15:17:31+00:00\",\"breadcrumb\":{\"@id\":\"https:\/\/irprout.it\/?page_id=3011#breadcrumb\"},\"inLanguage\":\"it-IT\",\"potentialAction\":[{\"@type\":\"ReadAction\",\"target\":[\"https:\/\/irprout.it\/?page_id=3011\"]}]},{\"@type\":\"ImageObject\",\"inLanguage\":\"it-IT\",\"@id\":\"https:\/\/irprout.it\/?page_id=3011#primaryimage\",\"url\":\"https:\/\/irprout.it\/wp-content\/uploads\/2014\/11\/LAVORO_OLIO.jpg\",\"contentUrl\":\"https:\/\/irprout.it\/wp-content\/uploads\/2014\/11\/LAVORO_OLIO.jpg\",\"width\":952,\"height\":619},{\"@type\":\"BreadcrumbList\",\"@id\":\"https:\/\/irprout.it\/?page_id=3011#breadcrumb\",\"itemListElement\":[{\"@type\":\"ListItem\",\"position\":1,\"name\":\"Home\",\"item\":\"https:\/\/irprout.it\/\"},{\"@type\":\"ListItem\",\"position\":2,\"name\":\"Cooperazione Coordinata &#8211; il PROUT spiegato in poche parole\"}]},{\"@type\":\"WebSite\",\"@id\":\"https:\/\/irprout.it\/#website\",\"url\":\"https:\/\/irprout.it\/\",\"name\":\"Istituto di Ricerca Prout\",\"description\":\"Istituto di Ricerca Prout\",\"publisher\":{\"@id\":\"https:\/\/irprout.it\/#organization\"},\"potentialAction\":[{\"@type\":\"SearchAction\",\"target\":{\"@type\":\"EntryPoint\",\"urlTemplate\":\"https:\/\/irprout.it\/?s={search_term_string}\"},\"query-input\":{\"@type\":\"PropertyValueSpecification\",\"valueRequired\":true,\"valueName\":\"search_term_string\"}}],\"inLanguage\":\"it-IT\"},{\"@type\":\"Organization\",\"@id\":\"https:\/\/irprout.it\/#organization\",\"name\":\"Istituto di Ricerca Prout\",\"url\":\"https:\/\/irprout.it\/\",\"logo\":{\"@type\":\"ImageObject\",\"inLanguage\":\"it-IT\",\"@id\":\"https:\/\/irprout.it\/#\/schema\/logo\/image\/\",\"url\":\"http:\/\/irprout.it\/wp-content\/uploads\/2014\/10\/logo_IRP_albero300Cor.jpg\",\"contentUrl\":\"http:\/\/irprout.it\/wp-content\/uploads\/2014\/10\/logo_IRP_albero300Cor.jpg\",\"width\":303,\"height\":304,\"caption\":\"Istituto di Ricerca Prout\"},\"image\":{\"@id\":\"https:\/\/irprout.it\/#\/schema\/logo\/image\/\"}}]}<\/script>\n<!-- \/ Yoast SEO plugin. -->","yoast_head_json":{"title":"Cooperazione Coordinata - il PROUT spiegato in poche parole - Istituto di Ricerca Prout","robots":{"index":"index","follow":"follow","max-snippet":"max-snippet:-1","max-image-preview":"max-image-preview:large","max-video-preview":"max-video-preview:-1"},"canonical":"https:\/\/irprout.it\/?page_id=3011","og_locale":"it_IT","og_type":"article","og_title":"Cooperazione Coordinata - il PROUT spiegato in poche parole - Istituto di Ricerca Prout","og_description":"&nbsp; \u00a0Cooperazione Coordinata\u00a0 di P.R. Sarkar &#8220;Operare&#8221; significa realizzare\u00a0qualcosa con qualsiasi mezzo o supporto&#8221;. Supponiamo che si operi su una macchina utensile. Se questo tipo di operazione viene eseguita con un impegno collettivo, allora \u00e8 chiamata &#8220;cooperazione&#8221;. Si parla di cooperazione, se qualcosa \u00e8 fatto con parit\u00e0 di diritti, pari &hellip; Continua a leggere","og_url":"https:\/\/irprout.it\/?page_id=3011","og_site_name":"Istituto di Ricerca Prout","article_modified_time":"2015-05-21T15:17:31+00:00","og_image":[{"url":"http:\/\/irprout.it\/wp-content\/uploads\/2014\/11\/LAVORO_OLIO.jpg","type":"","width":"","height":""}],"twitter_misc":{"Tempo di lettura stimato":"3 minuti"},"schema":{"@context":"https:\/\/schema.org","@graph":[{"@type":"WebPage","@id":"https:\/\/irprout.it\/?page_id=3011","url":"https:\/\/irprout.it\/?page_id=3011","name":"Cooperazione Coordinata - il PROUT spiegato in poche parole - Istituto di Ricerca Prout","isPartOf":{"@id":"https:\/\/irprout.it\/#website"},"primaryImageOfPage":{"@id":"https:\/\/irprout.it\/?page_id=3011#primaryimage"},"image":{"@id":"https:\/\/irprout.it\/?page_id=3011#primaryimage"},"thumbnailUrl":"http:\/\/irprout.it\/wp-content\/uploads\/2014\/11\/LAVORO_OLIO.jpg","datePublished":"2015-05-21T15:08:49+00:00","dateModified":"2015-05-21T15:17:31+00:00","breadcrumb":{"@id":"https:\/\/irprout.it\/?page_id=3011#breadcrumb"},"inLanguage":"it-IT","potentialAction":[{"@type":"ReadAction","target":["https:\/\/irprout.it\/?page_id=3011"]}]},{"@type":"ImageObject","inLanguage":"it-IT","@id":"https:\/\/irprout.it\/?page_id=3011#primaryimage","url":"https:\/\/irprout.it\/wp-content\/uploads\/2014\/11\/LAVORO_OLIO.jpg","contentUrl":"https:\/\/irprout.it\/wp-content\/uploads\/2014\/11\/LAVORO_OLIO.jpg","width":952,"height":619},{"@type":"BreadcrumbList","@id":"https:\/\/irprout.it\/?page_id=3011#breadcrumb","itemListElement":[{"@type":"ListItem","position":1,"name":"Home","item":"https:\/\/irprout.it\/"},{"@type":"ListItem","position":2,"name":"Cooperazione Coordinata &#8211; il PROUT spiegato in poche parole"}]},{"@type":"WebSite","@id":"https:\/\/irprout.it\/#website","url":"https:\/\/irprout.it\/","name":"Istituto di Ricerca Prout","description":"Istituto di Ricerca Prout","publisher":{"@id":"https:\/\/irprout.it\/#organization"},"potentialAction":[{"@type":"SearchAction","target":{"@type":"EntryPoint","urlTemplate":"https:\/\/irprout.it\/?s={search_term_string}"},"query-input":{"@type":"PropertyValueSpecification","valueRequired":true,"valueName":"search_term_string"}}],"inLanguage":"it-IT"},{"@type":"Organization","@id":"https:\/\/irprout.it\/#organization","name":"Istituto di Ricerca Prout","url":"https:\/\/irprout.it\/","logo":{"@type":"ImageObject","inLanguage":"it-IT","@id":"https:\/\/irprout.it\/#\/schema\/logo\/image\/","url":"http:\/\/irprout.it\/wp-content\/uploads\/2014\/10\/logo_IRP_albero300Cor.jpg","contentUrl":"http:\/\/irprout.it\/wp-content\/uploads\/2014\/10\/logo_IRP_albero300Cor.jpg","width":303,"height":304,"caption":"Istituto di Ricerca Prout"},"image":{"@id":"https:\/\/irprout.it\/#\/schema\/logo\/image\/"}}]}},"_links":{"self":[{"href":"https:\/\/irprout.it\/index.php?rest_route=\/wp\/v2\/pages\/3011","targetHints":{"allow":["GET"]}}],"collection":[{"href":"https:\/\/irprout.it\/index.php?rest_route=\/wp\/v2\/pages"}],"about":[{"href":"https:\/\/irprout.it\/index.php?rest_route=\/wp\/v2\/types\/page"}],"author":[{"embeddable":true,"href":"https:\/\/irprout.it\/index.php?rest_route=\/wp\/v2\/users\/3"}],"replies":[{"embeddable":true,"href":"https:\/\/irprout.it\/index.php?rest_route=%2Fwp%2Fv2%2Fcomments&post=3011"}],"version-history":[{"count":6,"href":"https:\/\/irprout.it\/index.php?rest_route=\/wp\/v2\/pages\/3011\/revisions"}],"predecessor-version":[{"id":3017,"href":"https:\/\/irprout.it\/index.php?rest_route=\/wp\/v2\/pages\/3011\/revisions\/3017"}],"wp:attachment":[{"href":"https:\/\/irprout.it\/index.php?rest_route=%2Fwp%2Fv2%2Fmedia&parent=3011"}],"curies":[{"name":"wp","href":"https:\/\/api.w.org\/{rel}","templated":true}]}}