{"id":3090,"date":"2015-06-24T16:45:04","date_gmt":"2015-06-24T15:45:04","guid":{"rendered":"http:\/\/irprout.it\/?page_id=3090"},"modified":"2015-06-26T15:15:31","modified_gmt":"2015-06-26T14:15:31","slug":"la-storia-deve-essere-riscritta","status":"publish","type":"page","link":"https:\/\/irprout.it\/?page_id=3090","title":{"rendered":"La STORIA deve essere riscritta"},"content":{"rendered":"<p><span style=\"font-size: 28pt; font-family: tahoma, arial, helvetica, sans-serif; color: #ffffff; background-color: #000080;\">\u00a0La STORIA dovrebbe essere riscritta\u00a0<\/span><\/p>\n<p><strong><span style=\"font-size: 22pt; font-family: tahoma, arial, helvetica, sans-serif; color: #000000; background-color: #ffffff;\"><span style=\"color: #ffffff;\"><span style=\"color: #000000;\">Una registrazione fedele della vita umana<\/span><\/span><\/span><\/strong><\/p>\n<p><span style=\"font-size: 16pt; background-color: #99cc00;\"><img decoding=\"async\" class=\"alignleft  wp-image-3100 lazyload\" data-src=\"https:\/\/irprout.it\/wp-content\/uploads\/2015\/06\/etaromana2.jpg\" alt=\"etaromana2\" width=\"383\" height=\"326\" data-srcset=\"https:\/\/irprout.it\/wp-content\/uploads\/2015\/06\/etaromana2.jpg 450w, https:\/\/irprout.it\/wp-content\/uploads\/2015\/06\/etaromana2-300x255.jpg 300w, https:\/\/irprout.it\/wp-content\/uploads\/2015\/06\/etaromana2-353x300.jpg 353w\" data-sizes=\"(max-width: 383px) 100vw, 383px\" src=\"data:image\/svg+xml;base64,PHN2ZyB3aWR0aD0iMSIgaGVpZ2h0PSIxIiB4bWxucz0iaHR0cDovL3d3dy53My5vcmcvMjAwMC9zdmciPjwvc3ZnPg==\" style=\"--smush-placeholder-width: 383px; --smush-placeholder-aspect-ratio: 383\/326;\" \/>La storia moderna si occupa di solito di alcuni eventi molto comuni, ad esempio quando un re sal\u00ec al trono, o ha saccheggiato un paese vicino, o perpetrato atrocit\u00e0 verso i suoi sudditi, o \u00e8 morto, e cos\u00ec via. Quali benefici potrebbe trarre la gente comune dallo studio di tali inutili informazioni? Questo \u00e8 il motivo per cui non ha per nulla alcun interesse a studiare questo tipo di storia. La vera storia dovrebbe essere una registrazione fedele di tutta la vita umana.<\/span><\/p>\n<hr \/>\n<p><span style=\"font-size: 12pt;\">Dovrebbe essere riscritta tenendo in considerazione l&#8217;intera vita\u00a0umana che spazia dal sistema educativo diffuso, agli standard culturali, dal pensiero alle idee, al vestiario, alla condizione sociale delle donne, al ruolo delle donne in ambito sociale ed economico, alle condizioni socio-economiche delle comunit\u00e0 deboli e arretrate della societ\u00e0 di una particolare era, ecc.<\/span><\/p>\n<hr \/>\n<p><span style=\"font-size: 12pt; font-family: tahoma, arial, helvetica, sans-serif; color: #ffffff; background-color: #000080;\">\u00a0di P.R. Sarkar\u00a0<\/span><\/p>\n<p>In tutti e tre i mondi &#8211; mondo umano, mondo animale e mondo vegetale &#8211; ci sono alcune caratteristiche comuni che determinano le loro rispettive identit\u00e0. Nonostante ci\u00f2, gli esseri viventi e le piante non sono esattamente la stessa. Gli esseri viventi hanno determinati doveri speciali e caratteristiche distinte che li distinguono dalle piante.<\/p>\n<p>Se gli esseri viventi non avessero posseduto queste caratteristiche particolari, non li avremmo chiamati &#8220;esseri viventi&#8221;, ma li avremmo chiamati &#8220;piante&#8221;. Le caratteristiche comuni degli animali e delle piante sono anche insite negli esseri umani, ma gli esseri umani hanno in aggiunta altre determinate caratteristiche, senza le quali non sarebbero diversi dagli uccelli, animali, piante e rampicanti, ecc. E&#8217; dovere di ogni essere umano di risvegliare e sviluppare le proprie uniche caratteristiche, poich\u00e9 da queste dipende l&#8217;eccellenza della razza umana.<\/p>\n<p>Gli esseri umani che non presentano queste caratteristiche non sono degni della denominazione di &#8220;umani&#8221; &#8211; dovrebbero essere chiamati qualcos&#8217;altro. Nessun essere umano vuole <strong>diventare degradato<\/strong>. Prosperare nella vita, muoversi passo dopo passo lungo la via dello sviluppo, \u00e8 il naturale desiderio di tutti. E&#8217; dovere di quelle concesse uno stato di eccellenza a muoversi insieme con il resto della societ\u00e0. Per alcuni ad avanzare molto pi\u00f9 avanti, mentre altri in ritardo non \u00e8 affatto desiderabile. Se una cosa del genere dovesse accadere, non sarebbe affatto glorioso per coloro che hanno avanzato.<\/p>\n<p><span style=\"font-size: 14pt; font-family: tahoma, arial, helvetica, sans-serif; color: #000000; background-color: #99cc00;\">\u00a0\u00a0\u00a0\u00a0\u00a0\u00a0La storia \u00e8 stata scritta ed \u00e8 letta &#8211; \u00e8 stato scritta in passato; sar\u00e0 scritta in futuro. Ma suggerisco che nella scrittura della storia ci dovrebbe essere un cambiamento radicale. La storia scritta finora \u00e8 una storia di re e monarchi. Dovrebbe essere accuratamente revisionata e riscritta completamente &#8211; riscritta nell&#8217;interesse dell&#8217;umanit\u00e0 e del benessere universale del genere umano. Se le cronache della storia descrivono semplicemente chi \u00e8 succeduto al trono e quando, chi ha saccheggiato i paesi vicini o il regno, e chi divenne ministro, non saranno di nessuna importanza, n\u00e9 del resto, di qualsiasi interesse per le masse comuni. Se gli esseri umani debbono trarre profitto dallo studio degli annali della storia, questi devono riflettere il bene e il dolore, le speranze e le aspirazioni delle masse.<\/span><\/p>\n<p>Gli annali della storia umana dovrebbero mostrare quale comunit\u00e0 abbia determinato un certo progresso e prosperit\u00e0, in quale area della vita sociale e in quale parte del mondo &#8211; solo tali eventi significativi sono degni di essere registrati. La storia dovrebbe anche conservare la registrazione speciali delle prove e tribolazioni che gli esseri umani hanno attraversato, come quelle prove e tribolazioni sono state superate, come gli esseri umani hanno affrontato i numerosi ostacoli nel realizzare un maggiore sviluppo sociale, e cos\u00ec via. Solo tale storia potrei definirla \u201cstoria completa\u201d o \u201cstoria culturale completa\u201d della razza umana.<\/p>\n<p><span style=\"font-size: 14pt; background-color: #99cc00;\">La storia della razza umana deve essere scritta in base alle caratteristiche particolari inerenti degli esseri umani. Solo allora sapremo quanto successo gli esseri umani del passato hanno avuto nello sviluppo delle loro latenti nobili qualit\u00e0, e quanto hanno progredito oggi. Una manciata di persone su alcuni milioni pu\u00f2 raggiungere l&#8217;apice del progresso e fornire ispirazione per migliaia di altri, ma questo non andr\u00e0 a beneficio dell&#8217;intera razza umana.<\/span><\/p>\n<p>Dovremo essere particolarmente perseveranti nel garantire che le particolari caratteristiche, cio\u00e8 il <em>Dharma<\/em> innato, di tutte le persone siano sviluppate appieno. Alcune persone potranno non essere soddisfatte di una tale riscrittura della storia, ma da questo tipo di analisi storica tali persone potranno trarre ispirazione e grande forza per andare avanti.<\/p>\n<p>Alcuni dicono che siano necessarie, per il buon funzionamento della societ\u00e0, sia i sannyasin (monaci\/che) sia le persone di famiglia. Ora la domanda \u00e8: \u201cil loro Dharma \u00e8 diverso?\u201d. Ci sar\u00e0 una storia separata per ciascuno di essi? La mia risposta \u00e8 enfatico, &#8220;NO!&#8221;, perch\u00e9 il manava dharma quadri-dimensionale (dharma umano) \u00e8 uno ed \u00e8 lo stesso. Esso comprende: Vistara (espansione), Rasa (flusso), Seva &#8216;(servizio) e Moks&#8217;a (emancipazione spirituale). Il rispetto del Manava (Bhagavad) Dharma \u00e8 ugualmente obbligatorio sia per i sannyasin sia per i capifamiglia?<\/p>\n<p>L&#8217;unica differenza tra i due \u00e8 la seguente: i capifamiglia devono prendersi cura di due famiglie, mentre i rinuncianti devono prendersi cura di una sola. Le due famiglie per i capofamiglia sono \u201cla loro piccola famiglia composta da padre, madre, fratelli, sorelle, il marito o la moglie, i figli, le figlie, ecc.\u201d e la famiglia umana pi\u00f9 grande, che \u00e8, l&#8217;intero universo. I padroni di casa dovranno mantenere un equilibrio tra queste due famiglie.<\/p>\n<p>I capifamiglia\u00a0dovranno occuparsi pure della famiglia pi\u00f9 grande, ma per questo possono essere assistiti dai sannyasin. I Sannyasin non hanno una loro piccola famiglia &#8211; la loro famiglia \u00e8 l&#8217;intero universo. Al fine di mantenere quella famiglia, a loro volta, potranno contare sull\u2019aiuto dei capifamiglia. Quindi \u00e8 chiaro che il Manava Dharma \u00e8 lo stesso per entrambi sia padroni di casa sia rinuncianti.<\/p>\n<p>Quando scriviamo la Storia di un autentico progresso umano, il ruolo glorioso sia dei capifamiglia sia dei rinuncianti sar\u00e0 scritto a lettere d&#8217;oro. Solo scrivendo la Storia in questo modo, un giorno, gli esseri umani potranno dimostrare non solo a questo mondo, ma a tutto l&#8217;universo, che Parama Purus&#8217;a (l&#8217;Entit\u00e0 Suprema) \u00a0\u00e8 giustificato nell\u2019aver creato gli esseri umani.<\/p>\n<p><strong>29 gennaio 1980, Patna<\/strong><\/p>\n<p>&nbsp;<\/p>\n<p><span style=\"color: #ffffff; font-size: 28pt; background-color: #000080;\"><span style=\"font-family: tahoma, arial, helvetica, sans-serif;\">Come dovrebbe essere scritta la\u00a0<\/span><span style=\"font-family: tahoma, arial, helvetica, sans-serif;\">STORIA?<\/span><\/span><\/p>\n<p><span style=\"color: #ffffff; font-size: 14pt; background-color: #999999;\">fonte ufficiale:\u00a0&#8220;A Few Problems Solved &#8211; Part 4&#8221;<\/span><\/p>\n<p>Ieri ho detto qualcosa sulla storia; ho detto che la storia moderna si occupa di solito di alcuni eventi molto comuni, ad esempio quando un re sal\u00ec al trono, o ha saccheggiato un paese vicino, o perpetrato atrocit\u00e0 verso i suoi sudditi, o \u00e8 morto, e cos\u00ec via. Quali benefici potrebbe trarre la gente comune dallo studio di tali inutili informazioni? Questo \u00e8 il motivo per cui non ha per nulla alcun interesse a studiare questo tipo di storia. La vera storia dovrebbe essere una registrazione fedele di tutta la vita umana.<\/p>\n<p><img decoding=\"async\" class=\"size-full wp-image-3107 alignright lazyload\" data-src=\"https:\/\/irprout.it\/wp-content\/uploads\/2015\/06\/terra-scrigno2.jpg\" alt=\"terra-scrigno2\" width=\"550\" height=\"289\" data-srcset=\"https:\/\/irprout.it\/wp-content\/uploads\/2015\/06\/terra-scrigno2.jpg 550w, https:\/\/irprout.it\/wp-content\/uploads\/2015\/06\/terra-scrigno2-300x158.jpg 300w, https:\/\/irprout.it\/wp-content\/uploads\/2015\/06\/terra-scrigno2-500x263.jpg 500w\" data-sizes=\"(max-width: 550px) 100vw, 550px\" src=\"data:image\/svg+xml;base64,PHN2ZyB3aWR0aD0iMSIgaGVpZ2h0PSIxIiB4bWxucz0iaHR0cDovL3d3dy53My5vcmcvMjAwMC9zdmciPjwvc3ZnPg==\" style=\"--smush-placeholder-width: 550px; --smush-placeholder-aspect-ratio: 550\/289;\" \/>La definizione riconosciuta del termine Storia \u00e8:<\/p>\n<p>&#8220;Iti hasati ityarthe itiha&#8217;sah.&#8221;<\/p>\n<p><span style=\"font-size: 14pt; font-family: tahoma, arial, helvetica, sans-serif; background-color: #99cc00;\">Cio\u00e8, la storia \u00e8 uno splendente riflesso della vita collettiva, il cui studio sar\u00e0 di grande ispirazione per le generazioni future. &#8220;Iti hasati&#8221; significa letteralmente &#8220;l&#8217;esempio luminoso della gloriosa dignit\u00e0 umana&#8221;.<\/span><\/p>\n<p>Gli esseri umani non dovrebbero essere paragonati ai singoli fiori, ma a un intero giardino fiorito. Un giardino floreale \u00e8 composto da innumerevoli variet\u00e0 di fiori, ciascuno con la propria fragranza e colori. La storia umana \u00e8 come questo: la bellezza della storia sta nelle variazioni caleidoscopiche dei fattori spaziali, temporali e personali. Non possiamo permetterci di rovinare le sue caratteristiche; n\u00e9 possiamo imporre a forza un particolare tipo di storia ad una determinata comunit\u00e0.<\/p>\n<p><span style=\"font-size: 14pt; font-family: tahoma, arial, helvetica, sans-serif; background-color: #99cc00;\">\u00a0\u00a0\u00a0\u00a0\u00a0\u00a0Ogni individuo o una comunit\u00e0 avanzer\u00e0 in virt\u00f9 della propria vitalit\u00e0 interiore e contribuir\u00e0 alla realizzazione collettiva di tutta l&#8217;umanit\u00e0. Questo \u00e8 il vero spirito della storia. <\/span><\/p>\n<p>Durante la scrittura della storia dovremo prendere in considerazione le varie sfere della vita umana e garantire che siano date le indicazioni corrette per lo sviluppo di ogni settore. Ad esempio, la storia dovrebbe concentrarsi sul sistema educativo diffuso, sugli standard culturali, il pensiero e le idee, il vestiario, la condizione sociale delle donne, il ruolo delle donne in ambito sociale ed economico, le condizioni socio-economiche delle comunit\u00e0 deboli e arretrate della societ\u00e0 di una particolare era, ecc. Se qualcuno di questi aspetti sar\u00e0 omesso durante la scrittura della storia, essa risulter\u00e0 incompleta.<\/p>\n<p>C&#8217;\u00e8 ancora un&#8217;altra definizione popolare della Storia:<\/p>\n<p>Dharma&#8217;rtha ka&#8217;ma moks&#8217;a&#8217;rtham<br \/>\nNiiti va&#8217;kya samanvitam &#8216;<br \/>\nPura&#8217;vrta katha&#8217;yuktam&#8217;itiha&#8217;sah pracaks&#8217;ate<\/p>\n<p><strong>Cio\u00e8, solamente quel Trattato che aumenta l\u2019arena di consapevolezza spirituale degli esseri umani e, quindi, rende l&#8217;intelletto pi\u00f9 sottile, che aumenta la conoscenza nei vari rami dell&#8217;arte e della scienza &#8211; come letteratura, arte, scienza pura, tecnologia, scienze sociali , ecc. &#8211; e che offre agli esseri umani solide fondamenta su cui poggiare, merita di essere chiamato Storia genuina<\/strong>.<\/p>\n<p>Vediamo come le persone scrivono la storia o la fanno scrivere. Nella maggior parte dei casi la storia \u00e8 scritta nell&#8217;interesse di un particolare gruppo sociale. I libri di storia sono selezionati al fine di stabilire la gloria di una determinata epoca. Ad esempio, i racconti eroici di cavalleria dell&#8217;epoca Ks&#8217;attriyas (guerriera), le loro strategie di guerra, ecc., costituiscono il principale fondamento per la scrittura della storia dell&#8217;epoca Ks&#8217;attriya. I libri di storia sono pieni di elogi del coraggio e della cavalleria dei governanti Ks&#8217;attriyan. Allo stesso modo, la storia dell&#8217;epoca Vipra (intellettuale: della Chiesa, etc.), \u00e8 piena di lodi per le gesta gloriose dei leader Vipra, e la storia dell&#8217;epoca Vaeshya (Affarista), contiene un&#8217;abbondanza di episodi sulle glorie del Vaeshyas. Studiando tale storia di parte, i lettori perdono sia l&#8217;interesse sia la pazienza. Oltre a ci\u00f2, lo studio di questo tipo di cosiddetta \u2018storia\u2019 inietta una sorta di dogma nella mente dei lettori, e di conseguenza blocca lo sviluppo di una mente umana spontanea.<\/p>\n<p>E\u2019 necessario dare delle disposizioni adeguate per lo studio della storia. Ma la storia deve essere quella reale, non la storia di una classe particolare, o di un re o di un ministro.<\/p>\n<p>Purtroppo, la storia di parte \u00e8 sempre scritta secondo i dettami della classe dirigente dei diversi paesi. Lo studio di questa storia di parte \u00e8 dannosa per la societ\u00e0. Non dovrebbe accadere.<\/p>\n<p><span style=\"font-size: 14pt; font-family: tahoma, arial, helvetica, sans-serif; background-color: #99cc00;\">Voi, persone di oggi siete pi\u00f9 illuminate. La vostra capacit\u00e0 intellettuale non \u00e8 inferiore a quella di nessun altro. <strong>Per questo voi dovreste, con un vostro impegno collettivo, scrivere una nuova storia della razza umana<\/strong>. La storia che si scriver\u00e0 in futuro dovr\u00e0 riflettere in modo inequivocabile i fattori importanti come il modo in cui la societ\u00e0 umana si \u00e8 evoluta attraverso prove e tribolazioni; quali difficolt\u00e0 sono state affrontate e come gli esseri umani le hanno superate e si sono mossi verso il loro obiettivo ultimo con passo fermo; e di come anche oggi essi stiano avanzando risolvendo numerosi problemi.<\/span><\/p>\n<p>28 febbraio 1980<\/p>\n","protected":false},"excerpt":{"rendered":"<p>\u00a0La STORIA dovrebbe essere riscritta\u00a0 Una registrazione fedele della vita umana La storia moderna si occupa di solito di alcuni eventi molto comuni, ad esempio quando un re sal\u00ec al trono, o ha saccheggiato un paese vicino, o perpetrato atrocit\u00e0 verso i suoi sudditi, o \u00e8 morto, e cos\u00ec via. <span class=\"excerpt-dots\">&hellip;<\/span> <a class=\"more-link\" href=\"https:\/\/irprout.it\/?page_id=3090\"><span class=\"more-msg\">Continua a leggere<\/span><\/a><\/p>\n","protected":false},"author":3,"featured_media":0,"parent":0,"menu_order":0,"comment_status":"closed","ping_status":"closed","template":"","meta":{"ngg_post_thumbnail":0,"footnotes":""},"class_list":["post-3090","page","type-page","status-publish","hentry"],"yoast_head":"<!-- This site is optimized with the Yoast SEO plugin v26.6 - https:\/\/yoast.com\/wordpress\/plugins\/seo\/ -->\n<title>La STORIA deve essere riscritta - Istituto di Ricerca Prout<\/title>\n<meta name=\"robots\" content=\"index, follow, max-snippet:-1, max-image-preview:large, max-video-preview:-1\" \/>\n<link rel=\"canonical\" href=\"https:\/\/irprout.it\/?page_id=3090\" \/>\n<meta property=\"og:locale\" content=\"it_IT\" \/>\n<meta property=\"og:type\" content=\"article\" \/>\n<meta property=\"og:title\" content=\"La STORIA deve essere riscritta - Istituto di Ricerca Prout\" \/>\n<meta property=\"og:description\" content=\"\u00a0La STORIA dovrebbe essere riscritta\u00a0 Una registrazione fedele della vita umana La storia moderna si occupa di solito di alcuni eventi molto comuni, ad esempio quando un re sal\u00ec al trono, o ha saccheggiato un paese vicino, o perpetrato atrocit\u00e0 verso i suoi sudditi, o \u00e8 morto, e cos\u00ec via. &hellip; Continua a leggere\" \/>\n<meta property=\"og:url\" content=\"https:\/\/irprout.it\/?page_id=3090\" \/>\n<meta property=\"og:site_name\" content=\"Istituto di Ricerca Prout\" \/>\n<meta property=\"article:modified_time\" content=\"2015-06-26T14:15:31+00:00\" \/>\n<meta property=\"og:image\" content=\"http:\/\/irprout.it\/wp-content\/uploads\/2015\/06\/etaromana2.jpg\" \/>\n<meta name=\"twitter:label1\" content=\"Tempo di lettura stimato\" \/>\n\t<meta name=\"twitter:data1\" content=\"9 minuti\" \/>\n<script type=\"application\/ld+json\" class=\"yoast-schema-graph\">{\"@context\":\"https:\/\/schema.org\",\"@graph\":[{\"@type\":\"WebPage\",\"@id\":\"https:\/\/irprout.it\/?page_id=3090\",\"url\":\"https:\/\/irprout.it\/?page_id=3090\",\"name\":\"La STORIA deve essere riscritta - Istituto di Ricerca Prout\",\"isPartOf\":{\"@id\":\"https:\/\/irprout.it\/#website\"},\"primaryImageOfPage\":{\"@id\":\"https:\/\/irprout.it\/?page_id=3090#primaryimage\"},\"image\":{\"@id\":\"https:\/\/irprout.it\/?page_id=3090#primaryimage\"},\"thumbnailUrl\":\"http:\/\/irprout.it\/wp-content\/uploads\/2015\/06\/etaromana2.jpg\",\"datePublished\":\"2015-06-24T15:45:04+00:00\",\"dateModified\":\"2015-06-26T14:15:31+00:00\",\"breadcrumb\":{\"@id\":\"https:\/\/irprout.it\/?page_id=3090#breadcrumb\"},\"inLanguage\":\"it-IT\",\"potentialAction\":[{\"@type\":\"ReadAction\",\"target\":[\"https:\/\/irprout.it\/?page_id=3090\"]}]},{\"@type\":\"ImageObject\",\"inLanguage\":\"it-IT\",\"@id\":\"https:\/\/irprout.it\/?page_id=3090#primaryimage\",\"url\":\"https:\/\/irprout.it\/wp-content\/uploads\/2015\/06\/etaromana2.jpg\",\"contentUrl\":\"https:\/\/irprout.it\/wp-content\/uploads\/2015\/06\/etaromana2.jpg\",\"width\":450,\"height\":382},{\"@type\":\"BreadcrumbList\",\"@id\":\"https:\/\/irprout.it\/?page_id=3090#breadcrumb\",\"itemListElement\":[{\"@type\":\"ListItem\",\"position\":1,\"name\":\"Home\",\"item\":\"https:\/\/irprout.it\/\"},{\"@type\":\"ListItem\",\"position\":2,\"name\":\"La STORIA deve essere riscritta\"}]},{\"@type\":\"WebSite\",\"@id\":\"https:\/\/irprout.it\/#website\",\"url\":\"https:\/\/irprout.it\/\",\"name\":\"Istituto di Ricerca Prout\",\"description\":\"Istituto di Ricerca Prout\",\"publisher\":{\"@id\":\"https:\/\/irprout.it\/#organization\"},\"potentialAction\":[{\"@type\":\"SearchAction\",\"target\":{\"@type\":\"EntryPoint\",\"urlTemplate\":\"https:\/\/irprout.it\/?s={search_term_string}\"},\"query-input\":{\"@type\":\"PropertyValueSpecification\",\"valueRequired\":true,\"valueName\":\"search_term_string\"}}],\"inLanguage\":\"it-IT\"},{\"@type\":\"Organization\",\"@id\":\"https:\/\/irprout.it\/#organization\",\"name\":\"Istituto di Ricerca Prout\",\"url\":\"https:\/\/irprout.it\/\",\"logo\":{\"@type\":\"ImageObject\",\"inLanguage\":\"it-IT\",\"@id\":\"https:\/\/irprout.it\/#\/schema\/logo\/image\/\",\"url\":\"http:\/\/irprout.it\/wp-content\/uploads\/2014\/10\/logo_IRP_albero300Cor.jpg\",\"contentUrl\":\"http:\/\/irprout.it\/wp-content\/uploads\/2014\/10\/logo_IRP_albero300Cor.jpg\",\"width\":303,\"height\":304,\"caption\":\"Istituto di Ricerca Prout\"},\"image\":{\"@id\":\"https:\/\/irprout.it\/#\/schema\/logo\/image\/\"}}]}<\/script>\n<!-- \/ Yoast SEO plugin. -->","yoast_head_json":{"title":"La STORIA deve essere riscritta - Istituto di Ricerca Prout","robots":{"index":"index","follow":"follow","max-snippet":"max-snippet:-1","max-image-preview":"max-image-preview:large","max-video-preview":"max-video-preview:-1"},"canonical":"https:\/\/irprout.it\/?page_id=3090","og_locale":"it_IT","og_type":"article","og_title":"La STORIA deve essere riscritta - Istituto di Ricerca Prout","og_description":"\u00a0La STORIA dovrebbe essere riscritta\u00a0 Una registrazione fedele della vita umana La storia moderna si occupa di solito di alcuni eventi molto comuni, ad esempio quando un re sal\u00ec al trono, o ha saccheggiato un paese vicino, o perpetrato atrocit\u00e0 verso i suoi sudditi, o \u00e8 morto, e cos\u00ec via. &hellip; Continua a leggere","og_url":"https:\/\/irprout.it\/?page_id=3090","og_site_name":"Istituto di Ricerca Prout","article_modified_time":"2015-06-26T14:15:31+00:00","og_image":[{"url":"http:\/\/irprout.it\/wp-content\/uploads\/2015\/06\/etaromana2.jpg","type":"","width":"","height":""}],"twitter_misc":{"Tempo di lettura stimato":"9 minuti"},"schema":{"@context":"https:\/\/schema.org","@graph":[{"@type":"WebPage","@id":"https:\/\/irprout.it\/?page_id=3090","url":"https:\/\/irprout.it\/?page_id=3090","name":"La STORIA deve essere riscritta - Istituto di Ricerca Prout","isPartOf":{"@id":"https:\/\/irprout.it\/#website"},"primaryImageOfPage":{"@id":"https:\/\/irprout.it\/?page_id=3090#primaryimage"},"image":{"@id":"https:\/\/irprout.it\/?page_id=3090#primaryimage"},"thumbnailUrl":"http:\/\/irprout.it\/wp-content\/uploads\/2015\/06\/etaromana2.jpg","datePublished":"2015-06-24T15:45:04+00:00","dateModified":"2015-06-26T14:15:31+00:00","breadcrumb":{"@id":"https:\/\/irprout.it\/?page_id=3090#breadcrumb"},"inLanguage":"it-IT","potentialAction":[{"@type":"ReadAction","target":["https:\/\/irprout.it\/?page_id=3090"]}]},{"@type":"ImageObject","inLanguage":"it-IT","@id":"https:\/\/irprout.it\/?page_id=3090#primaryimage","url":"https:\/\/irprout.it\/wp-content\/uploads\/2015\/06\/etaromana2.jpg","contentUrl":"https:\/\/irprout.it\/wp-content\/uploads\/2015\/06\/etaromana2.jpg","width":450,"height":382},{"@type":"BreadcrumbList","@id":"https:\/\/irprout.it\/?page_id=3090#breadcrumb","itemListElement":[{"@type":"ListItem","position":1,"name":"Home","item":"https:\/\/irprout.it\/"},{"@type":"ListItem","position":2,"name":"La STORIA deve essere riscritta"}]},{"@type":"WebSite","@id":"https:\/\/irprout.it\/#website","url":"https:\/\/irprout.it\/","name":"Istituto di Ricerca Prout","description":"Istituto di Ricerca Prout","publisher":{"@id":"https:\/\/irprout.it\/#organization"},"potentialAction":[{"@type":"SearchAction","target":{"@type":"EntryPoint","urlTemplate":"https:\/\/irprout.it\/?s={search_term_string}"},"query-input":{"@type":"PropertyValueSpecification","valueRequired":true,"valueName":"search_term_string"}}],"inLanguage":"it-IT"},{"@type":"Organization","@id":"https:\/\/irprout.it\/#organization","name":"Istituto di Ricerca Prout","url":"https:\/\/irprout.it\/","logo":{"@type":"ImageObject","inLanguage":"it-IT","@id":"https:\/\/irprout.it\/#\/schema\/logo\/image\/","url":"http:\/\/irprout.it\/wp-content\/uploads\/2014\/10\/logo_IRP_albero300Cor.jpg","contentUrl":"http:\/\/irprout.it\/wp-content\/uploads\/2014\/10\/logo_IRP_albero300Cor.jpg","width":303,"height":304,"caption":"Istituto di Ricerca Prout"},"image":{"@id":"https:\/\/irprout.it\/#\/schema\/logo\/image\/"}}]}},"_links":{"self":[{"href":"https:\/\/irprout.it\/index.php?rest_route=\/wp\/v2\/pages\/3090","targetHints":{"allow":["GET"]}}],"collection":[{"href":"https:\/\/irprout.it\/index.php?rest_route=\/wp\/v2\/pages"}],"about":[{"href":"https:\/\/irprout.it\/index.php?rest_route=\/wp\/v2\/types\/page"}],"author":[{"embeddable":true,"href":"https:\/\/irprout.it\/index.php?rest_route=\/wp\/v2\/users\/3"}],"replies":[{"embeddable":true,"href":"https:\/\/irprout.it\/index.php?rest_route=%2Fwp%2Fv2%2Fcomments&post=3090"}],"version-history":[{"count":13,"href":"https:\/\/irprout.it\/index.php?rest_route=\/wp\/v2\/pages\/3090\/revisions"}],"predecessor-version":[{"id":3111,"href":"https:\/\/irprout.it\/index.php?rest_route=\/wp\/v2\/pages\/3090\/revisions\/3111"}],"wp:attachment":[{"href":"https:\/\/irprout.it\/index.php?rest_route=%2Fwp%2Fv2%2Fmedia&parent=3090"}],"curies":[{"name":"wp","href":"https:\/\/api.w.org\/{rel}","templated":true}]}}