{"id":3212,"date":"2015-07-23T15:06:34","date_gmt":"2015-07-23T14:06:34","guid":{"rendered":"http:\/\/irprout.it\/?page_id=3212"},"modified":"2020-03-28T12:57:17","modified_gmt":"2020-03-28T11:57:17","slug":"la-microvita-un-nuovo-concetto-che-unisce-spirito-e-materia","status":"publish","type":"page","link":"https:\/\/irprout.it\/?page_id=3212","title":{"rendered":"La Microvita: Un nuovo concetto che unisce spirito e materia"},"content":{"rendered":"<p><span style=\"font-size: 28pt; font-family: tahoma, arial, helvetica, sans-serif; color: #ffffff; background-color: #ff6600;\">&nbsp;\u201cmicrovita\u201d, la misteriosa emanazione del fattore cosmico&nbsp;<\/span><\/p>\n<div id=\"attachment_3208\" style=\"width: 149px\" class=\"wp-caption alignright\"><img decoding=\"async\" aria-describedby=\"caption-attachment-3208\" class=\"wp-image-3208 lazyload\" data-src=\"https:\/\/irprout.it\/wp-content\/uploads\/2014\/10\/Uttam-Pati.jpg\" alt=\"Prof. Uttam Pati, Scuola di Biotecnologia, Universit\u00e0 di Jawaharlal Nehru, New Delhi \" width=\"139\" height=\"169\" src=\"data:image\/svg+xml;base64,PHN2ZyB3aWR0aD0iMSIgaGVpZ2h0PSIxIiB4bWxucz0iaHR0cDovL3d3dy53My5vcmcvMjAwMC9zdmciPjwvc3ZnPg==\" style=\"--smush-placeholder-width: 139px; --smush-placeholder-aspect-ratio: 139\/169;\"><p id=\"caption-attachment-3208\" class=\"wp-caption-text\">Prof. Uttam Pati, Scuola di Biotecnologia, Universit\u00e0 di Jawaharlal Nehru, New Delhi<\/p><\/div>\n<p><span style=\"font-size: 14pt; background-color: #99cc00;\">La radice della vita \u00e8 nella <span style=\"color: #ffff00;\"><strong>microvita<\/strong><\/span> unitaria e non nei protozoi unicellulari o nelle cellule protoplasmiche unitarie. Poich\u00e9 le microvita sono una creazione della fase interna dell\u2019evoluzione, le microvita positive possono associare la mente ad un corpo, e coscienza alla materia, e le microvita negative, presenti nei virus o nei batteri, potrebbero decomporre i corpi e distruggere menti.&nbsp; Le Microvita &#8211; portatrici di vita &#8211; non sono di natura carbonica, possono cos\u00ec creare menti e corpi.<\/span><\/p>\n<p>Galileo ha dichiarato che la filosofia \u00e8 scritta in quel grande libro che \u00e8 l\u2019Universo; tutte le verit\u00e0 sono facili da comprendere una volta che sono state scoperte, il punto \u00e8 proprio quello di scoprirle.<\/p>\n<p>Dopo la scoperta che le lune di Giove si muovevano intorno al pianeta, la corte papale lo dichiar\u00f2 colpevole e fu messo agli arresti domiciliari sino alla morte.<\/p>\n<p>400 anni pi\u00f9 tardi, pochi mesi fa, il Papa di Roma si \u00e8 scusato per questo. 2500 anni fa Buddha aveva implorato i suoi discepoli di \u201cnon accettare alcuna dichiarazione o asserzione di verit\u00e0 basata sulla fede cieca, perch\u00e9 ogni posizione sulla realt\u00e0 della natura dovrebbe essere bastata su un ragionamento verificabile&#8221;; questa posizione \u00e8 stata appoggiata dallo stesso Einstein affermando che la religione del futuro sar\u00e0 una religione del cosmo, una religione basata sull\u2019esperienza, che rifiuta qualsiasi dogma. Ciascuno realizzer\u00e0 che la mente, la quale&nbsp;oscilla costantemente tra il grezzo e il sottile, tende a trovare la consapevolezza necessaria alle sue risposte; <strong>lo scienziato e il santo sono entrambi simili nelle loro percezioni.<\/strong><\/p>\n<p><strong>Il filosofo PR Sarkar ha proposto una teoria unica per spiegare il concetto della \u201cmicrovita\u201d, una misteriosa emanazione del fattore cosmico,<\/strong> che \u00e8 la risposta che legherebbe il crudo e il sottile in questo universo, laddove il sottile viene trasformato nella materia e la materia si converte nel sottile. Il nostro mondo funziona entro i limiti dei nostri sensi &#8211; nello stato pi\u00f9 grezzo &#8211; e ogni cosa che va al di l\u00e0 di questo limite viene definita misteriosa. Il tempo con cui abbiamo identificato la materia pi\u00f9 piccola, mostra la difficolt\u00e0 di percepire particelle oltre l\u2019elettrone e il protone o il Bosone di Higgs, la particella di Dio, il cui nome gi\u00e0 suggerisce l\u2019idea di qualcosa di misterioso. Con una logica simile, nella sfera psichica, ci potranno essere entit\u00e0 pi\u00f9 piccole dell\u2019ectoplasma o della sua copertura extra-psichica, l\u2019endoplasma. La possibilit\u00e0 dell\u2019esistenza di una particella ancora pi\u00f9 piccola della particella di Dio, il bosone, e oltre l\u2018endoplasma, \u00e8 stata postulata appunto come &nbsp;\u201cmicrovita\u201d.<\/p>\n<p>Se supponiamo che l\u2019esistenza di una particella pi\u00f9 piccola \u00e8 oltre la portata della sua identificazione, l\u2019alternativa per la sua scoperta o identificazione risiede nella sua percezione. La maggior parte delle nostre scoperte scientifiche sono giunte innanzitutto grazie alla percezione; una volta realizzata l\u2019\u201cidea\u201d \u00e8 pi\u00f9 facile giungere a dei risultati tramite degli esperimenti . C\u2019\u00e8 una continua conversione della materia nella microvita e una riconversione della microvita nella materia. La materia \u00e8 composta di microvita dove l\u201cidea\u201d \u00e8 la base costituente delle stesse microvita. Quest\u2019unione simbolica tra materia e idea \u00e8 la definizione del crudo verso il sottile; &nbsp;della vita verso la morte.<\/p>\n<p>La radice della vita \u00e8 nella microvita unitaria e non nei protozoi unicellulari o nelle cellule protoplasmiche unitarie. Poich\u00e9 le microvita sono una creazione della fase interna dell\u2019evoluzione, le microvita positive possono associare la mente ad un corpo, e coscienza alla materia, e le microvita negative, presenti nei virus o nei batteri, potrebbero decomporre i corpi.&nbsp; Le Microvita &#8211; portatrici di vita &#8211; non sono di natura carbonica, possono cos\u00ec creare e distruggere menti e corpi.<\/p>\n<p>Esse, da differenti sorgenti, attraverso i &nbsp;clash e la coesione, possono portare un cambiamento importante nella struttura fisica attraverso l\u2019universo, con un processo evolutivo che include la comparsa della vita nel grembo materno. La recente scoperta di Paul Bloom all\u2019 Universit\u00e0 di Yale precisa che la natura della moralit\u00e0 ha un\u2019origine evolutiva e che le persone hanno ancora un rudimentale senso della giustizia che risiede in forme arcaiche.<\/p>\n<p>Quest\u2019affermazione \u00e8 sensata perch\u00e9 queste strutture morali dipendono da facolt\u00e0 emotive, processi intuitivi, per il bene e il male; l\u2019origine potrebbe risiedere nella composizione, e nel tipo di interazione tra i gradi e la quantit\u00e0 di microvite.<\/p>\n<p>Dati scientifici recenti provenienti dall\u2019Universit\u00e0 College di London mostrano che esiste una zona di conflitto tra le cellule normali e quelle adiacenti un tumore dove il corpo deve vincere per la sua sopravvivenza.<\/p>\n<p>Le cellule tumorali- che potrebbero essere originate da microvita negative \u2013 potrebbero essere sconfitte da cellule adiacenti normali attraverso le microvita positive. Il Premio Nobel Luc Montagnier \u2013 che ha scoperto il legame tra HIV and AIDS \u2013 ha proposto recentemente che una soluzione diluita contenente DNA di un batterio patogeno e di un virus potrebbe emettere \u201donde radio a bassa frequenza\u201d che induce l\u2019acqua circostante a organizzarsi in una nano struttura che potrebbe conservare una \u201cmemoria\u201d.&nbsp; Potrebbe non essere prematuro ammettere che la \u201cmemoria cellulare\u201d un\u2019\u201cidea\u201d, che a sua volta potrebbe essere il fattore costituente della microvita.<\/p>\n<p><strong>Comprendere la microvita potrebbe significare ridurre il gap tra la fisica e la metafisica.<\/strong><\/p>\n<hr>\n<p>&nbsp;<\/p>\n<p>&nbsp;<\/p>\n<p><em>Speaker: <strong>Uttam Pati, <\/strong>Professore di Biologia molecolare e genetica, <\/em><em>School of Biotechnology, Jawaharlal Nehru University, New Delhi. He has been the Chairman and Dean of School of Biotechnolgy (1999-2007). He received his PhDs from the Allahabad University, India, and the University of New Brunswick, Canada, in Chemistry.&nbsp; He did his postdoctoral research in Medicinal Chemistry at the Max Planck Institute, Germany, Massachusetts Institute of Technology, USA, and at the Yale University School of Medicine, USA. He was a faculty in Medicine and Molecular Biology (1990-94) at the School of Medicine Georgia, Augusta, USA. His research interests include cancer biology and gene regulation, molecular chaperones and their role in hypoxic tumor, and allele-specific gene silencing. He has published more than thirty original research papers in the above areas. His other interests are education and society, ethics, social behavior and social justice. Recently he has lectured on microvita at various forums including Malaysia and Singapore.<\/em><\/p>\n<p>&nbsp;<\/p>\n<p>&nbsp;<\/p>\n","protected":false},"excerpt":{"rendered":"<p>&nbsp;\u201cmicrovita\u201d, la misteriosa emanazione del fattore cosmico&nbsp; La radice della vita \u00e8 nella microvita unitaria e non nei protozoi unicellulari o nelle cellule protoplasmiche unitarie. Poich\u00e9 le microvita sono una creazione della fase interna dell\u2019evoluzione, le microvita positive possono associare la mente ad un corpo, e coscienza alla materia, e <span class=\"excerpt-dots\">&hellip;<\/span> <a class=\"more-link\" href=\"https:\/\/irprout.it\/?page_id=3212\"><span class=\"more-msg\">Continua a leggere<\/span><\/a><\/p>\n","protected":false},"author":3,"featured_media":0,"parent":0,"menu_order":0,"comment_status":"closed","ping_status":"closed","template":"","meta":{"ngg_post_thumbnail":0,"footnotes":""},"class_list":["post-3212","page","type-page","status-publish","hentry"],"yoast_head":"<!-- This site is optimized with the Yoast SEO plugin v26.6 - https:\/\/yoast.com\/wordpress\/plugins\/seo\/ -->\n<title>La Microvita: Un nuovo concetto che unisce spirito e materia - Istituto di Ricerca Prout<\/title>\n<meta name=\"robots\" content=\"index, follow, max-snippet:-1, max-image-preview:large, max-video-preview:-1\" \/>\n<link rel=\"canonical\" href=\"https:\/\/irprout.it\/?page_id=3212\" \/>\n<meta property=\"og:locale\" content=\"it_IT\" \/>\n<meta property=\"og:type\" content=\"article\" \/>\n<meta property=\"og:title\" content=\"La Microvita: Un nuovo concetto che unisce spirito e materia - Istituto di Ricerca Prout\" \/>\n<meta property=\"og:description\" content=\"&nbsp;\u201cmicrovita\u201d, la misteriosa emanazione del fattore cosmico&nbsp; La radice della vita \u00e8 nella microvita unitaria e non nei protozoi unicellulari o nelle cellule protoplasmiche unitarie. Poich\u00e9 le microvita sono una creazione della fase interna dell\u2019evoluzione, le microvita positive possono associare la mente ad un corpo, e coscienza alla materia, e &hellip; Continua a leggere\" \/>\n<meta property=\"og:url\" content=\"https:\/\/irprout.it\/?page_id=3212\" \/>\n<meta property=\"og:site_name\" content=\"Istituto di Ricerca Prout\" \/>\n<meta property=\"article:modified_time\" content=\"2020-03-28T11:57:17+00:00\" \/>\n<meta property=\"og:image\" content=\"http:\/\/irprout.it\/wp-content\/uploads\/2014\/10\/Uttam-Pati.jpg\" \/>\n<meta name=\"twitter:label1\" content=\"Tempo di lettura stimato\" \/>\n\t<meta name=\"twitter:data1\" content=\"5 minuti\" \/>\n<script type=\"application\/ld+json\" class=\"yoast-schema-graph\">{\"@context\":\"https:\/\/schema.org\",\"@graph\":[{\"@type\":\"WebPage\",\"@id\":\"https:\/\/irprout.it\/?page_id=3212\",\"url\":\"https:\/\/irprout.it\/?page_id=3212\",\"name\":\"La Microvita: Un nuovo concetto che unisce spirito e materia - Istituto di Ricerca Prout\",\"isPartOf\":{\"@id\":\"https:\/\/irprout.it\/#website\"},\"primaryImageOfPage\":{\"@id\":\"https:\/\/irprout.it\/?page_id=3212#primaryimage\"},\"image\":{\"@id\":\"https:\/\/irprout.it\/?page_id=3212#primaryimage\"},\"thumbnailUrl\":\"http:\/\/irprout.it\/wp-content\/uploads\/2014\/10\/Uttam-Pati.jpg\",\"datePublished\":\"2015-07-23T14:06:34+00:00\",\"dateModified\":\"2020-03-28T11:57:17+00:00\",\"breadcrumb\":{\"@id\":\"https:\/\/irprout.it\/?page_id=3212#breadcrumb\"},\"inLanguage\":\"it-IT\",\"potentialAction\":[{\"@type\":\"ReadAction\",\"target\":[\"https:\/\/irprout.it\/?page_id=3212\"]}]},{\"@type\":\"ImageObject\",\"inLanguage\":\"it-IT\",\"@id\":\"https:\/\/irprout.it\/?page_id=3212#primaryimage\",\"url\":\"http:\/\/irprout.it\/wp-content\/uploads\/2014\/10\/Uttam-Pati.jpg\",\"contentUrl\":\"http:\/\/irprout.it\/wp-content\/uploads\/2014\/10\/Uttam-Pati.jpg\"},{\"@type\":\"BreadcrumbList\",\"@id\":\"https:\/\/irprout.it\/?page_id=3212#breadcrumb\",\"itemListElement\":[{\"@type\":\"ListItem\",\"position\":1,\"name\":\"Home\",\"item\":\"https:\/\/irprout.it\/\"},{\"@type\":\"ListItem\",\"position\":2,\"name\":\"La Microvita: Un nuovo concetto che unisce spirito e materia\"}]},{\"@type\":\"WebSite\",\"@id\":\"https:\/\/irprout.it\/#website\",\"url\":\"https:\/\/irprout.it\/\",\"name\":\"Istituto di Ricerca Prout\",\"description\":\"Istituto di Ricerca Prout\",\"publisher\":{\"@id\":\"https:\/\/irprout.it\/#organization\"},\"potentialAction\":[{\"@type\":\"SearchAction\",\"target\":{\"@type\":\"EntryPoint\",\"urlTemplate\":\"https:\/\/irprout.it\/?s={search_term_string}\"},\"query-input\":{\"@type\":\"PropertyValueSpecification\",\"valueRequired\":true,\"valueName\":\"search_term_string\"}}],\"inLanguage\":\"it-IT\"},{\"@type\":\"Organization\",\"@id\":\"https:\/\/irprout.it\/#organization\",\"name\":\"Istituto di Ricerca Prout\",\"url\":\"https:\/\/irprout.it\/\",\"logo\":{\"@type\":\"ImageObject\",\"inLanguage\":\"it-IT\",\"@id\":\"https:\/\/irprout.it\/#\/schema\/logo\/image\/\",\"url\":\"http:\/\/irprout.it\/wp-content\/uploads\/2014\/10\/logo_IRP_albero300Cor.jpg\",\"contentUrl\":\"http:\/\/irprout.it\/wp-content\/uploads\/2014\/10\/logo_IRP_albero300Cor.jpg\",\"width\":303,\"height\":304,\"caption\":\"Istituto di Ricerca Prout\"},\"image\":{\"@id\":\"https:\/\/irprout.it\/#\/schema\/logo\/image\/\"}}]}<\/script>\n<!-- \/ Yoast SEO plugin. -->","yoast_head_json":{"title":"La Microvita: Un nuovo concetto che unisce spirito e materia - Istituto di Ricerca Prout","robots":{"index":"index","follow":"follow","max-snippet":"max-snippet:-1","max-image-preview":"max-image-preview:large","max-video-preview":"max-video-preview:-1"},"canonical":"https:\/\/irprout.it\/?page_id=3212","og_locale":"it_IT","og_type":"article","og_title":"La Microvita: Un nuovo concetto che unisce spirito e materia - Istituto di Ricerca Prout","og_description":"&nbsp;\u201cmicrovita\u201d, la misteriosa emanazione del fattore cosmico&nbsp; La radice della vita \u00e8 nella microvita unitaria e non nei protozoi unicellulari o nelle cellule protoplasmiche unitarie. Poich\u00e9 le microvita sono una creazione della fase interna dell\u2019evoluzione, le microvita positive possono associare la mente ad un corpo, e coscienza alla materia, e &hellip; Continua a leggere","og_url":"https:\/\/irprout.it\/?page_id=3212","og_site_name":"Istituto di Ricerca Prout","article_modified_time":"2020-03-28T11:57:17+00:00","og_image":[{"url":"http:\/\/irprout.it\/wp-content\/uploads\/2014\/10\/Uttam-Pati.jpg","type":"","width":"","height":""}],"twitter_misc":{"Tempo di lettura stimato":"5 minuti"},"schema":{"@context":"https:\/\/schema.org","@graph":[{"@type":"WebPage","@id":"https:\/\/irprout.it\/?page_id=3212","url":"https:\/\/irprout.it\/?page_id=3212","name":"La Microvita: Un nuovo concetto che unisce spirito e materia - Istituto di Ricerca Prout","isPartOf":{"@id":"https:\/\/irprout.it\/#website"},"primaryImageOfPage":{"@id":"https:\/\/irprout.it\/?page_id=3212#primaryimage"},"image":{"@id":"https:\/\/irprout.it\/?page_id=3212#primaryimage"},"thumbnailUrl":"http:\/\/irprout.it\/wp-content\/uploads\/2014\/10\/Uttam-Pati.jpg","datePublished":"2015-07-23T14:06:34+00:00","dateModified":"2020-03-28T11:57:17+00:00","breadcrumb":{"@id":"https:\/\/irprout.it\/?page_id=3212#breadcrumb"},"inLanguage":"it-IT","potentialAction":[{"@type":"ReadAction","target":["https:\/\/irprout.it\/?page_id=3212"]}]},{"@type":"ImageObject","inLanguage":"it-IT","@id":"https:\/\/irprout.it\/?page_id=3212#primaryimage","url":"http:\/\/irprout.it\/wp-content\/uploads\/2014\/10\/Uttam-Pati.jpg","contentUrl":"http:\/\/irprout.it\/wp-content\/uploads\/2014\/10\/Uttam-Pati.jpg"},{"@type":"BreadcrumbList","@id":"https:\/\/irprout.it\/?page_id=3212#breadcrumb","itemListElement":[{"@type":"ListItem","position":1,"name":"Home","item":"https:\/\/irprout.it\/"},{"@type":"ListItem","position":2,"name":"La Microvita: Un nuovo concetto che unisce spirito e materia"}]},{"@type":"WebSite","@id":"https:\/\/irprout.it\/#website","url":"https:\/\/irprout.it\/","name":"Istituto di Ricerca Prout","description":"Istituto di Ricerca Prout","publisher":{"@id":"https:\/\/irprout.it\/#organization"},"potentialAction":[{"@type":"SearchAction","target":{"@type":"EntryPoint","urlTemplate":"https:\/\/irprout.it\/?s={search_term_string}"},"query-input":{"@type":"PropertyValueSpecification","valueRequired":true,"valueName":"search_term_string"}}],"inLanguage":"it-IT"},{"@type":"Organization","@id":"https:\/\/irprout.it\/#organization","name":"Istituto di Ricerca Prout","url":"https:\/\/irprout.it\/","logo":{"@type":"ImageObject","inLanguage":"it-IT","@id":"https:\/\/irprout.it\/#\/schema\/logo\/image\/","url":"http:\/\/irprout.it\/wp-content\/uploads\/2014\/10\/logo_IRP_albero300Cor.jpg","contentUrl":"http:\/\/irprout.it\/wp-content\/uploads\/2014\/10\/logo_IRP_albero300Cor.jpg","width":303,"height":304,"caption":"Istituto di Ricerca Prout"},"image":{"@id":"https:\/\/irprout.it\/#\/schema\/logo\/image\/"}}]}},"_links":{"self":[{"href":"https:\/\/irprout.it\/index.php?rest_route=\/wp\/v2\/pages\/3212","targetHints":{"allow":["GET"]}}],"collection":[{"href":"https:\/\/irprout.it\/index.php?rest_route=\/wp\/v2\/pages"}],"about":[{"href":"https:\/\/irprout.it\/index.php?rest_route=\/wp\/v2\/types\/page"}],"author":[{"embeddable":true,"href":"https:\/\/irprout.it\/index.php?rest_route=\/wp\/v2\/users\/3"}],"replies":[{"embeddable":true,"href":"https:\/\/irprout.it\/index.php?rest_route=%2Fwp%2Fv2%2Fcomments&post=3212"}],"version-history":[{"count":6,"href":"https:\/\/irprout.it\/index.php?rest_route=\/wp\/v2\/pages\/3212\/revisions"}],"predecessor-version":[{"id":5436,"href":"https:\/\/irprout.it\/index.php?rest_route=\/wp\/v2\/pages\/3212\/revisions\/5436"}],"wp:attachment":[{"href":"https:\/\/irprout.it\/index.php?rest_route=%2Fwp%2Fv2%2Fmedia&parent=3212"}],"curies":[{"name":"wp","href":"https:\/\/api.w.org\/{rel}","templated":true}]}}