{"id":41,"date":"2014-09-23T08:24:33","date_gmt":"2014-09-23T08:24:33","guid":{"rendered":"http:\/\/irprout.it\/?page_id=41"},"modified":"2015-03-22T00:53:42","modified_gmt":"2015-03-21T23:53:42","slug":"economia","status":"publish","type":"page","link":"https:\/\/irprout.it\/?page_id=41","title":{"rendered":"PROUT: SISTEMA ECONOMICO INTEGRATO"},"content":{"rendered":"<p><strong><span style=\"background-color: #ff6600; color: #ffffff; font-size: 24pt; font-family: arial,helvetica,sans-serif;\"><span style=\"font-size: 28pt;\">\u00a0&#8216;a responsabilit\u00e0 collettiva&#8217;\u00a0<\/span> <\/span><\/strong><\/p>\n<p>&nbsp;<\/p>\n<p>E&#8217; un <strong>Sistema Economico Collettivo<\/strong>, n\u00e8 statale, n\u00e8 privatistico, ma <strong>&#8216;a responsabilit\u00e0 collettiva&#8217;<\/strong>.<br \/>\nSarkar \u00e8 chiaro su questo punto. Il capitalismo non potr\u00e0 mai risolvere i problemi della nostra societ\u00e0: povert\u00e0, disoccupazione, conflittualit\u00e0 sociale, divario di reddito, etc. perch\u00e9 il suo obiettivo \u00e8 il &#8216;profitto&#8217;, conseguente ad una concezione della vita basata sull&#8217;<strong>Edonismo Integrale<\/strong><span style=\"font-size: 8pt;\"><a href=\"#_ftn1\" name=\"_ftnref1\">[1]<\/a><\/span>.<\/p>\n<p><strong><img decoding=\"async\" class=\"alignleft  wp-image-795 lazyload\" data-src=\"https:\/\/irprout.it\/wp-content\/uploads\/2014\/09\/solidarieta_globo.jpg\" alt=\"solidarieta_globo\" width=\"170\" height=\"229\" src=\"data:image\/svg+xml;base64,PHN2ZyB3aWR0aD0iMSIgaGVpZ2h0PSIxIiB4bWxucz0iaHR0cDovL3d3dy53My5vcmcvMjAwMC9zdmciPjwvc3ZnPg==\" style=\"--smush-placeholder-width: 170px; --smush-placeholder-aspect-ratio: 170\/229;\" \/><span style=\"background-color: #99cc00; font-size: 14pt;\">La solidariet\u00e0, la cooperazione coordinata, la condivisione dei rischi e dei benefici d&#8217;impresa<\/span><\/strong><span style=\"background-color: #99cc00; font-size: 14pt;\">, non sono valori condivisi dall&#8217;attuale sistema economico, in decadenza.\u00a0Dall&#8217;altra l&#8217;individualismo imprenditoriale impedisce una vera coordinazione delle produzioni per rispondere ai bisogni umani. Per cui abbiamo <strong>surplus e deficit di beni di consumo<\/strong>, <strong>carenza artificiale dei beni primari<\/strong>, atomizzazione della produzione, lussi sfrenati e povert\u00e0 assoluta. Questi elementi rendono il sistema instabile e la depressione economica del 1929, lo ha ampiamente dimostrato.<\/span><\/p>\n<p><a href=\"https:\/\/irprout.it\/wp-content\/uploads\/2014\/09\/depress_1929.jpg\"><img decoding=\"async\" class=\"alignright  wp-image-794 lazyload\" data-src=\"https:\/\/irprout.it\/wp-content\/uploads\/2014\/09\/depress_1929-150x150.jpg\" alt=\"depress_1929\" width=\"177\" height=\"177\" src=\"data:image\/svg+xml;base64,PHN2ZyB3aWR0aD0iMSIgaGVpZ2h0PSIxIiB4bWxucz0iaHR0cDovL3d3dy53My5vcmcvMjAwMC9zdmciPjwvc3ZnPg==\" style=\"--smush-placeholder-width: 177px; --smush-placeholder-aspect-ratio: 177\/177;\" \/><\/a>La <strong>Grande Depressione Economica globale<\/strong>, come descritto dall&#8217;economista Ravi Batra nel suo libro <em>&#8220;La Grande Depressione Economica del 1990&#8221;<\/em>, non si \u00e8 realizzata per tempo, perch\u00e9 gli USA hanno spostato il loro debito in Cina e per altri motivi, ma la strada sembra proprio segnata e le grosse crisi finanziarie di questi ultimi anni ne sono un monito.<\/p>\n<p>Il <strong>Sistema Economico Proutista<\/strong>, <strong>fondato non sul profitto ma sul COMSUMO<span style=\"font-size: 8pt;\"><a href=\"#_ftn2\" name=\"_ftnref1\">[2]<\/a><\/span><\/strong>, \u00e8 una panacea per l&#8217;<strong>approvvigionamento delle NECESSITA&#8217; basilari<\/strong> a tutti i cittadini, in primis, ma pu\u00f2 innescare una ripresa bilanciata dell&#8217;economia, che ci potrebbe portare lontano dalle recessioni e depressioni economiche.<\/p>\n<p><strong>Non vi \u00e8 solo il concetto di CONSUMO al posto di PROFITTO<\/strong>, ma una serie di elementi che ne fanno un sistema completo, una valida alternativa agli obsoleti attuali sistemi economici, e tra questi troviamo i concetti di:<\/p>\n<p><span style=\"color: #ffffff; font-size: 16pt; background-color: #ff6600; font-family: arial,helvetica,sans-serif;\"><strong>\u00a0Economia Bilanciata\u00a0<\/strong> <\/span><br \/>\n<strong>Un bilanciamento della forza lavoro nei settori principali della produzione<\/strong>. Oggi abbiamo il 5,8% di occupati in agricoltura, il 28% nell&#8217;industria e il 67,2% nei servizi, compresi commercio e colletti bianchi. Il PROUT auspica un 40% in agricoltura, 20% industrie dipendenti dall&#8217;agricoltura, 20% di industrie non agricole, 10% commercio e 10% colletti bianchi.<\/p>\n<p><strong><span style=\"color: #ffffff; font-size: 16pt; font-family: arial,helvetica,sans-serif; background-color: #ff6600;\">\u00a0Economia Quadrodimensionale\u00a0 <\/span><br \/>\nE&#8217; la riorganiazzazione della scienza economica in 4 settori, invece dei due attuali<\/strong>: Macro e Micro Economia. Sarkar aggiunge: <strong>Economia Popolare<\/strong> e <strong>Psico-Economia<\/strong> per garantire a tutti le necessit\u00e0 basilari, per lottare contro lo sfruttamento dei lavoratori, e per lo sviluppo delle capacit\u00e0 individuali per migliorare la produzione, rispettivamente.<\/p>\n<p><span style=\"color: #3366ff;\"><strong><span style=\"font-size: 16pt; background-color: #ff6600; color: #ffffff; font-family: arial,helvetica,sans-serif;\">\u00a0Autosufficienza Economica\u00a0 <\/span><br \/>\n<\/strong><span style=\"color: #000000;\">La Globalizzazione Economica, ha\u00a0espanso il capitalismo nazionale a tutto il pianeta, a favore di poche aziende, ma a scapito delle popolazioni di ogni paese. <strong>L&#8217;autosufficienza produttiva va a ripristinare il circolo virtuoso di PRODUZIONE-LAVORO-ENTRATE FISCALI-REDDITO-CONSUMO<\/strong>, che \u00e8 stato interrotto dalla Globalizzazione Economica. Certamente con l&#8217;Autosufficienza economica a beneficiarne saranno le popolazioni, non pi\u00f9 le Multinazionali.<\/span><\/span><\/p>\n<p><span style=\"color: #ffffff; font-size: 16pt; background-color: #ff6600; font-family: arial,helvetica,sans-serif;\"><strong>\u00a0Zone Socio-Economiche Autosuffcienti\u00a0 <\/strong><\/span><br \/>\nSarkar specifica che per l&#8217;autosuffcienza \u00e8 necessario dividere il Pianeta in zone socio-economiche omogenee, in cui i fattori di sviluppo siano tutti presenti: similarit\u00e0 etniche, medesimo livello di sviluppo, medesime potenzialit\u00e0 economiche, territorio adeguato. Questi elementi creano la necessaria coesione sociale per la realizzazione di piani di sviluppo.<\/p>\n<p><span style=\"color: #3366ff;\"><strong><span style=\"font-size: 16pt; background-color: #ff6600; color: #ffffff; font-family: arial,helvetica,sans-serif;\">\u00a0Decentralizzazione Economica\u00a0 <\/span><br \/>\n<\/strong><span style=\"color: #000000;\">Questa autosufficienza ha delle caratteristiche, la si pu\u00f2 raggiungere in un sistema in cui le MATERIE PRIME non vengono esportate, ma vengono lavorate in loco per produrre valore aggiunto, dove le\u00a0produzioni si fanno sulla base delle materie prime locali e la<strong> produzione \u00e8\u00a0dislocata sul territorio in modo decentrato<\/strong> e non concentrato, come oggi nelle sole zone industriali, per permettere uno sviluppo bilanciato di tutte le aree della regione.<\/span><\/span><\/p>\n<p><span style=\"color: #3366ff;\"><strong><span style=\"font-size: 16pt; background-color: #ff6600; color: #ffffff; font-family: arial,helvetica,sans-serif;\">\u00a0Democrazia Economica\u00a0 <\/span><br \/>\n<\/strong><span style=\"color: #000000;\">Altro elemento indispensabile nella Decentralizzazione produttiva \u00e8 la decentralizzazione delle responsabilit\u00e0 aziendali o la DEMOCRATIZZAZIONE DEL POSTO DI LAVORO. In due parole DEMOCRAZIA ECONOMICA. Semplificando, lavoratori\/trici proprietari\/e e gestori dell&#8217;azienda.\u00a0Ulteriori approfondimenti nella pagina relativa.<\/span><\/span><\/p>\n<p><span style=\"color: #3366ff;\"><strong><span style=\"font-size: 16pt; background-color: #ff6600; color: #ffffff; font-family: arial,helvetica,sans-serif;\">\u00a0Cooperative\u00a0 <\/span><br \/>\n<\/strong><span style=\"color: #000000;\">Le Cooperative per Sarkar, sono la spina dorsale del sistema produttivo, distributivo e dei servizi. La cooperazione <strong>coordinata, <\/strong>non <strong>subordinata<\/strong>, per la soluzione collettiva di tutti i nostri problemi \u00e8 la metodologia\u00a0pi\u00f9 efficace ed efficiente che dovr\u00e0 necessariamente sostituire la &#8216;propriet\u00e0 privata dei mezzi di produzione&#8217; in quelle aziende che hanno un forte impatto sull&#8217;esistenza collettiva. Le cooperative attuali in Italia, non sono vere cooperative come nell&#8217;idea del PROUT e del sistema Mondragon dei Paesi Baschi. Dovr\u00e0 essere cambiato lo Statuto italiano delle Cooperative, del 1948.<\/span><\/span><\/p>\n<p><span style=\"color: #3366ff;\"><strong><span style=\"font-size: 16pt; font-family: arial,helvetica,sans-serif; background-color: #ff6600; color: #ffffff;\">\u00a0Pianificazione Decentralizzata\u00a0 <\/span><br \/>\n<\/strong><span style=\"color: #000000;\">Il concetto di pianificazione praticamente \u00e8 &#8216;non existent&#8217; nel nostro ordinamento e pratica economica. Quella di Sarkar, non \u00e8 stata ancora provata, ma la pianificazione TOP-DOW, centralizzata, di stampo sovietico o i piani quinquennali di indiana memoria, non ha risolto gli innumerevoli problemi di approvvigionamento alimentare e delle altre necessit\u00e0 umane. Sarkar ha creato un suo progetto che definisce MASTER UNIT, <strong><em>u<\/em><em>nit\u00e0 modello di sviluppo socio-economico<\/em><\/strong>, dove ha pianificato ogni aspetto dell&#8217;esistenza umana, ad iniziare dal territorio, urbanistica, istituzioni scolastiche, unit\u00e0 produttive, arte, musica, ricerca, istituzioni amministrative, etc. Un approccio DOWN-TOP, che possiede tutte le potenzialit\u00e0 per una sua positiva applicazione.<\/span><\/span><\/p>\n<p>In questo modo il PROUT prevede soluzioni innovative\u00a0per sostituire il pensiero e pratica degli obsoleti sistemi socio-economici attuali. Con uno slogan:<\/p>\n<p><span style=\"background-color: #99cc00; font-size: 14pt; font-family: arial,helvetica,sans-serif;\"> &#8220;<strong>PROUT, PROUT the only way out<\/strong>&#8220;, <em>&#8220;<\/em><\/span><strong><em><span style=\"background-color: #99cc00; font-size: 14pt; font-family: arial,helvetica,sans-serif;\">PROUT, PROUT la sola via d&#8217;uscita&#8221;<\/span><\/em>, <\/strong><\/p>\n<p>si esprimevano\u00a0alcuni entusiasti sostenitori<strong>.<\/strong><\/p>\n<p>&nbsp;<\/p>\n<hr \/>\n<ul>\n<li><a href=\"#_ftnref1\" name=\"_ftn1\">[1]<\/a>\u00a0<a href=\"#_ftnref1\" name=\"_ftn1\"><\/a><span style=\"font-family: tahoma, arial, helvetica, sans-serif; font-size: 10pt;\"><em><strong>1<\/strong>\u00a0(Fil.) Dottrina filosofica che pone il fine della vita nel piacere, inteso come assenza di sofferenza fisica e di turbamento morale (atarassia)\u00a0<\/em><\/span><span style=\"font-family: tahoma, arial, helvetica, sans-serif; font-size: 10pt;\"><em><strong style=\"font-style: inherit;\">2<\/strong>\u00a0(Estens.) Ricerca del piacere nella vita<br \/>\n<\/em><\/span><span style=\"font-size: 8pt;\"><strong><em>(il Sabatini Coletti,\u00a0<\/em><\/strong>Dizionario della Lingua Italiana)<\/span><\/li>\n<li><a href=\"#_ftnref2\" name=\"_ftn1\">[2]<\/a>\u00a0 <em>Basato sulla produzione utile a soddisfare le necessit\u00e0 di consumo della popolazione, variabili a seconda di tempo, spazio e persona<\/em><\/li>\n<\/ul>\n","protected":false},"excerpt":{"rendered":"<p>\u00a0&#8216;a responsabilit\u00e0 collettiva&#8217;\u00a0 &nbsp; E&#8217; un Sistema Economico Collettivo, n\u00e8 statale, n\u00e8 privatistico, ma &#8216;a responsabilit\u00e0 collettiva&#8217;. Sarkar \u00e8 chiaro su questo punto. Il capitalismo non potr\u00e0 mai risolvere i problemi della nostra societ\u00e0: povert\u00e0, disoccupazione, conflittualit\u00e0 sociale, divario di reddito, etc. perch\u00e9 il suo obiettivo \u00e8 il &#8216;profitto&#8217;, conseguente <span class=\"excerpt-dots\">&hellip;<\/span> <a class=\"more-link\" href=\"https:\/\/irprout.it\/?page_id=41\"><span class=\"more-msg\">Continua a leggere<\/span><\/a><\/p>\n","protected":false},"author":5,"featured_media":0,"parent":119,"menu_order":0,"comment_status":"closed","ping_status":"closed","template":"","meta":{"ngg_post_thumbnail":0,"footnotes":""},"class_list":["post-41","page","type-page","status-publish","hentry"],"yoast_head":"<!-- This site is optimized with the Yoast SEO plugin v26.6 - https:\/\/yoast.com\/wordpress\/plugins\/seo\/ -->\n<title>PROUT: SISTEMA ECONOMICO INTEGRATO - Istituto di Ricerca Prout<\/title>\n<meta name=\"robots\" content=\"index, follow, max-snippet:-1, max-image-preview:large, max-video-preview:-1\" \/>\n<link rel=\"canonical\" href=\"https:\/\/irprout.it\/?page_id=41\" \/>\n<meta property=\"og:locale\" content=\"it_IT\" \/>\n<meta property=\"og:type\" content=\"article\" \/>\n<meta property=\"og:title\" content=\"PROUT: SISTEMA ECONOMICO INTEGRATO - Istituto di Ricerca Prout\" \/>\n<meta property=\"og:description\" content=\"\u00a0&#8216;a responsabilit\u00e0 collettiva&#8217;\u00a0 &nbsp; E&#8217; un Sistema Economico Collettivo, n\u00e8 statale, n\u00e8 privatistico, ma &#8216;a responsabilit\u00e0 collettiva&#8217;. Sarkar \u00e8 chiaro su questo punto. Il capitalismo non potr\u00e0 mai risolvere i problemi della nostra societ\u00e0: povert\u00e0, disoccupazione, conflittualit\u00e0 sociale, divario di reddito, etc. perch\u00e9 il suo obiettivo \u00e8 il &#8216;profitto&#8217;, conseguente &hellip; Continua a leggere\" \/>\n<meta property=\"og:url\" content=\"https:\/\/irprout.it\/?page_id=41\" \/>\n<meta property=\"og:site_name\" content=\"Istituto di Ricerca Prout\" \/>\n<meta property=\"article:modified_time\" content=\"2015-03-21T23:53:42+00:00\" \/>\n<meta property=\"og:image\" content=\"http:\/\/irprout.it\/wp-content\/uploads\/2014\/09\/solidarieta_globo.jpg\" \/>\n<meta name=\"twitter:label1\" content=\"Tempo di lettura stimato\" \/>\n\t<meta name=\"twitter:data1\" content=\"4 minuti\" \/>\n<script type=\"application\/ld+json\" class=\"yoast-schema-graph\">{\"@context\":\"https:\/\/schema.org\",\"@graph\":[{\"@type\":\"WebPage\",\"@id\":\"https:\/\/irprout.it\/?page_id=41\",\"url\":\"https:\/\/irprout.it\/?page_id=41\",\"name\":\"PROUT: SISTEMA ECONOMICO INTEGRATO - Istituto di Ricerca Prout\",\"isPartOf\":{\"@id\":\"https:\/\/irprout.it\/#website\"},\"primaryImageOfPage\":{\"@id\":\"https:\/\/irprout.it\/?page_id=41#primaryimage\"},\"image\":{\"@id\":\"https:\/\/irprout.it\/?page_id=41#primaryimage\"},\"thumbnailUrl\":\"http:\/\/irprout.it\/wp-content\/uploads\/2014\/09\/solidarieta_globo.jpg\",\"datePublished\":\"2014-09-23T08:24:33+00:00\",\"dateModified\":\"2015-03-21T23:53:42+00:00\",\"breadcrumb\":{\"@id\":\"https:\/\/irprout.it\/?page_id=41#breadcrumb\"},\"inLanguage\":\"it-IT\",\"potentialAction\":[{\"@type\":\"ReadAction\",\"target\":[\"https:\/\/irprout.it\/?page_id=41\"]}]},{\"@type\":\"ImageObject\",\"inLanguage\":\"it-IT\",\"@id\":\"https:\/\/irprout.it\/?page_id=41#primaryimage\",\"url\":\"https:\/\/irprout.it\/wp-content\/uploads\/2014\/09\/solidarieta_globo.jpg\",\"contentUrl\":\"https:\/\/irprout.it\/wp-content\/uploads\/2014\/09\/solidarieta_globo.jpg\",\"width\":180,\"height\":244},{\"@type\":\"BreadcrumbList\",\"@id\":\"https:\/\/irprout.it\/?page_id=41#breadcrumb\",\"itemListElement\":[{\"@type\":\"ListItem\",\"position\":1,\"name\":\"Home\",\"item\":\"https:\/\/irprout.it\/\"},{\"@type\":\"ListItem\",\"position\":2,\"name\":\"TEMI\",\"item\":\"https:\/\/irprout.it\/?page_id=119\"},{\"@type\":\"ListItem\",\"position\":3,\"name\":\"PROUT: SISTEMA ECONOMICO INTEGRATO\"}]},{\"@type\":\"WebSite\",\"@id\":\"https:\/\/irprout.it\/#website\",\"url\":\"https:\/\/irprout.it\/\",\"name\":\"Istituto di Ricerca Prout\",\"description\":\"Istituto di Ricerca Prout\",\"publisher\":{\"@id\":\"https:\/\/irprout.it\/#organization\"},\"potentialAction\":[{\"@type\":\"SearchAction\",\"target\":{\"@type\":\"EntryPoint\",\"urlTemplate\":\"https:\/\/irprout.it\/?s={search_term_string}\"},\"query-input\":{\"@type\":\"PropertyValueSpecification\",\"valueRequired\":true,\"valueName\":\"search_term_string\"}}],\"inLanguage\":\"it-IT\"},{\"@type\":\"Organization\",\"@id\":\"https:\/\/irprout.it\/#organization\",\"name\":\"Istituto di Ricerca Prout\",\"url\":\"https:\/\/irprout.it\/\",\"logo\":{\"@type\":\"ImageObject\",\"inLanguage\":\"it-IT\",\"@id\":\"https:\/\/irprout.it\/#\/schema\/logo\/image\/\",\"url\":\"http:\/\/irprout.it\/wp-content\/uploads\/2014\/10\/logo_IRP_albero300Cor.jpg\",\"contentUrl\":\"http:\/\/irprout.it\/wp-content\/uploads\/2014\/10\/logo_IRP_albero300Cor.jpg\",\"width\":303,\"height\":304,\"caption\":\"Istituto di Ricerca Prout\"},\"image\":{\"@id\":\"https:\/\/irprout.it\/#\/schema\/logo\/image\/\"}}]}<\/script>\n<!-- \/ Yoast SEO plugin. -->","yoast_head_json":{"title":"PROUT: SISTEMA ECONOMICO INTEGRATO - Istituto di Ricerca Prout","robots":{"index":"index","follow":"follow","max-snippet":"max-snippet:-1","max-image-preview":"max-image-preview:large","max-video-preview":"max-video-preview:-1"},"canonical":"https:\/\/irprout.it\/?page_id=41","og_locale":"it_IT","og_type":"article","og_title":"PROUT: SISTEMA ECONOMICO INTEGRATO - Istituto di Ricerca Prout","og_description":"\u00a0&#8216;a responsabilit\u00e0 collettiva&#8217;\u00a0 &nbsp; E&#8217; un Sistema Economico Collettivo, n\u00e8 statale, n\u00e8 privatistico, ma &#8216;a responsabilit\u00e0 collettiva&#8217;. Sarkar \u00e8 chiaro su questo punto. Il capitalismo non potr\u00e0 mai risolvere i problemi della nostra societ\u00e0: povert\u00e0, disoccupazione, conflittualit\u00e0 sociale, divario di reddito, etc. perch\u00e9 il suo obiettivo \u00e8 il &#8216;profitto&#8217;, conseguente &hellip; Continua a leggere","og_url":"https:\/\/irprout.it\/?page_id=41","og_site_name":"Istituto di Ricerca Prout","article_modified_time":"2015-03-21T23:53:42+00:00","og_image":[{"url":"http:\/\/irprout.it\/wp-content\/uploads\/2014\/09\/solidarieta_globo.jpg","type":"","width":"","height":""}],"twitter_misc":{"Tempo di lettura stimato":"4 minuti"},"schema":{"@context":"https:\/\/schema.org","@graph":[{"@type":"WebPage","@id":"https:\/\/irprout.it\/?page_id=41","url":"https:\/\/irprout.it\/?page_id=41","name":"PROUT: SISTEMA ECONOMICO INTEGRATO - Istituto di Ricerca Prout","isPartOf":{"@id":"https:\/\/irprout.it\/#website"},"primaryImageOfPage":{"@id":"https:\/\/irprout.it\/?page_id=41#primaryimage"},"image":{"@id":"https:\/\/irprout.it\/?page_id=41#primaryimage"},"thumbnailUrl":"http:\/\/irprout.it\/wp-content\/uploads\/2014\/09\/solidarieta_globo.jpg","datePublished":"2014-09-23T08:24:33+00:00","dateModified":"2015-03-21T23:53:42+00:00","breadcrumb":{"@id":"https:\/\/irprout.it\/?page_id=41#breadcrumb"},"inLanguage":"it-IT","potentialAction":[{"@type":"ReadAction","target":["https:\/\/irprout.it\/?page_id=41"]}]},{"@type":"ImageObject","inLanguage":"it-IT","@id":"https:\/\/irprout.it\/?page_id=41#primaryimage","url":"https:\/\/irprout.it\/wp-content\/uploads\/2014\/09\/solidarieta_globo.jpg","contentUrl":"https:\/\/irprout.it\/wp-content\/uploads\/2014\/09\/solidarieta_globo.jpg","width":180,"height":244},{"@type":"BreadcrumbList","@id":"https:\/\/irprout.it\/?page_id=41#breadcrumb","itemListElement":[{"@type":"ListItem","position":1,"name":"Home","item":"https:\/\/irprout.it\/"},{"@type":"ListItem","position":2,"name":"TEMI","item":"https:\/\/irprout.it\/?page_id=119"},{"@type":"ListItem","position":3,"name":"PROUT: SISTEMA ECONOMICO INTEGRATO"}]},{"@type":"WebSite","@id":"https:\/\/irprout.it\/#website","url":"https:\/\/irprout.it\/","name":"Istituto di Ricerca Prout","description":"Istituto di Ricerca Prout","publisher":{"@id":"https:\/\/irprout.it\/#organization"},"potentialAction":[{"@type":"SearchAction","target":{"@type":"EntryPoint","urlTemplate":"https:\/\/irprout.it\/?s={search_term_string}"},"query-input":{"@type":"PropertyValueSpecification","valueRequired":true,"valueName":"search_term_string"}}],"inLanguage":"it-IT"},{"@type":"Organization","@id":"https:\/\/irprout.it\/#organization","name":"Istituto di Ricerca Prout","url":"https:\/\/irprout.it\/","logo":{"@type":"ImageObject","inLanguage":"it-IT","@id":"https:\/\/irprout.it\/#\/schema\/logo\/image\/","url":"http:\/\/irprout.it\/wp-content\/uploads\/2014\/10\/logo_IRP_albero300Cor.jpg","contentUrl":"http:\/\/irprout.it\/wp-content\/uploads\/2014\/10\/logo_IRP_albero300Cor.jpg","width":303,"height":304,"caption":"Istituto di Ricerca Prout"},"image":{"@id":"https:\/\/irprout.it\/#\/schema\/logo\/image\/"}}]}},"_links":{"self":[{"href":"https:\/\/irprout.it\/index.php?rest_route=\/wp\/v2\/pages\/41","targetHints":{"allow":["GET"]}}],"collection":[{"href":"https:\/\/irprout.it\/index.php?rest_route=\/wp\/v2\/pages"}],"about":[{"href":"https:\/\/irprout.it\/index.php?rest_route=\/wp\/v2\/types\/page"}],"author":[{"embeddable":true,"href":"https:\/\/irprout.it\/index.php?rest_route=\/wp\/v2\/users\/5"}],"replies":[{"embeddable":true,"href":"https:\/\/irprout.it\/index.php?rest_route=%2Fwp%2Fv2%2Fcomments&post=41"}],"version-history":[{"count":49,"href":"https:\/\/irprout.it\/index.php?rest_route=\/wp\/v2\/pages\/41\/revisions"}],"predecessor-version":[{"id":630,"href":"https:\/\/irprout.it\/index.php?rest_route=\/wp\/v2\/pages\/41\/revisions\/630"}],"up":[{"embeddable":true,"href":"https:\/\/irprout.it\/index.php?rest_route=\/wp\/v2\/pages\/119"}],"wp:attachment":[{"href":"https:\/\/irprout.it\/index.php?rest_route=%2Fwp%2Fv2%2Fmedia&parent=41"}],"curies":[{"name":"wp","href":"https:\/\/api.w.org\/{rel}","templated":true}]}}