{"id":43,"date":"2014-09-23T08:25:00","date_gmt":"2014-09-23T08:25:00","guid":{"rendered":"http:\/\/irprout.it\/?page_id=43"},"modified":"2020-03-04T16:01:22","modified_gmt":"2020-03-04T15:01:22","slug":"educazione","status":"publish","type":"page","link":"https:\/\/irprout.it\/?page_id=43","title":{"rendered":"EDUCAZIONE"},"content":{"rendered":"<p><span style=\"font-family: arial, helvetica, sans-serif; line-height: 1.4em; background-color: #00ccff; font-size: 28pt;\"><strong><span style=\"font-family: arial, helvetica, sans-serif;\"><span style=\"color: #ffffff;\"><span style=\"background-color: #33cccc;\">&nbsp;educazione&nbsp;<\/span><span style=\"color: #ffffff; font-family: arial, helvetica, sans-serif; background-color: #99cc00; font-size: 28pt;\"><img decoding=\"async\" class=\"wp-image-2636 alignright lazyload\" data-src=\"https:\/\/irprout.it\/wp-content\/uploads\/2014\/10\/ALBERO.jpg\" alt=\"ALBERO\" width=\"308\" height=\"324\" src=\"data:image\/svg+xml;base64,PHN2ZyB3aWR0aD0iMSIgaGVpZ2h0PSIxIiB4bWxucz0iaHR0cDovL3d3dy53My5vcmcvMjAwMC9zdmciPjwvc3ZnPg==\" style=\"--smush-placeholder-width: 308px; --smush-placeholder-aspect-ratio: 308\/324;\"><\/span><\/span><\/span><\/strong><\/span><\/p>\n<p style=\"text-align: left;\"><span style=\"font-family: Asap, sans-serif; font-size: 14pt; line-height: 1.4em;\">Alcune linee guida di&nbsp;Politica Educativa<\/span><\/p>\n<p style=\"text-align: left;\"><span style=\"color: #333333; font-family: Asap, sans-serif;\">Secondo PROUT, lo scopo dell&#8217;educazione \u00e8:<\/span><\/p>\n<p><span style=\"color: #33cccc;\"><strong><span style=\"font-family: Asap, sans-serif; font-size: 28pt;\"> &#8220;Educazione \u00e8 ci\u00f2 che libera&#8221;<br \/>\n<\/span><\/strong><span style=\"font-family: Asap, sans-serif; font-size: 28pt;\"><span style=\"font-size: 20pt;\">(<em>Sa &#8216;vidya&#8217; ya &#8216;vimuktaye<\/em>)<\/span>&nbsp;<\/span><\/span><\/p>\n<p><span style=\"color: #000000; font-family: Asap, sans-serif;\"><strong>Il vero significato dell&#8217;educazione \u00e8 lo sviluppo trilaterale \u2013 lo sviluppo simultaneo nei regni fisici, mentali e spirituali dell&#8217;esistenza umana.<\/strong> Tale sviluppo dovrebbe migliorare il livello di integrazione della personalit\u00e0 umana. Di conseguenza si risveglieranno le potenzialit\u00e0 umane dormienti e potranno trovare un loro corretto uso.<\/span><\/p>\n<p style=\"text-align: left;\"><span style=\"color: #000000; font-family: Asap, sans-serif; background-color: #99cc00; font-size: 16pt;\">&#8220;Istruite sono quelle persone che hanno imparato molto, ricordano molto e fanno uso di ci\u00f2 che hanno imparato nella vita pratica&#8221;. <span style=\"color: #ffffff;\">P.R. Sarkar<\/span>&nbsp;<\/span><\/p>\n<h2 style=\"text-align: left;\"><span style=\"color: #000000; font-family: Asap, sans-serif; background-color: #33cccc;\"><strong><span style=\"font-size: 18pt; color: #ffffff; background-color: #33cccc;\">&nbsp;Educazione morale&nbsp;<\/span>&nbsp;<\/strong><\/span><\/h2>\n<p style=\"text-align: left;\"><span style=\"font-family: Asap, sans-serif; color: #000000;\">Nel sistema educativo del PROUT, dovrebbe essere data molta enfasi all&#8217;<strong>educazione morale e l\u2019infusione di idealismo<\/strong>, non solo alla filosofia e alle tradizioni. La \u2018pratica della moralit\u00e0\u2019 dovrebbe essere il soggetto pi\u00f9 importante del programma educativo a tutti i livelli.<\/span><\/p>\n<p style=\"text-align: left;\"><span style=\"font-family: Asap, sans-serif; color: #ffffff; background-color: #33cccc; font-size: 18pt;\"><strong>&nbsp;Sentimento dell&#8217;Universalismo&nbsp; <\/strong><\/span><\/p>\n<p style=\"text-align: left;\"><span style=\"font-family: Asap, sans-serif; color: #000000;\">Dovrebbe essere risvegliato nel bambino\/a il <strong>sentimento dell\u2019universalismo<\/strong>. Non sono sufficienti infatti l\u2019etichetta e un comportamento raffinato. La vera educazione porta ad un diffuso senso di amore e compassione per tutta la creazione.<\/span><\/p>\n<p style=\"text-align: left;\"><span style=\"font-family: Asap, sans-serif; color: #ffffff; background-color: #33cccc; font-size: 18pt;\"><strong>&nbsp;Significato del termine Educazione&nbsp;<\/strong><\/span><\/p>\n<p style=\"text-align: left;\"><span style=\"color: #000000; font-family: Asap, sans-serif;\">&#8230; Come ho accennato prima, la parola stessa <strong>educazione<\/strong> ha un significato particolare:<\/span><\/p>\n<p style=\"text-align: left;\"><span style=\"font-family: Asap, sans-serif; color: #000000;\"><a style=\"color: #000000;\" href=\"https:\/\/irprout.it\/wp-content\/uploads\/2014\/09\/EDUCATION.gif\"><img decoding=\"async\" class=\"size-full wp-image-1040 alignnone lazyload\" data-src=\"https:\/\/irprout.it\/wp-content\/uploads\/2014\/09\/EDUCATION.gif\" alt=\"EDUCATION\" width=\"664\" height=\"246\" src=\"data:image\/svg+xml;base64,PHN2ZyB3aWR0aD0iMSIgaGVpZ2h0PSIxIiB4bWxucz0iaHR0cDovL3d3dy53My5vcmcvMjAwMC9zdmciPjwvc3ZnPg==\" style=\"--smush-placeholder-width: 664px; --smush-placeholder-aspect-ratio: 664\/246;\"><\/a><\/span><\/p>\n<p style=\"text-align: left;\"><span style=\"font-family: Asap, sans-serif; color: #ffffff; background-color: #33cccc; font-size: 18pt;\"><strong>&nbsp;Istruzione Primaria&nbsp;<\/strong><\/span><\/p>\n<p style=\"text-align: left;\"><span style=\"font-family: Asap, sans-serif;\">Particolare importanza deve essere attribuita all&#8217;<strong>istruzione dei bambini\/e<\/strong>&nbsp;di oggi perch\u00e9 il bambino\/a di oggi \u00e8 il cittadino\/a di domani. La capacit\u00e0 ricettiva di un bambino \u00e8 grande, ma per migliorare tale ricettivit\u00e0 il metodo educativo dovrebbe essere profondamente psicologico.<\/span><\/p>\n<p style=\"text-align: left;\"><span style=\"font-family: Asap, sans-serif; color: #ffffff; background-color: #33cccc; font-size: 18pt;\"><strong>&nbsp;Lingua Madre e altre lingue&nbsp;<\/strong><\/span><\/p>\n<p style=\"text-align: left;\"><span style=\"font-family: Asap, sans-serif;\">\u2026 Gli studenti dovrebbero essere incoraggiati a imparare la storia delle rispettive lingue madri. Imparando una lingua mondiale, gli studenti svilupperanno, nelle loro menti, un senso di cittadinanza mondiale.<\/span><\/p>\n<p style=\"text-align: left;\"><span style=\"font-family: Asap, sans-serif;\">Secondo la politica del PROUT, oltre alla lingua madre, gli studenti possono anche imparare quante pi\u00f9 lingue possibili. Che le persone imparino il maggior numero di lingue possibile! Ma <strong>nel campo pratico<\/strong> \u2013 nel lavoro governativo e non-governativo centrale e periferico, nei tribunali, <strong>deve essere usata la lingua madre<\/strong>.<\/span><\/p>\n<p style=\"text-align: left;\"><span style=\"font-family: Asap, sans-serif; color: #ffffff; background-color: #33cccc; font-size: 18pt;\"><strong>&nbsp;Istruzione Secondaria e Professionale&nbsp;<\/strong><\/span><\/p>\n<p style=\"text-align: left;\"><span style=\"font-family: Asap, sans-serif;\"><strong>Nell&#8217;istruzione secondaria, la formazione professionale dovrebbe essere introdotta in base alla tendenza naturale e alla spontanea attitudine degli studenti.<\/strong> Studenti di talento, se poveri, devono essere dotati di speciali sovvenzioni ed opportunit\u00e0. Dopo l&#8217;istruzione superiore, gli studenti talentuosi dovrebbero avere l&#8217;opportunit\u00e0 di effettuare un lavoro di ricerca con l&#8217;aiuto finanziario del governo.<\/span><\/p>\n<p style=\"text-align: left;\"><span style=\"font-family: Asap, sans-serif; color: #ffffff; background-color: #33cccc; font-size: 18pt;\"><strong>&nbsp;Sistema di Valutazione&nbsp;<\/strong><\/span><\/p>\n<p style=\"text-align: left;\"><span style=\"font-family: Asap, sans-serif;\"><strong>Il sistema degli esami deve subire un cambiamento radicale in modo che, sia la conoscenza teoria sia pratica dello studente sia valutata correttamente.<\/strong> Gli studenti dovrebbero essere incoraggiati a impegnarsi in attivit\u00e0 di assistenza sociale e altre attivit\u00e0 costruttive all&#8217;interno della loro scuola o campus. Dopo aver completato la loro formazione, agli studenti si dovrebbe garantire un&#8217;occupazione adeguata.<\/span><\/p>\n<p style=\"text-align: left;\"><span style=\"font-family: Asap, sans-serif; color: #ffffff; background-color: #33cccc; font-size: 18pt;\"><strong>&nbsp;Gli insegnanti&nbsp;<\/strong><\/span><\/p>\n<p style=\"text-align: left;\"><span style=\"font-family: Asap, sans-serif;\"><strong>Si deve porre molta cura nella selezione degli insegnanti.<\/strong> Gli attestati di studio accademico non sono gli unici criteri possibili di selezione dei docenti. Dovrebbero essere evidenti negli insegnanti&nbsp;alcune qualit\u00e0 come un carattere forte, il senso della giustizia, di servizio sociale, l\u2019altruismo, una personalit\u00e0 ispiratrice e la capacit\u00e0 di leadership. Nella societ\u00e0 gli\/le insegnanti dovrebbero ottenere il massimo rispetto e le loro esigenze economiche devono essere curate adeguatamente.<\/span><\/p>\n<p style=\"text-align: left;\"><span style=\"font-family: Asap, sans-serif; color: #ffffff; background-color: #33cccc; font-size: 18pt;\"><strong>&nbsp;La gestione del Sistema Educativo&nbsp;<\/strong><\/span><\/p>\n<p style=\"text-align: left;\"><span style=\"font-family: Asap, sans-serif;\">La definizione delle politiche educative, il controllo del sistema dell\u2019istruzione e tutte le altre attivit\u00e0 correlate all&#8217;istruzione dovrebbero essere <strong>gestite da un consiglio composto da insegnanti efficienti<\/strong>. Questo comitato dovrebbe godere di piena libert\u00e0 e dell&#8217;autorit\u00e0 necessaria a svolgere le sue funzioni. L&#8217;istruzione deve essere libera da ogni interferenza politica, e dovrebbe essere libera a tutti i livelli.<\/span><\/p>\n<p style=\"text-align: left;\"><span style=\"font-family: Asap, sans-serif; color: #ffffff; background-color: #33cccc; font-size: 18pt;\"><strong>&nbsp;Partecipazione degli studenti alla Gestione&nbsp;<\/strong><\/span><\/p>\n<p style=\"text-align: left;\"><span style=\"font-family: Asap, sans-serif;\"><strong>Il PROUT sostiene la partecipazione degli studenti nella gestione delle istituzioni scolastiche?<\/strong> Gli Studenti maturi, vale a dire adulti, possono prendere parte nella collaborazione con la parte non accademica dell\u2019amministrazione. Il settore&nbsp;accademico deve essere controllato e gestito da educatori, con l&#8217;aiuto e la cooperazione degli studenti anziani, proprio come figli adulti possono aiutare i propri genitori nell\u2019espletamento dei doveri familiari. Il rapporto tra studenti e insegnanti deve essere di reciproca simpatia.<\/span><\/p>\n<p style=\"text-align: left;\"><span style=\"font-family: Asap, sans-serif; color: #ffffff; background-color: #33cccc; font-size: 18pt;\"><strong>&nbsp;I Media&nbsp;<\/strong><\/span><\/p>\n<p style=\"text-align: left;\"><span style=\"font-family: Asap, sans-serif;\"><strong>La radio, la televisione, i film e altri media devono essere liberi dallo sfruttamento e da particolari interessi.<\/strong> Questi mezzi di comunicazione dovrebbero essere utilizzati da professionisti<\/span> qualificati, a beneficio degli studenti al fine di garantire un&#8217;istruzione di alta qualit\u00e0.<\/p>\n<p style=\"text-align: left;\"><span style=\"font-family: arial, helvetica, sans-serif; color: #ffffff; background-color: #33cccc; font-size: 18pt;\"><strong>&nbsp;La Scienza&nbsp;<\/strong><\/span><\/p>\n<p style=\"text-align: left;\"><strong>Deve sempre essere incoraggiato l&#8217;insegnamento della scienza<\/strong>. Lo studio e l&#8217;applicazione della scienza aiuteranno nella diffusione della conoscenza e contribuiranno a garantire che il diritto alla conoscenza in ogni ambito della vita &#8211; sociale, economica, psichica e spirituale &#8211; sia da tutti raggiunto. La conoscenza e la scienza devono essere liberi come la luce, l&#8217;aria e le ricchezze messe a disposizione&nbsp;dalla natura. Esse devono servire per tutti e fornire il nettare vitale dell\u2019esistenza.<\/p>\n<p style=\"text-align: right;\"><span style=\"color: #000000; background-color: #33cccc;\"><span style=\"font-family: arial, helvetica, sans-serif;\">&nbsp;<span style=\"color: #ffffff;\">di<\/span> P.R. Sarkar<\/span>&nbsp;<span style=\"color: #ffffff;\">&nbsp;<\/span><span style=\"font-family: arial, helvetica, sans-serif;\"><span style=\"color: #ffffff;\">Aprile 1981, Calcutta<\/span><span style=\"color: #33cccc;\">o<\/span><\/span><\/span><\/p>\n<p style=\"text-align: left;\"><span style=\"background-color: #999999; color: #000080;\"><strong style=\"font-size: 18.6667px; background-color: #999999;\">&nbsp;Articoli correlati&nbsp;<\/strong><\/span><\/p>\n<ul>\n<li style=\"text-align: left;\"><strong><span style=\"font-family: Asap, sans-serif; font-size: 12pt;\"><a href=\"https:\/\/irprout.it\/?page_id=828\">CONVEGNO INFINITAMENTE \u2013 IRP&nbsp;sull&#8217;EDUCAZIONE<\/a><\/span><\/strong><\/li>\n<li><strong><span style=\"font-family: Asap, sans-serif; font-size: 12pt;\"><a href=\"http:\/\/www.gurukul.edu\" target=\"_blank\" rel=\"noopener noreferrer\">SISTEMA DI EDUCAZIONE&nbsp;NEO-UMANISTA<\/a><\/span><\/strong><\/li>\n<li><strong><span style=\"font-family: Asap, sans-serif; font-size: 12pt;\"><a href=\"https:\/\/irprout.it\/?page_id=2984\" target=\"_blank\" rel=\"noopener noreferrer\">INSEGNANTI E STUDENTI<\/a><\/span><\/strong><\/li>\n<\/ul>\n<p>&nbsp;<\/p>\n","protected":false},"excerpt":{"rendered":"<p>&nbsp;educazione&nbsp; Alcune linee guida di&nbsp;Politica Educativa Secondo PROUT, lo scopo dell&#8217;educazione \u00e8: &#8220;Educazione \u00e8 ci\u00f2 che libera&#8221; (Sa &#8216;vidya&#8217; ya &#8216;vimuktaye)&nbsp; Il vero significato dell&#8217;educazione \u00e8 lo sviluppo trilaterale \u2013 lo sviluppo simultaneo nei regni fisici, mentali e spirituali dell&#8217;esistenza umana. Tale sviluppo dovrebbe migliorare il livello di integrazione della <span class=\"excerpt-dots\">&hellip;<\/span> <a class=\"more-link\" href=\"https:\/\/irprout.it\/?page_id=43\"><span class=\"more-msg\">Continua a leggere<\/span><\/a><\/p>\n","protected":false},"author":5,"featured_media":0,"parent":119,"menu_order":0,"comment_status":"open","ping_status":"closed","template":"","meta":{"ngg_post_thumbnail":0,"footnotes":""},"class_list":["post-43","page","type-page","status-publish","hentry"],"yoast_head":"<!-- This site is optimized with the Yoast SEO plugin v26.6 - https:\/\/yoast.com\/wordpress\/plugins\/seo\/ -->\n<title>EDUCAZIONE - Istituto di Ricerca Prout<\/title>\n<meta name=\"robots\" content=\"index, follow, max-snippet:-1, max-image-preview:large, max-video-preview:-1\" \/>\n<link rel=\"canonical\" href=\"https:\/\/irprout.it\/?page_id=43\" \/>\n<meta property=\"og:locale\" content=\"it_IT\" \/>\n<meta property=\"og:type\" content=\"article\" \/>\n<meta property=\"og:title\" content=\"EDUCAZIONE - Istituto di Ricerca Prout\" \/>\n<meta property=\"og:description\" content=\"&nbsp;educazione&nbsp; Alcune linee guida di&nbsp;Politica Educativa Secondo PROUT, lo scopo dell&#8217;educazione \u00e8: &#8220;Educazione \u00e8 ci\u00f2 che libera&#8221; (Sa &#8216;vidya&#8217; ya &#8216;vimuktaye)&nbsp; Il vero significato dell&#8217;educazione \u00e8 lo sviluppo trilaterale \u2013 lo sviluppo simultaneo nei regni fisici, mentali e spirituali dell&#8217;esistenza umana. Tale sviluppo dovrebbe migliorare il livello di integrazione della &hellip; Continua a leggere\" \/>\n<meta property=\"og:url\" content=\"https:\/\/irprout.it\/?page_id=43\" \/>\n<meta property=\"og:site_name\" content=\"Istituto di Ricerca Prout\" \/>\n<meta property=\"article:modified_time\" content=\"2020-03-04T15:01:22+00:00\" \/>\n<meta property=\"og:image\" content=\"http:\/\/irprout.it\/wp-content\/uploads\/2014\/10\/ALBERO.jpg\" \/>\n<meta name=\"twitter:label1\" content=\"Tempo di lettura stimato\" \/>\n\t<meta name=\"twitter:data1\" content=\"4 minuti\" \/>\n<script type=\"application\/ld+json\" class=\"yoast-schema-graph\">{\"@context\":\"https:\/\/schema.org\",\"@graph\":[{\"@type\":\"WebPage\",\"@id\":\"https:\/\/irprout.it\/?page_id=43\",\"url\":\"https:\/\/irprout.it\/?page_id=43\",\"name\":\"EDUCAZIONE - Istituto di Ricerca Prout\",\"isPartOf\":{\"@id\":\"https:\/\/irprout.it\/#website\"},\"primaryImageOfPage\":{\"@id\":\"https:\/\/irprout.it\/?page_id=43#primaryimage\"},\"image\":{\"@id\":\"https:\/\/irprout.it\/?page_id=43#primaryimage\"},\"thumbnailUrl\":\"http:\/\/irprout.it\/wp-content\/uploads\/2014\/10\/ALBERO.jpg\",\"datePublished\":\"2014-09-23T08:25:00+00:00\",\"dateModified\":\"2020-03-04T15:01:22+00:00\",\"breadcrumb\":{\"@id\":\"https:\/\/irprout.it\/?page_id=43#breadcrumb\"},\"inLanguage\":\"it-IT\",\"potentialAction\":[{\"@type\":\"ReadAction\",\"target\":[\"https:\/\/irprout.it\/?page_id=43\"]}]},{\"@type\":\"ImageObject\",\"inLanguage\":\"it-IT\",\"@id\":\"https:\/\/irprout.it\/?page_id=43#primaryimage\",\"url\":\"https:\/\/irprout.it\/wp-content\/uploads\/2014\/10\/ALBERO.jpg\",\"contentUrl\":\"https:\/\/irprout.it\/wp-content\/uploads\/2014\/10\/ALBERO.jpg\",\"width\":250,\"height\":272},{\"@type\":\"BreadcrumbList\",\"@id\":\"https:\/\/irprout.it\/?page_id=43#breadcrumb\",\"itemListElement\":[{\"@type\":\"ListItem\",\"position\":1,\"name\":\"Home\",\"item\":\"https:\/\/irprout.it\/\"},{\"@type\":\"ListItem\",\"position\":2,\"name\":\"TEMI\",\"item\":\"https:\/\/irprout.it\/?page_id=119\"},{\"@type\":\"ListItem\",\"position\":3,\"name\":\"EDUCAZIONE\"}]},{\"@type\":\"WebSite\",\"@id\":\"https:\/\/irprout.it\/#website\",\"url\":\"https:\/\/irprout.it\/\",\"name\":\"Istituto di Ricerca Prout\",\"description\":\"Istituto di Ricerca Prout\",\"publisher\":{\"@id\":\"https:\/\/irprout.it\/#organization\"},\"potentialAction\":[{\"@type\":\"SearchAction\",\"target\":{\"@type\":\"EntryPoint\",\"urlTemplate\":\"https:\/\/irprout.it\/?s={search_term_string}\"},\"query-input\":{\"@type\":\"PropertyValueSpecification\",\"valueRequired\":true,\"valueName\":\"search_term_string\"}}],\"inLanguage\":\"it-IT\"},{\"@type\":\"Organization\",\"@id\":\"https:\/\/irprout.it\/#organization\",\"name\":\"Istituto di Ricerca Prout\",\"url\":\"https:\/\/irprout.it\/\",\"logo\":{\"@type\":\"ImageObject\",\"inLanguage\":\"it-IT\",\"@id\":\"https:\/\/irprout.it\/#\/schema\/logo\/image\/\",\"url\":\"http:\/\/irprout.it\/wp-content\/uploads\/2014\/10\/logo_IRP_albero300Cor.jpg\",\"contentUrl\":\"http:\/\/irprout.it\/wp-content\/uploads\/2014\/10\/logo_IRP_albero300Cor.jpg\",\"width\":303,\"height\":304,\"caption\":\"Istituto di Ricerca Prout\"},\"image\":{\"@id\":\"https:\/\/irprout.it\/#\/schema\/logo\/image\/\"}}]}<\/script>\n<!-- \/ Yoast SEO plugin. -->","yoast_head_json":{"title":"EDUCAZIONE - Istituto di Ricerca Prout","robots":{"index":"index","follow":"follow","max-snippet":"max-snippet:-1","max-image-preview":"max-image-preview:large","max-video-preview":"max-video-preview:-1"},"canonical":"https:\/\/irprout.it\/?page_id=43","og_locale":"it_IT","og_type":"article","og_title":"EDUCAZIONE - Istituto di Ricerca Prout","og_description":"&nbsp;educazione&nbsp; Alcune linee guida di&nbsp;Politica Educativa Secondo PROUT, lo scopo dell&#8217;educazione \u00e8: &#8220;Educazione \u00e8 ci\u00f2 che libera&#8221; (Sa &#8216;vidya&#8217; ya &#8216;vimuktaye)&nbsp; Il vero significato dell&#8217;educazione \u00e8 lo sviluppo trilaterale \u2013 lo sviluppo simultaneo nei regni fisici, mentali e spirituali dell&#8217;esistenza umana. Tale sviluppo dovrebbe migliorare il livello di integrazione della &hellip; Continua a leggere","og_url":"https:\/\/irprout.it\/?page_id=43","og_site_name":"Istituto di Ricerca Prout","article_modified_time":"2020-03-04T15:01:22+00:00","og_image":[{"url":"http:\/\/irprout.it\/wp-content\/uploads\/2014\/10\/ALBERO.jpg","type":"","width":"","height":""}],"twitter_misc":{"Tempo di lettura stimato":"4 minuti"},"schema":{"@context":"https:\/\/schema.org","@graph":[{"@type":"WebPage","@id":"https:\/\/irprout.it\/?page_id=43","url":"https:\/\/irprout.it\/?page_id=43","name":"EDUCAZIONE - Istituto di Ricerca Prout","isPartOf":{"@id":"https:\/\/irprout.it\/#website"},"primaryImageOfPage":{"@id":"https:\/\/irprout.it\/?page_id=43#primaryimage"},"image":{"@id":"https:\/\/irprout.it\/?page_id=43#primaryimage"},"thumbnailUrl":"http:\/\/irprout.it\/wp-content\/uploads\/2014\/10\/ALBERO.jpg","datePublished":"2014-09-23T08:25:00+00:00","dateModified":"2020-03-04T15:01:22+00:00","breadcrumb":{"@id":"https:\/\/irprout.it\/?page_id=43#breadcrumb"},"inLanguage":"it-IT","potentialAction":[{"@type":"ReadAction","target":["https:\/\/irprout.it\/?page_id=43"]}]},{"@type":"ImageObject","inLanguage":"it-IT","@id":"https:\/\/irprout.it\/?page_id=43#primaryimage","url":"https:\/\/irprout.it\/wp-content\/uploads\/2014\/10\/ALBERO.jpg","contentUrl":"https:\/\/irprout.it\/wp-content\/uploads\/2014\/10\/ALBERO.jpg","width":250,"height":272},{"@type":"BreadcrumbList","@id":"https:\/\/irprout.it\/?page_id=43#breadcrumb","itemListElement":[{"@type":"ListItem","position":1,"name":"Home","item":"https:\/\/irprout.it\/"},{"@type":"ListItem","position":2,"name":"TEMI","item":"https:\/\/irprout.it\/?page_id=119"},{"@type":"ListItem","position":3,"name":"EDUCAZIONE"}]},{"@type":"WebSite","@id":"https:\/\/irprout.it\/#website","url":"https:\/\/irprout.it\/","name":"Istituto di Ricerca Prout","description":"Istituto di Ricerca Prout","publisher":{"@id":"https:\/\/irprout.it\/#organization"},"potentialAction":[{"@type":"SearchAction","target":{"@type":"EntryPoint","urlTemplate":"https:\/\/irprout.it\/?s={search_term_string}"},"query-input":{"@type":"PropertyValueSpecification","valueRequired":true,"valueName":"search_term_string"}}],"inLanguage":"it-IT"},{"@type":"Organization","@id":"https:\/\/irprout.it\/#organization","name":"Istituto di Ricerca Prout","url":"https:\/\/irprout.it\/","logo":{"@type":"ImageObject","inLanguage":"it-IT","@id":"https:\/\/irprout.it\/#\/schema\/logo\/image\/","url":"http:\/\/irprout.it\/wp-content\/uploads\/2014\/10\/logo_IRP_albero300Cor.jpg","contentUrl":"http:\/\/irprout.it\/wp-content\/uploads\/2014\/10\/logo_IRP_albero300Cor.jpg","width":303,"height":304,"caption":"Istituto di Ricerca Prout"},"image":{"@id":"https:\/\/irprout.it\/#\/schema\/logo\/image\/"}}]}},"_links":{"self":[{"href":"https:\/\/irprout.it\/index.php?rest_route=\/wp\/v2\/pages\/43","targetHints":{"allow":["GET"]}}],"collection":[{"href":"https:\/\/irprout.it\/index.php?rest_route=\/wp\/v2\/pages"}],"about":[{"href":"https:\/\/irprout.it\/index.php?rest_route=\/wp\/v2\/types\/page"}],"author":[{"embeddable":true,"href":"https:\/\/irprout.it\/index.php?rest_route=\/wp\/v2\/users\/5"}],"replies":[{"embeddable":true,"href":"https:\/\/irprout.it\/index.php?rest_route=%2Fwp%2Fv2%2Fcomments&post=43"}],"version-history":[{"count":38,"href":"https:\/\/irprout.it\/index.php?rest_route=\/wp\/v2\/pages\/43\/revisions"}],"predecessor-version":[{"id":5219,"href":"https:\/\/irprout.it\/index.php?rest_route=\/wp\/v2\/pages\/43\/revisions\/5219"}],"up":[{"embeddable":true,"href":"https:\/\/irprout.it\/index.php?rest_route=\/wp\/v2\/pages\/119"}],"wp:attachment":[{"href":"https:\/\/irprout.it\/index.php?rest_route=%2Fwp%2Fv2%2Fmedia&parent=43"}],"curies":[{"name":"wp","href":"https:\/\/api.w.org\/{rel}","templated":true}]}}