{"id":4392,"date":"2019-12-26T15:56:51","date_gmt":"2019-12-26T14:56:51","guid":{"rendered":"http:\/\/irprout.it\/?page_id=4392"},"modified":"2020-01-06T16:58:33","modified_gmt":"2020-01-06T15:58:33","slug":"4392-2","status":"publish","type":"page","link":"https:\/\/irprout.it\/?page_id=4392","title":{"rendered":"3 milioni di piante"},"content":{"rendered":"<div class=\"wpb-content-wrapper\"><p>[vc_row][vc_column][vc_column_text]<span style=\"font-family: tahoma, arial, helvetica, sans-serif; font-size: 16pt;\"><strong>Il fotografo e sua moglie piantano 2 milioni di alberi in 20 anni per ripristinare una foresta distrutta e sono tornati persino gli animali <\/strong><\/span><\/p>\n<p><span style=\"font-size: 12pt; font-family: tahoma, arial, helvetica, sans-serif;\"><em>Un intero ecosistema ricostruito da zero<\/em><\/span>[\/vc_column_text][\/vc_column][\/vc_row][vc_row][vc_column][vc_single_image image=&#8221;4394&#8243; img_size=&#8221;full&#8221; alignment=&#8221;center&#8221; style=&#8221;vc_box_border&#8221;][\/vc_column][\/vc_row][vc_row][vc_column][vc_column_text]<span style=\"font-size: 10pt; font-family: tahoma, arial, helvetica, sans-serif;\">Secondo l&#8217;Organizzazione delle Nazioni Unite per l&#8217;alimentazione e l&#8217;agricoltura, 129 milioni di ettari di foresta, un&#8217;area quasi equivalente per dimensioni al Sudafrica, sono stati persi dalla Terra per sempre dal 1990 a causa della deforestazione. Un&#8217;area all&#8217;incirca delle dimensioni di Panama si perde ogni anno.<\/span><\/p>\n<p><span style=\"font-size: 10pt; font-family: tahoma, arial, helvetica, sans-serif;\">Circa il 15 percento di tutte le emissioni di gas serra provengono da deforestazione e innumerevoli specie di piante e animali perdono il loro habitat ogni giorno. Queste sono cifre assolutamente devastanti per la salute del nostro pianeta<\/span><\/p>\n<p><span style=\"font-size: 10pt; font-family: tahoma, arial, helvetica, sans-serif;\">Ma cosa si pu\u00f2 fare di fronte a una carneficina ambientale cos\u00ec massiccia? Pu\u00f2 l&#8217;individuo minuscolo e indifeso avere un&#8217;impatto in queste circostanze? Qualsiasi cosa facciamo far\u00e0 la differenza? Il fotografo brasiliano <em>Sebasti\u00e3o Salgado<\/em> e sua moglie <em>L\u00e9lia Deluiz Wanick Salgado<\/em> hanno deciso di mostrare ci\u00f2 che un piccolo gruppo di persone appassionate e dedite pu\u00f2 fare con il processo di rimboschimento.<\/span>[\/vc_column_text][\/vc_column][\/vc_row][vc_row][vc_column][vc_single_image image=&#8221;4393&#8243; img_size=&#8221;full&#8221; style=&#8221;vc_box_border&#8221;][\/vc_column][\/vc_row][vc_row][vc_column][vc_column_text]<span style=\"font-family: tahoma, arial, helvetica, sans-serif; font-size: 10pt;\"><em>Sebastiao Salgado<\/em> \u00e8 un rinomato fotografo, ha vinto quasi tutti i maggiori riconoscimenti nel campo del fotogiornalismo e ha pubblicando quasi una decina di libri. Negli anni &#8217;90, fisicamente ed emotivamente sfinito dopo aver documentato l&#8217;orribile barbarie del genocidio in Ruanda, \u00e8 tornato nella zona natale del Brasile, una volta coperta da una lussureggiante foresta tropicale. Fu scioccato nel constatare che l&#8217;area era stata deforestata ed era priva di fauna selvatica.<\/span><\/p>\n<p><span style=\"font-family: tahoma, arial, helvetica, sans-serif; font-size: 10pt;\">&#8220;<em>La terra era malata come me: tutto \u00e8 stato distrutto<\/em>&#8220;, ha detto Salgado a <em>The Guardian<\/em> nel 2015. &#8220;<em>Solo lo 0,5% circa della terra era coperta da alberi. Poi mia moglie ha avuto l&#8217;idea favolosa di ripiantare questa foresta. E quando abbiamo iniziato a farlo, sono tornati tutti gli insetti, gli uccelli e i pesci e, grazie a questo aumento degli alberi, anche io sono rinato &#8211; questo \u00e8 stato il momento pi\u00f9 importante<\/em>\u201d.<\/span>[\/vc_column_text][\/vc_column][\/vc_row][vc_row][vc_column][vc_single_image image=&#8221;4395&#8243; img_size=&#8221;full&#8221; style=&#8221;vc_box_border&#8221;][\/vc_column][\/vc_row][vc_row][vc_column width=&#8221;1\/4&#8243;][vc_single_image image=&#8221;4396&#8243; img_size=&#8221;full&#8221; style=&#8221;vc_box_border&#8221;][\/vc_column][vc_column width=&#8221;3\/4&#8243;][vc_column_text]<span style=\"font-family: tahoma, arial, helvetica, sans-serif; font-size: 10pt;\">Insieme, <em>Sebasti\u00e3o<\/em> e <em>L\u00e9lia<\/em> hanno fondato l&#8217;<em>Instituto Terra<\/em>, una piccola organizzazione che da allora ha piantato 4 milioni di alberelli e ha riportato in vita la foresta. &#8220;<em>Forse abbiamo una soluzione<\/em>&#8220;, ha detto Salgado. \u201c<em>Esiste un singolo essere che pu\u00f2 trasformare la CO2 in ossigeno, ed \u00e8 l&#8217;albero. Dobbiamo iniziare a piantare alberi su vasta scala. Hai bisogno di una foresta con alberi autoctoni e devi raccogliere i semi nella stessa regione in cui li pianti o i serpenti e le termiti non arriveranno. se pianti foreste che non appartengono alla zona, la popolazione animale non crescer\u00e0 e la foresta rimarr\u00e0 silenziosa<\/em>&#8220;.<\/span><\/p>\n<p><span style=\"font-family: tahoma, arial, helvetica, sans-serif; font-size: 10pt;\">E cos\u00ec, dopo aver prestato la massima attenzione per garantire che tutto ci\u00f2 che \u00e8 stato piantato sia originario della zona, l&#8217;area \u00e8 cresciuta notevolmente nei 20 anni successivi. La fauna selvatica \u00e8 tornata, dove c&#8217;era un silenzio mortale, ora c&#8217;\u00e8 una cacofonia di cinguettii di uccelli e insetti che ronzano intorno.<\/span><\/p>\n<p><span style=\"font-family: tahoma, arial, helvetica, sans-serif; font-size: 10pt;\">In tutto sono tornate circa 172 specie di uccelli, oltre a 33 specie di mammiferi, 293 specie di piante, 15 specie di rettili e 15 specie di anfibi, <em>un intero ecosistema ricostruito da zero<\/em>.<\/span><\/p>\n<p><span style=\"font-family: tahoma, arial, helvetica, sans-serif; font-size: 10pt;\">&#8220;<em>Dobbiamo ascoltare le parole delle persone sul territorio&#8221;, ha spiegato Salgado. &#8220;La natura \u00e8 la terra ed altri esseri e se non avremo un qualche tipo di ritorno spirituale sul nostro pianeta, temo che saremo compromessi<\/em>&#8220;.<\/span><\/p>\n<p><span style=\"font-family: tahoma, arial, helvetica, sans-serif; font-size: 10pt;\">Di: <em>Ilona Bali<\/em><em>\u016b<\/em><em>nait<\/em><em>\u0117<\/em> e <em>Lo staff di BoredPanda<\/em><\/span><\/p>\n<p><span style=\"font-family: tahoma, arial, helvetica, sans-serif; font-size: 10pt;\">Ridotto da: <a href=\"https:\/\/www.boredpanda.com\/brazilian-couple-recreated-forest-sebastiao-leila-salgado-reforestation\/\">https:\/\/www.boredpanda.com\/brazilian-couple-recreated-forest-sebastiao-leila-salgado-reforestation\/<\/a><\/span>[\/vc_column_text][\/vc_column][\/vc_row]<\/p>\n<\/div>","protected":false},"excerpt":{"rendered":"<p>[vc_row][vc_column][vc_column_text]Il fotografo e sua moglie piantano 2 milioni di alberi in 20 anni per ripristinare una foresta distrutta e sono tornati persino gli animali Un intero ecosistema ricostruito da zero[\/vc_column_text][\/vc_column][\/vc_row][vc_row][vc_column][vc_single_image image=&#8221;4394&#8243; img_size=&#8221;full&#8221; alignment=&#8221;center&#8221; style=&#8221;vc_box_border&#8221;][\/vc_column][\/vc_row][vc_row][vc_column][vc_column_text]Secondo l&#8217;Organizzazione delle Nazioni Unite per l&#8217;alimentazione e l&#8217;agricoltura, 129 milioni di ettari di foresta, un&#8217;area quasi <span class=\"excerpt-dots\">&hellip;<\/span> <a class=\"more-link\" href=\"https:\/\/irprout.it\/?page_id=4392\"><span class=\"more-msg\">Continua a leggere<\/span><\/a><\/p>\n","protected":false},"author":3,"featured_media":0,"parent":0,"menu_order":0,"comment_status":"closed","ping_status":"closed","template":"","meta":{"ngg_post_thumbnail":0,"footnotes":""},"class_list":["post-4392","page","type-page","status-publish","hentry"],"yoast_head":"<!-- This site is optimized with the Yoast SEO plugin v26.6 - https:\/\/yoast.com\/wordpress\/plugins\/seo\/ -->\n<title>3 milioni di piante - Istituto di Ricerca Prout<\/title>\n<meta name=\"robots\" content=\"index, follow, max-snippet:-1, max-image-preview:large, max-video-preview:-1\" \/>\n<link rel=\"canonical\" href=\"https:\/\/irprout.it\/?page_id=4392\" \/>\n<meta property=\"og:locale\" content=\"it_IT\" \/>\n<meta property=\"og:type\" content=\"article\" \/>\n<meta property=\"og:title\" content=\"3 milioni di piante - Istituto di Ricerca Prout\" \/>\n<meta property=\"og:description\" content=\"[vc_row][vc_column][vc_column_text]Il fotografo e sua moglie piantano 2 milioni di alberi in 20 anni per ripristinare una foresta distrutta e sono tornati persino gli animali Un intero ecosistema ricostruito da zero[\/vc_column_text][\/vc_column][\/vc_row][vc_row][vc_column][vc_single_image image=&#8221;4394&#8243; img_size=&#8221;full&#8221; alignment=&#8221;center&#8221; style=&#8221;vc_box_border&#8221;][\/vc_column][\/vc_row][vc_row][vc_column][vc_column_text]Secondo l&#8217;Organizzazione delle Nazioni Unite per l&#8217;alimentazione e l&#8217;agricoltura, 129 milioni di ettari di foresta, un&#8217;area quasi &hellip; Continua a leggere\" \/>\n<meta property=\"og:url\" content=\"https:\/\/irprout.it\/?page_id=4392\" \/>\n<meta property=\"og:site_name\" content=\"Istituto di Ricerca Prout\" \/>\n<meta property=\"article:modified_time\" content=\"2020-01-06T15:58:33+00:00\" \/>\n<meta name=\"twitter:label1\" content=\"Tempo di lettura stimato\" \/>\n\t<meta name=\"twitter:data1\" content=\"3 minuti\" \/>\n<script type=\"application\/ld+json\" class=\"yoast-schema-graph\">{\"@context\":\"https:\/\/schema.org\",\"@graph\":[{\"@type\":\"WebPage\",\"@id\":\"https:\/\/irprout.it\/?page_id=4392\",\"url\":\"https:\/\/irprout.it\/?page_id=4392\",\"name\":\"3 milioni di piante - Istituto di Ricerca Prout\",\"isPartOf\":{\"@id\":\"https:\/\/irprout.it\/#website\"},\"datePublished\":\"2019-12-26T14:56:51+00:00\",\"dateModified\":\"2020-01-06T15:58:33+00:00\",\"breadcrumb\":{\"@id\":\"https:\/\/irprout.it\/?page_id=4392#breadcrumb\"},\"inLanguage\":\"it-IT\",\"potentialAction\":[{\"@type\":\"ReadAction\",\"target\":[\"https:\/\/irprout.it\/?page_id=4392\"]}]},{\"@type\":\"BreadcrumbList\",\"@id\":\"https:\/\/irprout.it\/?page_id=4392#breadcrumb\",\"itemListElement\":[{\"@type\":\"ListItem\",\"position\":1,\"name\":\"Home\",\"item\":\"https:\/\/irprout.it\/\"},{\"@type\":\"ListItem\",\"position\":2,\"name\":\"3 milioni di piante\"}]},{\"@type\":\"WebSite\",\"@id\":\"https:\/\/irprout.it\/#website\",\"url\":\"https:\/\/irprout.it\/\",\"name\":\"Istituto di Ricerca Prout\",\"description\":\"Istituto di Ricerca Prout\",\"publisher\":{\"@id\":\"https:\/\/irprout.it\/#organization\"},\"potentialAction\":[{\"@type\":\"SearchAction\",\"target\":{\"@type\":\"EntryPoint\",\"urlTemplate\":\"https:\/\/irprout.it\/?s={search_term_string}\"},\"query-input\":{\"@type\":\"PropertyValueSpecification\",\"valueRequired\":true,\"valueName\":\"search_term_string\"}}],\"inLanguage\":\"it-IT\"},{\"@type\":\"Organization\",\"@id\":\"https:\/\/irprout.it\/#organization\",\"name\":\"Istituto di Ricerca Prout\",\"url\":\"https:\/\/irprout.it\/\",\"logo\":{\"@type\":\"ImageObject\",\"inLanguage\":\"it-IT\",\"@id\":\"https:\/\/irprout.it\/#\/schema\/logo\/image\/\",\"url\":\"http:\/\/irprout.it\/wp-content\/uploads\/2014\/10\/logo_IRP_albero300Cor.jpg\",\"contentUrl\":\"http:\/\/irprout.it\/wp-content\/uploads\/2014\/10\/logo_IRP_albero300Cor.jpg\",\"width\":303,\"height\":304,\"caption\":\"Istituto di Ricerca Prout\"},\"image\":{\"@id\":\"https:\/\/irprout.it\/#\/schema\/logo\/image\/\"}}]}<\/script>\n<!-- \/ Yoast SEO plugin. -->","yoast_head_json":{"title":"3 milioni di piante - Istituto di Ricerca Prout","robots":{"index":"index","follow":"follow","max-snippet":"max-snippet:-1","max-image-preview":"max-image-preview:large","max-video-preview":"max-video-preview:-1"},"canonical":"https:\/\/irprout.it\/?page_id=4392","og_locale":"it_IT","og_type":"article","og_title":"3 milioni di piante - Istituto di Ricerca Prout","og_description":"[vc_row][vc_column][vc_column_text]Il fotografo e sua moglie piantano 2 milioni di alberi in 20 anni per ripristinare una foresta distrutta e sono tornati persino gli animali Un intero ecosistema ricostruito da zero[\/vc_column_text][\/vc_column][\/vc_row][vc_row][vc_column][vc_single_image image=&#8221;4394&#8243; img_size=&#8221;full&#8221; alignment=&#8221;center&#8221; style=&#8221;vc_box_border&#8221;][\/vc_column][\/vc_row][vc_row][vc_column][vc_column_text]Secondo l&#8217;Organizzazione delle Nazioni Unite per l&#8217;alimentazione e l&#8217;agricoltura, 129 milioni di ettari di foresta, un&#8217;area quasi &hellip; Continua a leggere","og_url":"https:\/\/irprout.it\/?page_id=4392","og_site_name":"Istituto di Ricerca Prout","article_modified_time":"2020-01-06T15:58:33+00:00","twitter_misc":{"Tempo di lettura stimato":"3 minuti"},"schema":{"@context":"https:\/\/schema.org","@graph":[{"@type":"WebPage","@id":"https:\/\/irprout.it\/?page_id=4392","url":"https:\/\/irprout.it\/?page_id=4392","name":"3 milioni di piante - Istituto di Ricerca Prout","isPartOf":{"@id":"https:\/\/irprout.it\/#website"},"datePublished":"2019-12-26T14:56:51+00:00","dateModified":"2020-01-06T15:58:33+00:00","breadcrumb":{"@id":"https:\/\/irprout.it\/?page_id=4392#breadcrumb"},"inLanguage":"it-IT","potentialAction":[{"@type":"ReadAction","target":["https:\/\/irprout.it\/?page_id=4392"]}]},{"@type":"BreadcrumbList","@id":"https:\/\/irprout.it\/?page_id=4392#breadcrumb","itemListElement":[{"@type":"ListItem","position":1,"name":"Home","item":"https:\/\/irprout.it\/"},{"@type":"ListItem","position":2,"name":"3 milioni di piante"}]},{"@type":"WebSite","@id":"https:\/\/irprout.it\/#website","url":"https:\/\/irprout.it\/","name":"Istituto di Ricerca Prout","description":"Istituto di Ricerca Prout","publisher":{"@id":"https:\/\/irprout.it\/#organization"},"potentialAction":[{"@type":"SearchAction","target":{"@type":"EntryPoint","urlTemplate":"https:\/\/irprout.it\/?s={search_term_string}"},"query-input":{"@type":"PropertyValueSpecification","valueRequired":true,"valueName":"search_term_string"}}],"inLanguage":"it-IT"},{"@type":"Organization","@id":"https:\/\/irprout.it\/#organization","name":"Istituto di Ricerca Prout","url":"https:\/\/irprout.it\/","logo":{"@type":"ImageObject","inLanguage":"it-IT","@id":"https:\/\/irprout.it\/#\/schema\/logo\/image\/","url":"http:\/\/irprout.it\/wp-content\/uploads\/2014\/10\/logo_IRP_albero300Cor.jpg","contentUrl":"http:\/\/irprout.it\/wp-content\/uploads\/2014\/10\/logo_IRP_albero300Cor.jpg","width":303,"height":304,"caption":"Istituto di Ricerca Prout"},"image":{"@id":"https:\/\/irprout.it\/#\/schema\/logo\/image\/"}}]}},"_links":{"self":[{"href":"https:\/\/irprout.it\/index.php?rest_route=\/wp\/v2\/pages\/4392","targetHints":{"allow":["GET"]}}],"collection":[{"href":"https:\/\/irprout.it\/index.php?rest_route=\/wp\/v2\/pages"}],"about":[{"href":"https:\/\/irprout.it\/index.php?rest_route=\/wp\/v2\/types\/page"}],"author":[{"embeddable":true,"href":"https:\/\/irprout.it\/index.php?rest_route=\/wp\/v2\/users\/3"}],"replies":[{"embeddable":true,"href":"https:\/\/irprout.it\/index.php?rest_route=%2Fwp%2Fv2%2Fcomments&post=4392"}],"version-history":[{"count":2,"href":"https:\/\/irprout.it\/index.php?rest_route=\/wp\/v2\/pages\/4392\/revisions"}],"predecessor-version":[{"id":4514,"href":"https:\/\/irprout.it\/index.php?rest_route=\/wp\/v2\/pages\/4392\/revisions\/4514"}],"wp:attachment":[{"href":"https:\/\/irprout.it\/index.php?rest_route=%2Fwp%2Fv2%2Fmedia&parent=4392"}],"curies":[{"name":"wp","href":"https:\/\/api.w.org\/{rel}","templated":true}]}}