{"id":4643,"date":"2020-01-18T19:54:36","date_gmt":"2020-01-18T18:54:36","guid":{"rendered":"http:\/\/irprout.it\/?page_id=4643"},"modified":"2020-05-05T18:26:00","modified_gmt":"2020-05-05T17:26:00","slug":"fondamenti-teorici-prout","status":"publish","type":"page","link":"https:\/\/irprout.it\/?page_id=4643","title":{"rendered":"FONDAMENTI TEORICI PROUT"},"content":{"rendered":"<div class=\"wpb-content-wrapper\"><p>[vc_row][vc_column][vc_empty_space height=&#8221;20px&#8221;][\/vc_column][\/vc_row][vc_row][vc_column css=&#8221;.vc_custom_1580226467420{background-color: #f4f49a !important;}&#8221;][vc_column_text css=&#8221;.vc_custom_1580226531857{margin-left: 10px !important;}&#8221;]<strong><span style=\"font-size: 24pt; font-family: tahoma, arial, helvetica, sans-serif;\">Fondamenti Teorici PROUT<\/span><\/strong>[\/vc_column_text][\/vc_column][\/vc_row][vc_row][vc_column][vc_separator border_width=&#8221;3&#8243;][\/vc_column][\/vc_row][vc_row][vc_column width=&#8221;1\/2&#8243;][vc_single_image image=&#8221;4666&#8243; img_size=&#8221;223&#215;180&#8243; onclick=&#8221;custom_link&#8221; link=&#8221;https:\/\/irprout.it\/?page_id=2333&#8243;][\/vc_column][vc_column width=&#8221;1\/2&#8243;][vc_column_text css=&#8221;.vc_custom_1580324023593{margin-left: -105px !important;}&#8221;]<span style=\"font-family: Verdana, Geneva, sans-serif;\"><strong><span style=\"font-size: 16pt;\"><a href=\"https:\/\/irprout.it\/?page_id=2333\"><span style=\"color: #000080;\">Concetto di Progresso e Risorse<\/span><\/a><br \/>\n<\/span><\/strong><\/span><span style=\"font-size: 12pt;\">Il termine <strong>progresso denota un miglioramento di natura soggettiva<\/strong>. <strong>Scienza e tecnologia aiutano l&#8217;avanzamento sociale, economico, di tipo oggettivo<\/strong> ma non il progresso perch\u00e9 ogni beneficio apportato da nuove invenzioni \u00e8 controbilanciato da fattori collaterali negativi: Industrie-Inquinamento, etc.<\/span><br \/>\n<span style=\"font-size: 12pt;\"><strong>Utilizzazione: massima utilizzazione delle caratteristiche di ogni oggetto.<\/strong> L&#8217;argento era usato per i monili, poi come monete, poi per gli specchi, poi in chimica, oggi in medicina. Potrebbe avere ancora altri utilizzi&#8230;<\/span>[\/vc_column_text][\/vc_column][\/vc_row][vc_row][vc_column width=&#8221;1\/2&#8243;][vc_single_image image=&#8221;4650&#8243; img_size=&#8221;223&#215;180&#8243; onclick=&#8221;custom_link&#8221; link=&#8221;https:\/\/irprout.it\/wp-content\/uploads\/2014\/10\/Estratto_Ravi_Batra.pdf&#8221;][\/vc_column][vc_column width=&#8221;1\/2&#8243;][vc_column_text css=&#8221;.vc_custom_1580324130816{margin-left: -105px !important;}&#8221;]<span style=\"font-family: Verdana, Geneva, sans-serif;\"><strong><span style=\"font-size: 16pt;\"><a href=\"https:\/\/irprout.it\/wp-content\/uploads\/2014\/10\/Estratto_Ravi_Batra.pdf\"><span style=\"color: #000080;\">Reddito Minimo e Tetto Massimo<\/span><\/a><br \/>\n<\/span><\/strong><\/span><span style=\"font-size: 12pt;\"><strong>Il mantenimento di un&#8217;esistenza dignitosa e&#8217; diritto di nascita di ogni essere umano<\/strong>. Quindi il Governo dovrebbe garantire un reddito o meglio un potere di acquisto adeguato per ottenere le Minime Necessit\u00e0: <strong>alimenti, vestiario, abitazione, cure mediche ed educazione<\/strong>. Attraverso un lavoro o una rendita per chi non pu\u00f2 lavorare. Dall&#8217;altra non \u00e8 permesso che una persona abbia una ricchezza immensa, perch\u00e9 le risorse sono limitate. Per questo si pu\u00f2 <strong>fissare un adeguato Tetto Massimo alle retribuzioni e al patrimonio.<\/strong><\/span>[\/vc_column_text][\/vc_column][\/vc_row][vc_row][vc_column width=&#8221;1\/2&#8243;][vc_single_image image=&#8221;4652&#8243; img_size=&#8221;223&#215;180&#8243; onclick=&#8221;custom_link&#8221; link=&#8221;https:\/\/irprout.it\/?page_id=621&#8243;][\/vc_column][vc_column width=&#8221;1\/2&#8243;][vc_column_text css=&#8221;.vc_custom_1580324180430{margin-left: -105px !important;}&#8221;]<span style=\"font-family: Verdana, Geneva, sans-serif;\"><strong><span style=\"font-size: 16pt;\"><span style=\"color: #000080;\">Economia quadro-dimensionale<\/span><br \/>\n<\/span><\/strong><\/span><span style=\"font-size: 12pt;\">Sarkar ha introdotto nella teoria economica due nuovi settori di indagine, oltre a quelli esistenti, <strong>Macro-economia e Micro-economia<\/strong>: <strong>Economia Popolare<\/strong> che si interessa di garantire a tutti le necessit\u00e0 basilari per vivere e la <strong>Psico-Economia<\/strong> che si interessa di lottare contro lo sfruttamento psicologico nei luoghi di lavoro e di utilizzare al meglio le potenzialit\u00e0 psichiche per lo sviluppo umano e sociale.<\/span>[\/vc_column_text][\/vc_column][\/vc_row][vc_row][vc_column width=&#8221;1\/2&#8243;][vc_single_image image=&#8221;4668&#8243; img_size=&#8221;223&#215;180&#8243; onclick=&#8221;custom_link&#8221; link=&#8221;https:\/\/irprout.it\/?page_id=587&#8243;][\/vc_column][vc_column width=&#8221;1\/2&#8243;][vc_column_text css=&#8221;.vc_custom_1580324250103{margin-left: -105px !important;}&#8221;]<span style=\"font-family: Verdana, Geneva, sans-serif;\"><strong><span style=\"font-size: 16pt;\"><a href=\"https:\/\/irprout.it\/?page_id=587\"><span style=\"color: #000080;\">Democrazia Politica ed Economica<\/span><\/a><br \/>\n<\/span><\/strong><\/span><span style=\"font-size: 12pt;\"><strong>Sarkar ha introdotto un nuovo significato al termine Democrazia Economica<\/strong> e prevede una <strong>riforma della Democrazia Politica<\/strong>. Nella Dem. Pol. il potere politico ed economico \u00e8 concentrato nelle mani di poche persone. <strong>Nella Democrazia Economica il potere politico \u00e8 nelle mani di persone moraliste e competenti, il potere economico nelle mani di chi lavora organizzati in un sistema cooperativo.<\/strong><\/span>[\/vc_column_text][\/vc_column][\/vc_row][vc_row][vc_column width=&#8221;1\/2&#8243;][vc_single_image image=&#8221;4674&#8243; img_size=&#8221;223&#215;180&#8243; onclick=&#8221;custom_link&#8221; link=&#8221;https:\/\/irprout.it\/?page_id=491&#8243;][\/vc_column][vc_column width=&#8221;1\/2&#8243;][vc_column_text css=&#8221;.vc_custom_1580227604145{margin-left: -105px !important;}&#8221;]<span style=\"font-family: Verdana, Geneva, sans-serif;\"><strong><span style=\"font-size: 16pt;\"><span style=\"color: #000080;\">Governo Mondiale<\/span><br \/>\n<\/span><\/strong><\/span><span style=\"font-size: 12pt;\"><strong>La tendenza della societ\u00e0,<\/strong> dalle prime trib\u00f9 ai regni, agli imperi e dalle citt\u00e0 stato ai comuni e signorie, ai stati nazionali e alle confederazioni <strong>\u00e8 certamente l&#8217;aggregazione in strutture sociali sempre pi\u00f9 funzionali<\/strong>. Verr\u00e0 il tempo in cui il nostro paese sar\u00e0 una provincia di un Governo Mondiale. Spiegato da ac. Krtashivananda Avt. nel suo libro.<\/span>[\/vc_column_text][\/vc_column][\/vc_row]<\/p>\n<\/div>","protected":false},"excerpt":{"rendered":"<p>[vc_row][vc_column][vc_empty_space height=&#8221;20px&#8221;][\/vc_column][\/vc_row][vc_row][vc_column css=&#8221;.vc_custom_1580226467420{background-color: #f4f49a !important;}&#8221;][vc_column_text css=&#8221;.vc_custom_1580226531857{margin-left: 10px !important;}&#8221;]Fondamenti Teorici PROUT[\/vc_column_text][\/vc_column][\/vc_row][vc_row][vc_column][vc_separator border_width=&#8221;3&#8243;][\/vc_column][\/vc_row][vc_row][vc_column width=&#8221;1\/2&#8243;][vc_single_image image=&#8221;4666&#8243; img_size=&#8221;223&#215;180&#8243; onclick=&#8221;custom_link&#8221; link=&#8221;https:\/\/irprout.it\/?page_id=2333&#8243;][\/vc_column][vc_column width=&#8221;1\/2&#8243;][vc_column_text css=&#8221;.vc_custom_1580324023593{margin-left: -105px !important;}&#8221;]Concetto di Progresso e Risorse Il termine progresso denota un miglioramento di natura soggettiva. Scienza e tecnologia aiutano l&#8217;avanzamento sociale, economico, di tipo oggettivo ma non il progresso perch\u00e9 ogni beneficio <span class=\"excerpt-dots\">&hellip;<\/span> <a class=\"more-link\" href=\"https:\/\/irprout.it\/?page_id=4643\"><span class=\"more-msg\">Continua a leggere<\/span><\/a><\/p>\n","protected":false},"author":3,"featured_media":0,"parent":0,"menu_order":0,"comment_status":"closed","ping_status":"closed","template":"","meta":{"ngg_post_thumbnail":0,"footnotes":""},"class_list":["post-4643","page","type-page","status-publish","hentry"],"yoast_head":"<!-- This site is optimized with the Yoast SEO plugin v26.6 - https:\/\/yoast.com\/wordpress\/plugins\/seo\/ -->\n<title>FONDAMENTI TEORICI PROUT - Istituto di Ricerca Prout<\/title>\n<meta name=\"robots\" content=\"index, follow, max-snippet:-1, max-image-preview:large, max-video-preview:-1\" \/>\n<link rel=\"canonical\" href=\"https:\/\/irprout.it\/?page_id=4643\" \/>\n<meta property=\"og:locale\" content=\"it_IT\" \/>\n<meta property=\"og:type\" content=\"article\" \/>\n<meta property=\"og:title\" content=\"FONDAMENTI TEORICI PROUT - Istituto di Ricerca Prout\" \/>\n<meta property=\"og:description\" content=\"[vc_row][vc_column][vc_empty_space height=&#8221;20px&#8221;][\/vc_column][\/vc_row][vc_row][vc_column css=&#8221;.vc_custom_1580226467420{background-color: #f4f49a !important;}&#8221;][vc_column_text css=&#8221;.vc_custom_1580226531857{margin-left: 10px !important;}&#8221;]Fondamenti Teorici PROUT[\/vc_column_text][\/vc_column][\/vc_row][vc_row][vc_column][vc_separator border_width=&#8221;3&#8243;][\/vc_column][\/vc_row][vc_row][vc_column width=&#8221;1\/2&#8243;][vc_single_image image=&#8221;4666&#8243; img_size=&#8221;223&#215;180&#8243; onclick=&#8221;custom_link&#8221; link=&#8221;https:\/\/irprout.it\/?page_id=2333&#8243;][\/vc_column][vc_column width=&#8221;1\/2&#8243;][vc_column_text css=&#8221;.vc_custom_1580324023593{margin-left: -105px !important;}&#8221;]Concetto di Progresso e Risorse Il termine progresso denota un miglioramento di natura soggettiva. Scienza e tecnologia aiutano l&#8217;avanzamento sociale, economico, di tipo oggettivo ma non il progresso perch\u00e9 ogni beneficio &hellip; Continua a leggere\" \/>\n<meta property=\"og:url\" content=\"https:\/\/irprout.it\/?page_id=4643\" \/>\n<meta property=\"og:site_name\" content=\"Istituto di Ricerca Prout\" \/>\n<meta property=\"article:modified_time\" content=\"2020-05-05T17:26:00+00:00\" \/>\n<meta name=\"twitter:label1\" content=\"Tempo di lettura stimato\" \/>\n\t<meta name=\"twitter:data1\" content=\"3 minuti\" \/>\n<script type=\"application\/ld+json\" class=\"yoast-schema-graph\">{\"@context\":\"https:\/\/schema.org\",\"@graph\":[{\"@type\":\"WebPage\",\"@id\":\"https:\/\/irprout.it\/?page_id=4643\",\"url\":\"https:\/\/irprout.it\/?page_id=4643\",\"name\":\"FONDAMENTI TEORICI PROUT - Istituto di Ricerca Prout\",\"isPartOf\":{\"@id\":\"https:\/\/irprout.it\/#website\"},\"datePublished\":\"2020-01-18T18:54:36+00:00\",\"dateModified\":\"2020-05-05T17:26:00+00:00\",\"breadcrumb\":{\"@id\":\"https:\/\/irprout.it\/?page_id=4643#breadcrumb\"},\"inLanguage\":\"it-IT\",\"potentialAction\":[{\"@type\":\"ReadAction\",\"target\":[\"https:\/\/irprout.it\/?page_id=4643\"]}]},{\"@type\":\"BreadcrumbList\",\"@id\":\"https:\/\/irprout.it\/?page_id=4643#breadcrumb\",\"itemListElement\":[{\"@type\":\"ListItem\",\"position\":1,\"name\":\"Home\",\"item\":\"https:\/\/irprout.it\/\"},{\"@type\":\"ListItem\",\"position\":2,\"name\":\"FONDAMENTI TEORICI PROUT\"}]},{\"@type\":\"WebSite\",\"@id\":\"https:\/\/irprout.it\/#website\",\"url\":\"https:\/\/irprout.it\/\",\"name\":\"Istituto di Ricerca Prout\",\"description\":\"Istituto di Ricerca Prout\",\"publisher\":{\"@id\":\"https:\/\/irprout.it\/#organization\"},\"potentialAction\":[{\"@type\":\"SearchAction\",\"target\":{\"@type\":\"EntryPoint\",\"urlTemplate\":\"https:\/\/irprout.it\/?s={search_term_string}\"},\"query-input\":{\"@type\":\"PropertyValueSpecification\",\"valueRequired\":true,\"valueName\":\"search_term_string\"}}],\"inLanguage\":\"it-IT\"},{\"@type\":\"Organization\",\"@id\":\"https:\/\/irprout.it\/#organization\",\"name\":\"Istituto di Ricerca Prout\",\"url\":\"https:\/\/irprout.it\/\",\"logo\":{\"@type\":\"ImageObject\",\"inLanguage\":\"it-IT\",\"@id\":\"https:\/\/irprout.it\/#\/schema\/logo\/image\/\",\"url\":\"http:\/\/irprout.it\/wp-content\/uploads\/2014\/10\/logo_IRP_albero300Cor.jpg\",\"contentUrl\":\"http:\/\/irprout.it\/wp-content\/uploads\/2014\/10\/logo_IRP_albero300Cor.jpg\",\"width\":303,\"height\":304,\"caption\":\"Istituto di Ricerca Prout\"},\"image\":{\"@id\":\"https:\/\/irprout.it\/#\/schema\/logo\/image\/\"}}]}<\/script>\n<!-- \/ Yoast SEO plugin. -->","yoast_head_json":{"title":"FONDAMENTI TEORICI PROUT - Istituto di Ricerca Prout","robots":{"index":"index","follow":"follow","max-snippet":"max-snippet:-1","max-image-preview":"max-image-preview:large","max-video-preview":"max-video-preview:-1"},"canonical":"https:\/\/irprout.it\/?page_id=4643","og_locale":"it_IT","og_type":"article","og_title":"FONDAMENTI TEORICI PROUT - Istituto di Ricerca Prout","og_description":"[vc_row][vc_column][vc_empty_space height=&#8221;20px&#8221;][\/vc_column][\/vc_row][vc_row][vc_column css=&#8221;.vc_custom_1580226467420{background-color: #f4f49a !important;}&#8221;][vc_column_text css=&#8221;.vc_custom_1580226531857{margin-left: 10px !important;}&#8221;]Fondamenti Teorici PROUT[\/vc_column_text][\/vc_column][\/vc_row][vc_row][vc_column][vc_separator border_width=&#8221;3&#8243;][\/vc_column][\/vc_row][vc_row][vc_column width=&#8221;1\/2&#8243;][vc_single_image image=&#8221;4666&#8243; img_size=&#8221;223&#215;180&#8243; onclick=&#8221;custom_link&#8221; link=&#8221;https:\/\/irprout.it\/?page_id=2333&#8243;][\/vc_column][vc_column width=&#8221;1\/2&#8243;][vc_column_text css=&#8221;.vc_custom_1580324023593{margin-left: -105px !important;}&#8221;]Concetto di Progresso e Risorse Il termine progresso denota un miglioramento di natura soggettiva. Scienza e tecnologia aiutano l&#8217;avanzamento sociale, economico, di tipo oggettivo ma non il progresso perch\u00e9 ogni beneficio &hellip; Continua a leggere","og_url":"https:\/\/irprout.it\/?page_id=4643","og_site_name":"Istituto di Ricerca Prout","article_modified_time":"2020-05-05T17:26:00+00:00","twitter_misc":{"Tempo di lettura stimato":"3 minuti"},"schema":{"@context":"https:\/\/schema.org","@graph":[{"@type":"WebPage","@id":"https:\/\/irprout.it\/?page_id=4643","url":"https:\/\/irprout.it\/?page_id=4643","name":"FONDAMENTI TEORICI PROUT - Istituto di Ricerca Prout","isPartOf":{"@id":"https:\/\/irprout.it\/#website"},"datePublished":"2020-01-18T18:54:36+00:00","dateModified":"2020-05-05T17:26:00+00:00","breadcrumb":{"@id":"https:\/\/irprout.it\/?page_id=4643#breadcrumb"},"inLanguage":"it-IT","potentialAction":[{"@type":"ReadAction","target":["https:\/\/irprout.it\/?page_id=4643"]}]},{"@type":"BreadcrumbList","@id":"https:\/\/irprout.it\/?page_id=4643#breadcrumb","itemListElement":[{"@type":"ListItem","position":1,"name":"Home","item":"https:\/\/irprout.it\/"},{"@type":"ListItem","position":2,"name":"FONDAMENTI TEORICI PROUT"}]},{"@type":"WebSite","@id":"https:\/\/irprout.it\/#website","url":"https:\/\/irprout.it\/","name":"Istituto di Ricerca Prout","description":"Istituto di Ricerca Prout","publisher":{"@id":"https:\/\/irprout.it\/#organization"},"potentialAction":[{"@type":"SearchAction","target":{"@type":"EntryPoint","urlTemplate":"https:\/\/irprout.it\/?s={search_term_string}"},"query-input":{"@type":"PropertyValueSpecification","valueRequired":true,"valueName":"search_term_string"}}],"inLanguage":"it-IT"},{"@type":"Organization","@id":"https:\/\/irprout.it\/#organization","name":"Istituto di Ricerca Prout","url":"https:\/\/irprout.it\/","logo":{"@type":"ImageObject","inLanguage":"it-IT","@id":"https:\/\/irprout.it\/#\/schema\/logo\/image\/","url":"http:\/\/irprout.it\/wp-content\/uploads\/2014\/10\/logo_IRP_albero300Cor.jpg","contentUrl":"http:\/\/irprout.it\/wp-content\/uploads\/2014\/10\/logo_IRP_albero300Cor.jpg","width":303,"height":304,"caption":"Istituto di Ricerca Prout"},"image":{"@id":"https:\/\/irprout.it\/#\/schema\/logo\/image\/"}}]}},"_links":{"self":[{"href":"https:\/\/irprout.it\/index.php?rest_route=\/wp\/v2\/pages\/4643","targetHints":{"allow":["GET"]}}],"collection":[{"href":"https:\/\/irprout.it\/index.php?rest_route=\/wp\/v2\/pages"}],"about":[{"href":"https:\/\/irprout.it\/index.php?rest_route=\/wp\/v2\/types\/page"}],"author":[{"embeddable":true,"href":"https:\/\/irprout.it\/index.php?rest_route=\/wp\/v2\/users\/3"}],"replies":[{"embeddable":true,"href":"https:\/\/irprout.it\/index.php?rest_route=%2Fwp%2Fv2%2Fcomments&post=4643"}],"version-history":[{"count":14,"href":"https:\/\/irprout.it\/index.php?rest_route=\/wp\/v2\/pages\/4643\/revisions"}],"predecessor-version":[{"id":5670,"href":"https:\/\/irprout.it\/index.php?rest_route=\/wp\/v2\/pages\/4643\/revisions\/5670"}],"wp:attachment":[{"href":"https:\/\/irprout.it\/index.php?rest_route=%2Fwp%2Fv2%2Fmedia&parent=4643"}],"curies":[{"name":"wp","href":"https:\/\/api.w.org\/{rel}","templated":true}]}}