{"id":467,"date":"2014-10-14T15:53:50","date_gmt":"2014-10-14T15:53:50","guid":{"rendered":"http:\/\/irprout.it\/?page_id=467"},"modified":"2024-02-29T18:51:39","modified_gmt":"2024-02-29T17:51:39","slug":"eventi","status":"publish","type":"page","link":"https:\/\/irprout.it\/?page_id=467","title":{"rendered":"EVENTI"},"content":{"rendered":"<div class=\"wpb-content-wrapper\"><p>[vc_row][vc_column][vc_column_text]<span style=\"font-size: 28pt; color: #ffffff; background-color: #99cc00;\"><strong>&nbsp;eventi&nbsp;<\/strong><\/span><\/p>\n<p><span style=\"color: #000000;\">Sono raccolti eventi di diversa natura, realizzati su iniziativa IRP o in cui IRP ha partecipato<\/span>[\/vc_column_text][\/vc_column][\/vc_row][vc_row][vc_column][vc_separator color=&#8221;green&#8221; style=&#8221;shadow&#8221; border_width=&#8221;2&#8243; css=&#8221;.vc_custom_1709228135004{margin-top: -10px !important;}&#8221;][\/vc_column][\/vc_row][vc_row][vc_column width=&#8221;1\/2&#8243;][vc_single_image image=&#8221;6763&#8243; img_size=&#8221;full&#8221; style=&#8221;vc_box_border&#8221; border_color=&#8221;orange&#8221; onclick=&#8221;custom_link&#8221; link=&#8221;https:\/\/irprout.it\/?p=6755&#8243;][\/vc_column][vc_column width=&#8221;1\/2&#8243;][vc_custom_heading text=&#8221;T\u00e8, Amore e il Mondo&#8221; font_container=&#8221;tag:h2|text_align:left|color:%23e06d08&#8243; google_fonts=&#8221;font_family:Anton%3Aregular|font_style:400%20regular%3A400%3Anormal&#8221; link=&#8221;url:https%3A%2F%2Firprout.it%2F%3Fp%3D6755|title:T%C3%A8%2C%20Amore%20e%20il%20Mondo&#8221;][vc_column_text]<span style=\"color: #ff6600;\"><strong><span style=\"font-family: Roboto, sans-serif;\">Evento organizzato dall&#8217;Ass.ne ESPERANTISTI &#8220;Giorgio Canuto&#8221; di Parma<\/span><\/strong><\/span>. In giro per il Mondo: come si prepara il Th\u00e8, le bandiere, le lingue, le espressioni culturali. Un caleidoscopio della stessa umanit\u00e0, dalle espressioni pi\u00f9 svariate. Dice P.R. Sarkar: &#8220;<strong>L&#8217;umanit\u00e0 \u00e8 come un giardino fiorito, bella perch\u00e9 vi \u00e8 sia la variet\u00e0 che i pi\u00f9 disparati colori<\/strong>&#8220;.&nbsp;[\/vc_column_text][\/vc_column][\/vc_row]<\/p>\n<\/div>","protected":false},"excerpt":{"rendered":"<p>[vc_row][vc_column][vc_column_text]&nbsp;eventi&nbsp; Sono raccolti eventi di diversa natura, realizzati su iniziativa IRP o in cui IRP ha partecipato[\/vc_column_text][\/vc_column][\/vc_row][vc_row][vc_column][vc_separator color=&#8221;green&#8221; style=&#8221;shadow&#8221; border_width=&#8221;2&#8243; css=&#8221;.vc_custom_1709228135004{margin-top: -10px !important;}&#8221;][\/vc_column][\/vc_row][vc_row][vc_column width=&#8221;1\/2&#8243;][vc_single_image image=&#8221;6763&#8243; img_size=&#8221;full&#8221; style=&#8221;vc_box_border&#8221; border_color=&#8221;orange&#8221; onclick=&#8221;custom_link&#8221; link=&#8221;https:\/\/irprout.it\/?p=6755&#8243;][\/vc_column][vc_column width=&#8221;1\/2&#8243;][vc_custom_heading text=&#8221;T\u00e8, Amore e il Mondo&#8221; font_container=&#8221;tag:h2|text_align:left|color:%23e06d08&#8243; google_fonts=&#8221;font_family:Anton%3Aregular|font_style:400%20regular%3A400%3Anormal&#8221; link=&#8221;url:https%3A%2F%2Firprout.it%2F%3Fp%3D6755|title:T%C3%A8%2C%20Amore%20e%20il%20Mondo&#8221;][vc_column_text]Evento organizzato dall&#8217;Ass.ne ESPERANTISTI &#8220;Giorgio Canuto&#8221; di Parma. In giro per il <span class=\"excerpt-dots\">&hellip;<\/span> <a class=\"more-link\" href=\"https:\/\/irprout.it\/?page_id=467\"><span class=\"more-msg\">Continua a leggere<\/span><\/a><\/p>\n","protected":false},"author":3,"featured_media":0,"parent":0,"menu_order":0,"comment_status":"closed","ping_status":"closed","template":"","meta":{"ngg_post_thumbnail":0,"footnotes":""},"class_list":["post-467","page","type-page","status-publish","hentry"],"yoast_head":"<!-- This site is optimized with the Yoast SEO plugin v26.6 - https:\/\/yoast.com\/wordpress\/plugins\/seo\/ -->\n<title>EVENTI - Istituto di Ricerca Prout<\/title>\n<meta name=\"robots\" content=\"index, follow, max-snippet:-1, max-image-preview:large, max-video-preview:-1\" \/>\n<link rel=\"canonical\" href=\"https:\/\/irprout.it\/?page_id=467\" \/>\n<meta property=\"og:locale\" content=\"it_IT\" \/>\n<meta property=\"og:type\" content=\"article\" \/>\n<meta property=\"og:title\" content=\"EVENTI - Istituto di Ricerca Prout\" \/>\n<meta property=\"og:description\" content=\"[vc_row][vc_column][vc_column_text]&nbsp;eventi&nbsp; Sono raccolti eventi di diversa natura, realizzati su iniziativa IRP o in cui IRP ha partecipato[\/vc_column_text][\/vc_column][\/vc_row][vc_row][vc_column][vc_separator color=&#8221;green&#8221; style=&#8221;shadow&#8221; border_width=&#8221;2&#8243; css=&#8221;.vc_custom_1709228135004{margin-top: -10px !important;}&#8221;][\/vc_column][\/vc_row][vc_row][vc_column width=&#8221;1\/2&#8243;][vc_single_image image=&#8221;6763&#8243; img_size=&#8221;full&#8221; style=&#8221;vc_box_border&#8221; border_color=&#8221;orange&#8221; onclick=&#8221;custom_link&#8221; link=&#8221;https:\/\/irprout.it\/?p=6755&#8243;][\/vc_column][vc_column width=&#8221;1\/2&#8243;][vc_custom_heading text=&#8221;T\u00e8, Amore e il Mondo&#8221; font_container=&#8221;tag:h2|text_align:left|color:%23e06d08&#8243; google_fonts=&#8221;font_family:Anton%3Aregular|font_style:400%20regular%3A400%3Anormal&#8221; link=&#8221;url:https%3A%2F%2Firprout.it%2F%3Fp%3D6755|title:T%C3%A8%2C%20Amore%20e%20il%20Mondo&#8221;][vc_column_text]Evento organizzato dall&#8217;Ass.ne ESPERANTISTI &#8220;Giorgio Canuto&#8221; di Parma. In giro per il &hellip; Continua a leggere\" \/>\n<meta property=\"og:url\" content=\"https:\/\/irprout.it\/?page_id=467\" \/>\n<meta property=\"og:site_name\" content=\"Istituto di Ricerca Prout\" \/>\n<meta property=\"article:modified_time\" content=\"2024-02-29T17:51:39+00:00\" \/>\n<meta name=\"twitter:label1\" content=\"Tempo di lettura stimato\" \/>\n\t<meta name=\"twitter:data1\" content=\"1 minuto\" \/>\n<script type=\"application\/ld+json\" class=\"yoast-schema-graph\">{\"@context\":\"https:\/\/schema.org\",\"@graph\":[{\"@type\":\"WebPage\",\"@id\":\"https:\/\/irprout.it\/?page_id=467\",\"url\":\"https:\/\/irprout.it\/?page_id=467\",\"name\":\"EVENTI - Istituto di Ricerca Prout\",\"isPartOf\":{\"@id\":\"https:\/\/irprout.it\/#website\"},\"datePublished\":\"2014-10-14T15:53:50+00:00\",\"dateModified\":\"2024-02-29T17:51:39+00:00\",\"breadcrumb\":{\"@id\":\"https:\/\/irprout.it\/?page_id=467#breadcrumb\"},\"inLanguage\":\"it-IT\",\"potentialAction\":[{\"@type\":\"ReadAction\",\"target\":[\"https:\/\/irprout.it\/?page_id=467\"]}]},{\"@type\":\"BreadcrumbList\",\"@id\":\"https:\/\/irprout.it\/?page_id=467#breadcrumb\",\"itemListElement\":[{\"@type\":\"ListItem\",\"position\":1,\"name\":\"Home\",\"item\":\"https:\/\/irprout.it\/\"},{\"@type\":\"ListItem\",\"position\":2,\"name\":\"EVENTI\"}]},{\"@type\":\"WebSite\",\"@id\":\"https:\/\/irprout.it\/#website\",\"url\":\"https:\/\/irprout.it\/\",\"name\":\"Istituto di Ricerca Prout\",\"description\":\"Istituto di Ricerca Prout\",\"publisher\":{\"@id\":\"https:\/\/irprout.it\/#organization\"},\"potentialAction\":[{\"@type\":\"SearchAction\",\"target\":{\"@type\":\"EntryPoint\",\"urlTemplate\":\"https:\/\/irprout.it\/?s={search_term_string}\"},\"query-input\":{\"@type\":\"PropertyValueSpecification\",\"valueRequired\":true,\"valueName\":\"search_term_string\"}}],\"inLanguage\":\"it-IT\"},{\"@type\":\"Organization\",\"@id\":\"https:\/\/irprout.it\/#organization\",\"name\":\"Istituto di Ricerca Prout\",\"url\":\"https:\/\/irprout.it\/\",\"logo\":{\"@type\":\"ImageObject\",\"inLanguage\":\"it-IT\",\"@id\":\"https:\/\/irprout.it\/#\/schema\/logo\/image\/\",\"url\":\"http:\/\/irprout.it\/wp-content\/uploads\/2014\/10\/logo_IRP_albero300Cor.jpg\",\"contentUrl\":\"http:\/\/irprout.it\/wp-content\/uploads\/2014\/10\/logo_IRP_albero300Cor.jpg\",\"width\":303,\"height\":304,\"caption\":\"Istituto di Ricerca Prout\"},\"image\":{\"@id\":\"https:\/\/irprout.it\/#\/schema\/logo\/image\/\"}}]}<\/script>\n<!-- \/ Yoast SEO plugin. -->","yoast_head_json":{"title":"EVENTI - Istituto di Ricerca Prout","robots":{"index":"index","follow":"follow","max-snippet":"max-snippet:-1","max-image-preview":"max-image-preview:large","max-video-preview":"max-video-preview:-1"},"canonical":"https:\/\/irprout.it\/?page_id=467","og_locale":"it_IT","og_type":"article","og_title":"EVENTI - Istituto di Ricerca Prout","og_description":"[vc_row][vc_column][vc_column_text]&nbsp;eventi&nbsp; Sono raccolti eventi di diversa natura, realizzati su iniziativa IRP o in cui IRP ha partecipato[\/vc_column_text][\/vc_column][\/vc_row][vc_row][vc_column][vc_separator color=&#8221;green&#8221; style=&#8221;shadow&#8221; border_width=&#8221;2&#8243; css=&#8221;.vc_custom_1709228135004{margin-top: -10px !important;}&#8221;][\/vc_column][\/vc_row][vc_row][vc_column width=&#8221;1\/2&#8243;][vc_single_image image=&#8221;6763&#8243; img_size=&#8221;full&#8221; style=&#8221;vc_box_border&#8221; border_color=&#8221;orange&#8221; onclick=&#8221;custom_link&#8221; link=&#8221;https:\/\/irprout.it\/?p=6755&#8243;][\/vc_column][vc_column width=&#8221;1\/2&#8243;][vc_custom_heading text=&#8221;T\u00e8, Amore e il Mondo&#8221; font_container=&#8221;tag:h2|text_align:left|color:%23e06d08&#8243; google_fonts=&#8221;font_family:Anton%3Aregular|font_style:400%20regular%3A400%3Anormal&#8221; link=&#8221;url:https%3A%2F%2Firprout.it%2F%3Fp%3D6755|title:T%C3%A8%2C%20Amore%20e%20il%20Mondo&#8221;][vc_column_text]Evento organizzato dall&#8217;Ass.ne ESPERANTISTI &#8220;Giorgio Canuto&#8221; di Parma. In giro per il &hellip; Continua a leggere","og_url":"https:\/\/irprout.it\/?page_id=467","og_site_name":"Istituto di Ricerca Prout","article_modified_time":"2024-02-29T17:51:39+00:00","twitter_misc":{"Tempo di lettura stimato":"1 minuto"},"schema":{"@context":"https:\/\/schema.org","@graph":[{"@type":"WebPage","@id":"https:\/\/irprout.it\/?page_id=467","url":"https:\/\/irprout.it\/?page_id=467","name":"EVENTI - Istituto di Ricerca Prout","isPartOf":{"@id":"https:\/\/irprout.it\/#website"},"datePublished":"2014-10-14T15:53:50+00:00","dateModified":"2024-02-29T17:51:39+00:00","breadcrumb":{"@id":"https:\/\/irprout.it\/?page_id=467#breadcrumb"},"inLanguage":"it-IT","potentialAction":[{"@type":"ReadAction","target":["https:\/\/irprout.it\/?page_id=467"]}]},{"@type":"BreadcrumbList","@id":"https:\/\/irprout.it\/?page_id=467#breadcrumb","itemListElement":[{"@type":"ListItem","position":1,"name":"Home","item":"https:\/\/irprout.it\/"},{"@type":"ListItem","position":2,"name":"EVENTI"}]},{"@type":"WebSite","@id":"https:\/\/irprout.it\/#website","url":"https:\/\/irprout.it\/","name":"Istituto di Ricerca Prout","description":"Istituto di Ricerca Prout","publisher":{"@id":"https:\/\/irprout.it\/#organization"},"potentialAction":[{"@type":"SearchAction","target":{"@type":"EntryPoint","urlTemplate":"https:\/\/irprout.it\/?s={search_term_string}"},"query-input":{"@type":"PropertyValueSpecification","valueRequired":true,"valueName":"search_term_string"}}],"inLanguage":"it-IT"},{"@type":"Organization","@id":"https:\/\/irprout.it\/#organization","name":"Istituto di Ricerca Prout","url":"https:\/\/irprout.it\/","logo":{"@type":"ImageObject","inLanguage":"it-IT","@id":"https:\/\/irprout.it\/#\/schema\/logo\/image\/","url":"http:\/\/irprout.it\/wp-content\/uploads\/2014\/10\/logo_IRP_albero300Cor.jpg","contentUrl":"http:\/\/irprout.it\/wp-content\/uploads\/2014\/10\/logo_IRP_albero300Cor.jpg","width":303,"height":304,"caption":"Istituto di Ricerca Prout"},"image":{"@id":"https:\/\/irprout.it\/#\/schema\/logo\/image\/"}}]}},"_links":{"self":[{"href":"https:\/\/irprout.it\/index.php?rest_route=\/wp\/v2\/pages\/467","targetHints":{"allow":["GET"]}}],"collection":[{"href":"https:\/\/irprout.it\/index.php?rest_route=\/wp\/v2\/pages"}],"about":[{"href":"https:\/\/irprout.it\/index.php?rest_route=\/wp\/v2\/types\/page"}],"author":[{"embeddable":true,"href":"https:\/\/irprout.it\/index.php?rest_route=\/wp\/v2\/users\/3"}],"replies":[{"embeddable":true,"href":"https:\/\/irprout.it\/index.php?rest_route=%2Fwp%2Fv2%2Fcomments&post=467"}],"version-history":[{"count":19,"href":"https:\/\/irprout.it\/index.php?rest_route=\/wp\/v2\/pages\/467\/revisions"}],"predecessor-version":[{"id":767,"href":"https:\/\/irprout.it\/index.php?rest_route=\/wp\/v2\/pages\/467\/revisions\/767"}],"wp:attachment":[{"href":"https:\/\/irprout.it\/index.php?rest_route=%2Fwp%2Fv2%2Fmedia&parent=467"}],"curies":[{"name":"wp","href":"https:\/\/api.w.org\/{rel}","templated":true}]}}