{"id":4687,"date":"2020-01-20T21:18:11","date_gmt":"2020-01-20T20:18:11","guid":{"rendered":"http:\/\/irprout.it\/?page_id=4687"},"modified":"2020-03-04T15:35:09","modified_gmt":"2020-03-04T14:35:09","slug":"4687-2","status":"publish","type":"page","link":"https:\/\/irprout.it\/?page_id=4687","title":{"rendered":"CONCETTI SOCIALI"},"content":{"rendered":"<div class=\"wpb-content-wrapper\"><p>[vc_row][vc_column][vc_column_text]<span style=\"color: #333333;\"><strong><span style=\"font-size: 24pt; font-family: Verdana, Geneva, sans-serif;\">Concetti Sociali<\/span><\/strong><\/span>[\/vc_column_text][\/vc_column][\/vc_row][vc_row][vc_column width=&#8221;1\/2&#8243;][vc_single_image image=&#8221;5204&#8243; img_size=&#8221;223&#215;180&#8243; style=&#8221;vc_box_border&#8221; onclick=&#8221;custom_link&#8221; link=&#8221;https:\/\/irprout.it\/?page_id=2201&#8243;][\/vc_column][vc_column width=&#8221;1\/2&#8243;][vc_column_text css=&#8221;.vc_custom_1583332481967{margin-top: 5px !important;margin-left: -105px !important;border-right-width: 5px !important;padding-left: 5px !important;background-color: #f7e7b2 !important;}&#8221;]<span style=\"color: #800080;\"><a style=\"color: #800080;\" href=\"https:\/\/irprout.it\/?page_id=2201\"><strong><span style=\"font-family: Verdana, Geneva, sans-serif; font-size: 16pt;\">I Diritti delle Donne<\/span><\/strong><\/a><br \/>\n<\/span><span style=\"color: #333333; font-size: 12pt;\"><strong>Se la societ\u00e0 stessa vuole avanzare, in uno spirito collettivo ed esprimere il suo pieno potenziale di vitalit\u00e0, \u00e8 indispensabile una stretta cooperazione tra i membri della societ\u00e0<\/strong>. \u201cQuesta cooperazione, invece di essere basata su un rapporto di padrone e servo, dovrebbe essere costruita in una calorosa e cordiale atmosfera di esseri umani liberi. Deve essere di tipo coordinato e non subordinato\u201d.<\/span>[\/vc_column_text][\/vc_column][\/vc_row][vc_row][vc_column][vc_separator border_width=&#8221;3&#8243;][\/vc_column][\/vc_row][vc_row][vc_column width=&#8221;1\/2&#8243;][vc_single_image image=&#8221;4690&#8243; img_size=&#8221;223&#215;180&#8243; style=&#8221;vc_box_border&#8221; onclick=&#8221;custom_link&#8221; link=&#8221;https:\/\/irprout.it\/?page_id=925&#8243;][\/vc_column][vc_column width=&#8221;1\/2&#8243;][vc_column_text css=&#8221;.vc_custom_1580323672765{margin-top: 5px !important;margin-left: -105px !important;}&#8221;]<span style=\"color: #000080;\"><strong><a href=\"https:\/\/irprout.it\/?page_id=925\"><span style=\"font-family: Verdana, Geneva, sans-serif; font-size: 16pt;\">Il<\/span><span style=\"font-family: Verdana, Geneva, sans-serif; font-size: 16pt;\"> concetto di Neo-Umanesimo<\/span><\/a><span style=\"font-family: Verdana, Geneva, sans-serif; font-size: 16pt;\"><br \/>\n<\/span><\/strong><\/span><span style=\"color: #808080; font-size: 12pt;\">Per neo-umanesimo P.R. Sarkar intende<strong> l\u2019espansione dell\u2019umanesimo generale, ad abbracciare gli interessi di ogni forma vivente (esseri umani, fauna, flora) e del mondo inanimato.<\/strong> Non vi \u00e8 sentimento relazionale con un raggio di azione pi\u00f9 ampio. Questo NU costituisce strumento per l\u2019unit\u00e0 umana, rispetto per le forme di vita e dell\u2019ambiente<\/span>[\/vc_column_text][\/vc_column][\/vc_row][vc_row][vc_column][vc_separator border_width=&#8221;3&#8243;][\/vc_column][\/vc_row][vc_row][vc_column width=&#8221;1\/2&#8243;][vc_single_image image=&#8221;4698&#8243; img_size=&#8221;223X180&#8243; style=&#8221;vc_box_border&#8221; border_color=&#8221;chino&#8221;][\/vc_column][vc_column width=&#8221;1\/2&#8243;][vc_column_text css=&#8221;.vc_custom_1580048817366{margin-top: 5px !important;margin-left: -105px !important;}&#8221;]<span style=\"color: #800000;\"><strong><span style=\"font-family: Verdana, Geneva, sans-serif; font-size: 16pt;\">No ai Dogmi<\/span><\/strong><\/span><br \/>\n<span style=\"font-size: 12pt; color: #808080;\">In passato, il dogma ha causato cos\u00ec tanti fastidi, il dogma ha creato cos\u00ec tante tendenze fissipare in questa societ\u00e0 umana. <strong>Il tuo slogan dovrebbe essere &#8220;Niente di pi\u00f9 Dogmi! Niente di pi\u00f9 Dogmi!&#8221;<\/strong>. Stabilitevi al di sopra dei confini del dogma e mantenetevi nell&#8217;eccellenza della gloria umana.<\/span>[\/vc_column_text][\/vc_column][\/vc_row][vc_row][vc_column][vc_separator border_width=&#8221;3&#8243;][\/vc_column][\/vc_row][vc_row][vc_column width=&#8221;1\/2&#8243;][vc_single_image image=&#8221;4695&#8243; img_size=&#8221;223&#215;180&#8243; style=&#8221;vc_box_border&#8221; border_color=&#8221;orange&#8221; onclick=&#8221;custom_link&#8221; link=&#8221;https:\/\/irprout.it\/?page_id=43&#8243;][\/vc_column][vc_column width=&#8221;1\/2&#8243;][vc_column_text css=&#8221;.vc_custom_1580049421817{margin-top: 5px !important;margin-left: -105px !important;}&#8221;]<a href=\"https:\/\/irprout.it\/?page_id=43\"><span style=\"font-size: 16pt; color: #993300;\"><strong><span style=\"font-family: Verdana, Geneva, sans-serif;\">Sistema Educativo Neo-Umanista<\/span><\/strong><\/span><\/a><br \/>\n<span style=\"color: #808080; font-size: 12pt;\"><strong>Il vero significato dell\u2019educazione \u00e8 lo sviluppo trilaterale<\/strong> \u2013 lo sviluppo simultaneo<strong> nei regni fisici, mentali e spirituali dell\u2019esistenza umana<\/strong>. Tale sviluppo dovrebbe migliorare il livello di integrazione della personalit\u00e0 umana. Di conseguenza si risveglieranno le potenzialit\u00e0 umane dormienti e potranno trovare un loro corretto uso.&nbsp;<\/span>[\/vc_column_text][\/vc_column][\/vc_row][vc_row][vc_column][vc_separator border_width=&#8221;3&#8243;][\/vc_column][\/vc_row][vc_row][vc_column width=&#8221;1\/2&#8243;][vc_single_image image=&#8221;4860&#8243; img_size=&#8221;223&#215;180&#8243; style=&#8221;vc_box_border&#8221; border_color=&#8221;green&#8221;][\/vc_column][vc_column width=&#8221;1\/2&#8243;][vc_column_text css=&#8221;.vc_custom_1583332214085{margin-top: 5px !important;margin-left: -105px !important;}&#8221;]<strong><span style=\"font-family: Verdana, Geneva, sans-serif; font-size: 16pt;\">La societ\u00e0 umana \u00e8 una e indivisibile<\/span><\/strong><br \/>\n<span style=\"font-size: 12pt; color: #808080;\">Ma oggi, a causa della superstizione, dei dogmatismi, il separatismo e tutti i tipi di &#8220;ismi&#8221;, la societ\u00e0 umana si sta dividendo in numerose parti. In questo contesto, <strong>per costruire una societ\u00e0 umana coesa \u00e8 necessario adottare il percorso della sintesi<\/strong>, che origina dalla psicologia di servizio e del benessere.<\/span>[\/vc_column_text][\/vc_column][\/vc_row][vc_row][vc_column][vc_zigzag][\/vc_column][\/vc_row]<\/p>\n<\/div>","protected":false},"excerpt":{"rendered":"<p>[vc_row][vc_column][vc_column_text]Concetti Sociali[\/vc_column_text][\/vc_column][\/vc_row][vc_row][vc_column width=&#8221;1\/2&#8243;][vc_single_image image=&#8221;5204&#8243; img_size=&#8221;223&#215;180&#8243; style=&#8221;vc_box_border&#8221; onclick=&#8221;custom_link&#8221; link=&#8221;https:\/\/irprout.it\/?page_id=2201&#8243;][\/vc_column][vc_column width=&#8221;1\/2&#8243;][vc_column_text css=&#8221;.vc_custom_1583332481967{margin-top: 5px !important;margin-left: -105px !important;border-right-width: 5px !important;padding-left: 5px !important;background-color: #f7e7b2 !important;}&#8221;]I Diritti delle Donne Se la societ\u00e0 stessa vuole avanzare, in uno spirito collettivo ed esprimere il suo pieno potenziale di vitalit\u00e0, \u00e8 indispensabile una stretta cooperazione tra i membri della <span class=\"excerpt-dots\">&hellip;<\/span> <a class=\"more-link\" href=\"https:\/\/irprout.it\/?page_id=4687\"><span class=\"more-msg\">Continua a leggere<\/span><\/a><\/p>\n","protected":false},"author":3,"featured_media":0,"parent":0,"menu_order":0,"comment_status":"closed","ping_status":"closed","template":"","meta":{"ngg_post_thumbnail":0,"footnotes":""},"class_list":["post-4687","page","type-page","status-publish","hentry"],"yoast_head":"<!-- This site is optimized with the Yoast SEO plugin v26.6 - https:\/\/yoast.com\/wordpress\/plugins\/seo\/ -->\n<title>CONCETTI SOCIALI - Istituto di Ricerca Prout<\/title>\n<meta name=\"robots\" content=\"index, follow, max-snippet:-1, max-image-preview:large, max-video-preview:-1\" \/>\n<link rel=\"canonical\" href=\"https:\/\/irprout.it\/?page_id=4687\" \/>\n<meta property=\"og:locale\" content=\"it_IT\" \/>\n<meta property=\"og:type\" content=\"article\" \/>\n<meta property=\"og:title\" content=\"CONCETTI SOCIALI - Istituto di Ricerca Prout\" \/>\n<meta property=\"og:description\" content=\"[vc_row][vc_column][vc_column_text]Concetti Sociali[\/vc_column_text][\/vc_column][\/vc_row][vc_row][vc_column width=&#8221;1\/2&#8243;][vc_single_image image=&#8221;5204&#8243; img_size=&#8221;223&#215;180&#8243; style=&#8221;vc_box_border&#8221; onclick=&#8221;custom_link&#8221; link=&#8221;https:\/\/irprout.it\/?page_id=2201&#8243;][\/vc_column][vc_column width=&#8221;1\/2&#8243;][vc_column_text css=&#8221;.vc_custom_1583332481967{margin-top: 5px !important;margin-left: -105px !important;border-right-width: 5px !important;padding-left: 5px !important;background-color: #f7e7b2 !important;}&#8221;]I Diritti delle Donne Se la societ\u00e0 stessa vuole avanzare, in uno spirito collettivo ed esprimere il suo pieno potenziale di vitalit\u00e0, \u00e8 indispensabile una stretta cooperazione tra i membri della &hellip; Continua a leggere\" \/>\n<meta property=\"og:url\" content=\"https:\/\/irprout.it\/?page_id=4687\" \/>\n<meta property=\"og:site_name\" content=\"Istituto di Ricerca Prout\" \/>\n<meta property=\"article:modified_time\" content=\"2020-03-04T14:35:09+00:00\" \/>\n<meta name=\"twitter:label1\" content=\"Tempo di lettura stimato\" \/>\n\t<meta name=\"twitter:data1\" content=\"3 minuti\" \/>\n<script type=\"application\/ld+json\" class=\"yoast-schema-graph\">{\"@context\":\"https:\/\/schema.org\",\"@graph\":[{\"@type\":\"WebPage\",\"@id\":\"https:\/\/irprout.it\/?page_id=4687\",\"url\":\"https:\/\/irprout.it\/?page_id=4687\",\"name\":\"CONCETTI SOCIALI - Istituto di Ricerca Prout\",\"isPartOf\":{\"@id\":\"https:\/\/irprout.it\/#website\"},\"datePublished\":\"2020-01-20T20:18:11+00:00\",\"dateModified\":\"2020-03-04T14:35:09+00:00\",\"breadcrumb\":{\"@id\":\"https:\/\/irprout.it\/?page_id=4687#breadcrumb\"},\"inLanguage\":\"it-IT\",\"potentialAction\":[{\"@type\":\"ReadAction\",\"target\":[\"https:\/\/irprout.it\/?page_id=4687\"]}]},{\"@type\":\"BreadcrumbList\",\"@id\":\"https:\/\/irprout.it\/?page_id=4687#breadcrumb\",\"itemListElement\":[{\"@type\":\"ListItem\",\"position\":1,\"name\":\"Home\",\"item\":\"https:\/\/irprout.it\/\"},{\"@type\":\"ListItem\",\"position\":2,\"name\":\"CONCETTI SOCIALI\"}]},{\"@type\":\"WebSite\",\"@id\":\"https:\/\/irprout.it\/#website\",\"url\":\"https:\/\/irprout.it\/\",\"name\":\"Istituto di Ricerca Prout\",\"description\":\"Istituto di Ricerca Prout\",\"publisher\":{\"@id\":\"https:\/\/irprout.it\/#organization\"},\"potentialAction\":[{\"@type\":\"SearchAction\",\"target\":{\"@type\":\"EntryPoint\",\"urlTemplate\":\"https:\/\/irprout.it\/?s={search_term_string}\"},\"query-input\":{\"@type\":\"PropertyValueSpecification\",\"valueRequired\":true,\"valueName\":\"search_term_string\"}}],\"inLanguage\":\"it-IT\"},{\"@type\":\"Organization\",\"@id\":\"https:\/\/irprout.it\/#organization\",\"name\":\"Istituto di Ricerca Prout\",\"url\":\"https:\/\/irprout.it\/\",\"logo\":{\"@type\":\"ImageObject\",\"inLanguage\":\"it-IT\",\"@id\":\"https:\/\/irprout.it\/#\/schema\/logo\/image\/\",\"url\":\"http:\/\/irprout.it\/wp-content\/uploads\/2014\/10\/logo_IRP_albero300Cor.jpg\",\"contentUrl\":\"http:\/\/irprout.it\/wp-content\/uploads\/2014\/10\/logo_IRP_albero300Cor.jpg\",\"width\":303,\"height\":304,\"caption\":\"Istituto di Ricerca Prout\"},\"image\":{\"@id\":\"https:\/\/irprout.it\/#\/schema\/logo\/image\/\"}}]}<\/script>\n<!-- \/ Yoast SEO plugin. -->","yoast_head_json":{"title":"CONCETTI SOCIALI - Istituto di Ricerca Prout","robots":{"index":"index","follow":"follow","max-snippet":"max-snippet:-1","max-image-preview":"max-image-preview:large","max-video-preview":"max-video-preview:-1"},"canonical":"https:\/\/irprout.it\/?page_id=4687","og_locale":"it_IT","og_type":"article","og_title":"CONCETTI SOCIALI - Istituto di Ricerca Prout","og_description":"[vc_row][vc_column][vc_column_text]Concetti Sociali[\/vc_column_text][\/vc_column][\/vc_row][vc_row][vc_column width=&#8221;1\/2&#8243;][vc_single_image image=&#8221;5204&#8243; img_size=&#8221;223&#215;180&#8243; style=&#8221;vc_box_border&#8221; onclick=&#8221;custom_link&#8221; link=&#8221;https:\/\/irprout.it\/?page_id=2201&#8243;][\/vc_column][vc_column width=&#8221;1\/2&#8243;][vc_column_text css=&#8221;.vc_custom_1583332481967{margin-top: 5px !important;margin-left: -105px !important;border-right-width: 5px !important;padding-left: 5px !important;background-color: #f7e7b2 !important;}&#8221;]I Diritti delle Donne Se la societ\u00e0 stessa vuole avanzare, in uno spirito collettivo ed esprimere il suo pieno potenziale di vitalit\u00e0, \u00e8 indispensabile una stretta cooperazione tra i membri della &hellip; Continua a leggere","og_url":"https:\/\/irprout.it\/?page_id=4687","og_site_name":"Istituto di Ricerca Prout","article_modified_time":"2020-03-04T14:35:09+00:00","twitter_misc":{"Tempo di lettura stimato":"3 minuti"},"schema":{"@context":"https:\/\/schema.org","@graph":[{"@type":"WebPage","@id":"https:\/\/irprout.it\/?page_id=4687","url":"https:\/\/irprout.it\/?page_id=4687","name":"CONCETTI SOCIALI - Istituto di Ricerca Prout","isPartOf":{"@id":"https:\/\/irprout.it\/#website"},"datePublished":"2020-01-20T20:18:11+00:00","dateModified":"2020-03-04T14:35:09+00:00","breadcrumb":{"@id":"https:\/\/irprout.it\/?page_id=4687#breadcrumb"},"inLanguage":"it-IT","potentialAction":[{"@type":"ReadAction","target":["https:\/\/irprout.it\/?page_id=4687"]}]},{"@type":"BreadcrumbList","@id":"https:\/\/irprout.it\/?page_id=4687#breadcrumb","itemListElement":[{"@type":"ListItem","position":1,"name":"Home","item":"https:\/\/irprout.it\/"},{"@type":"ListItem","position":2,"name":"CONCETTI SOCIALI"}]},{"@type":"WebSite","@id":"https:\/\/irprout.it\/#website","url":"https:\/\/irprout.it\/","name":"Istituto di Ricerca Prout","description":"Istituto di Ricerca Prout","publisher":{"@id":"https:\/\/irprout.it\/#organization"},"potentialAction":[{"@type":"SearchAction","target":{"@type":"EntryPoint","urlTemplate":"https:\/\/irprout.it\/?s={search_term_string}"},"query-input":{"@type":"PropertyValueSpecification","valueRequired":true,"valueName":"search_term_string"}}],"inLanguage":"it-IT"},{"@type":"Organization","@id":"https:\/\/irprout.it\/#organization","name":"Istituto di Ricerca Prout","url":"https:\/\/irprout.it\/","logo":{"@type":"ImageObject","inLanguage":"it-IT","@id":"https:\/\/irprout.it\/#\/schema\/logo\/image\/","url":"http:\/\/irprout.it\/wp-content\/uploads\/2014\/10\/logo_IRP_albero300Cor.jpg","contentUrl":"http:\/\/irprout.it\/wp-content\/uploads\/2014\/10\/logo_IRP_albero300Cor.jpg","width":303,"height":304,"caption":"Istituto di Ricerca Prout"},"image":{"@id":"https:\/\/irprout.it\/#\/schema\/logo\/image\/"}}]}},"_links":{"self":[{"href":"https:\/\/irprout.it\/index.php?rest_route=\/wp\/v2\/pages\/4687","targetHints":{"allow":["GET"]}}],"collection":[{"href":"https:\/\/irprout.it\/index.php?rest_route=\/wp\/v2\/pages"}],"about":[{"href":"https:\/\/irprout.it\/index.php?rest_route=\/wp\/v2\/types\/page"}],"author":[{"embeddable":true,"href":"https:\/\/irprout.it\/index.php?rest_route=\/wp\/v2\/users\/3"}],"replies":[{"embeddable":true,"href":"https:\/\/irprout.it\/index.php?rest_route=%2Fwp%2Fv2%2Fcomments&post=4687"}],"version-history":[{"count":17,"href":"https:\/\/irprout.it\/index.php?rest_route=\/wp\/v2\/pages\/4687\/revisions"}],"predecessor-version":[{"id":5209,"href":"https:\/\/irprout.it\/index.php?rest_route=\/wp\/v2\/pages\/4687\/revisions\/5209"}],"wp:attachment":[{"href":"https:\/\/irprout.it\/index.php?rest_route=%2Fwp%2Fv2%2Fmedia&parent=4687"}],"curies":[{"name":"wp","href":"https:\/\/api.w.org\/{rel}","templated":true}]}}