{"id":4849,"date":"2020-01-25T17:58:46","date_gmt":"2020-01-25T16:58:46","guid":{"rendered":"http:\/\/irprout.it\/?page_id=4849"},"modified":"2022-06-28T15:23:37","modified_gmt":"2022-06-28T14:23:37","slug":"giustizia-2","status":"publish","type":"page","link":"https:\/\/irprout.it\/?page_id=4849","title":{"rendered":"GIUSTIZIA"},"content":{"rendered":"<div class=\"wpb-content-wrapper\"><p>[vc_row][vc_column][vc_empty_space height=&#8221;20px&#8221;][\/vc_column][\/vc_row][vc_row][vc_column][vc_column_text]<span style=\"font-family: Verdana, Geneva, sans-serif; font-size: 20pt; background-color: #c7c5c5;\"><strong>&nbsp;RIFORMA DELLA GIUSTIZIA<\/strong>&nbsp;<\/span>[\/vc_column_text][\/vc_column][\/vc_row][vc_row][vc_column][vc_separator border_width=&#8221;3&#8243;][\/vc_column][\/vc_row][vc_row][vc_column width=&#8221;1\/2&#8243;][vc_single_image image=&#8221;4851&#8243; img_size=&#8221;223&#215;180&#8243; style=&#8221;vc_box_border&#8221; onclick=&#8221;custom_link&#8221; link=&#8221;https:\/\/irprout.it\/?page_id=297&#8243;][\/vc_column][vc_column width=&#8221;1\/2&#8243;][vc_column_text css=&#8221;.vc_custom_1580323114026{margin-top: 5px !important;margin-left: -115px !important;}&#8221;]<span style=\"font-family: Verdana, Geneva, sans-serif;\"><a href=\"https:\/\/irprout.it\/?page_id=297\"><span style=\"font-size: 16pt; background-color: #e3e3e3;\"><strong>&nbsp;Riforma della Giustizia&nbsp;<\/strong><\/span><\/a><br \/>\n<span style=\"color: #808080; font-family: Asap, sans-serif; font-size: 14pt;\"><strong>P.R. Sarkar propone una profonda riforma del Codice Penale, del ruolo del Giudice, della Giuria<\/strong>. Oltre alla nuova definizione dei profili Criminali e delle azioni Correttive. Il Termine Penale deve essere eliminato dal lessico sociale, dobbiamo adottare MISURE CORRETTIVE, non PUNITIVE.<\/span><\/span>[\/vc_column_text][\/vc_column][\/vc_row][vc_row][vc_column width=&#8221;1\/2&#8243;][vc_single_image image=&#8221;6379&#8243; img_size=&#8221;223&#215;180&#8243; style=&#8221;vc_box_border&#8221; border_color=&#8221;orange&#8221; onclick=&#8221;custom_link&#8221; link=&#8221;https:\/\/irprout.it\/?page_id=2201&#8243;][\/vc_column][vc_column width=&#8221;1\/2&#8243;][vc_column_text css=&#8221;.vc_custom_1656426180216{margin-top: 5px !important;margin-left: -115px !important;}&#8221;]<span style=\"font-family: Verdana, Geneva, sans-serif;\"><a href=\"https:\/\/irprout.it\/?page_id=2201\"><span style=\"font-size: 16pt; background-color: #e3e3e3;\"><strong>&nbsp;I Diritti delle Donne&nbsp;<\/strong><\/span><\/a><br \/>\n<span style=\"color: #808080; font-family: Asap, sans-serif; font-size: 14pt;\">Se la societ\u00e0 stessa vuole avanzare in uno spirito collettivo ed esprimere il suo pieno potenziale di vitalit\u00e0, \u00e8 indispensabile una stretta cooperazione tra i membri della societ\u00e0.<br \/>\n\u201cQuesta cooperazione, invece di essere basata su un rapporto di padrone e servo, dovrebbe essere costruita in una calorosa e cordiale atmosfera di esseri umani liberi. Deve essere di tipo coordinato e non subordinato\u201d. (P.R. Sarkar).<\/span><\/span>[\/vc_column_text][\/vc_column][\/vc_row]<\/p>\n<\/div>","protected":false},"excerpt":{"rendered":"<p>[vc_row][vc_column][vc_empty_space height=&#8221;20px&#8221;][\/vc_column][\/vc_row][vc_row][vc_column][vc_column_text]&nbsp;RIFORMA DELLA GIUSTIZIA&nbsp;[\/vc_column_text][\/vc_column][\/vc_row][vc_row][vc_column][vc_separator border_width=&#8221;3&#8243;][\/vc_column][\/vc_row][vc_row][vc_column width=&#8221;1\/2&#8243;][vc_single_image image=&#8221;4851&#8243; img_size=&#8221;223&#215;180&#8243; style=&#8221;vc_box_border&#8221; onclick=&#8221;custom_link&#8221; link=&#8221;https:\/\/irprout.it\/?page_id=297&#8243;][\/vc_column][vc_column width=&#8221;1\/2&#8243;][vc_column_text css=&#8221;.vc_custom_1580323114026{margin-top: 5px !important;margin-left: -115px !important;}&#8221;]&nbsp;Riforma della Giustizia&nbsp; P.R. Sarkar propone una profonda riforma del Codice Penale, del ruolo del Giudice, della Giuria. Oltre alla nuova definizione dei profili Criminali e delle azioni Correttive. Il Termine Penale deve essere <span class=\"excerpt-dots\">&hellip;<\/span> <a class=\"more-link\" href=\"https:\/\/irprout.it\/?page_id=4849\"><span class=\"more-msg\">Continua a leggere<\/span><\/a><\/p>\n","protected":false},"author":3,"featured_media":0,"parent":0,"menu_order":0,"comment_status":"closed","ping_status":"closed","template":"","meta":{"ngg_post_thumbnail":0,"footnotes":""},"class_list":["post-4849","page","type-page","status-publish","hentry"],"yoast_head":"<!-- This site is optimized with the Yoast SEO plugin v26.6 - https:\/\/yoast.com\/wordpress\/plugins\/seo\/ -->\n<title>GIUSTIZIA - Istituto di Ricerca Prout<\/title>\n<meta name=\"robots\" content=\"index, follow, max-snippet:-1, max-image-preview:large, max-video-preview:-1\" \/>\n<link rel=\"canonical\" href=\"https:\/\/irprout.it\/?page_id=4849\" \/>\n<meta property=\"og:locale\" content=\"it_IT\" \/>\n<meta property=\"og:type\" content=\"article\" \/>\n<meta property=\"og:title\" content=\"GIUSTIZIA - Istituto di Ricerca Prout\" \/>\n<meta property=\"og:description\" content=\"[vc_row][vc_column][vc_empty_space height=&#8221;20px&#8221;][\/vc_column][\/vc_row][vc_row][vc_column][vc_column_text]&nbsp;RIFORMA DELLA GIUSTIZIA&nbsp;[\/vc_column_text][\/vc_column][\/vc_row][vc_row][vc_column][vc_separator border_width=&#8221;3&#8243;][\/vc_column][\/vc_row][vc_row][vc_column width=&#8221;1\/2&#8243;][vc_single_image image=&#8221;4851&#8243; img_size=&#8221;223&#215;180&#8243; style=&#8221;vc_box_border&#8221; onclick=&#8221;custom_link&#8221; link=&#8221;https:\/\/irprout.it\/?page_id=297&#8243;][\/vc_column][vc_column width=&#8221;1\/2&#8243;][vc_column_text css=&#8221;.vc_custom_1580323114026{margin-top: 5px !important;margin-left: -115px !important;}&#8221;]&nbsp;Riforma della Giustizia&nbsp; P.R. Sarkar propone una profonda riforma del Codice Penale, del ruolo del Giudice, della Giuria. Oltre alla nuova definizione dei profili Criminali e delle azioni Correttive. Il Termine Penale deve essere &hellip; Continua a leggere\" \/>\n<meta property=\"og:url\" content=\"https:\/\/irprout.it\/?page_id=4849\" \/>\n<meta property=\"og:site_name\" content=\"Istituto di Ricerca Prout\" \/>\n<meta property=\"article:modified_time\" content=\"2022-06-28T14:23:37+00:00\" \/>\n<meta name=\"twitter:label1\" content=\"Tempo di lettura stimato\" \/>\n\t<meta name=\"twitter:data1\" content=\"1 minuto\" \/>\n<script type=\"application\/ld+json\" class=\"yoast-schema-graph\">{\"@context\":\"https:\/\/schema.org\",\"@graph\":[{\"@type\":\"WebPage\",\"@id\":\"https:\/\/irprout.it\/?page_id=4849\",\"url\":\"https:\/\/irprout.it\/?page_id=4849\",\"name\":\"GIUSTIZIA - Istituto di Ricerca Prout\",\"isPartOf\":{\"@id\":\"https:\/\/irprout.it\/#website\"},\"datePublished\":\"2020-01-25T16:58:46+00:00\",\"dateModified\":\"2022-06-28T14:23:37+00:00\",\"breadcrumb\":{\"@id\":\"https:\/\/irprout.it\/?page_id=4849#breadcrumb\"},\"inLanguage\":\"it-IT\",\"potentialAction\":[{\"@type\":\"ReadAction\",\"target\":[\"https:\/\/irprout.it\/?page_id=4849\"]}]},{\"@type\":\"BreadcrumbList\",\"@id\":\"https:\/\/irprout.it\/?page_id=4849#breadcrumb\",\"itemListElement\":[{\"@type\":\"ListItem\",\"position\":1,\"name\":\"Home\",\"item\":\"https:\/\/irprout.it\/\"},{\"@type\":\"ListItem\",\"position\":2,\"name\":\"GIUSTIZIA\"}]},{\"@type\":\"WebSite\",\"@id\":\"https:\/\/irprout.it\/#website\",\"url\":\"https:\/\/irprout.it\/\",\"name\":\"Istituto di Ricerca Prout\",\"description\":\"Istituto di Ricerca Prout\",\"publisher\":{\"@id\":\"https:\/\/irprout.it\/#organization\"},\"potentialAction\":[{\"@type\":\"SearchAction\",\"target\":{\"@type\":\"EntryPoint\",\"urlTemplate\":\"https:\/\/irprout.it\/?s={search_term_string}\"},\"query-input\":{\"@type\":\"PropertyValueSpecification\",\"valueRequired\":true,\"valueName\":\"search_term_string\"}}],\"inLanguage\":\"it-IT\"},{\"@type\":\"Organization\",\"@id\":\"https:\/\/irprout.it\/#organization\",\"name\":\"Istituto di Ricerca Prout\",\"url\":\"https:\/\/irprout.it\/\",\"logo\":{\"@type\":\"ImageObject\",\"inLanguage\":\"it-IT\",\"@id\":\"https:\/\/irprout.it\/#\/schema\/logo\/image\/\",\"url\":\"http:\/\/irprout.it\/wp-content\/uploads\/2014\/10\/logo_IRP_albero300Cor.jpg\",\"contentUrl\":\"http:\/\/irprout.it\/wp-content\/uploads\/2014\/10\/logo_IRP_albero300Cor.jpg\",\"width\":303,\"height\":304,\"caption\":\"Istituto di Ricerca Prout\"},\"image\":{\"@id\":\"https:\/\/irprout.it\/#\/schema\/logo\/image\/\"}}]}<\/script>\n<!-- \/ Yoast SEO plugin. -->","yoast_head_json":{"title":"GIUSTIZIA - Istituto di Ricerca Prout","robots":{"index":"index","follow":"follow","max-snippet":"max-snippet:-1","max-image-preview":"max-image-preview:large","max-video-preview":"max-video-preview:-1"},"canonical":"https:\/\/irprout.it\/?page_id=4849","og_locale":"it_IT","og_type":"article","og_title":"GIUSTIZIA - Istituto di Ricerca Prout","og_description":"[vc_row][vc_column][vc_empty_space height=&#8221;20px&#8221;][\/vc_column][\/vc_row][vc_row][vc_column][vc_column_text]&nbsp;RIFORMA DELLA GIUSTIZIA&nbsp;[\/vc_column_text][\/vc_column][\/vc_row][vc_row][vc_column][vc_separator border_width=&#8221;3&#8243;][\/vc_column][\/vc_row][vc_row][vc_column width=&#8221;1\/2&#8243;][vc_single_image image=&#8221;4851&#8243; img_size=&#8221;223&#215;180&#8243; style=&#8221;vc_box_border&#8221; onclick=&#8221;custom_link&#8221; link=&#8221;https:\/\/irprout.it\/?page_id=297&#8243;][\/vc_column][vc_column width=&#8221;1\/2&#8243;][vc_column_text css=&#8221;.vc_custom_1580323114026{margin-top: 5px !important;margin-left: -115px !important;}&#8221;]&nbsp;Riforma della Giustizia&nbsp; P.R. Sarkar propone una profonda riforma del Codice Penale, del ruolo del Giudice, della Giuria. Oltre alla nuova definizione dei profili Criminali e delle azioni Correttive. Il Termine Penale deve essere &hellip; Continua a leggere","og_url":"https:\/\/irprout.it\/?page_id=4849","og_site_name":"Istituto di Ricerca Prout","article_modified_time":"2022-06-28T14:23:37+00:00","twitter_misc":{"Tempo di lettura stimato":"1 minuto"},"schema":{"@context":"https:\/\/schema.org","@graph":[{"@type":"WebPage","@id":"https:\/\/irprout.it\/?page_id=4849","url":"https:\/\/irprout.it\/?page_id=4849","name":"GIUSTIZIA - Istituto di Ricerca Prout","isPartOf":{"@id":"https:\/\/irprout.it\/#website"},"datePublished":"2020-01-25T16:58:46+00:00","dateModified":"2022-06-28T14:23:37+00:00","breadcrumb":{"@id":"https:\/\/irprout.it\/?page_id=4849#breadcrumb"},"inLanguage":"it-IT","potentialAction":[{"@type":"ReadAction","target":["https:\/\/irprout.it\/?page_id=4849"]}]},{"@type":"BreadcrumbList","@id":"https:\/\/irprout.it\/?page_id=4849#breadcrumb","itemListElement":[{"@type":"ListItem","position":1,"name":"Home","item":"https:\/\/irprout.it\/"},{"@type":"ListItem","position":2,"name":"GIUSTIZIA"}]},{"@type":"WebSite","@id":"https:\/\/irprout.it\/#website","url":"https:\/\/irprout.it\/","name":"Istituto di Ricerca Prout","description":"Istituto di Ricerca Prout","publisher":{"@id":"https:\/\/irprout.it\/#organization"},"potentialAction":[{"@type":"SearchAction","target":{"@type":"EntryPoint","urlTemplate":"https:\/\/irprout.it\/?s={search_term_string}"},"query-input":{"@type":"PropertyValueSpecification","valueRequired":true,"valueName":"search_term_string"}}],"inLanguage":"it-IT"},{"@type":"Organization","@id":"https:\/\/irprout.it\/#organization","name":"Istituto di Ricerca Prout","url":"https:\/\/irprout.it\/","logo":{"@type":"ImageObject","inLanguage":"it-IT","@id":"https:\/\/irprout.it\/#\/schema\/logo\/image\/","url":"http:\/\/irprout.it\/wp-content\/uploads\/2014\/10\/logo_IRP_albero300Cor.jpg","contentUrl":"http:\/\/irprout.it\/wp-content\/uploads\/2014\/10\/logo_IRP_albero300Cor.jpg","width":303,"height":304,"caption":"Istituto di Ricerca Prout"},"image":{"@id":"https:\/\/irprout.it\/#\/schema\/logo\/image\/"}}]}},"_links":{"self":[{"href":"https:\/\/irprout.it\/index.php?rest_route=\/wp\/v2\/pages\/4849","targetHints":{"allow":["GET"]}}],"collection":[{"href":"https:\/\/irprout.it\/index.php?rest_route=\/wp\/v2\/pages"}],"about":[{"href":"https:\/\/irprout.it\/index.php?rest_route=\/wp\/v2\/types\/page"}],"author":[{"embeddable":true,"href":"https:\/\/irprout.it\/index.php?rest_route=\/wp\/v2\/users\/3"}],"replies":[{"embeddable":true,"href":"https:\/\/irprout.it\/index.php?rest_route=%2Fwp%2Fv2%2Fcomments&post=4849"}],"version-history":[{"count":8,"href":"https:\/\/irprout.it\/index.php?rest_route=\/wp\/v2\/pages\/4849\/revisions"}],"predecessor-version":[{"id":6381,"href":"https:\/\/irprout.it\/index.php?rest_route=\/wp\/v2\/pages\/4849\/revisions\/6381"}],"wp:attachment":[{"href":"https:\/\/irprout.it\/index.php?rest_route=%2Fwp%2Fv2%2Fmedia&parent=4849"}],"curies":[{"name":"wp","href":"https:\/\/api.w.org\/{rel}","templated":true}]}}