{"id":489,"date":"2014-10-15T18:24:59","date_gmt":"2014-10-15T18:24:59","guid":{"rendered":"http:\/\/irprout.it\/?page_id=489"},"modified":"2014-12-26T12:27:36","modified_gmt":"2014-12-26T11:27:36","slug":"sistema-elettorale","status":"publish","type":"page","link":"https:\/\/irprout.it\/?page_id=489","title":{"rendered":"SISTEMA ELETTORALE"},"content":{"rendered":"<hr \/>\n<p style=\"text-align: center;\"><span style=\"font-size: 12pt; font-family: tahoma, arial, helvetica, sans-serif;\"><em><span style=\"color: #333333;\">Il Suffragio Universale, il diritto di voto a tutti i cittadini che abbiano compiuto il 18\u00b0 anno di et\u00e0, sebbene una conquista sociale di non poco conto, nasconde tuttavia dei problemi che possono inficiare e indebolire la\u00a0Democrazia. Infatti se i\/le votanti non hanno sviluppato una coscienza socio-economico-politica adeguata rischiano di dare il voto a persone incompetenti, e\u00a0mosse da interessi\u00a0individuali o di gruppo, che minano alla radice i principi stessi del vivere democratico.<\/span><\/em><\/span><\/p>\n<hr \/>\n<p>&nbsp;<\/p>\n<h3><span style=\"color: #3366ff;\">Il Collegio Elettorale<\/span><\/h3>\n<p><strong>Il collegio elettorale viene formato da tutti i cittadini che hanno sviluppato una COSCIENZA SOCIO-ECONOMICO-POLITICA<\/strong> adeguata per decidere la validit\u00e0 delle proposte di qualsiasi candidato. La Democrazia viene indebolita se a votare sono persone senza alcuna conoscenza dell&#8217;impianto sociale, economico, politico e culturale del paese.<\/p>\n<p>Da questo punto di vista si propone\u00a0che ogni elettore\/trice debba essere sottoposto\/a ad un esame adeguato per testare la propria conoscenza dei fattori civici di base, e poter diventare un\/a coscienzioso\/a votante.<\/p>\n<p>Il Suffragio Universale \u00e8 stata una grande conquista della nostra societ\u00e0, ma per ci\u00f2 che \u00e8\u00a0emerso in questi ultimi anni (compravendita dei voti, spirito di appartenenza e interessi privati&#8230;), il sistema amministrativo si \u00e8 sfaldato e la corruzione \u00e8\u00a0diventata di casa.<\/p>\n<p><em>&#8220;Il diritto di voto deve essere conferita a persone istruite che hanno coscienza politica e consapevolezza dei problemi della gente. L&#8217;et\u00e0 non dovrebbe essere il\u00a0criterio\u00a0di diritto di voto. Se il diritto di voto \u00e8 dato a persone\u00a0analfabete, vi \u00e8 la possibilit\u00e0 che siano eletti dei rappresentanti antisociali e incompetenti&#8221;. (P.R. Sarkar)<\/em><\/p>\n<p><strong>Per questo motivo dovremmo ripristinare l&#8217;Educazione Civica <\/strong>nelle scuole<strong>,\u00a0e istituire<\/strong> come per il patentino del motorino o la patente automobilistica, <strong>un esame<\/strong>\u00a0per chi desidera partecipare al <strong>collegio elettorale <\/strong>della propria area.<\/p>\n<p>&nbsp;<\/p>\n<hr \/>\n<h3><span style=\"color: #3366ff;\">Sistema Selecto-Elettorale<\/span><\/h3>\n<p><strong>Si intende un sistema in cui vengono eletti dai collegi elettorali tutti i rappresentanti dal livello Comunale al livello Parlamentare, in un&#8217;unica elezione.<\/strong><\/p>\n<p>Facciamo un esempio per l&#8217;Italia:<\/p>\n<p><img decoding=\"async\" class=\"wp-image-2078 aligncenter lazyload\" data-src=\"https:\/\/irprout.it\/wp-content\/uploads\/2014\/12\/sistema-politico.gif\" alt=\"sistema-politico\" width=\"598\" height=\"449\" src=\"data:image\/svg+xml;base64,PHN2ZyB3aWR0aD0iMSIgaGVpZ2h0PSIxIiB4bWxucz0iaHR0cDovL3d3dy53My5vcmcvMjAwMC9zdmciPjwvc3ZnPg==\" style=\"--smush-placeholder-width: 598px; --smush-placeholder-aspect-ratio: 598\/449;\" \/><\/p>\n<p>I collegi elettorali <strong>eleggono<\/strong> tutti i rappresentanti istituzionali dal livello comunale al livello parlamentare: in tutto ad es. 123.480 rappresentanti.<\/p>\n<ul>\n<li>I <strong>123.480<\/strong> <strong>eletti\u00a0selezioneranno<\/strong>\u00a0il primo livello di Amministrazione: i Sindaci<\/li>\n<li>L&#8217;insieme dei sindaci e i rimanenti\u00a0<strong>selezioneranno<\/strong>\u00a0i rappresentanti delle Provincie.<\/li>\n<li>L&#8217;insieme dei rappresentanti delle Provincie e i rimanenti\u00a0<strong>selezioneranno<\/strong>\u00a0i rappresentanti delle\u00a0Regioni.<\/li>\n<li>I Rappresentanti delle Regioni e i Rimanenti\u00a0<strong>selezioneranno<\/strong>\u00a0i rappresentanti della Camera e del Senato.<\/li>\n<\/ul>\n<p>Il <strong>Primo Ministro<\/strong> viene eletto dal Parlamento e il <strong>Presidente<\/strong> del paese dalla popolazione.<\/p>\n<p>Nel sistema politico proutista sono presenti le Provicie, se necessario o i distretti (area geografica con circa 100.000 abitanti), sempre se necessario.<\/p>\n","protected":false},"excerpt":{"rendered":"<p>Il Suffragio Universale, il diritto di voto a tutti i cittadini che abbiano compiuto il 18\u00b0 anno di et\u00e0, sebbene una conquista sociale di non poco conto, nasconde tuttavia dei problemi che possono inficiare e indebolire la\u00a0Democrazia. Infatti se i\/le votanti non hanno sviluppato una coscienza socio-economico-politica adeguata rischiano di <span class=\"excerpt-dots\">&hellip;<\/span> <a class=\"more-link\" href=\"https:\/\/irprout.it\/?page_id=489\"><span class=\"more-msg\">Continua a leggere<\/span><\/a><\/p>\n","protected":false},"author":3,"featured_media":0,"parent":53,"menu_order":0,"comment_status":"closed","ping_status":"closed","template":"","meta":{"ngg_post_thumbnail":0,"footnotes":""},"class_list":["post-489","page","type-page","status-publish","hentry"],"yoast_head":"<!-- This site is optimized with the Yoast SEO plugin v26.6 - https:\/\/yoast.com\/wordpress\/plugins\/seo\/ -->\n<title>SISTEMA ELETTORALE - Istituto di Ricerca Prout<\/title>\n<meta name=\"robots\" content=\"index, follow, max-snippet:-1, max-image-preview:large, max-video-preview:-1\" \/>\n<link rel=\"canonical\" href=\"https:\/\/irprout.it\/?page_id=489\" \/>\n<meta property=\"og:locale\" content=\"it_IT\" \/>\n<meta property=\"og:type\" content=\"article\" \/>\n<meta property=\"og:title\" content=\"SISTEMA ELETTORALE - Istituto di Ricerca Prout\" \/>\n<meta property=\"og:description\" content=\"Il Suffragio Universale, il diritto di voto a tutti i cittadini che abbiano compiuto il 18\u00b0 anno di et\u00e0, sebbene una conquista sociale di non poco conto, nasconde tuttavia dei problemi che possono inficiare e indebolire la\u00a0Democrazia. Infatti se i\/le votanti non hanno sviluppato una coscienza socio-economico-politica adeguata rischiano di &hellip; Continua a leggere\" \/>\n<meta property=\"og:url\" content=\"https:\/\/irprout.it\/?page_id=489\" \/>\n<meta property=\"og:site_name\" content=\"Istituto di Ricerca Prout\" \/>\n<meta property=\"article:modified_time\" content=\"2014-12-26T11:27:36+00:00\" \/>\n<meta property=\"og:image\" content=\"http:\/\/irprout.it\/wp-content\/uploads\/2014\/12\/sistema-politico.gif\" \/>\n<meta name=\"twitter:label1\" content=\"Tempo di lettura stimato\" \/>\n\t<meta name=\"twitter:data1\" content=\"2 minuti\" \/>\n<script type=\"application\/ld+json\" class=\"yoast-schema-graph\">{\"@context\":\"https:\/\/schema.org\",\"@graph\":[{\"@type\":\"WebPage\",\"@id\":\"https:\/\/irprout.it\/?page_id=489\",\"url\":\"https:\/\/irprout.it\/?page_id=489\",\"name\":\"SISTEMA ELETTORALE - Istituto di Ricerca Prout\",\"isPartOf\":{\"@id\":\"https:\/\/irprout.it\/#website\"},\"primaryImageOfPage\":{\"@id\":\"https:\/\/irprout.it\/?page_id=489#primaryimage\"},\"image\":{\"@id\":\"https:\/\/irprout.it\/?page_id=489#primaryimage\"},\"thumbnailUrl\":\"http:\/\/irprout.it\/wp-content\/uploads\/2014\/12\/sistema-politico.gif\",\"datePublished\":\"2014-10-15T18:24:59+00:00\",\"dateModified\":\"2014-12-26T11:27:36+00:00\",\"breadcrumb\":{\"@id\":\"https:\/\/irprout.it\/?page_id=489#breadcrumb\"},\"inLanguage\":\"it-IT\",\"potentialAction\":[{\"@type\":\"ReadAction\",\"target\":[\"https:\/\/irprout.it\/?page_id=489\"]}]},{\"@type\":\"ImageObject\",\"inLanguage\":\"it-IT\",\"@id\":\"https:\/\/irprout.it\/?page_id=489#primaryimage\",\"url\":\"https:\/\/irprout.it\/wp-content\/uploads\/2014\/12\/sistema-politico.gif\",\"contentUrl\":\"https:\/\/irprout.it\/wp-content\/uploads\/2014\/12\/sistema-politico.gif\",\"width\":700,\"height\":525},{\"@type\":\"BreadcrumbList\",\"@id\":\"https:\/\/irprout.it\/?page_id=489#breadcrumb\",\"itemListElement\":[{\"@type\":\"ListItem\",\"position\":1,\"name\":\"Home\",\"item\":\"https:\/\/irprout.it\/\"},{\"@type\":\"ListItem\",\"position\":2,\"name\":\"TEMI\",\"item\":\"https:\/\/irprout.it\/?page_id=119\"},{\"@type\":\"ListItem\",\"position\":3,\"name\":\"SISTEMA POLITICO\",\"item\":\"https:\/\/irprout.it\/?page_id=53\"},{\"@type\":\"ListItem\",\"position\":4,\"name\":\"SISTEMA ELETTORALE\"}]},{\"@type\":\"WebSite\",\"@id\":\"https:\/\/irprout.it\/#website\",\"url\":\"https:\/\/irprout.it\/\",\"name\":\"Istituto di Ricerca Prout\",\"description\":\"Istituto di Ricerca Prout\",\"publisher\":{\"@id\":\"https:\/\/irprout.it\/#organization\"},\"potentialAction\":[{\"@type\":\"SearchAction\",\"target\":{\"@type\":\"EntryPoint\",\"urlTemplate\":\"https:\/\/irprout.it\/?s={search_term_string}\"},\"query-input\":{\"@type\":\"PropertyValueSpecification\",\"valueRequired\":true,\"valueName\":\"search_term_string\"}}],\"inLanguage\":\"it-IT\"},{\"@type\":\"Organization\",\"@id\":\"https:\/\/irprout.it\/#organization\",\"name\":\"Istituto di Ricerca Prout\",\"url\":\"https:\/\/irprout.it\/\",\"logo\":{\"@type\":\"ImageObject\",\"inLanguage\":\"it-IT\",\"@id\":\"https:\/\/irprout.it\/#\/schema\/logo\/image\/\",\"url\":\"http:\/\/irprout.it\/wp-content\/uploads\/2014\/10\/logo_IRP_albero300Cor.jpg\",\"contentUrl\":\"http:\/\/irprout.it\/wp-content\/uploads\/2014\/10\/logo_IRP_albero300Cor.jpg\",\"width\":303,\"height\":304,\"caption\":\"Istituto di Ricerca Prout\"},\"image\":{\"@id\":\"https:\/\/irprout.it\/#\/schema\/logo\/image\/\"}}]}<\/script>\n<!-- \/ Yoast SEO plugin. -->","yoast_head_json":{"title":"SISTEMA ELETTORALE - Istituto di Ricerca Prout","robots":{"index":"index","follow":"follow","max-snippet":"max-snippet:-1","max-image-preview":"max-image-preview:large","max-video-preview":"max-video-preview:-1"},"canonical":"https:\/\/irprout.it\/?page_id=489","og_locale":"it_IT","og_type":"article","og_title":"SISTEMA ELETTORALE - Istituto di Ricerca Prout","og_description":"Il Suffragio Universale, il diritto di voto a tutti i cittadini che abbiano compiuto il 18\u00b0 anno di et\u00e0, sebbene una conquista sociale di non poco conto, nasconde tuttavia dei problemi che possono inficiare e indebolire la\u00a0Democrazia. Infatti se i\/le votanti non hanno sviluppato una coscienza socio-economico-politica adeguata rischiano di &hellip; Continua a leggere","og_url":"https:\/\/irprout.it\/?page_id=489","og_site_name":"Istituto di Ricerca Prout","article_modified_time":"2014-12-26T11:27:36+00:00","og_image":[{"url":"http:\/\/irprout.it\/wp-content\/uploads\/2014\/12\/sistema-politico.gif","type":"","width":"","height":""}],"twitter_misc":{"Tempo di lettura stimato":"2 minuti"},"schema":{"@context":"https:\/\/schema.org","@graph":[{"@type":"WebPage","@id":"https:\/\/irprout.it\/?page_id=489","url":"https:\/\/irprout.it\/?page_id=489","name":"SISTEMA ELETTORALE - Istituto di Ricerca Prout","isPartOf":{"@id":"https:\/\/irprout.it\/#website"},"primaryImageOfPage":{"@id":"https:\/\/irprout.it\/?page_id=489#primaryimage"},"image":{"@id":"https:\/\/irprout.it\/?page_id=489#primaryimage"},"thumbnailUrl":"http:\/\/irprout.it\/wp-content\/uploads\/2014\/12\/sistema-politico.gif","datePublished":"2014-10-15T18:24:59+00:00","dateModified":"2014-12-26T11:27:36+00:00","breadcrumb":{"@id":"https:\/\/irprout.it\/?page_id=489#breadcrumb"},"inLanguage":"it-IT","potentialAction":[{"@type":"ReadAction","target":["https:\/\/irprout.it\/?page_id=489"]}]},{"@type":"ImageObject","inLanguage":"it-IT","@id":"https:\/\/irprout.it\/?page_id=489#primaryimage","url":"https:\/\/irprout.it\/wp-content\/uploads\/2014\/12\/sistema-politico.gif","contentUrl":"https:\/\/irprout.it\/wp-content\/uploads\/2014\/12\/sistema-politico.gif","width":700,"height":525},{"@type":"BreadcrumbList","@id":"https:\/\/irprout.it\/?page_id=489#breadcrumb","itemListElement":[{"@type":"ListItem","position":1,"name":"Home","item":"https:\/\/irprout.it\/"},{"@type":"ListItem","position":2,"name":"TEMI","item":"https:\/\/irprout.it\/?page_id=119"},{"@type":"ListItem","position":3,"name":"SISTEMA POLITICO","item":"https:\/\/irprout.it\/?page_id=53"},{"@type":"ListItem","position":4,"name":"SISTEMA ELETTORALE"}]},{"@type":"WebSite","@id":"https:\/\/irprout.it\/#website","url":"https:\/\/irprout.it\/","name":"Istituto di Ricerca Prout","description":"Istituto di Ricerca Prout","publisher":{"@id":"https:\/\/irprout.it\/#organization"},"potentialAction":[{"@type":"SearchAction","target":{"@type":"EntryPoint","urlTemplate":"https:\/\/irprout.it\/?s={search_term_string}"},"query-input":{"@type":"PropertyValueSpecification","valueRequired":true,"valueName":"search_term_string"}}],"inLanguage":"it-IT"},{"@type":"Organization","@id":"https:\/\/irprout.it\/#organization","name":"Istituto di Ricerca Prout","url":"https:\/\/irprout.it\/","logo":{"@type":"ImageObject","inLanguage":"it-IT","@id":"https:\/\/irprout.it\/#\/schema\/logo\/image\/","url":"http:\/\/irprout.it\/wp-content\/uploads\/2014\/10\/logo_IRP_albero300Cor.jpg","contentUrl":"http:\/\/irprout.it\/wp-content\/uploads\/2014\/10\/logo_IRP_albero300Cor.jpg","width":303,"height":304,"caption":"Istituto di Ricerca Prout"},"image":{"@id":"https:\/\/irprout.it\/#\/schema\/logo\/image\/"}}]}},"_links":{"self":[{"href":"https:\/\/irprout.it\/index.php?rest_route=\/wp\/v2\/pages\/489","targetHints":{"allow":["GET"]}}],"collection":[{"href":"https:\/\/irprout.it\/index.php?rest_route=\/wp\/v2\/pages"}],"about":[{"href":"https:\/\/irprout.it\/index.php?rest_route=\/wp\/v2\/types\/page"}],"author":[{"embeddable":true,"href":"https:\/\/irprout.it\/index.php?rest_route=\/wp\/v2\/users\/3"}],"replies":[{"embeddable":true,"href":"https:\/\/irprout.it\/index.php?rest_route=%2Fwp%2Fv2%2Fcomments&post=489"}],"version-history":[{"count":6,"href":"https:\/\/irprout.it\/index.php?rest_route=\/wp\/v2\/pages\/489\/revisions"}],"predecessor-version":[{"id":2170,"href":"https:\/\/irprout.it\/index.php?rest_route=\/wp\/v2\/pages\/489\/revisions\/2170"}],"up":[{"embeddable":true,"href":"https:\/\/irprout.it\/index.php?rest_route=\/wp\/v2\/pages\/53"}],"wp:attachment":[{"href":"https:\/\/irprout.it\/index.php?rest_route=%2Fwp%2Fv2%2Fmedia&parent=489"}],"curies":[{"name":"wp","href":"https:\/\/api.w.org\/{rel}","templated":true}]}}