{"id":4931,"date":"2020-01-29T20:16:24","date_gmt":"2020-01-29T19:16:24","guid":{"rendered":"http:\/\/irprout.it\/?page_id=4931"},"modified":"2024-12-16T15:14:37","modified_gmt":"2024-12-16T14:14:37","slug":"ricerca-economia","status":"publish","type":"page","link":"https:\/\/irprout.it\/?page_id=4931","title":{"rendered":"ricerca economia"},"content":{"rendered":"<div class=\"wpb-content-wrapper\"><p>[vc_row][vc_column][vc_empty_space height=&#8221;20px&#8221;][\/vc_column][\/vc_row][vc_row][vc_column][vc_column_text]<span style=\"color: #333333;\"><strong><span style=\"font-family: Verdana, Geneva, sans-serif; font-size: 24pt;\">Ricerca Economica<\/span><\/strong><\/span>[\/vc_column_text][\/vc_column][\/vc_row][vc_row][vc_column css=&#8221;.vc_custom_1580325356992{margin-top: -20px !important;}&#8221;][vc_separator border_width=&#8221;3&#8243;][\/vc_column][\/vc_row][vc_row][vc_column width=&#8221;2\/5&#8243;][vc_single_image image=&#8221;3671&#8243; img_size=&#8221;full&#8221; style=&#8221;vc_box_border&#8221; border_color=&#8221;chino&#8221; onclick=&#8221;custom_link&#8221; link=&#8221;https:\/\/irprout.it\/?p=2450&#8243;][\/vc_column][vc_column width=&#8221;3\/5&#8243;][vc_custom_heading text=&#8221;Ravi Batra&#8221; font_container=&#8221;tag:h2|text_align:left|color:%23112695&#8243; google_fonts=&#8221;font_family:Alegreya%20Sans%3A100%2C100italic%2C300%2C300italic%2Cregular%2Citalic%2C500%2C500italic%2C700%2C700italic%2C800%2C800italic%2C900%2C900italic|font_style:700%20bold%20regular%3A700%3Anormal&#8221; css=&#8221;&#8221; link=&#8221;url:http%3A%2F%2Firprout.it%2F%3Fp%3D2450|title:Friendly%20Cooperation%20introduction&#8221;][vc_column_text css=&#8221;&#8221;]<span style=\"font-size: 12pt; font-family: 'Nanum Gothic', sans-serif;\"><span style=\"color: #800000;\"><strong>La nostra conclusione principale \u00e8 che l\u2019aumento del differenziale salario-produttivit\u00e0, a causa delle&nbsp; politiche del governo, \u00e8 la causa primaria, se non l\u2019unica, delle recessioni, della disoccupazione, degli enormi profitti e, di conseguenza, dell\u2019eccessiva concentrazione della ricchezza.<\/strong><\/span> Questo capitolo individua i maggiori difetti del pensiero convenzionale, che ha bisogno di cambiare, se il mondo vuole sfuggire al collo di bottiglia della stagnazione e della povert\u00e0.<\/span>[\/vc_column_text][\/vc_column][\/vc_row][vc_row][vc_column css=&#8221;.vc_custom_1580325356992{margin-top: -20px !important;}&#8221;][vc_separator border_width=&#8221;3&#8243;][\/vc_column][\/vc_row][vc_row][vc_column width=&#8221;2\/5&#8243;][vc_single_image image=&#8221;5316&#8243; img_size=&#8221;full&#8221; style=&#8221;vc_box_border&#8221; border_color=&#8221;chino&#8221; onclick=&#8221;custom_link&#8221; link=&#8221;https:\/\/irprout.it\/?p=2465&#8243;][\/vc_column][vc_column width=&#8221;3\/5&#8243;][vc_custom_heading text=&#8221;Cause della Disoccupazione &#8211;&nbsp; Ravi Batra&#8221; font_container=&#8221;tag:h2|text_align:left|color:%23112695&#8243; google_fonts=&#8221;font_family:Alegreya%20Sans%3A100%2C100italic%2C300%2C300italic%2Cregular%2Citalic%2C500%2C500italic%2C700%2C700italic%2C800%2C800italic%2C900%2C900italic|font_style:700%20bold%20regular%3A700%3Anormal&#8221; css=&#8221;&#8221; link=&#8221;url:http%3A%2F%2Firprout.it%2F%3Fp%3D2465|title:Friendly%20Cooperation%20introduction&#8221;][vc_column_text css=&#8221;&#8221;]Qual \u00e8 la maggior fonte di offerta? La produttivit\u00e0. Qual \u00e8 la principale fonte di domanda? I salari. Se, attraverso l\u2019educazione o l\u2019uso di migliori tecnologie, diventate pi\u00f9 efficienti, produrrete o offrirete pi\u00f9 beni. Se il vostro salario aumenta, allora voi consumerete o chiederete pi\u00f9 beni. Perch\u00e9 l\u2019economia sia in salute e sia libera da disoccupazione, l\u2019offerta deve uguagliare la domanda:<br \/>\n<span style=\"color: #800000;\"><strong>OFFERTA = DOMANDA<\/strong><\/span><br \/>\nquesta \u00e8 una semplice equazione, che per\u00f2 ci aiuter\u00e0 a capire le ragioni per cui si ha la disoccupazione. Se l\u2019offerta e la domanda non sono uguali, allora, come un aeroplano con ali molto diverse, l\u2019economia a un certo momento si schianter\u00e0.[\/vc_column_text][\/vc_column][\/vc_row][vc_row][vc_column css=&#8221;.vc_custom_1580325356992{margin-top: -20px !important;}&#8221;][vc_separator border_width=&#8221;3&#8243;][\/vc_column][\/vc_row][vc_row][vc_column width=&#8221;2\/5&#8243;][vc_single_image image=&#8221;7267&#8243; img_size=&#8221;full&#8221; style=&#8221;vc_box_border&#8221; border_color=&#8221;chino&#8221; onclick=&#8221;custom_link&#8221; css=&#8221;&#8221; link=&#8221;https:\/\/irprout.it\/?page_id=7205&#8243;][\/vc_column][vc_column width=&#8221;3\/5&#8243;][vc_custom_heading text=&#8221;Friendly Cooperation Research (En)&#8221; font_container=&#8221;tag:h2|text_align:left|color:%23112695&#8243; google_fonts=&#8221;font_family:Alegreya%20Sans%3A100%2C100italic%2C300%2C300italic%2Cregular%2Citalic%2C500%2C500italic%2C700%2C700italic%2C800%2C800italic%2C900%2C900italic|font_style:700%20bold%20regular%3A700%3Anormal&#8221; css=&#8221;&#8221; link=&#8221;url:https%3A%2F%2Firprout.it%2F%3Fpage_id%3D7205|title:Friendly%20Cooperation%20introduction&#8221;][vc_column_text css=&#8221;&#8221;]<span style=\"font-size: 14pt;\"><strong>Friendly Cooperation is the collective effort of people to work together for the welfare of each other<\/strong><\/span>&nbsp;and the universe behaving towards others in kind, pleasant, nurturing and non-harmful ways, with shared responsibility, equality and peacefulness. Friendly Cooperation requires changing ourselves, developing new instincts, sharing our individual gifts and showing selfless love for others.[\/vc_column_text][\/vc_column][\/vc_row]<\/p>\n<\/div>","protected":false},"excerpt":{"rendered":"<p>[vc_row][vc_column][vc_empty_space height=&#8221;20px&#8221;][\/vc_column][\/vc_row][vc_row][vc_column][vc_column_text]Ricerca Economica[\/vc_column_text][\/vc_column][\/vc_row][vc_row][vc_column css=&#8221;.vc_custom_1580325356992{margin-top: -20px !important;}&#8221;][vc_separator border_width=&#8221;3&#8243;][\/vc_column][\/vc_row][vc_row][vc_column width=&#8221;2\/5&#8243;][vc_single_image image=&#8221;3671&#8243; img_size=&#8221;full&#8221; style=&#8221;vc_box_border&#8221; border_color=&#8221;chino&#8221; onclick=&#8221;custom_link&#8221; link=&#8221;https:\/\/irprout.it\/?p=2450&#8243;][\/vc_column][vc_column width=&#8221;3\/5&#8243;][vc_custom_heading text=&#8221;Ravi Batra&#8221; font_container=&#8221;tag:h2|text_align:left|color:%23112695&#8243; google_fonts=&#8221;font_family:Alegreya%20Sans%3A100%2C100italic%2C300%2C300italic%2Cregular%2Citalic%2C500%2C500italic%2C700%2C700italic%2C800%2C800italic%2C900%2C900italic|font_style:700%20bold%20regular%3A700%3Anormal&#8221; css=&#8221;&#8221; link=&#8221;url:http%3A%2F%2Firprout.it%2F%3Fp%3D2450|title:Friendly%20Cooperation%20introduction&#8221;][vc_column_text css=&#8221;&#8221;]La nostra conclusione principale \u00e8 che l\u2019aumento del differenziale salario-produttivit\u00e0, a causa delle&nbsp; politiche del governo, \u00e8 la causa primaria, se non l\u2019unica, delle recessioni, della disoccupazione, degli enormi <span class=\"excerpt-dots\">&hellip;<\/span> <a class=\"more-link\" href=\"https:\/\/irprout.it\/?page_id=4931\"><span class=\"more-msg\">Continua a leggere<\/span><\/a><\/p>\n","protected":false},"author":3,"featured_media":0,"parent":0,"menu_order":0,"comment_status":"closed","ping_status":"closed","template":"","meta":{"ngg_post_thumbnail":0,"footnotes":""},"class_list":["post-4931","page","type-page","status-publish","hentry"],"yoast_head":"<!-- This site is optimized with the Yoast SEO plugin v26.6 - https:\/\/yoast.com\/wordpress\/plugins\/seo\/ -->\n<title>ricerca economia - Istituto di Ricerca Prout<\/title>\n<meta name=\"robots\" content=\"index, follow, max-snippet:-1, max-image-preview:large, max-video-preview:-1\" \/>\n<link rel=\"canonical\" href=\"https:\/\/irprout.it\/?page_id=4931\" \/>\n<meta property=\"og:locale\" content=\"it_IT\" \/>\n<meta property=\"og:type\" content=\"article\" \/>\n<meta property=\"og:title\" content=\"ricerca economia - Istituto di Ricerca Prout\" \/>\n<meta property=\"og:description\" content=\"[vc_row][vc_column][vc_empty_space height=&#8221;20px&#8221;][\/vc_column][\/vc_row][vc_row][vc_column][vc_column_text]Ricerca Economica[\/vc_column_text][\/vc_column][\/vc_row][vc_row][vc_column css=&#8221;.vc_custom_1580325356992{margin-top: -20px !important;}&#8221;][vc_separator border_width=&#8221;3&#8243;][\/vc_column][\/vc_row][vc_row][vc_column width=&#8221;2\/5&#8243;][vc_single_image image=&#8221;3671&#8243; img_size=&#8221;full&#8221; style=&#8221;vc_box_border&#8221; border_color=&#8221;chino&#8221; onclick=&#8221;custom_link&#8221; link=&#8221;https:\/\/irprout.it\/?p=2450&#8243;][\/vc_column][vc_column width=&#8221;3\/5&#8243;][vc_custom_heading text=&#8221;Ravi Batra&#8221; font_container=&#8221;tag:h2|text_align:left|color:%23112695&#8243; google_fonts=&#8221;font_family:Alegreya%20Sans%3A100%2C100italic%2C300%2C300italic%2Cregular%2Citalic%2C500%2C500italic%2C700%2C700italic%2C800%2C800italic%2C900%2C900italic|font_style:700%20bold%20regular%3A700%3Anormal&#8221; css=&#8221;&#8221; link=&#8221;url:http%3A%2F%2Firprout.it%2F%3Fp%3D2450|title:Friendly%20Cooperation%20introduction&#8221;][vc_column_text css=&#8221;&#8221;]La nostra conclusione principale \u00e8 che l\u2019aumento del differenziale salario-produttivit\u00e0, a causa delle&nbsp; politiche del governo, \u00e8 la causa primaria, se non l\u2019unica, delle recessioni, della disoccupazione, degli enormi &hellip; Continua a leggere\" \/>\n<meta property=\"og:url\" content=\"https:\/\/irprout.it\/?page_id=4931\" \/>\n<meta property=\"og:site_name\" content=\"Istituto di Ricerca Prout\" \/>\n<meta property=\"article:modified_time\" content=\"2024-12-16T14:14:37+00:00\" \/>\n<meta name=\"twitter:label1\" content=\"Tempo di lettura stimato\" \/>\n\t<meta name=\"twitter:data1\" content=\"3 minuti\" \/>\n<script type=\"application\/ld+json\" class=\"yoast-schema-graph\">{\"@context\":\"https:\/\/schema.org\",\"@graph\":[{\"@type\":\"WebPage\",\"@id\":\"https:\/\/irprout.it\/?page_id=4931\",\"url\":\"https:\/\/irprout.it\/?page_id=4931\",\"name\":\"ricerca economia - Istituto di Ricerca Prout\",\"isPartOf\":{\"@id\":\"https:\/\/irprout.it\/#website\"},\"datePublished\":\"2020-01-29T19:16:24+00:00\",\"dateModified\":\"2024-12-16T14:14:37+00:00\",\"breadcrumb\":{\"@id\":\"https:\/\/irprout.it\/?page_id=4931#breadcrumb\"},\"inLanguage\":\"it-IT\",\"potentialAction\":[{\"@type\":\"ReadAction\",\"target\":[\"https:\/\/irprout.it\/?page_id=4931\"]}]},{\"@type\":\"BreadcrumbList\",\"@id\":\"https:\/\/irprout.it\/?page_id=4931#breadcrumb\",\"itemListElement\":[{\"@type\":\"ListItem\",\"position\":1,\"name\":\"Home\",\"item\":\"https:\/\/irprout.it\/\"},{\"@type\":\"ListItem\",\"position\":2,\"name\":\"ricerca economia\"}]},{\"@type\":\"WebSite\",\"@id\":\"https:\/\/irprout.it\/#website\",\"url\":\"https:\/\/irprout.it\/\",\"name\":\"Istituto di Ricerca Prout\",\"description\":\"Istituto di Ricerca Prout\",\"publisher\":{\"@id\":\"https:\/\/irprout.it\/#organization\"},\"potentialAction\":[{\"@type\":\"SearchAction\",\"target\":{\"@type\":\"EntryPoint\",\"urlTemplate\":\"https:\/\/irprout.it\/?s={search_term_string}\"},\"query-input\":{\"@type\":\"PropertyValueSpecification\",\"valueRequired\":true,\"valueName\":\"search_term_string\"}}],\"inLanguage\":\"it-IT\"},{\"@type\":\"Organization\",\"@id\":\"https:\/\/irprout.it\/#organization\",\"name\":\"Istituto di Ricerca Prout\",\"url\":\"https:\/\/irprout.it\/\",\"logo\":{\"@type\":\"ImageObject\",\"inLanguage\":\"it-IT\",\"@id\":\"https:\/\/irprout.it\/#\/schema\/logo\/image\/\",\"url\":\"http:\/\/irprout.it\/wp-content\/uploads\/2014\/10\/logo_IRP_albero300Cor.jpg\",\"contentUrl\":\"http:\/\/irprout.it\/wp-content\/uploads\/2014\/10\/logo_IRP_albero300Cor.jpg\",\"width\":303,\"height\":304,\"caption\":\"Istituto di Ricerca Prout\"},\"image\":{\"@id\":\"https:\/\/irprout.it\/#\/schema\/logo\/image\/\"}}]}<\/script>\n<!-- \/ Yoast SEO plugin. -->","yoast_head_json":{"title":"ricerca economia - Istituto di Ricerca Prout","robots":{"index":"index","follow":"follow","max-snippet":"max-snippet:-1","max-image-preview":"max-image-preview:large","max-video-preview":"max-video-preview:-1"},"canonical":"https:\/\/irprout.it\/?page_id=4931","og_locale":"it_IT","og_type":"article","og_title":"ricerca economia - Istituto di Ricerca Prout","og_description":"[vc_row][vc_column][vc_empty_space height=&#8221;20px&#8221;][\/vc_column][\/vc_row][vc_row][vc_column][vc_column_text]Ricerca Economica[\/vc_column_text][\/vc_column][\/vc_row][vc_row][vc_column css=&#8221;.vc_custom_1580325356992{margin-top: -20px !important;}&#8221;][vc_separator border_width=&#8221;3&#8243;][\/vc_column][\/vc_row][vc_row][vc_column width=&#8221;2\/5&#8243;][vc_single_image image=&#8221;3671&#8243; img_size=&#8221;full&#8221; style=&#8221;vc_box_border&#8221; border_color=&#8221;chino&#8221; onclick=&#8221;custom_link&#8221; link=&#8221;https:\/\/irprout.it\/?p=2450&#8243;][\/vc_column][vc_column width=&#8221;3\/5&#8243;][vc_custom_heading text=&#8221;Ravi Batra&#8221; font_container=&#8221;tag:h2|text_align:left|color:%23112695&#8243; google_fonts=&#8221;font_family:Alegreya%20Sans%3A100%2C100italic%2C300%2C300italic%2Cregular%2Citalic%2C500%2C500italic%2C700%2C700italic%2C800%2C800italic%2C900%2C900italic|font_style:700%20bold%20regular%3A700%3Anormal&#8221; css=&#8221;&#8221; link=&#8221;url:http%3A%2F%2Firprout.it%2F%3Fp%3D2450|title:Friendly%20Cooperation%20introduction&#8221;][vc_column_text css=&#8221;&#8221;]La nostra conclusione principale \u00e8 che l\u2019aumento del differenziale salario-produttivit\u00e0, a causa delle&nbsp; politiche del governo, \u00e8 la causa primaria, se non l\u2019unica, delle recessioni, della disoccupazione, degli enormi &hellip; Continua a leggere","og_url":"https:\/\/irprout.it\/?page_id=4931","og_site_name":"Istituto di Ricerca Prout","article_modified_time":"2024-12-16T14:14:37+00:00","twitter_misc":{"Tempo di lettura stimato":"3 minuti"},"schema":{"@context":"https:\/\/schema.org","@graph":[{"@type":"WebPage","@id":"https:\/\/irprout.it\/?page_id=4931","url":"https:\/\/irprout.it\/?page_id=4931","name":"ricerca economia - Istituto di Ricerca Prout","isPartOf":{"@id":"https:\/\/irprout.it\/#website"},"datePublished":"2020-01-29T19:16:24+00:00","dateModified":"2024-12-16T14:14:37+00:00","breadcrumb":{"@id":"https:\/\/irprout.it\/?page_id=4931#breadcrumb"},"inLanguage":"it-IT","potentialAction":[{"@type":"ReadAction","target":["https:\/\/irprout.it\/?page_id=4931"]}]},{"@type":"BreadcrumbList","@id":"https:\/\/irprout.it\/?page_id=4931#breadcrumb","itemListElement":[{"@type":"ListItem","position":1,"name":"Home","item":"https:\/\/irprout.it\/"},{"@type":"ListItem","position":2,"name":"ricerca economia"}]},{"@type":"WebSite","@id":"https:\/\/irprout.it\/#website","url":"https:\/\/irprout.it\/","name":"Istituto di Ricerca Prout","description":"Istituto di Ricerca Prout","publisher":{"@id":"https:\/\/irprout.it\/#organization"},"potentialAction":[{"@type":"SearchAction","target":{"@type":"EntryPoint","urlTemplate":"https:\/\/irprout.it\/?s={search_term_string}"},"query-input":{"@type":"PropertyValueSpecification","valueRequired":true,"valueName":"search_term_string"}}],"inLanguage":"it-IT"},{"@type":"Organization","@id":"https:\/\/irprout.it\/#organization","name":"Istituto di Ricerca Prout","url":"https:\/\/irprout.it\/","logo":{"@type":"ImageObject","inLanguage":"it-IT","@id":"https:\/\/irprout.it\/#\/schema\/logo\/image\/","url":"http:\/\/irprout.it\/wp-content\/uploads\/2014\/10\/logo_IRP_albero300Cor.jpg","contentUrl":"http:\/\/irprout.it\/wp-content\/uploads\/2014\/10\/logo_IRP_albero300Cor.jpg","width":303,"height":304,"caption":"Istituto di Ricerca Prout"},"image":{"@id":"https:\/\/irprout.it\/#\/schema\/logo\/image\/"}}]}},"_links":{"self":[{"href":"https:\/\/irprout.it\/index.php?rest_route=\/wp\/v2\/pages\/4931","targetHints":{"allow":["GET"]}}],"collection":[{"href":"https:\/\/irprout.it\/index.php?rest_route=\/wp\/v2\/pages"}],"about":[{"href":"https:\/\/irprout.it\/index.php?rest_route=\/wp\/v2\/types\/page"}],"author":[{"embeddable":true,"href":"https:\/\/irprout.it\/index.php?rest_route=\/wp\/v2\/users\/3"}],"replies":[{"embeddable":true,"href":"https:\/\/irprout.it\/index.php?rest_route=%2Fwp%2Fv2%2Fcomments&post=4931"}],"version-history":[{"count":10,"href":"https:\/\/irprout.it\/index.php?rest_route=\/wp\/v2\/pages\/4931\/revisions"}],"predecessor-version":[{"id":7280,"href":"https:\/\/irprout.it\/index.php?rest_route=\/wp\/v2\/pages\/4931\/revisions\/7280"}],"wp:attachment":[{"href":"https:\/\/irprout.it\/index.php?rest_route=%2Fwp%2Fv2%2Fmedia&parent=4931"}],"curies":[{"name":"wp","href":"https:\/\/api.w.org\/{rel}","templated":true}]}}