{"id":5172,"date":"2020-02-19T19:12:05","date_gmt":"2020-02-19T18:12:05","guid":{"rendered":"http:\/\/irprout.it\/?page_id=5172"},"modified":"2020-02-19T19:20:21","modified_gmt":"2020-02-19T18:20:21","slug":"insegnamenti-se-di-p-r-sarkar","status":"publish","type":"page","link":"https:\/\/irprout.it\/?page_id=5172","title":{"rendered":"INSEGNAMENTI SE DI P.R. SARKAR"},"content":{"rendered":"<div class=\"wpb-content-wrapper\"><p>[vc_row][vc_column][vc_empty_space height=&#8221;32&#8243;][\/vc_column][\/vc_row][vc_row][vc_column width=&#8221;1\/3&#8243;][vc_single_image image=&#8221;5173&#8243; img_size=&#8221;full&#8221; alignment=&#8221;center&#8221; style=&#8221;vc_box_border&#8221; border_color=&#8221;chino&#8221;][\/vc_column][vc_column width=&#8221;2\/3&#8243; css=&#8221;.vc_custom_1582135856467{margin-left: -25px !important;}&#8221;][vc_column_text css=&#8221;.vc_custom_1582136394167{padding-top: 10px !important;padding-right: 10px !important;padding-bottom: 10px !important;padding-left: 10px !important;background-color: #efd58d !important;}&#8221;]<span style=\"font-size: 20pt; font-family: 'Nanum Gothic', sans-serif;\">INSEGNAMENTI SOCIO-ECONOMICI DI SHRII PRABHAT RAINJAN SARKAR<\/span><\/p>\n<p>Il messaggio centrale del PROUT \u00e8 la liberazione degli esseri umani dai problemi mondani in modo che che possano avere maggiori opportunit\u00e0 di aspirare alla propria liberazione intellettuale e spirituale. Poco prima della sua dipartita Shrii Prabhat Rainjan Sarkar ha osservato, \u201cL\u2019economia oggi \u00e8 una stravaganza teorica. Dovrebbe essere resa pi\u00f9 pratica\u201d. Era del parere che l\u2019economia deve essere una scienza precisa, pratica e dovrebbe essere adeguatamente sviluppata per il benessere di tutti.[\/vc_column_text][\/vc_column][\/vc_row][vc_row][vc_column width=&#8221;1\/3&#8243;][\/vc_column][vc_column width=&#8221;2\/3&#8243; css=&#8221;.vc_custom_1582135898068{margin-left: -25px !important;}&#8221;][vc_column_text]Mentre i 5 principi fondamentali e le 11 leggi sociali del PROUT danno alla teoria una struttura chiara e ben definita, Sarkar in tutta la sua vita non si \u00e8 mai stancato di dimostrare in pratica la sua preoccupazione per la difficile situazione della masse dimenticate. Ha dedicato molto tempo a guidare i proutisti in tutto il mondo a migliore ed elevare il tenore di vita delle popolazioni locali. In uno dei suoi incoraggianti messaggi a un gruppo di economisti che lavoravano per elevare il tenore di vita dei poveri, Sarkar ha detto: \u201cAd ogni nobile azione sempre va il mio sostegno. Per il vostro tentativo di emancipazione economica dell\u2019umanit\u00e0, il mio pieno sostegno \u00e8 sempre presente\u201c.<\/p>\n<p>Era prassi di Sarkar rilasciare discorsi estemporanei su una vasta gamma di argomenti, tra cui l\u2019economia. In una tale serie di discorsi sul tema dell\u2019umanesimo ha sottolineato: \u201cPer i sadvipras (leadership illuminata moralmente e spiritualmente), il valore della vita umana supera tutti gli altri valori. Che si tratti dello stato o delle scritture, della societ\u00e0 o della religione, il significato di tutto ci\u00f2 ha come meta lo sviluppo dell\u2019umanit\u00e0 al punto ottimale attraverso la conoscenza, la cultura, la salute e l\u2019abbondanza della vita. E\u2019 per lo sviluppo dell\u2019umanit\u00e0 che la civilt\u00e0 ha tanti obblighi, lo Stato presenta varie forme, le teorie si moltiplicano e le scritture abbondano in ordinanze e regolamenti.<\/p>\n<p>Che cosa diavolo significa lo Stato, a che cosa servono tali norme o perch\u00e9 queste meraviglie della civilt\u00e0 se un uomo viene privato di manifestare se stesso; se non ottiene alcuna possibilit\u00e0 di costruire un fisico sano, di rinvigorire la propria intelligenza e conoscenza e ad ampliare il suo cuore con amore e compassione? Invece di contribuire a condurre l\u2019uomo alla meta dell\u2019esistenza, se lo Stato diventa un impedimento allora non pu\u00f2 comandare fedelt\u00e0, perch\u00e9 l\u2019uomo \u00e8 superiore allo Stato. Secondo Ravindranatha [Tagore], \u2018la giustizia e il diritto se sono a scapito dell\u2019uomo sono come una pietra al posto del pane\u2019. Magari tale pietra \u00e8 rara e preziosa, ma non pu\u00f2 eliminare la fame\u201d. \u201cSi \u00e8 soliti preferire i valori sociali ai valori umani. I Sadvipras vogliono colpire alla radice questa abitudine. Per loro, il valore umano precede il valore sociale.<\/p>\n<p>E\u2019 l\u2019uomo che forma la societ\u00e0 e, quindi, i valori umani formeranno le fondamenta dei valori sociali. In altre parole, chi rispetta i valori umani avr\u00e0 diritto ai valori sociali. E\u2018 stato detto in precedenza che il valore umano non \u00e8 altro che trattare gioie e dolori, speranze e aspirazioni dell\u2019uomo con simpatia, porlo sul piedistallo della maest\u00e0 divina, dopo averlo portato alla coscienza cosmica. E se vuole elevarsi a quell\u2019altezza sublime, egli dovr\u00e0 essere fornito di un ambiente adatto alla sua esistenza fisica, mentale e spirituale\u201d.<\/p>\n<p>\u201cE\u2019 un diritto di nascita di tutti farsi strada in questa esistenza tripolare. E\u2019 dovere della societ\u00e0 promuovere il riconoscimento di questo diritto umano. La societ\u00e0 non \u00e8 riuscita a fare il proprio dovere, per questo la vita \u00e8 piena di dolori e sofferenze. Nessuno pu\u00f2 dire con certezza che nessun grande uomo sarebbe emerso tra i ragazzi ribelli che deprechiamo e odiamo. La donna che ha abbracciato la prostituzione per mantenere la propria esistenza fisica potrebbe essere diventato una personalit\u00e0 nobile se la sua agonia fosse stata apprezzata con simpatia e se fosse accolta in seno alla societ\u00e0. Ma dal momento che la societ\u00e0 non ha nulla a che fare con i valori umani, un gran numero di grandi personalit\u00e0 stanno appassendo gi\u00e0 nella loro fase embrionale. I sadvipras prenderanno questa umanit\u00e0 trascurata e provvederanno alla sua rinascita. Per loro nessun peccatore \u00e8 spregevole, nessuno \u00e8 una canaglia. Un uomo si trasforma in un satana o un peccatore, quando, per mancanza di una guida appropriata, \u00e8 sommerso da propensioni depravanti. Se le sue propensioni depravanti fossero sublimate, egli non sar\u00e0 pi\u00f9 un satana; sar\u00e0 trasformato in una divinit\u00e0\u201d. Ogni linea di condotta della societ\u00e0 dovrebbe essere giudicata con un occhio al motto: \u201cGli esseri umani sono figli del divino\u201d. Quindi lo scopo del codice penale che sar\u00e0 formulato dai sadvipra sar\u00e0 di rettificare e non di punire una persona. Essi abbatteranno le prigioni e costruiranno campi di riforma. Coloro che non sono criminali innati, in altre parole a coloro che commettono crimini a causa di alcuni difetti organici dovrebbe essere offerto un qualche trattamento in modo che possano umanizzare s\u00e9 stessi. In primo luogo, ed estremamente importante, il loro difetto fisico dovrebbe essere rimosso. L\u2019importanza della societ\u00e0 st\u00e0 nel muoversi insieme. Nel corso del viaggio, se qualcuno resta indietro, se nel buio della notte una raffica di vento spegne la lampada di qualcuno, allora non dovremmo procedere in avanti lasciandolo da solo. Dovremmo tendere a lui\/lei una mano e accendere la lampada con il fuoco che ci ha temprato pure noi\u201d.[\/vc_column_text][\/vc_column][\/vc_row]<\/p>\n<\/div>","protected":false},"excerpt":{"rendered":"<p>[vc_row][vc_column][vc_empty_space height=&#8221;32&#8243;][\/vc_column][\/vc_row][vc_row][vc_column width=&#8221;1\/3&#8243;][vc_single_image image=&#8221;5173&#8243; img_size=&#8221;full&#8221; alignment=&#8221;center&#8221; style=&#8221;vc_box_border&#8221; border_color=&#8221;chino&#8221;][\/vc_column][vc_column width=&#8221;2\/3&#8243; css=&#8221;.vc_custom_1582135856467{margin-left: -25px !important;}&#8221;][vc_column_text css=&#8221;.vc_custom_1582136394167{padding-top: 10px !important;padding-right: 10px !important;padding-bottom: 10px !important;padding-left: 10px !important;background-color: #efd58d !important;}&#8221;]INSEGNAMENTI SOCIO-ECONOMICI DI SHRII PRABHAT RAINJAN SARKAR Il messaggio centrale del PROUT \u00e8 la liberazione degli esseri umani dai problemi mondani in modo che che possano avere maggiori <span class=\"excerpt-dots\">&hellip;<\/span> <a class=\"more-link\" href=\"https:\/\/irprout.it\/?page_id=5172\"><span class=\"more-msg\">Continua a leggere<\/span><\/a><\/p>\n","protected":false},"author":3,"featured_media":0,"parent":0,"menu_order":0,"comment_status":"closed","ping_status":"closed","template":"","meta":{"ngg_post_thumbnail":0,"footnotes":""},"class_list":["post-5172","page","type-page","status-publish","hentry"],"yoast_head":"<!-- This site is optimized with the Yoast SEO plugin v26.6 - https:\/\/yoast.com\/wordpress\/plugins\/seo\/ -->\n<title>INSEGNAMENTI SE DI P.R. SARKAR - Istituto di Ricerca Prout<\/title>\n<meta name=\"robots\" content=\"index, follow, max-snippet:-1, max-image-preview:large, max-video-preview:-1\" \/>\n<link rel=\"canonical\" href=\"https:\/\/irprout.it\/?page_id=5172\" \/>\n<meta property=\"og:locale\" content=\"it_IT\" \/>\n<meta property=\"og:type\" content=\"article\" \/>\n<meta property=\"og:title\" content=\"INSEGNAMENTI SE DI P.R. SARKAR - Istituto di Ricerca Prout\" \/>\n<meta property=\"og:description\" content=\"[vc_row][vc_column][vc_empty_space height=&#8221;32&#8243;][\/vc_column][\/vc_row][vc_row][vc_column width=&#8221;1\/3&#8243;][vc_single_image image=&#8221;5173&#8243; img_size=&#8221;full&#8221; alignment=&#8221;center&#8221; style=&#8221;vc_box_border&#8221; border_color=&#8221;chino&#8221;][\/vc_column][vc_column width=&#8221;2\/3&#8243; css=&#8221;.vc_custom_1582135856467{margin-left: -25px !important;}&#8221;][vc_column_text css=&#8221;.vc_custom_1582136394167{padding-top: 10px !important;padding-right: 10px !important;padding-bottom: 10px !important;padding-left: 10px !important;background-color: #efd58d !important;}&#8221;]INSEGNAMENTI SOCIO-ECONOMICI DI SHRII PRABHAT RAINJAN SARKAR Il messaggio centrale del PROUT \u00e8 la liberazione degli esseri umani dai problemi mondani in modo che che possano avere maggiori &hellip; Continua a leggere\" \/>\n<meta property=\"og:url\" content=\"https:\/\/irprout.it\/?page_id=5172\" \/>\n<meta property=\"og:site_name\" content=\"Istituto di Ricerca Prout\" \/>\n<meta property=\"article:modified_time\" content=\"2020-02-19T18:20:21+00:00\" \/>\n<meta name=\"twitter:label1\" content=\"Tempo di lettura stimato\" \/>\n\t<meta name=\"twitter:data1\" content=\"5 minuti\" \/>\n<script type=\"application\/ld+json\" class=\"yoast-schema-graph\">{\"@context\":\"https:\/\/schema.org\",\"@graph\":[{\"@type\":\"WebPage\",\"@id\":\"https:\/\/irprout.it\/?page_id=5172\",\"url\":\"https:\/\/irprout.it\/?page_id=5172\",\"name\":\"INSEGNAMENTI SE DI P.R. SARKAR - Istituto di Ricerca Prout\",\"isPartOf\":{\"@id\":\"https:\/\/irprout.it\/#website\"},\"datePublished\":\"2020-02-19T18:12:05+00:00\",\"dateModified\":\"2020-02-19T18:20:21+00:00\",\"breadcrumb\":{\"@id\":\"https:\/\/irprout.it\/?page_id=5172#breadcrumb\"},\"inLanguage\":\"it-IT\",\"potentialAction\":[{\"@type\":\"ReadAction\",\"target\":[\"https:\/\/irprout.it\/?page_id=5172\"]}]},{\"@type\":\"BreadcrumbList\",\"@id\":\"https:\/\/irprout.it\/?page_id=5172#breadcrumb\",\"itemListElement\":[{\"@type\":\"ListItem\",\"position\":1,\"name\":\"Home\",\"item\":\"https:\/\/irprout.it\/\"},{\"@type\":\"ListItem\",\"position\":2,\"name\":\"INSEGNAMENTI SE DI P.R. SARKAR\"}]},{\"@type\":\"WebSite\",\"@id\":\"https:\/\/irprout.it\/#website\",\"url\":\"https:\/\/irprout.it\/\",\"name\":\"Istituto di Ricerca Prout\",\"description\":\"Istituto di Ricerca Prout\",\"publisher\":{\"@id\":\"https:\/\/irprout.it\/#organization\"},\"potentialAction\":[{\"@type\":\"SearchAction\",\"target\":{\"@type\":\"EntryPoint\",\"urlTemplate\":\"https:\/\/irprout.it\/?s={search_term_string}\"},\"query-input\":{\"@type\":\"PropertyValueSpecification\",\"valueRequired\":true,\"valueName\":\"search_term_string\"}}],\"inLanguage\":\"it-IT\"},{\"@type\":\"Organization\",\"@id\":\"https:\/\/irprout.it\/#organization\",\"name\":\"Istituto di Ricerca Prout\",\"url\":\"https:\/\/irprout.it\/\",\"logo\":{\"@type\":\"ImageObject\",\"inLanguage\":\"it-IT\",\"@id\":\"https:\/\/irprout.it\/#\/schema\/logo\/image\/\",\"url\":\"http:\/\/irprout.it\/wp-content\/uploads\/2014\/10\/logo_IRP_albero300Cor.jpg\",\"contentUrl\":\"http:\/\/irprout.it\/wp-content\/uploads\/2014\/10\/logo_IRP_albero300Cor.jpg\",\"width\":303,\"height\":304,\"caption\":\"Istituto di Ricerca Prout\"},\"image\":{\"@id\":\"https:\/\/irprout.it\/#\/schema\/logo\/image\/\"}}]}<\/script>\n<!-- \/ Yoast SEO plugin. -->","yoast_head_json":{"title":"INSEGNAMENTI SE DI P.R. SARKAR - Istituto di Ricerca Prout","robots":{"index":"index","follow":"follow","max-snippet":"max-snippet:-1","max-image-preview":"max-image-preview:large","max-video-preview":"max-video-preview:-1"},"canonical":"https:\/\/irprout.it\/?page_id=5172","og_locale":"it_IT","og_type":"article","og_title":"INSEGNAMENTI SE DI P.R. SARKAR - Istituto di Ricerca Prout","og_description":"[vc_row][vc_column][vc_empty_space height=&#8221;32&#8243;][\/vc_column][\/vc_row][vc_row][vc_column width=&#8221;1\/3&#8243;][vc_single_image image=&#8221;5173&#8243; img_size=&#8221;full&#8221; alignment=&#8221;center&#8221; style=&#8221;vc_box_border&#8221; border_color=&#8221;chino&#8221;][\/vc_column][vc_column width=&#8221;2\/3&#8243; css=&#8221;.vc_custom_1582135856467{margin-left: -25px !important;}&#8221;][vc_column_text css=&#8221;.vc_custom_1582136394167{padding-top: 10px !important;padding-right: 10px !important;padding-bottom: 10px !important;padding-left: 10px !important;background-color: #efd58d !important;}&#8221;]INSEGNAMENTI SOCIO-ECONOMICI DI SHRII PRABHAT RAINJAN SARKAR Il messaggio centrale del PROUT \u00e8 la liberazione degli esseri umani dai problemi mondani in modo che che possano avere maggiori &hellip; Continua a leggere","og_url":"https:\/\/irprout.it\/?page_id=5172","og_site_name":"Istituto di Ricerca Prout","article_modified_time":"2020-02-19T18:20:21+00:00","twitter_misc":{"Tempo di lettura stimato":"5 minuti"},"schema":{"@context":"https:\/\/schema.org","@graph":[{"@type":"WebPage","@id":"https:\/\/irprout.it\/?page_id=5172","url":"https:\/\/irprout.it\/?page_id=5172","name":"INSEGNAMENTI SE DI P.R. SARKAR - Istituto di Ricerca Prout","isPartOf":{"@id":"https:\/\/irprout.it\/#website"},"datePublished":"2020-02-19T18:12:05+00:00","dateModified":"2020-02-19T18:20:21+00:00","breadcrumb":{"@id":"https:\/\/irprout.it\/?page_id=5172#breadcrumb"},"inLanguage":"it-IT","potentialAction":[{"@type":"ReadAction","target":["https:\/\/irprout.it\/?page_id=5172"]}]},{"@type":"BreadcrumbList","@id":"https:\/\/irprout.it\/?page_id=5172#breadcrumb","itemListElement":[{"@type":"ListItem","position":1,"name":"Home","item":"https:\/\/irprout.it\/"},{"@type":"ListItem","position":2,"name":"INSEGNAMENTI SE DI P.R. SARKAR"}]},{"@type":"WebSite","@id":"https:\/\/irprout.it\/#website","url":"https:\/\/irprout.it\/","name":"Istituto di Ricerca Prout","description":"Istituto di Ricerca Prout","publisher":{"@id":"https:\/\/irprout.it\/#organization"},"potentialAction":[{"@type":"SearchAction","target":{"@type":"EntryPoint","urlTemplate":"https:\/\/irprout.it\/?s={search_term_string}"},"query-input":{"@type":"PropertyValueSpecification","valueRequired":true,"valueName":"search_term_string"}}],"inLanguage":"it-IT"},{"@type":"Organization","@id":"https:\/\/irprout.it\/#organization","name":"Istituto di Ricerca Prout","url":"https:\/\/irprout.it\/","logo":{"@type":"ImageObject","inLanguage":"it-IT","@id":"https:\/\/irprout.it\/#\/schema\/logo\/image\/","url":"http:\/\/irprout.it\/wp-content\/uploads\/2014\/10\/logo_IRP_albero300Cor.jpg","contentUrl":"http:\/\/irprout.it\/wp-content\/uploads\/2014\/10\/logo_IRP_albero300Cor.jpg","width":303,"height":304,"caption":"Istituto di Ricerca Prout"},"image":{"@id":"https:\/\/irprout.it\/#\/schema\/logo\/image\/"}}]}},"_links":{"self":[{"href":"https:\/\/irprout.it\/index.php?rest_route=\/wp\/v2\/pages\/5172","targetHints":{"allow":["GET"]}}],"collection":[{"href":"https:\/\/irprout.it\/index.php?rest_route=\/wp\/v2\/pages"}],"about":[{"href":"https:\/\/irprout.it\/index.php?rest_route=\/wp\/v2\/types\/page"}],"author":[{"embeddable":true,"href":"https:\/\/irprout.it\/index.php?rest_route=\/wp\/v2\/users\/3"}],"replies":[{"embeddable":true,"href":"https:\/\/irprout.it\/index.php?rest_route=%2Fwp%2Fv2%2Fcomments&post=5172"}],"version-history":[{"count":15,"href":"https:\/\/irprout.it\/index.php?rest_route=\/wp\/v2\/pages\/5172\/revisions"}],"predecessor-version":[{"id":5189,"href":"https:\/\/irprout.it\/index.php?rest_route=\/wp\/v2\/pages\/5172\/revisions\/5189"}],"wp:attachment":[{"href":"https:\/\/irprout.it\/index.php?rest_route=%2Fwp%2Fv2%2Fmedia&parent=5172"}],"curies":[{"name":"wp","href":"https:\/\/api.w.org\/{rel}","templated":true}]}}