{"id":5285,"date":"2020-03-15T15:48:38","date_gmt":"2020-03-15T14:48:38","guid":{"rendered":"http:\/\/irprout.it\/?page_id=5285"},"modified":"2020-03-15T15:53:35","modified_gmt":"2020-03-15T14:53:35","slug":"ravi-batra-una-poesia","status":"publish","type":"page","link":"https:\/\/irprout.it\/?page_id=5285","title":{"rendered":"Ravi Batra: una poesia"},"content":{"rendered":"<div class=\"wpb-content-wrapper\"><p>[vc_row][vc_column css=&#8221;.vc_custom_1584283398089{background-color: #f4db89 !important;}&#8221;][vc_custom_heading text=&#8221;Ravi Batra: una poesia&#8221; font_container=&#8221;tag:h1|text_align:left&#8221; google_fonts=&#8221;font_family:Anton%3Aregular|font_style:400%20regular%3A400%3Anormal&#8221;][\/vc_column][\/vc_row][vc_row][vc_column][vc_empty_space][\/vc_column][\/vc_row][vc_row][vc_column width=&#8221;1\/4&#8243;][vc_single_image image=&#8221;5284&#8243; img_size=&#8221;full&#8221;][vc_column_text css=&#8221;.vc_custom_1584283902321{margin-top: -20px !important;}&#8221;]<\/p>\n<pre>Ecco come un lavandaio sbatte violentemente i panni lavati su un lavatoio.<\/pre>\n<p>[\/vc_column_text][\/vc_column][vc_column width=&#8221;3\/4&#8243;][vc_column_text]<span style=\"font-size: 14pt;\"><strong>Il 2016 sar\u00e0 un anno tumultuoso<\/strong><\/span><\/p>\n<p>Ho scritto molti libri nella mia vita e alcuni di essi hanno fatto diverse previsioni. Ad esempio, in un libro pubblicato alla fine del 2006, ho individuato l&#8217;anno in cui sarebbe iniziata una grande recessione negli Stati Uniti per poi inghiottire il mondo. Alcune delle mie parole nel libro <em>The New Golden Age<\/em> sono state:<\/p>\n<p>L&#8217;economia peggiorer\u00e0 costantemente con il calo dei prezzi delle case e l&#8217;aumento dei licenziamenti&#8230;(p.173).<\/p>\n<p>La bolla immobiliare sembra essere un grosso problema, un tempo aveva avuto molto slancio ma che ora sta cominciando ad allontanarsi. \u00c8 probabile che scoppier\u00e0 nel 2008, pi\u00f9 o meno tra un anno. Lo scoppio potrebbe iniziare nel 2007 e continuare fino al 2009. (p.175)<\/p>\n<p>L&#8217;economia potrebbe ancora affrontare una forte recessione a causa dell&#8217;aumento dei prezzi del petrolio, ma evitare la calamit\u00e0 di una depressione. La disoccupazione potrebbe salire al livello del 10 per cento o pi\u00f9. (p.179)<\/p>\n<p>Il resto \u00e8 storia. La bolla immobiliare \u00e8 scoppiata a met\u00e0 del 2007, mentre, secondo il <em>National Bureau of Economic Research<\/em>, la cosiddetta Grande Recessione \u00e8 iniziata nel dicembre 2007 e si \u00e8 conclusa nel luglio 2009. Inoltre i mercati azionari sono crollati tra ottobre 2007 e marzo 2009, mentre la disoccupazione \u00e8 salita al 10% entro la fine del 2010.<\/p>\n<p>Per quanto riguarda il petrolio, la mia previsione era che &#8220;<em>la bolla attuale potrebbe andare avanti fino al 2011 e poi crollare nel 2012<\/em>&#8220;. (p. 175.) Questa previsione era leggermente sbagliata, perch\u00e9 il prezzo del petrolio ha cominciato a crollare nel 2014, e continua a crollare. Ricordate per\u00f2 che tutte queste previsioni sono state fatte nel 2006.<\/p>\n<p><strong>Ora la domanda \u00e8:<\/strong> cosa ci aspetta nel 2016? Dato che la povert\u00e0 negli Stati Uniti \u00e8 la peggiore degli ultimi 50 anni, una vasta fascia di americani &#8211; anche i poveri di tutto il mondo &#8211; non vede l&#8217;ora di un grande cambiamento nella societ\u00e0; vede come il denaro ha corrotto la politica e la politica economica; si sente senza speranza e desidera a Dio che qualcuno metta fine alla regola del denaro. \u00c8 in questo spirito che ho scritto una poesia, che si conclude con un messaggio di speranza nel 2016. (Ho iniziato a scrivere questa poesia nel 2010 e l&#8217;ho completata lo scorso dicembre 2015).[\/vc_column_text][\/vc_column][\/vc_row][vc_row][vc_column][vc_empty_space][vc_column_text css=&#8221;.vc_custom_1584283984230{background-color: #fce68f !important;}&#8221;]<\/p>\n<p style=\"text-align: center;\"><span style=\"font-family: Anton, sans-serif;\"><strong><span style=\"font-size: 20pt;\">La Poesia<\/span><\/strong><\/span><\/p>\n<p>[\/vc_column_text][\/vc_column][\/vc_row][vc_row][vc_column width=&#8221;1\/2&#8243;][vc_column_text]<span style=\"font-size: 14pt; font-family: 'Nanum Gothic', sans-serif;\"><strong>God\u2019s Washer Man Plan: A New Year Message<\/strong><\/span><\/p>\n<p>When righteousness dies and sin prevails<br \/>\nGod makes a plan to end travails<br \/>\nLeaders rise to destroy greed and cruelty<br \/>\nTo restore honesty and end poverty<br \/>\nThe wicked tremble as crowds roar<br \/>\nYou will not grab our wealth any more<br \/>\nThe corrupt are put to slander and shame<br \/>\nEconomists helping them get the blame<br \/>\nO Big Business, heed the clarion call<br \/>\nFor God is about to make you fall<br \/>\nOur Father is now well enraged<br \/>\nHis washer man plan is taking shape<br \/>\nA washer man slams clothes on jagged rocks<br \/>\nTo&nbsp; cleanse them of dirt and dross<br \/>\nGod has lifted rich CEOs to a new height<br \/>\nTo slam them down in a terrible blight<br \/>\nThey will now pay for stealing from the poor<br \/>\nAnd go to jail, with impunity no more<br \/>\nThis will end the rule of acquisitors<br \/>\nWhile sanity, humanity and people will be victors<br \/>\nWatch the world dance in celebration<br \/>\nAs tyrants face humiliation<br \/>\nThe oligarchs are arrogant and mean<br \/>\nWorry not, God\u2019s plan will start in 2016[\/vc_column_text][\/vc_column][vc_column width=&#8221;1\/2&#8243;][vc_column_text]<span style=\"font-size: 14pt; font-family: 'Nanum Gothic', sans-serif;\"><strong>Il piano del lavandaio di Dio: messaggio per il nuovo anno<\/strong><\/span><\/p>\n<p>Quando la giustizia muore e il peccato prevale<br \/>\nDio fa un piano per porre fine ai travagli<br \/>\nI leader si alzano per distruggere l&#8217;avidit\u00e0 e la crudelt\u00e0<br \/>\nPer ripristinare l&#8217;onest\u00e0 e porre fine alla povert\u00e0<br \/>\nI malvagi tremano mentre la folla ruggisce<br \/>\nNon afferrerete pi\u00f9 la nostra ricchezza<br \/>\nI corrotti sono messi alla gogna e alla vergogna<br \/>\nGli economisti li aiutano a prendersi la colpa<br \/>\nO grandi Business, ascoltate la chiamata<br \/>\nPerch\u00e9 Dio sta per farvi cadere<br \/>\nNostro Padre \u00e8 ora ben infuriato<br \/>\nIl suo piano sta prendendo forma<br \/>\nUn lavandaio sbatte i vestiti su rocce frastagliate<br \/>\nPer purificarli dallo sporco e dalle scorie<br \/>\nDio ha innalzato i ricchi amministratori delegati a nuove altezze<br \/>\nPer sbatterli gi\u00f9 in terribile rovina<br \/>\nOra pagheranno per aver rubato ai poveri<br \/>\nE andranno in prigione, senza pi\u00f9 impunit\u00e0<br \/>\nIn questo modo si porr\u00e0 fine al dominio degli affaristi<br \/>\nMentre la sanit\u00e0 mentale, l&#8217;umanit\u00e0 e le persone saranno i vincitori<br \/>\nGuarda il mondo ballare in festa<br \/>\nMentre i tiranni affrontano l&#8217;umiliazione<br \/>\nGli oligarchi sono arroganti e meschini<br \/>\nNon preoccuparti, il piano di Dio inizier\u00e0 nel 2016[\/vc_column_text][\/vc_column][\/vc_row]<\/p>\n<\/div>","protected":false},"excerpt":{"rendered":"<p>[vc_row][vc_column css=&#8221;.vc_custom_1584283398089{background-color: #f4db89 !important;}&#8221;][vc_custom_heading text=&#8221;Ravi Batra: una poesia&#8221; font_container=&#8221;tag:h1|text_align:left&#8221; google_fonts=&#8221;font_family:Anton%3Aregular|font_style:400%20regular%3A400%3Anormal&#8221;][\/vc_column][\/vc_row][vc_row][vc_column][vc_empty_space][\/vc_column][\/vc_row][vc_row][vc_column width=&#8221;1\/4&#8243;][vc_single_image image=&#8221;5284&#8243; img_size=&#8221;full&#8221;][vc_column_text css=&#8221;.vc_custom_1584283902321{margin-top: -20px !important;}&#8221;] Ecco come un lavandaio sbatte violentemente i panni lavati su un lavatoio. [\/vc_column_text][\/vc_column][vc_column width=&#8221;3\/4&#8243;][vc_column_text]Il 2016 sar\u00e0 un anno tumultuoso Ho scritto molti libri nella mia vita e alcuni di essi hanno fatto diverse previsioni. <span class=\"excerpt-dots\">&hellip;<\/span> <a class=\"more-link\" href=\"https:\/\/irprout.it\/?page_id=5285\"><span class=\"more-msg\">Continua a leggere<\/span><\/a><\/p>\n","protected":false},"author":3,"featured_media":0,"parent":0,"menu_order":0,"comment_status":"closed","ping_status":"closed","template":"","meta":{"ngg_post_thumbnail":0,"footnotes":""},"class_list":["post-5285","page","type-page","status-publish","hentry"],"yoast_head":"<!-- This site is optimized with the Yoast SEO plugin v26.6 - https:\/\/yoast.com\/wordpress\/plugins\/seo\/ -->\n<title>Ravi Batra: una poesia - Istituto di Ricerca Prout<\/title>\n<meta name=\"robots\" content=\"index, follow, max-snippet:-1, max-image-preview:large, max-video-preview:-1\" \/>\n<link rel=\"canonical\" href=\"https:\/\/irprout.it\/?page_id=5285\" \/>\n<meta property=\"og:locale\" content=\"it_IT\" \/>\n<meta property=\"og:type\" content=\"article\" \/>\n<meta property=\"og:title\" content=\"Ravi Batra: una poesia - Istituto di Ricerca Prout\" \/>\n<meta property=\"og:description\" content=\"[vc_row][vc_column css=&#8221;.vc_custom_1584283398089{background-color: #f4db89 !important;}&#8221;][vc_custom_heading text=&#8221;Ravi Batra: una poesia&#8221; font_container=&#8221;tag:h1|text_align:left&#8221; google_fonts=&#8221;font_family:Anton%3Aregular|font_style:400%20regular%3A400%3Anormal&#8221;][\/vc_column][\/vc_row][vc_row][vc_column][vc_empty_space][\/vc_column][\/vc_row][vc_row][vc_column width=&#8221;1\/4&#8243;][vc_single_image image=&#8221;5284&#8243; img_size=&#8221;full&#8221;][vc_column_text css=&#8221;.vc_custom_1584283902321{margin-top: -20px !important;}&#8221;] Ecco come un lavandaio sbatte violentemente i panni lavati su un lavatoio. [\/vc_column_text][\/vc_column][vc_column width=&#8221;3\/4&#8243;][vc_column_text]Il 2016 sar\u00e0 un anno tumultuoso Ho scritto molti libri nella mia vita e alcuni di essi hanno fatto diverse previsioni. &hellip; Continua a leggere\" \/>\n<meta property=\"og:url\" content=\"https:\/\/irprout.it\/?page_id=5285\" \/>\n<meta property=\"og:site_name\" content=\"Istituto di Ricerca Prout\" \/>\n<meta property=\"article:modified_time\" content=\"2020-03-15T14:53:35+00:00\" \/>\n<meta name=\"twitter:label1\" content=\"Tempo di lettura stimato\" \/>\n\t<meta name=\"twitter:data1\" content=\"4 minuti\" \/>\n<script type=\"application\/ld+json\" class=\"yoast-schema-graph\">{\"@context\":\"https:\/\/schema.org\",\"@graph\":[{\"@type\":\"WebPage\",\"@id\":\"https:\/\/irprout.it\/?page_id=5285\",\"url\":\"https:\/\/irprout.it\/?page_id=5285\",\"name\":\"Ravi Batra: una poesia - Istituto di Ricerca Prout\",\"isPartOf\":{\"@id\":\"https:\/\/irprout.it\/#website\"},\"datePublished\":\"2020-03-15T14:48:38+00:00\",\"dateModified\":\"2020-03-15T14:53:35+00:00\",\"breadcrumb\":{\"@id\":\"https:\/\/irprout.it\/?page_id=5285#breadcrumb\"},\"inLanguage\":\"it-IT\",\"potentialAction\":[{\"@type\":\"ReadAction\",\"target\":[\"https:\/\/irprout.it\/?page_id=5285\"]}]},{\"@type\":\"BreadcrumbList\",\"@id\":\"https:\/\/irprout.it\/?page_id=5285#breadcrumb\",\"itemListElement\":[{\"@type\":\"ListItem\",\"position\":1,\"name\":\"Home\",\"item\":\"https:\/\/irprout.it\/\"},{\"@type\":\"ListItem\",\"position\":2,\"name\":\"Ravi Batra: una poesia\"}]},{\"@type\":\"WebSite\",\"@id\":\"https:\/\/irprout.it\/#website\",\"url\":\"https:\/\/irprout.it\/\",\"name\":\"Istituto di Ricerca Prout\",\"description\":\"Istituto di Ricerca Prout\",\"publisher\":{\"@id\":\"https:\/\/irprout.it\/#organization\"},\"potentialAction\":[{\"@type\":\"SearchAction\",\"target\":{\"@type\":\"EntryPoint\",\"urlTemplate\":\"https:\/\/irprout.it\/?s={search_term_string}\"},\"query-input\":{\"@type\":\"PropertyValueSpecification\",\"valueRequired\":true,\"valueName\":\"search_term_string\"}}],\"inLanguage\":\"it-IT\"},{\"@type\":\"Organization\",\"@id\":\"https:\/\/irprout.it\/#organization\",\"name\":\"Istituto di Ricerca Prout\",\"url\":\"https:\/\/irprout.it\/\",\"logo\":{\"@type\":\"ImageObject\",\"inLanguage\":\"it-IT\",\"@id\":\"https:\/\/irprout.it\/#\/schema\/logo\/image\/\",\"url\":\"http:\/\/irprout.it\/wp-content\/uploads\/2014\/10\/logo_IRP_albero300Cor.jpg\",\"contentUrl\":\"http:\/\/irprout.it\/wp-content\/uploads\/2014\/10\/logo_IRP_albero300Cor.jpg\",\"width\":303,\"height\":304,\"caption\":\"Istituto di Ricerca Prout\"},\"image\":{\"@id\":\"https:\/\/irprout.it\/#\/schema\/logo\/image\/\"}}]}<\/script>\n<!-- \/ Yoast SEO plugin. -->","yoast_head_json":{"title":"Ravi Batra: una poesia - Istituto di Ricerca Prout","robots":{"index":"index","follow":"follow","max-snippet":"max-snippet:-1","max-image-preview":"max-image-preview:large","max-video-preview":"max-video-preview:-1"},"canonical":"https:\/\/irprout.it\/?page_id=5285","og_locale":"it_IT","og_type":"article","og_title":"Ravi Batra: una poesia - Istituto di Ricerca Prout","og_description":"[vc_row][vc_column css=&#8221;.vc_custom_1584283398089{background-color: #f4db89 !important;}&#8221;][vc_custom_heading text=&#8221;Ravi Batra: una poesia&#8221; font_container=&#8221;tag:h1|text_align:left&#8221; google_fonts=&#8221;font_family:Anton%3Aregular|font_style:400%20regular%3A400%3Anormal&#8221;][\/vc_column][\/vc_row][vc_row][vc_column][vc_empty_space][\/vc_column][\/vc_row][vc_row][vc_column width=&#8221;1\/4&#8243;][vc_single_image image=&#8221;5284&#8243; img_size=&#8221;full&#8221;][vc_column_text css=&#8221;.vc_custom_1584283902321{margin-top: -20px !important;}&#8221;] Ecco come un lavandaio sbatte violentemente i panni lavati su un lavatoio. [\/vc_column_text][\/vc_column][vc_column width=&#8221;3\/4&#8243;][vc_column_text]Il 2016 sar\u00e0 un anno tumultuoso Ho scritto molti libri nella mia vita e alcuni di essi hanno fatto diverse previsioni. &hellip; Continua a leggere","og_url":"https:\/\/irprout.it\/?page_id=5285","og_site_name":"Istituto di Ricerca Prout","article_modified_time":"2020-03-15T14:53:35+00:00","twitter_misc":{"Tempo di lettura stimato":"4 minuti"},"schema":{"@context":"https:\/\/schema.org","@graph":[{"@type":"WebPage","@id":"https:\/\/irprout.it\/?page_id=5285","url":"https:\/\/irprout.it\/?page_id=5285","name":"Ravi Batra: una poesia - Istituto di Ricerca Prout","isPartOf":{"@id":"https:\/\/irprout.it\/#website"},"datePublished":"2020-03-15T14:48:38+00:00","dateModified":"2020-03-15T14:53:35+00:00","breadcrumb":{"@id":"https:\/\/irprout.it\/?page_id=5285#breadcrumb"},"inLanguage":"it-IT","potentialAction":[{"@type":"ReadAction","target":["https:\/\/irprout.it\/?page_id=5285"]}]},{"@type":"BreadcrumbList","@id":"https:\/\/irprout.it\/?page_id=5285#breadcrumb","itemListElement":[{"@type":"ListItem","position":1,"name":"Home","item":"https:\/\/irprout.it\/"},{"@type":"ListItem","position":2,"name":"Ravi Batra: una poesia"}]},{"@type":"WebSite","@id":"https:\/\/irprout.it\/#website","url":"https:\/\/irprout.it\/","name":"Istituto di Ricerca Prout","description":"Istituto di Ricerca Prout","publisher":{"@id":"https:\/\/irprout.it\/#organization"},"potentialAction":[{"@type":"SearchAction","target":{"@type":"EntryPoint","urlTemplate":"https:\/\/irprout.it\/?s={search_term_string}"},"query-input":{"@type":"PropertyValueSpecification","valueRequired":true,"valueName":"search_term_string"}}],"inLanguage":"it-IT"},{"@type":"Organization","@id":"https:\/\/irprout.it\/#organization","name":"Istituto di Ricerca Prout","url":"https:\/\/irprout.it\/","logo":{"@type":"ImageObject","inLanguage":"it-IT","@id":"https:\/\/irprout.it\/#\/schema\/logo\/image\/","url":"http:\/\/irprout.it\/wp-content\/uploads\/2014\/10\/logo_IRP_albero300Cor.jpg","contentUrl":"http:\/\/irprout.it\/wp-content\/uploads\/2014\/10\/logo_IRP_albero300Cor.jpg","width":303,"height":304,"caption":"Istituto di Ricerca Prout"},"image":{"@id":"https:\/\/irprout.it\/#\/schema\/logo\/image\/"}}]}},"_links":{"self":[{"href":"https:\/\/irprout.it\/index.php?rest_route=\/wp\/v2\/pages\/5285","targetHints":{"allow":["GET"]}}],"collection":[{"href":"https:\/\/irprout.it\/index.php?rest_route=\/wp\/v2\/pages"}],"about":[{"href":"https:\/\/irprout.it\/index.php?rest_route=\/wp\/v2\/types\/page"}],"author":[{"embeddable":true,"href":"https:\/\/irprout.it\/index.php?rest_route=\/wp\/v2\/users\/3"}],"replies":[{"embeddable":true,"href":"https:\/\/irprout.it\/index.php?rest_route=%2Fwp%2Fv2%2Fcomments&post=5285"}],"version-history":[{"count":11,"href":"https:\/\/irprout.it\/index.php?rest_route=\/wp\/v2\/pages\/5285\/revisions"}],"predecessor-version":[{"id":5296,"href":"https:\/\/irprout.it\/index.php?rest_route=\/wp\/v2\/pages\/5285\/revisions\/5296"}],"wp:attachment":[{"href":"https:\/\/irprout.it\/index.php?rest_route=%2Fwp%2Fv2%2Fmedia&parent=5285"}],"curies":[{"name":"wp","href":"https:\/\/api.w.org\/{rel}","templated":true}]}}