{"id":53,"date":"2014-09-23T08:27:01","date_gmt":"2014-09-23T08:27:01","guid":{"rendered":"http:\/\/irprout.it\/?page_id=53"},"modified":"2015-02-18T17:53:42","modified_gmt":"2015-02-18T16:53:42","slug":"politica","status":"publish","type":"page","link":"https:\/\/irprout.it\/?page_id=53","title":{"rendered":"SISTEMA POLITICO"},"content":{"rendered":"<p><span style=\"color: #000000;\"><span style=\"color: #ffffff; background-color: #cf0000; font-size: 28pt;\"><strong><strong><span style=\"color: #ffffff; font-family: arial, helvetica, sans-serif; background-color: #99cc00; font-size: 28pt;\"><img decoding=\"async\" class=\"wp-image-2636 alignright lazyload\" data-src=\"https:\/\/irprout.it\/wp-content\/uploads\/2014\/10\/ALBERO.jpg\" alt=\"ALBERO\" width=\"308\" height=\"324\" src=\"data:image\/svg+xml;base64,PHN2ZyB3aWR0aD0iMSIgaGVpZ2h0PSIxIiB4bWxucz0iaHR0cDovL3d3dy53My5vcmcvMjAwMC9zdmciPjwvc3ZnPg==\" style=\"--smush-placeholder-width: 308px; --smush-placeholder-aspect-ratio: 308\/324;\" \/><\/span><\/strong>\u00a0sistema politico\u00a0<\/strong><\/span><\/span><\/p>\n<p>&nbsp;<\/p>\n<p><span style=\"color: #000000; font-size: 18pt;\">\u00a0<a style=\"color: #000000;\" href=\"https:\/\/irprout.it\/?page_id=493\">Istituzioni: <\/a><\/span><\/p>\n<p><span style=\"color: #ffffff; background-color: #cf0000; font-size: 18pt;\"><strong>\u00a0<a style=\"color: #ffffff; background-color: #cf0000;\" href=\"https:\/\/irprout.it\/?page_id=493\">Sistema di Governo\u00a0<\/a><\/strong><\/span><\/p>\n<p><span style=\"color: #ffffff; font-size: 14pt; background-color: #cf0000;\"><strong>\u00a0Alcuni elementi del Sistema Politico\u00a0<\/strong><\/span><\/p>\n<ul>\n<li><span style=\"color: #cf0000;\"><strong><img decoding=\"async\" class=\"wp-image-1973 alignleft lazyload\" data-src=\"https:\/\/irprout.it\/wp-content\/uploads\/2014\/09\/forme_di_governo.jpg\" alt=\"forme_di_governo\" width=\"134\" height=\"174\" src=\"data:image\/svg+xml;base64,PHN2ZyB3aWR0aD0iMSIgaGVpZ2h0PSIxIiB4bWxucz0iaHR0cDovL3d3dy53My5vcmcvMjAwMC9zdmciPjwvc3ZnPg==\" style=\"--smush-placeholder-width: 134px; --smush-placeholder-aspect-ratio: 134\/174;\" \/>Sistema di Democrazia A-partitica<br \/>\n<\/strong><\/span><\/li>\n<li><span style=\"color: #cf0000;\"><strong>Esempio di composizione del Parlamento e delle Amministrazioni locali<\/strong><\/span><\/li>\n<li><span style=\"color: #cf0000;\"><strong>Funzioni distinte di Camera e Senato<\/strong><\/span><\/li>\n<li><span style=\"color: #cf0000;\"><strong>Formazione del Collegio Elettorale<\/strong><\/span><\/li>\n<li><span style=\"color: #cf0000;\"><strong>Il sistema Selecto-Elettorale<\/strong><\/span><\/li>\n<li><span style=\"color: #cf0000;\"><strong>Funzione dei Comitati Sociali<\/strong><\/span><\/li>\n<\/ul>\n<p>&nbsp;<\/p>\n<p><span style=\"font-size: 18pt;\"><a style=\"color: #ffffff; background-color: #cf0000;\" href=\"https:\/\/irprout.it\/?page_id=489\"><strong>\u00a0Sistema Elettorale<\/strong><\/a><b style=\"color: #ffffff; font-size: 18pt; background-color: #cf0000;\">\u00a0<\/b><\/span><\/p>\n<p><span style=\"color: #000000;\"><img decoding=\"async\" class=\"wp-image-1971 alignleft lazyload\" data-src=\"https:\/\/irprout.it\/wp-content\/uploads\/2014\/09\/election_boot.jpg\" alt=\"election_boot\" width=\"132\" height=\"159\" src=\"data:image\/svg+xml;base64,PHN2ZyB3aWR0aD0iMSIgaGVpZ2h0PSIxIiB4bWxucz0iaHR0cDovL3d3dy53My5vcmcvMjAwMC9zdmciPjwvc3ZnPg==\" style=\"--smush-placeholder-width: 132px; --smush-placeholder-aspect-ratio: 132\/159;\" \/>Il PROUT propone il sistema <strong>Selecto-Elettorale<\/strong>, per ottenere una maggiore qualit\u00e0 dei rappresentanti a tutti i livelli<\/span><\/p>\n<p><span style=\"color: #000000;\">\u00a0<\/span><\/p>\n<p>&nbsp;<\/p>\n<p><span style=\"color: #000000;\">\u00a0<\/span><\/p>\n<p><span style=\"color: #000000;\">\u00a0<\/span><\/p>\n<p><span style=\"color: #000000;\">\u00a0<\/span><\/p>\n<p><span style=\"font-size: 18pt;\"><strong><span style=\"background-color: #cf0000; color: #ffffff;\"><a style=\"color: #ffffff; background-color: #cf0000;\" href=\"https:\/\/irprout.it\/?page_id=487\">\u00a0Leadership<\/a>\u00a0<\/span><\/strong><\/span><\/p>\n<p><span style=\"color: #000000;\"><a style=\"color: #000000;\" href=\"https:\/\/irprout.it\/?page_id=487\"><img decoding=\"async\" class=\"wp-image-1981 alignright lazyload\" data-src=\"https:\/\/irprout.it\/wp-content\/uploads\/2014\/09\/leadership_img1.jpg\" alt=\"leadership_img1\" width=\"176\" height=\"123\" src=\"data:image\/svg+xml;base64,PHN2ZyB3aWR0aD0iMSIgaGVpZ2h0PSIxIiB4bWxucz0iaHR0cDovL3d3dy53My5vcmcvMjAwMC9zdmciPjwvc3ZnPg==\" style=\"--smush-placeholder-width: 176px; --smush-placeholder-aspect-ratio: 176\/123;\" \/><\/a>P.R. Sarkar, nella sua analisi delle 4 psicologie collettive, spiega che, nel corso della storia, ogni classe sociale ha sempre sfruttato le altre. Vi sono delle persone che non appartengono a nessuna delle 4 psicologie collettive, ma sommano in s\u00e9 tutte le loro caratteristiche.<strong> Queste persone sono dei grandi lavoratori\/trici, coraggiose, acuti\/e intellettuali e efficienti affaristi\/e. Inoltre hanno levatura morale e spirituale, essenziale per garantire il benessere e lo sviluppo collettivo.<\/strong> Per queste persone Sarkar conia il termine <strong>SADVIPRA<\/strong>, tradotto <strong>&#8216;buoni intellettuali&#8217;<\/strong>.<\/span><\/p>\n<p>&nbsp;<\/p>\n<p><span style=\"font-size: 18pt;\"><strong><span style=\"background-color: #cf0000; color: #ffffff;\">\u00a0<a style=\"color: #ffffff; background-color: #cf0000;\" href=\"https:\/\/irprout.it\/?page_id=333\">Riforme Costituzionali<\/a>\u00a0<\/span><\/strong><\/span><\/p>\n<p><span style=\"color: #ffffff; background-color: #cf0000; font-size: 12pt;\"><img decoding=\"async\" class=\"wp-image-226 alignleft lazyload\" data-src=\"https:\/\/irprout.it\/wp-content\/uploads\/2014\/09\/PR-Sarkar_3.jpg\" alt=\"PR-Sarkar_3\" width=\"116\" height=\"160\" src=\"data:image\/svg+xml;base64,PHN2ZyB3aWR0aD0iMSIgaGVpZ2h0PSIxIiB4bWxucz0iaHR0cDovL3d3dy53My5vcmcvMjAwMC9zdmciPjwvc3ZnPg==\" style=\"--smush-placeholder-width: 116px; --smush-placeholder-aspect-ratio: 116\/160;\" \/>\u00a0<span style=\"color: #000000;\">da<\/span> Soluzioni ad Alcuni Problemi, \u00a0Parte 8 <span style=\"color: #000000;\">\u00a0<\/span><\/span><\/p>\n<p><span style=\"color: #ffffff; background-color: #cf0000; font-size: 12pt;\"><span style=\"color: #000000;\">\u00a0di<\/span> P.R. Sarkar\u00a0<\/span><br \/>\n<span style=\"color: #000000;\"><br \/>\nCon i cambiamenti del ciclo sociale<a style=\"color: #000000;\" href=\"https:\/\/irprout.it\/?page_id=333#_ftn1\" name=\"_ftnref1\">[1]<\/a>, la societ\u00e0 umana ha sviluppato diverse istituzioni sociali per svolgere le proprie funzioni e perseguire le proprie responsabilit\u00e0. <strong>Lo stato \u00e8 un\u2019istituzione vitale che organizza un gruppo di persone in un certo territorio, le governa, promuove il loro benessere e vigila sulla loro buona sorte.<\/strong> Questa istituzione \u00e8 potente perch\u00e9 gode anche di potere sovrano.<\/span><br \/>\n<span style=\"color: #000000;\"> <strong>L\u2019accumulazione del potere \u00e8 pericolosa se non \u00e8 guidata da alcune regole e principi di base.<\/strong> Il libro guida in cui sono codificate tutte le norme, i regolamenti e i principi per il corretto funzionamento di uno stato, si chiama Costituzione.<\/span><\/p>\n<p>&nbsp;<\/p>\n<p style=\"text-align: left;\"><strong><span style=\"color: #ffffff; background-color: #cf0000; font-size: 18pt;\">\u00a0<a style=\"color: #ffffff; background-color: #cf0000;\" href=\"https:\/\/irprout.it\/?page_id=1905\">Oltre il Liberalismo Politico<\/a>\u00a0<\/span><\/strong><\/p>\n<p style=\"text-align: left;\"><span style=\"color: #ffffff; background-color: #cf0000; font-size: 12pt;\"><span style=\"color: #000000;\"><img decoding=\"async\" class=\"alignleft  wp-image-720 lazyload\" data-src=\"https:\/\/irprout.it\/wp-content\/uploads\/2014\/09\/krtashivananda.jpg\" alt=\"krtashivananda\" width=\"120\" height=\"168\" src=\"data:image\/svg+xml;base64,PHN2ZyB3aWR0aD0iMSIgaGVpZ2h0PSIxIiB4bWxucz0iaHR0cDovL3d3dy53My5vcmcvMjAwMC9zdmciPjwvc3ZnPg==\" style=\"--smush-placeholder-width: 120px; --smush-placeholder-aspect-ratio: 120\/168;\" \/>\u00a0di<\/span> Ac. Krtashivananda Avt.\u00a0<\/span><\/p>\n<p style=\"text-align: left;\"><span style=\"font-size: 12pt; color: #000000; font-family: tahoma, arial, helvetica, sans-serif;\"><span style=\"font-size: 10pt;\">Prabhat Rainjan Sarkar propose, nel 1959, la Teoria della Utilizzazione Progressiva (PROUT) come alternativa al capitalismo e al comunismo. Tutte le sue idee sono enunciate nei testi \u201c<em>Prout in sintesi<\/em>\u201d, \u201c<em>Neo-umanesimo in sintesi<\/em>\u201d, \u201c<em>La Societ\u00e0 Umana<\/em>\u201d, parte 1-2 e \u201c<em>Soluzioni ad alcuni Problemi<\/em>\u201d.\u00a0<\/span><\/span><\/p>\n<p style=\"text-align: left;\"><span style=\"font-size: 12pt; color: #000000; font-family: tahoma, arial, helvetica, sans-serif;\"><span style=\"font-size: 10pt;\">Elaboro, in questo opuscolo, il suo concetto di teoria politica, nell\u2019ambito del suo vasto contributo intellettuale al progresso dell\u2019umanit\u00e0. <em>Ac. Krtashivananda Avt.<\/em><\/span><\/span><\/p>\n<p><span style=\"color: #000000;\">Molte delle idee innovative, classiche e rivoluzionarie di natura sociale, politica od economica, dei secoli scorsi, sono state ormai sorpassate dagli eventi, dalle mutate condizioni psicologiche e strutturali della societ\u00e0.<\/span><\/p>\n<p>&nbsp;<\/p>\n<p><span style=\"font-size: 18pt;\"><strong><span style=\"color: #ffffff; background-color: #cf0000;\">\u00a0<a style=\"color: #ffffff; background-color: #cf0000;\" href=\"https:\/\/irprout.it\/?page_id=491\">Governo Mondiale<\/a>\u00a0<\/span><\/strong><\/span><\/p>\n<p><span style=\"font-size: 14pt; color: #cf0000;\"><strong><span style=\"background-color: #cf0000; color: #ffffff;\">\u00a0<a style=\"color: #ffffff; background-color: #cf0000;\" href=\"https:\/\/irprout.it\/?page_id=491\">una realt\u00e0 del 21\u00b0 secolo<\/a>\u00a0<\/span>\u00a0<\/strong><\/span><\/p>\n<p><span style=\"color: #000000;\"><em><a style=\"color: #000000;\" href=\"https:\/\/irprout.it\/?page_id=491\"><img decoding=\"async\" class=\"size-full wp-image-422 alignright lazyload\" data-src=\"https:\/\/irprout.it\/wp-content\/uploads\/2014\/09\/book-GM.jpg\" alt=\"book-GM\" width=\"126\" height=\"170\" src=\"data:image\/svg+xml;base64,PHN2ZyB3aWR0aD0iMSIgaGVpZ2h0PSIxIiB4bWxucz0iaHR0cDovL3d3dy53My5vcmcvMjAwMC9zdmciPjwvc3ZnPg==\" style=\"--smush-placeholder-width: 126px; --smush-placeholder-aspect-ratio: 126\/170;\" \/><\/a><\/em><\/span><\/p>\n<p><span style=\"color: #cf0000;\"><strong>Ogni individuo ha il diritto allo sviluppo fisico, mentale e spirituale<\/strong>.<\/span><br \/>\n<span style=\"color: #cf0000;\"> <strong>Ma tutte le costituzioni sono state scritte in modo tale da non assicurare il benessere completo di tutti i cittadini<\/strong>.<\/span><\/p>\n<p><span style=\"color: #000000;\"><em>\u2026 l\u2019idea oggi impopolare di un governo mondiale potrebbe divenire una realt\u00e0 nel ventunesimo secolo. Vi \u00e8, infatti, a favore dell\u2019ipotesi una pressante necessit\u00e0 di minimizzare i genocidi politici, le discriminazioni economiche e le ingiustizie sociali, e il fatto che esiste una tendenza alla progressiva aggregazione dei popoli in una comunit\u00e0 mondiale. <\/em><em>Senza un governo mondiale una tale comunit\u00e0 globale non potrebbe nascere e sopravvivere e le tendenze belligeranti potrebbero non essere controllate.\u00a0<\/em><\/span><\/p>\n<p>&nbsp;<\/p>\n<p><span style=\"color: #cf0000;\"><strong>Ulteriori approfondimenti: <a style=\"color: #cf0000;\" href=\"http:\/\/www.prout.it\/rubrica\/rubr0014.htm\" target=\"_blank\">Sito Prout<\/a><\/strong><\/span><\/p>\n","protected":false},"excerpt":{"rendered":"<p>\u00a0sistema politico\u00a0 &nbsp; \u00a0Istituzioni: \u00a0Sistema di Governo\u00a0 \u00a0Alcuni elementi del Sistema Politico\u00a0 Sistema di Democrazia A-partitica Esempio di composizione del Parlamento e delle Amministrazioni locali Funzioni distinte di Camera e Senato Formazione del Collegio Elettorale Il sistema Selecto-Elettorale Funzione dei Comitati Sociali &nbsp; \u00a0Sistema Elettorale\u00a0 Il PROUT propone il sistema <span class=\"excerpt-dots\">&hellip;<\/span> <a class=\"more-link\" href=\"https:\/\/irprout.it\/?page_id=53\"><span class=\"more-msg\">Continua a leggere<\/span><\/a><\/p>\n","protected":false},"author":5,"featured_media":0,"parent":119,"menu_order":0,"comment_status":"closed","ping_status":"closed","template":"","meta":{"ngg_post_thumbnail":0,"footnotes":""},"class_list":["post-53","page","type-page","status-publish","hentry"],"yoast_head":"<!-- This site is optimized with the Yoast SEO plugin v26.6 - https:\/\/yoast.com\/wordpress\/plugins\/seo\/ -->\n<title>SISTEMA POLITICO - Istituto di Ricerca Prout<\/title>\n<meta name=\"robots\" content=\"index, follow, max-snippet:-1, max-image-preview:large, max-video-preview:-1\" \/>\n<link rel=\"canonical\" href=\"https:\/\/irprout.it\/?page_id=53\" \/>\n<meta property=\"og:locale\" content=\"it_IT\" \/>\n<meta property=\"og:type\" content=\"article\" \/>\n<meta property=\"og:title\" content=\"SISTEMA POLITICO - Istituto di Ricerca Prout\" \/>\n<meta property=\"og:description\" content=\"\u00a0sistema politico\u00a0 &nbsp; \u00a0Istituzioni: \u00a0Sistema di Governo\u00a0 \u00a0Alcuni elementi del Sistema Politico\u00a0 Sistema di Democrazia A-partitica Esempio di composizione del Parlamento e delle Amministrazioni locali Funzioni distinte di Camera e Senato Formazione del Collegio Elettorale Il sistema Selecto-Elettorale Funzione dei Comitati Sociali &nbsp; \u00a0Sistema Elettorale\u00a0 Il PROUT propone il sistema &hellip; Continua a leggere\" \/>\n<meta property=\"og:url\" content=\"https:\/\/irprout.it\/?page_id=53\" \/>\n<meta property=\"og:site_name\" content=\"Istituto di Ricerca Prout\" \/>\n<meta property=\"article:modified_time\" content=\"2015-02-18T16:53:42+00:00\" \/>\n<meta property=\"og:image\" content=\"http:\/\/irprout.it\/wp-content\/uploads\/2014\/10\/ALBERO.jpg\" \/>\n<meta name=\"twitter:label1\" content=\"Tempo di lettura stimato\" \/>\n\t<meta name=\"twitter:data1\" content=\"2 minuti\" \/>\n<script type=\"application\/ld+json\" class=\"yoast-schema-graph\">{\"@context\":\"https:\/\/schema.org\",\"@graph\":[{\"@type\":\"WebPage\",\"@id\":\"https:\/\/irprout.it\/?page_id=53\",\"url\":\"https:\/\/irprout.it\/?page_id=53\",\"name\":\"SISTEMA POLITICO - Istituto di Ricerca Prout\",\"isPartOf\":{\"@id\":\"https:\/\/irprout.it\/#website\"},\"primaryImageOfPage\":{\"@id\":\"https:\/\/irprout.it\/?page_id=53#primaryimage\"},\"image\":{\"@id\":\"https:\/\/irprout.it\/?page_id=53#primaryimage\"},\"thumbnailUrl\":\"http:\/\/irprout.it\/wp-content\/uploads\/2014\/10\/ALBERO.jpg\",\"datePublished\":\"2014-09-23T08:27:01+00:00\",\"dateModified\":\"2015-02-18T16:53:42+00:00\",\"breadcrumb\":{\"@id\":\"https:\/\/irprout.it\/?page_id=53#breadcrumb\"},\"inLanguage\":\"it-IT\",\"potentialAction\":[{\"@type\":\"ReadAction\",\"target\":[\"https:\/\/irprout.it\/?page_id=53\"]}]},{\"@type\":\"ImageObject\",\"inLanguage\":\"it-IT\",\"@id\":\"https:\/\/irprout.it\/?page_id=53#primaryimage\",\"url\":\"https:\/\/irprout.it\/wp-content\/uploads\/2014\/10\/ALBERO.jpg\",\"contentUrl\":\"https:\/\/irprout.it\/wp-content\/uploads\/2014\/10\/ALBERO.jpg\",\"width\":250,\"height\":272},{\"@type\":\"BreadcrumbList\",\"@id\":\"https:\/\/irprout.it\/?page_id=53#breadcrumb\",\"itemListElement\":[{\"@type\":\"ListItem\",\"position\":1,\"name\":\"Home\",\"item\":\"https:\/\/irprout.it\/\"},{\"@type\":\"ListItem\",\"position\":2,\"name\":\"TEMI\",\"item\":\"https:\/\/irprout.it\/?page_id=119\"},{\"@type\":\"ListItem\",\"position\":3,\"name\":\"SISTEMA POLITICO\"}]},{\"@type\":\"WebSite\",\"@id\":\"https:\/\/irprout.it\/#website\",\"url\":\"https:\/\/irprout.it\/\",\"name\":\"Istituto di Ricerca Prout\",\"description\":\"Istituto di Ricerca Prout\",\"publisher\":{\"@id\":\"https:\/\/irprout.it\/#organization\"},\"potentialAction\":[{\"@type\":\"SearchAction\",\"target\":{\"@type\":\"EntryPoint\",\"urlTemplate\":\"https:\/\/irprout.it\/?s={search_term_string}\"},\"query-input\":{\"@type\":\"PropertyValueSpecification\",\"valueRequired\":true,\"valueName\":\"search_term_string\"}}],\"inLanguage\":\"it-IT\"},{\"@type\":\"Organization\",\"@id\":\"https:\/\/irprout.it\/#organization\",\"name\":\"Istituto di Ricerca Prout\",\"url\":\"https:\/\/irprout.it\/\",\"logo\":{\"@type\":\"ImageObject\",\"inLanguage\":\"it-IT\",\"@id\":\"https:\/\/irprout.it\/#\/schema\/logo\/image\/\",\"url\":\"http:\/\/irprout.it\/wp-content\/uploads\/2014\/10\/logo_IRP_albero300Cor.jpg\",\"contentUrl\":\"http:\/\/irprout.it\/wp-content\/uploads\/2014\/10\/logo_IRP_albero300Cor.jpg\",\"width\":303,\"height\":304,\"caption\":\"Istituto di Ricerca Prout\"},\"image\":{\"@id\":\"https:\/\/irprout.it\/#\/schema\/logo\/image\/\"}}]}<\/script>\n<!-- \/ Yoast SEO plugin. -->","yoast_head_json":{"title":"SISTEMA POLITICO - Istituto di Ricerca Prout","robots":{"index":"index","follow":"follow","max-snippet":"max-snippet:-1","max-image-preview":"max-image-preview:large","max-video-preview":"max-video-preview:-1"},"canonical":"https:\/\/irprout.it\/?page_id=53","og_locale":"it_IT","og_type":"article","og_title":"SISTEMA POLITICO - Istituto di Ricerca Prout","og_description":"\u00a0sistema politico\u00a0 &nbsp; \u00a0Istituzioni: \u00a0Sistema di Governo\u00a0 \u00a0Alcuni elementi del Sistema Politico\u00a0 Sistema di Democrazia A-partitica Esempio di composizione del Parlamento e delle Amministrazioni locali Funzioni distinte di Camera e Senato Formazione del Collegio Elettorale Il sistema Selecto-Elettorale Funzione dei Comitati Sociali &nbsp; \u00a0Sistema Elettorale\u00a0 Il PROUT propone il sistema &hellip; Continua a leggere","og_url":"https:\/\/irprout.it\/?page_id=53","og_site_name":"Istituto di Ricerca Prout","article_modified_time":"2015-02-18T16:53:42+00:00","og_image":[{"url":"http:\/\/irprout.it\/wp-content\/uploads\/2014\/10\/ALBERO.jpg","type":"","width":"","height":""}],"twitter_misc":{"Tempo di lettura stimato":"2 minuti"},"schema":{"@context":"https:\/\/schema.org","@graph":[{"@type":"WebPage","@id":"https:\/\/irprout.it\/?page_id=53","url":"https:\/\/irprout.it\/?page_id=53","name":"SISTEMA POLITICO - Istituto di Ricerca Prout","isPartOf":{"@id":"https:\/\/irprout.it\/#website"},"primaryImageOfPage":{"@id":"https:\/\/irprout.it\/?page_id=53#primaryimage"},"image":{"@id":"https:\/\/irprout.it\/?page_id=53#primaryimage"},"thumbnailUrl":"http:\/\/irprout.it\/wp-content\/uploads\/2014\/10\/ALBERO.jpg","datePublished":"2014-09-23T08:27:01+00:00","dateModified":"2015-02-18T16:53:42+00:00","breadcrumb":{"@id":"https:\/\/irprout.it\/?page_id=53#breadcrumb"},"inLanguage":"it-IT","potentialAction":[{"@type":"ReadAction","target":["https:\/\/irprout.it\/?page_id=53"]}]},{"@type":"ImageObject","inLanguage":"it-IT","@id":"https:\/\/irprout.it\/?page_id=53#primaryimage","url":"https:\/\/irprout.it\/wp-content\/uploads\/2014\/10\/ALBERO.jpg","contentUrl":"https:\/\/irprout.it\/wp-content\/uploads\/2014\/10\/ALBERO.jpg","width":250,"height":272},{"@type":"BreadcrumbList","@id":"https:\/\/irprout.it\/?page_id=53#breadcrumb","itemListElement":[{"@type":"ListItem","position":1,"name":"Home","item":"https:\/\/irprout.it\/"},{"@type":"ListItem","position":2,"name":"TEMI","item":"https:\/\/irprout.it\/?page_id=119"},{"@type":"ListItem","position":3,"name":"SISTEMA POLITICO"}]},{"@type":"WebSite","@id":"https:\/\/irprout.it\/#website","url":"https:\/\/irprout.it\/","name":"Istituto di Ricerca Prout","description":"Istituto di Ricerca Prout","publisher":{"@id":"https:\/\/irprout.it\/#organization"},"potentialAction":[{"@type":"SearchAction","target":{"@type":"EntryPoint","urlTemplate":"https:\/\/irprout.it\/?s={search_term_string}"},"query-input":{"@type":"PropertyValueSpecification","valueRequired":true,"valueName":"search_term_string"}}],"inLanguage":"it-IT"},{"@type":"Organization","@id":"https:\/\/irprout.it\/#organization","name":"Istituto di Ricerca Prout","url":"https:\/\/irprout.it\/","logo":{"@type":"ImageObject","inLanguage":"it-IT","@id":"https:\/\/irprout.it\/#\/schema\/logo\/image\/","url":"http:\/\/irprout.it\/wp-content\/uploads\/2014\/10\/logo_IRP_albero300Cor.jpg","contentUrl":"http:\/\/irprout.it\/wp-content\/uploads\/2014\/10\/logo_IRP_albero300Cor.jpg","width":303,"height":304,"caption":"Istituto di Ricerca Prout"},"image":{"@id":"https:\/\/irprout.it\/#\/schema\/logo\/image\/"}}]}},"_links":{"self":[{"href":"https:\/\/irprout.it\/index.php?rest_route=\/wp\/v2\/pages\/53","targetHints":{"allow":["GET"]}}],"collection":[{"href":"https:\/\/irprout.it\/index.php?rest_route=\/wp\/v2\/pages"}],"about":[{"href":"https:\/\/irprout.it\/index.php?rest_route=\/wp\/v2\/types\/page"}],"author":[{"embeddable":true,"href":"https:\/\/irprout.it\/index.php?rest_route=\/wp\/v2\/users\/5"}],"replies":[{"embeddable":true,"href":"https:\/\/irprout.it\/index.php?rest_route=%2Fwp%2Fv2%2Fcomments&post=53"}],"version-history":[{"count":53,"href":"https:\/\/irprout.it\/index.php?rest_route=\/wp\/v2\/pages\/53\/revisions"}],"predecessor-version":[{"id":2684,"href":"https:\/\/irprout.it\/index.php?rest_route=\/wp\/v2\/pages\/53\/revisions\/2684"}],"up":[{"embeddable":true,"href":"https:\/\/irprout.it\/index.php?rest_route=\/wp\/v2\/pages\/119"}],"wp:attachment":[{"href":"https:\/\/irprout.it\/index.php?rest_route=%2Fwp%2Fv2%2Fmedia&parent=53"}],"curies":[{"name":"wp","href":"https:\/\/api.w.org\/{rel}","templated":true}]}}