{"id":5404,"date":"2020-03-20T20:08:06","date_gmt":"2020-03-20T19:08:06","guid":{"rendered":"http:\/\/irprout.it\/?page_id=5404"},"modified":"2020-04-09T10:46:04","modified_gmt":"2020-04-09T09:46:04","slug":"5404-2","status":"publish","type":"page","link":"https:\/\/irprout.it\/?page_id=5404","title":{"rendered":"Articoli di Giornali e Riviste"},"content":{"rendered":"<div class=\"wpb-content-wrapper\"><p>[vc_row][vc_column][vc_empty_space][\/vc_column][\/vc_row][vc_row][vc_column][vc_custom_heading text=&#8221;Ravi Batra: Articoli apparsi sui Giornali e Riviste&#8221; font_container=&#8221;tag:h1|text_align:left|color:%23545454&#8243; google_fonts=&#8221;font_family:Anton%3Aregular|font_style:400%20regular%3A400%3Anormal&#8221;][\/vc_column][\/vc_row][vc_row][vc_column][vc_separator color=&#8221;chino&#8221; border_width=&#8221;4&#8243;][\/vc_column][\/vc_row][vc_row][vc_column width=&#8221;1\/2&#8243;][vc_masonry_media_grid element_width=&#8221;12&#8243; grid_id=&#8221;vc_gid:1586425397681-015bc1b3-55c4-5&#8243; include=&#8221;5343&#8243; css=&#8221;.vc_custom_1586425450908{border: 8px solid #d1bc8a !important;}&#8221;][\/vc_column][vc_column width=&#8221;1\/2&#8243;][vc_column_text css=&#8221;.vc_custom_1584731306304{padding-right: 10px !important;padding-left: 10px !important;}&#8221;]<span style=\"font-size: 16pt;\"><strong><span style=\"font-family: 'Nanum Gothic', sans-serif; font-size: 18pt;\">Ben venga il Prout<\/span><br \/>\n<\/strong><\/span><em>Suggerisce Ravi Batra<br \/>\n<\/em>Daily News &#8211; 14\/12\/1990 \u2013 p.7<\/p>\n<p>Il dottor Ravi Batra, considerato una delle &#8220;superstar&#8221; della scienza economica contemporanea e i cui numerosi epiteti includono il &#8220;Nostradamus del XX secolo&#8221; per la sua capacit\u00e0 di prevedere il futuro dell&#8217;economia mondiale &#8211; \u00e8 venuto in Ungheria per una visita lampo di un giorno mercoled\u00ec. Ha tenuto una conferenza sulle prospettive economiche, sociali e politiche e ha condiviso le sue idee con i rappresentanti del governo ungherese.<\/p>\n<p>Il dottor Batra, 47 anni, \u00e8 un pioniere teorico statunitense della &#8220;Progressive Utilization Theory&#8221; (nota con l&#8217;acronimo PROUT \u2013 <em>Teoria della Utilizzazione PROgressiva<\/em>), che fu discepolo del defunto filosofo e maestro spirituale indiano P. R. Sarkar. PROUT \u00e8 destinato a succedere al capitalismo e al comunismo nel mondo, poich\u00e9 entrambi questi sistemi sono destinati a cadere entro l&#8217;anno 2000, crede il Dr. Batra. \u201c<em>PROUT significa capitalismo di massa, in quanto \u00e8 un sistema di democrazia economica per le grandi fabbriche<\/em>&#8220;, ha spiegato il Dr. Batra al Daily News. &#8220;\u00c8 un sistema di libera impresa e di bassa disuguaglianza. In tutto il mondo, le persone hanno conquistato i diritti politici, ma non hanno ancora conquistato i diritti economici. I diritti economici sono ancora controllati da persone estremamente ricche. Il prossimo passo nella storia dell&#8217;umanit\u00e0 \u00e8 il ritorno dei diritti economici alla persona media. Tutto il mondo capitalista sar\u00e0 presto in una grande depressione, e i paesi ex comunisti non riceveranno alcuna guida dal capitalismo. Dovr\u00e0 essere adottato un nuovo sistema, e questo \u00e8 PROUT.<\/p>\n<p>Alla domanda se il proutismo sostenga l&#8217;evoluzione o la rivoluzione, il dottor Batra ha detto: &#8220;<em>Sulla base del modo sorprendentemente pacifico in cui i drammatici cambiamenti sono avvenuti nell&#8217;Europa dell&#8217;Est, credo che anche nel mondo capitalista il cambiamento sar\u00e0 pacifico. Sar\u00e0 comunque una rivoluzione, in quanto la rivoluzione \u00e8 un drammatico cambiamento di idee. E PROUT \u00e8 una nuova idea rivoluzionaria<\/em>&#8220;.<\/p>\n<p>E le prospettive a breve termine per l&#8217;Ungheria? &#8220;<em>Suggerirei che le grandi fabbriche di propriet\u00e0 dello Stato &#8211; qui dovrebbero essere vendute ai dipendenti a rate&#8221;, ha suggerito il dottor Batra. &#8220;Si pu\u00f2 detrarre il prezzo delle azioni dal salario mensile. Non vendete queste fabbriche a persone ricche. Vendetele ai dipendenti e lasciate che siano i loro dirigenti a gestire queste fabbriche<\/em>. <em>Altrimenti avrete gli stessi problemi che ha l&#8217;Occidente. Inoltre, non aprite il vostro mercato alla concorrenza straniera. Prima di tutto dovreste sviluppare la concorrenza interna e lasciare che il paese diventi forte<\/em>\u201d.<\/p>\n<p>&#8220;<em>Proprio come ha fatto il Giappone<\/em>&#8220;, ha aggiunto. &#8211; <strong>Tibor Szendrei<\/strong>.[\/vc_column_text][\/vc_column][\/vc_row][vc_row][vc_column][vc_separator color=&#8221;chino&#8221; border_width=&#8221;4&#8243;][\/vc_column][\/vc_row][vc_row][vc_column][vc_masonry_media_grid element_width=&#8221;12&#8243; grid_id=&#8221;vc_gid:1586425483640-d93866f7-57f6-6&#8243; include=&#8221;5410&#8243; css=&#8221;.vc_custom_1586425527274{border-top-width: 8px !important;border-right-width: 8px !important;border-bottom-width: 8px !important;border-left-width: 8px !important;border-left-color: #d6c189 !important;border-left-style: solid !important;border-right-color: #d6c189 !important;border-right-style: solid !important;border-top-color: #d6c189 !important;border-top-style: solid !important;border-bottom-color: #d6c189 !important;border-bottom-style: solid !important;}&#8221;][\/vc_column][\/vc_row][vc_row][vc_column][vc_separator color=&#8221;chino&#8221; border_width=&#8221;4&#8243;][\/vc_column][\/vc_row]<\/p>\n<\/div>","protected":false},"excerpt":{"rendered":"<p>[vc_row][vc_column][vc_empty_space][\/vc_column][\/vc_row][vc_row][vc_column][vc_custom_heading text=&#8221;Ravi Batra: Articoli apparsi sui Giornali e Riviste&#8221; font_container=&#8221;tag:h1|text_align:left|color:%23545454&#8243; google_fonts=&#8221;font_family:Anton%3Aregular|font_style:400%20regular%3A400%3Anormal&#8221;][\/vc_column][\/vc_row][vc_row][vc_column][vc_separator color=&#8221;chino&#8221; border_width=&#8221;4&#8243;][\/vc_column][\/vc_row][vc_row][vc_column width=&#8221;1\/2&#8243;][vc_masonry_media_grid element_width=&#8221;12&#8243; grid_id=&#8221;vc_gid:1586425397681-015bc1b3-55c4-5&#8243; include=&#8221;5343&#8243; css=&#8221;.vc_custom_1586425450908{border: 8px solid #d1bc8a !important;}&#8221;][\/vc_column][vc_column width=&#8221;1\/2&#8243;][vc_column_text css=&#8221;.vc_custom_1584731306304{padding-right: 10px !important;padding-left: 10px !important;}&#8221;]Ben venga il Prout Suggerisce Ravi Batra Daily News &#8211; 14\/12\/1990 \u2013 p.7 Il dottor Ravi Batra, considerato una delle &#8220;superstar&#8221; della scienza <span class=\"excerpt-dots\">&hellip;<\/span> <a class=\"more-link\" href=\"https:\/\/irprout.it\/?page_id=5404\"><span class=\"more-msg\">Continua a leggere<\/span><\/a><\/p>\n","protected":false},"author":3,"featured_media":0,"parent":0,"menu_order":0,"comment_status":"closed","ping_status":"closed","template":"","meta":{"ngg_post_thumbnail":0,"footnotes":""},"class_list":["post-5404","page","type-page","status-publish","hentry"],"yoast_head":"<!-- This site is optimized with the Yoast SEO plugin v26.6 - https:\/\/yoast.com\/wordpress\/plugins\/seo\/ -->\n<title>Articoli di Giornali e Riviste - Istituto di Ricerca Prout<\/title>\n<meta name=\"robots\" content=\"index, follow, max-snippet:-1, max-image-preview:large, max-video-preview:-1\" \/>\n<link rel=\"canonical\" href=\"https:\/\/irprout.it\/?page_id=5404\" \/>\n<meta property=\"og:locale\" content=\"it_IT\" \/>\n<meta property=\"og:type\" content=\"article\" \/>\n<meta property=\"og:title\" content=\"Articoli di Giornali e Riviste - Istituto di Ricerca Prout\" \/>\n<meta property=\"og:description\" content=\"[vc_row][vc_column][vc_empty_space][\/vc_column][\/vc_row][vc_row][vc_column][vc_custom_heading text=&#8221;Ravi Batra: Articoli apparsi sui Giornali e Riviste&#8221; font_container=&#8221;tag:h1|text_align:left|color:%23545454&#8243; google_fonts=&#8221;font_family:Anton%3Aregular|font_style:400%20regular%3A400%3Anormal&#8221;][\/vc_column][\/vc_row][vc_row][vc_column][vc_separator color=&#8221;chino&#8221; border_width=&#8221;4&#8243;][\/vc_column][\/vc_row][vc_row][vc_column width=&#8221;1\/2&#8243;][vc_masonry_media_grid element_width=&#8221;12&#8243; grid_id=&#8221;vc_gid:1586425397681-015bc1b3-55c4-5&#8243; include=&#8221;5343&#8243; css=&#8221;.vc_custom_1586425450908{border: 8px solid #d1bc8a !important;}&#8221;][\/vc_column][vc_column width=&#8221;1\/2&#8243;][vc_column_text css=&#8221;.vc_custom_1584731306304{padding-right: 10px !important;padding-left: 10px !important;}&#8221;]Ben venga il Prout Suggerisce Ravi Batra Daily News &#8211; 14\/12\/1990 \u2013 p.7 Il dottor Ravi Batra, considerato una delle &#8220;superstar&#8221; della scienza &hellip; Continua a leggere\" \/>\n<meta property=\"og:url\" content=\"https:\/\/irprout.it\/?page_id=5404\" \/>\n<meta property=\"og:site_name\" content=\"Istituto di Ricerca Prout\" \/>\n<meta property=\"article:modified_time\" content=\"2020-04-09T09:46:04+00:00\" \/>\n<meta name=\"twitter:label1\" content=\"Tempo di lettura stimato\" \/>\n\t<meta name=\"twitter:data1\" content=\"3 minuti\" \/>\n<script type=\"application\/ld+json\" class=\"yoast-schema-graph\">{\"@context\":\"https:\/\/schema.org\",\"@graph\":[{\"@type\":\"WebPage\",\"@id\":\"https:\/\/irprout.it\/?page_id=5404\",\"url\":\"https:\/\/irprout.it\/?page_id=5404\",\"name\":\"Articoli di Giornali e Riviste - Istituto di Ricerca Prout\",\"isPartOf\":{\"@id\":\"https:\/\/irprout.it\/#website\"},\"datePublished\":\"2020-03-20T19:08:06+00:00\",\"dateModified\":\"2020-04-09T09:46:04+00:00\",\"breadcrumb\":{\"@id\":\"https:\/\/irprout.it\/?page_id=5404#breadcrumb\"},\"inLanguage\":\"it-IT\",\"potentialAction\":[{\"@type\":\"ReadAction\",\"target\":[\"https:\/\/irprout.it\/?page_id=5404\"]}]},{\"@type\":\"BreadcrumbList\",\"@id\":\"https:\/\/irprout.it\/?page_id=5404#breadcrumb\",\"itemListElement\":[{\"@type\":\"ListItem\",\"position\":1,\"name\":\"Home\",\"item\":\"https:\/\/irprout.it\/\"},{\"@type\":\"ListItem\",\"position\":2,\"name\":\"Articoli di Giornali e Riviste\"}]},{\"@type\":\"WebSite\",\"@id\":\"https:\/\/irprout.it\/#website\",\"url\":\"https:\/\/irprout.it\/\",\"name\":\"Istituto di Ricerca Prout\",\"description\":\"Istituto di Ricerca Prout\",\"publisher\":{\"@id\":\"https:\/\/irprout.it\/#organization\"},\"potentialAction\":[{\"@type\":\"SearchAction\",\"target\":{\"@type\":\"EntryPoint\",\"urlTemplate\":\"https:\/\/irprout.it\/?s={search_term_string}\"},\"query-input\":{\"@type\":\"PropertyValueSpecification\",\"valueRequired\":true,\"valueName\":\"search_term_string\"}}],\"inLanguage\":\"it-IT\"},{\"@type\":\"Organization\",\"@id\":\"https:\/\/irprout.it\/#organization\",\"name\":\"Istituto di Ricerca Prout\",\"url\":\"https:\/\/irprout.it\/\",\"logo\":{\"@type\":\"ImageObject\",\"inLanguage\":\"it-IT\",\"@id\":\"https:\/\/irprout.it\/#\/schema\/logo\/image\/\",\"url\":\"http:\/\/irprout.it\/wp-content\/uploads\/2014\/10\/logo_IRP_albero300Cor.jpg\",\"contentUrl\":\"http:\/\/irprout.it\/wp-content\/uploads\/2014\/10\/logo_IRP_albero300Cor.jpg\",\"width\":303,\"height\":304,\"caption\":\"Istituto di Ricerca Prout\"},\"image\":{\"@id\":\"https:\/\/irprout.it\/#\/schema\/logo\/image\/\"}}]}<\/script>\n<!-- \/ Yoast SEO plugin. -->","yoast_head_json":{"title":"Articoli di Giornali e Riviste - Istituto di Ricerca Prout","robots":{"index":"index","follow":"follow","max-snippet":"max-snippet:-1","max-image-preview":"max-image-preview:large","max-video-preview":"max-video-preview:-1"},"canonical":"https:\/\/irprout.it\/?page_id=5404","og_locale":"it_IT","og_type":"article","og_title":"Articoli di Giornali e Riviste - Istituto di Ricerca Prout","og_description":"[vc_row][vc_column][vc_empty_space][\/vc_column][\/vc_row][vc_row][vc_column][vc_custom_heading text=&#8221;Ravi Batra: Articoli apparsi sui Giornali e Riviste&#8221; font_container=&#8221;tag:h1|text_align:left|color:%23545454&#8243; google_fonts=&#8221;font_family:Anton%3Aregular|font_style:400%20regular%3A400%3Anormal&#8221;][\/vc_column][\/vc_row][vc_row][vc_column][vc_separator color=&#8221;chino&#8221; border_width=&#8221;4&#8243;][\/vc_column][\/vc_row][vc_row][vc_column width=&#8221;1\/2&#8243;][vc_masonry_media_grid element_width=&#8221;12&#8243; grid_id=&#8221;vc_gid:1586425397681-015bc1b3-55c4-5&#8243; include=&#8221;5343&#8243; css=&#8221;.vc_custom_1586425450908{border: 8px solid #d1bc8a !important;}&#8221;][\/vc_column][vc_column width=&#8221;1\/2&#8243;][vc_column_text css=&#8221;.vc_custom_1584731306304{padding-right: 10px !important;padding-left: 10px !important;}&#8221;]Ben venga il Prout Suggerisce Ravi Batra Daily News &#8211; 14\/12\/1990 \u2013 p.7 Il dottor Ravi Batra, considerato una delle &#8220;superstar&#8221; della scienza &hellip; Continua a leggere","og_url":"https:\/\/irprout.it\/?page_id=5404","og_site_name":"Istituto di Ricerca Prout","article_modified_time":"2020-04-09T09:46:04+00:00","twitter_misc":{"Tempo di lettura stimato":"3 minuti"},"schema":{"@context":"https:\/\/schema.org","@graph":[{"@type":"WebPage","@id":"https:\/\/irprout.it\/?page_id=5404","url":"https:\/\/irprout.it\/?page_id=5404","name":"Articoli di Giornali e Riviste - Istituto di Ricerca Prout","isPartOf":{"@id":"https:\/\/irprout.it\/#website"},"datePublished":"2020-03-20T19:08:06+00:00","dateModified":"2020-04-09T09:46:04+00:00","breadcrumb":{"@id":"https:\/\/irprout.it\/?page_id=5404#breadcrumb"},"inLanguage":"it-IT","potentialAction":[{"@type":"ReadAction","target":["https:\/\/irprout.it\/?page_id=5404"]}]},{"@type":"BreadcrumbList","@id":"https:\/\/irprout.it\/?page_id=5404#breadcrumb","itemListElement":[{"@type":"ListItem","position":1,"name":"Home","item":"https:\/\/irprout.it\/"},{"@type":"ListItem","position":2,"name":"Articoli di Giornali e Riviste"}]},{"@type":"WebSite","@id":"https:\/\/irprout.it\/#website","url":"https:\/\/irprout.it\/","name":"Istituto di Ricerca Prout","description":"Istituto di Ricerca Prout","publisher":{"@id":"https:\/\/irprout.it\/#organization"},"potentialAction":[{"@type":"SearchAction","target":{"@type":"EntryPoint","urlTemplate":"https:\/\/irprout.it\/?s={search_term_string}"},"query-input":{"@type":"PropertyValueSpecification","valueRequired":true,"valueName":"search_term_string"}}],"inLanguage":"it-IT"},{"@type":"Organization","@id":"https:\/\/irprout.it\/#organization","name":"Istituto di Ricerca Prout","url":"https:\/\/irprout.it\/","logo":{"@type":"ImageObject","inLanguage":"it-IT","@id":"https:\/\/irprout.it\/#\/schema\/logo\/image\/","url":"http:\/\/irprout.it\/wp-content\/uploads\/2014\/10\/logo_IRP_albero300Cor.jpg","contentUrl":"http:\/\/irprout.it\/wp-content\/uploads\/2014\/10\/logo_IRP_albero300Cor.jpg","width":303,"height":304,"caption":"Istituto di Ricerca Prout"},"image":{"@id":"https:\/\/irprout.it\/#\/schema\/logo\/image\/"}}]}},"_links":{"self":[{"href":"https:\/\/irprout.it\/index.php?rest_route=\/wp\/v2\/pages\/5404","targetHints":{"allow":["GET"]}}],"collection":[{"href":"https:\/\/irprout.it\/index.php?rest_route=\/wp\/v2\/pages"}],"about":[{"href":"https:\/\/irprout.it\/index.php?rest_route=\/wp\/v2\/types\/page"}],"author":[{"embeddable":true,"href":"https:\/\/irprout.it\/index.php?rest_route=\/wp\/v2\/users\/3"}],"replies":[{"embeddable":true,"href":"https:\/\/irprout.it\/index.php?rest_route=%2Fwp%2Fv2%2Fcomments&post=5404"}],"version-history":[{"count":9,"href":"https:\/\/irprout.it\/index.php?rest_route=\/wp\/v2\/pages\/5404\/revisions"}],"predecessor-version":[{"id":5409,"href":"https:\/\/irprout.it\/index.php?rest_route=\/wp\/v2\/pages\/5404\/revisions\/5409"}],"wp:attachment":[{"href":"https:\/\/irprout.it\/index.php?rest_route=%2Fwp%2Fv2%2Fmedia&parent=5404"}],"curies":[{"name":"wp","href":"https:\/\/api.w.org\/{rel}","templated":true}]}}