{"id":5459,"date":"2020-03-28T14:58:36","date_gmt":"2020-03-28T13:58:36","guid":{"rendered":"http:\/\/irprout.it\/?page_id=5459"},"modified":"2020-03-28T17:23:34","modified_gmt":"2020-03-28T16:23:34","slug":"cura-del-cancro-con-la-medicina-microvita-un-test","status":"publish","type":"page","link":"https:\/\/irprout.it\/?page_id=5459","title":{"rendered":"Cura del Cancro con la medicina &#8220;MICROVITA&#8221; &#8211; un Test"},"content":{"rendered":"<div class=\"wpb-content-wrapper\"><p>[vc_row][vc_column][vc_empty_space][\/vc_column][\/vc_row][vc_row][vc_column][vc_custom_heading text=&#8221;Cura del Cancro con la medicina &#8220;MICROVITA&#8220;<br \/>\nUn Test&#8221; font_container=&#8221;tag:h1|text_align:left|color:%234c4c4c&#8221; google_fonts=&#8221;font_family:Anton%3Aregular|font_style:400%20regular%3A400%3Anormal&#8221;][\/vc_column][\/vc_row][vc_row][vc_column][vc_separator color=&#8221;chino&#8221; border_width=&#8221;4&#8243;][\/vc_column][\/vc_row][vc_row][vc_column][vc_column_text css=&#8221;.vc_custom_1585412588765{background-color: #eaeaea !important;}&#8221;]<\/p>\n<p style=\"text-align: center;\"><span style=\"font-family: Arial, Helvetica, sans-serif; font-size: 18pt;\"><strong><span style=\"font-size: 20pt;\">INDIAN EXPRESS<\/span><br \/>\n<\/strong><\/span>Thursday June 29 1989<\/p>\n<p>[\/vc_column_text][\/vc_column][\/vc_row][vc_row][vc_column][vc_separator color=&#8221;mulled_wine&#8221; border_width=&#8221;4&#8243; el_width=&#8221;30&#8243; css=&#8221;.vc_custom_1585412572130{margin-top: -40px !important;}&#8221;][\/vc_column][\/vc_row][vc_row][vc_column][vc_column_text css=&#8221;.vc_custom_1585412487088{background-color: #efdb99 !important;}&#8221;]<\/p>\n<p style=\"text-align: center;\"><span style=\"color: #800000;\"><strong><span style=\"font-size: 28pt; font-family: TimesNewRoman, 'Times New Roman', serif;\">Cura del Cancro con il &#8216;Microvita&#8217;<\/span><\/strong><\/span><\/p>\n<p>[\/vc_column_text][\/vc_column][\/vc_row][vc_row][vc_column][vc_column_text]By A <strong>Staff Reporter<br \/>\n<\/strong>BOMBAY, June 27 1989<\/p>\n<p>I seguaci di Ananda Marga e i membri del <strong>Microvita Global Research Centre<\/strong> hanno dichiarato di aver raggiunto il successo nel trattamento dei pazienti affetti da cancro attraverso il &#8220;<strong>Sistema Microvita<\/strong>&#8220;, proposto dal leader Proutista P. R. Sarkar.<\/p>\n<p>Rivolgendosi qui oggi, in una conferenza stampa, il biologo dell\u2019Orissa <strong>Loknath Pradhan<\/strong>, anch&#8217;egli proutista, ha detto che i suoi esperimenti su tre pazienti affetti da cancro hanno avuto successo con considerevole improvvisazione dopo essere stati trattati con la soluzione di Microvita positiva.<\/p>\n<p>La teoria formula che milioni di Microvitum si condensano per formare un elettrone e miliardi formano un atomo, contro la convinzione, accettata da tutti, che le particelle pi\u00f9 piccole siano protoni, elettroni e neutroni [e particelle elementari].<\/p>\n<p>Essa stabilisce che il Microvitum \u00e8 la pi\u00f9 piccola, minuscola e singolare entit\u00e0 di natura energetica ed \u00e8 la causa principale della vita. Mentre il Microvita positivo \u00e8 pro-ectoplasmatico, il negativo \u00e8 pro-materia.<\/p>\n<p>Il signor Pradhan ha riferito che i tre pazienti affetti da cancro, trattati secondo le disposizioni della teoria di Microvita presso il <em>V.S.S. Medical College<\/em>, di Burla, Orissa, saranno chiamati a farsi controllare per il cancro, presso l&#8217;ospedale dove erano stati precedentemente operati da specialisti. I certificati di assenza di cancro rilasciati da questi ospedali saranno utilizzati per dimostrare scientificamente [l\u2019efficacia del] la teoria Microvita, ha aggiunto.<\/p>\n<p>Ha aggiunto che il trattamento Microvita \u00e8 liberamente disponibile in forma sospesa in un&#8217;atmosfera pulita e si devono adottare metodi spirituali per intrappolare il Microvita nelle fiale. Per quanto riguarda i suoi esperimenti, il signor Pradhan ha detto di aver intrappolato i Microvita, con diversa potenza, in un luogo remoto dello Stato con l&#8217;aiuto di mantra e kirtan.<\/p>\n<p>Affermava che questo tipo specifico di \u2018suoni\u2019 rendeva facile l&#8217;intrappolamento, diceva che l&#8217;ambiente pulito e gli alberi come il neem e il banano giocano un ruolo importante nella concentrazione di Microvita in un&#8217;area.<\/p>\n<p>Il biologo ha inoltre detto che le ampolle in cui sono stati intrappolati i Microvita, sono state rotte in presenza del personale di patologia del <em>V.S.S.Medical College<\/em> e la soluzione \u00e8 stata iniettata nei corpi dei pazienti affetti da cancro.<\/p>\n<p>La soluzione Microvita con pi\u00f9 potenza ha mostrato risultati migliori, ha detto e ha aggiunto che un numero maggiore di cellule con sbavature sono state trovate nello striscio di sangue trattato con Microvita che da striscio proveniente da provette contenenti il mezzo di coltura dei tessuti e striscio di sangue senza trattamento.<\/p>\n<p>L&#8217;ematologo clinico Dr. Upendra Nayak dell&#8217;Orissa Medical College, nelle sue osservazioni sull&#8217;effetto dei Microvita sui casi di tumore dei pazienti affetti da leucemia, ha detto: &#8220;<em>Si sarebbero testati un numero maggiore di casi non trattati di leucemia (acuta e cronica) assieme ad uno studio controllato. Sento che il risultato sar\u00e0 incoraggiante<\/em>&#8220;.<\/p>\n<p>Il signor Pradhan ha inoltre affermato che tutte le malattie, incluso l&#8217;AIDS, e le depressioni psichiche, sono causate da Microvita negativi. L&#8217;iniezione di Microvita positivo pu\u00f2 curare tutte le malattie, ha aggiunto.<\/p>\n<p>Simili affermazioni sono state fatte da due biofisici americani in occasione di un simposio organizzato sul Microvita al <strong>Babha Atomic Research Center<\/strong> (BARC), qui luned\u00ec.<\/p>\n<p>Con la propagazione della teoria Microvita di Sarkar, il dottor Jennings di Standford ha detto al simposio che l&#8217;India diventer\u00e0 un leader mondiale nella scienza, nella medicina e nella tecnologia se applicher\u00e0 il suo profondo patrimonio spirituale e culturale a questi campi.<\/p>\n<p>Jennings ha detto che la teoria Microvita fornisce risposte a tutte quelle domande, che non sono ancora state risolte dalle teorie dominanti dell&#8217;Occidente.[\/vc_column_text][\/vc_column][\/vc_row][vc_row][vc_column][vc_single_image image=&#8221;5467&#8243; img_size=&#8221;full&#8221; style=&#8221;vc_box_border&#8221; border_color=&#8221;chino&#8221;][\/vc_column][\/vc_row]<\/p>\n<\/div>","protected":false},"excerpt":{"rendered":"<p>[vc_row][vc_column][vc_empty_space][\/vc_column][\/vc_row][vc_row][vc_column][vc_custom_heading text=&#8221;Cura del Cancro con la medicina &#8220;MICROVITA&#8220; Un Test&#8221; font_container=&#8221;tag:h1|text_align:left|color:%234c4c4c&#8221; google_fonts=&#8221;font_family:Anton%3Aregular|font_style:400%20regular%3A400%3Anormal&#8221;][\/vc_column][\/vc_row][vc_row][vc_column][vc_separator color=&#8221;chino&#8221; border_width=&#8221;4&#8243;][\/vc_column][\/vc_row][vc_row][vc_column][vc_column_text css=&#8221;.vc_custom_1585412588765{background-color: #eaeaea !important;}&#8221;] INDIAN EXPRESS Thursday June 29 1989 [\/vc_column_text][\/vc_column][\/vc_row][vc_row][vc_column][vc_separator color=&#8221;mulled_wine&#8221; border_width=&#8221;4&#8243; el_width=&#8221;30&#8243; css=&#8221;.vc_custom_1585412572130{margin-top: -40px !important;}&#8221;][\/vc_column][\/vc_row][vc_row][vc_column][vc_column_text css=&#8221;.vc_custom_1585412487088{background-color: #efdb99 !important;}&#8221;] Cura del Cancro con il &#8216;Microvita&#8217; [\/vc_column_text][\/vc_column][\/vc_row][vc_row][vc_column][vc_column_text]By A Staff Reporter BOMBAY, June 27 1989 I seguaci di <span class=\"excerpt-dots\">&hellip;<\/span> <a class=\"more-link\" href=\"https:\/\/irprout.it\/?page_id=5459\"><span class=\"more-msg\">Continua a leggere<\/span><\/a><\/p>\n","protected":false},"author":3,"featured_media":0,"parent":0,"menu_order":0,"comment_status":"closed","ping_status":"closed","template":"","meta":{"ngg_post_thumbnail":0,"footnotes":""},"class_list":["post-5459","page","type-page","status-publish","hentry"],"yoast_head":"<!-- This site is optimized with the Yoast SEO plugin v26.6 - https:\/\/yoast.com\/wordpress\/plugins\/seo\/ -->\n<title>Cura del Cancro con la medicina &quot;MICROVITA&quot; - un Test - Istituto di Ricerca Prout<\/title>\n<meta name=\"robots\" content=\"index, follow, max-snippet:-1, max-image-preview:large, max-video-preview:-1\" \/>\n<link rel=\"canonical\" href=\"https:\/\/irprout.it\/?page_id=5459\" \/>\n<meta property=\"og:locale\" content=\"it_IT\" \/>\n<meta property=\"og:type\" content=\"article\" \/>\n<meta property=\"og:title\" content=\"Cura del Cancro con la medicina &quot;MICROVITA&quot; - un Test - Istituto di Ricerca Prout\" \/>\n<meta property=\"og:description\" content=\"[vc_row][vc_column][vc_empty_space][\/vc_column][\/vc_row][vc_row][vc_column][vc_custom_heading text=&#8221;Cura del Cancro con la medicina &#8220;MICROVITA&#8220; Un Test&#8221; font_container=&#8221;tag:h1|text_align:left|color:%234c4c4c&#8221; google_fonts=&#8221;font_family:Anton%3Aregular|font_style:400%20regular%3A400%3Anormal&#8221;][\/vc_column][\/vc_row][vc_row][vc_column][vc_separator color=&#8221;chino&#8221; border_width=&#8221;4&#8243;][\/vc_column][\/vc_row][vc_row][vc_column][vc_column_text css=&#8221;.vc_custom_1585412588765{background-color: #eaeaea !important;}&#8221;] INDIAN EXPRESS Thursday June 29 1989 [\/vc_column_text][\/vc_column][\/vc_row][vc_row][vc_column][vc_separator color=&#8221;mulled_wine&#8221; border_width=&#8221;4&#8243; el_width=&#8221;30&#8243; css=&#8221;.vc_custom_1585412572130{margin-top: -40px !important;}&#8221;][\/vc_column][\/vc_row][vc_row][vc_column][vc_column_text css=&#8221;.vc_custom_1585412487088{background-color: #efdb99 !important;}&#8221;] Cura del Cancro con il &#8216;Microvita&#8217; [\/vc_column_text][\/vc_column][\/vc_row][vc_row][vc_column][vc_column_text]By A Staff Reporter BOMBAY, June 27 1989 I seguaci di &hellip; Continua a leggere\" \/>\n<meta property=\"og:url\" content=\"https:\/\/irprout.it\/?page_id=5459\" \/>\n<meta property=\"og:site_name\" content=\"Istituto di Ricerca Prout\" \/>\n<meta property=\"article:modified_time\" content=\"2020-03-28T16:23:34+00:00\" \/>\n<meta name=\"twitter:label1\" content=\"Tempo di lettura stimato\" \/>\n\t<meta name=\"twitter:data1\" content=\"4 minuti\" \/>\n<script type=\"application\/ld+json\" class=\"yoast-schema-graph\">{\"@context\":\"https:\/\/schema.org\",\"@graph\":[{\"@type\":\"WebPage\",\"@id\":\"https:\/\/irprout.it\/?page_id=5459\",\"url\":\"https:\/\/irprout.it\/?page_id=5459\",\"name\":\"Cura del Cancro con la medicina \\\"MICROVITA\\\" - un Test - Istituto di Ricerca Prout\",\"isPartOf\":{\"@id\":\"https:\/\/irprout.it\/#website\"},\"datePublished\":\"2020-03-28T13:58:36+00:00\",\"dateModified\":\"2020-03-28T16:23:34+00:00\",\"breadcrumb\":{\"@id\":\"https:\/\/irprout.it\/?page_id=5459#breadcrumb\"},\"inLanguage\":\"it-IT\",\"potentialAction\":[{\"@type\":\"ReadAction\",\"target\":[\"https:\/\/irprout.it\/?page_id=5459\"]}]},{\"@type\":\"BreadcrumbList\",\"@id\":\"https:\/\/irprout.it\/?page_id=5459#breadcrumb\",\"itemListElement\":[{\"@type\":\"ListItem\",\"position\":1,\"name\":\"Home\",\"item\":\"https:\/\/irprout.it\/\"},{\"@type\":\"ListItem\",\"position\":2,\"name\":\"Cura del Cancro con la medicina &#8220;MICROVITA&#8221; &#8211; un Test\"}]},{\"@type\":\"WebSite\",\"@id\":\"https:\/\/irprout.it\/#website\",\"url\":\"https:\/\/irprout.it\/\",\"name\":\"Istituto di Ricerca Prout\",\"description\":\"Istituto di Ricerca Prout\",\"publisher\":{\"@id\":\"https:\/\/irprout.it\/#organization\"},\"potentialAction\":[{\"@type\":\"SearchAction\",\"target\":{\"@type\":\"EntryPoint\",\"urlTemplate\":\"https:\/\/irprout.it\/?s={search_term_string}\"},\"query-input\":{\"@type\":\"PropertyValueSpecification\",\"valueRequired\":true,\"valueName\":\"search_term_string\"}}],\"inLanguage\":\"it-IT\"},{\"@type\":\"Organization\",\"@id\":\"https:\/\/irprout.it\/#organization\",\"name\":\"Istituto di Ricerca Prout\",\"url\":\"https:\/\/irprout.it\/\",\"logo\":{\"@type\":\"ImageObject\",\"inLanguage\":\"it-IT\",\"@id\":\"https:\/\/irprout.it\/#\/schema\/logo\/image\/\",\"url\":\"http:\/\/irprout.it\/wp-content\/uploads\/2014\/10\/logo_IRP_albero300Cor.jpg\",\"contentUrl\":\"http:\/\/irprout.it\/wp-content\/uploads\/2014\/10\/logo_IRP_albero300Cor.jpg\",\"width\":303,\"height\":304,\"caption\":\"Istituto di Ricerca Prout\"},\"image\":{\"@id\":\"https:\/\/irprout.it\/#\/schema\/logo\/image\/\"}}]}<\/script>\n<!-- \/ Yoast SEO plugin. -->","yoast_head_json":{"title":"Cura del Cancro con la medicina \"MICROVITA\" - un Test - Istituto di Ricerca Prout","robots":{"index":"index","follow":"follow","max-snippet":"max-snippet:-1","max-image-preview":"max-image-preview:large","max-video-preview":"max-video-preview:-1"},"canonical":"https:\/\/irprout.it\/?page_id=5459","og_locale":"it_IT","og_type":"article","og_title":"Cura del Cancro con la medicina \"MICROVITA\" - un Test - Istituto di Ricerca Prout","og_description":"[vc_row][vc_column][vc_empty_space][\/vc_column][\/vc_row][vc_row][vc_column][vc_custom_heading text=&#8221;Cura del Cancro con la medicina &#8220;MICROVITA&#8220; Un Test&#8221; font_container=&#8221;tag:h1|text_align:left|color:%234c4c4c&#8221; google_fonts=&#8221;font_family:Anton%3Aregular|font_style:400%20regular%3A400%3Anormal&#8221;][\/vc_column][\/vc_row][vc_row][vc_column][vc_separator color=&#8221;chino&#8221; border_width=&#8221;4&#8243;][\/vc_column][\/vc_row][vc_row][vc_column][vc_column_text css=&#8221;.vc_custom_1585412588765{background-color: #eaeaea !important;}&#8221;] INDIAN EXPRESS Thursday June 29 1989 [\/vc_column_text][\/vc_column][\/vc_row][vc_row][vc_column][vc_separator color=&#8221;mulled_wine&#8221; border_width=&#8221;4&#8243; el_width=&#8221;30&#8243; css=&#8221;.vc_custom_1585412572130{margin-top: -40px !important;}&#8221;][\/vc_column][\/vc_row][vc_row][vc_column][vc_column_text css=&#8221;.vc_custom_1585412487088{background-color: #efdb99 !important;}&#8221;] Cura del Cancro con il &#8216;Microvita&#8217; [\/vc_column_text][\/vc_column][\/vc_row][vc_row][vc_column][vc_column_text]By A Staff Reporter BOMBAY, June 27 1989 I seguaci di &hellip; Continua a leggere","og_url":"https:\/\/irprout.it\/?page_id=5459","og_site_name":"Istituto di Ricerca Prout","article_modified_time":"2020-03-28T16:23:34+00:00","twitter_misc":{"Tempo di lettura stimato":"4 minuti"},"schema":{"@context":"https:\/\/schema.org","@graph":[{"@type":"WebPage","@id":"https:\/\/irprout.it\/?page_id=5459","url":"https:\/\/irprout.it\/?page_id=5459","name":"Cura del Cancro con la medicina \"MICROVITA\" - un Test - Istituto di Ricerca Prout","isPartOf":{"@id":"https:\/\/irprout.it\/#website"},"datePublished":"2020-03-28T13:58:36+00:00","dateModified":"2020-03-28T16:23:34+00:00","breadcrumb":{"@id":"https:\/\/irprout.it\/?page_id=5459#breadcrumb"},"inLanguage":"it-IT","potentialAction":[{"@type":"ReadAction","target":["https:\/\/irprout.it\/?page_id=5459"]}]},{"@type":"BreadcrumbList","@id":"https:\/\/irprout.it\/?page_id=5459#breadcrumb","itemListElement":[{"@type":"ListItem","position":1,"name":"Home","item":"https:\/\/irprout.it\/"},{"@type":"ListItem","position":2,"name":"Cura del Cancro con la medicina &#8220;MICROVITA&#8221; &#8211; un Test"}]},{"@type":"WebSite","@id":"https:\/\/irprout.it\/#website","url":"https:\/\/irprout.it\/","name":"Istituto di Ricerca Prout","description":"Istituto di Ricerca Prout","publisher":{"@id":"https:\/\/irprout.it\/#organization"},"potentialAction":[{"@type":"SearchAction","target":{"@type":"EntryPoint","urlTemplate":"https:\/\/irprout.it\/?s={search_term_string}"},"query-input":{"@type":"PropertyValueSpecification","valueRequired":true,"valueName":"search_term_string"}}],"inLanguage":"it-IT"},{"@type":"Organization","@id":"https:\/\/irprout.it\/#organization","name":"Istituto di Ricerca Prout","url":"https:\/\/irprout.it\/","logo":{"@type":"ImageObject","inLanguage":"it-IT","@id":"https:\/\/irprout.it\/#\/schema\/logo\/image\/","url":"http:\/\/irprout.it\/wp-content\/uploads\/2014\/10\/logo_IRP_albero300Cor.jpg","contentUrl":"http:\/\/irprout.it\/wp-content\/uploads\/2014\/10\/logo_IRP_albero300Cor.jpg","width":303,"height":304,"caption":"Istituto di Ricerca Prout"},"image":{"@id":"https:\/\/irprout.it\/#\/schema\/logo\/image\/"}}]}},"_links":{"self":[{"href":"https:\/\/irprout.it\/index.php?rest_route=\/wp\/v2\/pages\/5459","targetHints":{"allow":["GET"]}}],"collection":[{"href":"https:\/\/irprout.it\/index.php?rest_route=\/wp\/v2\/pages"}],"about":[{"href":"https:\/\/irprout.it\/index.php?rest_route=\/wp\/v2\/types\/page"}],"author":[{"embeddable":true,"href":"https:\/\/irprout.it\/index.php?rest_route=\/wp\/v2\/users\/3"}],"replies":[{"embeddable":true,"href":"https:\/\/irprout.it\/index.php?rest_route=%2Fwp%2Fv2%2Fcomments&post=5459"}],"version-history":[{"count":5,"href":"https:\/\/irprout.it\/index.php?rest_route=\/wp\/v2\/pages\/5459\/revisions"}],"predecessor-version":[{"id":5479,"href":"https:\/\/irprout.it\/index.php?rest_route=\/wp\/v2\/pages\/5459\/revisions\/5479"}],"wp:attachment":[{"href":"https:\/\/irprout.it\/index.php?rest_route=%2Fwp%2Fv2%2Fmedia&parent=5459"}],"curies":[{"name":"wp","href":"https:\/\/api.w.org\/{rel}","templated":true}]}}