{"id":5527,"date":"2020-04-04T11:20:57","date_gmt":"2020-04-04T10:20:57","guid":{"rendered":"http:\/\/irprout.it\/?page_id=5527"},"modified":"2020-04-04T11:20:57","modified_gmt":"2020-04-04T10:20:57","slug":"apprezzamenti-sul-prout","status":"publish","type":"page","link":"https:\/\/irprout.it\/?page_id=5527","title":{"rendered":"Apprezzamenti sul PROUT"},"content":{"rendered":"<div class=\"wpb-content-wrapper\"><p>[vc_row][vc_column][vc_empty_space][\/vc_column][\/vc_row][vc_row][vc_column][vc_custom_heading text=&#8221;Teoria Economica PROUT: Apprezzamenti&#8221; font_container=&#8221;tag:h1|text_align:left|color:%235b5b5b&#8221; google_fonts=&#8221;font_family:Anton%3Aregular|font_style:400%20regular%3A400%3Anormal&#8221;][\/vc_column][\/vc_row][vc_row][vc_column][vc_column_text]<span style=\"font-size: 14pt; font-family: 'Roboto Condensed', sans-serif;\">Di seguito \u00e8 riportato un campione di elogi al PROUT (la Teoria dell&#8217;Utilizzazione PROgressiva) e il suo promotore, P.R. Sarkar.<\/span>[\/vc_column_text][\/vc_column][\/vc_row][vc_row][vc_column][vc_separator color=&#8221;chino&#8221; border_width=&#8221;4&#8243;][\/vc_column][\/vc_row][vc_row][vc_column][vc_column_text css=&#8221;.vc_custom_1585995624486{margin-top: -20px !important;padding-top: 10px !important;padding-right: 10px !important;padding-bottom: 10px !important;padding-left: 10px !important;background-color: #f4e4a1 !important;}&#8221;]Questi commenti riflettono la gamma di interessi di coloro che hanno sviluppato l&#8217;apprezzamento per PROUT. L&#8217;economista Hazel Henderson sottolinea i contributi di PROUT ad un&#8217;analisi anti-globalizzazione. Il presidente venezuelano Hugo Chavez loda l&#8217;enfasi posta da PROUT sulle cooperative.<\/p>\n<p>Il teologo della liberazione Leonardo Boff apprezza la visione olistica di PROUT della liberazione umana.&nbsp;Noam Chomsky apprezza l&#8217;equit\u00e0 e l&#8217;umanesimo della visione economica di PROUT.&nbsp;<\/p>\n<p>Queste persone hanno anche ruoli molto diversi. Includono i presidenti (Hugo Chavez e Gyani Singh), futuristi (Johan Galtung e Sohail Inayatullah), gli economisti (Jaroslav Vanek e Ravi Batra), gli analisti politici (Howard Zinn e Noam Chomsky), teologi della liberazione (Leonardo Boff e Frei Betto), attivisti (Bette Hoover e Marcos Arruda), nuovi pensatori paradigmatici (Mark Satin, Hazel Henderson e O.W. Markley), un avvocato d&#8217;affari socialmente responsabile (Kit Bricca), e altri ancora. Questa diversit\u00e0 di elogi testimonia l&#8217;ampia rilevanza del PROUT per coloro che sono impegnati nella trasformazione sociale.<\/p>\n<p>E sono varie le loro origini nazionali &#8211; provenienti da Russia, Norvegia, India, Australia, Brasile, Brasile, America, Venezuela, Pakistan e Cecoslovacchia &#8211; questi relatori indicano l&#8217;appeal globale del PROUT tra i pensatori progressisti. E, questi relatori riflettono, nel loro lavoro e nel loro carattere, esempi eccezionali del meglio dello spirito e dell&#8217;intelletto umano. Essi riflettono la grandezza in s\u00e9 stessi, e apprezzano ci\u00f2 che ha la capacit\u00e0 di coltivare la grandezza dell&#8217;umanit\u00e0, nel suo insieme.&nbsp;[\/vc_column_text][\/vc_column][\/vc_row][vc_row][vc_column][vc_separator color=&#8221;chino&#8221; border_width=&#8221;4&#8243; css=&#8221;.vc_custom_1585995552645{margin-top: -20px !important;}&#8221;][\/vc_column][\/vc_row][vc_row][vc_column][vc_column_text]PROUT \u00e8 la teoria di un sistema economico e politico autosufficiente che si ispira spiritualmente piuttosto che materialisticamente. L&#8217;obiettivo \u00e8 il vero sviluppo umano che soddisfi i bisogni primari &#8230; Sarkar si distinguer\u00e0 come uno dei veri grandi pensatori di questo secolo. \u00c8 un gigante intellettuale del nostro tempo.<\/p>\n<ul>\n<li><span style=\"color: #800000;\">Johan Galtung; professore; vincitore del <em>Right Livelihood Award<\/em>; co-fondatore della <em>World Futures Studies Federation<\/em>; autore di 70 libri di politica, storia e studi sulla pace.<\/span><\/li>\n<\/ul>\n<p>&nbsp;<\/p>\n<p>PROUT \u00e8 spirituale e utopico, pur rimanendo radicato nella realt\u00e0. La sua analisi \u00e8 intelligente e la sua visione ispiratrice.<\/p>\n<ul>\n<li><span style=\"color: #800000;\">Howard Zinn, professore emerito, Boston Un., autore di &#8220;<em>A People&#8217;s History of the United States<\/em>&#8220;.<\/span><\/li>\n<\/ul>\n<p>&nbsp;<\/p>\n<p>P. R. Sarkar \u00e8 molto importante per tutti coloro che anelano a una liberazione che parta dall&#8217;economia e si apra a una totalit\u00e0 dell&#8217;esistenza umana personale e sociale.<\/p>\n<ul>\n<li><span style=\"color: #800000;\">Leonardo Boff, fondatore della <em>Teologia della Liberazione<\/em>; autore di oltre 50 libri<\/span><\/li>\n<\/ul>\n<p>&nbsp;<\/p>\n<p>P. R. Sarkar ci fornisce una visione del futuro che ricorda i poveri e i deboli, che tocca il cuore di tutti, che fa appello al nostro bisogno pi\u00f9 profondo di creare una buona societ\u00e0, una civilt\u00e0 planetaria dinamica ed ecologicamente equilibrata.<\/p>\n<ul>\n<li><span style=\"color: #800000;\">Sohail Inayatullah, professore, <em>Queensland University of Technology<\/em>; membro del consiglio della <em>World Futures Studies Federation<\/em>; comitato editoriale di <em>Futures<\/em><\/span><\/li>\n<\/ul>\n<p>&nbsp;<\/p>\n<p>\u201c<em>Dopo il capitalismo<\/em>: <em>PROUT La Visione di un Nuovo Mondo\u201d<\/em> \u00e8 un libro che apprezziamo molto. Parla delle cooperative, proprio come le cooperative alimentari nel piano alimentare del nostro Ministro dell&#8217;Agricoltura.<\/p>\n<ul>\n<li><span style=\"color: #800000;\">Hugo Chavez, Presidente del Venezuela<\/span><\/li>\n<\/ul>\n<p>&nbsp;<\/p>\n<p>P. R. Sarkar, a modo suo, \u00e8 pi\u00f9 che alla pari del grande storico Arnold Toynbee. Sarkar non solo ha illuminato la crescita e l&#8217;inevitabile declino che deriva dalla fase capitalistica dell&#8217;evoluzione della societ\u00e0, ma offre saggi consigli su cosa fare altrimenti.<\/p>\n<ul>\n<li><span style=\"color: #800000;\">Oliver Markley, professore alla <em>University of Houston<\/em>; autore di <em>Changing Images of Mankind<\/em><\/span><\/li>\n<\/ul>\n<p>&nbsp;<\/p>\n<p>Finalmente qualcuno che ha bilanciato l&#8217;esoterico e il pragmatico, che ha amato il suo prossimo in modo da mostrare rispetto per la vita quotidiana delle persone e non le ha lasciate abbandonate nel qui e ora preferendo la salvezza di domani.&nbsp;<\/p>\n<ul>\n<li><span style=\"color: #800000;\">Paul Wildman, professore alla <em>Southern Cross University<\/em>, Australia; autore di oltre 60 articoli, libri e video sullo sviluppo della comunit\u00e0<\/span><\/li>\n<\/ul>\n<p>&nbsp;<\/p>\n<p>PROUT \u00e8 un&#8217;alternativa esplicita e coerente al marxismo e al liberalismo. PROUT \u00e8 una sintesi di teoria decentrata, Tantra, economia cooperativa e psicologia transpersonale.&nbsp;<\/p>\n<ul>\n<li><span style=\"color: #800000;\">Mark Satin, autore di <em>New Age Politics<\/em>; ex redattore di <em>New Options<\/em><\/span><\/li>\n<\/ul>\n<p>&nbsp;<\/p>\n<p>Le visioni alternative sono cruciali in questo momento storico. Il modello cooperativo di PROUT, basato su valori umani cardinali e sulla condivisione delle risorse del pianeta per il benessere di tutti, merita la nostra seria considerazione.<\/p>\n<ul>\n<li><span style=\"color: #800000;\">Noam Chomsky, professore, Massachusetts Institute of Technology; autore di oltre 70 libri di linguistica, politica e scienze cognitive; vincitore del Premio Kyoto 1988.<\/span><\/li>\n<\/ul>\n<p>&nbsp;<\/p>\n<p>Come consiglia PROUT, il miglior uso della finanza per lo sviluppo, \u00e8 quello di sviluppare le cooperative.<\/p>\n<ul>\n<li><span style=\"color: #800000;\">Jaraslov Vanek, professore emerito, Cornell Un.; autore, <em>The Participatory Economic<\/em><\/span><\/li>\n<\/ul>\n<p>&nbsp;<\/p>\n<p>P. R. Sarkar \u00e8 stato uno dei pi\u00f9 grandi filosofi moderni dell&#8217;India.<\/p>\n<ul>\n<li><span style=\"color: #800000;\">Gyani Zail Singh, ex presidente dell&#8217;India<\/span><\/li>\n<\/ul>\n<p>&nbsp;<\/p>\n<p>In generale, la teoria della civilt\u00e0 di Sarkar supera tutte le altre, compresi i contributi di Marx, Toynbee e Spengler.&nbsp;<\/p>\n<ul>\n<li><span style=\"color: #800000;\">Ravi Batra, professore alla <em>Southern Methodist University<\/em>; autore di <em>The Myth of Free Trade<\/em><\/span><\/li>\n<\/ul>\n<p>&nbsp;<\/p>\n<p>PROUT \u00e8 un contributo importante per ripensare il corso disastroso della globalizzazione economica.<\/p>\n<ul>\n<li><span style=\"color: #800000;\">Hazel Henderson, economista, autrice di <em>Beyond Globalization<\/em><\/span><\/li>\n<\/ul>\n<p>&nbsp;<\/p>\n<p>Le proposte di PROUT sono la sintesi etica di tutto ci\u00f2 di cui l&#8217;umanit\u00e0 ha bisogno per realizzare la fraternit\u00e0 universale. La visione di PROUT di un nuovo mondo non riguarda solo i rapporti politici, sociali ed economici, ma anche l&#8217;educazione, le relazioni di genere e la spiritualit\u00e0.<\/p>\n<ul>\n<li><span style=\"color: #800000;\">Frei Betto, frate domenicano e attivista politico; autore di oltre 45 libri<\/span><\/li>\n<\/ul>\n<p>&nbsp;<\/p>\n<p>Il vecchio cervello di rettile, alla base delle nostre abilit\u00e0, \u00e8 stato avvolto il cervello di mammifero. Un altro cervello chiamato &#8216;cervello nuovo&#8217; \u00e8 stato avvolto attorno a questo. Il freddo proviene dal cervello del rettile, il calore dal cervello del mammifero e la luce dal nuovo cervello. Il nuovo cervello \u00e8 il luogo in cui ha vissuto P.R. Sarkar.<\/p>\n<ul>\n<li><span style=\"color: #800000;\">Robert Bly, poeta e traduttore<\/span><\/li>\n<\/ul>\n<p>&nbsp;<\/p>\n<p>Il neo-umanesimo di Sarkar: <em>La liberazione dell&#8217;intelletto<\/em> \u00e8 la pi\u00f9 grande poesia allo spirito umano mai scritta.<\/p>\n<ul>\n<li><span style=\"color: #800000;\">Evgeny Mikov, direttore di <em>Russian Noosphere Institute<\/em><\/span><\/li>\n<\/ul>\n<p>&nbsp;<\/p>\n<p>PROUT \u00e8 un modello economico alternativo i cui principi di democrazia economica e di pianificazione possono contribuire a una soluzione che va a beneficio di tutti.<\/p>\n<ul>\n<li><span style=\"color: #800000;\">Mark Friedman, ex sindaco di El Cerrito, California; autore di &#8220;<em>Come prepararsi alla prossima depressione<\/em>&#8220;.<\/span><\/li>\n<\/ul>\n<p>&nbsp;<\/p>\n<p>Il <strong>movimento imprenditoriale socialmente responsabile<\/strong> dovrebbe esaminare l&#8217;economia di Sarkar. Sarkar ritiene che la nuova economia debba essere creata al servizio di un ideale pi\u00f9 grande della massimizzazione del profitto individuale.&nbsp;<\/p>\n<ul>\n<li><span style=\"color: #800000;\">Kit Bricca, coautore di <em>Business for Social Responsibility<\/em><\/span><\/li>\n<\/ul>\n<p>&nbsp;<\/p>\n<p>\u201c<em>Dopo il capitalismo: PROUT La Visione per un Nuovo Mondo<\/em>\u201d include una brillante analisi dei pericoli del capitalismo globale, cos\u00ec come ricchi insegnamenti spirituali per immaginare un mondo migliore per il benessere di tutti. Un must per i guerrieri spirituali e gli attivisti della pace.<\/p>\n<ul>\n<li><span style=\"color: #800000;\">Bette Hoover, Washington, <em>DC American Friends Service Committee<\/em> Director<\/span><\/li>\n<\/ul>\n<p>&nbsp;<\/p>\n<p>Non ne avevo idea! Sono un proutista! [dopo aver ascoltato una presentazione su PROUT]<\/p>\n<ul>\n<li><span style=\"color: #800000;\">Trent Schroyer, presidente di<em> The Other Economic Summit <\/em>[TOES].<\/span><\/li>\n<\/ul>\n<p>[\/vc_column_text][\/vc_column][\/vc_row]<\/p>\n<\/div>","protected":false},"excerpt":{"rendered":"<p>[vc_row][vc_column][vc_empty_space][\/vc_column][\/vc_row][vc_row][vc_column][vc_custom_heading text=&#8221;Teoria Economica PROUT: Apprezzamenti&#8221; font_container=&#8221;tag:h1|text_align:left|color:%235b5b5b&#8221; google_fonts=&#8221;font_family:Anton%3Aregular|font_style:400%20regular%3A400%3Anormal&#8221;][\/vc_column][\/vc_row][vc_row][vc_column][vc_column_text]Di seguito \u00e8 riportato un campione di elogi al PROUT (la Teoria dell&#8217;Utilizzazione PROgressiva) e il suo promotore, P.R. Sarkar.[\/vc_column_text][\/vc_column][\/vc_row][vc_row][vc_column][vc_separator color=&#8221;chino&#8221; border_width=&#8221;4&#8243;][\/vc_column][\/vc_row][vc_row][vc_column][vc_column_text css=&#8221;.vc_custom_1585995624486{margin-top: -20px !important;padding-top: 10px !important;padding-right: 10px !important;padding-bottom: 10px !important;padding-left: 10px !important;background-color: #f4e4a1 !important;}&#8221;]Questi commenti riflettono la gamma di interessi di coloro che <span class=\"excerpt-dots\">&hellip;<\/span> <a class=\"more-link\" href=\"https:\/\/irprout.it\/?page_id=5527\"><span class=\"more-msg\">Continua a leggere<\/span><\/a><\/p>\n","protected":false},"author":3,"featured_media":0,"parent":0,"menu_order":0,"comment_status":"closed","ping_status":"closed","template":"","meta":{"ngg_post_thumbnail":0,"footnotes":""},"class_list":["post-5527","page","type-page","status-publish","hentry"],"yoast_head":"<!-- This site is optimized with the Yoast SEO plugin v26.6 - https:\/\/yoast.com\/wordpress\/plugins\/seo\/ -->\n<title>Apprezzamenti sul PROUT - Istituto di Ricerca Prout<\/title>\n<meta name=\"robots\" content=\"index, follow, max-snippet:-1, max-image-preview:large, max-video-preview:-1\" \/>\n<link rel=\"canonical\" href=\"https:\/\/irprout.it\/?page_id=5527\" \/>\n<meta property=\"og:locale\" content=\"it_IT\" \/>\n<meta property=\"og:type\" content=\"article\" \/>\n<meta property=\"og:title\" content=\"Apprezzamenti sul PROUT - Istituto di Ricerca Prout\" \/>\n<meta property=\"og:description\" content=\"[vc_row][vc_column][vc_empty_space][\/vc_column][\/vc_row][vc_row][vc_column][vc_custom_heading text=&#8221;Teoria Economica PROUT: Apprezzamenti&#8221; font_container=&#8221;tag:h1|text_align:left|color:%235b5b5b&#8221; google_fonts=&#8221;font_family:Anton%3Aregular|font_style:400%20regular%3A400%3Anormal&#8221;][\/vc_column][\/vc_row][vc_row][vc_column][vc_column_text]Di seguito \u00e8 riportato un campione di elogi al PROUT (la Teoria dell&#8217;Utilizzazione PROgressiva) e il suo promotore, P.R. Sarkar.[\/vc_column_text][\/vc_column][\/vc_row][vc_row][vc_column][vc_separator color=&#8221;chino&#8221; border_width=&#8221;4&#8243;][\/vc_column][\/vc_row][vc_row][vc_column][vc_column_text css=&#8221;.vc_custom_1585995624486{margin-top: -20px !important;padding-top: 10px !important;padding-right: 10px !important;padding-bottom: 10px !important;padding-left: 10px !important;background-color: #f4e4a1 !important;}&#8221;]Questi commenti riflettono la gamma di interessi di coloro che &hellip; Continua a leggere\" \/>\n<meta property=\"og:url\" content=\"https:\/\/irprout.it\/?page_id=5527\" \/>\n<meta property=\"og:site_name\" content=\"Istituto di Ricerca Prout\" \/>\n<meta name=\"twitter:label1\" content=\"Tempo di lettura stimato\" \/>\n\t<meta name=\"twitter:data1\" content=\"6 minuti\" \/>\n<script type=\"application\/ld+json\" class=\"yoast-schema-graph\">{\"@context\":\"https:\/\/schema.org\",\"@graph\":[{\"@type\":\"WebPage\",\"@id\":\"https:\/\/irprout.it\/?page_id=5527\",\"url\":\"https:\/\/irprout.it\/?page_id=5527\",\"name\":\"Apprezzamenti sul PROUT - Istituto di Ricerca Prout\",\"isPartOf\":{\"@id\":\"https:\/\/irprout.it\/#website\"},\"datePublished\":\"2020-04-04T10:20:57+00:00\",\"breadcrumb\":{\"@id\":\"https:\/\/irprout.it\/?page_id=5527#breadcrumb\"},\"inLanguage\":\"it-IT\",\"potentialAction\":[{\"@type\":\"ReadAction\",\"target\":[\"https:\/\/irprout.it\/?page_id=5527\"]}]},{\"@type\":\"BreadcrumbList\",\"@id\":\"https:\/\/irprout.it\/?page_id=5527#breadcrumb\",\"itemListElement\":[{\"@type\":\"ListItem\",\"position\":1,\"name\":\"Home\",\"item\":\"https:\/\/irprout.it\/\"},{\"@type\":\"ListItem\",\"position\":2,\"name\":\"Apprezzamenti sul PROUT\"}]},{\"@type\":\"WebSite\",\"@id\":\"https:\/\/irprout.it\/#website\",\"url\":\"https:\/\/irprout.it\/\",\"name\":\"Istituto di Ricerca Prout\",\"description\":\"Istituto di Ricerca Prout\",\"publisher\":{\"@id\":\"https:\/\/irprout.it\/#organization\"},\"potentialAction\":[{\"@type\":\"SearchAction\",\"target\":{\"@type\":\"EntryPoint\",\"urlTemplate\":\"https:\/\/irprout.it\/?s={search_term_string}\"},\"query-input\":{\"@type\":\"PropertyValueSpecification\",\"valueRequired\":true,\"valueName\":\"search_term_string\"}}],\"inLanguage\":\"it-IT\"},{\"@type\":\"Organization\",\"@id\":\"https:\/\/irprout.it\/#organization\",\"name\":\"Istituto di Ricerca Prout\",\"url\":\"https:\/\/irprout.it\/\",\"logo\":{\"@type\":\"ImageObject\",\"inLanguage\":\"it-IT\",\"@id\":\"https:\/\/irprout.it\/#\/schema\/logo\/image\/\",\"url\":\"http:\/\/irprout.it\/wp-content\/uploads\/2014\/10\/logo_IRP_albero300Cor.jpg\",\"contentUrl\":\"http:\/\/irprout.it\/wp-content\/uploads\/2014\/10\/logo_IRP_albero300Cor.jpg\",\"width\":303,\"height\":304,\"caption\":\"Istituto di Ricerca Prout\"},\"image\":{\"@id\":\"https:\/\/irprout.it\/#\/schema\/logo\/image\/\"}}]}<\/script>\n<!-- \/ Yoast SEO plugin. -->","yoast_head_json":{"title":"Apprezzamenti sul PROUT - Istituto di Ricerca Prout","robots":{"index":"index","follow":"follow","max-snippet":"max-snippet:-1","max-image-preview":"max-image-preview:large","max-video-preview":"max-video-preview:-1"},"canonical":"https:\/\/irprout.it\/?page_id=5527","og_locale":"it_IT","og_type":"article","og_title":"Apprezzamenti sul PROUT - Istituto di Ricerca Prout","og_description":"[vc_row][vc_column][vc_empty_space][\/vc_column][\/vc_row][vc_row][vc_column][vc_custom_heading text=&#8221;Teoria Economica PROUT: Apprezzamenti&#8221; font_container=&#8221;tag:h1|text_align:left|color:%235b5b5b&#8221; google_fonts=&#8221;font_family:Anton%3Aregular|font_style:400%20regular%3A400%3Anormal&#8221;][\/vc_column][\/vc_row][vc_row][vc_column][vc_column_text]Di seguito \u00e8 riportato un campione di elogi al PROUT (la Teoria dell&#8217;Utilizzazione PROgressiva) e il suo promotore, P.R. Sarkar.[\/vc_column_text][\/vc_column][\/vc_row][vc_row][vc_column][vc_separator color=&#8221;chino&#8221; border_width=&#8221;4&#8243;][\/vc_column][\/vc_row][vc_row][vc_column][vc_column_text css=&#8221;.vc_custom_1585995624486{margin-top: -20px !important;padding-top: 10px !important;padding-right: 10px !important;padding-bottom: 10px !important;padding-left: 10px !important;background-color: #f4e4a1 !important;}&#8221;]Questi commenti riflettono la gamma di interessi di coloro che &hellip; Continua a leggere","og_url":"https:\/\/irprout.it\/?page_id=5527","og_site_name":"Istituto di Ricerca Prout","twitter_misc":{"Tempo di lettura stimato":"6 minuti"},"schema":{"@context":"https:\/\/schema.org","@graph":[{"@type":"WebPage","@id":"https:\/\/irprout.it\/?page_id=5527","url":"https:\/\/irprout.it\/?page_id=5527","name":"Apprezzamenti sul PROUT - Istituto di Ricerca Prout","isPartOf":{"@id":"https:\/\/irprout.it\/#website"},"datePublished":"2020-04-04T10:20:57+00:00","breadcrumb":{"@id":"https:\/\/irprout.it\/?page_id=5527#breadcrumb"},"inLanguage":"it-IT","potentialAction":[{"@type":"ReadAction","target":["https:\/\/irprout.it\/?page_id=5527"]}]},{"@type":"BreadcrumbList","@id":"https:\/\/irprout.it\/?page_id=5527#breadcrumb","itemListElement":[{"@type":"ListItem","position":1,"name":"Home","item":"https:\/\/irprout.it\/"},{"@type":"ListItem","position":2,"name":"Apprezzamenti sul PROUT"}]},{"@type":"WebSite","@id":"https:\/\/irprout.it\/#website","url":"https:\/\/irprout.it\/","name":"Istituto di Ricerca Prout","description":"Istituto di Ricerca Prout","publisher":{"@id":"https:\/\/irprout.it\/#organization"},"potentialAction":[{"@type":"SearchAction","target":{"@type":"EntryPoint","urlTemplate":"https:\/\/irprout.it\/?s={search_term_string}"},"query-input":{"@type":"PropertyValueSpecification","valueRequired":true,"valueName":"search_term_string"}}],"inLanguage":"it-IT"},{"@type":"Organization","@id":"https:\/\/irprout.it\/#organization","name":"Istituto di Ricerca Prout","url":"https:\/\/irprout.it\/","logo":{"@type":"ImageObject","inLanguage":"it-IT","@id":"https:\/\/irprout.it\/#\/schema\/logo\/image\/","url":"http:\/\/irprout.it\/wp-content\/uploads\/2014\/10\/logo_IRP_albero300Cor.jpg","contentUrl":"http:\/\/irprout.it\/wp-content\/uploads\/2014\/10\/logo_IRP_albero300Cor.jpg","width":303,"height":304,"caption":"Istituto di Ricerca Prout"},"image":{"@id":"https:\/\/irprout.it\/#\/schema\/logo\/image\/"}}]}},"_links":{"self":[{"href":"https:\/\/irprout.it\/index.php?rest_route=\/wp\/v2\/pages\/5527","targetHints":{"allow":["GET"]}}],"collection":[{"href":"https:\/\/irprout.it\/index.php?rest_route=\/wp\/v2\/pages"}],"about":[{"href":"https:\/\/irprout.it\/index.php?rest_route=\/wp\/v2\/types\/page"}],"author":[{"embeddable":true,"href":"https:\/\/irprout.it\/index.php?rest_route=\/wp\/v2\/users\/3"}],"replies":[{"embeddable":true,"href":"https:\/\/irprout.it\/index.php?rest_route=%2Fwp%2Fv2%2Fcomments&post=5527"}],"version-history":[{"count":8,"href":"https:\/\/irprout.it\/index.php?rest_route=\/wp\/v2\/pages\/5527\/revisions"}],"predecessor-version":[{"id":5535,"href":"https:\/\/irprout.it\/index.php?rest_route=\/wp\/v2\/pages\/5527\/revisions\/5535"}],"wp:attachment":[{"href":"https:\/\/irprout.it\/index.php?rest_route=%2Fwp%2Fv2%2Fmedia&parent=5527"}],"curies":[{"name":"wp","href":"https:\/\/api.w.org\/{rel}","templated":true}]}}