{"id":5567,"date":"2020-04-13T11:06:30","date_gmt":"2020-04-13T10:06:30","guid":{"rendered":"http:\/\/irprout.it\/?page_id=5567"},"modified":"2020-04-13T19:31:37","modified_gmt":"2020-04-13T18:31:37","slug":"capitalismo-una-malattia-mentale","status":"publish","type":"page","link":"https:\/\/irprout.it\/?page_id=5567","title":{"rendered":"CAPITALISMO, un disturbo mentale."},"content":{"rendered":"<div class=\"wpb-content-wrapper\"><p>[vc_row][vc_column][vc_empty_space][\/vc_column][\/vc_row][vc_row][vc_column][vc_custom_heading text=&#8221;CAPITALISMO, un disturbo mentale da curare.&#8221; font_container=&#8221;tag:h1|text_align:left|color:%235e5e5e&#8221; google_fonts=&#8221;font_family:Anton%3Aregular|font_style:400%20regular%3A400%3Anormal&#8221;][\/vc_column][\/vc_row][vc_row][vc_column][vc_empty_space height=&#8221;20px&#8221;][\/vc_column][\/vc_row][vc_row][vc_column][vc_separator color=&#8221;chino&#8221; style=&#8221;shadow&#8221; border_width=&#8221;4&#8243;][\/vc_column][\/vc_row][vc_row][vc_column width=&#8221;1\/3&#8243;][vc_single_image image=&#8221;5173&#8243; img_size=&#8221;full&#8221; style=&#8221;vc_box_border&#8221; border_color=&#8221;chino&#8221;][\/vc_column][vc_column width=&#8221;2\/3&#8243;][vc_column_text css=&#8221;.vc_custom_1586772073915{margin-left: -55px !important;}&#8221;]<span style=\"font-size: 14pt; font-family: 'Roboto Condensed', sans-serif;\">CAPITALISMO &#8211; P.R. Sarkar&nbsp;&nbsp;<\/span><\/p>\n<p><span style=\"font-size: 14pt; font-family: 'Roboto Condensed', sans-serif;\">Come \u00e8 nato il capitalismo? Il capitale \u00e8 composto da beni di consumo potenziali. Le persone intelligenti raccolgono pi\u00f9 capitali di altri sotto forma di beni di consumo, ma poich\u00e9 questi capitali non possono essere conservati a lungo, hanno iniziato a conservarli sotto forma di denaro. Queste persone sono chiamate capitalisti. Questi capitalisti sono i figli e le figlie indegne del Padre Cosmico perch\u00e9 vanno contro il principio dell&#8217;eredit\u00e0 cosmica <span style=\"color: #0000ff;\">[1]<\/span>. Dovrebbero essere curati dai loro disturbi.<\/span>[\/vc_column_text][\/vc_column][\/vc_row][vc_row][vc_column][vc_separator color=&#8221;chino&#8221; border_width=&#8221;4&#8243;][\/vc_column][\/vc_row][vc_row][vc_column][vc_column_text]<strong>Combattere il capitalismo \u00e8 quindi nel vostro obiettivo.<\/strong> Il seme dell&#8217;espressione infinita \u00e8 nel Dharma (natura umana), ma dovete nutrirlo.<strong> I capitalisti creano ostacoli nel cammino degli esseri umani e impediscono loro di diventare un tutt&#8217;uno con il cosmo &#8211; impediscono loro di diventare grandi.<\/strong> Quindi il capitalismo \u00e8 anti-Dharma e anche le azioni dei capitalisti sono anti-Dharma.<\/p>\n<p><strong><span style=\"color: #800000;\">Come si pu\u00f2 correggere la condotta dei capitalisti?<\/span><\/strong> Nel regno della moralit\u00e0 due forze agiscono fianco a fianco. Una \u00e8 la spinta interna e l&#8217;altra \u00e8 la pressione esterna. Ogni singolo oggetto dell&#8217;universo ha una forza vitale che aspira a un&#8217;espressione infinita. \u00c1tman (Anima) o l&#8217;<em>entit\u00e0 testimone<\/em> fornisce la resistenza necessaria per combattere le forze del male, ma richiede una grande pressione esterna per neutralizzare le forze del male che agiscono contro l&#8217;impulso interno. <strong>La pressione esterna pu\u00f2 assumere la forma di suggerimenti, consigli, punizioni e scontri. I capitalisti sono immorali e stanno combattendo una guerra fratricida. Il loro impulso interno \u00e8 scarso e non funziona correttamente. Dobbiamo applicare la forza esterna per correggere la loro condotta. Consigli ben formulati non serviranno a nulla.<\/strong><\/p>\n<p>Le espressioni umane sono di tre tipi. Gli esseri umani hanno desideri fisici inestinguibili e infiniti e da questi desideri fisici \u00e8 nato il capitalismo. I capitalisti lavorano giorno e notte per denaro. Questo pu\u00f2 essere un desiderio naturale, ma l&#8217;oggettivit\u00e0 fisica \u00e8 finita, quindi il desiderio infinito di accumulare oggetti fisici finiti \u00e8 un disturbo psichico. Gli esseri umani hanno anche desideri psichici inestinguibili e infiniti, e da questi eccessivi desideri psichici nascono disturbi psichici e le persone diventano anormali. L&#8217;oggetto dei desideri psichici associato alla fisicit\u00e0 \u00e8 anch&#8217;esso finito, ma l&#8217;oggetto del puro desiderio psichico \u00e8 infinito. Il corpo psichico e l&#8217;oggettivit\u00e0 fisica sono sempre separati e cos\u00ec nasce il seme del dualismo. Ma <strong>il raggiungimento dell&#8217;oggettivit\u00e0 spirituale significa colmare l&#8217;abisso tra il s\u00e9 e l&#8217;oggetto, e in questo raggiungimento si trova la pace.<\/strong><\/p>\n<p><span style=\"color: #000000;\"><strong>I disturbi psichici di cui sopra portano anche a scontrarsi con gli altri e a creare molti che &#8220;non hanno&#8221;. Dobbiamo deviare i desideri fisici verso i desideri psichici e spirituali per evitare una guerra fratricida, e quindi salvaguardare i diritti umani.<\/strong><\/span><\/p>\n<p>Nell&#8217;antichit\u00e0 i potenti <em>r\u00e1jas<\/em> e <em>mah\u00e1r\u00e1jas<\/em> erano soliti eseguire <em>yajin\u032das<\/em> o sacrifici per dichiarare di essere eroi, ma anche questa era una forma di sfruttamento. <strong>Hanno eretto molti templi per nascondere le loro malefatte, non per spirito devozionale.<\/strong> C&#8217;era un&#8217;alleanza empia tra sfruttatori materiali e sfruttatori intellettuali. Gli intellettuali hanno elogiato questi <em>r\u00e1jas<\/em> e <em>mah\u00e1r\u00e1jas<\/em> in tutte le epoche.<\/p>\n<p><strong>Un&#8217;altra forma di sfruttamento \u00e8 il sacerdozio. Il capitalismo non andr\u00e0 mai contro il sacerdozio, n\u00e9 i sacerdoti andranno mai contro il capitalismo. Per creare complessi di inferiorit\u00e0 nella mente del popolo, gli intellettuali hanno composto molte storie e miti. Queste storie sono illogiche e inventate per sfruttare i sentimenti della massa comune.<\/strong> Un esempio lampante \u00e8 il seguente verso composto da opportunisti satanici.<\/p>\n<p><em>Br\u00e1hma\u0144\u00e1sya mukham\u00e1siit v\u00e1hur\u00e1jano\u00b4bhavat<\/em><br \/>\n<em>Madhya tadasya yad&nbsp; shudroj\u00e1yata.<\/em><\/p>\n<p>&#8220;I bramini uscivano dalla bocca [di Bhrama], i K\u015batriyas nascevano dalle braccia, i Vaeshyas uscivano dal tronco del corpo, e i Sh\u00fadras nascevano dalle gambe&#8221;.<\/p>\n<p><em>(Questo per far notare la nobilt\u00e0 dei bramini e dei valorosi guerrieri e la bassezza degli affaristii e dei lavoratori\/trici n.d.t.)<\/em><\/p>\n<p><strong><span style=\"color: #333333;\">Nella struttura capitalistica, l&#8217;industria o la produzione \u00e8 governata dalla motivazione del profitto, ma nella struttura proutista (PROUT) la produzione sar\u00e0 governata dalle necessit\u00e0 del consumo.<\/span><\/strong><\/p>\n<p>Pubblicato in: <strong>P.R. Sarkar, TALKS ON PROUT<\/strong><br \/>\n<em>Ranchi, India, 1961<\/em>[\/vc_column_text][\/vc_column][\/vc_row][vc_row][vc_column][vc_separator color=&#8221;chino&#8221; border_width=&#8221;4&#8243;][\/vc_column][\/vc_row][vc_row][vc_column][vc_column_text]<span style=\"color: #0000ff;\">[1]<span style=\"color: #000000;\"> &#8211; Eredit\u00e0 Cosmica. Con questo concetto P.R.Sarkar definisce tutte le risorse Mondane, Fisiche, Intellettuali, Spirituali come un&#8217;eredit\u00e0 comune a tutti gli esseri umani. La natura non ha assegnato a nessun individuo o stato in particolare la propriet\u00e0 di tali risorse. Nessuno \u00e8 proprietario perch\u00e9 nessuno le ha generate, sono state generate dell&#8217;Entit\u00e0 Cosmica. Tutti collettivamente abbiamo il diritto di utilizzarle per aver garantite le Minime Necessit\u00e0 per vivere. E&#8217; un diritto di nascita ottenere uno share delle risorse per la propria sussistenza e sviluppo.<br \/>\nQuesto significa eredit\u00e0 cosmica.<\/span><\/span>[\/vc_column_text][\/vc_column][\/vc_row]<\/p>\n<\/div>","protected":false},"excerpt":{"rendered":"<p>[vc_row][vc_column][vc_empty_space][\/vc_column][\/vc_row][vc_row][vc_column][vc_custom_heading text=&#8221;CAPITALISMO, un disturbo mentale da curare.&#8221; font_container=&#8221;tag:h1|text_align:left|color:%235e5e5e&#8221; google_fonts=&#8221;font_family:Anton%3Aregular|font_style:400%20regular%3A400%3Anormal&#8221;][\/vc_column][\/vc_row][vc_row][vc_column][vc_empty_space height=&#8221;20px&#8221;][\/vc_column][\/vc_row][vc_row][vc_column][vc_separator color=&#8221;chino&#8221; style=&#8221;shadow&#8221; border_width=&#8221;4&#8243;][\/vc_column][\/vc_row][vc_row][vc_column width=&#8221;1\/3&#8243;][vc_single_image image=&#8221;5173&#8243; img_size=&#8221;full&#8221; style=&#8221;vc_box_border&#8221; border_color=&#8221;chino&#8221;][\/vc_column][vc_column width=&#8221;2\/3&#8243;][vc_column_text css=&#8221;.vc_custom_1586772073915{margin-left: -55px !important;}&#8221;]CAPITALISMO &#8211; P.R. Sarkar&nbsp;&nbsp; Come \u00e8 nato il capitalismo? Il capitale \u00e8 composto da beni di consumo potenziali. Le persone intelligenti raccolgono pi\u00f9 capitali di altri sotto forma di <span class=\"excerpt-dots\">&hellip;<\/span> <a class=\"more-link\" href=\"https:\/\/irprout.it\/?page_id=5567\"><span class=\"more-msg\">Continua a leggere<\/span><\/a><\/p>\n","protected":false},"author":3,"featured_media":5585,"parent":0,"menu_order":0,"comment_status":"closed","ping_status":"closed","template":"","meta":{"ngg_post_thumbnail":0,"footnotes":""},"class_list":["post-5567","page","type-page","status-publish","has-post-thumbnail","hentry"],"yoast_head":"<!-- This site is optimized with the Yoast SEO plugin v26.6 - https:\/\/yoast.com\/wordpress\/plugins\/seo\/ -->\n<title>CAPITALISMO, un disturbo mentale. - Istituto di Ricerca Prout<\/title>\n<meta name=\"robots\" content=\"index, follow, max-snippet:-1, max-image-preview:large, max-video-preview:-1\" \/>\n<link rel=\"canonical\" href=\"https:\/\/irprout.it\/?page_id=5567\" \/>\n<meta property=\"og:locale\" content=\"it_IT\" \/>\n<meta property=\"og:type\" content=\"article\" \/>\n<meta property=\"og:title\" content=\"CAPITALISMO, un disturbo mentale. - Istituto di Ricerca Prout\" \/>\n<meta property=\"og:description\" content=\"[vc_row][vc_column][vc_empty_space][\/vc_column][\/vc_row][vc_row][vc_column][vc_custom_heading text=&#8221;CAPITALISMO, un disturbo mentale da curare.&#8221; font_container=&#8221;tag:h1|text_align:left|color:%235e5e5e&#8221; google_fonts=&#8221;font_family:Anton%3Aregular|font_style:400%20regular%3A400%3Anormal&#8221;][\/vc_column][\/vc_row][vc_row][vc_column][vc_empty_space height=&#8221;20px&#8221;][\/vc_column][\/vc_row][vc_row][vc_column][vc_separator color=&#8221;chino&#8221; style=&#8221;shadow&#8221; border_width=&#8221;4&#8243;][\/vc_column][\/vc_row][vc_row][vc_column width=&#8221;1\/3&#8243;][vc_single_image image=&#8221;5173&#8243; img_size=&#8221;full&#8221; style=&#8221;vc_box_border&#8221; border_color=&#8221;chino&#8221;][\/vc_column][vc_column width=&#8221;2\/3&#8243;][vc_column_text css=&#8221;.vc_custom_1586772073915{margin-left: -55px !important;}&#8221;]CAPITALISMO &#8211; P.R. Sarkar&nbsp;&nbsp; Come \u00e8 nato il capitalismo? Il capitale \u00e8 composto da beni di consumo potenziali. Le persone intelligenti raccolgono pi\u00f9 capitali di altri sotto forma di &hellip; Continua a leggere\" \/>\n<meta property=\"og:url\" content=\"https:\/\/irprout.it\/?page_id=5567\" \/>\n<meta property=\"og:site_name\" content=\"Istituto di Ricerca Prout\" \/>\n<meta property=\"article:modified_time\" content=\"2020-04-13T18:31:37+00:00\" \/>\n<meta property=\"og:image\" content=\"https:\/\/irprout.it\/wp-content\/uploads\/2020\/04\/aa_capitalismo2-1.jpg\" \/>\n\t<meta property=\"og:image:width\" content=\"368\" \/>\n\t<meta property=\"og:image:height\" content=\"296\" \/>\n\t<meta property=\"og:image:type\" content=\"image\/jpeg\" \/>\n<meta name=\"twitter:label1\" content=\"Tempo di lettura stimato\" \/>\n\t<meta name=\"twitter:data1\" content=\"5 minuti\" \/>\n<script type=\"application\/ld+json\" class=\"yoast-schema-graph\">{\"@context\":\"https:\/\/schema.org\",\"@graph\":[{\"@type\":\"WebPage\",\"@id\":\"https:\/\/irprout.it\/?page_id=5567\",\"url\":\"https:\/\/irprout.it\/?page_id=5567\",\"name\":\"CAPITALISMO, un disturbo mentale. - Istituto di Ricerca Prout\",\"isPartOf\":{\"@id\":\"https:\/\/irprout.it\/#website\"},\"primaryImageOfPage\":{\"@id\":\"https:\/\/irprout.it\/?page_id=5567#primaryimage\"},\"image\":{\"@id\":\"https:\/\/irprout.it\/?page_id=5567#primaryimage\"},\"thumbnailUrl\":\"https:\/\/irprout.it\/wp-content\/uploads\/2020\/04\/aa_capitalismo2-1.jpg\",\"datePublished\":\"2020-04-13T10:06:30+00:00\",\"dateModified\":\"2020-04-13T18:31:37+00:00\",\"breadcrumb\":{\"@id\":\"https:\/\/irprout.it\/?page_id=5567#breadcrumb\"},\"inLanguage\":\"it-IT\",\"potentialAction\":[{\"@type\":\"ReadAction\",\"target\":[\"https:\/\/irprout.it\/?page_id=5567\"]}]},{\"@type\":\"ImageObject\",\"inLanguage\":\"it-IT\",\"@id\":\"https:\/\/irprout.it\/?page_id=5567#primaryimage\",\"url\":\"https:\/\/irprout.it\/wp-content\/uploads\/2020\/04\/aa_capitalismo2-1.jpg\",\"contentUrl\":\"https:\/\/irprout.it\/wp-content\/uploads\/2020\/04\/aa_capitalismo2-1.jpg\",\"width\":368,\"height\":296},{\"@type\":\"BreadcrumbList\",\"@id\":\"https:\/\/irprout.it\/?page_id=5567#breadcrumb\",\"itemListElement\":[{\"@type\":\"ListItem\",\"position\":1,\"name\":\"Home\",\"item\":\"https:\/\/irprout.it\/\"},{\"@type\":\"ListItem\",\"position\":2,\"name\":\"CAPITALISMO, un disturbo mentale.\"}]},{\"@type\":\"WebSite\",\"@id\":\"https:\/\/irprout.it\/#website\",\"url\":\"https:\/\/irprout.it\/\",\"name\":\"Istituto di Ricerca Prout\",\"description\":\"Istituto di Ricerca Prout\",\"publisher\":{\"@id\":\"https:\/\/irprout.it\/#organization\"},\"potentialAction\":[{\"@type\":\"SearchAction\",\"target\":{\"@type\":\"EntryPoint\",\"urlTemplate\":\"https:\/\/irprout.it\/?s={search_term_string}\"},\"query-input\":{\"@type\":\"PropertyValueSpecification\",\"valueRequired\":true,\"valueName\":\"search_term_string\"}}],\"inLanguage\":\"it-IT\"},{\"@type\":\"Organization\",\"@id\":\"https:\/\/irprout.it\/#organization\",\"name\":\"Istituto di Ricerca Prout\",\"url\":\"https:\/\/irprout.it\/\",\"logo\":{\"@type\":\"ImageObject\",\"inLanguage\":\"it-IT\",\"@id\":\"https:\/\/irprout.it\/#\/schema\/logo\/image\/\",\"url\":\"http:\/\/irprout.it\/wp-content\/uploads\/2014\/10\/logo_IRP_albero300Cor.jpg\",\"contentUrl\":\"http:\/\/irprout.it\/wp-content\/uploads\/2014\/10\/logo_IRP_albero300Cor.jpg\",\"width\":303,\"height\":304,\"caption\":\"Istituto di Ricerca Prout\"},\"image\":{\"@id\":\"https:\/\/irprout.it\/#\/schema\/logo\/image\/\"}}]}<\/script>\n<!-- \/ Yoast SEO plugin. -->","yoast_head_json":{"title":"CAPITALISMO, un disturbo mentale. - Istituto di Ricerca Prout","robots":{"index":"index","follow":"follow","max-snippet":"max-snippet:-1","max-image-preview":"max-image-preview:large","max-video-preview":"max-video-preview:-1"},"canonical":"https:\/\/irprout.it\/?page_id=5567","og_locale":"it_IT","og_type":"article","og_title":"CAPITALISMO, un disturbo mentale. - Istituto di Ricerca Prout","og_description":"[vc_row][vc_column][vc_empty_space][\/vc_column][\/vc_row][vc_row][vc_column][vc_custom_heading text=&#8221;CAPITALISMO, un disturbo mentale da curare.&#8221; font_container=&#8221;tag:h1|text_align:left|color:%235e5e5e&#8221; google_fonts=&#8221;font_family:Anton%3Aregular|font_style:400%20regular%3A400%3Anormal&#8221;][\/vc_column][\/vc_row][vc_row][vc_column][vc_empty_space height=&#8221;20px&#8221;][\/vc_column][\/vc_row][vc_row][vc_column][vc_separator color=&#8221;chino&#8221; style=&#8221;shadow&#8221; border_width=&#8221;4&#8243;][\/vc_column][\/vc_row][vc_row][vc_column width=&#8221;1\/3&#8243;][vc_single_image image=&#8221;5173&#8243; img_size=&#8221;full&#8221; style=&#8221;vc_box_border&#8221; border_color=&#8221;chino&#8221;][\/vc_column][vc_column width=&#8221;2\/3&#8243;][vc_column_text css=&#8221;.vc_custom_1586772073915{margin-left: -55px !important;}&#8221;]CAPITALISMO &#8211; P.R. Sarkar&nbsp;&nbsp; Come \u00e8 nato il capitalismo? Il capitale \u00e8 composto da beni di consumo potenziali. Le persone intelligenti raccolgono pi\u00f9 capitali di altri sotto forma di &hellip; Continua a leggere","og_url":"https:\/\/irprout.it\/?page_id=5567","og_site_name":"Istituto di Ricerca Prout","article_modified_time":"2020-04-13T18:31:37+00:00","og_image":[{"width":368,"height":296,"url":"https:\/\/irprout.it\/wp-content\/uploads\/2020\/04\/aa_capitalismo2-1.jpg","type":"image\/jpeg"}],"twitter_misc":{"Tempo di lettura stimato":"5 minuti"},"schema":{"@context":"https:\/\/schema.org","@graph":[{"@type":"WebPage","@id":"https:\/\/irprout.it\/?page_id=5567","url":"https:\/\/irprout.it\/?page_id=5567","name":"CAPITALISMO, un disturbo mentale. - Istituto di Ricerca Prout","isPartOf":{"@id":"https:\/\/irprout.it\/#website"},"primaryImageOfPage":{"@id":"https:\/\/irprout.it\/?page_id=5567#primaryimage"},"image":{"@id":"https:\/\/irprout.it\/?page_id=5567#primaryimage"},"thumbnailUrl":"https:\/\/irprout.it\/wp-content\/uploads\/2020\/04\/aa_capitalismo2-1.jpg","datePublished":"2020-04-13T10:06:30+00:00","dateModified":"2020-04-13T18:31:37+00:00","breadcrumb":{"@id":"https:\/\/irprout.it\/?page_id=5567#breadcrumb"},"inLanguage":"it-IT","potentialAction":[{"@type":"ReadAction","target":["https:\/\/irprout.it\/?page_id=5567"]}]},{"@type":"ImageObject","inLanguage":"it-IT","@id":"https:\/\/irprout.it\/?page_id=5567#primaryimage","url":"https:\/\/irprout.it\/wp-content\/uploads\/2020\/04\/aa_capitalismo2-1.jpg","contentUrl":"https:\/\/irprout.it\/wp-content\/uploads\/2020\/04\/aa_capitalismo2-1.jpg","width":368,"height":296},{"@type":"BreadcrumbList","@id":"https:\/\/irprout.it\/?page_id=5567#breadcrumb","itemListElement":[{"@type":"ListItem","position":1,"name":"Home","item":"https:\/\/irprout.it\/"},{"@type":"ListItem","position":2,"name":"CAPITALISMO, un disturbo mentale."}]},{"@type":"WebSite","@id":"https:\/\/irprout.it\/#website","url":"https:\/\/irprout.it\/","name":"Istituto di Ricerca Prout","description":"Istituto di Ricerca Prout","publisher":{"@id":"https:\/\/irprout.it\/#organization"},"potentialAction":[{"@type":"SearchAction","target":{"@type":"EntryPoint","urlTemplate":"https:\/\/irprout.it\/?s={search_term_string}"},"query-input":{"@type":"PropertyValueSpecification","valueRequired":true,"valueName":"search_term_string"}}],"inLanguage":"it-IT"},{"@type":"Organization","@id":"https:\/\/irprout.it\/#organization","name":"Istituto di Ricerca Prout","url":"https:\/\/irprout.it\/","logo":{"@type":"ImageObject","inLanguage":"it-IT","@id":"https:\/\/irprout.it\/#\/schema\/logo\/image\/","url":"http:\/\/irprout.it\/wp-content\/uploads\/2014\/10\/logo_IRP_albero300Cor.jpg","contentUrl":"http:\/\/irprout.it\/wp-content\/uploads\/2014\/10\/logo_IRP_albero300Cor.jpg","width":303,"height":304,"caption":"Istituto di Ricerca Prout"},"image":{"@id":"https:\/\/irprout.it\/#\/schema\/logo\/image\/"}}]}},"_links":{"self":[{"href":"https:\/\/irprout.it\/index.php?rest_route=\/wp\/v2\/pages\/5567","targetHints":{"allow":["GET"]}}],"collection":[{"href":"https:\/\/irprout.it\/index.php?rest_route=\/wp\/v2\/pages"}],"about":[{"href":"https:\/\/irprout.it\/index.php?rest_route=\/wp\/v2\/types\/page"}],"author":[{"embeddable":true,"href":"https:\/\/irprout.it\/index.php?rest_route=\/wp\/v2\/users\/3"}],"replies":[{"embeddable":true,"href":"https:\/\/irprout.it\/index.php?rest_route=%2Fwp%2Fv2%2Fcomments&post=5567"}],"version-history":[{"count":9,"href":"https:\/\/irprout.it\/index.php?rest_route=\/wp\/v2\/pages\/5567\/revisions"}],"predecessor-version":[{"id":5593,"href":"https:\/\/irprout.it\/index.php?rest_route=\/wp\/v2\/pages\/5567\/revisions\/5593"}],"wp:featuredmedia":[{"embeddable":true,"href":"https:\/\/irprout.it\/index.php?rest_route=\/wp\/v2\/media\/5585"}],"wp:attachment":[{"href":"https:\/\/irprout.it\/index.php?rest_route=%2Fwp%2Fv2%2Fmedia&parent=5567"}],"curies":[{"name":"wp","href":"https:\/\/api.w.org\/{rel}","templated":true}]}}