{"id":5614,"date":"2020-05-03T16:00:27","date_gmt":"2020-05-03T15:00:27","guid":{"rendered":"http:\/\/irprout.it\/?page_id=5614"},"modified":"2020-05-16T20:47:45","modified_gmt":"2020-05-16T19:47:45","slug":"5614-2","status":"publish","type":"page","link":"https:\/\/irprout.it\/?page_id=5614","title":{"rendered":"Requisiti minimi e servizi massimi"},"content":{"rendered":"<div class=\"wpb-content-wrapper\"><p>[vc_row][vc_column][vc_empty_space][\/vc_column][\/vc_row][vc_row][vc_column][vc_custom_heading text=&#8221;Requisiti minimi e servizi massimi (alle persone)&#8221; font_container=&#8221;tag:h1|text_align:left|color:%234f4f4f&#8221; google_fonts=&#8221;font_family:Anton%3Aregular|font_style:400%20regular%3A400%3Anormal&#8221;][\/vc_column][\/vc_row][vc_row][vc_column width=&#8221;2\/3&#8243;][vc_column_text]<span style=\"font-size: 14pt;\"><em>P.R. Sarkar<\/em><\/span>[\/vc_column_text][vc_column_text css=&#8221;.vc_custom_1589657490305{margin-top: -25px !important;padding-top: 10px !important;padding-right: 10px !important;padding-bottom: 10px !important;padding-left: 10px !important;background-color: #515151 !important;}&#8221;]<span style=\"font-size: 12pt; color: #ffffff;\">P.R. Sarkar, in questo articolo, in modo molto chiaro e sintetico elenca le modifiche psicologiche,&nbsp; fisiologiche e spirituali che gli esseri umani subiranno, per gradi e naturalmente con l&#8217;evoluzione. Un processo inarrestabile che ci porta dalla fisicit\u00e0, propria dell&#8217;essere primitivo, allo sviluppo massimo dell&#8217;intelletto come nella era attuale e allo sviluppo intuizionale e spirituale a cui siamo destinati. Aumenter\u00e0 la complessit\u00e0 del sistema nervoso, delle espressioni psichiche e delle esperienze profonde, che oggi non ci immaginiamo neppure.&nbsp;<\/span>[\/vc_column_text][\/vc_column][vc_column width=&#8221;1\/3&#8243;][vc_column_text][\/vc_column_text][vc_single_image image=&#8221;5173&#8243; img_size=&#8221;full&#8221; style=&#8221;vc_box_border&#8221; border_color=&#8221;chino&#8221;][\/vc_column][\/vc_row][vc_row][vc_column][vc_separator color=&#8221;chino&#8221; border_width=&#8221;4&#8243;][\/vc_column][\/vc_row][vc_row][vc_column width=&#8221;1\/2&#8243;][vc_column_text]Da<strong><span style=\"font-family: 'Roboto Condensed', sans-serif;\"> PROUT &#8211; Teoria della Utilizzazione Progressiva<\/span><br \/>\n<\/strong><em>Progresso futuro<\/em><\/p>\n<p>&nbsp; &nbsp; Ogni sistema ha i suoi pregi e i suoi difetti. Il demerito di questo sistema \u00e8 che, man mano che la vita diventa sempre pi\u00f9 facile, la capacit\u00e0 fisica degli esseri umani diminuir\u00e0 gradualmente. Nell&#8217;antichit\u00e0 si percorrevano grandi distanze a piedi nudi, portando con s\u00e9 un solo straccio, ma oggi raramente ci si muove senza calzature o senza prendere le dovute precauzioni. \u00c8 un dato di fatto che la forza umana diminuir\u00e0 in futuro, ma con il progresso della societ\u00e0 non abbiamo altra alternativa che accettare questa situazione. Verr\u00e0 un giorno in cui gli occhi e le ossa del corpo umano diventeranno deboli. Quasi tutte le persone indosseranno occhiali e avranno la dentiera. In futuro ci saranno anche enormi cambiamenti nella struttura degli esseri umani. L&#8217;intelletto umano diventer\u00e0 pi\u00f9 acuto, il cranio diventer\u00e0 pi\u00f9 grande e le fibre nervose pi\u00f9 complesse. Questi cambiamenti non si verificheranno solo negli esseri umani, ma anche negli animali e nelle piante.<\/p>\n<p>L&#8217;elefante africano ha un corpo grande e una testa piccola e non pu\u00f2 essere facilmente addomesticato. In confronto l&#8217;elefante indiano ha un corpo piccolo e una testa grande. \u00c8 pi\u00f9 intelligente e pu\u00f2 essere facilmente addomesticato.<\/p>\n<p>Man mano che la vita diventa sempre pi\u00f9 facile, ci saranno maggiori opportunit\u00e0 per le attivit\u00e0 intellettuali. Verr\u00e0 un giorno in cui non ci sar\u00e0 quasi pi\u00f9 bisogno che gli esseri umani lavorino. Questo pu\u00f2 sembrare strano oggi e forse non ci piacerebbe sentire una cosa del genere, ma quel giorno arriver\u00e0 sicuramente. La fisicit\u00e0 si trasformer\u00e0 sempre pi\u00f9 in intellettualit\u00e0, e l&#8217;intellettualit\u00e0 si trasformer\u00e0 nel punto culminante della spiritualit\u00e0. Passare dalla fisicit\u00e0 all&#8217;intellettualit\u00e0 \u00e8 l&#8217;ordine proutistico. \u00c8 il movimento pi\u00f9 sicuro della vita umana &#8211; \u00e8 il movimento pi\u00f9 sicuro del destino umano.<\/p>\n<p>Questo tipo di movimento verso l&#8217;intellettualit\u00e0 avr\u00e0 luogo anche in alcuni tipi di animali, come i cani, le scimmie e le mucche. Pu\u00f2 darsi che tra mille anni le scimmie raggiungeranno lo stadio di evoluzione che gli esseri umani hanno raggiunto attualmente. In quel momento gli esseri umani faranno enormi progressi nel campo dell&#8217;intellettualit\u00e0 e dell&#8217;intuizione. Gli esseri umani di quell&#8217;epoca futura saranno molto sensibili. I nervi effervescenti saranno pi\u00f9 attivi dei nervi afferenti, e le esperienze sottili saranno pi\u00f9 comuni di quanto non lo siano ora. Oggi gli esseri umani raramente hanno esperienze sottili, ma in futuro si verificheranno in modo naturale e spontaneo. Anche la giurisdizione funzionale del cervello aumenter\u00e0. Allo stesso modo, molti animali diventeranno pi\u00f9 sensibili e il loro vocabolario aumenter\u00e0. Con lo sviluppo intellettuale il vocabolario aumenta, e aumenta anche il numero di parole in una lingua. Anche la giurisdizione funzionale del cervello degli animali aumenter\u00e0.<\/p>\n<p>Con l&#8217;aiuto delle pratiche spirituali, gli esseri umani del futuro aumenteranno la giurisdizione funzionale del loro cervello con una velocit\u00e0 sempre maggiore. La gente pu\u00f2 pensare di non poter fare un rapido progresso spirituale se non si aumenta la dimensione del cervello, e quindi la dimensione del cranio. Ma questo non \u00e8 cos\u00ec perch\u00e9 gli esseri umani possono aumentare la giurisdizione del loro pensiero.<\/p>\n<p>Oggi gli esseri umani stanno progredendo nel campo dell&#8217;intellettualit\u00e0. Per raggiungere il punto culminante della spiritualit\u00e0 gli esseri umani di oggi devono affrontare meno ostacoli rispetto alle persone del passato, come Mahar\u015bi Vishvamitra, Mahar\u015bi Agastya, ecc. Lo sviluppo delle ghiandole e la quantit\u00e0 delle secrezioni ormonali \u00e8 molto maggiore di 100.000 anni fa, e le ghiandole si svilupperanno e aumenteranno le loro secrezioni di molto di pi\u00f9 nei prossimi 100.000 anni. Tra 100.000 anni, gli esseri umani concepiranno cose che vanno oltre la concezione degli esseri umani di oggi. Questo tipo di cambiamenti avverranno all&#8217;interno della giurisdizione sociale ed economica di PROUT.[\/vc_column_text][\/vc_column][vc_column width=&#8221;1\/2&#8243; css=&#8221;.vc_custom_1588517909569{background-color: #f7eb9e !important;}&#8221;][vc_custom_heading text=&#8221;Minimum Requirements and Maximum Amenities&#8221; font_container=&#8221;tag:h3|text_align:left|color:%23565656&#8243; google_fonts=&#8221;font_family:Anton%3Aregular|font_style:400%20regular%3A400%3Anormal&#8221;][vc_column_text]<em>From <\/em><strong><em>PROUT-Progressive Utilization Theory&nbsp;<br \/>\n<\/em><\/strong><em>Future Progress<\/em><\/p>\n<p>&nbsp; &nbsp; &nbsp; &nbsp;Every system has its merits and demerits. The demerit of this system is that as life becomes easier and easier, the physical capacity of human beings will gradually decrease. In ancient times people used to walk great distances with bare feet, carrying only a single cloth, but today people rarely move without footwear or without taking proper provisions. It is a fact that human strength will decrease in the future, but with the progress of society we have no alternative but to accept this situation. A day will come when the eyes and the bones in the human body will become weak. Almost all people will wear glasses and have false teeth. In the future there will also be tremendous changes in the structure of human beings. Human intellect will become sharper, the cranium will become larger and the nerve fibres will become more complex. Not only will such changes occur in human beings, similar changes will occur in animals and plants too.<\/p>\n<p>The African elephant has a large body and a small head and it cannot be easily domesticated. In comparison the Indian elephant has a small body and a large head. It is more intelligent and it can be easily domesticated.<\/p>\n<p>As life becomes increasingly easy, there will be greater opportunities for intellectual pursuits. A day will come when there will be hardly any need for human beings to work. This may sound strange today and perhaps we might not like to hear such a thing, but that day will surely come. Physicality will be transformed into more and more intellectuality, and intellectuality will be transformed into the culminating point of spirituality. To move ahead from physicality to intellectuality is the Proutistic order. It is the surest movement of human life \u2013 it is the surest movement of human destiny.<\/p>\n<p>This type of movement to intellectuality will also take place in certain kinds of animals, such as dogs, monkeys and cows. It may be that in 1,000 years monkeys will reach the stage of evolution that human beings have achieved at present. At that time human beings will be making tremendous progress in the realms of intellectuality and intuition. The human beings of that future age will be very sensitive. The efferent nerves will be more active than the afferent nerves, and subtle experiences will be more common than they are now. Today human beings seldom have subtle experiences, but in the future they will occur naturally and spontaneously. The functional jurisdiction of the brain will also increase. Similarly, many animals will become more sensitive and their vocabulary will increase. With intellectual development vocabulary increases, and the number of words in a language also increases. The functional jurisdiction of the brain of animals will increase too.<\/p>\n<p>With the help of spiritual practices, the human beings of the future will increase the functional jurisdiction of their brains with accelerating speed. People may think that they cannot make rapid spiritual progress unless the size of the brain, and hence the size of the cranium, is increased. But this is not so because human beings can increase the jurisdiction of their thinking.<\/p>\n<p>Today human beings are progressing in the realm of intellectuality. To attain the culminating point of spirituality the human beings of today have to face less obstacles than the people of the past such as Mahars\u0301i Vishvamitra, Mahars\u0301i Agastya, etc. The development of the glands and the amount of the hormone secretions is much greater than 100,000 years ago, and the glands will develop and increase their secretions by much more in the next 100,000 years. In 100,000 years, human beings will conceive of things which are beyond the conception of the human beings of today. These types of changes will occur within the social and economic jurisdiction of PROUT.[\/vc_column_text][\/vc_column][\/vc_row]<\/p>\n<\/div>","protected":false},"excerpt":{"rendered":"<p>[vc_row][vc_column][vc_empty_space][\/vc_column][\/vc_row][vc_row][vc_column][vc_custom_heading text=&#8221;Requisiti minimi e servizi massimi (alle persone)&#8221; font_container=&#8221;tag:h1|text_align:left|color:%234f4f4f&#8221; google_fonts=&#8221;font_family:Anton%3Aregular|font_style:400%20regular%3A400%3Anormal&#8221;][\/vc_column][\/vc_row][vc_row][vc_column width=&#8221;2\/3&#8243;][vc_column_text]P.R. Sarkar[\/vc_column_text][vc_column_text css=&#8221;.vc_custom_1589657490305{margin-top: -25px !important;padding-top: 10px !important;padding-right: 10px !important;padding-bottom: 10px !important;padding-left: 10px !important;background-color: #515151 !important;}&#8221;]P.R. Sarkar, in questo articolo, in modo molto chiaro e sintetico elenca le modifiche psicologiche,&nbsp; fisiologiche e spirituali che gli esseri umani subiranno, per gradi e <span class=\"excerpt-dots\">&hellip;<\/span> <a class=\"more-link\" href=\"https:\/\/irprout.it\/?page_id=5614\"><span class=\"more-msg\">Continua a leggere<\/span><\/a><\/p>\n","protected":false},"author":3,"featured_media":0,"parent":0,"menu_order":0,"comment_status":"closed","ping_status":"closed","template":"","meta":{"ngg_post_thumbnail":0,"footnotes":""},"class_list":["post-5614","page","type-page","status-publish","hentry"],"yoast_head":"<!-- This site is optimized with the Yoast SEO plugin v26.6 - https:\/\/yoast.com\/wordpress\/plugins\/seo\/ -->\n<title>Requisiti minimi e servizi massimi - Istituto di Ricerca Prout<\/title>\n<meta name=\"robots\" content=\"index, follow, max-snippet:-1, max-image-preview:large, max-video-preview:-1\" \/>\n<link rel=\"canonical\" href=\"https:\/\/irprout.it\/?page_id=5614\" \/>\n<meta property=\"og:locale\" content=\"it_IT\" \/>\n<meta property=\"og:type\" content=\"article\" \/>\n<meta property=\"og:title\" content=\"Requisiti minimi e servizi massimi - Istituto di Ricerca Prout\" \/>\n<meta property=\"og:description\" content=\"[vc_row][vc_column][vc_empty_space][\/vc_column][\/vc_row][vc_row][vc_column][vc_custom_heading text=&#8221;Requisiti minimi e servizi massimi (alle persone)&#8221; font_container=&#8221;tag:h1|text_align:left|color:%234f4f4f&#8221; google_fonts=&#8221;font_family:Anton%3Aregular|font_style:400%20regular%3A400%3Anormal&#8221;][\/vc_column][\/vc_row][vc_row][vc_column width=&#8221;2\/3&#8243;][vc_column_text]P.R. Sarkar[\/vc_column_text][vc_column_text css=&#8221;.vc_custom_1589657490305{margin-top: -25px !important;padding-top: 10px !important;padding-right: 10px !important;padding-bottom: 10px !important;padding-left: 10px !important;background-color: #515151 !important;}&#8221;]P.R. Sarkar, in questo articolo, in modo molto chiaro e sintetico elenca le modifiche psicologiche,&nbsp; fisiologiche e spirituali che gli esseri umani subiranno, per gradi e &hellip; Continua a leggere\" \/>\n<meta property=\"og:url\" content=\"https:\/\/irprout.it\/?page_id=5614\" \/>\n<meta property=\"og:site_name\" content=\"Istituto di Ricerca Prout\" \/>\n<meta property=\"article:modified_time\" content=\"2020-05-16T19:47:45+00:00\" \/>\n<meta name=\"twitter:label1\" content=\"Tempo di lettura stimato\" \/>\n\t<meta name=\"twitter:data1\" content=\"8 minuti\" \/>\n<script type=\"application\/ld+json\" class=\"yoast-schema-graph\">{\"@context\":\"https:\/\/schema.org\",\"@graph\":[{\"@type\":\"WebPage\",\"@id\":\"https:\/\/irprout.it\/?page_id=5614\",\"url\":\"https:\/\/irprout.it\/?page_id=5614\",\"name\":\"Requisiti minimi e servizi massimi - Istituto di Ricerca Prout\",\"isPartOf\":{\"@id\":\"https:\/\/irprout.it\/#website\"},\"datePublished\":\"2020-05-03T15:00:27+00:00\",\"dateModified\":\"2020-05-16T19:47:45+00:00\",\"breadcrumb\":{\"@id\":\"https:\/\/irprout.it\/?page_id=5614#breadcrumb\"},\"inLanguage\":\"it-IT\",\"potentialAction\":[{\"@type\":\"ReadAction\",\"target\":[\"https:\/\/irprout.it\/?page_id=5614\"]}]},{\"@type\":\"BreadcrumbList\",\"@id\":\"https:\/\/irprout.it\/?page_id=5614#breadcrumb\",\"itemListElement\":[{\"@type\":\"ListItem\",\"position\":1,\"name\":\"Home\",\"item\":\"https:\/\/irprout.it\/\"},{\"@type\":\"ListItem\",\"position\":2,\"name\":\"Requisiti minimi e servizi massimi\"}]},{\"@type\":\"WebSite\",\"@id\":\"https:\/\/irprout.it\/#website\",\"url\":\"https:\/\/irprout.it\/\",\"name\":\"Istituto di Ricerca Prout\",\"description\":\"Istituto di Ricerca Prout\",\"publisher\":{\"@id\":\"https:\/\/irprout.it\/#organization\"},\"potentialAction\":[{\"@type\":\"SearchAction\",\"target\":{\"@type\":\"EntryPoint\",\"urlTemplate\":\"https:\/\/irprout.it\/?s={search_term_string}\"},\"query-input\":{\"@type\":\"PropertyValueSpecification\",\"valueRequired\":true,\"valueName\":\"search_term_string\"}}],\"inLanguage\":\"it-IT\"},{\"@type\":\"Organization\",\"@id\":\"https:\/\/irprout.it\/#organization\",\"name\":\"Istituto di Ricerca Prout\",\"url\":\"https:\/\/irprout.it\/\",\"logo\":{\"@type\":\"ImageObject\",\"inLanguage\":\"it-IT\",\"@id\":\"https:\/\/irprout.it\/#\/schema\/logo\/image\/\",\"url\":\"http:\/\/irprout.it\/wp-content\/uploads\/2014\/10\/logo_IRP_albero300Cor.jpg\",\"contentUrl\":\"http:\/\/irprout.it\/wp-content\/uploads\/2014\/10\/logo_IRP_albero300Cor.jpg\",\"width\":303,\"height\":304,\"caption\":\"Istituto di Ricerca Prout\"},\"image\":{\"@id\":\"https:\/\/irprout.it\/#\/schema\/logo\/image\/\"}}]}<\/script>\n<!-- \/ Yoast SEO plugin. -->","yoast_head_json":{"title":"Requisiti minimi e servizi massimi - Istituto di Ricerca Prout","robots":{"index":"index","follow":"follow","max-snippet":"max-snippet:-1","max-image-preview":"max-image-preview:large","max-video-preview":"max-video-preview:-1"},"canonical":"https:\/\/irprout.it\/?page_id=5614","og_locale":"it_IT","og_type":"article","og_title":"Requisiti minimi e servizi massimi - Istituto di Ricerca Prout","og_description":"[vc_row][vc_column][vc_empty_space][\/vc_column][\/vc_row][vc_row][vc_column][vc_custom_heading text=&#8221;Requisiti minimi e servizi massimi (alle persone)&#8221; font_container=&#8221;tag:h1|text_align:left|color:%234f4f4f&#8221; google_fonts=&#8221;font_family:Anton%3Aregular|font_style:400%20regular%3A400%3Anormal&#8221;][\/vc_column][\/vc_row][vc_row][vc_column width=&#8221;2\/3&#8243;][vc_column_text]P.R. Sarkar[\/vc_column_text][vc_column_text css=&#8221;.vc_custom_1589657490305{margin-top: -25px !important;padding-top: 10px !important;padding-right: 10px !important;padding-bottom: 10px !important;padding-left: 10px !important;background-color: #515151 !important;}&#8221;]P.R. Sarkar, in questo articolo, in modo molto chiaro e sintetico elenca le modifiche psicologiche,&nbsp; fisiologiche e spirituali che gli esseri umani subiranno, per gradi e &hellip; Continua a leggere","og_url":"https:\/\/irprout.it\/?page_id=5614","og_site_name":"Istituto di Ricerca Prout","article_modified_time":"2020-05-16T19:47:45+00:00","twitter_misc":{"Tempo di lettura stimato":"8 minuti"},"schema":{"@context":"https:\/\/schema.org","@graph":[{"@type":"WebPage","@id":"https:\/\/irprout.it\/?page_id=5614","url":"https:\/\/irprout.it\/?page_id=5614","name":"Requisiti minimi e servizi massimi - Istituto di Ricerca Prout","isPartOf":{"@id":"https:\/\/irprout.it\/#website"},"datePublished":"2020-05-03T15:00:27+00:00","dateModified":"2020-05-16T19:47:45+00:00","breadcrumb":{"@id":"https:\/\/irprout.it\/?page_id=5614#breadcrumb"},"inLanguage":"it-IT","potentialAction":[{"@type":"ReadAction","target":["https:\/\/irprout.it\/?page_id=5614"]}]},{"@type":"BreadcrumbList","@id":"https:\/\/irprout.it\/?page_id=5614#breadcrumb","itemListElement":[{"@type":"ListItem","position":1,"name":"Home","item":"https:\/\/irprout.it\/"},{"@type":"ListItem","position":2,"name":"Requisiti minimi e servizi massimi"}]},{"@type":"WebSite","@id":"https:\/\/irprout.it\/#website","url":"https:\/\/irprout.it\/","name":"Istituto di Ricerca Prout","description":"Istituto di Ricerca Prout","publisher":{"@id":"https:\/\/irprout.it\/#organization"},"potentialAction":[{"@type":"SearchAction","target":{"@type":"EntryPoint","urlTemplate":"https:\/\/irprout.it\/?s={search_term_string}"},"query-input":{"@type":"PropertyValueSpecification","valueRequired":true,"valueName":"search_term_string"}}],"inLanguage":"it-IT"},{"@type":"Organization","@id":"https:\/\/irprout.it\/#organization","name":"Istituto di Ricerca Prout","url":"https:\/\/irprout.it\/","logo":{"@type":"ImageObject","inLanguage":"it-IT","@id":"https:\/\/irprout.it\/#\/schema\/logo\/image\/","url":"http:\/\/irprout.it\/wp-content\/uploads\/2014\/10\/logo_IRP_albero300Cor.jpg","contentUrl":"http:\/\/irprout.it\/wp-content\/uploads\/2014\/10\/logo_IRP_albero300Cor.jpg","width":303,"height":304,"caption":"Istituto di Ricerca Prout"},"image":{"@id":"https:\/\/irprout.it\/#\/schema\/logo\/image\/"}}]}},"_links":{"self":[{"href":"https:\/\/irprout.it\/index.php?rest_route=\/wp\/v2\/pages\/5614","targetHints":{"allow":["GET"]}}],"collection":[{"href":"https:\/\/irprout.it\/index.php?rest_route=\/wp\/v2\/pages"}],"about":[{"href":"https:\/\/irprout.it\/index.php?rest_route=\/wp\/v2\/types\/page"}],"author":[{"embeddable":true,"href":"https:\/\/irprout.it\/index.php?rest_route=\/wp\/v2\/users\/3"}],"replies":[{"embeddable":true,"href":"https:\/\/irprout.it\/index.php?rest_route=%2Fwp%2Fv2%2Fcomments&post=5614"}],"version-history":[{"count":11,"href":"https:\/\/irprout.it\/index.php?rest_route=\/wp\/v2\/pages\/5614\/revisions"}],"predecessor-version":[{"id":5684,"href":"https:\/\/irprout.it\/index.php?rest_route=\/wp\/v2\/pages\/5614\/revisions\/5684"}],"wp:attachment":[{"href":"https:\/\/irprout.it\/index.php?rest_route=%2Fwp%2Fv2%2Fmedia&parent=5614"}],"curies":[{"name":"wp","href":"https:\/\/api.w.org\/{rel}","templated":true}]}}