{"id":5625,"date":"2020-05-04T15:27:18","date_gmt":"2020-05-04T14:27:18","guid":{"rendered":"http:\/\/irprout.it\/?page_id=5625"},"modified":"2020-05-16T20:29:42","modified_gmt":"2020-05-16T19:29:42","slug":"levoluzione-secondo-p-r-sarkar","status":"publish","type":"page","link":"https:\/\/irprout.it\/?page_id=5625","title":{"rendered":"L\u2019EVOLUZIONE SECONDO P.R. SARKAR"},"content":{"rendered":"<div class=\"wpb-content-wrapper\"><p>[vc_row][vc_column][vc_empty_space][\/vc_column][\/vc_row][vc_row][vc_column][vc_custom_heading text=&#8221;L\u2019EVOLUZIONE SECONDO P.R. SARKAR&#8221; font_container=&#8221;tag:h1|text_align:left|color:%235b5b5b&#8221; google_fonts=&#8221;font_family:Anton%3Aregular|font_style:400%20regular%3A400%3Anormal&#8221;][\/vc_column][\/vc_row][vc_row][vc_column][vc_column_text]<em>Raccolta dal libro &#8220;Advent of a Mystery&#8221; di Ac. Pranavaktmananda<\/em>[\/vc_column_text][\/vc_column][\/vc_row][vc_row][vc_column][vc_separator color=&#8221;chino&#8221; border_width=&#8221;4&#8243;][\/vc_column][\/vc_row][vc_row][vc_column][vc_column_text css=&#8221;.vc_custom_1589657359162{margin-top: -25px !important;padding-right: 15px !important;padding-left: 15px !important;background-color: #5e5e5e !important;}&#8221;]<span style=\"font-family: 'Open Sans Condensed', sans-serif; font-size: 16pt; color: #ffffff;\">P.R. Sarkar parla di diversi interventi della natura, come eccezioni nell&#8217;uniformit\u00e0 evolutiva, che hanno portato a deviare dallo sviluppo normale, con lo sviluppo di nuove specie con nuovi caratteri. E successivamente, si sono verificati enormi cambiamenti nella struttura fisica a causa dei conflitti [<em>interni e con il mondo esterno, n.d.t<\/em>.] e delle coesioni e questo ha portato alla nascita di diverse forme di vita, dai dinosauri ai mammiferi e infine agli esseri umani intelligenti.<\/span>[\/vc_column_text][\/vc_column][\/vc_row][vc_row][vc_column][vc_separator color=&#8221;chino&#8221; border_width=&#8221;4&#8243; css=&#8221;.vc_custom_1588683798972{margin-top: -25px !important;}&#8221;][\/vc_column][\/vc_row][vc_row][vc_column][vc_custom_heading text=&#8221;Eccezioni evolutive&#8221; font_container=&#8221;tag:h2|text_align:left|color:%23d13202&#8243; google_fonts=&#8221;font_family:Arimo%3Aregular%2Citalic%2C700%2C700italic|font_style:400%20regular%3A400%3Anormal&#8221;][\/vc_column][\/vc_row][vc_row][vc_column][vc_column_text]Dopo aver proposto il nuovo rivoluzionario concetto di MICROVITA, P.R. Sarkar ha tenuto diversi discorsi in cui ha discusso le loro diverse manifestazioni. In uno di questi discorsi, tenutosi nel febbraio 1987, ha descritto le funzioni dei vari tipi di MICROVITA e ha detto che potevano essere divisi in tre grandi categorie: sottile, media e grezza. P.R. Sarkar ha anche discusso diverse nuove teorie sui MICROVITA. Tra queste, una rivelazione significativa \u00e8 stata che una particolare categoria di MICROVITA grezza \u00e8 fondamentale per disseminare la vita in tutto il cosmo. P.R. Sarkar ha rivelato che questo particolare tipo di MICROVITA ha creato un grande \u2018agitazione\u2019 in una struttura fisica, attivando il meccanismo della vita. Successivamente, si sono verificati enormi cambiamenti nella struttura fisica a causa dei conflitti [<em>interne e con il mondo esterno, n.d.t<\/em>.] e delle coesioni e questo ha portato alla nascita di diverse forme di vita, dai dinosauri ai mammiferi e infine agli esseri umani intelligenti.[\/vc_column_text][\/vc_column][\/vc_row][vc_row][vc_column width=&#8221;1\/2&#8243;][vc_column_text]Nel corso dell&#8217;evoluzione, di tanto in tanto si sono verificate alcune &#8220;<strong>grandi eccezioni<\/strong>&#8221; che hanno portato l&#8217;evoluzione a deviare da quella che era stata la norma per centinaia di migliaia o addirittura milioni di anni. Alcune di queste grandi eccezioni hanno creato un punto di svolta nel percorso evolutivo. Il Nucleo Macrocosmico ha prodotto queste eccezioni creando uno scompiglio nella struttura fisica di vari esseri viventi attraverso lo strumento di alcuni tipi di MICROVITA. I cambiamenti creati dall&#8217;influenza dei MICROVITA hanno portato a diversi percorsi evolutivi che si sono distaccati dalla corrente principale. In diverse fasi, i MICROVITA hanno anche portato a un salto di qualit\u00e0 nel processo evolutivo che P.R. Sarkar ha commentato in queste grandi eccezioni:[\/vc_column_text][\/vc_column][vc_column width=&#8221;1\/2&#8243;][vc_masonry_media_grid element_width=&#8221;12&#8243; grid_id=&#8221;vc_gid:1589657195605-51dc4113-4c40-5&#8243; include=&#8221;5646&#8243; css=&#8221;.vc_custom_1588679998412{border: 8px solid #e5c990 !important;}&#8221;][\/vc_column][\/vc_row][vc_row][vc_column width=&#8221;1\/2&#8243;][vc_masonry_media_grid element_width=&#8221;6&#8243; item=&#8221;masonryMedia_BorderedScale&#8221; grid_id=&#8221;vc_gid:1589657195606-f9980778-c2db-2&#8243; include=&#8221;5645,5650,5649,5648&#8243;][\/vc_column][vc_column width=&#8221;1\/2&#8243;][vc_column_text]&#8221;In ogni sfera della vita, in ogni movimento e in ogni esistenza, si trova un&#8217;eccezione alla regola. Fin dai tempi dell&#8217;Australopiteco, un nuovo tipo di creatura si \u00e8 lentamente evoluta: la <strong>proto-scimmia<\/strong> o <strong>scimmia-uomo<\/strong>. Ad un certo stadio dell&#8217;evoluzione, una di queste creature \u00e8 diventata un&#8217;eccezione alla norma della comunit\u00e0, con il risultato che alcune si sono evolute in <strong>scimpanz\u00e9<\/strong>, altre in <strong>orangutango<\/strong>, altre in <strong>gorilla<\/strong> e altre ancora in <strong>esseri umani<\/strong>. Tutte queste creature sono prive di coda. Questi diversi rami evolutivi si sono verificati grazie ad un&#8217;eccezione da qualche parte lungo il percorso dell&#8217;evoluzione.&nbsp;[\/vc_column_text][\/vc_column][\/vc_row][vc_row][vc_column][vc_column_text]Per facilitare il progresso verso livelli pi\u00f9 elevati, la coda doveva scomparire. Questo ha permesso alla creatura di rimanere eretta, e una colonna vertebrale eretta era un prerequisito per il rapido sviluppo del cervello. Ecco perch\u00e9 la Volont\u00e0 Macrocosmica fece scomparire la coda, e questo fu una grande divergenza dalla norma di centinaia di milioni di anni di evoluzione.[\/vc_column_text][\/vc_column][\/vc_row][vc_row][vc_column width=&#8221;1\/2&#8243;][vc_column_text]&#8221;Vari tipi di pesci si sono evoluti da una variet\u00e0 di <strong>Celacanto<\/strong>, l&#8217;antenato primordiale dei pesci. Si potrebbe pensare che se tutti si fossero evoluti dalla stessa fonte, tutti i pesci avrebbero lo stesso aspetto, ma non \u00e8 cos\u00ec. A causa del verificarsi di molte eccezioni lungo il percorso evolutivo, sono emerse diverse specie di pesci. Se tali eccezioni non si fossero verificate, tutti i pesci, tutti gli scimpanz\u00e9, tutti i gorilla, ecc. sarebbero stati dello stesso tipo. Queste eccezioni non sono state accidentali o casuali, ma sono state pianificate dal Macrocosmo per portare alcuni specifici cambiamenti nel processo evolutivo. Se non ci fossero state tali eccezioni, non ci sarebbero stati grandi cambiamenti evolutivi&#8221;.[\/vc_column_text][\/vc_column][vc_column width=&#8221;1\/2&#8243;][vc_single_image image=&#8221;5651&#8243; img_size=&#8221;full&#8221; style=&#8221;vc_box_border&#8221; border_color=&#8221;chino&#8221;][\/vc_column][\/vc_row][vc_row][vc_column width=&#8221;1\/2&#8243;][vc_masonry_media_grid element_width=&#8221;12&#8243; grid_id=&#8221;vc_gid:1589657195608-98267638-c3d4-0&#8243; include=&#8221;5652,5653&#8243;][\/vc_column][vc_column width=&#8221;1\/2&#8243;][vc_column_text]P.R. Sarkar ha discusso i diversi aspetti dell&#8217;evoluzione in modo pi\u00f9 approfondito in un importante discorso tenuto in un DMC<a href=\"#_ftn1\" name=\"_ftnref1\">[1]<\/a> nel gennaio 1989, dove ha detto: &#8220;In passato, molte centinaia di milioni di anni fa, specialmente nel Cretaceo e nella prima parte dell&#8217;Era Terziaria, c&#8217;erano molti animali e piante gigantesche. Quegli enormi alberi e animali possedevano cellule viventi molto semplici che mancavano di complessit\u00e0; la maggior parte delle cellule erano di un solo tipo. Ci sono alcuni alberi che ancora oggi hanno lo stesso tipo di cellule semplici, per esempio le felci. Questi tipi di piante erano multicellulari, ma la loro struttura protozoica era di carattere uniforme; lo stesso valeva anche per alcuni altri esseri viventi. Per esempio, c&#8217;erano animali giganteschi come dinosauri, brontosauri, <em>kaktesiyas<\/em>, (rettili preistorici), etc., che possedevano strutture fisiche molto semplici; il numero di cellule nel loro corpo era grande ma la variabilit\u00e0 intercellulare era trascurabile&#8221;.<\/p>\n<p>Queste semplici cellule si sono lentamente trasformate in cellule pi\u00f9 complesse e specializzate a causa del loro graduale sviluppo mentale come risultato di un aumento dei conflitti fisici e psichici. P.R. Sarkar ha anche descritto altri fattori che hanno facilitato il processo evolutivo: &#8220;Nel corso dell&#8217;evoluzione del mondo animato, la metamorfosi psichica di questi esseri ha influenzato significativamente i loro cambiamenti biologici. \u00c8 vero anche il contrario: le trasformazioni biologiche hanno portato a cambiamenti psichici negli esseri viventi. Quindi, c&#8217;\u00e8 sempre un&#8217;interconnessione tra i cambiamenti nelle strutture fisiche e psichiche degli esseri viventi&#8221;.<\/p>\n<p>P.R. Sarkar ha elaborato ulteriormente: &#8220;<strong>La Mente Cosmica ha portato, in diverse occasioni, cambiamenti ambientali e climatici su questo pianeta per far progredire l&#8217;evoluzione degli esseri viventi. Questi cambiamenti ambientali hanno creato in loro importanti cambiamenti biologici, che in ritorno hanno accelerato il loro sviluppo psichico\u201d.<\/strong>[\/vc_column_text][\/vc_column][\/vc_row][vc_row][vc_column][vc_column_text]&#8221;Le creature hanno subito trasformazioni in base ai cambiamenti nel tempo e nello spazio e ai cambiamenti delle condizioni climatiche non solo su questa terra ma anche su altri pianeti abitati da esseri viventi. Improvvisamente, tra un&#8217;era e l&#8217;altra, si \u00e8 creata una situazione anomala a causa di un&#8217;era glaciale in cui la temperatura \u00e8 scesa molto al di sotto dello zero. Durante quell&#8217;era glaciale, gli animali andarono in letargo. Molti si estinsero e successivamente scomparvero. A causa della loro carenza intellettuale, quelle gigantesche creature del Cretaceo dovettero lasciare il mondo &#8211; furono sconfitti nella lotta per l&#8217;esistenza\u201d.<\/p>\n<p>&#8220;Quelli che sono sopravvissuti hanno subito cambiamenti fisici e anche psicofisici o bio-psichici. La complessit\u00e0 delle loro cellule \u00e8 aumentata, il loro corpo \u00e8 diventato gradualmente pi\u00f9 piccolo e alla fine anche il loro potere mentale \u00e8 aumentato. Cio\u00e8, il corpo fisico divenne prima di tutto molto grande. Poi, dopo aver raggiunto una forma particolare, la struttura \u00e8 diventata complessa. Nella fase successiva, mentre avanzavano lungo il percorso evolutivo verso il Nucleo Macrocosmico, i loro corpi fisici continuavano a diminuire di dimensioni e i loro corpi psichici si sviluppavano, cos\u00ec aumentava il loro intelletto&#8221;.[\/vc_column_text][\/vc_column][\/vc_row][vc_row][vc_column width=&#8221;1\/2&#8243;][vc_column_text]P.R. Sarkar ha spiegato: &#8220;Per esempio, gli enormi rettili, che sono arrivati su questa terra centinaia di milioni di anni fa, sono diventati gradualmente lucertole, coccodrilli, alligatori e salamandre. Un&#8217;altra enorme creatura che gradualmente diminu\u00ec di dimensioni fu il mammut, che si evolse in elefante. Tuttavia, non si trasform\u00f2 in un elefante in una notte. C&#8217;\u00e8 uno stadio intermedio tra il mammut e l&#8217;elefante. Cos\u00ec i grandi animali si estinsero e gli animali pi\u00f9 piccoli presero il loro posto\u201d.<\/p>\n<p>&#8220;Con l&#8217;avanzare dell&#8217;evoluzione, il corpo ha subito cambiamenti significativi. Pi\u00f9 grande era l&#8217;evoluzione fisica, pi\u00f9 complessa diventava la struttura fisica. La struttura umana \u00e8 molto intricata perch\u00e9 il corpo e la mente sono i veicoli di un&#8217;ampia gamma di pensieri e di modi per esprimerli. Una mente che vuole pensare molte cose richiede un cervello e un cranio sviluppati. Non solo, ma richiede anche un sistema nervoso in grado di trasportare una serie di onde pensiero dal cervello a diverse parti del corpo. E oltre al sistema nervoso, ci devono essere ghiandole in grado di interagire con i processi del pensiero in un modo nuovo. La presenza delle ghiandole [endocrine] implica la secrezione di ormoni, e di conseguenza si produce una variet\u00e0 di sostanze chimiche nel corpo. Cos\u00ec la struttura umana \u00e8 diventata progressivamente pi\u00f9 complessa. Di tutte le strutture degli esseri viventi su questo pianeta, il corpo umano \u00e8 il pi\u00f9 elaborato, in quanto deve fungere da veicolo per una mente sofisticata che esprime molti tipi di pensieri ed emozioni. \u00c8 cos\u00ec che si mantiene l&#8217;equilibrio tra le strutture biologiche e la loro metamorfosi psichica&#8221;.[\/vc_column_text][\/vc_column][vc_column width=&#8221;1\/2&#8243;][vc_masonry_media_grid element_width=&#8221;6&#8243; grid_id=&#8221;vc_gid:1589657195609-94e901c9-845d-0&#8243; include=&#8221;5654,5639,5641,5647&#8243;][vc_masonry_media_grid element_width=&#8221;6&#8243; grid_id=&#8221;vc_gid:1589657195609-7d4179b5-58f2-9&#8243; include=&#8221;5658,5659,5655,5656,5657&#8243;][\/vc_column][\/vc_row][vc_row][vc_column][vc_column_text]<span style=\"font-size: 14pt; font-family: 'Open Sans', sans-serif;\"><strong>L&#8217;Avvento degli Esseri Umani <\/strong><\/span><\/p>\n<p>Secondo P.R. Sarkar, l&#8217;arrivo degli esseri umani su questo pianeta \u00e8 avvenuto a causa di un&#8217;eccezione evolutiva innescata dai MICROVITA. Parlando delle grandi eccezioni che hanno creato diversi punti di caduta nella marcia dell&#8217;evoluzione, P.R. Sarkar ha detto che una di queste eccezioni ha innescato l&#8217;arrivo di esseri umani su questo pianeta. &#8220;Circa un milione di anni fa, l&#8217;oscurit\u00e0 della notte evolutiva cominci\u00f2 a svanire quando la prima creatura simile a una scimmia abbandon\u00f2 il suo regno sui rami degli alberi e si rifugi\u00f2 nella luce della pianura. Era guidato da qualcosa che non riusciva a capire, qualcosa di non scimmiesco e impossibile da comprendere anche per i suoi compagni. In qualche modo, da qualche parte nella sua chimica corporea ribollente, qualcosa era cambiato. Nel suo cervello giacevano i semi dell&#8217;umanit\u00e0, e nei suoi occhi stranamente luminosi l&#8217;ombra oscura di un sogno nascosto\u201d.<\/p>\n<p>&#8220;Il tempo passava lentamente. Le nuove creature si svilupparono e si moltiplicarono. I meravigliosi cambiamenti nei loro corpi e nelle loro menti continuarono; i loro cervelli, i loro nervi e i loro sistemi ghiandolari crebbero in complessit\u00e0 e specializzazione. Nuovi modelli di comportamento si sono evoluti e dopo qualche tempo, emozioni e sentimenti sconosciuti e negati a tutte le forme di vita precedenti hanno trovato un mezzo di espressione. L&#8217;alba dell&#8217;uomo fu raggiunta in quell&#8217;ora propizia. Le onde pensiero generate da quella prima espressione umana vibrano ancora oggi nella mente inconscia di ogni essere umano. Ognuno di noi porta in s\u00e9 il ricordo nascosto di quella prima alba, e di ci\u00f2 che si trova anche al di l\u00e0 di essa nell&#8217;oscurit\u00e0 dell&#8217;antichit\u00e0. Attraverso questa memoria primordiale, che fa parte del nostro patrimonio umano, siamo intimamente connessi alle altre forme di vita&#8221;.<\/p>\n<p><a href=\"#_ftnref1\" name=\"_ftn1\">[1]<\/a> DMC Dharma Maha Chakra, grande assemblea dei seguaci di P.R. Sarkar.[\/vc_column_text][\/vc_column][\/vc_row]<\/p>\n<\/div>","protected":false},"excerpt":{"rendered":"<p>[vc_row][vc_column][vc_empty_space][\/vc_column][\/vc_row][vc_row][vc_column][vc_custom_heading text=&#8221;L\u2019EVOLUZIONE SECONDO P.R. SARKAR&#8221; font_container=&#8221;tag:h1|text_align:left|color:%235b5b5b&#8221; google_fonts=&#8221;font_family:Anton%3Aregular|font_style:400%20regular%3A400%3Anormal&#8221;][\/vc_column][\/vc_row][vc_row][vc_column][vc_column_text]Raccolta dal libro &#8220;Advent of a Mystery&#8221; di Ac. Pranavaktmananda[\/vc_column_text][\/vc_column][\/vc_row][vc_row][vc_column][vc_separator color=&#8221;chino&#8221; border_width=&#8221;4&#8243;][\/vc_column][\/vc_row][vc_row][vc_column][vc_column_text css=&#8221;.vc_custom_1589657359162{margin-top: -25px !important;padding-right: 15px !important;padding-left: 15px !important;background-color: #5e5e5e !important;}&#8221;]P.R. Sarkar parla di diversi interventi della natura, come eccezioni nell&#8217;uniformit\u00e0 evolutiva, che hanno portato a deviare dallo sviluppo normale, con lo sviluppo di <span class=\"excerpt-dots\">&hellip;<\/span> <a class=\"more-link\" href=\"https:\/\/irprout.it\/?page_id=5625\"><span class=\"more-msg\">Continua a leggere<\/span><\/a><\/p>\n","protected":false},"author":3,"featured_media":0,"parent":0,"menu_order":0,"comment_status":"closed","ping_status":"closed","template":"","meta":{"ngg_post_thumbnail":0,"footnotes":""},"class_list":["post-5625","page","type-page","status-publish","hentry"],"yoast_head":"<!-- This site is optimized with the Yoast SEO plugin v26.6 - https:\/\/yoast.com\/wordpress\/plugins\/seo\/ -->\n<title>L\u2019EVOLUZIONE SECONDO P.R. SARKAR - Istituto di Ricerca Prout<\/title>\n<meta name=\"robots\" content=\"index, follow, max-snippet:-1, max-image-preview:large, max-video-preview:-1\" \/>\n<link rel=\"canonical\" href=\"https:\/\/irprout.it\/?page_id=5625\" \/>\n<meta property=\"og:locale\" content=\"it_IT\" \/>\n<meta property=\"og:type\" content=\"article\" \/>\n<meta property=\"og:title\" content=\"L\u2019EVOLUZIONE SECONDO P.R. SARKAR - Istituto di Ricerca Prout\" \/>\n<meta property=\"og:description\" content=\"[vc_row][vc_column][vc_empty_space][\/vc_column][\/vc_row][vc_row][vc_column][vc_custom_heading text=&#8221;L\u2019EVOLUZIONE SECONDO P.R. SARKAR&#8221; font_container=&#8221;tag:h1|text_align:left|color:%235b5b5b&#8221; google_fonts=&#8221;font_family:Anton%3Aregular|font_style:400%20regular%3A400%3Anormal&#8221;][\/vc_column][\/vc_row][vc_row][vc_column][vc_column_text]Raccolta dal libro &#8220;Advent of a Mystery&#8221; di Ac. Pranavaktmananda[\/vc_column_text][\/vc_column][\/vc_row][vc_row][vc_column][vc_separator color=&#8221;chino&#8221; border_width=&#8221;4&#8243;][\/vc_column][\/vc_row][vc_row][vc_column][vc_column_text css=&#8221;.vc_custom_1589657359162{margin-top: -25px !important;padding-right: 15px !important;padding-left: 15px !important;background-color: #5e5e5e !important;}&#8221;]P.R. Sarkar parla di diversi interventi della natura, come eccezioni nell&#8217;uniformit\u00e0 evolutiva, che hanno portato a deviare dallo sviluppo normale, con lo sviluppo di &hellip; Continua a leggere\" \/>\n<meta property=\"og:url\" content=\"https:\/\/irprout.it\/?page_id=5625\" \/>\n<meta property=\"og:site_name\" content=\"Istituto di Ricerca Prout\" \/>\n<meta property=\"article:modified_time\" content=\"2020-05-16T19:29:42+00:00\" \/>\n<meta name=\"twitter:label1\" content=\"Tempo di lettura stimato\" \/>\n\t<meta name=\"twitter:data1\" content=\"11 minuti\" \/>\n<script type=\"application\/ld+json\" class=\"yoast-schema-graph\">{\"@context\":\"https:\/\/schema.org\",\"@graph\":[{\"@type\":\"WebPage\",\"@id\":\"https:\/\/irprout.it\/?page_id=5625\",\"url\":\"https:\/\/irprout.it\/?page_id=5625\",\"name\":\"L\u2019EVOLUZIONE SECONDO P.R. SARKAR - Istituto di Ricerca Prout\",\"isPartOf\":{\"@id\":\"https:\/\/irprout.it\/#website\"},\"datePublished\":\"2020-05-04T14:27:18+00:00\",\"dateModified\":\"2020-05-16T19:29:42+00:00\",\"breadcrumb\":{\"@id\":\"https:\/\/irprout.it\/?page_id=5625#breadcrumb\"},\"inLanguage\":\"it-IT\",\"potentialAction\":[{\"@type\":\"ReadAction\",\"target\":[\"https:\/\/irprout.it\/?page_id=5625\"]}]},{\"@type\":\"BreadcrumbList\",\"@id\":\"https:\/\/irprout.it\/?page_id=5625#breadcrumb\",\"itemListElement\":[{\"@type\":\"ListItem\",\"position\":1,\"name\":\"Home\",\"item\":\"https:\/\/irprout.it\/\"},{\"@type\":\"ListItem\",\"position\":2,\"name\":\"L\u2019EVOLUZIONE SECONDO P.R. SARKAR\"}]},{\"@type\":\"WebSite\",\"@id\":\"https:\/\/irprout.it\/#website\",\"url\":\"https:\/\/irprout.it\/\",\"name\":\"Istituto di Ricerca Prout\",\"description\":\"Istituto di Ricerca Prout\",\"publisher\":{\"@id\":\"https:\/\/irprout.it\/#organization\"},\"potentialAction\":[{\"@type\":\"SearchAction\",\"target\":{\"@type\":\"EntryPoint\",\"urlTemplate\":\"https:\/\/irprout.it\/?s={search_term_string}\"},\"query-input\":{\"@type\":\"PropertyValueSpecification\",\"valueRequired\":true,\"valueName\":\"search_term_string\"}}],\"inLanguage\":\"it-IT\"},{\"@type\":\"Organization\",\"@id\":\"https:\/\/irprout.it\/#organization\",\"name\":\"Istituto di Ricerca Prout\",\"url\":\"https:\/\/irprout.it\/\",\"logo\":{\"@type\":\"ImageObject\",\"inLanguage\":\"it-IT\",\"@id\":\"https:\/\/irprout.it\/#\/schema\/logo\/image\/\",\"url\":\"http:\/\/irprout.it\/wp-content\/uploads\/2014\/10\/logo_IRP_albero300Cor.jpg\",\"contentUrl\":\"http:\/\/irprout.it\/wp-content\/uploads\/2014\/10\/logo_IRP_albero300Cor.jpg\",\"width\":303,\"height\":304,\"caption\":\"Istituto di Ricerca Prout\"},\"image\":{\"@id\":\"https:\/\/irprout.it\/#\/schema\/logo\/image\/\"}}]}<\/script>\n<!-- \/ Yoast SEO plugin. -->","yoast_head_json":{"title":"L\u2019EVOLUZIONE SECONDO P.R. SARKAR - Istituto di Ricerca Prout","robots":{"index":"index","follow":"follow","max-snippet":"max-snippet:-1","max-image-preview":"max-image-preview:large","max-video-preview":"max-video-preview:-1"},"canonical":"https:\/\/irprout.it\/?page_id=5625","og_locale":"it_IT","og_type":"article","og_title":"L\u2019EVOLUZIONE SECONDO P.R. SARKAR - Istituto di Ricerca Prout","og_description":"[vc_row][vc_column][vc_empty_space][\/vc_column][\/vc_row][vc_row][vc_column][vc_custom_heading text=&#8221;L\u2019EVOLUZIONE SECONDO P.R. SARKAR&#8221; font_container=&#8221;tag:h1|text_align:left|color:%235b5b5b&#8221; google_fonts=&#8221;font_family:Anton%3Aregular|font_style:400%20regular%3A400%3Anormal&#8221;][\/vc_column][\/vc_row][vc_row][vc_column][vc_column_text]Raccolta dal libro &#8220;Advent of a Mystery&#8221; di Ac. Pranavaktmananda[\/vc_column_text][\/vc_column][\/vc_row][vc_row][vc_column][vc_separator color=&#8221;chino&#8221; border_width=&#8221;4&#8243;][\/vc_column][\/vc_row][vc_row][vc_column][vc_column_text css=&#8221;.vc_custom_1589657359162{margin-top: -25px !important;padding-right: 15px !important;padding-left: 15px !important;background-color: #5e5e5e !important;}&#8221;]P.R. Sarkar parla di diversi interventi della natura, come eccezioni nell&#8217;uniformit\u00e0 evolutiva, che hanno portato a deviare dallo sviluppo normale, con lo sviluppo di &hellip; Continua a leggere","og_url":"https:\/\/irprout.it\/?page_id=5625","og_site_name":"Istituto di Ricerca Prout","article_modified_time":"2020-05-16T19:29:42+00:00","twitter_misc":{"Tempo di lettura stimato":"11 minuti"},"schema":{"@context":"https:\/\/schema.org","@graph":[{"@type":"WebPage","@id":"https:\/\/irprout.it\/?page_id=5625","url":"https:\/\/irprout.it\/?page_id=5625","name":"L\u2019EVOLUZIONE SECONDO P.R. SARKAR - Istituto di Ricerca Prout","isPartOf":{"@id":"https:\/\/irprout.it\/#website"},"datePublished":"2020-05-04T14:27:18+00:00","dateModified":"2020-05-16T19:29:42+00:00","breadcrumb":{"@id":"https:\/\/irprout.it\/?page_id=5625#breadcrumb"},"inLanguage":"it-IT","potentialAction":[{"@type":"ReadAction","target":["https:\/\/irprout.it\/?page_id=5625"]}]},{"@type":"BreadcrumbList","@id":"https:\/\/irprout.it\/?page_id=5625#breadcrumb","itemListElement":[{"@type":"ListItem","position":1,"name":"Home","item":"https:\/\/irprout.it\/"},{"@type":"ListItem","position":2,"name":"L\u2019EVOLUZIONE SECONDO P.R. SARKAR"}]},{"@type":"WebSite","@id":"https:\/\/irprout.it\/#website","url":"https:\/\/irprout.it\/","name":"Istituto di Ricerca Prout","description":"Istituto di Ricerca Prout","publisher":{"@id":"https:\/\/irprout.it\/#organization"},"potentialAction":[{"@type":"SearchAction","target":{"@type":"EntryPoint","urlTemplate":"https:\/\/irprout.it\/?s={search_term_string}"},"query-input":{"@type":"PropertyValueSpecification","valueRequired":true,"valueName":"search_term_string"}}],"inLanguage":"it-IT"},{"@type":"Organization","@id":"https:\/\/irprout.it\/#organization","name":"Istituto di Ricerca Prout","url":"https:\/\/irprout.it\/","logo":{"@type":"ImageObject","inLanguage":"it-IT","@id":"https:\/\/irprout.it\/#\/schema\/logo\/image\/","url":"http:\/\/irprout.it\/wp-content\/uploads\/2014\/10\/logo_IRP_albero300Cor.jpg","contentUrl":"http:\/\/irprout.it\/wp-content\/uploads\/2014\/10\/logo_IRP_albero300Cor.jpg","width":303,"height":304,"caption":"Istituto di Ricerca Prout"},"image":{"@id":"https:\/\/irprout.it\/#\/schema\/logo\/image\/"}}]}},"_links":{"self":[{"href":"https:\/\/irprout.it\/index.php?rest_route=\/wp\/v2\/pages\/5625","targetHints":{"allow":["GET"]}}],"collection":[{"href":"https:\/\/irprout.it\/index.php?rest_route=\/wp\/v2\/pages"}],"about":[{"href":"https:\/\/irprout.it\/index.php?rest_route=\/wp\/v2\/types\/page"}],"author":[{"embeddable":true,"href":"https:\/\/irprout.it\/index.php?rest_route=\/wp\/v2\/users\/3"}],"replies":[{"embeddable":true,"href":"https:\/\/irprout.it\/index.php?rest_route=%2Fwp%2Fv2%2Fcomments&post=5625"}],"version-history":[{"count":5,"href":"https:\/\/irprout.it\/index.php?rest_route=\/wp\/v2\/pages\/5625\/revisions"}],"predecessor-version":[{"id":5682,"href":"https:\/\/irprout.it\/index.php?rest_route=\/wp\/v2\/pages\/5625\/revisions\/5682"}],"wp:attachment":[{"href":"https:\/\/irprout.it\/index.php?rest_route=%2Fwp%2Fv2%2Fmedia&parent=5625"}],"curies":[{"name":"wp","href":"https:\/\/api.w.org\/{rel}","templated":true}]}}