{"id":5628,"date":"2020-05-05T09:31:02","date_gmt":"2020-05-05T08:31:02","guid":{"rendered":"http:\/\/irprout.it\/?page_id=5628"},"modified":"2020-05-10T09:34:39","modified_gmt":"2020-05-10T08:34:39","slug":"affrontare-lemergenza","status":"publish","type":"page","link":"https:\/\/irprout.it\/?page_id=5628","title":{"rendered":"KIT PER AFFRONTARE L&#8217;EMERGENZA"},"content":{"rendered":"<div class=\"wpb-content-wrapper\"><p>[vc_row][vc_column][vc_empty_space][\/vc_column][\/vc_row][vc_row][vc_column][vc_custom_heading text=&#8221;KIT PER AFFRONTARE L&#8217;EMERGENZA&#8221; font_container=&#8221;tag:h1|text_align:left|color:%235b5b5b&#8221; google_fonts=&#8221;font_family:Anton%3Aregular|font_style:400%20regular%3A400%3Anormal&#8221;][\/vc_column][\/vc_row][vc_row][vc_column][vc_empty_space height=&#8221;20px&#8221;][\/vc_column][\/vc_row][vc_row][vc_column][vc_separator color=&#8221;chino&#8221; border_width=&#8221;4&#8243;][\/vc_column][\/vc_row][vc_row][vc_column][vc_column_text css=&#8221;.vc_custom_1589098016052{margin-top: -25px !important;padding-top: 15px !important;padding-right: 15px !important;padding-bottom: 15px !important;padding-left: 15px !important;background-color: #606060 !important;}&#8221;]<span style=\"font-family: 'Roboto Condensed', sans-serif; color: #ffffff;\"><span style=\"font-size: 14pt;\">Lunghi periodi di uniformit\u00e0, caratterizzano la nostra esistenza: le stagioni sono quasi immutabili, il nostro lavoro stabile, le vacanze in agosto assicurate, 3 pasti al giorno sicuri, la produzione di frutta e verdura onnipresente, e il cibo sulla tavola, chi pi\u00f9 chi meno. <\/span><span style=\"font-size: 14pt;\">Per &#8216;<strong>uniformit\u00e0<\/strong>&#8216; si intende: &#8220;l&#8217;essere uniforme, la qualit\u00e0 e condizione di cosa o di comportamento uniforme, che non muta&#8221;. <\/span><\/span><br \/>\n<span style=\"font-family: 'Roboto Condensed', sans-serif; font-size: 14pt; color: #ffffff;\"><strong>Poi un grande cambiamento naturale o indotto dagli esseri umani<\/strong> ci modifica improvvisamente la vita, sconvolge la natura, vi sono eventi estremi, non ci racapezziamo pi\u00f9 con le stagioni, le piante non producono pi\u00f9 come prima, le colture sono preda dei malumori del tempo.<\/span>[\/vc_column_text][\/vc_column][\/vc_row][vc_row][vc_column][vc_separator color=&#8221;chino&#8221; border_width=&#8221;4&#8243; css=&#8221;.vc_custom_1588668904038{margin-top: -25px !important;}&#8221;][\/vc_column][\/vc_row][vc_row][vc_column width=&#8221;1\/2&#8243;][vc_column_text]Ricordiamo <em>Cernobil<\/em>: per due settimane non si trovava cibo nei supermercati, non si potevano consumare frutta e verdura coltivati all&#8217;esterno. Un periodo comunque relativamente breve.<\/p>\n<p>Pensiamo alle guerre decennali combattute in ogni parte del mondo. Emergenza sanitaria, alimentare, sociale.<\/p>\n<p>Poi sono arrivate, coi cambiamenti climatici, le alluvioni, la siccit\u00e0, la diminuzione della produzione alimentare, perch\u00e9 \u00e8 cambiato il ciclo stagionale. Gli insetti scompaiono al regime del 0,98% all&#8217;anno, gli impollinatori sono sterminati dai pesticidi.&nbsp;<\/p>\n<p>Insomma ci troviamo, in questo momento, non pi\u00f9 in un periodo di uniformit\u00e0, ma in una fase di profondi cambiamenti, un salto epocale, il big jump, certamente non una catastrofe, come afferma P.R. Sarkar, ma un periodo di profondi cambiamenti, come ve ne sono stati altri nella storia di questo ed altri pianeti.<\/p>\n<p>Si torner\u00e0 certamente, chiss\u00e0 quando, ad un altro periodo di uniformit\u00e0.[\/vc_column_text][\/vc_column][vc_column width=&#8221;1\/2&#8243;][vc_masonry_media_grid element_width=&#8221;12&#8243; grid_id=&#8221;vc_gid:1589099130198-6b2da19e-8203-0&#8243; include=&#8221;5675&#8243; css=&#8221;.vc_custom_1589099071493{border-top-width: 8px !important;border-right-width: 8px !important;border-bottom-width: 8px !important;border-left-width: 8px !important;border-left-color: #ddd2af !important;border-left-style: solid !important;border-right-color: #ddd2af !important;border-right-style: solid !important;border-top-color: #ddd2af !important;border-top-style: solid !important;border-bottom-color: #ddd2af !important;border-bottom-style: solid !important;}&#8221;][vc_column_text css=&#8221;.vc_custom_1589099282339{margin-top: -25px !important;}&#8221;]<span style=\"font-size: 10pt;\">(Kai Reusser \/ swissinfo.ch)<\/span>[\/vc_column_text][\/vc_column][\/vc_row][vc_row][vc_column][vc_column_text css=&#8221;.vc_custom_1589099343630{margin-top: -20px !important;}&#8221;]In questi momenti di turbolenza ci siamo trovati spesso impreparati, perch\u00e9 molti prodotti, beni e servizi non erano pi\u00f9 disponibili. Da chi ha subito la guerra nel Kossovo, ci \u00e8 arrivato questo messaggio: &#8220;ci siamo resi conto che con la guerra ci mancava tutto, le candele, i fiammiferi, il sapone, lo sciampo, i profumi, il cibo, etc&#8221;.<\/p>\n<p>Ricordiamo che in Svizzera fino a qualche anno fa era obbligatorio tenere delle scorte necessarie per s\u00e8 e la famiglia, immagazzinate in un posto sicuro, nella cantina o in un bunker. Scorte necessarie per sopravvivere circa un anno. E in Svizzera hanno tenuto fino a qualche anno fa la lista dei prodotti da conservare. I prodotti acquistati pi\u00f9 recentemente andavano a sostituire quelli pi\u00f9 vecchi e cos\u00ec si dava il giro alle merci. Oggi il Governo svizzero suggerisce scorte per una settimana, poich\u00e9 dopo una settimana \u00e8 in grado di rifornire gli scaffali dei supermercati.<\/p>\n<p>Abbiamo provato anche noi a tenere dei prodotti confezionati sottovuoto per 5 anni, scatolame e beni di prima necessit\u00e0. Ci si sente pi\u00f9 sicuri normalmente ma anche in caso di tempeste sociali, economiche o climatiche. Migliaia di anni fa, scrive Sarkar, le persone intraprendevano lunghi viaggi con un solo vestito e senza provviste. Oggi sarebbe inimmaginabile, si porta con s\u00e9 tutto il necessario per la sopravvivenza.<\/p>\n<p>Quindi sarebbe saggio tenere una scorta di beni e prodotti essenziali, proprio per queste evenienze: si possono calcolare scorte per un periodo minimo di 1 mese, 1 anno.<\/p>\n<p>Ne diamo qui un elenco minimale.&nbsp;&nbsp;[\/vc_column_text][\/vc_column][\/vc_row][vc_row][vc_column][vc_separator color=&#8221;chino&#8221; border_width=&#8221;4&#8243;][\/vc_column][\/vc_row][vc_row][vc_column][vc_custom_heading text=&#8221;ELENCO PROVVISTE per L&#8217;EMERGENZA&#8221; google_fonts=&#8221;font_family:Asap%3Aregular%2Citalic%2C700%2C700italic|font_style:700%20bold%20regular%3A700%3Anormal&#8221;][\/vc_column][\/vc_row][vc_row][vc_column width=&#8221;1\/2&#8243;][vc_column_text]1) ALIMENTI<\/p>\n<ul>\n<li>pasta, riso, frumento, orzo, miglio, polenta, semolino, farine, etc<\/li>\n<li>legumi, crackers, fiocchi, muesli, cornflakes<\/li>\n<li>sale, spezie<\/li>\n<li>zucchero, miele, marmellate, melassa<\/li>\n<li>olio, passata di pomodori, aceto<\/li>\n<li>scatole: frutta, verdure, succhi, acqua<\/li>\n<li>orzo in polvere, caff\u00e8, sciroppi<\/li>\n<li>latte in polvere, erbe e fiori (menta, camomilla &#8230;)<\/li>\n<li>patate in polvere<\/li>\n<li>frutta secca<\/li>\n<li>proteine (formaggio sottovuoto, farina di glutine, soia, alghe)<\/li>\n<li>caramelle, biscotti, cioccolata, budini<\/li>\n<li>vitamine &#8220;C&#8221;, minerali<\/li>\n<\/ul>\n<p>&nbsp;<\/p>\n<p>2) MEDICINE E PRONTO SOCCORSO<\/p>\n<ul>\n<li>calendula, ARNICA, propoli, rescue remedy, etc.<\/li>\n<li>disinfettante, termometro, siringhe, guanti<\/li>\n<li>maschere, cerotti, cotone, garze sterili, etc.<\/li>\n<li>sonniferi, calmanti, supposte<\/li>\n<li>sciroppo per la tosse,<\/li>\n<li>antibiotici, anti-diarrea, anticolera, etc.<\/li>\n<li>attrezzature mediche<\/li>\n<li>argilla<\/li>\n<\/ul>\n<p>&nbsp;[\/vc_column_text][\/vc_column][vc_column width=&#8221;1\/2&#8243;][vc_column_text]3) CASA<\/p>\n<ul>\n<li>candele, fiammiferi, accendini, lanterne ad olio o cherosene<\/li>\n<li>stufa a legna<\/li>\n<li>coperte, guanti, berretta, scarpe, calze, impermeabili<\/li>\n<li>contenitori per l&#8217;acqua, acqua minerale<\/li>\n<li>raccoglitori per acqua piovana, pompa per l&#8217;acqua<\/li>\n<\/ul>\n<p>&nbsp;<\/p>\n<p>4) IGENE<\/p>\n<ul>\n<li>sapone, shampoo, spazzolini da denti, etc.<\/li>\n<li>detersivi, igienizzanti<\/li>\n<li>carta igienica, fazzoletti<\/li>\n<li>secchi di plastica, scope, stracci<\/li>\n<li>assorbenti, pannolini<\/li>\n<\/ul>\n<p>&nbsp;<\/p>\n<p>5) VARIE<\/p>\n<ul>\n<li>Radio, torce, batterie, sacchetti per immondizie<\/li>\n<li>fornello a gas, gas, etc,<\/li>\n<li>spago, ago, filo,<\/li>\n<li>carta, penne<\/li>\n<li>thermos<\/li>\n<li>bottiglie<\/li>\n<li>libri, giochi<\/li>\n<\/ul>\n<p>[\/vc_column_text][\/vc_column][\/vc_row][vc_row][vc_column][vc_separator color=&#8221;chino&#8221; border_width=&#8221;4&#8243;][\/vc_column][\/vc_row][vc_row][vc_column][vc_column_text]<a href=\"https:\/\/www.swissinfo.ch\/ita\/-per-ogni-evenienza-_scorte-d-emergenza--il-tesoretto-di-ogni-casa-svizzera\/44810406\"><strong><span style=\"font-size: 14pt;\">Scorte d&#8217;emergenza, il tesoretto di ogni casa svizzera<\/span><\/strong><\/a>[\/vc_column_text][\/vc_column][\/vc_row]<\/p>\n<\/div>","protected":false},"excerpt":{"rendered":"<p>[vc_row][vc_column][vc_empty_space][\/vc_column][\/vc_row][vc_row][vc_column][vc_custom_heading text=&#8221;KIT PER AFFRONTARE L&#8217;EMERGENZA&#8221; font_container=&#8221;tag:h1|text_align:left|color:%235b5b5b&#8221; google_fonts=&#8221;font_family:Anton%3Aregular|font_style:400%20regular%3A400%3Anormal&#8221;][\/vc_column][\/vc_row][vc_row][vc_column][vc_empty_space height=&#8221;20px&#8221;][\/vc_column][\/vc_row][vc_row][vc_column][vc_separator color=&#8221;chino&#8221; border_width=&#8221;4&#8243;][\/vc_column][\/vc_row][vc_row][vc_column][vc_column_text css=&#8221;.vc_custom_1589098016052{margin-top: -25px !important;padding-top: 15px !important;padding-right: 15px !important;padding-bottom: 15px !important;padding-left: 15px !important;background-color: #606060 !important;}&#8221;]Lunghi periodi di uniformit\u00e0, caratterizzano la nostra esistenza: le stagioni sono quasi immutabili, il nostro lavoro stabile, le vacanze in agosto assicurate, 3 pasti al giorno sicuri, la <span class=\"excerpt-dots\">&hellip;<\/span> <a class=\"more-link\" href=\"https:\/\/irprout.it\/?page_id=5628\"><span class=\"more-msg\">Continua a leggere<\/span><\/a><\/p>\n","protected":false},"author":3,"featured_media":5678,"parent":0,"menu_order":0,"comment_status":"closed","ping_status":"closed","template":"","meta":{"ngg_post_thumbnail":0,"footnotes":""},"class_list":["post-5628","page","type-page","status-publish","has-post-thumbnail","hentry"],"yoast_head":"<!-- This site is optimized with the Yoast SEO plugin v26.6 - https:\/\/yoast.com\/wordpress\/plugins\/seo\/ -->\n<title>KIT PER AFFRONTARE L&#039;EMERGENZA - Istituto di Ricerca Prout<\/title>\n<meta name=\"robots\" content=\"index, follow, max-snippet:-1, max-image-preview:large, max-video-preview:-1\" \/>\n<link rel=\"canonical\" href=\"https:\/\/irprout.it\/?page_id=5628\" \/>\n<meta property=\"og:locale\" content=\"it_IT\" \/>\n<meta property=\"og:type\" content=\"article\" \/>\n<meta property=\"og:title\" content=\"KIT PER AFFRONTARE L&#039;EMERGENZA - Istituto di Ricerca Prout\" \/>\n<meta property=\"og:description\" content=\"[vc_row][vc_column][vc_empty_space][\/vc_column][\/vc_row][vc_row][vc_column][vc_custom_heading text=&#8221;KIT PER AFFRONTARE L&#8217;EMERGENZA&#8221; font_container=&#8221;tag:h1|text_align:left|color:%235b5b5b&#8221; google_fonts=&#8221;font_family:Anton%3Aregular|font_style:400%20regular%3A400%3Anormal&#8221;][\/vc_column][\/vc_row][vc_row][vc_column][vc_empty_space height=&#8221;20px&#8221;][\/vc_column][\/vc_row][vc_row][vc_column][vc_separator color=&#8221;chino&#8221; border_width=&#8221;4&#8243;][\/vc_column][\/vc_row][vc_row][vc_column][vc_column_text css=&#8221;.vc_custom_1589098016052{margin-top: -25px !important;padding-top: 15px !important;padding-right: 15px !important;padding-bottom: 15px !important;padding-left: 15px !important;background-color: #606060 !important;}&#8221;]Lunghi periodi di uniformit\u00e0, caratterizzano la nostra esistenza: le stagioni sono quasi immutabili, il nostro lavoro stabile, le vacanze in agosto assicurate, 3 pasti al giorno sicuri, la &hellip; Continua a leggere\" \/>\n<meta property=\"og:url\" content=\"https:\/\/irprout.it\/?page_id=5628\" \/>\n<meta property=\"og:site_name\" content=\"Istituto di Ricerca Prout\" \/>\n<meta property=\"article:modified_time\" content=\"2020-05-10T08:34:39+00:00\" \/>\n<meta property=\"og:image\" content=\"https:\/\/irprout.it\/wp-content\/uploads\/2020\/05\/scorte-cantina.jpg\" \/>\n\t<meta property=\"og:image:width\" content=\"479\" \/>\n\t<meta property=\"og:image:height\" content=\"378\" \/>\n\t<meta property=\"og:image:type\" content=\"image\/jpeg\" \/>\n<meta name=\"twitter:label1\" content=\"Tempo di lettura stimato\" \/>\n\t<meta name=\"twitter:data1\" content=\"5 minuti\" \/>\n<script type=\"application\/ld+json\" class=\"yoast-schema-graph\">{\"@context\":\"https:\/\/schema.org\",\"@graph\":[{\"@type\":\"WebPage\",\"@id\":\"https:\/\/irprout.it\/?page_id=5628\",\"url\":\"https:\/\/irprout.it\/?page_id=5628\",\"name\":\"KIT PER AFFRONTARE L'EMERGENZA - Istituto di Ricerca Prout\",\"isPartOf\":{\"@id\":\"https:\/\/irprout.it\/#website\"},\"primaryImageOfPage\":{\"@id\":\"https:\/\/irprout.it\/?page_id=5628#primaryimage\"},\"image\":{\"@id\":\"https:\/\/irprout.it\/?page_id=5628#primaryimage\"},\"thumbnailUrl\":\"https:\/\/irprout.it\/wp-content\/uploads\/2020\/05\/scorte-cantina.jpg\",\"datePublished\":\"2020-05-05T08:31:02+00:00\",\"dateModified\":\"2020-05-10T08:34:39+00:00\",\"breadcrumb\":{\"@id\":\"https:\/\/irprout.it\/?page_id=5628#breadcrumb\"},\"inLanguage\":\"it-IT\",\"potentialAction\":[{\"@type\":\"ReadAction\",\"target\":[\"https:\/\/irprout.it\/?page_id=5628\"]}]},{\"@type\":\"ImageObject\",\"inLanguage\":\"it-IT\",\"@id\":\"https:\/\/irprout.it\/?page_id=5628#primaryimage\",\"url\":\"https:\/\/irprout.it\/wp-content\/uploads\/2020\/05\/scorte-cantina.jpg\",\"contentUrl\":\"https:\/\/irprout.it\/wp-content\/uploads\/2020\/05\/scorte-cantina.jpg\",\"width\":479,\"height\":378},{\"@type\":\"BreadcrumbList\",\"@id\":\"https:\/\/irprout.it\/?page_id=5628#breadcrumb\",\"itemListElement\":[{\"@type\":\"ListItem\",\"position\":1,\"name\":\"Home\",\"item\":\"https:\/\/irprout.it\/\"},{\"@type\":\"ListItem\",\"position\":2,\"name\":\"KIT PER AFFRONTARE L&#8217;EMERGENZA\"}]},{\"@type\":\"WebSite\",\"@id\":\"https:\/\/irprout.it\/#website\",\"url\":\"https:\/\/irprout.it\/\",\"name\":\"Istituto di Ricerca Prout\",\"description\":\"Istituto di Ricerca Prout\",\"publisher\":{\"@id\":\"https:\/\/irprout.it\/#organization\"},\"potentialAction\":[{\"@type\":\"SearchAction\",\"target\":{\"@type\":\"EntryPoint\",\"urlTemplate\":\"https:\/\/irprout.it\/?s={search_term_string}\"},\"query-input\":{\"@type\":\"PropertyValueSpecification\",\"valueRequired\":true,\"valueName\":\"search_term_string\"}}],\"inLanguage\":\"it-IT\"},{\"@type\":\"Organization\",\"@id\":\"https:\/\/irprout.it\/#organization\",\"name\":\"Istituto di Ricerca Prout\",\"url\":\"https:\/\/irprout.it\/\",\"logo\":{\"@type\":\"ImageObject\",\"inLanguage\":\"it-IT\",\"@id\":\"https:\/\/irprout.it\/#\/schema\/logo\/image\/\",\"url\":\"http:\/\/irprout.it\/wp-content\/uploads\/2014\/10\/logo_IRP_albero300Cor.jpg\",\"contentUrl\":\"http:\/\/irprout.it\/wp-content\/uploads\/2014\/10\/logo_IRP_albero300Cor.jpg\",\"width\":303,\"height\":304,\"caption\":\"Istituto di Ricerca Prout\"},\"image\":{\"@id\":\"https:\/\/irprout.it\/#\/schema\/logo\/image\/\"}}]}<\/script>\n<!-- \/ Yoast SEO plugin. -->","yoast_head_json":{"title":"KIT PER AFFRONTARE L'EMERGENZA - Istituto di Ricerca Prout","robots":{"index":"index","follow":"follow","max-snippet":"max-snippet:-1","max-image-preview":"max-image-preview:large","max-video-preview":"max-video-preview:-1"},"canonical":"https:\/\/irprout.it\/?page_id=5628","og_locale":"it_IT","og_type":"article","og_title":"KIT PER AFFRONTARE L'EMERGENZA - Istituto di Ricerca Prout","og_description":"[vc_row][vc_column][vc_empty_space][\/vc_column][\/vc_row][vc_row][vc_column][vc_custom_heading text=&#8221;KIT PER AFFRONTARE L&#8217;EMERGENZA&#8221; font_container=&#8221;tag:h1|text_align:left|color:%235b5b5b&#8221; google_fonts=&#8221;font_family:Anton%3Aregular|font_style:400%20regular%3A400%3Anormal&#8221;][\/vc_column][\/vc_row][vc_row][vc_column][vc_empty_space height=&#8221;20px&#8221;][\/vc_column][\/vc_row][vc_row][vc_column][vc_separator color=&#8221;chino&#8221; border_width=&#8221;4&#8243;][\/vc_column][\/vc_row][vc_row][vc_column][vc_column_text css=&#8221;.vc_custom_1589098016052{margin-top: -25px !important;padding-top: 15px !important;padding-right: 15px !important;padding-bottom: 15px !important;padding-left: 15px !important;background-color: #606060 !important;}&#8221;]Lunghi periodi di uniformit\u00e0, caratterizzano la nostra esistenza: le stagioni sono quasi immutabili, il nostro lavoro stabile, le vacanze in agosto assicurate, 3 pasti al giorno sicuri, la &hellip; Continua a leggere","og_url":"https:\/\/irprout.it\/?page_id=5628","og_site_name":"Istituto di Ricerca Prout","article_modified_time":"2020-05-10T08:34:39+00:00","og_image":[{"width":479,"height":378,"url":"https:\/\/irprout.it\/wp-content\/uploads\/2020\/05\/scorte-cantina.jpg","type":"image\/jpeg"}],"twitter_misc":{"Tempo di lettura stimato":"5 minuti"},"schema":{"@context":"https:\/\/schema.org","@graph":[{"@type":"WebPage","@id":"https:\/\/irprout.it\/?page_id=5628","url":"https:\/\/irprout.it\/?page_id=5628","name":"KIT PER AFFRONTARE L'EMERGENZA - Istituto di Ricerca Prout","isPartOf":{"@id":"https:\/\/irprout.it\/#website"},"primaryImageOfPage":{"@id":"https:\/\/irprout.it\/?page_id=5628#primaryimage"},"image":{"@id":"https:\/\/irprout.it\/?page_id=5628#primaryimage"},"thumbnailUrl":"https:\/\/irprout.it\/wp-content\/uploads\/2020\/05\/scorte-cantina.jpg","datePublished":"2020-05-05T08:31:02+00:00","dateModified":"2020-05-10T08:34:39+00:00","breadcrumb":{"@id":"https:\/\/irprout.it\/?page_id=5628#breadcrumb"},"inLanguage":"it-IT","potentialAction":[{"@type":"ReadAction","target":["https:\/\/irprout.it\/?page_id=5628"]}]},{"@type":"ImageObject","inLanguage":"it-IT","@id":"https:\/\/irprout.it\/?page_id=5628#primaryimage","url":"https:\/\/irprout.it\/wp-content\/uploads\/2020\/05\/scorte-cantina.jpg","contentUrl":"https:\/\/irprout.it\/wp-content\/uploads\/2020\/05\/scorte-cantina.jpg","width":479,"height":378},{"@type":"BreadcrumbList","@id":"https:\/\/irprout.it\/?page_id=5628#breadcrumb","itemListElement":[{"@type":"ListItem","position":1,"name":"Home","item":"https:\/\/irprout.it\/"},{"@type":"ListItem","position":2,"name":"KIT PER AFFRONTARE L&#8217;EMERGENZA"}]},{"@type":"WebSite","@id":"https:\/\/irprout.it\/#website","url":"https:\/\/irprout.it\/","name":"Istituto di Ricerca Prout","description":"Istituto di Ricerca Prout","publisher":{"@id":"https:\/\/irprout.it\/#organization"},"potentialAction":[{"@type":"SearchAction","target":{"@type":"EntryPoint","urlTemplate":"https:\/\/irprout.it\/?s={search_term_string}"},"query-input":{"@type":"PropertyValueSpecification","valueRequired":true,"valueName":"search_term_string"}}],"inLanguage":"it-IT"},{"@type":"Organization","@id":"https:\/\/irprout.it\/#organization","name":"Istituto di Ricerca Prout","url":"https:\/\/irprout.it\/","logo":{"@type":"ImageObject","inLanguage":"it-IT","@id":"https:\/\/irprout.it\/#\/schema\/logo\/image\/","url":"http:\/\/irprout.it\/wp-content\/uploads\/2014\/10\/logo_IRP_albero300Cor.jpg","contentUrl":"http:\/\/irprout.it\/wp-content\/uploads\/2014\/10\/logo_IRP_albero300Cor.jpg","width":303,"height":304,"caption":"Istituto di Ricerca Prout"},"image":{"@id":"https:\/\/irprout.it\/#\/schema\/logo\/image\/"}}]}},"_links":{"self":[{"href":"https:\/\/irprout.it\/index.php?rest_route=\/wp\/v2\/pages\/5628","targetHints":{"allow":["GET"]}}],"collection":[{"href":"https:\/\/irprout.it\/index.php?rest_route=\/wp\/v2\/pages"}],"about":[{"href":"https:\/\/irprout.it\/index.php?rest_route=\/wp\/v2\/types\/page"}],"author":[{"embeddable":true,"href":"https:\/\/irprout.it\/index.php?rest_route=\/wp\/v2\/users\/3"}],"replies":[{"embeddable":true,"href":"https:\/\/irprout.it\/index.php?rest_route=%2Fwp%2Fv2%2Fcomments&post=5628"}],"version-history":[{"count":13,"href":"https:\/\/irprout.it\/index.php?rest_route=\/wp\/v2\/pages\/5628\/revisions"}],"predecessor-version":[{"id":5631,"href":"https:\/\/irprout.it\/index.php?rest_route=\/wp\/v2\/pages\/5628\/revisions\/5631"}],"wp:featuredmedia":[{"embeddable":true,"href":"https:\/\/irprout.it\/index.php?rest_route=\/wp\/v2\/media\/5678"}],"wp:attachment":[{"href":"https:\/\/irprout.it\/index.php?rest_route=%2Fwp%2Fv2%2Fmedia&parent=5628"}],"curies":[{"name":"wp","href":"https:\/\/api.w.org\/{rel}","templated":true}]}}