{"id":6499,"date":"2022-11-23T12:58:03","date_gmt":"2022-11-23T11:58:03","guid":{"rendered":"http:\/\/irprout.it\/?page_id=6499"},"modified":"2022-11-23T13:54:01","modified_gmt":"2022-11-23T12:54:01","slug":"agricoltura-e-allevamento","status":"publish","type":"page","link":"https:\/\/irprout.it\/?page_id=6499","title":{"rendered":"Agricoltura e Allevamento"},"content":{"rendered":"<div class=\"wpb-content-wrapper\"><p>[vc_row][vc_column][vc_empty_space][\/vc_column][\/vc_row][vc_row][vc_column][vc_custom_heading text=&#8221;Agricoltura e Allevamento&#8221; font_container=&#8221;tag:h1|text_align:left|color:%234f4f4f&#8221; google_fonts=&#8221;font_family:Anton%3Aregular|font_style:400%20regular%3A400%3Anormal&#8221;][\/vc_column][\/vc_row][vc_row][vc_column][vc_separator color=&#8221;green&#8221; style=&#8221;shadow&#8221; border_width=&#8221;2&#8243;][\/vc_column][\/vc_row][vc_row][vc_column width=&#8221;1\/3&#8243;][vc_single_image image=&#8221;6500&#8243; img_size=&#8221;full&#8221; style=&#8221;vc_box_shadow_3d&#8221; onclick=&#8221;custom_link&#8221; link=&#8221;https:\/\/irprout.it\/?page_id=6497&#8243;][\/vc_column][vc_column width=&#8221;2\/3&#8243;][vc_custom_heading text=&#8221;Cooperative Agricole&#8221; font_container=&#8221;tag:h1|text_align:left|color:%231e73be&#8221; google_fonts=&#8221;font_family:Alegreya%20Sans%3A100%2C100italic%2C300%2C300italic%2Cregular%2Citalic%2C500%2C500italic%2C700%2C700italic%2C800%2C800italic%2C900%2C900italic|font_style:700%20bold%20regular%3A700%3Anormal&#8221; link=&#8221;url:http%3A%2F%2Firprout.it%2F%3Fpage_id%3D6497|title:Cooperative%20Agricole&#8221;][vc_column_text]<span style=\"font-family: 'Roboto Condensed', sans-serif;\"><em><span style=\"font-size: 18px;\">Una proposta pratica ed efficace per la rinascita dell\u2019Agricoltura e l\u2019Autosufficienza produttiva in Italia.<br \/>\n<\/span><\/em><\/span>E\u2019 estremamente importante per la sicurezza sociale fornire cibo, vestiario, casa, istruzione e cure mediche. Queste cinque necessit\u00e0 di base sono indispensabili per elevare il tenore di vita della gente. Per garantirle, deve essere adottato il principio di \u2018<em>produzione basata sul consumo<\/em>\u2019.[\/vc_column_text][\/vc_column][\/vc_row][vc_row][vc_column][vc_separator color=&#8221;green&#8221; border_width=&#8221;2&#8243;][\/vc_column][\/vc_row][vc_row][vc_column width=&#8221;1\/3&#8243;][vc_single_image image=&#8221;6462&#8243; img_size=&#8221;full&#8221; style=&#8221;vc_box_shadow_3d&#8221; onclick=&#8221;custom_link&#8221; link=&#8221;https:\/\/irprout.it\/?page_id=6511&#8243;][\/vc_column][vc_column width=&#8221;2\/3&#8243;][vc_custom_heading text=&#8221;Agricoltura Integrata e Autosufficiente&#8221; font_container=&#8221;tag:h1|text_align:left|color:%231e73be&#8221; google_fonts=&#8221;font_family:Alegreya%20Sans%3A100%2C100italic%2C300%2C300italic%2Cregular%2Citalic%2C500%2C500italic%2C700%2C700italic%2C800%2C800italic%2C900%2C900italic|font_style:700%20bold%20regular%3A700%3Anormal&#8221; link=&#8221;url:http%3A%2F%2Firprout.it%2F%3Fpage_id%3D6511|title:Agricoltura%20Integrata%20%E2%80%93%20Salvataggio%20del%20Settore%20Primario&#8221;][vc_column_text]<span style=\"font-family: 'Roboto Condensed', sans-serif;\"><em>A causa della crisi del settore agricolo, parcelizzato e senza pianificazione Sarkar propone una nuova struttura produttiva agricola integrata. Oggi molti agricoltori con 20-30 ettari di terreno non sono pi\u00f9 competitivi e abbandonano le terre. In genere ogni agricoltore si specializza nella produzione di frutta, coltura estensiva, ad esempio. Quando un prodotto non \u00e8 venduto a causa della concorrenza estera o causa di calamit\u00e0 naturali, gli agricoltori subiscono dei danni.<\/em><\/span>[\/vc_column_text][\/vc_column][\/vc_row][vc_row][vc_column][vc_separator color=&#8221;green&#8221; border_width=&#8221;2&#8243;][\/vc_column][\/vc_row][vc_row][vc_column width=&#8221;1\/3&#8243;][vc_single_image image=&#8221;6516&#8243; img_size=&#8221;full&#8221; style=&#8221;vc_box_shadow_3d&#8221; onclick=&#8221;custom_link&#8221; link=&#8221;https:\/\/irprout.it\/?page_id=1121&#8243;][\/vc_column][vc_column width=&#8221;2\/3&#8243;][vc_custom_heading text=&#8221;Riforma Agraria in 5 Mosse&#8221; font_container=&#8221;tag:h1|text_align:left|color:%231e73be&#8221; google_fonts=&#8221;font_family:Alegreya%20Sans%3A100%2C100italic%2C300%2C300italic%2Cregular%2Citalic%2C500%2C500italic%2C700%2C700italic%2C800%2C800italic%2C900%2C900italic|font_style:700%20bold%20regular%3A700%3Anormal&#8221; link=&#8221;url:http%3A%2F%2Firprout.it%2F%3Fpage_id%3D1121|title:Riforma%20Agraria%20in%205%20Mosse&#8221;][vc_column_text]Ad oggi non \u00e8 stata&nbsp;adeguatamente&nbsp;sviluppata la&nbsp;struttura dell\u2019agricoltura.&nbsp;Secondo il PROUT,&nbsp;<strong>all\u2019agricoltura dovrebbe essere attribuito lo status di<\/strong>&nbsp;\u2018<strong>industria<\/strong>\u2018.<br \/>\nNell\u2019industria i costi delle materie prime, il costo del lavoro, gli interessi sui prestiti, gli ammortamenti, i costi di manutenzione, il profitto, il tasso di produttivit\u00e0, ecc., sono fissi e inclusi nel calcolo dei costi. In agricoltura ci\u00f2&nbsp;non \u00e8 stato fatto, cos\u00ec produrre, di solito \u00e8 diventato antieconomico.&nbsp;[\/vc_column_text][\/vc_column][\/vc_row][vc_row][vc_column][vc_separator color=&#8221;green&#8221; border_width=&#8221;2&#8243;][\/vc_column][\/vc_row]<\/p>\n<\/div>","protected":false},"excerpt":{"rendered":"<p>[vc_row][vc_column][vc_empty_space][\/vc_column][\/vc_row][vc_row][vc_column][vc_custom_heading text=&#8221;Agricoltura e Allevamento&#8221; font_container=&#8221;tag:h1|text_align:left|color:%234f4f4f&#8221; google_fonts=&#8221;font_family:Anton%3Aregular|font_style:400%20regular%3A400%3Anormal&#8221;][\/vc_column][\/vc_row][vc_row][vc_column][vc_separator color=&#8221;green&#8221; style=&#8221;shadow&#8221; border_width=&#8221;2&#8243;][\/vc_column][\/vc_row][vc_row][vc_column width=&#8221;1\/3&#8243;][vc_single_image image=&#8221;6500&#8243; img_size=&#8221;full&#8221; style=&#8221;vc_box_shadow_3d&#8221; onclick=&#8221;custom_link&#8221; link=&#8221;https:\/\/irprout.it\/?page_id=6497&#8243;][\/vc_column][vc_column width=&#8221;2\/3&#8243;][vc_custom_heading text=&#8221;Cooperative Agricole&#8221; font_container=&#8221;tag:h1|text_align:left|color:%231e73be&#8221; google_fonts=&#8221;font_family:Alegreya%20Sans%3A100%2C100italic%2C300%2C300italic%2Cregular%2Citalic%2C500%2C500italic%2C700%2C700italic%2C800%2C800italic%2C900%2C900italic|font_style:700%20bold%20regular%3A700%3Anormal&#8221; link=&#8221;url:http%3A%2F%2Firprout.it%2F%3Fpage_id%3D6497|title:Cooperative%20Agricole&#8221;][vc_column_text]Una proposta pratica ed efficace per la rinascita dell\u2019Agricoltura e l\u2019Autosufficienza produttiva in Italia. E\u2019 estremamente importante per la sicurezza sociale fornire cibo, vestiario, casa, istruzione e cure mediche. Queste <span class=\"excerpt-dots\">&hellip;<\/span> <a class=\"more-link\" href=\"https:\/\/irprout.it\/?page_id=6499\"><span class=\"more-msg\">Continua a leggere<\/span><\/a><\/p>\n","protected":false},"author":3,"featured_media":0,"parent":0,"menu_order":0,"comment_status":"closed","ping_status":"closed","template":"","meta":{"ngg_post_thumbnail":0,"footnotes":""},"class_list":["post-6499","page","type-page","status-publish","hentry"],"yoast_head":"<!-- This site is optimized with the Yoast SEO plugin v26.6 - https:\/\/yoast.com\/wordpress\/plugins\/seo\/ -->\n<title>Agricoltura e Allevamento - Istituto di Ricerca Prout<\/title>\n<meta name=\"robots\" content=\"index, follow, max-snippet:-1, max-image-preview:large, max-video-preview:-1\" \/>\n<link rel=\"canonical\" href=\"https:\/\/irprout.it\/?page_id=6499\" \/>\n<meta property=\"og:locale\" content=\"it_IT\" \/>\n<meta property=\"og:type\" content=\"article\" \/>\n<meta property=\"og:title\" content=\"Agricoltura e Allevamento - Istituto di Ricerca Prout\" \/>\n<meta property=\"og:description\" content=\"[vc_row][vc_column][vc_empty_space][\/vc_column][\/vc_row][vc_row][vc_column][vc_custom_heading text=&#8221;Agricoltura e Allevamento&#8221; font_container=&#8221;tag:h1|text_align:left|color:%234f4f4f&#8221; google_fonts=&#8221;font_family:Anton%3Aregular|font_style:400%20regular%3A400%3Anormal&#8221;][\/vc_column][\/vc_row][vc_row][vc_column][vc_separator color=&#8221;green&#8221; style=&#8221;shadow&#8221; border_width=&#8221;2&#8243;][\/vc_column][\/vc_row][vc_row][vc_column width=&#8221;1\/3&#8243;][vc_single_image image=&#8221;6500&#8243; img_size=&#8221;full&#8221; style=&#8221;vc_box_shadow_3d&#8221; onclick=&#8221;custom_link&#8221; link=&#8221;https:\/\/irprout.it\/?page_id=6497&#8243;][\/vc_column][vc_column width=&#8221;2\/3&#8243;][vc_custom_heading text=&#8221;Cooperative Agricole&#8221; font_container=&#8221;tag:h1|text_align:left|color:%231e73be&#8221; google_fonts=&#8221;font_family:Alegreya%20Sans%3A100%2C100italic%2C300%2C300italic%2Cregular%2Citalic%2C500%2C500italic%2C700%2C700italic%2C800%2C800italic%2C900%2C900italic|font_style:700%20bold%20regular%3A700%3Anormal&#8221; link=&#8221;url:http%3A%2F%2Firprout.it%2F%3Fpage_id%3D6497|title:Cooperative%20Agricole&#8221;][vc_column_text]Una proposta pratica ed efficace per la rinascita dell\u2019Agricoltura e l\u2019Autosufficienza produttiva in Italia. E\u2019 estremamente importante per la sicurezza sociale fornire cibo, vestiario, casa, istruzione e cure mediche. Queste &hellip; Continua a leggere\" \/>\n<meta property=\"og:url\" content=\"https:\/\/irprout.it\/?page_id=6499\" \/>\n<meta property=\"og:site_name\" content=\"Istituto di Ricerca Prout\" \/>\n<meta property=\"article:modified_time\" content=\"2022-11-23T12:54:01+00:00\" \/>\n<meta name=\"twitter:label1\" content=\"Tempo di lettura stimato\" \/>\n\t<meta name=\"twitter:data1\" content=\"2 minuti\" \/>\n<script type=\"application\/ld+json\" class=\"yoast-schema-graph\">{\"@context\":\"https:\/\/schema.org\",\"@graph\":[{\"@type\":\"WebPage\",\"@id\":\"https:\/\/irprout.it\/?page_id=6499\",\"url\":\"https:\/\/irprout.it\/?page_id=6499\",\"name\":\"Agricoltura e Allevamento - Istituto di Ricerca Prout\",\"isPartOf\":{\"@id\":\"https:\/\/irprout.it\/#website\"},\"datePublished\":\"2022-11-23T11:58:03+00:00\",\"dateModified\":\"2022-11-23T12:54:01+00:00\",\"breadcrumb\":{\"@id\":\"https:\/\/irprout.it\/?page_id=6499#breadcrumb\"},\"inLanguage\":\"it-IT\",\"potentialAction\":[{\"@type\":\"ReadAction\",\"target\":[\"https:\/\/irprout.it\/?page_id=6499\"]}]},{\"@type\":\"BreadcrumbList\",\"@id\":\"https:\/\/irprout.it\/?page_id=6499#breadcrumb\",\"itemListElement\":[{\"@type\":\"ListItem\",\"position\":1,\"name\":\"Home\",\"item\":\"https:\/\/irprout.it\/\"},{\"@type\":\"ListItem\",\"position\":2,\"name\":\"Agricoltura e Allevamento\"}]},{\"@type\":\"WebSite\",\"@id\":\"https:\/\/irprout.it\/#website\",\"url\":\"https:\/\/irprout.it\/\",\"name\":\"Istituto di Ricerca Prout\",\"description\":\"Istituto di Ricerca Prout\",\"publisher\":{\"@id\":\"https:\/\/irprout.it\/#organization\"},\"potentialAction\":[{\"@type\":\"SearchAction\",\"target\":{\"@type\":\"EntryPoint\",\"urlTemplate\":\"https:\/\/irprout.it\/?s={search_term_string}\"},\"query-input\":{\"@type\":\"PropertyValueSpecification\",\"valueRequired\":true,\"valueName\":\"search_term_string\"}}],\"inLanguage\":\"it-IT\"},{\"@type\":\"Organization\",\"@id\":\"https:\/\/irprout.it\/#organization\",\"name\":\"Istituto di Ricerca Prout\",\"url\":\"https:\/\/irprout.it\/\",\"logo\":{\"@type\":\"ImageObject\",\"inLanguage\":\"it-IT\",\"@id\":\"https:\/\/irprout.it\/#\/schema\/logo\/image\/\",\"url\":\"http:\/\/irprout.it\/wp-content\/uploads\/2014\/10\/logo_IRP_albero300Cor.jpg\",\"contentUrl\":\"http:\/\/irprout.it\/wp-content\/uploads\/2014\/10\/logo_IRP_albero300Cor.jpg\",\"width\":303,\"height\":304,\"caption\":\"Istituto di Ricerca Prout\"},\"image\":{\"@id\":\"https:\/\/irprout.it\/#\/schema\/logo\/image\/\"}}]}<\/script>\n<!-- \/ Yoast SEO plugin. -->","yoast_head_json":{"title":"Agricoltura e Allevamento - Istituto di Ricerca Prout","robots":{"index":"index","follow":"follow","max-snippet":"max-snippet:-1","max-image-preview":"max-image-preview:large","max-video-preview":"max-video-preview:-1"},"canonical":"https:\/\/irprout.it\/?page_id=6499","og_locale":"it_IT","og_type":"article","og_title":"Agricoltura e Allevamento - Istituto di Ricerca Prout","og_description":"[vc_row][vc_column][vc_empty_space][\/vc_column][\/vc_row][vc_row][vc_column][vc_custom_heading text=&#8221;Agricoltura e Allevamento&#8221; font_container=&#8221;tag:h1|text_align:left|color:%234f4f4f&#8221; google_fonts=&#8221;font_family:Anton%3Aregular|font_style:400%20regular%3A400%3Anormal&#8221;][\/vc_column][\/vc_row][vc_row][vc_column][vc_separator color=&#8221;green&#8221; style=&#8221;shadow&#8221; border_width=&#8221;2&#8243;][\/vc_column][\/vc_row][vc_row][vc_column width=&#8221;1\/3&#8243;][vc_single_image image=&#8221;6500&#8243; img_size=&#8221;full&#8221; style=&#8221;vc_box_shadow_3d&#8221; onclick=&#8221;custom_link&#8221; link=&#8221;https:\/\/irprout.it\/?page_id=6497&#8243;][\/vc_column][vc_column width=&#8221;2\/3&#8243;][vc_custom_heading text=&#8221;Cooperative Agricole&#8221; font_container=&#8221;tag:h1|text_align:left|color:%231e73be&#8221; google_fonts=&#8221;font_family:Alegreya%20Sans%3A100%2C100italic%2C300%2C300italic%2Cregular%2Citalic%2C500%2C500italic%2C700%2C700italic%2C800%2C800italic%2C900%2C900italic|font_style:700%20bold%20regular%3A700%3Anormal&#8221; link=&#8221;url:http%3A%2F%2Firprout.it%2F%3Fpage_id%3D6497|title:Cooperative%20Agricole&#8221;][vc_column_text]Una proposta pratica ed efficace per la rinascita dell\u2019Agricoltura e l\u2019Autosufficienza produttiva in Italia. E\u2019 estremamente importante per la sicurezza sociale fornire cibo, vestiario, casa, istruzione e cure mediche. Queste &hellip; Continua a leggere","og_url":"https:\/\/irprout.it\/?page_id=6499","og_site_name":"Istituto di Ricerca Prout","article_modified_time":"2022-11-23T12:54:01+00:00","twitter_misc":{"Tempo di lettura stimato":"2 minuti"},"schema":{"@context":"https:\/\/schema.org","@graph":[{"@type":"WebPage","@id":"https:\/\/irprout.it\/?page_id=6499","url":"https:\/\/irprout.it\/?page_id=6499","name":"Agricoltura e Allevamento - Istituto di Ricerca Prout","isPartOf":{"@id":"https:\/\/irprout.it\/#website"},"datePublished":"2022-11-23T11:58:03+00:00","dateModified":"2022-11-23T12:54:01+00:00","breadcrumb":{"@id":"https:\/\/irprout.it\/?page_id=6499#breadcrumb"},"inLanguage":"it-IT","potentialAction":[{"@type":"ReadAction","target":["https:\/\/irprout.it\/?page_id=6499"]}]},{"@type":"BreadcrumbList","@id":"https:\/\/irprout.it\/?page_id=6499#breadcrumb","itemListElement":[{"@type":"ListItem","position":1,"name":"Home","item":"https:\/\/irprout.it\/"},{"@type":"ListItem","position":2,"name":"Agricoltura e Allevamento"}]},{"@type":"WebSite","@id":"https:\/\/irprout.it\/#website","url":"https:\/\/irprout.it\/","name":"Istituto di Ricerca Prout","description":"Istituto di Ricerca Prout","publisher":{"@id":"https:\/\/irprout.it\/#organization"},"potentialAction":[{"@type":"SearchAction","target":{"@type":"EntryPoint","urlTemplate":"https:\/\/irprout.it\/?s={search_term_string}"},"query-input":{"@type":"PropertyValueSpecification","valueRequired":true,"valueName":"search_term_string"}}],"inLanguage":"it-IT"},{"@type":"Organization","@id":"https:\/\/irprout.it\/#organization","name":"Istituto di Ricerca Prout","url":"https:\/\/irprout.it\/","logo":{"@type":"ImageObject","inLanguage":"it-IT","@id":"https:\/\/irprout.it\/#\/schema\/logo\/image\/","url":"http:\/\/irprout.it\/wp-content\/uploads\/2014\/10\/logo_IRP_albero300Cor.jpg","contentUrl":"http:\/\/irprout.it\/wp-content\/uploads\/2014\/10\/logo_IRP_albero300Cor.jpg","width":303,"height":304,"caption":"Istituto di Ricerca Prout"},"image":{"@id":"https:\/\/irprout.it\/#\/schema\/logo\/image\/"}}]}},"_links":{"self":[{"href":"https:\/\/irprout.it\/index.php?rest_route=\/wp\/v2\/pages\/6499","targetHints":{"allow":["GET"]}}],"collection":[{"href":"https:\/\/irprout.it\/index.php?rest_route=\/wp\/v2\/pages"}],"about":[{"href":"https:\/\/irprout.it\/index.php?rest_route=\/wp\/v2\/types\/page"}],"author":[{"embeddable":true,"href":"https:\/\/irprout.it\/index.php?rest_route=\/wp\/v2\/users\/3"}],"replies":[{"embeddable":true,"href":"https:\/\/irprout.it\/index.php?rest_route=%2Fwp%2Fv2%2Fcomments&post=6499"}],"version-history":[{"count":15,"href":"https:\/\/irprout.it\/index.php?rest_route=\/wp\/v2\/pages\/6499\/revisions"}],"predecessor-version":[{"id":6521,"href":"https:\/\/irprout.it\/index.php?rest_route=\/wp\/v2\/pages\/6499\/revisions\/6521"}],"wp:attachment":[{"href":"https:\/\/irprout.it\/index.php?rest_route=%2Fwp%2Fv2%2Fmedia&parent=6499"}],"curies":[{"name":"wp","href":"https:\/\/api.w.org\/{rel}","templated":true}]}}