{"id":655,"date":"2014-10-18T22:46:36","date_gmt":"2014-10-18T22:46:36","guid":{"rendered":"http:\/\/irprout.it\/?page_id=655"},"modified":"2015-03-07T18:38:13","modified_gmt":"2015-03-07T17:38:13","slug":"sistema-produttivo-tripolare","status":"publish","type":"page","link":"https:\/\/irprout.it\/?page_id=655","title":{"rendered":"SISTEMA PRODUTTIVO TRIPOLARE"},"content":{"rendered":"<p><strong><span style=\"color: #ffffff; font-size: 28pt; font-family: arial, helvetica, sans-serif; background-color: #ff6600;\">\u00a0aziende pubbliche, cooperative, private\u00a0<\/span><\/strong><\/p>\n<p>&nbsp;<\/p>\n<p><span style=\"font-size: 16pt; font-family: arial, helvetica, sans-serif; color: #000000; background-color: #99cc00;\">Il <strong>sistema produttivo PROUT<\/strong>, definisce l&#8217;ambito di competenza dei tre attori principali della vita economica: Governo o Amministrazione Locale, Cooperative e Aziende Private.<\/span><\/p>\n<p>&nbsp;<\/p>\n<p><img decoding=\"async\" class=\"alignleft size-full wp-image-656 lazyload\" data-src=\"https:\/\/irprout.it\/wp-content\/uploads\/2014\/10\/PROD-TRIPOLARE.jpg\" alt=\"PROD-TRIPOLARE\" width=\"700\" height=\"218\" data-srcset=\"https:\/\/irprout.it\/wp-content\/uploads\/2014\/10\/PROD-TRIPOLARE.jpg 700w, https:\/\/irprout.it\/wp-content\/uploads\/2014\/10\/PROD-TRIPOLARE-300x93.jpg 300w, https:\/\/irprout.it\/wp-content\/uploads\/2014\/10\/PROD-TRIPOLARE-500x155.jpg 500w\" data-sizes=\"(max-width: 700px) 100vw, 700px\" src=\"data:image\/svg+xml;base64,PHN2ZyB3aWR0aD0iMSIgaGVpZ2h0PSIxIiB4bWxucz0iaHR0cDovL3d3dy53My5vcmcvMjAwMC9zdmciPjwvc3ZnPg==\" style=\"--smush-placeholder-width: 700px; --smush-placeholder-aspect-ratio: 700\/218;\" \/><\/p>\n<p><span style=\"font-size: 16pt; font-family: arial, helvetica, sans-serif; color: #ffffff; background-color: #ff6600;\">\u00a0Situazione attuale\u00a0<\/span><\/p>\n<p><em>A differenza del <strong>Liberismo<\/strong> che sostiene la <strong>sparizione dello Stato dalla scena economica<\/strong>, il\u00a0PROUT prevede un&#8217;equilibrata e razionale suddivisione dei ruoli.\u00a0<strong>Dopo la crisi del 1929, infatti lo stato interviene pesantemente nell&#8217;economia per risollevarne le sorti<\/strong>.\u00a0Persegue anche fini economico sociali, che mirano ad assicurare uno sviluppo economico pi\u00f9 equilibrato e ad assicurare una maggiore giustizia sociale.<\/em><\/p>\n<ul>\n<li><em>Garantisce i servizi Istituzionali (Scuola, Sanit\u00e0&#8230;)<\/em><\/li>\n<li><em>Assicura le infrastrutture (Strade,\u00a0Ferrovie&#8230;)<\/em><\/li>\n<\/ul>\n<p><em><strong>Oggi si \u00e8 tornati ad un liberismo estremista, decretando la morte dello Stato Sociale<\/strong>, il &#8216;Welfare State&#8217;,\u00a0caratteristica dei moderni stati di diritto che si fonda sul principio di uguaglianza. Non si pu\u00f2 tornare certamente a tale Stato\u00a0Sociale, perch\u00e9 figlio\u00a0della cultura capitalistica che prevede, fondamentalmente, una seppur piccola percentuale di poveri per autosostenersi.<\/em><\/p>\n<p><em>Vi\u00a0\u00e8 infatti, ancora molta incertezza sull&#8217;assegnazione\u00a0dei rispettivi ruoli, e in molti casi essi si accavallano tra Stato, Regioni, Provincie e Comuni, come descritto nella Costituzione.<\/em><\/p>\n<p><span style=\"color: #ffffff; font-size: 16pt; font-family: arial, helvetica, sans-serif; background-color: #ff6600;\">\u00a0Sistema di <strong>Produzione Proutista\u00a0<\/strong><\/span><\/p>\n<p>Nel Sistema di <strong>Produzione Proutista<\/strong> vengono definiti in modo chiaro, e il contributo dei tre settori \u00e8 complementare e sinergico.<\/p>\n<p style=\"padding-left: 30px;\"><span style=\"color: #000000; font-size: 14pt; font-family: arial, helvetica, sans-serif; background-color: #99cc00;\"><strong>\u00a0LO STATO o Amministrazioni Pubbliche\u00a0<\/strong><\/span><br \/>\nGestiscono la produzione di materie prime e loro distribuzione (<strong>Aziende CHIAVE<\/strong>).<\/p>\n<p style=\"padding-left: 30px;\"><span style=\"color: #008000;\"><span style=\"color: #000000; font-size: 14pt; font-family: arial, helvetica, sans-serif; background-color: #99cc00;\"><strong>\u00a0COOPERATIVE\u00a0<\/strong><\/span><br \/>\n<\/span>Gestiscono produzione, distribuzione e servizi che garantiscono le necessit\u00e0 di base elencate.<\/p>\n<p style=\"padding-left: 30px;\"><span style=\"color: #993300;\"><span style=\"color: #000000; font-size: 14pt; font-family: arial, helvetica, sans-serif; background-color: #99cc00;\"><strong>\u00a0PRIVATI\u00a0<\/strong><\/span><br \/>\n<\/span>Gestiscono piccole attivit\u00e0 di produzione, distribuzione e servizi non essenziali o di lusso.<\/p>\n<p>&nbsp;<\/p>\n<p><a href=\"https:\/\/irprout.it\/wp-content\/uploads\/2014\/10\/aziende_tripolari_p2.jpg\"><img decoding=\"async\" class=\"aligncenter size-full wp-image-1351 lazyload\" data-src=\"https:\/\/irprout.it\/wp-content\/uploads\/2014\/10\/aziende_tripolari_p2.jpg\" alt=\"aziende_tripolari_p2\" width=\"650\" height=\"405\" data-srcset=\"https:\/\/irprout.it\/wp-content\/uploads\/2014\/10\/aziende_tripolari_p2.jpg 650w, https:\/\/irprout.it\/wp-content\/uploads\/2014\/10\/aziende_tripolari_p2-300x186.jpg 300w, https:\/\/irprout.it\/wp-content\/uploads\/2014\/10\/aziende_tripolari_p2-481x300.jpg 481w\" data-sizes=\"(max-width: 650px) 100vw, 650px\" src=\"data:image\/svg+xml;base64,PHN2ZyB3aWR0aD0iMSIgaGVpZ2h0PSIxIiB4bWxucz0iaHR0cDovL3d3dy53My5vcmcvMjAwMC9zdmciPjwvc3ZnPg==\" style=\"--smush-placeholder-width: 650px; --smush-placeholder-aspect-ratio: 650\/405;\" \/><\/a><\/p>\n<hr \/>\n<p><span style=\"color: #000000; font-size: 14pt; font-family: arial, helvetica, sans-serif; background-color: #99cc00;\"><strong>\u00a0Questo sistema viene definito da Sarkar &#8220;TRIPOLARE&#8221;\u00a0<\/strong><\/span><\/p>\n<p><strong><span style=\"color: #000000; background-color: #99cc00;\">Le Multiutilities. <\/span>L&#8217;Amministrazione Locale oggi gestisce oggi LUCE, ACQUA, GAS, SMALTIMENTO dei MATERIALI POST CONSUMO<\/strong>. Il PROUT aggiunge altre aziende di produzione di materie prime come ACCIAIERIE, FILATI, ESTRAZIONE.\u00a0Per diversi motivi tra i quali il controllo del livello dei prezzi, dell&#8217;inflazione e l&#8217;organizzazione della produzione locale. Infatti le aziende pubbliche potrebbero diventare il volano dello sviluppo locale e funzioneranno secondo il PROUT con il sistema di <strong><span style=\"color: #993300;\">&#8220;n\u00e9 perdita, n\u00e9 profitto&#8221;<\/span><\/strong><span style=\"color: #993300;\"><span style=\"color: #000000;\">, per tenere bassi i livelli dei prezzi. Infatti se l&#8217;azienda fosse privata e aumentasse il prezzo del ferro per motivi anche aleatori o di mero profitto, sarebbero moltissime le attivit\u00e0 produttive dell&#8217;indotto che utilizzano il ferro, coinvolte nell&#8217;aumento dei prezzi: metalmeccaniche, ferramenta, di precisione, automobilistiche, edilizia, trasporti, etc., creando problemi di inflazione e di conseguenza per il potere di acquisto dei cittadini.<\/span><\/span><\/p>\n<p><strong>Le Cooperative.<\/strong>\u00a0In coerenza col il concetto di Democrazia Economica, le Coop fungono da spina dorsale del sistema produttivo. La gestione collettiva, realizzata dalle persone che vi lavorano, pu\u00f2 essere spinta fino ad organizzare Agricoltura, Industria, Commercio, Servizi. Le persone &#8211; afferma Sarkar &#8211; \u00e8 bene che si organizzino e risolvano i propri problemi collettivamente. Alle Coop sono riservate le produzioni e distribuzione dei beni e prodotti che formano il paniere delle necessit\u00e0 basilari per la popolazione: Alimenti, Vestiario, Edilizia, Servizi alla Sanit\u00e0, Educazione, Trasporti, Comunicazioni, Irrigazione.<\/p>\n<p><strong>Privati:<\/strong> ai privati \u00e8 lasciata la gestione di beni e servizi non essenziali, perch\u00e9 l&#8217;assillante necessit\u00e0 del profitto non vada ad incidere sull&#8217;approvvigionamento delle necessit\u00e0 basilari alla popolazione. Quindi Hotel, Ristoranti, Officine Meccaniche, etc. saranno di loro competenza. Non solo anche i beni di lusso rientrano nella loro attivit\u00e0, per gli stessi motivi.<\/p>\n<p><span style=\"font-size: 14pt; font-family: arial, helvetica, sans-serif; color: #000000; background-color: #99cc00;\"><strong>Il sistema produttivo TRIPOLARE sar\u00e0 coordinato<\/strong>, nel senso che il settore pubblico fornir\u00e0 le materie prime (ad esempio filati) alla cooperative, per la produzione e distribuzione dei prodotti finiti (vestiario). Ai privati vengono lasciati\u00a0i servizi secondari, per non dare modo di creare scarsit\u00e0 artificiale, di gonfiare i prezzi dei prodotti in caso di\u00a0scarsit\u00e0 naturale, etc.<\/span><\/p>\n<p>Ci\u00f2 salvaguarda il diritto fondamentale all&#8217;esistenza, diritto di nascita di ogni essere vivente, e chiarisce definitivamente i rispettivi ruoli, contraddicendo sia liberismo, sia lo statalismo.<\/p>\n<p>&nbsp;<\/p>\n<p>&nbsp;<\/p>\n","protected":false},"excerpt":{"rendered":"<p>\u00a0aziende pubbliche, cooperative, private\u00a0 &nbsp; Il sistema produttivo PROUT, definisce l&#8217;ambito di competenza dei tre attori principali della vita economica: Governo o Amministrazione Locale, Cooperative e Aziende Private. &nbsp; \u00a0Situazione attuale\u00a0 A differenza del Liberismo che sostiene la sparizione dello Stato dalla scena economica, il\u00a0PROUT prevede un&#8217;equilibrata e razionale suddivisione <span class=\"excerpt-dots\">&hellip;<\/span> <a class=\"more-link\" href=\"https:\/\/irprout.it\/?page_id=655\"><span class=\"more-msg\">Continua a leggere<\/span><\/a><\/p>\n","protected":false},"author":3,"featured_media":0,"parent":41,"menu_order":0,"comment_status":"closed","ping_status":"closed","template":"","meta":{"ngg_post_thumbnail":0,"footnotes":""},"class_list":["post-655","page","type-page","status-publish","hentry"],"yoast_head":"<!-- This site is optimized with the Yoast SEO plugin v26.6 - https:\/\/yoast.com\/wordpress\/plugins\/seo\/ -->\n<title>SISTEMA PRODUTTIVO TRIPOLARE - Istituto di Ricerca Prout<\/title>\n<meta name=\"robots\" content=\"index, follow, max-snippet:-1, max-image-preview:large, max-video-preview:-1\" \/>\n<link rel=\"canonical\" href=\"https:\/\/irprout.it\/?page_id=655\" \/>\n<meta property=\"og:locale\" content=\"it_IT\" \/>\n<meta property=\"og:type\" content=\"article\" \/>\n<meta property=\"og:title\" content=\"SISTEMA PRODUTTIVO TRIPOLARE - Istituto di Ricerca Prout\" \/>\n<meta property=\"og:description\" content=\"\u00a0aziende pubbliche, cooperative, private\u00a0 &nbsp; Il sistema produttivo PROUT, definisce l&#8217;ambito di competenza dei tre attori principali della vita economica: Governo o Amministrazione Locale, Cooperative e Aziende Private. &nbsp; \u00a0Situazione attuale\u00a0 A differenza del Liberismo che sostiene la sparizione dello Stato dalla scena economica, il\u00a0PROUT prevede un&#8217;equilibrata e razionale suddivisione &hellip; Continua a leggere\" \/>\n<meta property=\"og:url\" content=\"https:\/\/irprout.it\/?page_id=655\" \/>\n<meta property=\"og:site_name\" content=\"Istituto di Ricerca Prout\" \/>\n<meta property=\"article:modified_time\" content=\"2015-03-07T17:38:13+00:00\" \/>\n<meta property=\"og:image\" content=\"http:\/\/irprout.it\/wp-content\/uploads\/2014\/10\/PROD-TRIPOLARE.jpg\" \/>\n<meta name=\"twitter:label1\" content=\"Tempo di lettura stimato\" \/>\n\t<meta name=\"twitter:data1\" content=\"3 minuti\" \/>\n<script type=\"application\/ld+json\" class=\"yoast-schema-graph\">{\"@context\":\"https:\/\/schema.org\",\"@graph\":[{\"@type\":\"WebPage\",\"@id\":\"https:\/\/irprout.it\/?page_id=655\",\"url\":\"https:\/\/irprout.it\/?page_id=655\",\"name\":\"SISTEMA PRODUTTIVO TRIPOLARE - Istituto di Ricerca Prout\",\"isPartOf\":{\"@id\":\"https:\/\/irprout.it\/#website\"},\"primaryImageOfPage\":{\"@id\":\"https:\/\/irprout.it\/?page_id=655#primaryimage\"},\"image\":{\"@id\":\"https:\/\/irprout.it\/?page_id=655#primaryimage\"},\"thumbnailUrl\":\"http:\/\/irprout.it\/wp-content\/uploads\/2014\/10\/PROD-TRIPOLARE.jpg\",\"datePublished\":\"2014-10-18T22:46:36+00:00\",\"dateModified\":\"2015-03-07T17:38:13+00:00\",\"breadcrumb\":{\"@id\":\"https:\/\/irprout.it\/?page_id=655#breadcrumb\"},\"inLanguage\":\"it-IT\",\"potentialAction\":[{\"@type\":\"ReadAction\",\"target\":[\"https:\/\/irprout.it\/?page_id=655\"]}]},{\"@type\":\"ImageObject\",\"inLanguage\":\"it-IT\",\"@id\":\"https:\/\/irprout.it\/?page_id=655#primaryimage\",\"url\":\"https:\/\/irprout.it\/wp-content\/uploads\/2014\/10\/PROD-TRIPOLARE.jpg\",\"contentUrl\":\"https:\/\/irprout.it\/wp-content\/uploads\/2014\/10\/PROD-TRIPOLARE.jpg\",\"width\":700,\"height\":218},{\"@type\":\"BreadcrumbList\",\"@id\":\"https:\/\/irprout.it\/?page_id=655#breadcrumb\",\"itemListElement\":[{\"@type\":\"ListItem\",\"position\":1,\"name\":\"Home\",\"item\":\"https:\/\/irprout.it\/\"},{\"@type\":\"ListItem\",\"position\":2,\"name\":\"TEMI\",\"item\":\"https:\/\/irprout.it\/?page_id=119\"},{\"@type\":\"ListItem\",\"position\":3,\"name\":\"PROUT: SISTEMA ECONOMICO INTEGRATO\",\"item\":\"https:\/\/irprout.it\/?page_id=41\"},{\"@type\":\"ListItem\",\"position\":4,\"name\":\"SISTEMA PRODUTTIVO TRIPOLARE\"}]},{\"@type\":\"WebSite\",\"@id\":\"https:\/\/irprout.it\/#website\",\"url\":\"https:\/\/irprout.it\/\",\"name\":\"Istituto di Ricerca Prout\",\"description\":\"Istituto di Ricerca Prout\",\"publisher\":{\"@id\":\"https:\/\/irprout.it\/#organization\"},\"potentialAction\":[{\"@type\":\"SearchAction\",\"target\":{\"@type\":\"EntryPoint\",\"urlTemplate\":\"https:\/\/irprout.it\/?s={search_term_string}\"},\"query-input\":{\"@type\":\"PropertyValueSpecification\",\"valueRequired\":true,\"valueName\":\"search_term_string\"}}],\"inLanguage\":\"it-IT\"},{\"@type\":\"Organization\",\"@id\":\"https:\/\/irprout.it\/#organization\",\"name\":\"Istituto di Ricerca Prout\",\"url\":\"https:\/\/irprout.it\/\",\"logo\":{\"@type\":\"ImageObject\",\"inLanguage\":\"it-IT\",\"@id\":\"https:\/\/irprout.it\/#\/schema\/logo\/image\/\",\"url\":\"http:\/\/irprout.it\/wp-content\/uploads\/2014\/10\/logo_IRP_albero300Cor.jpg\",\"contentUrl\":\"http:\/\/irprout.it\/wp-content\/uploads\/2014\/10\/logo_IRP_albero300Cor.jpg\",\"width\":303,\"height\":304,\"caption\":\"Istituto di Ricerca Prout\"},\"image\":{\"@id\":\"https:\/\/irprout.it\/#\/schema\/logo\/image\/\"}}]}<\/script>\n<!-- \/ Yoast SEO plugin. -->","yoast_head_json":{"title":"SISTEMA PRODUTTIVO TRIPOLARE - Istituto di Ricerca Prout","robots":{"index":"index","follow":"follow","max-snippet":"max-snippet:-1","max-image-preview":"max-image-preview:large","max-video-preview":"max-video-preview:-1"},"canonical":"https:\/\/irprout.it\/?page_id=655","og_locale":"it_IT","og_type":"article","og_title":"SISTEMA PRODUTTIVO TRIPOLARE - Istituto di Ricerca Prout","og_description":"\u00a0aziende pubbliche, cooperative, private\u00a0 &nbsp; Il sistema produttivo PROUT, definisce l&#8217;ambito di competenza dei tre attori principali della vita economica: Governo o Amministrazione Locale, Cooperative e Aziende Private. &nbsp; \u00a0Situazione attuale\u00a0 A differenza del Liberismo che sostiene la sparizione dello Stato dalla scena economica, il\u00a0PROUT prevede un&#8217;equilibrata e razionale suddivisione &hellip; Continua a leggere","og_url":"https:\/\/irprout.it\/?page_id=655","og_site_name":"Istituto di Ricerca Prout","article_modified_time":"2015-03-07T17:38:13+00:00","og_image":[{"url":"http:\/\/irprout.it\/wp-content\/uploads\/2014\/10\/PROD-TRIPOLARE.jpg","type":"","width":"","height":""}],"twitter_misc":{"Tempo di lettura stimato":"3 minuti"},"schema":{"@context":"https:\/\/schema.org","@graph":[{"@type":"WebPage","@id":"https:\/\/irprout.it\/?page_id=655","url":"https:\/\/irprout.it\/?page_id=655","name":"SISTEMA PRODUTTIVO TRIPOLARE - Istituto di Ricerca Prout","isPartOf":{"@id":"https:\/\/irprout.it\/#website"},"primaryImageOfPage":{"@id":"https:\/\/irprout.it\/?page_id=655#primaryimage"},"image":{"@id":"https:\/\/irprout.it\/?page_id=655#primaryimage"},"thumbnailUrl":"http:\/\/irprout.it\/wp-content\/uploads\/2014\/10\/PROD-TRIPOLARE.jpg","datePublished":"2014-10-18T22:46:36+00:00","dateModified":"2015-03-07T17:38:13+00:00","breadcrumb":{"@id":"https:\/\/irprout.it\/?page_id=655#breadcrumb"},"inLanguage":"it-IT","potentialAction":[{"@type":"ReadAction","target":["https:\/\/irprout.it\/?page_id=655"]}]},{"@type":"ImageObject","inLanguage":"it-IT","@id":"https:\/\/irprout.it\/?page_id=655#primaryimage","url":"https:\/\/irprout.it\/wp-content\/uploads\/2014\/10\/PROD-TRIPOLARE.jpg","contentUrl":"https:\/\/irprout.it\/wp-content\/uploads\/2014\/10\/PROD-TRIPOLARE.jpg","width":700,"height":218},{"@type":"BreadcrumbList","@id":"https:\/\/irprout.it\/?page_id=655#breadcrumb","itemListElement":[{"@type":"ListItem","position":1,"name":"Home","item":"https:\/\/irprout.it\/"},{"@type":"ListItem","position":2,"name":"TEMI","item":"https:\/\/irprout.it\/?page_id=119"},{"@type":"ListItem","position":3,"name":"PROUT: SISTEMA ECONOMICO INTEGRATO","item":"https:\/\/irprout.it\/?page_id=41"},{"@type":"ListItem","position":4,"name":"SISTEMA PRODUTTIVO TRIPOLARE"}]},{"@type":"WebSite","@id":"https:\/\/irprout.it\/#website","url":"https:\/\/irprout.it\/","name":"Istituto di Ricerca Prout","description":"Istituto di Ricerca Prout","publisher":{"@id":"https:\/\/irprout.it\/#organization"},"potentialAction":[{"@type":"SearchAction","target":{"@type":"EntryPoint","urlTemplate":"https:\/\/irprout.it\/?s={search_term_string}"},"query-input":{"@type":"PropertyValueSpecification","valueRequired":true,"valueName":"search_term_string"}}],"inLanguage":"it-IT"},{"@type":"Organization","@id":"https:\/\/irprout.it\/#organization","name":"Istituto di Ricerca Prout","url":"https:\/\/irprout.it\/","logo":{"@type":"ImageObject","inLanguage":"it-IT","@id":"https:\/\/irprout.it\/#\/schema\/logo\/image\/","url":"http:\/\/irprout.it\/wp-content\/uploads\/2014\/10\/logo_IRP_albero300Cor.jpg","contentUrl":"http:\/\/irprout.it\/wp-content\/uploads\/2014\/10\/logo_IRP_albero300Cor.jpg","width":303,"height":304,"caption":"Istituto di Ricerca Prout"},"image":{"@id":"https:\/\/irprout.it\/#\/schema\/logo\/image\/"}}]}},"_links":{"self":[{"href":"https:\/\/irprout.it\/index.php?rest_route=\/wp\/v2\/pages\/655","targetHints":{"allow":["GET"]}}],"collection":[{"href":"https:\/\/irprout.it\/index.php?rest_route=\/wp\/v2\/pages"}],"about":[{"href":"https:\/\/irprout.it\/index.php?rest_route=\/wp\/v2\/types\/page"}],"author":[{"embeddable":true,"href":"https:\/\/irprout.it\/index.php?rest_route=\/wp\/v2\/users\/3"}],"replies":[{"embeddable":true,"href":"https:\/\/irprout.it\/index.php?rest_route=%2Fwp%2Fv2%2Fcomments&post=655"}],"version-history":[{"count":32,"href":"https:\/\/irprout.it\/index.php?rest_route=\/wp\/v2\/pages\/655\/revisions"}],"predecessor-version":[{"id":2863,"href":"https:\/\/irprout.it\/index.php?rest_route=\/wp\/v2\/pages\/655\/revisions\/2863"}],"up":[{"embeddable":true,"href":"https:\/\/irprout.it\/index.php?rest_route=\/wp\/v2\/pages\/41"}],"wp:attachment":[{"href":"https:\/\/irprout.it\/index.php?rest_route=%2Fwp%2Fv2%2Fmedia&parent=655"}],"curies":[{"name":"wp","href":"https:\/\/api.w.org\/{rel}","templated":true}]}}