{"id":7449,"date":"2026-01-06T12:06:24","date_gmt":"2026-01-06T11:06:24","guid":{"rendered":"https:\/\/irprout.it\/?page_id=7449"},"modified":"2026-01-14T18:15:15","modified_gmt":"2026-01-14T17:15:15","slug":"7449-2","status":"publish","type":"page","link":"https:\/\/irprout.it\/?page_id=7449","title":{"rendered":"Sovranit\u00e0 Alimentare: Autosufficienza Economica vs Autarchia"},"content":{"rendered":"<div class=\"wpb-content-wrapper\"><p>[vc_row][vc_column][vc_single_image image=&#8221;7455&#8243; img_size=&#8221;full&#8221; css=&#8221;&#8221;][\/vc_column][\/vc_row][vc_row][vc_column][vc_custom_heading text=&#8221;Sovranit\u00e0 alimentare: Autosufficienza economica vs Autarchia&#8221; font_container=&#8221;tag:h1|text_align:left|color:%230F4D83&#8243; google_fonts=&#8221;font_family:Anton%3Aregular|font_style:400%20regular%3A400%3Anormal&#8221; css=&#8221;.vc_custom_1768403316111{padding-left: 15px !important;}&#8221;][\/vc_column][\/vc_row][vc_row][vc_column][vc_column_text css=&#8221;.vc_custom_1768410883757{margin-top: -10px !important;padding-left: 15px !important;}&#8221;]<em>Quali misure economiche, per rendere questo diritto una realt\u00e0 in ogni Paese<\/em><br \/>\n<span style=\"font-size: 8pt;\"><em>di Tarcisio Bonotto \u2013 Istituto di Ricerca PROUT \u2013 05\/01\/2026<\/em><\/span>[\/vc_column_text][\/vc_column][\/vc_row][vc_row][vc_column css=&#8221;.vc_custom_1767698002978{padding-right: 15px !important;padding-left: 15px !important;}&#8221;][vc_column_text css=&#8221;.vc_custom_1767698076914{margin-top: -15px !important;padding-top: 10px !important;padding-right: 15px !important;padding-bottom: 10px !important;padding-left: 15px !important;background-color: #F0EEEE !important;}&#8221;]<span style=\"font-family: 'Barlow Condensed'; font-size: 14pt;\">Abbiamo il Ministero dell\u2019Agricoltura, della Sovranit\u00e0 Alimentare e delle Foreste. Mentre \u00e8 chiaro il significato di Agricoltura e Foreste i termini di Sovranit\u00e0 Alimentare devono essere spiegati.<\/span><br \/>\n<span style=\"font-family: 'Barlow Condensed'; font-size: 14pt;\"><strong>La SOVRANIT\u00c0 ALIMENTARE \u00e8 il&nbsp;diritto dei popoli di definire le proprie politiche agricole e alimentari, scegliendo come produrre, distribuire e consumare il cibo, mettendo al centro bisogni umani e sostenibilit\u00e0 ambientale, anzich\u00e9 gli interessi di mercato e delle grandi imprese.&nbsp;<\/strong><\/span><br \/>\n<span style=\"color: #1551ab; font-family: 'Barlow Condensed'; font-size: 14pt;\">Quindi \u00e8 un <strong>diritto, <\/strong>ma<strong> si sa ogni diritto abbisogna di strutture e politiche economiche che lo rendano applicabile.<\/strong><\/span>[\/vc_column_text][\/vc_column][\/vc_row][vc_row][vc_column][vc_empty_space height=&#8221;15&#8243;][\/vc_column][\/vc_row][vc_row][vc_column][vc_custom_heading text=&#8221;Come applicare un diritto in Economia&#8221; font_container=&#8221;tag:h3|text_align:left|color:%230F4D83&#8243; google_fonts=&#8221;font_family:Alegreya%20Sans%3A100%2C100italic%2C300%2C300italic%2Cregular%2Citalic%2C500%2C500italic%2C700%2C700italic%2C800%2C800italic%2C900%2C900italic|font_style:700%20bold%20regular%3A700%3Anormal&#8221; css=&#8221;.vc_custom_1767698130547{background-color: #F7E06C !important;}&#8221;][\/vc_column][\/vc_row][vc_row][vc_column][vc_column_text css=&#8221;&#8221;]Come dare potere ai produttori locali contrastando il potere delle multinazionali e dei grandi conglomerati economici? <strong>In pratica quali sono gli strumenti economici per realizzare tale diritto sul duro terreno della vita quotidiana di un Paese?<\/strong><\/p>\n<p>L\u2019obiettivo di \u201c<strong>AUTOSUFFICIENZA ECONOMICA<\/strong>\u201d, per ogni Paese, potrebbe esserne la via maestra. Infatti si possono proteggere le produzioni locali dal <strong>dumping, da scarsit\u00e0 artificiale, dalla dipendenza economica e possibili ricatti di altri paesi, si pu\u00f2 realizzare la piena occupazione, prevenire la migrazione giovanile<\/strong>, etc. In effetti quando il livello di vita \u00e8 molto diverso da paese a paese, ad esempio un salario di 1200\u20ac in Italia e 600\u20ac in Brasile, il costo del lavoro \u00e8 basso, i prodotti brasiliani fanno una concorrenza sleale ai prodotti italiani. Da qui la necessit\u00e0 dei Dazi. Ma il trattato MERCOSUR ha eliminato questa protezione.&nbsp;<\/p>\n<p>Il concetto di Autosufficienza Economica fa saltare sulla sedia i liberisti puri, agli antiprotezionisti e fanno storcere il naso a quelli ancora un po\u2019 di sinistra. Il perch\u00e9 \u00e8 presto detto.<\/p>\n<p><strong>Nel primo caso<\/strong> la liberalizzazione dei mercati \u00e8 il mantra preferito dai capitalisti che vedono, con l\u2019<strong>Autosufficienza Economica<\/strong>, molte limitazioni alle loro scorribande in giro per il mondo alla ricerca del prezzo pi\u00f9 basso dei prodotti e vendita al prezzo pi\u00f9 alto ovunque.<\/p>\n<p>In secondo luogo l\u2019idea stessa di <strong>autosufficienza<\/strong> fa tornare alla mente il sistema economico adottato nel periodo fascista in Italia: l\u2019<strong>Autarchia<\/strong>.[\/vc_column_text][\/vc_column][\/vc_row][vc_row][vc_column][vc_custom_heading text=&#8221;Chiariamo i termini.&#8221; font_container=&#8221;tag:h3|text_align:left|color:%230F4D83&#8243; google_fonts=&#8221;font_family:Alegreya%20Sans%3A100%2C100italic%2C300%2C300italic%2Cregular%2Citalic%2C500%2C500italic%2C700%2C700italic%2C800%2C800italic%2C900%2C900italic|font_style:700%20bold%20regular%3A700%3Anormal&#8221; css=&#8221;.vc_custom_1767698222092{background-color: #F7E06C !important;}&#8221;][\/vc_column][\/vc_row][vc_row][vc_column][vc_column_text css=&#8221;&#8221;]<span style=\"color: #ff0000;\"><strong>AUTOSUFFICIENZA ECONOMICA<\/strong><\/span>&nbsp;indica un obiettivo di ampio respiro in economia: <strong>potersi mantenere senza dipendere eccessivamente dall&#8217;esterno<\/strong>, anche senza escludere del tutto gli scambi, concentrandosi sulla capacit\u00e0 di provvedere alle proprie necessit\u00e0 materiali e spirituali.&nbsp;<\/p>\n<p>Ci\u00f2 presuppone la presenza di misure quali la difesa dei prodotti interni rispetto alle importazioni, ad esempio con la politica di \u201cConsumiamo prima il prodotto locale e poi importiamo\u201d<\/p>\n<p>L\u2019<span style=\"color: #ff0000;\"><strong>AUTARCHIA<\/strong><\/span>&nbsp;(Dal greco&nbsp;<em>autarkh\u00eda<\/em>, composto di&nbsp;<em>auto-<\/em>&nbsp;e del tema di&nbsp;<em>\u00e1rkh\u014d<\/em>&nbsp;\u2018comando\u2019) <strong>implica un isolamento pi\u00f9&nbsp;assoluto, una chiusura totale al commercio internazionale (economia chiusa), spesso perseguita politicamente<\/strong>.<\/p>\n<p><strong><span style=\"color: #ff0000;\">Autarchia<\/span>&nbsp;<\/strong><\/p>\n<ul>\n<li><strong>Definizione<\/strong>: Autosufficienza economica completa di un paese, che non effettua scambi commerciali o finanziari con altre nazioni (un&#8217;economia chiusa).<\/li>\n<li><strong>Caratteristiche<\/strong>: Indipendenza totale, riduzione al minimo degli scambi, mirata spesso all&#8217;autosufficienza militare e industriale.<\/li>\n<li><strong>Contesto<\/strong>: Storicamente associata a regimi totalitari o a periodi di crisi (es. l&#8217;autarchia fascista in Italia).&nbsp;<\/li>\n<\/ul>\n<p><span style=\"color: #ff0000;\"><strong>Autosufficienza Economica&nbsp;<\/strong><\/span><\/p>\n<ul>\n<li><strong>Definizione<\/strong>: Capacit\u00e0 di una persona, famiglia o comunit\u00e0 di provvedere alle proprie necessit\u00e0 materiali e spirituali, riducendo la dipendenza da fattori esterni.<\/li>\n<li><strong>Caratteristiche<\/strong>: Pu\u00f2 essere un obiettivo etico o pratico, non necessariamente implica l&#8217;isolamento totale, ma la <strong>capacit\u00e0 di far fronte alle proprie esigenze di base<\/strong>.<\/li>\n<li><strong>Contesto<\/strong>: Pi\u00f9 ampio, applicabile a livello individuale, familiare o comunitario; pu\u00f2 essere un ideale filosofico o un principio di vita pratica.&nbsp;<\/li>\n<\/ul>\n<p><strong> Differenze chiave<\/strong><\/p>\n<ul>\n<li>L&#8217;<strong>autarchia<\/strong>&nbsp;\u00e8 una politica statale che mira all&#8217;<strong>isolamento totale<\/strong>&nbsp;per raggiungere l&#8217;autosufficienza economica, spesso con connotazioni politiche e storiche negative.<\/li>\n<li>L&#8217;<strong>autosufficienza economica<\/strong>&nbsp;\u00e8 un concetto pi\u00f9 generale, che pu\u00f2 applicarsi a diversi livelli e non implica necessariamente l&#8217;isolamento, ma la capacit\u00e0 di&nbsp;<strong>bastare a s\u00e9 stessi<\/strong>&nbsp;senza dipendere eccessivamente dagli altri.&nbsp;<\/li>\n<\/ul>\n<p>[\/vc_column_text][\/vc_column][\/vc_row][vc_row][vc_column][vc_custom_heading text=&#8221;La teoria Economica PROUT&#8221; font_container=&#8221;tag:h3|text_align:left|color:%230F4D83&#8243; google_fonts=&#8221;font_family:Alegreya%20Sans%3A100%2C100italic%2C300%2C300italic%2Cregular%2Citalic%2C500%2C500italic%2C700%2C700italic%2C800%2C800italic%2C900%2C900italic|font_style:700%20bold%20regular%3A700%3Anormal&#8221; css=&#8221;.vc_custom_1767698448506{background-color: #F7E06C !important;}&#8221;][\/vc_column][\/vc_row][vc_row][vc_column][vc_column_text css=&#8221;&#8221;]<strong>La teoria economica PROUT appoggia la necessit\u00e0 di AUTOSUFFICIENZA ECONOMICA per ogni Paese. Ci\u00f2 significa non dipendere da altri paesi per le necessit\u00e0 di base come \u201c<span style=\"color: #2351a1;\">Alimenti, vestiario, abitazione, sanit\u00e0, educazione<\/span>\u201d che devono essere prodotte in loco. Se non riusciamo a produrre banane, o altri beni e prodotti certo li importeremo. Possiamo importare beni ad alto investimento e alto contenuto tecnologico per migliorare le nostre produzioni.<\/strong><\/p>\n<p><strong>Alcuni perch\u00e9?<\/strong><\/p>\n<p>Oggi ci chiediamo, <strong>perch\u00e9 importiamo il pomodoro dalla Cina<\/strong> (ed esportiamo capitali verso la Cina), quando eravamo i maggiori produttori in Europa, aumentando la dipendenza da paesi in cui il costo del lavoro \u00e8 molto basso e i criteri di produzione non sono cos\u00ec stringenti come in Italia? I Capitalisti lo importano al minor prezzo e spesso ci va di messo la qualit\u00e0 del prodotto.<\/p>\n<p><strong>Perch\u00e9 abbiamo dismesso la produzione di barbabietola da zucchero<\/strong>, chiuso 32 zuccherifici, licenziato centinaia di persone e ora importiamo lo zucchero da Germania e Francia?<\/p>\n<p><strong>Perch\u00e9 abbiamo chiuso in 25 anni 150.000 stalle di mucche da latte<\/strong> e ora spendiamo 1 miliardo di euro all\u2019anno per importare latte e derivati? Che cosa pu\u00f2 succedere in queste circostanze di dipendenza economica da altri paesi? Siamo potenzialmente ricattabili dai Paesi fornitori, aumenta la disoccupazione, aumentano i conflitti sociali, la spesa sanitaria, l\u2019esportazione di valuta, etc.[\/vc_column_text][\/vc_column][\/vc_row][vc_row][vc_column][vc_custom_heading text=&#8221;Due esempi di mancata autosufficienza:&#8221; font_container=&#8221;tag:h3|text_align:left|color:%230F4D83&#8243; google_fonts=&#8221;font_family:Alegreya%20Sans%3A100%2C100italic%2C300%2C300italic%2Cregular%2Citalic%2C500%2C500italic%2C700%2C700italic%2C800%2C800italic%2C900%2C900italic|font_style:700%20bold%20regular%3A700%3Anormal&#8221; css=&#8221;.vc_custom_1767698468147{background-color: #F7E06C !important;}&#8221;][\/vc_column][\/vc_row][vc_row][vc_column][vc_column_text css=&#8221;&#8221;]<\/p>\n<ol>\n<li>Con la Pandemia da Covid ci siamo trovati senza i presidi medici, mascherine ed altri apparati medicali, che importavamo dalla Cina. Queste arrivavano ad Amburgo e venivano bloccate dalle amministrazioni tedesche per le proprie necessit\u00e0. Il Ministro della Sanit\u00e0, Roberto Speranza, ha importato 50 macchinari per la produzione di mascherine e siamo diventati autosufficienti per questi prodotti.<\/li>\n<li>Allo scoppio della guerra Russia-Ucraina, \u00e8 venuto meno l\u2019approvvigionamento di Frumento e di Olio di Girasole. Per il frumento, in Sardegna vi sono tutt\u2019ora 39.000 ettari non produttivi, prima seminati a frumento. Si sta pensando di ripristinare la produzione locale di cereali. In Italia in effetti vi sono ancora 3,5 milioni di ettari incolti (da pi\u00f9 di 3 anni) su circa 12 milioni.<\/li>\n<\/ol>\n<p>Questo per sottolineare come l&#8217;impegno per la massima autosufficienza economica, per i beni primari, sia importantissimo per la sicurezza della popolazione.[\/vc_column_text][\/vc_column][\/vc_row][vc_row][vc_column][vc_custom_heading text=&#8221;I maggiori effetti positivi della AUTOSUFFICIENZA ECONOMICA?&#8221; font_container=&#8221;tag:h3|text_align:left|color:%230F4D83&#8243; google_fonts=&#8221;font_family:Alegreya%20Sans%3A100%2C100italic%2C300%2C300italic%2Cregular%2Citalic%2C500%2C500italic%2C700%2C700italic%2C800%2C800italic%2C900%2C900italic|font_style:700%20bold%20regular%3A700%3Anormal&#8221; css=&#8221;.vc_custom_1768403412592{background-color: #F7E06C !important;}&#8221;][\/vc_column][\/vc_row][vc_row][vc_column][vc_column_text css=&#8221;&#8221;]<\/p>\n<ol>\n<li><strong>La piena occupazione della popolazione locale (lo dicono gli economisti)<\/strong>. Non importando pomodoro, barbabietole da zucchero, olio di oliva, frutta, agrumi, etc., ma producendole localmente diamo lavoro alla popolazione locale. Oggi vi \u00e8 un grosso problema sia di occupazione sia di occupazione sostenibile, povert\u00e0 al lavoro.<\/li>\n<li><strong>Sicurezza di approvvigionamento dei beni primari<\/strong><\/li>\n<\/ol>\n<p>I maggiori ostacoli alla AUTOSUFFICIENZA ECONOMICA?<\/p>\n<ol>\n<li><strong>Politiche europee liberiste. <\/strong><\/li>\n<li><strong>I falsi dogmi.<\/strong> Altro aspetto importante e ostacolo alla MASSIMA AUTOSUFFICIENZA LOCALE \u00e8 il mantra \u201c<em>L\u2019Europa ci detta le regole e non possiamo farci nulla<\/em>\u201d. Niente di pi\u00f9 falso.<\/li>\n<\/ol>\n<p>Non solo, prevede delle deroghe e clausole di salvaguardia per le importazioni che prevedono sia dazi sia la non importazione di prodotti agricoli, se queste danneggiano il sistema economico del Paese in questione. Ma queste non sono state mai utilizzate dai nostri politici, per ignoranza, poco impegno nello studio dei regolamenti europei e incapacit\u00e0 di analisi.<br \/>\n<a href=\"https:\/\/trade.ec.europa.eu\/access-to-markets\/it\/content\/obblighi-di-salvaguardia\">https:\/\/trade.ec.europa.eu\/access-to-markets\/it\/content\/obblighi-di-salvaguardia<\/a><\/p>\n<p><strong>Inoltre:<\/strong><\/p>\n<p><strong>Il Regolamento UE 1169\/2011, all\u2019articolo 39, stabilisce chiaramente:<\/strong><\/p>\n<p>\u00ab<em>Gli Stati membri possono adottare disposizioni che richiedono indicazioni obbligatorie supplementari per tipi o categorie specifiche di alimenti, purch\u00e9 giustificate da uno o pi\u00f9 dei seguenti motivi: la tutela della salute pubblica; la protezione dei consumatori; la prevenzione delle frodi; la protezione dei diritti di propriet\u00e0 industriale e commerciale, delle indicazioni di provenienza e delle denominazioni di origine registrate; la repressione della concorrenza sleale. Tali disposizioni sono ammesse quando sussista un nesso comprovato tra talune qualit\u00e0 dell\u2019alimento e la sua origine o provenienza.\u00bb<\/em>[\/vc_column_text][\/vc_column][\/vc_row]<\/p>\n<\/div>","protected":false},"excerpt":{"rendered":"<p>[vc_row][vc_column][vc_single_image image=&#8221;7455&#8243; img_size=&#8221;full&#8221; css=&#8221;&#8221;][\/vc_column][\/vc_row][vc_row][vc_column][vc_custom_heading text=&#8221;Sovranit\u00e0 alimentare: Autosufficienza economica vs Autarchia&#8221; font_container=&#8221;tag:h1|text_align:left|color:%230F4D83&#8243; google_fonts=&#8221;font_family:Anton%3Aregular|font_style:400%20regular%3A400%3Anormal&#8221; css=&#8221;.vc_custom_1768403316111{padding-left: 15px !important;}&#8221;][\/vc_column][\/vc_row][vc_row][vc_column][vc_column_text css=&#8221;.vc_custom_1768410883757{margin-top: -10px !important;padding-left: 15px !important;}&#8221;]Quali misure economiche, per rendere questo diritto una realt\u00e0 in ogni Paese di Tarcisio Bonotto \u2013 Istituto di Ricerca PROUT \u2013 05\/01\/2026[\/vc_column_text][\/vc_column][\/vc_row][vc_row][vc_column css=&#8221;.vc_custom_1767698002978{padding-right: 15px !important;padding-left: 15px !important;}&#8221;][vc_column_text css=&#8221;.vc_custom_1767698076914{margin-top: -15px !important;padding-top: 10px <span class=\"excerpt-dots\">&hellip;<\/span> <a class=\"more-link\" href=\"https:\/\/irprout.it\/?page_id=7449\"><span class=\"more-msg\">Continua a leggere<\/span><\/a><\/p>\n","protected":false},"author":3,"featured_media":7455,"parent":0,"menu_order":0,"comment_status":"closed","ping_status":"closed","template":"","meta":{"ngg_post_thumbnail":0,"footnotes":""},"class_list":["post-7449","page","type-page","status-publish","has-post-thumbnail","hentry"],"yoast_head":"<!-- This site is optimized with the Yoast SEO plugin v26.6 - https:\/\/yoast.com\/wordpress\/plugins\/seo\/ -->\n<title>Sovranit\u00e0 Alimentare: Autosufficienza Economica vs Autarchia - Istituto di Ricerca Prout<\/title>\n<meta name=\"robots\" content=\"index, follow, max-snippet:-1, max-image-preview:large, max-video-preview:-1\" \/>\n<link rel=\"canonical\" href=\"https:\/\/irprout.it\/?page_id=7449\" \/>\n<meta property=\"og:locale\" content=\"it_IT\" \/>\n<meta property=\"og:type\" content=\"article\" \/>\n<meta property=\"og:title\" content=\"Sovranit\u00e0 Alimentare: Autosufficienza Economica vs Autarchia - Istituto di Ricerca Prout\" \/>\n<meta property=\"og:description\" content=\"[vc_row][vc_column][vc_single_image image=&#8221;7455&#8243; img_size=&#8221;full&#8221; css=&#8221;&#8221;][\/vc_column][\/vc_row][vc_row][vc_column][vc_custom_heading text=&#8221;Sovranit\u00e0 alimentare: Autosufficienza economica vs Autarchia&#8221; font_container=&#8221;tag:h1|text_align:left|color:%230F4D83&#8243; google_fonts=&#8221;font_family:Anton%3Aregular|font_style:400%20regular%3A400%3Anormal&#8221; css=&#8221;.vc_custom_1768403316111{padding-left: 15px !important;}&#8221;][\/vc_column][\/vc_row][vc_row][vc_column][vc_column_text css=&#8221;.vc_custom_1768410883757{margin-top: -10px !important;padding-left: 15px !important;}&#8221;]Quali misure economiche, per rendere questo diritto una realt\u00e0 in ogni Paese di Tarcisio Bonotto \u2013 Istituto di Ricerca PROUT \u2013 05\/01\/2026[\/vc_column_text][\/vc_column][\/vc_row][vc_row][vc_column css=&#8221;.vc_custom_1767698002978{padding-right: 15px !important;padding-left: 15px !important;}&#8221;][vc_column_text css=&#8221;.vc_custom_1767698076914{margin-top: -15px !important;padding-top: 10px &hellip; Continua a leggere\" \/>\n<meta property=\"og:url\" content=\"https:\/\/irprout.it\/?page_id=7449\" \/>\n<meta property=\"og:site_name\" content=\"Istituto di Ricerca Prout\" \/>\n<meta property=\"article:modified_time\" content=\"2026-01-14T17:15:15+00:00\" \/>\n<meta property=\"og:image\" content=\"https:\/\/irprout.it\/wp-content\/uploads\/2026\/01\/abdul-hameed-photo-2.jpg\" \/>\n\t<meta property=\"og:image:width\" content=\"900\" \/>\n\t<meta property=\"og:image:height\" content=\"208\" \/>\n\t<meta property=\"og:image:type\" content=\"image\/jpeg\" \/>\n<meta name=\"twitter:label1\" content=\"Tempo di lettura stimato\" \/>\n\t<meta name=\"twitter:data1\" content=\"8 minuti\" \/>\n<script type=\"application\/ld+json\" class=\"yoast-schema-graph\">{\"@context\":\"https:\/\/schema.org\",\"@graph\":[{\"@type\":\"WebPage\",\"@id\":\"https:\/\/irprout.it\/?page_id=7449\",\"url\":\"https:\/\/irprout.it\/?page_id=7449\",\"name\":\"Sovranit\u00e0 Alimentare: Autosufficienza Economica vs Autarchia - Istituto di Ricerca Prout\",\"isPartOf\":{\"@id\":\"https:\/\/irprout.it\/#website\"},\"primaryImageOfPage\":{\"@id\":\"https:\/\/irprout.it\/?page_id=7449#primaryimage\"},\"image\":{\"@id\":\"https:\/\/irprout.it\/?page_id=7449#primaryimage\"},\"thumbnailUrl\":\"https:\/\/irprout.it\/wp-content\/uploads\/2026\/01\/abdul-hameed-photo-2.jpg\",\"datePublished\":\"2026-01-06T11:06:24+00:00\",\"dateModified\":\"2026-01-14T17:15:15+00:00\",\"breadcrumb\":{\"@id\":\"https:\/\/irprout.it\/?page_id=7449#breadcrumb\"},\"inLanguage\":\"it-IT\",\"potentialAction\":[{\"@type\":\"ReadAction\",\"target\":[\"https:\/\/irprout.it\/?page_id=7449\"]}]},{\"@type\":\"ImageObject\",\"inLanguage\":\"it-IT\",\"@id\":\"https:\/\/irprout.it\/?page_id=7449#primaryimage\",\"url\":\"https:\/\/irprout.it\/wp-content\/uploads\/2026\/01\/abdul-hameed-photo-2.jpg\",\"contentUrl\":\"https:\/\/irprout.it\/wp-content\/uploads\/2026\/01\/abdul-hameed-photo-2.jpg\",\"width\":900,\"height\":208},{\"@type\":\"BreadcrumbList\",\"@id\":\"https:\/\/irprout.it\/?page_id=7449#breadcrumb\",\"itemListElement\":[{\"@type\":\"ListItem\",\"position\":1,\"name\":\"Home\",\"item\":\"https:\/\/irprout.it\/\"},{\"@type\":\"ListItem\",\"position\":2,\"name\":\"Sovranit\u00e0 Alimentare: Autosufficienza Economica vs Autarchia\"}]},{\"@type\":\"WebSite\",\"@id\":\"https:\/\/irprout.it\/#website\",\"url\":\"https:\/\/irprout.it\/\",\"name\":\"Istituto di Ricerca Prout\",\"description\":\"Istituto di Ricerca Prout\",\"publisher\":{\"@id\":\"https:\/\/irprout.it\/#organization\"},\"potentialAction\":[{\"@type\":\"SearchAction\",\"target\":{\"@type\":\"EntryPoint\",\"urlTemplate\":\"https:\/\/irprout.it\/?s={search_term_string}\"},\"query-input\":{\"@type\":\"PropertyValueSpecification\",\"valueRequired\":true,\"valueName\":\"search_term_string\"}}],\"inLanguage\":\"it-IT\"},{\"@type\":\"Organization\",\"@id\":\"https:\/\/irprout.it\/#organization\",\"name\":\"Istituto di Ricerca Prout\",\"url\":\"https:\/\/irprout.it\/\",\"logo\":{\"@type\":\"ImageObject\",\"inLanguage\":\"it-IT\",\"@id\":\"https:\/\/irprout.it\/#\/schema\/logo\/image\/\",\"url\":\"http:\/\/irprout.it\/wp-content\/uploads\/2014\/10\/logo_IRP_albero300Cor.jpg\",\"contentUrl\":\"http:\/\/irprout.it\/wp-content\/uploads\/2014\/10\/logo_IRP_albero300Cor.jpg\",\"width\":303,\"height\":304,\"caption\":\"Istituto di Ricerca Prout\"},\"image\":{\"@id\":\"https:\/\/irprout.it\/#\/schema\/logo\/image\/\"}}]}<\/script>\n<!-- \/ Yoast SEO plugin. -->","yoast_head_json":{"title":"Sovranit\u00e0 Alimentare: Autosufficienza Economica vs Autarchia - Istituto di Ricerca Prout","robots":{"index":"index","follow":"follow","max-snippet":"max-snippet:-1","max-image-preview":"max-image-preview:large","max-video-preview":"max-video-preview:-1"},"canonical":"https:\/\/irprout.it\/?page_id=7449","og_locale":"it_IT","og_type":"article","og_title":"Sovranit\u00e0 Alimentare: Autosufficienza Economica vs Autarchia - Istituto di Ricerca Prout","og_description":"[vc_row][vc_column][vc_single_image image=&#8221;7455&#8243; img_size=&#8221;full&#8221; css=&#8221;&#8221;][\/vc_column][\/vc_row][vc_row][vc_column][vc_custom_heading text=&#8221;Sovranit\u00e0 alimentare: Autosufficienza economica vs Autarchia&#8221; font_container=&#8221;tag:h1|text_align:left|color:%230F4D83&#8243; google_fonts=&#8221;font_family:Anton%3Aregular|font_style:400%20regular%3A400%3Anormal&#8221; css=&#8221;.vc_custom_1768403316111{padding-left: 15px !important;}&#8221;][\/vc_column][\/vc_row][vc_row][vc_column][vc_column_text css=&#8221;.vc_custom_1768410883757{margin-top: -10px !important;padding-left: 15px !important;}&#8221;]Quali misure economiche, per rendere questo diritto una realt\u00e0 in ogni Paese di Tarcisio Bonotto \u2013 Istituto di Ricerca PROUT \u2013 05\/01\/2026[\/vc_column_text][\/vc_column][\/vc_row][vc_row][vc_column css=&#8221;.vc_custom_1767698002978{padding-right: 15px !important;padding-left: 15px !important;}&#8221;][vc_column_text css=&#8221;.vc_custom_1767698076914{margin-top: -15px !important;padding-top: 10px &hellip; Continua a leggere","og_url":"https:\/\/irprout.it\/?page_id=7449","og_site_name":"Istituto di Ricerca Prout","article_modified_time":"2026-01-14T17:15:15+00:00","og_image":[{"width":900,"height":208,"url":"https:\/\/irprout.it\/wp-content\/uploads\/2026\/01\/abdul-hameed-photo-2.jpg","type":"image\/jpeg"}],"twitter_misc":{"Tempo di lettura stimato":"8 minuti"},"schema":{"@context":"https:\/\/schema.org","@graph":[{"@type":"WebPage","@id":"https:\/\/irprout.it\/?page_id=7449","url":"https:\/\/irprout.it\/?page_id=7449","name":"Sovranit\u00e0 Alimentare: Autosufficienza Economica vs Autarchia - Istituto di Ricerca Prout","isPartOf":{"@id":"https:\/\/irprout.it\/#website"},"primaryImageOfPage":{"@id":"https:\/\/irprout.it\/?page_id=7449#primaryimage"},"image":{"@id":"https:\/\/irprout.it\/?page_id=7449#primaryimage"},"thumbnailUrl":"https:\/\/irprout.it\/wp-content\/uploads\/2026\/01\/abdul-hameed-photo-2.jpg","datePublished":"2026-01-06T11:06:24+00:00","dateModified":"2026-01-14T17:15:15+00:00","breadcrumb":{"@id":"https:\/\/irprout.it\/?page_id=7449#breadcrumb"},"inLanguage":"it-IT","potentialAction":[{"@type":"ReadAction","target":["https:\/\/irprout.it\/?page_id=7449"]}]},{"@type":"ImageObject","inLanguage":"it-IT","@id":"https:\/\/irprout.it\/?page_id=7449#primaryimage","url":"https:\/\/irprout.it\/wp-content\/uploads\/2026\/01\/abdul-hameed-photo-2.jpg","contentUrl":"https:\/\/irprout.it\/wp-content\/uploads\/2026\/01\/abdul-hameed-photo-2.jpg","width":900,"height":208},{"@type":"BreadcrumbList","@id":"https:\/\/irprout.it\/?page_id=7449#breadcrumb","itemListElement":[{"@type":"ListItem","position":1,"name":"Home","item":"https:\/\/irprout.it\/"},{"@type":"ListItem","position":2,"name":"Sovranit\u00e0 Alimentare: Autosufficienza Economica vs Autarchia"}]},{"@type":"WebSite","@id":"https:\/\/irprout.it\/#website","url":"https:\/\/irprout.it\/","name":"Istituto di Ricerca Prout","description":"Istituto di Ricerca Prout","publisher":{"@id":"https:\/\/irprout.it\/#organization"},"potentialAction":[{"@type":"SearchAction","target":{"@type":"EntryPoint","urlTemplate":"https:\/\/irprout.it\/?s={search_term_string}"},"query-input":{"@type":"PropertyValueSpecification","valueRequired":true,"valueName":"search_term_string"}}],"inLanguage":"it-IT"},{"@type":"Organization","@id":"https:\/\/irprout.it\/#organization","name":"Istituto di Ricerca Prout","url":"https:\/\/irprout.it\/","logo":{"@type":"ImageObject","inLanguage":"it-IT","@id":"https:\/\/irprout.it\/#\/schema\/logo\/image\/","url":"http:\/\/irprout.it\/wp-content\/uploads\/2014\/10\/logo_IRP_albero300Cor.jpg","contentUrl":"http:\/\/irprout.it\/wp-content\/uploads\/2014\/10\/logo_IRP_albero300Cor.jpg","width":303,"height":304,"caption":"Istituto di Ricerca Prout"},"image":{"@id":"https:\/\/irprout.it\/#\/schema\/logo\/image\/"}}]}},"_links":{"self":[{"href":"https:\/\/irprout.it\/index.php?rest_route=\/wp\/v2\/pages\/7449","targetHints":{"allow":["GET"]}}],"collection":[{"href":"https:\/\/irprout.it\/index.php?rest_route=\/wp\/v2\/pages"}],"about":[{"href":"https:\/\/irprout.it\/index.php?rest_route=\/wp\/v2\/types\/page"}],"author":[{"embeddable":true,"href":"https:\/\/irprout.it\/index.php?rest_route=\/wp\/v2\/users\/3"}],"replies":[{"embeddable":true,"href":"https:\/\/irprout.it\/index.php?rest_route=%2Fwp%2Fv2%2Fcomments&post=7449"}],"version-history":[{"count":11,"href":"https:\/\/irprout.it\/index.php?rest_route=\/wp\/v2\/pages\/7449\/revisions"}],"predecessor-version":[{"id":7472,"href":"https:\/\/irprout.it\/index.php?rest_route=\/wp\/v2\/pages\/7449\/revisions\/7472"}],"wp:featuredmedia":[{"embeddable":true,"href":"https:\/\/irprout.it\/index.php?rest_route=\/wp\/v2\/media\/7455"}],"wp:attachment":[{"href":"https:\/\/irprout.it\/index.php?rest_route=%2Fwp%2Fv2%2Fmedia&parent=7449"}],"curies":[{"name":"wp","href":"https:\/\/api.w.org\/{rel}","templated":true}]}}