{"id":7487,"date":"2026-04-09T11:06:13","date_gmt":"2026-04-09T10:06:13","guid":{"rendered":"https:\/\/irprout.it\/?page_id=7487"},"modified":"2026-04-09T11:08:14","modified_gmt":"2026-04-09T10:08:14","slug":"7487-2","status":"publish","type":"page","link":"https:\/\/irprout.it\/?page_id=7487","title":{"rendered":""},"content":{"rendered":"<div class=\"wpb-content-wrapper\"><p>[vc_row][vc_column][vc_empty_space][\/vc_column][\/vc_row][vc_row][vc_column][vc_custom_heading text=&#8221;Sfruttamento e Social Media&#8221; font_container=&#8221;tag:h1|text_align:left&#8221; google_fonts=&#8221;font_family:Anton%3Aregular|font_style:400%20regular%3A400%3Anormal&#8221; css=&#8221;&#8221;][\/vc_column][\/vc_row][vc_row][vc_column][vc_separator color=&#8221;green&#8221; style=&#8221;shadow&#8221; border_width=&#8221;2&#8243; css=&#8221;&#8221;][\/vc_column][\/vc_row][vc_row][vc_column][vc_column_text css=&#8221;.vc_custom_1775729268617{padding-top: 10px !important;padding-right: 15px !important;padding-bottom: 10px !important;padding-left: 15px !important;background-color: #E2E1E1 !important;}&#8221;]<\/p>\n<header class=\"page-header\">\n<div class=\"entry-meta \"><span class=\"meta-info-wrap post-hide-categories post_hide_single_cat post-hide-tags post-hide-permalink entry-meta-gicons s-font-size font-lucidaSans font-bold\"><a title=\"10:41\" href=\"https:\/\/neoumanista.it\/index.php\/2026\/03\/sfruttamento-e-social-media\/\" rel=\"bookmark\"><time class=\"entry-date\" datetime=\"2026-03-19T10:41:25+01:00\">19 Marzo 2026<\/time><\/a><span class=\"by-author\">&nbsp;<span class=\"author vcard\"><a class=\"url fn n\" title=\"Visualizza tutti gli articoli di Dante Faraoni\" href=\"https:\/\/neoumanista.it\/author\/dantefaraoni\/\" rel=\"author\">Dante Faraoni<\/a><\/span><\/span><\/span><span class=\"comments-link comments-bubble\"><a href=\"https:\/\/neoumanista.it\/index.php\/2026\/03\/sfruttamento-e-social-media\/#respond\"><span class=\"leave-reply\">&nbsp;<\/span><\/a><\/span><\/div>\n<\/header>\n<div class=\"entry-content clearfix\">\n<p><span style=\"font-size: 14pt; font-family: 'Roboto Condensed', sans-serif; color: #333333;\">Ci\u00f2 che insegna l\u2019uso corretto delle applicazioni materiali \u00e8 definito scienza. Questa interpretazione \u00e8 certamente condivisa da tutti.&nbsp;<strong>La scienza, la tecnologia<\/strong>&nbsp;hanno accompagnato nei secoli la civilizzazione umana migliorando gli aspetti fisici della vita. La cultura invece \u00e8 l\u2019espressione pi\u00f9 sottile dello stato intellettuale.&nbsp;<em>&nbsp;<\/em><strong>La cultura<\/strong>&nbsp;\u00e8 la forma collettiva di tutte le espressioni della vita<em>.&nbsp;<\/em>La cultura \u00e8 una ma i popoli con le diverse e sottili differenze espressive hanno colorato di magnificenza il pianeta terra. Nei millenni di storia della societ\u00e0 umana \u00e8 sempre stata la cultura a guidare la scienza verso il<strong>&nbsp;progresso e lo sviluppo della civilt\u00e0<\/strong>. La cultura \u00e8 l\u2019espressione dello strato intellettuale mentre la scienza provvede allo sviluppo materiale. In assenza di sviluppo intellettuale non si pu\u00f2<em>&nbsp;<\/em>ottenere beneficio dalle conoscenze scientifiche. La vita degli esseri umani \u00e8 una percorso che dal grezzo si muove verso il sottile. La cultura \u00e8 quel&nbsp;<em>Media<\/em>&nbsp;che ci trasporta verso&nbsp;<strong>gli stati pi\u00f9 profondi della coscienza<\/strong>.&nbsp;<strong><em>Pertanto, le persone sagge dovrebbero procedere e progredire, fondendo cultura e scienza, aprendo la via alla civilizzazione.<\/em><\/strong>&nbsp;Oggi stiamo assistendo ad uno sviluppo incredibile della tecnologia in vari campi della societ\u00e0. Attraverso algoritmi e processi di Intelligenza Artificiale, si pu\u00f2 ottenere progresso scientifico in grado di alleviare varie occupazioni fisiche e mentali. Attraverso i&nbsp;<strong>Social Media&nbsp;<\/strong>la circolazione del sapere, delle informazioni, delle immagini \u00e8 diventata cos\u00ec veloce che possiamo condividere qualsiasi idea, pensiero, valore in ogni parte del mondo. Potenzialmente, questi strumenti potrebbero elevare la coscienza di miliardi di persone eppure le societ\u00e0 occidentali sono afflitte da un livello intellettuale molto basso, assente di sensibilit\u00e0 culturale. Si perdono sempre pi\u00f9 i&nbsp;<strong>valori umani, il rispetto per ambiente e animali.<\/strong><\/span><\/p>\n<\/div>\n<p>[\/vc_column_text][\/vc_column][\/vc_row][vc_row][vc_column][vc_column_text css=&#8221;&#8221;]<\/p>\n<header class=\"page-header\"><\/header>\n<div class=\"entry-content clearfix\">\n<p><strong>La tecnologia \u00e8 strumento di godimento materiale, ma quando essa prevale sulla cultura, la civilt\u00e0 regredisce.<\/strong>&nbsp;I linguaggi utilizzati nei Social, qualsiasi tipo di scambio, di informazione sono mediati da un\u2019unica finalit\u00e0:&nbsp;<strong>vendere o comprare qualcosa.<\/strong>&nbsp;Queste grandi macchine di comunicazione di massa governate da multinazionali&nbsp; commerciali \u201camericane\u201d e cinesi manipolano le menti degli utenti per piazzare merci e servizi.&nbsp; I Social non sono piattaforme di intrattenimento o piattaforme per creare connessioni disinteressate tra utenti; sono esclusivamente piattaforme commerciali che producono soprattutto&nbsp;<strong>consumo ostentativo<\/strong>. Tutti noi ci dobbiamo quindi porre la domanda: se i Social Network hanno perso la loro funzione culturale siamo forse di fronte ad un fenomeno di sfruttamento di massa applicato contemporaneamente ad interi continenti?<\/p>\n<p>P. R. Sarkar a tal proposito afferma:&nbsp;<em>\u201cNon appena una potenza imperialista si trasforma in una potenza fascista, estende i suoi tentacoli per opprimere psichicamente e culturalmente un popolo sconfitto. Per perpetuare lo sfruttamento economico senza ostacoli, lo sfruttamento psichico inizia quasi simultaneamente. Laddove lo sfruttamento psichico viene utilizzato per promuovere lo sfruttamento economico, viene chiamato<\/em><strong><em>&nbsp;\u201csfruttamento psico-economico\u201d<\/em><\/strong>. Ad un attento innovatore come Sarkar non sfugge l\u2019osservazione che per applicare questo tipo di sfruttamento i capitalisti hanno inventato<strong>&nbsp;la Pseudo-cultura una forma di sfruttamento culturale<\/strong>. \u201c<em>Supponete che una particolare comunit\u00e0 abbia un elevato standard artistico (teatro, cinema, ecc.), ma che il numero della gente ricca in quella comunit\u00e0 sia relativamente basso. Dall\u2019altra parte, la cultura di un\u2019altra comunit\u00e0 \u00e8 molto sottosviluppata, ma fra loro c\u2019\u00e8 un numero pi\u00f9 grande di gente ricca. Ora. quest\u2019ultimo gruppo vuole mantenere il suo sfruttamento sopra quel gruppo che ha un\u2019eredit\u00e0 culturale pi\u00f9 sviluppata, e&nbsp;<\/em><strong><em>uno dei modi di paralizzare la gente nella sfera psichica o psico economica \u00e8 lo sfruttamento culturale<\/em><\/strong><em>\u201d.&nbsp;<\/em>Non \u00e8 forse questo il caso dell\u2019<strong>Europa<\/strong>? Com\u2019\u00e8 possibile che una civilizzazione millenaria formata da una moltitudine di espressioni culturali sia stata messa a tacere da una cultura di appena 300 anni? I Social da grande rivoluzione digitale si sono trasformati in enormi armi di sfruttamento cancellando i sottili linguaggi della cultura sostituendoli con la pseudo cultura. Questi potenti mezzi di comunicazione che utilizzano sofisticati algoritmi e Intelligenza Artificiale, creano l\u2019opinione pubblica del continente per il 70%!&nbsp;<\/p>\n<p><em>\u201cOgni persona onesta, virtuosa e razionale deve combattere contro questa pseudocultura, e ispirare gli altri a fare lo stesso. Se ci\u00f2 non sar\u00e0 fatto, il futuro dell\u2019umanit\u00e0 sar\u00e0 condannato. \u00c8 giusto per gli esseri umani lottare per la libert\u00e0 politica, per l\u2019emancipazione sociale; ma se la loro spina dorsale culturale \u00e8 spezzata, allora tutte le loro lotte non porteranno a niente\u2026\u201d,<\/em>&nbsp;suggerisce Shrii P. R. Sarkar. Per realizzare ci\u00f2 \u00e8 necessario bloccare la macchina della&nbsp;<strong>PSEUDOCULTURA<\/strong>&nbsp;che sta distruggendo la sensibilit\u00e0 delle persone mantenendole&nbsp; legate al materialismo.&nbsp;<\/p>\n<p>L\u2019Unione Europea, come istituzione ha delle grandi responsabilit\u00e0 a riguardo, eppure la storia di molti dei paesi membri ci riporta che hanno sempre preteso delle regole che salvaguardino la libert\u00e0 di informazione a difesa del pluralismo garantendo l\u2019indipendenza dei canali di informazione pubblica. Aver varato il&nbsp;<a href=\"https:\/\/commission.europa.eu\/strategy-and-policy\/priorities-2019-2024\/new-push-european-democracy\/protecting-democracy\/european-media-freedom-act_en\" target=\"_blank\" rel=\"nofollow noopener\"><strong>Media Freedom Act<\/strong>,<\/a>&nbsp;e, un anno fa, il&nbsp;<a href=\"https:\/\/digital-markets-act.ec.europa.eu\/index_en\" target=\"_blank\" rel=\"nofollow noopener\"><strong>DMA Digital Market Act<\/strong><\/a><strong>,&nbsp;<\/strong>che contengono le regole applicate a radio, tv e web, constatiamo oggi che non sono sufficienti per&nbsp;<strong>cambiare i linguaggi e le finalit\u00e0 della comunicazione di massa<\/strong>. Si potrebbe pensare che questi regolamenti siano in grado di gestire la libert\u00e0 di espressione ma in realt\u00e0, nonostante le multe e le aperture di procedure di infrazione i Social continuano a dettare la loro legge di monopolio continuando a praticare uno sfruttamento psico economico di massa che rischia di cancellare le variegate identit\u00e0 culturali europee.&nbsp;<\/p>\n<p>Tecnicamente e finanziariamente non \u00e8 un\u2019utopia pensare all\u2019opportunit\u00e0 di creare un S<strong>ocial Media Europeo Pubblico.<\/strong>&nbsp;Tutti i paesi aderenti hanno gi\u00e0 indirizzato dei canali TV pubblici verso una digitalizzazione dei servizi, quindi la UE dovrebbe coordinare un\u2019operazione che porterebbe tutti questi canali a continuare a espandersi su una&nbsp;<strong>Piattaforma Web comune<\/strong>. Diventerebbe un mezzo in grado di valorizzare la cultura, la storia e le tradizioni dei popoli. Ogni paese UE aderente si metterebbe in connessione con gli altri paesi UE; porterebbe a conoscenza del pubblico la parte culturale, sociale ed economica del nostro continente. Fare gli europei per avere una nuova Europa, un incontro multilaterale tra culture e linguaggi diversi che aumenterebbe la conoscenza reciproca di usi e costumi, condividendo l\u2019orgoglio nazionale e mettendo nei cassetti il nazionalismo settario e discriminatorio. Non \u00e8 forse&nbsp;<strong>giunto il momento del riscatto&nbsp;<\/strong>delle variegate forme di identit\u00e0 culturale dei popoli europei? Una&nbsp;<strong>Rivoluzione Culturale<\/strong>&nbsp;basata sui valori del vero Umanesimo e del&nbsp;<strong>NeoUmanesimo&nbsp;<\/strong>in Europa \u00e8 possibile!<\/p>\n<p><strong>ISCRIVITI AL NOSTRO MOVIMENTO!&nbsp; &nbsp;&nbsp;<\/strong><a href=\"https:\/\/irprout.it\/?page_id=7187\" target=\"_blank\" rel=\"nofollow noopener\"><strong>https:\/\/irprout.it\/?page_id=7187<\/strong><\/a><strong>&nbsp;<\/strong><\/p>\n<p>&nbsp;<\/p>\n<p>Fonti:<\/p>\n<p>1. Exploitation and Pseudo-Culture di P. R. Sarkar (Discourse 7)<\/p>\n<p>Pubblicato in:&nbsp;<em>* The Liberation of Intellect: Neohumanism<\/em>&nbsp;\u2013&nbsp;<em>* Prout in a Nutshell Volume 2 Part 8 [a compilation]<\/em><\/p>\n<p>2. Economic Exploitation of Bengal di P. R. Sarkar<\/p>\n<p>Pubblicato in:&nbsp;<em>* Prout in a Nutshell Volume 4 Part 19 [a compilation] \u2013 * Proutist Economics<\/em><\/p>\n<p>Release: Electronic edition version 9.0.19<\/p>\n<\/div>\n<p>[\/vc_column_text][\/vc_column][\/vc_row]<\/p>\n<\/div>","protected":false},"excerpt":{"rendered":"<p>[vc_row][vc_column][vc_empty_space][\/vc_column][\/vc_row][vc_row][vc_column][vc_custom_heading text=&#8221;Sfruttamento e Social Media&#8221; font_container=&#8221;tag:h1|text_align:left&#8221; google_fonts=&#8221;font_family:Anton%3Aregular|font_style:400%20regular%3A400%3Anormal&#8221; css=&#8221;&#8221;][\/vc_column][\/vc_row][vc_row][vc_column][vc_separator color=&#8221;green&#8221; style=&#8221;shadow&#8221; border_width=&#8221;2&#8243; css=&#8221;&#8221;][\/vc_column][\/vc_row][vc_row][vc_column][vc_column_text css=&#8221;.vc_custom_1775729268617{padding-top: 10px !important;padding-right: 15px !important;padding-bottom: 10px !important;padding-left: 15px !important;background-color: #E2E1E1 !important;}&#8221;] 19 Marzo 2026&nbsp;Dante Faraoni&nbsp; Ci\u00f2 che insegna l\u2019uso corretto delle applicazioni materiali \u00e8 definito scienza. Questa interpretazione \u00e8 certamente condivisa da tutti.&nbsp;La scienza, la tecnologia&nbsp;hanno accompagnato nei <span class=\"excerpt-dots\">&hellip;<\/span> <a class=\"more-link\" href=\"https:\/\/irprout.it\/?page_id=7487\"><span class=\"more-msg\">Continua a leggere<\/span><\/a><\/p>\n","protected":false},"author":3,"featured_media":0,"parent":0,"menu_order":0,"comment_status":"closed","ping_status":"closed","template":"","meta":{"ngg_post_thumbnail":0,"footnotes":""},"class_list":["post-7487","page","type-page","status-publish","hentry"],"yoast_head":"<!-- This site is optimized with the Yoast SEO plugin v26.6 - https:\/\/yoast.com\/wordpress\/plugins\/seo\/ -->\n<title>- Istituto di Ricerca Prout<\/title>\n<meta name=\"robots\" content=\"index, follow, max-snippet:-1, max-image-preview:large, max-video-preview:-1\" \/>\n<link rel=\"canonical\" href=\"https:\/\/irprout.it\/?page_id=7487\" \/>\n<meta property=\"og:locale\" content=\"it_IT\" \/>\n<meta property=\"og:type\" content=\"article\" \/>\n<meta property=\"og:title\" content=\"- Istituto di Ricerca Prout\" \/>\n<meta property=\"og:description\" content=\"[vc_row][vc_column][vc_empty_space][\/vc_column][\/vc_row][vc_row][vc_column][vc_custom_heading text=&#8221;Sfruttamento e Social Media&#8221; font_container=&#8221;tag:h1|text_align:left&#8221; google_fonts=&#8221;font_family:Anton%3Aregular|font_style:400%20regular%3A400%3Anormal&#8221; css=&#8221;&#8221;][\/vc_column][\/vc_row][vc_row][vc_column][vc_separator color=&#8221;green&#8221; style=&#8221;shadow&#8221; border_width=&#8221;2&#8243; css=&#8221;&#8221;][\/vc_column][\/vc_row][vc_row][vc_column][vc_column_text css=&#8221;.vc_custom_1775729268617{padding-top: 10px !important;padding-right: 15px !important;padding-bottom: 10px !important;padding-left: 15px !important;background-color: #E2E1E1 !important;}&#8221;] 19 Marzo 2026&nbsp;Dante Faraoni&nbsp; Ci\u00f2 che insegna l\u2019uso corretto delle applicazioni materiali \u00e8 definito scienza. Questa interpretazione \u00e8 certamente condivisa da tutti.&nbsp;La scienza, la tecnologia&nbsp;hanno accompagnato nei &hellip; Continua a leggere\" \/>\n<meta property=\"og:url\" content=\"https:\/\/irprout.it\/?page_id=7487\" \/>\n<meta property=\"og:site_name\" content=\"Istituto di Ricerca Prout\" \/>\n<meta property=\"article:modified_time\" content=\"2026-04-09T10:08:14+00:00\" \/>\n<meta name=\"twitter:label1\" content=\"Tempo di lettura stimato\" \/>\n\t<meta name=\"twitter:data1\" content=\"7 minuti\" \/>\n<script type=\"application\/ld+json\" class=\"yoast-schema-graph\">{\"@context\":\"https:\/\/schema.org\",\"@graph\":[{\"@type\":\"WebPage\",\"@id\":\"https:\/\/irprout.it\/?page_id=7487\",\"url\":\"https:\/\/irprout.it\/?page_id=7487\",\"name\":\"- Istituto di Ricerca Prout\",\"isPartOf\":{\"@id\":\"https:\/\/irprout.it\/#website\"},\"datePublished\":\"2026-04-09T10:06:13+00:00\",\"dateModified\":\"2026-04-09T10:08:14+00:00\",\"inLanguage\":\"it-IT\",\"potentialAction\":[{\"@type\":\"ReadAction\",\"target\":[\"https:\/\/irprout.it\/?page_id=7487\"]}]},{\"@type\":\"WebSite\",\"@id\":\"https:\/\/irprout.it\/#website\",\"url\":\"https:\/\/irprout.it\/\",\"name\":\"Istituto di Ricerca Prout\",\"description\":\"Istituto di Ricerca Prout\",\"publisher\":{\"@id\":\"https:\/\/irprout.it\/#organization\"},\"potentialAction\":[{\"@type\":\"SearchAction\",\"target\":{\"@type\":\"EntryPoint\",\"urlTemplate\":\"https:\/\/irprout.it\/?s={search_term_string}\"},\"query-input\":{\"@type\":\"PropertyValueSpecification\",\"valueRequired\":true,\"valueName\":\"search_term_string\"}}],\"inLanguage\":\"it-IT\"},{\"@type\":\"Organization\",\"@id\":\"https:\/\/irprout.it\/#organization\",\"name\":\"Istituto di Ricerca Prout\",\"url\":\"https:\/\/irprout.it\/\",\"logo\":{\"@type\":\"ImageObject\",\"inLanguage\":\"it-IT\",\"@id\":\"https:\/\/irprout.it\/#\/schema\/logo\/image\/\",\"url\":\"http:\/\/irprout.it\/wp-content\/uploads\/2014\/10\/logo_IRP_albero300Cor.jpg\",\"contentUrl\":\"http:\/\/irprout.it\/wp-content\/uploads\/2014\/10\/logo_IRP_albero300Cor.jpg\",\"width\":303,\"height\":304,\"caption\":\"Istituto di Ricerca Prout\"},\"image\":{\"@id\":\"https:\/\/irprout.it\/#\/schema\/logo\/image\/\"}}]}<\/script>\n<!-- \/ Yoast SEO plugin. -->","yoast_head_json":{"title":"- Istituto di Ricerca Prout","robots":{"index":"index","follow":"follow","max-snippet":"max-snippet:-1","max-image-preview":"max-image-preview:large","max-video-preview":"max-video-preview:-1"},"canonical":"https:\/\/irprout.it\/?page_id=7487","og_locale":"it_IT","og_type":"article","og_title":"- Istituto di Ricerca Prout","og_description":"[vc_row][vc_column][vc_empty_space][\/vc_column][\/vc_row][vc_row][vc_column][vc_custom_heading text=&#8221;Sfruttamento e Social Media&#8221; font_container=&#8221;tag:h1|text_align:left&#8221; google_fonts=&#8221;font_family:Anton%3Aregular|font_style:400%20regular%3A400%3Anormal&#8221; css=&#8221;&#8221;][\/vc_column][\/vc_row][vc_row][vc_column][vc_separator color=&#8221;green&#8221; style=&#8221;shadow&#8221; border_width=&#8221;2&#8243; css=&#8221;&#8221;][\/vc_column][\/vc_row][vc_row][vc_column][vc_column_text css=&#8221;.vc_custom_1775729268617{padding-top: 10px !important;padding-right: 15px !important;padding-bottom: 10px !important;padding-left: 15px !important;background-color: #E2E1E1 !important;}&#8221;] 19 Marzo 2026&nbsp;Dante Faraoni&nbsp; Ci\u00f2 che insegna l\u2019uso corretto delle applicazioni materiali \u00e8 definito scienza. Questa interpretazione \u00e8 certamente condivisa da tutti.&nbsp;La scienza, la tecnologia&nbsp;hanno accompagnato nei &hellip; Continua a leggere","og_url":"https:\/\/irprout.it\/?page_id=7487","og_site_name":"Istituto di Ricerca Prout","article_modified_time":"2026-04-09T10:08:14+00:00","twitter_misc":{"Tempo di lettura stimato":"7 minuti"},"schema":{"@context":"https:\/\/schema.org","@graph":[{"@type":"WebPage","@id":"https:\/\/irprout.it\/?page_id=7487","url":"https:\/\/irprout.it\/?page_id=7487","name":"- Istituto di Ricerca Prout","isPartOf":{"@id":"https:\/\/irprout.it\/#website"},"datePublished":"2026-04-09T10:06:13+00:00","dateModified":"2026-04-09T10:08:14+00:00","inLanguage":"it-IT","potentialAction":[{"@type":"ReadAction","target":["https:\/\/irprout.it\/?page_id=7487"]}]},{"@type":"WebSite","@id":"https:\/\/irprout.it\/#website","url":"https:\/\/irprout.it\/","name":"Istituto di Ricerca Prout","description":"Istituto di Ricerca Prout","publisher":{"@id":"https:\/\/irprout.it\/#organization"},"potentialAction":[{"@type":"SearchAction","target":{"@type":"EntryPoint","urlTemplate":"https:\/\/irprout.it\/?s={search_term_string}"},"query-input":{"@type":"PropertyValueSpecification","valueRequired":true,"valueName":"search_term_string"}}],"inLanguage":"it-IT"},{"@type":"Organization","@id":"https:\/\/irprout.it\/#organization","name":"Istituto di Ricerca Prout","url":"https:\/\/irprout.it\/","logo":{"@type":"ImageObject","inLanguage":"it-IT","@id":"https:\/\/irprout.it\/#\/schema\/logo\/image\/","url":"http:\/\/irprout.it\/wp-content\/uploads\/2014\/10\/logo_IRP_albero300Cor.jpg","contentUrl":"http:\/\/irprout.it\/wp-content\/uploads\/2014\/10\/logo_IRP_albero300Cor.jpg","width":303,"height":304,"caption":"Istituto di Ricerca Prout"},"image":{"@id":"https:\/\/irprout.it\/#\/schema\/logo\/image\/"}}]}},"_links":{"self":[{"href":"https:\/\/irprout.it\/index.php?rest_route=\/wp\/v2\/pages\/7487","targetHints":{"allow":["GET"]}}],"collection":[{"href":"https:\/\/irprout.it\/index.php?rest_route=\/wp\/v2\/pages"}],"about":[{"href":"https:\/\/irprout.it\/index.php?rest_route=\/wp\/v2\/types\/page"}],"author":[{"embeddable":true,"href":"https:\/\/irprout.it\/index.php?rest_route=\/wp\/v2\/users\/3"}],"replies":[{"embeddable":true,"href":"https:\/\/irprout.it\/index.php?rest_route=%2Fwp%2Fv2%2Fcomments&post=7487"}],"version-history":[{"count":3,"href":"https:\/\/irprout.it\/index.php?rest_route=\/wp\/v2\/pages\/7487\/revisions"}],"predecessor-version":[{"id":7490,"href":"https:\/\/irprout.it\/index.php?rest_route=\/wp\/v2\/pages\/7487\/revisions\/7490"}],"wp:attachment":[{"href":"https:\/\/irprout.it\/index.php?rest_route=%2Fwp%2Fv2%2Fmedia&parent=7487"}],"curies":[{"name":"wp","href":"https:\/\/api.w.org\/{rel}","templated":true}]}}