{"id":949,"date":"2014-10-26T16:11:11","date_gmt":"2014-10-26T16:11:11","guid":{"rendered":"http:\/\/irprout.it\/?page_id=949"},"modified":"2020-03-28T12:57:58","modified_gmt":"2020-03-28T11:57:58","slug":"teoria-della-microvita","status":"publish","type":"page","link":"https:\/\/irprout.it\/?page_id=949","title":{"rendered":"LA TEORIA MICROVITA"},"content":{"rendered":"<h2><span style=\"color: #3366ff;\"><strong><img decoding=\"async\" class=\"alignleft size-full wp-image-555 lazyload\" data-src=\"https:\/\/irprout.it\/wp-content\/uploads\/2014\/09\/sarkar2.png\" alt=\"sarkar2\" width=\"150\" height=\"183\" src=\"data:image\/svg+xml;base64,PHN2ZyB3aWR0aD0iMSIgaGVpZ2h0PSIxIiB4bWxucz0iaHR0cDovL3d3dy53My5vcmcvMjAwMC9zdmciPjwvc3ZnPg==\" style=\"--smush-placeholder-width: 150px; --smush-placeholder-aspect-ratio: 150\/183;\">MICROVITUM: la misteriosa emanazione&nbsp;del Fattore Cosmico<\/strong><\/span><\/h2>\n<p><span style=\"color: #0000ff;\"><span style=\"color: #0000ff;\"><span class=\"Testo12V\"><span style=\"color: #000000;\"><em>di P.R. Sarkar &nbsp;<\/em><\/span><\/span><\/span><\/span><\/p>\n<p><span style=\"color: #808080;\"><em><span style=\"font-size: 12pt; font-family: tahoma, arial, helvetica, sans-serif;\">La Teoria di Sarkar sulla costituzione della Materia<\/span><\/em><\/span><br \/>\n<span style=\"color: #808080;\"><em><span style=\"font-size: 12pt; font-family: tahoma, arial, helvetica, sans-serif;\"> e l&#8217;Inizio della Vita nell&#8217;Universo.<\/span><\/em><\/span><br \/>\n<a href=\"http:\/\/www.microvita.org\/\" target=\"_blank\" rel=\"noopener noreferrer\"><br \/>\nSito Internazionale&nbsp;Microvita<\/a><\/p>\n<hr>\n<p>&nbsp;<\/p>\n<p class=\"Testo12V\" style=\"text-align: left;\"><strong>Premessa<\/strong><br \/>\nIn una conferenza, a cui ho assistito personalmente in India, P.R. Sarkar ha elogiato la fisica moderna, ma allo stesso tempo ha descritto i limiti della concezione classica della materia, e delle leggi che porta con s\u00e9.<\/p>\n<p class=\"Testo12V\" style=\"text-align: left;\">Ha detto&nbsp;infatti, ad uno amante dei misteri della&nbsp;fisica:&nbsp;<em>&#8220;voi sapete molte cose sulla materia, sulle leggi della fisica, ma vi sono ancora dei misteri sulla sua formazione&#8230;&#8221;<\/em><br \/>\nA questo punto ha introdotto alcuni aspetti&nbsp;della nuova<strong><span style=\"color: #3366ff;\"> teoria Microvita<\/span><\/strong>, il Microvitum elemento fondamentale, il&nbsp;costituente primordiale della Materia stessa.<\/p>\n<p class=\"Testo12V\" style=\"text-align: left;\">Sarkar afferma, <strong>il Microvitum \u00e8 il costituente fondamentale della materia e della vita, non l&#8217;atomo di carbonio<\/strong>.<\/p>\n<p class=\"Testo12V\" style=\"text-align: left;\"><strong><span style=\"color: #3366ff;\">Milioni di Microvitum formano un elettrone, Miliardi formano un Atomo<\/span>.<\/strong><br \/>\nIntendendo che la materia stessa sia la somma di queste piccole entit\u00e0, trasportatrici dell&#8217;energia. E la materia stessa sia &#8216;energia imbottigliata&#8217; (quindi in &#8216;imbrigliata in particolari&nbsp;funzioni&#8217;), non una &#8216;bottiglia di energia&#8217;&#8230;&nbsp;Formano le particelle elementari.<br \/>\nIl livello di esistenza di tali particelle si situa tra l&#8217;ectoplasma mentale e l&#8217;elettrone. Esse possiedono una mente, nascono, vivono e muoiono. Ma non occupano spazio se non solo in Teoria.<\/p>\n<p class=\"Testo12V\" style=\"text-align: left;\"><strong>Che cos&#8217;\u00e8 il Microvitum<\/strong><br \/>\nIl Microvitum, ancora sconosciuto alla scienza, Sarkar lo definisce come &#8220;La misteriosa emanazione del Fattore Cosmico&#8221;. Questo microvitum se \u00e8 l&#8217;emanazione del Fattore Cosmico, potrebbe assurgere a mezzo attraverso cui la Mente Cosmica si pu\u00f2 relazionare e controllare il Cosmo fisico&#8230;<\/p>\n<p style=\"text-align: left;\">Scrive Sarkar: <em>&#8220;Ci sono entit\u00e0 che rientrano nel regno delle espressioni sia fisiche sia psichiche che sono pi\u00f9 piccole o pi\u00f9 sottili degli atomi, elettroni o protoni, e nella sfera psichica possono essere pi\u00f9 sottili dell&#8217;ectoplasma. Per tali oggetti o per tali entit\u00e0 io uso il termine &#8220;microvitum&#8221;. Questo Microvitum, o Microvita al plurale, non sono di ordine protoplasmatico, e come tali hanno poco a che fare con le molecole di carbonio o gli atomi di carbonio, che sono trattati come elementi iniziali o la fase iniziale della vita in questo universo. Per quanto riguarda la fisicit\u00e0, la posizione di questi Microvita \u00e8 tra l&#8217;ectoplasma e l&#8217;elettrone, ma non sono n\u00e9 ectoplasma n\u00e9 elettron<\/em>i&#8221;<\/p>\n<p class=\"Testo12V\" style=\"text-align: left;\"><strong>Tipi di Microvitum<\/strong><br \/>\nSarkar delinea tre tipi di Microvitum:<\/p>\n<ul>\n<li class=\"Testo12V\" style=\"text-align: left;\"><strong>a &#8211;<\/strong>&nbsp;un tipo <span style=\"color: #0000ff;\">grossolano<\/span> visibile da un potente microscopio,<\/li>\n<li class=\"Testo12V\" style=\"text-align: left;\"><strong>b &#8211;<\/strong>&nbsp;un tipo <span style=\"color: #0000ff;\">conoscibile attraverso i suoi effetti<\/span> (inferenze) e<\/li>\n<li class=\"Testo12V\" style=\"text-align: left;\"><strong>c &#8211;<\/strong>&nbsp;un altro tipo sottile, <span style=\"color: #0000ff;\">&#8216;concepibile&#8217;<\/span> solo da una mente molto sviluppata, attraverso una particolare forma di percezione.<\/li>\n<\/ul>\n<p style=\"text-align: left;\"><strong>a.<\/strong> In pratica il tipo pi\u00f9 grossolano \u00e8 <span style=\"color: #3366ff;\">ci\u00f2 che noi definiamo con una connotazione negativa, VIRUS<\/span>. Ma i Virus per Sarkar non sono solo agenti negativi, sarebbero i responsabili dell&#8217;avvento della vita su questo pianeta e dell&#8217;evoluzione stessa.<br \/>\nIn effetti la presenza di circa 500 virus conosciuti, nel DNA umano, potrebbe avere implicazioni notevoli nel delineare le modalit\u00e0 dell&#8217;Evoluzione. <em>(Vedi Richard Gauthier)<\/em><\/p>\n<p style=\"text-align: left;\"><strong>Il Microvita<\/strong><br \/>\nMicrovita \u00e8 un insieme di Microvitum, che si associano assumendo caratteristiche particolari sia sul piano inferenziale sia sul piano delle formule chimiche.<br \/>\n<span style=\"color: #cc0000;\"><br \/>\nFormule chimiche<\/span><br \/>\nSarkar infatti asserisce che nell&#8217;<span style=\"color: #0000ff;\">era della Microvita<\/span>, le formule chimiche cambieranno la propria nomenclatura. Ad esempio FeSO4 il (solfato di ferro)&nbsp;si scriver\u00e0: FeSO4 + 20 milioni di microvita tipo A o tipo B&#8230; La formula sar\u00e0 pi\u00f9 lunga ma maggiormente descrittiva delle qualit\u00e0 del composto.<\/p>\n<p style=\"text-align: left;\">In effetti si \u00e8 notato che alcune reazioni chimiche create con elementi di formula chimica uguale, ma provenienti da regioni diverse del globo, hanno reazioni diverse. Il che, afferma Sarkar \u00e8 da imputare alla diversa quantit\u00e0 e tipo di Microvita presente in essi. La Microvita sarebbe responsabile della diversa natura e attivit\u00e0 dei composti con medesima formula chimica. Gli atomi hanno infatti una composizione fissa, ma natura interna a volte diversa, ci\u00f2 dipende dalla qualit\u00e0 e quantit\u00e0 di Microvita in essi presente.<\/p>\n<p style=\"text-align: left;\">Per ci\u00f2 che riguarda possibili ricerche, Sarkar suggerisce di iniziare dai <strong>Batteri della fermentazione<\/strong>, dai gruppi sanguigni, &#8230;<\/p>\n<hr>\n<p><strong>Citazioni di Sarkar:<\/strong><\/p>\n<p>Il latte si trasforma in yogurt grazie ai&nbsp;microvita. Per circa quarantotto ore, i microvita rimangono in forma positiva. Ma se lo yogurt resta esposto al calore per pi\u00f9 di 48 ore, i microvita positivi si decompongono e si trasformano in microvita negativi. Questo \u00e8 il motivo per cui lo yogurt pu\u00f2 essere consumato fino a 48 ore dopo, che \u00e8 diventato edibileo pronto per il consumo. Quando lo yogurt emette un odore rancido, \u00e8 inadatto al consumo umano, perch\u00e9 \u00e8 infestato da microvita negativi. Finch\u00e9 ci sono microvita positivi lo yogurt \u00e8 pi\u00f9 salutare e&nbsp;nutriente del latte.<\/p>\n<hr>\n<p>&nbsp;<\/p>\n<hr>\n<p style=\"text-align: left;\"><strong>Vedere il libro:<\/strong> <span style=\"color: #3366ff;\">Microvitum: La misteriosa emanazione del Fattore Cosmico<\/span> (Ananda Marga Publications)<\/p>\n<p><strong>Sito ufficiale Microvita Research<\/strong>: <a href=\"http:\/\/microvita.org\/\">http:\/\/microvita.org\/<\/a><\/p>\n<p><strong>Sito Ricerca Medica Microvita:&nbsp;<\/strong><a href=\"http:\/\/microvitamedresearch.com\/index.html\" target=\"_blank\" rel=\"noopener noreferrer\">http:\/\/microvitamedresearch.com\/index.html<\/a><\/p>\n","protected":false},"excerpt":{"rendered":"<p>MICROVITUM: la misteriosa emanazione&nbsp;del Fattore Cosmico di P.R. Sarkar &nbsp; La Teoria di Sarkar sulla costituzione della Materia e l&#8217;Inizio della Vita nell&#8217;Universo. Sito Internazionale&nbsp;Microvita &nbsp; Premessa In una conferenza, a cui ho assistito personalmente in India, P.R. Sarkar ha elogiato la fisica moderna, ma allo stesso tempo ha descritto <span class=\"excerpt-dots\">&hellip;<\/span> <a class=\"more-link\" href=\"https:\/\/irprout.it\/?page_id=949\"><span class=\"more-msg\">Continua a leggere<\/span><\/a><\/p>\n","protected":false},"author":3,"featured_media":0,"parent":0,"menu_order":0,"comment_status":"closed","ping_status":"closed","template":"","meta":{"ngg_post_thumbnail":0,"footnotes":""},"class_list":["post-949","page","type-page","status-publish","hentry"],"yoast_head":"<!-- This site is optimized with the Yoast SEO plugin v26.6 - https:\/\/yoast.com\/wordpress\/plugins\/seo\/ -->\n<title>LA TEORIA MICROVITA - Istituto di Ricerca Prout<\/title>\n<meta name=\"robots\" content=\"index, follow, max-snippet:-1, max-image-preview:large, max-video-preview:-1\" \/>\n<link rel=\"canonical\" href=\"https:\/\/irprout.it\/?page_id=949\" \/>\n<meta property=\"og:locale\" content=\"it_IT\" \/>\n<meta property=\"og:type\" content=\"article\" \/>\n<meta property=\"og:title\" content=\"LA TEORIA MICROVITA - Istituto di Ricerca Prout\" \/>\n<meta property=\"og:description\" content=\"MICROVITUM: la misteriosa emanazione&nbsp;del Fattore Cosmico di P.R. Sarkar &nbsp; La Teoria di Sarkar sulla costituzione della Materia e l&#8217;Inizio della Vita nell&#8217;Universo. Sito Internazionale&nbsp;Microvita &nbsp; Premessa In una conferenza, a cui ho assistito personalmente in India, P.R. Sarkar ha elogiato la fisica moderna, ma allo stesso tempo ha descritto &hellip; Continua a leggere\" \/>\n<meta property=\"og:url\" content=\"https:\/\/irprout.it\/?page_id=949\" \/>\n<meta property=\"og:site_name\" content=\"Istituto di Ricerca Prout\" \/>\n<meta property=\"article:modified_time\" content=\"2020-03-28T11:57:58+00:00\" \/>\n<meta property=\"og:image\" content=\"http:\/\/irprout.it\/wp-content\/uploads\/2014\/09\/sarkar2.png\" \/>\n<meta name=\"twitter:label1\" content=\"Tempo di lettura stimato\" \/>\n\t<meta name=\"twitter:data1\" content=\"4 minuti\" \/>\n<script type=\"application\/ld+json\" class=\"yoast-schema-graph\">{\"@context\":\"https:\/\/schema.org\",\"@graph\":[{\"@type\":\"WebPage\",\"@id\":\"https:\/\/irprout.it\/?page_id=949\",\"url\":\"https:\/\/irprout.it\/?page_id=949\",\"name\":\"LA TEORIA MICROVITA - Istituto di Ricerca Prout\",\"isPartOf\":{\"@id\":\"https:\/\/irprout.it\/#website\"},\"primaryImageOfPage\":{\"@id\":\"https:\/\/irprout.it\/?page_id=949#primaryimage\"},\"image\":{\"@id\":\"https:\/\/irprout.it\/?page_id=949#primaryimage\"},\"thumbnailUrl\":\"http:\/\/irprout.it\/wp-content\/uploads\/2014\/09\/sarkar2.png\",\"datePublished\":\"2014-10-26T16:11:11+00:00\",\"dateModified\":\"2020-03-28T11:57:58+00:00\",\"breadcrumb\":{\"@id\":\"https:\/\/irprout.it\/?page_id=949#breadcrumb\"},\"inLanguage\":\"it-IT\",\"potentialAction\":[{\"@type\":\"ReadAction\",\"target\":[\"https:\/\/irprout.it\/?page_id=949\"]}]},{\"@type\":\"ImageObject\",\"inLanguage\":\"it-IT\",\"@id\":\"https:\/\/irprout.it\/?page_id=949#primaryimage\",\"url\":\"https:\/\/irprout.it\/wp-content\/uploads\/2014\/09\/sarkar2.png\",\"contentUrl\":\"https:\/\/irprout.it\/wp-content\/uploads\/2014\/09\/sarkar2.png\",\"width\":150,\"height\":183},{\"@type\":\"BreadcrumbList\",\"@id\":\"https:\/\/irprout.it\/?page_id=949#breadcrumb\",\"itemListElement\":[{\"@type\":\"ListItem\",\"position\":1,\"name\":\"Home\",\"item\":\"https:\/\/irprout.it\/\"},{\"@type\":\"ListItem\",\"position\":2,\"name\":\"LA TEORIA MICROVITA\"}]},{\"@type\":\"WebSite\",\"@id\":\"https:\/\/irprout.it\/#website\",\"url\":\"https:\/\/irprout.it\/\",\"name\":\"Istituto di Ricerca Prout\",\"description\":\"Istituto di Ricerca Prout\",\"publisher\":{\"@id\":\"https:\/\/irprout.it\/#organization\"},\"potentialAction\":[{\"@type\":\"SearchAction\",\"target\":{\"@type\":\"EntryPoint\",\"urlTemplate\":\"https:\/\/irprout.it\/?s={search_term_string}\"},\"query-input\":{\"@type\":\"PropertyValueSpecification\",\"valueRequired\":true,\"valueName\":\"search_term_string\"}}],\"inLanguage\":\"it-IT\"},{\"@type\":\"Organization\",\"@id\":\"https:\/\/irprout.it\/#organization\",\"name\":\"Istituto di Ricerca Prout\",\"url\":\"https:\/\/irprout.it\/\",\"logo\":{\"@type\":\"ImageObject\",\"inLanguage\":\"it-IT\",\"@id\":\"https:\/\/irprout.it\/#\/schema\/logo\/image\/\",\"url\":\"http:\/\/irprout.it\/wp-content\/uploads\/2014\/10\/logo_IRP_albero300Cor.jpg\",\"contentUrl\":\"http:\/\/irprout.it\/wp-content\/uploads\/2014\/10\/logo_IRP_albero300Cor.jpg\",\"width\":303,\"height\":304,\"caption\":\"Istituto di Ricerca Prout\"},\"image\":{\"@id\":\"https:\/\/irprout.it\/#\/schema\/logo\/image\/\"}}]}<\/script>\n<!-- \/ Yoast SEO plugin. -->","yoast_head_json":{"title":"LA TEORIA MICROVITA - Istituto di Ricerca Prout","robots":{"index":"index","follow":"follow","max-snippet":"max-snippet:-1","max-image-preview":"max-image-preview:large","max-video-preview":"max-video-preview:-1"},"canonical":"https:\/\/irprout.it\/?page_id=949","og_locale":"it_IT","og_type":"article","og_title":"LA TEORIA MICROVITA - Istituto di Ricerca Prout","og_description":"MICROVITUM: la misteriosa emanazione&nbsp;del Fattore Cosmico di P.R. Sarkar &nbsp; La Teoria di Sarkar sulla costituzione della Materia e l&#8217;Inizio della Vita nell&#8217;Universo. Sito Internazionale&nbsp;Microvita &nbsp; Premessa In una conferenza, a cui ho assistito personalmente in India, P.R. Sarkar ha elogiato la fisica moderna, ma allo stesso tempo ha descritto &hellip; Continua a leggere","og_url":"https:\/\/irprout.it\/?page_id=949","og_site_name":"Istituto di Ricerca Prout","article_modified_time":"2020-03-28T11:57:58+00:00","og_image":[{"url":"http:\/\/irprout.it\/wp-content\/uploads\/2014\/09\/sarkar2.png","type":"","width":"","height":""}],"twitter_misc":{"Tempo di lettura stimato":"4 minuti"},"schema":{"@context":"https:\/\/schema.org","@graph":[{"@type":"WebPage","@id":"https:\/\/irprout.it\/?page_id=949","url":"https:\/\/irprout.it\/?page_id=949","name":"LA TEORIA MICROVITA - Istituto di Ricerca Prout","isPartOf":{"@id":"https:\/\/irprout.it\/#website"},"primaryImageOfPage":{"@id":"https:\/\/irprout.it\/?page_id=949#primaryimage"},"image":{"@id":"https:\/\/irprout.it\/?page_id=949#primaryimage"},"thumbnailUrl":"http:\/\/irprout.it\/wp-content\/uploads\/2014\/09\/sarkar2.png","datePublished":"2014-10-26T16:11:11+00:00","dateModified":"2020-03-28T11:57:58+00:00","breadcrumb":{"@id":"https:\/\/irprout.it\/?page_id=949#breadcrumb"},"inLanguage":"it-IT","potentialAction":[{"@type":"ReadAction","target":["https:\/\/irprout.it\/?page_id=949"]}]},{"@type":"ImageObject","inLanguage":"it-IT","@id":"https:\/\/irprout.it\/?page_id=949#primaryimage","url":"https:\/\/irprout.it\/wp-content\/uploads\/2014\/09\/sarkar2.png","contentUrl":"https:\/\/irprout.it\/wp-content\/uploads\/2014\/09\/sarkar2.png","width":150,"height":183},{"@type":"BreadcrumbList","@id":"https:\/\/irprout.it\/?page_id=949#breadcrumb","itemListElement":[{"@type":"ListItem","position":1,"name":"Home","item":"https:\/\/irprout.it\/"},{"@type":"ListItem","position":2,"name":"LA TEORIA MICROVITA"}]},{"@type":"WebSite","@id":"https:\/\/irprout.it\/#website","url":"https:\/\/irprout.it\/","name":"Istituto di Ricerca Prout","description":"Istituto di Ricerca Prout","publisher":{"@id":"https:\/\/irprout.it\/#organization"},"potentialAction":[{"@type":"SearchAction","target":{"@type":"EntryPoint","urlTemplate":"https:\/\/irprout.it\/?s={search_term_string}"},"query-input":{"@type":"PropertyValueSpecification","valueRequired":true,"valueName":"search_term_string"}}],"inLanguage":"it-IT"},{"@type":"Organization","@id":"https:\/\/irprout.it\/#organization","name":"Istituto di Ricerca Prout","url":"https:\/\/irprout.it\/","logo":{"@type":"ImageObject","inLanguage":"it-IT","@id":"https:\/\/irprout.it\/#\/schema\/logo\/image\/","url":"http:\/\/irprout.it\/wp-content\/uploads\/2014\/10\/logo_IRP_albero300Cor.jpg","contentUrl":"http:\/\/irprout.it\/wp-content\/uploads\/2014\/10\/logo_IRP_albero300Cor.jpg","width":303,"height":304,"caption":"Istituto di Ricerca Prout"},"image":{"@id":"https:\/\/irprout.it\/#\/schema\/logo\/image\/"}}]}},"_links":{"self":[{"href":"https:\/\/irprout.it\/index.php?rest_route=\/wp\/v2\/pages\/949","targetHints":{"allow":["GET"]}}],"collection":[{"href":"https:\/\/irprout.it\/index.php?rest_route=\/wp\/v2\/pages"}],"about":[{"href":"https:\/\/irprout.it\/index.php?rest_route=\/wp\/v2\/types\/page"}],"author":[{"embeddable":true,"href":"https:\/\/irprout.it\/index.php?rest_route=\/wp\/v2\/users\/3"}],"replies":[{"embeddable":true,"href":"https:\/\/irprout.it\/index.php?rest_route=%2Fwp%2Fv2%2Fcomments&post=949"}],"version-history":[{"count":28,"href":"https:\/\/irprout.it\/index.php?rest_route=\/wp\/v2\/pages\/949\/revisions"}],"predecessor-version":[{"id":5442,"href":"https:\/\/irprout.it\/index.php?rest_route=\/wp\/v2\/pages\/949\/revisions\/5442"}],"wp:attachment":[{"href":"https:\/\/irprout.it\/index.php?rest_route=%2Fwp%2Fv2%2Fmedia&parent=949"}],"curies":[{"name":"wp","href":"https:\/\/api.w.org\/{rel}","templated":true}]}}