{"id":972,"date":"2014-10-26T17:01:33","date_gmt":"2014-10-26T17:01:33","guid":{"rendered":"http:\/\/irprout.it\/?page_id=972"},"modified":"2020-03-28T12:59:15","modified_gmt":"2020-03-28T11:59:15","slug":"972-2","status":"publish","type":"page","link":"https:\/\/irprout.it\/?page_id=972","title":{"rendered":"Modello Superluminale Elicoidale dell&#8217;Elettrone e del Fotone"},"content":{"rendered":"<h2><span style=\"color: #993300;\">Ipotesi sulla Struttura dell&#8217;Elettrone e del Fotone<\/span><\/h2>\n<hr>\n<h2>&nbsp;<\/h2>\n<div align=\"center\">\n<p><a href=\"https:\/\/irprout.it\/wp-content\/uploads\/2014\/10\/rgautier.jpg\"><img decoding=\"async\" class=\"alignleft size-full wp-image-981 lazyload\" data-src=\"https:\/\/irprout.it\/wp-content\/uploads\/2014\/10\/rgautier.jpg\" alt=\"rgautier\" width=\"86\" height=\"105\" src=\"data:image\/svg+xml;base64,PHN2ZyB3aWR0aD0iMSIgaGVpZ2h0PSIxIiB4bWxucz0iaHR0cDovL3d3dy53My5vcmcvMjAwMC9zdmciPjwvc3ZnPg==\" style=\"--smush-placeholder-width: 86px; --smush-placeholder-aspect-ratio: 86\/105;\"><\/a><\/p>\n<p><span style=\"color: #808080;\"><em><span style=\"font-size: 12pt; font-family: tahoma, arial, helvetica, sans-serif;\">Richard Gautier, ha lavorato estensivamente sulla teoria Microvita elaborando alcune ipotesi, sul &#8220;Modello Elicoidale Superluminale per l&#8217;Elettrone e il Protone&#8221;, e&#8221;Microvita e l&#8217;origine della Vita&#8221; che descrive in dettaglio nel suo libro. Ipotesi interessanti, non prove, ma che possono aprire nuove strade di indagine per la Fisica e la Biologia<\/span><\/em><\/span><\/p>\n<hr>\n<p>&nbsp;<\/p>\n<table border=\"0\" cellspacing=\"0\" cellpadding=\"0\" bgcolor=\"#ffffff\">\n<tbody>\n<tr valign=\"middle\">\n<td class=\"Testp11V\" colspan=\"4\" valign=\"middle\"><span style=\"color: #b81f1f;\">Anticipiamo un estratto del lavoro di Gauthier che descrive l&#8217;ipotetica&nbsp;forma e le propriet\u00e0 del Fotone, la forma e le propriet\u00e0 dell&#8217;Elettrone. Vi sono alcune teorie gi\u00e0 formulate sulla &#8216;forma dell&#8217;elettrone&#8217;; presentata al Congresso <strong>Gauss<\/strong>, in Germania.<\/span><\/td>\n<\/tr>\n<\/tbody>\n<\/table>\n<p style=\"text-align: left;\"><a href=\"https:\/\/irprout.it\/wp-content\/uploads\/2014\/10\/elicoidale.gif\"><img decoding=\"async\" class=\"alignleft size-full wp-image-990 lazyload\" data-src=\"https:\/\/irprout.it\/wp-content\/uploads\/2014\/10\/elicoidale.gif\" alt=\"elicoidale\" width=\"678\" height=\"914\" src=\"data:image\/svg+xml;base64,PHN2ZyB3aWR0aD0iMSIgaGVpZ2h0PSIxIiB4bWxucz0iaHR0cDovL3d3dy53My5vcmcvMjAwMC9zdmciPjwvc3ZnPg==\" style=\"--smush-placeholder-width: 678px; --smush-placeholder-aspect-ratio: 678\/914;\"><\/a><\/p>\n<p style=\"text-align: left;\">&nbsp;Scarica l&#8217;Articolo Completo<\/p>\n<\/div>\n","protected":false},"excerpt":{"rendered":"<p>Ipotesi sulla Struttura dell&#8217;Elettrone e del Fotone &nbsp; Richard Gautier, ha lavorato estensivamente sulla teoria Microvita elaborando alcune ipotesi, sul &#8220;Modello Elicoidale Superluminale per l&#8217;Elettrone e il Protone&#8221;, e&#8221;Microvita e l&#8217;origine della Vita&#8221; che descrive in dettaglio nel suo libro. Ipotesi interessanti, non prove, ma che possono aprire nuove strade <span class=\"excerpt-dots\">&hellip;<\/span> <a class=\"more-link\" href=\"https:\/\/irprout.it\/?page_id=972\"><span class=\"more-msg\">Continua a leggere<\/span><\/a><\/p>\n","protected":false},"author":3,"featured_media":0,"parent":0,"menu_order":0,"comment_status":"closed","ping_status":"closed","template":"","meta":{"ngg_post_thumbnail":0,"footnotes":""},"class_list":["post-972","page","type-page","status-publish","hentry"],"yoast_head":"<!-- This site is optimized with the Yoast SEO plugin v26.6 - https:\/\/yoast.com\/wordpress\/plugins\/seo\/ -->\n<title>Modello Superluminale Elicoidale dell&#039;Elettrone e del Fotone - Istituto di Ricerca Prout<\/title>\n<meta name=\"robots\" content=\"index, follow, max-snippet:-1, max-image-preview:large, max-video-preview:-1\" \/>\n<link rel=\"canonical\" href=\"https:\/\/irprout.it\/?page_id=972\" \/>\n<meta property=\"og:locale\" content=\"it_IT\" \/>\n<meta property=\"og:type\" content=\"article\" \/>\n<meta property=\"og:title\" content=\"Modello Superluminale Elicoidale dell&#039;Elettrone e del Fotone - Istituto di Ricerca Prout\" \/>\n<meta property=\"og:description\" content=\"Ipotesi sulla Struttura dell&#8217;Elettrone e del Fotone &nbsp; Richard Gautier, ha lavorato estensivamente sulla teoria Microvita elaborando alcune ipotesi, sul &#8220;Modello Elicoidale Superluminale per l&#8217;Elettrone e il Protone&#8221;, e&#8221;Microvita e l&#8217;origine della Vita&#8221; che descrive in dettaglio nel suo libro. Ipotesi interessanti, non prove, ma che possono aprire nuove strade &hellip; Continua a leggere\" \/>\n<meta property=\"og:url\" content=\"https:\/\/irprout.it\/?page_id=972\" \/>\n<meta property=\"og:site_name\" content=\"Istituto di Ricerca Prout\" \/>\n<meta property=\"article:modified_time\" content=\"2020-03-28T11:59:15+00:00\" \/>\n<meta property=\"og:image\" content=\"http:\/\/irprout.it\/wp-content\/uploads\/2014\/10\/rgautier.jpg\" \/>\n<meta name=\"twitter:label1\" content=\"Tempo di lettura stimato\" \/>\n\t<meta name=\"twitter:data1\" content=\"1 minuto\" \/>\n<script type=\"application\/ld+json\" class=\"yoast-schema-graph\">{\"@context\":\"https:\/\/schema.org\",\"@graph\":[{\"@type\":\"WebPage\",\"@id\":\"https:\/\/irprout.it\/?page_id=972\",\"url\":\"https:\/\/irprout.it\/?page_id=972\",\"name\":\"Modello Superluminale Elicoidale dell'Elettrone e del Fotone - Istituto di Ricerca Prout\",\"isPartOf\":{\"@id\":\"https:\/\/irprout.it\/#website\"},\"primaryImageOfPage\":{\"@id\":\"https:\/\/irprout.it\/?page_id=972#primaryimage\"},\"image\":{\"@id\":\"https:\/\/irprout.it\/?page_id=972#primaryimage\"},\"thumbnailUrl\":\"http:\/\/irprout.it\/wp-content\/uploads\/2014\/10\/rgautier.jpg\",\"datePublished\":\"2014-10-26T17:01:33+00:00\",\"dateModified\":\"2020-03-28T11:59:15+00:00\",\"breadcrumb\":{\"@id\":\"https:\/\/irprout.it\/?page_id=972#breadcrumb\"},\"inLanguage\":\"it-IT\",\"potentialAction\":[{\"@type\":\"ReadAction\",\"target\":[\"https:\/\/irprout.it\/?page_id=972\"]}]},{\"@type\":\"ImageObject\",\"inLanguage\":\"it-IT\",\"@id\":\"https:\/\/irprout.it\/?page_id=972#primaryimage\",\"url\":\"http:\/\/irprout.it\/wp-content\/uploads\/2014\/10\/rgautier.jpg\",\"contentUrl\":\"http:\/\/irprout.it\/wp-content\/uploads\/2014\/10\/rgautier.jpg\"},{\"@type\":\"BreadcrumbList\",\"@id\":\"https:\/\/irprout.it\/?page_id=972#breadcrumb\",\"itemListElement\":[{\"@type\":\"ListItem\",\"position\":1,\"name\":\"Home\",\"item\":\"https:\/\/irprout.it\/\"},{\"@type\":\"ListItem\",\"position\":2,\"name\":\"Modello Superluminale Elicoidale dell&#8217;Elettrone e del Fotone\"}]},{\"@type\":\"WebSite\",\"@id\":\"https:\/\/irprout.it\/#website\",\"url\":\"https:\/\/irprout.it\/\",\"name\":\"Istituto di Ricerca Prout\",\"description\":\"Istituto di Ricerca Prout\",\"publisher\":{\"@id\":\"https:\/\/irprout.it\/#organization\"},\"potentialAction\":[{\"@type\":\"SearchAction\",\"target\":{\"@type\":\"EntryPoint\",\"urlTemplate\":\"https:\/\/irprout.it\/?s={search_term_string}\"},\"query-input\":{\"@type\":\"PropertyValueSpecification\",\"valueRequired\":true,\"valueName\":\"search_term_string\"}}],\"inLanguage\":\"it-IT\"},{\"@type\":\"Organization\",\"@id\":\"https:\/\/irprout.it\/#organization\",\"name\":\"Istituto di Ricerca Prout\",\"url\":\"https:\/\/irprout.it\/\",\"logo\":{\"@type\":\"ImageObject\",\"inLanguage\":\"it-IT\",\"@id\":\"https:\/\/irprout.it\/#\/schema\/logo\/image\/\",\"url\":\"http:\/\/irprout.it\/wp-content\/uploads\/2014\/10\/logo_IRP_albero300Cor.jpg\",\"contentUrl\":\"http:\/\/irprout.it\/wp-content\/uploads\/2014\/10\/logo_IRP_albero300Cor.jpg\",\"width\":303,\"height\":304,\"caption\":\"Istituto di Ricerca Prout\"},\"image\":{\"@id\":\"https:\/\/irprout.it\/#\/schema\/logo\/image\/\"}}]}<\/script>\n<!-- \/ Yoast SEO plugin. -->","yoast_head_json":{"title":"Modello Superluminale Elicoidale dell'Elettrone e del Fotone - Istituto di Ricerca Prout","robots":{"index":"index","follow":"follow","max-snippet":"max-snippet:-1","max-image-preview":"max-image-preview:large","max-video-preview":"max-video-preview:-1"},"canonical":"https:\/\/irprout.it\/?page_id=972","og_locale":"it_IT","og_type":"article","og_title":"Modello Superluminale Elicoidale dell'Elettrone e del Fotone - Istituto di Ricerca Prout","og_description":"Ipotesi sulla Struttura dell&#8217;Elettrone e del Fotone &nbsp; Richard Gautier, ha lavorato estensivamente sulla teoria Microvita elaborando alcune ipotesi, sul &#8220;Modello Elicoidale Superluminale per l&#8217;Elettrone e il Protone&#8221;, e&#8221;Microvita e l&#8217;origine della Vita&#8221; che descrive in dettaglio nel suo libro. Ipotesi interessanti, non prove, ma che possono aprire nuove strade &hellip; Continua a leggere","og_url":"https:\/\/irprout.it\/?page_id=972","og_site_name":"Istituto di Ricerca Prout","article_modified_time":"2020-03-28T11:59:15+00:00","og_image":[{"url":"http:\/\/irprout.it\/wp-content\/uploads\/2014\/10\/rgautier.jpg","type":"","width":"","height":""}],"twitter_misc":{"Tempo di lettura stimato":"1 minuto"},"schema":{"@context":"https:\/\/schema.org","@graph":[{"@type":"WebPage","@id":"https:\/\/irprout.it\/?page_id=972","url":"https:\/\/irprout.it\/?page_id=972","name":"Modello Superluminale Elicoidale dell'Elettrone e del Fotone - Istituto di Ricerca Prout","isPartOf":{"@id":"https:\/\/irprout.it\/#website"},"primaryImageOfPage":{"@id":"https:\/\/irprout.it\/?page_id=972#primaryimage"},"image":{"@id":"https:\/\/irprout.it\/?page_id=972#primaryimage"},"thumbnailUrl":"http:\/\/irprout.it\/wp-content\/uploads\/2014\/10\/rgautier.jpg","datePublished":"2014-10-26T17:01:33+00:00","dateModified":"2020-03-28T11:59:15+00:00","breadcrumb":{"@id":"https:\/\/irprout.it\/?page_id=972#breadcrumb"},"inLanguage":"it-IT","potentialAction":[{"@type":"ReadAction","target":["https:\/\/irprout.it\/?page_id=972"]}]},{"@type":"ImageObject","inLanguage":"it-IT","@id":"https:\/\/irprout.it\/?page_id=972#primaryimage","url":"http:\/\/irprout.it\/wp-content\/uploads\/2014\/10\/rgautier.jpg","contentUrl":"http:\/\/irprout.it\/wp-content\/uploads\/2014\/10\/rgautier.jpg"},{"@type":"BreadcrumbList","@id":"https:\/\/irprout.it\/?page_id=972#breadcrumb","itemListElement":[{"@type":"ListItem","position":1,"name":"Home","item":"https:\/\/irprout.it\/"},{"@type":"ListItem","position":2,"name":"Modello Superluminale Elicoidale dell&#8217;Elettrone e del Fotone"}]},{"@type":"WebSite","@id":"https:\/\/irprout.it\/#website","url":"https:\/\/irprout.it\/","name":"Istituto di Ricerca Prout","description":"Istituto di Ricerca Prout","publisher":{"@id":"https:\/\/irprout.it\/#organization"},"potentialAction":[{"@type":"SearchAction","target":{"@type":"EntryPoint","urlTemplate":"https:\/\/irprout.it\/?s={search_term_string}"},"query-input":{"@type":"PropertyValueSpecification","valueRequired":true,"valueName":"search_term_string"}}],"inLanguage":"it-IT"},{"@type":"Organization","@id":"https:\/\/irprout.it\/#organization","name":"Istituto di Ricerca Prout","url":"https:\/\/irprout.it\/","logo":{"@type":"ImageObject","inLanguage":"it-IT","@id":"https:\/\/irprout.it\/#\/schema\/logo\/image\/","url":"http:\/\/irprout.it\/wp-content\/uploads\/2014\/10\/logo_IRP_albero300Cor.jpg","contentUrl":"http:\/\/irprout.it\/wp-content\/uploads\/2014\/10\/logo_IRP_albero300Cor.jpg","width":303,"height":304,"caption":"Istituto di Ricerca Prout"},"image":{"@id":"https:\/\/irprout.it\/#\/schema\/logo\/image\/"}}]}},"_links":{"self":[{"href":"https:\/\/irprout.it\/index.php?rest_route=\/wp\/v2\/pages\/972","targetHints":{"allow":["GET"]}}],"collection":[{"href":"https:\/\/irprout.it\/index.php?rest_route=\/wp\/v2\/pages"}],"about":[{"href":"https:\/\/irprout.it\/index.php?rest_route=\/wp\/v2\/types\/page"}],"author":[{"embeddable":true,"href":"https:\/\/irprout.it\/index.php?rest_route=\/wp\/v2\/users\/3"}],"replies":[{"embeddable":true,"href":"https:\/\/irprout.it\/index.php?rest_route=%2Fwp%2Fv2%2Fcomments&post=972"}],"version-history":[{"count":15,"href":"https:\/\/irprout.it\/index.php?rest_route=\/wp\/v2\/pages\/972\/revisions"}],"predecessor-version":[{"id":5444,"href":"https:\/\/irprout.it\/index.php?rest_route=\/wp\/v2\/pages\/972\/revisions\/5444"}],"wp:attachment":[{"href":"https:\/\/irprout.it\/index.php?rest_route=%2Fwp%2Fv2%2Fmedia&parent=972"}],"curies":[{"name":"wp","href":"https:\/\/api.w.org\/{rel}","templated":true}]}}